{"id":9139,"date":"2022-08-13T17:36:42","date_gmt":"2022-08-13T15:36:42","guid":{"rendered":"https:\/\/chefpastry-aventure-gourmande.geekworkers.dev\/?post_type=product&#038;p=9139"},"modified":"2023-03-01T14:49:58","modified_gmt":"2023-03-01T13:49:58","slug":"tampon-love-chocolat-decor-martellato","status":"publish","type":"product","link":"https:\/\/chefpastry.ch\/de\/produkt\/tampon-love-chocolat-decor-martellato\/","title":{"rendered":"TAMPON LOVE"},"content":{"rendered":"<p>R\u00e9alise un motif unique en chocolat temp\u00e9r\u00e9. Vous pouvez l&rsquo;utiliser pour vos d\u00e9cors sur des g\u00e2teaux, des cupcakes, des mousses ou d&rsquo;autres desserts.<\/p>\n<p>Dieses raffinierte Detail wird das Highlight deiner Desserts sein.<\/p>\n<p>Regie und Design: Frank Haasnoot.<\/p>\n<p><strong>Gro\u00df:<\/strong><br \/>\nFarbe: Schwarz<br \/>\nProduktgr\u00f6\u00dfe: \u00d8 60 h 90 mm<br \/>\nGr\u00f6\u00dfe der Briefmarke: \u00d8 6 cm<br \/>\nTeile in der Packung: 1 pc<\/p>\n<p><strong>Klein:<\/strong><br \/>\nFarbe: Schwarz<br \/>\nProduktgr\u00f6\u00dfe: \u00d8 30 h 90 mm<br \/>\nGr\u00f6\u00dfe der Briefmarke: \u00d8 3 cm<br \/>\nTeile in der Packung: 1 pc<\/p>","protected":false},"excerpt":{"rendered":"<p>Avec ce tampon, r\u00e9alise un motif unique et sucr\u00e9 dans du chocolat temp\u00e9r\u00e9. Vous pouvez utiliser ce tampon sur des g\u00e2teaux, des cupcakes, des mousses ou d&rsquo;autres desserts.<\/p>","protected":false},"featured_media":9146,"comment_status":"open","ping_status":"closed","template":"","meta":{"_jet_sm_ready_style":"","_jet_sm_style":"","_jet_sm_controls_values":"","_jet_sm_fonts_collection":"","_jet_sm_fonts_links":"","_joinchat":[]},"product_brand":[],"product_cat":[24,53,50,184],"product_tag":[],"class_list":{"0":"post-9139","1":"product","2":"type-product","3":"status-publish","4":"has-post-thumbnail","6":"product_cat-accessoires","7":"product_cat-chocolats","8":"product_cat-decoration","9":"product_cat-stvalentin","10":"pa_declinaison-grand","11":"pa_declinaison-petit","13":"first","14":"instock","15":"taxable","16":"shipping-taxable","17":"purchasable","18":"product-type-variable"},"yoast_head":"<!-- This site is optimized with the Yoast SEO plugin v27.0 - https:\/\/yoast.com\/product\/yoast-seo-wordpress\/ -->\n<title>TAMPON LOVE - Chef Pastry<\/title>\n<meta name=\"description\" content=\"Avec ce tampon, r\u00e9alise un d\u00e9cor love unique dans du chocolat temp\u00e9r\u00e9. Vous pouvez utiliser ce tampon sur des g\u00e2teaux, des cupcakes, etc...\" \/>\n<meta name=\"robots\" content=\"index, follow, max-snippet:-1, max-image-preview:large, max-video-preview:-1\" \/>\n<link rel=\"canonical\" href=\"https:\/\/chefpastry.ch\/de\/produkt\/tampon-love-chocolat-decor-martellato\/\" \/>\n<meta property=\"og:locale\" content=\"de_DE\" \/>\n<meta property=\"og:type\" content=\"article\" \/>\n<meta property=\"og:title\" content=\"TAMPON LOVE - Chef Pastry\" \/>\n<meta property=\"og:description\" content=\"Avec ce tampon, r\u00e9alise un d\u00e9cor love unique dans du chocolat temp\u00e9r\u00e9. Vous pouvez utiliser ce tampon sur des g\u00e2teaux, des cupcakes, etc...\" \/>\n<meta property=\"og:url\" content=\"https:\/\/chefpastry.ch\/de\/produkt\/tampon-love-chocolat-decor-martellato\/\" \/>\n<meta property=\"og:site_name\" content=\"Chef Pastry\" \/>\n<meta property=\"article:modified_time\" content=\"2023-03-01T13:49:58+00:00\" \/>\n<meta property=\"og:image\" content=\"https:\/\/chefpastry.ch\/wp-content\/uploads\/2022\/08\/Tampon-grand.jpg\" \/>\n\t<meta property=\"og:image:width\" content=\"1000\" \/>\n\t<meta property=\"og:image:height\" content=\"1000\" \/>\n\t<meta property=\"og:image:type\" content=\"image\/jpeg\" \/>\n<meta name=\"twitter:card\" content=\"summary_large_image\" \/>\n<meta name=\"twitter:label1\" content=\"Verf\u00fcgbarkeit\" \/>\n\t<meta name=\"twitter:data1\" content=\"Auf Lager\" \/>\n<script type=\"application\/ld+json\" class=\"yoast-schema-graph\">{\"@context\":\"https:\/\/schema.org\",\"@graph\":[{\"@type\":\"WebPage\",\"@id\":\"https:\/\/chefpastry.ch\/produit\/tampon-love-chocolat-decor-martellato\/\",\"url\":\"https:\/\/chefpastry.ch\/produit\/tampon-love-chocolat-decor-martellato\/\",\"name\":\"TAMPON LOVE - Chef Pastry\",\"isPartOf\":{\"@id\":\"https:\/\/chefpastry.ch\/#website\"},\"primaryImageOfPage\":{\"@id\":\"https:\/\/chefpastry.ch\/produit\/tampon-love-chocolat-decor-martellato\/#primaryimage\"},\"image\":{\"@id\":\"https:\/\/chefpastry.ch\/produit\/tampon-love-chocolat-decor-martellato\/#primaryimage\"},\"thumbnailUrl\":\"https:\/\/chefpastry.ch\/wp-content\/uploads\/2022\/08\/Tampon-grand.jpg\",\"datePublished\":\"2022-08-13T15:36:42+00:00\",\"dateModified\":\"2023-03-01T13:49:58+00:00\",\"description\":\"Avec ce tampon, r\u00e9alise un d\u00e9cor love unique dans du chocolat temp\u00e9r\u00e9. Vous pouvez utiliser ce tampon sur des g\u00e2teaux, des cupcakes, etc...\",\"breadcrumb\":{\"@id\":\"https:\/\/chefpastry.ch\/produit\/tampon-love-chocolat-decor-martellato\/#breadcrumb\"},\"inLanguage\":\"de\",\"potentialAction\":[{\"@type\":\"ReadAction\",\"target\":[\"https:\/\/chefpastry.ch\/produit\/tampon-love-chocolat-decor-martellato\/\"]}]},{\"@type\":\"ImageObject\",\"inLanguage\":\"de\",\"@id\":\"https:\/\/chefpastry.ch\/produit\/tampon-love-chocolat-decor-martellato\/#primaryimage\",\"url\":\"https:\/\/chefpastry.ch\/wp-content\/uploads\/2022\/08\/Tampon-grand.jpg\",\"contentUrl\":\"https:\/\/chefpastry.ch\/wp-content\/uploads\/2022\/08\/Tampon-grand.jpg\",\"width\":1000,\"height\":1000,\"caption\":\"Tampon pour chocolat\"},{\"@type\":\"BreadcrumbList\",\"@id\":\"https:\/\/chefpastry.ch\/produit\/tampon-love-chocolat-decor-martellato\/#breadcrumb\",\"itemListElement\":[{\"@type\":\"ListItem\",\"position\":1,\"name\":\"Home\",\"item\":\"https:\/\/chefpastry.ch\/\"},{\"@type\":\"ListItem\",\"position\":2,\"name\":\"E-shop\",\"item\":\"https:\/\/chefpastry.ch\/e-shop\/\"},{\"@type\":\"ListItem\",\"position\":3,\"name\":\"TAMPON LOVE\"}]},{\"@type\":\"WebSite\",\"@id\":\"https:\/\/chefpastry.ch\/#website\",\"url\":\"https:\/\/chefpastry.ch\/\",\"name\":\"Chef Pastry\",\"description\":\"\",\"publisher\":{\"@id\":\"https:\/\/chefpastry.ch\/#organization\"},\"potentialAction\":[{\"@type\":\"SearchAction\",\"target\":{\"@type\":\"EntryPoint\",\"urlTemplate\":\"https:\/\/chefpastry.ch\/?s={search_term_string}\"},\"query-input\":{\"@type\":\"PropertyValueSpecification\",\"valueRequired\":true,\"valueName\":\"search_term_string\"}}],\"inLanguage\":\"de\"},{\"@type\":\"Organization\",\"@id\":\"https:\/\/chefpastry.ch\/#organization\",\"name\":\"Chef Pastry\",\"url\":\"https:\/\/chefpastry.ch\/\",\"logo\":{\"@type\":\"ImageObject\",\"inLanguage\":\"de\",\"@id\":\"https:\/\/chefpastry.ch\/#\/schema\/logo\/image\/\",\"url\":\"https:\/\/chefpastry.ch\/wp-content\/uploads\/2022\/07\/cropped-chef_pastry_logo_rgb-03.png\",\"contentUrl\":\"https:\/\/chefpastry.ch\/wp-content\/uploads\/2022\/07\/cropped-chef_pastry_logo_rgb-03.png\",\"width\":1545,\"height\":412,\"caption\":\"Chef Pastry\"},\"image\":{\"@id\":\"https:\/\/chefpastry.ch\/#\/schema\/logo\/image\/\"}}]}<\/script>\n<meta property=\"og:availability\" content=\"instock\" \/>\n<meta property=\"product:availability\" content=\"instock\" \/>\n<meta property=\"product:condition\" content=\"new\" \/>\n<!-- \/ Yoast SEO plugin. -->","yoast_head_json":{"title":"TAMPON LOVE - Chef Pastry","description":"Avec ce tampon, r\u00e9alise un d\u00e9cor love unique dans du chocolat temp\u00e9r\u00e9. Vous pouvez utiliser ce tampon sur des g\u00e2teaux, des cupcakes, etc...","robots":{"index":"index","follow":"follow","max-snippet":"max-snippet:-1","max-image-preview":"max-image-preview:large","max-video-preview":"max-video-preview:-1"},"canonical":"https:\/\/chefpastry.ch\/de\/produkt\/tampon-love-chocolat-decor-martellato\/","og_locale":"de_DE","og_type":"article","og_title":"TAMPON LOVE - Chef Pastry","og_description":"Avec ce tampon, r\u00e9alise un d\u00e9cor love unique dans du chocolat temp\u00e9r\u00e9. Vous pouvez utiliser ce tampon sur des g\u00e2teaux, des cupcakes, etc...","og_url":"https:\/\/chefpastry.ch\/de\/produkt\/tampon-love-chocolat-decor-martellato\/","og_site_name":"Chef Pastry","article_modified_time":"2023-03-01T13:49:58+00:00","og_image":[{"width":1000,"height":1000,"url":"https:\/\/chefpastry.ch\/wp-content\/uploads\/2022\/08\/Tampon-grand.jpg","type":"image\/jpeg"}],"twitter_card":"summary_large_image","twitter_misc":{"Verf\u00fcgbarkeit":"Auf Lager"},"schema":{"@context":"https:\/\/schema.org","@graph":[{"@type":"WebPage","@id":"https:\/\/chefpastry.ch\/produit\/tampon-love-chocolat-decor-martellato\/","url":"https:\/\/chefpastry.ch\/produit\/tampon-love-chocolat-decor-martellato\/","name":"TAMPON LOVE - Chef Pastry","isPartOf":{"@id":"https:\/\/chefpastry.ch\/#website"},"primaryImageOfPage":{"@id":"https:\/\/chefpastry.ch\/produit\/tampon-love-chocolat-decor-martellato\/#primaryimage"},"image":{"@id":"https:\/\/chefpastry.ch\/produit\/tampon-love-chocolat-decor-martellato\/#primaryimage"},"thumbnailUrl":"https:\/\/chefpastry.ch\/wp-content\/uploads\/2022\/08\/Tampon-grand.jpg","datePublished":"2022-08-13T15:36:42+00:00","dateModified":"2023-03-01T13:49:58+00:00","description":"Avec ce tampon, r\u00e9alise un d\u00e9cor love unique dans du chocolat temp\u00e9r\u00e9. Vous pouvez utiliser ce tampon sur des g\u00e2teaux, des cupcakes, etc...","breadcrumb":{"@id":"https:\/\/chefpastry.ch\/produit\/tampon-love-chocolat-decor-martellato\/#breadcrumb"},"inLanguage":"de","potentialAction":[{"@type":"ReadAction","target":["https:\/\/chefpastry.ch\/produit\/tampon-love-chocolat-decor-martellato\/"]}]},{"@type":"ImageObject","inLanguage":"de","@id":"https:\/\/chefpastry.ch\/produit\/tampon-love-chocolat-decor-martellato\/#primaryimage","url":"https:\/\/chefpastry.ch\/wp-content\/uploads\/2022\/08\/Tampon-grand.jpg","contentUrl":"https:\/\/chefpastry.ch\/wp-content\/uploads\/2022\/08\/Tampon-grand.jpg","width":1000,"height":1000,"caption":"Tampon pour chocolat"},{"@type":"BreadcrumbList","@id":"https:\/\/chefpastry.ch\/produit\/tampon-love-chocolat-decor-martellato\/#breadcrumb","itemListElement":[{"@type":"ListItem","position":1,"name":"Home","item":"https:\/\/chefpastry.ch\/"},{"@type":"ListItem","position":2,"name":"E-shop","item":"https:\/\/chefpastry.ch\/e-shop\/"},{"@type":"ListItem","position":3,"name":"TAMPON LOVE"}]},{"@type":"WebSite","@id":"https:\/\/chefpastry.ch\/#website","url":"https:\/\/chefpastry.ch\/","name":"Chef Pastry","description":"","publisher":{"@id":"https:\/\/chefpastry.ch\/#organization"},"potentialAction":[{"@type":"SearchAction","target":{"@type":"EntryPoint","urlTemplate":"https:\/\/chefpastry.ch\/?s={search_term_string}"},"query-input":{"@type":"PropertyValueSpecification","valueRequired":true,"valueName":"search_term_string"}}],"inLanguage":"de"},{"@type":"Organization","@id":"https:\/\/chefpastry.ch\/#organization","name":"Chef Pastry","url":"https:\/\/chefpastry.ch\/","logo":{"@type":"ImageObject","inLanguage":"de","@id":"https:\/\/chefpastry.ch\/#\/schema\/logo\/image\/","url":"https:\/\/chefpastry.ch\/wp-content\/uploads\/2022\/07\/cropped-chef_pastry_logo_rgb-03.png","contentUrl":"https:\/\/chefpastry.ch\/wp-content\/uploads\/2022\/07\/cropped-chef_pastry_logo_rgb-03.png","width":1545,"height":412,"caption":"Chef Pastry"},"image":{"@id":"https:\/\/chefpastry.ch\/#\/schema\/logo\/image\/"}}]},"og_availability":"instock","product_availability":"instock","product_condition":"new"},"_links":{"self":[{"href":"https:\/\/chefpastry.ch\/de\/wp-json\/wp\/v2\/product\/9139","targetHints":{"allow":["GET"]}}],"collection":[{"href":"https:\/\/chefpastry.ch\/de\/wp-json\/wp\/v2\/product"}],"about":[{"href":"https:\/\/chefpastry.ch\/de\/wp-json\/wp\/v2\/types\/product"}],"replies":[{"embeddable":true,"href":"https:\/\/chefpastry.ch\/de\/wp-json\/wp\/v2\/comments?post=9139"}],"version-history":[{"count":0,"href":"https:\/\/chefpastry.ch\/de\/wp-json\/wp\/v2\/product\/9139\/revisions"}],"wp:featuredmedia":[{"embeddable":true,"href":"https:\/\/chefpastry.ch\/de\/wp-json\/wp\/v2\/media\/9146"}],"wp:attachment":[{"href":"https:\/\/chefpastry.ch\/de\/wp-json\/wp\/v2\/media?parent=9139"}],"wp:term":[{"taxonomy":"product_brand","embeddable":true,"href":"https:\/\/chefpastry.ch\/de\/wp-json\/wp\/v2\/product_brand?post=9139"},{"taxonomy":"product_cat","embeddable":true,"href":"https:\/\/chefpastry.ch\/de\/wp-json\/wp\/v2\/product_cat?post=9139"},{"taxonomy":"product_tag","embeddable":true,"href":"https:\/\/chefpastry.ch\/de\/wp-json\/wp\/v2\/product_tag?post=9139"}],"curies":[{"name":"wp","href":"https:\/\/api.w.org\/{rel}","templated":true}]}}