{"id":8918,"date":"2022-08-12T20:37:35","date_gmt":"2022-08-12T18:37:35","guid":{"rendered":"https:\/\/chefpastry-aventure-gourmande.geekworkers.dev\/?post_type=product&#038;p=8918"},"modified":"2023-10-16T10:13:33","modified_gmt":"2023-10-16T08:13:33","slug":"moule-silicone-silikomart-pomodorino-14-gastronomie","status":"publish","type":"product","link":"https:\/\/chefpastry.ch\/de\/produkt\/moule-silicone-silikomart-pomodorino-14-gastronomie\/","title":{"rendered":"POMODORINO 14"},"content":{"rendered":"<p>Die Form Pomodorino 14 entwickelt sich rund um das Konzept, Elemente aus der Natur neu zu interpretieren, um eine innovative Geschmacksvision zu formen. Sie kann f\u00fcr Aperitifs, Hauptgerichte oder besondere Vorspeisen verwendet werden.<\/p>\n<p>Abmessungen:<\/p>\n<ul>\n<li>H\u00f6he 25mm<\/li>\n<li>\u00d8 31mm<\/li>\n<li>H\u00f6hle 18<\/li>\n<li>Volumen der Kavit\u00e4t 14 ml<\/li>\n<\/ul>\n<p>Silikon-Material<br \/>\nBackofenfest, sp\u00fclmaschinenfest und gefriergeeignet<\/p>","protected":false},"excerpt":{"rendered":"<p>Die Form Pomodorino 14 entwickelt sich rund um das Konzept, Elemente aus der Natur neu zu interpretieren, um eine innovative Geschmacksvision zu formen. Sie kann f\u00fcr Aperitifs, Hauptgerichte oder besondere Vorspeisen verwendet werden.<\/p>","protected":false},"featured_media":8926,"comment_status":"open","ping_status":"closed","template":"","meta":{"_jet_sm_ready_style":"","_jet_sm_style":"","_jet_sm_controls_values":"","_jet_sm_fonts_collection":"","_jet_sm_fonts_links":"","_joinchat":[]},"product_brand":[],"product_cat":[109],"product_tag":[],"class_list":{"0":"post-8918","1":"product","2":"type-product","3":"status-publish","4":"has-post-thumbnail","6":"product_cat-gastronomie","8":"first","9":"instock","10":"taxable","11":"shipping-taxable","12":"purchasable","13":"product-type-simple"},"yoast_head":"<!-- This site is optimized with the Yoast SEO plugin v27.0 - https:\/\/yoast.com\/product\/yoast-seo-wordpress\/ -->\n<title>POMODORINO 14 - Chef Pastry<\/title>\n<meta name=\"description\" content=\"Le moule Pomodorino 14 \u00e9volue autour du concept de r\u00e9interpr\u00e9tation des \u00e9l\u00e9ments de la nature afin de fa\u00e7onner une vision innovante du go\u00fbt en gastronomie.\" \/>\n<meta name=\"robots\" content=\"index, follow, max-snippet:-1, max-image-preview:large, max-video-preview:-1\" \/>\n<link rel=\"canonical\" href=\"https:\/\/chefpastry.ch\/de\/produkt\/moule-silicone-silikomart-pomodorino-14-gastronomie\/\" \/>\n<meta property=\"og:locale\" content=\"de_DE\" \/>\n<meta property=\"og:type\" content=\"article\" \/>\n<meta property=\"og:title\" content=\"POMODORINO 14 - Chef Pastry\" \/>\n<meta property=\"og:description\" content=\"Le moule Pomodorino 14 \u00e9volue autour du concept de r\u00e9interpr\u00e9tation des \u00e9l\u00e9ments de la nature afin de fa\u00e7onner une vision innovante du go\u00fbt en gastronomie.\" \/>\n<meta property=\"og:url\" content=\"https:\/\/chefpastry.ch\/de\/produkt\/moule-silicone-silikomart-pomodorino-14-gastronomie\/\" \/>\n<meta property=\"og:site_name\" content=\"Chef Pastry\" \/>\n<meta property=\"article:modified_time\" content=\"2023-10-16T08:13:33+00:00\" \/>\n<meta property=\"og:image\" content=\"https:\/\/chefpastry.ch\/wp-content\/uploads\/2022\/08\/POMODORINO-14-1.jpg\" \/>\n\t<meta property=\"og:image:width\" content=\"1500\" \/>\n\t<meta property=\"og:image:height\" content=\"1500\" \/>\n\t<meta property=\"og:image:type\" content=\"image\/jpeg\" \/>\n<meta name=\"twitter:card\" content=\"summary_large_image\" \/>\n<meta name=\"twitter:label1\" content=\"Preis\" \/>\n\t<meta name=\"twitter:data1\" content=\"&#067;&#072;&#070;&nbsp;22.00 TTC\" \/>\n\t<meta name=\"twitter:label2\" content=\"Verf\u00fcgbarkeit\" \/>\n\t<meta name=\"twitter:data2\" content=\"Auf Lager\" \/>\n<script type=\"application\/ld+json\" class=\"yoast-schema-graph\">{\"@context\":\"https:\/\/schema.org\",\"@graph\":[{\"@type\":\"WebPage\",\"@id\":\"https:\/\/chefpastry.ch\/produit\/moule-silicone-silikomart-pomodorino-14-gastronomie\/\",\"url\":\"https:\/\/chefpastry.ch\/produit\/moule-silicone-silikomart-pomodorino-14-gastronomie\/\",\"name\":\"POMODORINO 14 - Chef Pastry\",\"isPartOf\":{\"@id\":\"https:\/\/chefpastry.ch\/#website\"},\"primaryImageOfPage\":{\"@id\":\"https:\/\/chefpastry.ch\/produit\/moule-silicone-silikomart-pomodorino-14-gastronomie\/#primaryimage\"},\"image\":{\"@id\":\"https:\/\/chefpastry.ch\/produit\/moule-silicone-silikomart-pomodorino-14-gastronomie\/#primaryimage\"},\"thumbnailUrl\":\"https:\/\/chefpastry.ch\/wp-content\/uploads\/2022\/08\/POMODORINO-14-1.jpg\",\"datePublished\":\"2022-08-12T18:37:35+00:00\",\"dateModified\":\"2023-10-16T08:13:33+00:00\",\"description\":\"Le moule Pomodorino 14 \u00e9volue autour du concept de r\u00e9interpr\u00e9tation des \u00e9l\u00e9ments de la nature afin de fa\u00e7onner une vision innovante du go\u00fbt en gastronomie.\",\"breadcrumb\":{\"@id\":\"https:\/\/chefpastry.ch\/produit\/moule-silicone-silikomart-pomodorino-14-gastronomie\/#breadcrumb\"},\"inLanguage\":\"de\",\"potentialAction\":[{\"@type\":\"ReadAction\",\"target\":[\"https:\/\/chefpastry.ch\/produit\/moule-silicone-silikomart-pomodorino-14-gastronomie\/\"]}]},{\"@type\":\"ImageObject\",\"inLanguage\":\"de\",\"@id\":\"https:\/\/chefpastry.ch\/produit\/moule-silicone-silikomart-pomodorino-14-gastronomie\/#primaryimage\",\"url\":\"https:\/\/chefpastry.ch\/wp-content\/uploads\/2022\/08\/POMODORINO-14-1.jpg\",\"contentUrl\":\"https:\/\/chefpastry.ch\/wp-content\/uploads\/2022\/08\/POMODORINO-14-1.jpg\",\"width\":1500,\"height\":1500,\"caption\":\"POMODORINO 14 Moule Gastronomie\"},{\"@type\":\"BreadcrumbList\",\"@id\":\"https:\/\/chefpastry.ch\/produit\/moule-silicone-silikomart-pomodorino-14-gastronomie\/#breadcrumb\",\"itemListElement\":[{\"@type\":\"ListItem\",\"position\":1,\"name\":\"Home\",\"item\":\"https:\/\/chefpastry.ch\/\"},{\"@type\":\"ListItem\",\"position\":2,\"name\":\"E-shop\",\"item\":\"https:\/\/chefpastry.ch\/e-shop\/\"},{\"@type\":\"ListItem\",\"position\":3,\"name\":\"POMODORINO 14\"}]},{\"@type\":\"WebSite\",\"@id\":\"https:\/\/chefpastry.ch\/#website\",\"url\":\"https:\/\/chefpastry.ch\/\",\"name\":\"Chef Pastry\",\"description\":\"\",\"publisher\":{\"@id\":\"https:\/\/chefpastry.ch\/#organization\"},\"potentialAction\":[{\"@type\":\"SearchAction\",\"target\":{\"@type\":\"EntryPoint\",\"urlTemplate\":\"https:\/\/chefpastry.ch\/?s={search_term_string}\"},\"query-input\":{\"@type\":\"PropertyValueSpecification\",\"valueRequired\":true,\"valueName\":\"search_term_string\"}}],\"inLanguage\":\"de\"},{\"@type\":\"Organization\",\"@id\":\"https:\/\/chefpastry.ch\/#organization\",\"name\":\"Chef Pastry\",\"url\":\"https:\/\/chefpastry.ch\/\",\"logo\":{\"@type\":\"ImageObject\",\"inLanguage\":\"de\",\"@id\":\"https:\/\/chefpastry.ch\/#\/schema\/logo\/image\/\",\"url\":\"https:\/\/chefpastry.ch\/wp-content\/uploads\/2022\/07\/cropped-chef_pastry_logo_rgb-03.png\",\"contentUrl\":\"https:\/\/chefpastry.ch\/wp-content\/uploads\/2022\/07\/cropped-chef_pastry_logo_rgb-03.png\",\"width\":1545,\"height\":412,\"caption\":\"Chef Pastry\"},\"image\":{\"@id\":\"https:\/\/chefpastry.ch\/#\/schema\/logo\/image\/\"}}]}<\/script>\n<meta property=\"product:price:amount\" content=\"22.00\" \/>\n<meta property=\"product:price:currency\" content=\"CHF\" \/>\n<meta property=\"og:availability\" content=\"instock\" \/>\n<meta property=\"product:availability\" content=\"instock\" \/>\n<meta property=\"product:retailer_item_id\" content=\"36.376.36.0065\" \/>\n<meta property=\"product:condition\" content=\"new\" \/>\n<!-- \/ Yoast SEO plugin. -->","yoast_head_json":{"title":"POMODORINO 14 - Chef Pastry","description":"Le moule Pomodorino 14 \u00e9volue autour du concept de r\u00e9interpr\u00e9tation des \u00e9l\u00e9ments de la nature afin de fa\u00e7onner une vision innovante du go\u00fbt en gastronomie.","robots":{"index":"index","follow":"follow","max-snippet":"max-snippet:-1","max-image-preview":"max-image-preview:large","max-video-preview":"max-video-preview:-1"},"canonical":"https:\/\/chefpastry.ch\/de\/produkt\/moule-silicone-silikomart-pomodorino-14-gastronomie\/","og_locale":"de_DE","og_type":"article","og_title":"POMODORINO 14 - Chef Pastry","og_description":"Le moule Pomodorino 14 \u00e9volue autour du concept de r\u00e9interpr\u00e9tation des \u00e9l\u00e9ments de la nature afin de fa\u00e7onner une vision innovante du go\u00fbt en gastronomie.","og_url":"https:\/\/chefpastry.ch\/de\/produkt\/moule-silicone-silikomart-pomodorino-14-gastronomie\/","og_site_name":"Chef Pastry","article_modified_time":"2023-10-16T08:13:33+00:00","og_image":[{"width":1500,"height":1500,"url":"https:\/\/chefpastry.ch\/wp-content\/uploads\/2022\/08\/POMODORINO-14-1.jpg","type":"image\/jpeg"}],"twitter_card":"summary_large_image","twitter_misc":{"Preis":"&#67;&#72;&#70;&nbsp;22.00 TTC","Verf\u00fcgbarkeit":"Auf Lager"},"schema":{"@context":"https:\/\/schema.org","@graph":[{"@type":"WebPage","@id":"https:\/\/chefpastry.ch\/produit\/moule-silicone-silikomart-pomodorino-14-gastronomie\/","url":"https:\/\/chefpastry.ch\/produit\/moule-silicone-silikomart-pomodorino-14-gastronomie\/","name":"POMODORINO 14 - Chef Pastry","isPartOf":{"@id":"https:\/\/chefpastry.ch\/#website"},"primaryImageOfPage":{"@id":"https:\/\/chefpastry.ch\/produit\/moule-silicone-silikomart-pomodorino-14-gastronomie\/#primaryimage"},"image":{"@id":"https:\/\/chefpastry.ch\/produit\/moule-silicone-silikomart-pomodorino-14-gastronomie\/#primaryimage"},"thumbnailUrl":"https:\/\/chefpastry.ch\/wp-content\/uploads\/2022\/08\/POMODORINO-14-1.jpg","datePublished":"2022-08-12T18:37:35+00:00","dateModified":"2023-10-16T08:13:33+00:00","description":"Le moule Pomodorino 14 \u00e9volue autour du concept de r\u00e9interpr\u00e9tation des \u00e9l\u00e9ments de la nature afin de fa\u00e7onner une vision innovante du go\u00fbt en gastronomie.","breadcrumb":{"@id":"https:\/\/chefpastry.ch\/produit\/moule-silicone-silikomart-pomodorino-14-gastronomie\/#breadcrumb"},"inLanguage":"de","potentialAction":[{"@type":"ReadAction","target":["https:\/\/chefpastry.ch\/produit\/moule-silicone-silikomart-pomodorino-14-gastronomie\/"]}]},{"@type":"ImageObject","inLanguage":"de","@id":"https:\/\/chefpastry.ch\/produit\/moule-silicone-silikomart-pomodorino-14-gastronomie\/#primaryimage","url":"https:\/\/chefpastry.ch\/wp-content\/uploads\/2022\/08\/POMODORINO-14-1.jpg","contentUrl":"https:\/\/chefpastry.ch\/wp-content\/uploads\/2022\/08\/POMODORINO-14-1.jpg","width":1500,"height":1500,"caption":"POMODORINO 14 Moule Gastronomie"},{"@type":"BreadcrumbList","@id":"https:\/\/chefpastry.ch\/produit\/moule-silicone-silikomart-pomodorino-14-gastronomie\/#breadcrumb","itemListElement":[{"@type":"ListItem","position":1,"name":"Home","item":"https:\/\/chefpastry.ch\/"},{"@type":"ListItem","position":2,"name":"E-shop","item":"https:\/\/chefpastry.ch\/e-shop\/"},{"@type":"ListItem","position":3,"name":"POMODORINO 14"}]},{"@type":"WebSite","@id":"https:\/\/chefpastry.ch\/#website","url":"https:\/\/chefpastry.ch\/","name":"Chef Pastry","description":"","publisher":{"@id":"https:\/\/chefpastry.ch\/#organization"},"potentialAction":[{"@type":"SearchAction","target":{"@type":"EntryPoint","urlTemplate":"https:\/\/chefpastry.ch\/?s={search_term_string}"},"query-input":{"@type":"PropertyValueSpecification","valueRequired":true,"valueName":"search_term_string"}}],"inLanguage":"de"},{"@type":"Organization","@id":"https:\/\/chefpastry.ch\/#organization","name":"Chef Pastry","url":"https:\/\/chefpastry.ch\/","logo":{"@type":"ImageObject","inLanguage":"de","@id":"https:\/\/chefpastry.ch\/#\/schema\/logo\/image\/","url":"https:\/\/chefpastry.ch\/wp-content\/uploads\/2022\/07\/cropped-chef_pastry_logo_rgb-03.png","contentUrl":"https:\/\/chefpastry.ch\/wp-content\/uploads\/2022\/07\/cropped-chef_pastry_logo_rgb-03.png","width":1545,"height":412,"caption":"Chef Pastry"},"image":{"@id":"https:\/\/chefpastry.ch\/#\/schema\/logo\/image\/"}}]},"product_price_amount":"22.00","product_price_currency":"CHF","og_availability":"instock","product_availability":"instock","product_retailer_item_id":"36.376.36.0065","product_condition":"new"},"_links":{"self":[{"href":"https:\/\/chefpastry.ch\/de\/wp-json\/wp\/v2\/product\/8918","targetHints":{"allow":["GET"]}}],"collection":[{"href":"https:\/\/chefpastry.ch\/de\/wp-json\/wp\/v2\/product"}],"about":[{"href":"https:\/\/chefpastry.ch\/de\/wp-json\/wp\/v2\/types\/product"}],"replies":[{"embeddable":true,"href":"https:\/\/chefpastry.ch\/de\/wp-json\/wp\/v2\/comments?post=8918"}],"version-history":[{"count":0,"href":"https:\/\/chefpastry.ch\/de\/wp-json\/wp\/v2\/product\/8918\/revisions"}],"wp:featuredmedia":[{"embeddable":true,"href":"https:\/\/chefpastry.ch\/de\/wp-json\/wp\/v2\/media\/8926"}],"wp:attachment":[{"href":"https:\/\/chefpastry.ch\/de\/wp-json\/wp\/v2\/media?parent=8918"}],"wp:term":[{"taxonomy":"product_brand","embeddable":true,"href":"https:\/\/chefpastry.ch\/de\/wp-json\/wp\/v2\/product_brand?post=8918"},{"taxonomy":"product_cat","embeddable":true,"href":"https:\/\/chefpastry.ch\/de\/wp-json\/wp\/v2\/product_cat?post=8918"},{"taxonomy":"product_tag","embeddable":true,"href":"https:\/\/chefpastry.ch\/de\/wp-json\/wp\/v2\/product_tag?post=8918"}],"curies":[{"name":"wp","href":"https:\/\/api.w.org\/{rel}","templated":true}]}}