{"id":8907,"date":"2022-08-12T20:30:29","date_gmt":"2022-08-12T18:30:29","guid":{"rendered":"https:\/\/chefpastry-aventure-gourmande.geekworkers.dev\/?post_type=product&#038;p=8907"},"modified":"2026-03-02T16:03:13","modified_gmt":"2026-03-02T15:03:13","slug":"tapis-silicone-silikomart-piuma-decor-gastronomie","status":"publish","type":"product","link":"https:\/\/chefpastry.ch\/de\/produkt\/tapis-silicone-silikomart-piuma-decor-gastronomie\/","title":{"rendered":"PIUMA"},"content":{"rendered":"<p>Le moule Piuma pr\u00e9sente deux formes diff\u00e9rentes dans un seul moule. Utilis\u00e9 le tapis soit avec de la p\u00e2te \u00e0 cigarette soit avec du chocolat pour cr\u00e9er des d\u00e9corations \u00e9l\u00e9gantes et raffin\u00e9es. Les d\u00e9corations peuvent \u00eatre pr\u00e9par\u00e9es \u00e0 l&rsquo;avance et d\u00e9moul\u00e9es au moment voulu.<\/p>\n<p>entworfen mit Alessandro Bergamo<\/p>\n<p><strong>Abmessungen<\/strong> :<\/p>\n<ul>\n<li>121 mm x 28 mm<\/li>\n<li>H\u00f6he 1.5 mm<\/li>\n<li>Kavit\u00e4t: 20<\/li>\n<\/ul>\n<p>Silikon-Material<br \/>\nBackofenfest, sp\u00fclmaschinenfest und gefriergeeignet<\/p>","protected":false},"excerpt":{"rendered":"<p>Le moule Piuma pr\u00e9sente deux formes diff\u00e9rentes dans un seul moule. Le tapis peut \u00eatre utilis\u00e9 soit avec de la p\u00e2te \u00e0 cigarette soit avec du chocolat pour cr\u00e9er des d\u00e9corations \u00e9l\u00e9gantes et raffin\u00e9es.<\/p>","protected":false},"featured_media":8909,"comment_status":"open","ping_status":"closed","template":"","meta":{"_jet_sm_ready_style":"","_jet_sm_style":"","_jet_sm_controls_values":"","_jet_sm_fonts_collection":"","_jet_sm_fonts_links":"","_joinchat":[]},"product_brand":[],"product_cat":[24,109,26],"product_tag":[],"class_list":{"0":"post-8907","1":"product","2":"type-product","3":"status-publish","4":"has-post-thumbnail","6":"product_cat-accessoires","7":"product_cat-gastronomie","8":"product_cat-tapis","10":"first","11":"instock","12":"taxable","13":"shipping-taxable","14":"purchasable","15":"product-type-simple"},"yoast_head":"<!-- This site is optimized with the Yoast SEO plugin v27.0 - https:\/\/yoast.com\/product\/yoast-seo-wordpress\/ -->\n<title>Tapis d\u00e9cor PIUMA - Chef Pastry<\/title>\n<meta name=\"description\" content=\"Le tapis Piuma sous deux formes diff\u00e9rentes dans un seul moule. Il peut \u00eatre utilis\u00e9 soit avec de la p\u00e2te \u00e0 cigarette ou avec du chocolat pour vos d\u00e9cors.\" \/>\n<meta name=\"robots\" content=\"index, follow, max-snippet:-1, max-image-preview:large, max-video-preview:-1\" \/>\n<link rel=\"canonical\" href=\"https:\/\/chefpastry.ch\/de\/produkt\/tapis-silicone-silikomart-piuma-decor-gastronomie\/\" \/>\n<meta property=\"og:locale\" content=\"de_DE\" \/>\n<meta property=\"og:type\" content=\"article\" \/>\n<meta property=\"og:title\" content=\"Tapis d\u00e9cor PIUMA - Chef Pastry\" \/>\n<meta property=\"og:description\" content=\"Le tapis Piuma sous deux formes diff\u00e9rentes dans un seul moule. Il peut \u00eatre utilis\u00e9 soit avec de la p\u00e2te \u00e0 cigarette ou avec du chocolat pour vos d\u00e9cors.\" \/>\n<meta property=\"og:url\" content=\"https:\/\/chefpastry.ch\/de\/produkt\/tapis-silicone-silikomart-piuma-decor-gastronomie\/\" \/>\n<meta property=\"og:site_name\" content=\"Chef Pastry\" \/>\n<meta property=\"article:modified_time\" content=\"2026-03-02T15:03:13+00:00\" \/>\n<meta property=\"og:image\" content=\"https:\/\/chefpastry.ch\/wp-content\/uploads\/2022\/08\/PIUMA-2.jpg\" \/>\n\t<meta property=\"og:image:width\" content=\"1500\" \/>\n\t<meta property=\"og:image:height\" content=\"1500\" \/>\n\t<meta property=\"og:image:type\" content=\"image\/jpeg\" \/>\n<meta name=\"twitter:card\" content=\"summary_large_image\" \/>\n<meta name=\"twitter:label1\" content=\"Preis\" \/>\n\t<meta name=\"twitter:data1\" content=\"&#067;&#072;&#070;&nbsp;25.00 TTC\" \/>\n\t<meta name=\"twitter:label2\" content=\"Verf\u00fcgbarkeit\" \/>\n\t<meta name=\"twitter:data2\" content=\"Auf Lager\" \/>\n<script type=\"application\/ld+json\" class=\"yoast-schema-graph\">{\"@context\":\"https:\/\/schema.org\",\"@graph\":[{\"@type\":\"WebPage\",\"@id\":\"https:\/\/chefpastry.ch\/produit\/tapis-silicone-silikomart-piuma-decor-gastronomie\/\",\"url\":\"https:\/\/chefpastry.ch\/produit\/tapis-silicone-silikomart-piuma-decor-gastronomie\/\",\"name\":\"Tapis d\u00e9cor PIUMA - Chef Pastry\",\"isPartOf\":{\"@id\":\"https:\/\/chefpastry.ch\/#website\"},\"primaryImageOfPage\":{\"@id\":\"https:\/\/chefpastry.ch\/produit\/tapis-silicone-silikomart-piuma-decor-gastronomie\/#primaryimage\"},\"image\":{\"@id\":\"https:\/\/chefpastry.ch\/produit\/tapis-silicone-silikomart-piuma-decor-gastronomie\/#primaryimage\"},\"thumbnailUrl\":\"https:\/\/chefpastry.ch\/wp-content\/uploads\/2022\/08\/PIUMA-2.jpg\",\"datePublished\":\"2022-08-12T18:30:29+00:00\",\"dateModified\":\"2026-03-02T15:03:13+00:00\",\"description\":\"Le tapis Piuma sous deux formes diff\u00e9rentes dans un seul moule. Il peut \u00eatre utilis\u00e9 soit avec de la p\u00e2te \u00e0 cigarette ou avec du chocolat pour vos d\u00e9cors.\",\"breadcrumb\":{\"@id\":\"https:\/\/chefpastry.ch\/produit\/tapis-silicone-silikomart-piuma-decor-gastronomie\/#breadcrumb\"},\"inLanguage\":\"de\",\"potentialAction\":[{\"@type\":\"ReadAction\",\"target\":[\"https:\/\/chefpastry.ch\/produit\/tapis-silicone-silikomart-piuma-decor-gastronomie\/\"]}]},{\"@type\":\"ImageObject\",\"inLanguage\":\"de\",\"@id\":\"https:\/\/chefpastry.ch\/produit\/tapis-silicone-silikomart-piuma-decor-gastronomie\/#primaryimage\",\"url\":\"https:\/\/chefpastry.ch\/wp-content\/uploads\/2022\/08\/PIUMA-2.jpg\",\"contentUrl\":\"https:\/\/chefpastry.ch\/wp-content\/uploads\/2022\/08\/PIUMA-2.jpg\",\"width\":1500,\"height\":1500,\"caption\":\"PIUMA tapis d\u00e9cor\"},{\"@type\":\"BreadcrumbList\",\"@id\":\"https:\/\/chefpastry.ch\/produit\/tapis-silicone-silikomart-piuma-decor-gastronomie\/#breadcrumb\",\"itemListElement\":[{\"@type\":\"ListItem\",\"position\":1,\"name\":\"Home\",\"item\":\"https:\/\/chefpastry.ch\/\"},{\"@type\":\"ListItem\",\"position\":2,\"name\":\"E-shop\",\"item\":\"https:\/\/chefpastry.ch\/e-shop\/\"},{\"@type\":\"ListItem\",\"position\":3,\"name\":\"PIUMA\"}]},{\"@type\":\"WebSite\",\"@id\":\"https:\/\/chefpastry.ch\/#website\",\"url\":\"https:\/\/chefpastry.ch\/\",\"name\":\"Chef Pastry\",\"description\":\"\",\"publisher\":{\"@id\":\"https:\/\/chefpastry.ch\/#organization\"},\"potentialAction\":[{\"@type\":\"SearchAction\",\"target\":{\"@type\":\"EntryPoint\",\"urlTemplate\":\"https:\/\/chefpastry.ch\/?s={search_term_string}\"},\"query-input\":{\"@type\":\"PropertyValueSpecification\",\"valueRequired\":true,\"valueName\":\"search_term_string\"}}],\"inLanguage\":\"de\"},{\"@type\":\"Organization\",\"@id\":\"https:\/\/chefpastry.ch\/#organization\",\"name\":\"Chef Pastry\",\"url\":\"https:\/\/chefpastry.ch\/\",\"logo\":{\"@type\":\"ImageObject\",\"inLanguage\":\"de\",\"@id\":\"https:\/\/chefpastry.ch\/#\/schema\/logo\/image\/\",\"url\":\"https:\/\/chefpastry.ch\/wp-content\/uploads\/2022\/07\/cropped-chef_pastry_logo_rgb-03.png\",\"contentUrl\":\"https:\/\/chefpastry.ch\/wp-content\/uploads\/2022\/07\/cropped-chef_pastry_logo_rgb-03.png\",\"width\":1545,\"height\":412,\"caption\":\"Chef Pastry\"},\"image\":{\"@id\":\"https:\/\/chefpastry.ch\/#\/schema\/logo\/image\/\"}}]}<\/script>\n<meta property=\"product:price:amount\" content=\"25.00\" \/>\n<meta property=\"product:price:currency\" content=\"CHF\" \/>\n<meta property=\"og:availability\" content=\"instock\" \/>\n<meta property=\"product:availability\" content=\"instock\" \/>\n<meta property=\"product:retailer_item_id\" content=\"33.314.36.0065\" \/>\n<meta property=\"product:condition\" content=\"new\" \/>\n<!-- \/ Yoast SEO plugin. -->","yoast_head_json":{"title":"Tapis d\u00e9cor PIUMA - Chef Pastry","description":"Le tapis Piuma sous deux formes diff\u00e9rentes dans un seul moule. Il peut \u00eatre utilis\u00e9 soit avec de la p\u00e2te \u00e0 cigarette ou avec du chocolat pour vos d\u00e9cors.","robots":{"index":"index","follow":"follow","max-snippet":"max-snippet:-1","max-image-preview":"max-image-preview:large","max-video-preview":"max-video-preview:-1"},"canonical":"https:\/\/chefpastry.ch\/de\/produkt\/tapis-silicone-silikomart-piuma-decor-gastronomie\/","og_locale":"de_DE","og_type":"article","og_title":"Tapis d\u00e9cor PIUMA - Chef Pastry","og_description":"Le tapis Piuma sous deux formes diff\u00e9rentes dans un seul moule. Il peut \u00eatre utilis\u00e9 soit avec de la p\u00e2te \u00e0 cigarette ou avec du chocolat pour vos d\u00e9cors.","og_url":"https:\/\/chefpastry.ch\/de\/produkt\/tapis-silicone-silikomart-piuma-decor-gastronomie\/","og_site_name":"Chef Pastry","article_modified_time":"2026-03-02T15:03:13+00:00","og_image":[{"width":1500,"height":1500,"url":"https:\/\/chefpastry.ch\/wp-content\/uploads\/2022\/08\/PIUMA-2.jpg","type":"image\/jpeg"}],"twitter_card":"summary_large_image","twitter_misc":{"Preis":"&#67;&#72;&#70;&nbsp;25.00 TTC","Verf\u00fcgbarkeit":"Auf Lager"},"schema":{"@context":"https:\/\/schema.org","@graph":[{"@type":"WebPage","@id":"https:\/\/chefpastry.ch\/produit\/tapis-silicone-silikomart-piuma-decor-gastronomie\/","url":"https:\/\/chefpastry.ch\/produit\/tapis-silicone-silikomart-piuma-decor-gastronomie\/","name":"Tapis d\u00e9cor PIUMA - Chef Pastry","isPartOf":{"@id":"https:\/\/chefpastry.ch\/#website"},"primaryImageOfPage":{"@id":"https:\/\/chefpastry.ch\/produit\/tapis-silicone-silikomart-piuma-decor-gastronomie\/#primaryimage"},"image":{"@id":"https:\/\/chefpastry.ch\/produit\/tapis-silicone-silikomart-piuma-decor-gastronomie\/#primaryimage"},"thumbnailUrl":"https:\/\/chefpastry.ch\/wp-content\/uploads\/2022\/08\/PIUMA-2.jpg","datePublished":"2022-08-12T18:30:29+00:00","dateModified":"2026-03-02T15:03:13+00:00","description":"Le tapis Piuma sous deux formes diff\u00e9rentes dans un seul moule. Il peut \u00eatre utilis\u00e9 soit avec de la p\u00e2te \u00e0 cigarette ou avec du chocolat pour vos d\u00e9cors.","breadcrumb":{"@id":"https:\/\/chefpastry.ch\/produit\/tapis-silicone-silikomart-piuma-decor-gastronomie\/#breadcrumb"},"inLanguage":"de","potentialAction":[{"@type":"ReadAction","target":["https:\/\/chefpastry.ch\/produit\/tapis-silicone-silikomart-piuma-decor-gastronomie\/"]}]},{"@type":"ImageObject","inLanguage":"de","@id":"https:\/\/chefpastry.ch\/produit\/tapis-silicone-silikomart-piuma-decor-gastronomie\/#primaryimage","url":"https:\/\/chefpastry.ch\/wp-content\/uploads\/2022\/08\/PIUMA-2.jpg","contentUrl":"https:\/\/chefpastry.ch\/wp-content\/uploads\/2022\/08\/PIUMA-2.jpg","width":1500,"height":1500,"caption":"PIUMA tapis d\u00e9cor"},{"@type":"BreadcrumbList","@id":"https:\/\/chefpastry.ch\/produit\/tapis-silicone-silikomart-piuma-decor-gastronomie\/#breadcrumb","itemListElement":[{"@type":"ListItem","position":1,"name":"Home","item":"https:\/\/chefpastry.ch\/"},{"@type":"ListItem","position":2,"name":"E-shop","item":"https:\/\/chefpastry.ch\/e-shop\/"},{"@type":"ListItem","position":3,"name":"PIUMA"}]},{"@type":"WebSite","@id":"https:\/\/chefpastry.ch\/#website","url":"https:\/\/chefpastry.ch\/","name":"Chef Pastry","description":"","publisher":{"@id":"https:\/\/chefpastry.ch\/#organization"},"potentialAction":[{"@type":"SearchAction","target":{"@type":"EntryPoint","urlTemplate":"https:\/\/chefpastry.ch\/?s={search_term_string}"},"query-input":{"@type":"PropertyValueSpecification","valueRequired":true,"valueName":"search_term_string"}}],"inLanguage":"de"},{"@type":"Organization","@id":"https:\/\/chefpastry.ch\/#organization","name":"Chef Pastry","url":"https:\/\/chefpastry.ch\/","logo":{"@type":"ImageObject","inLanguage":"de","@id":"https:\/\/chefpastry.ch\/#\/schema\/logo\/image\/","url":"https:\/\/chefpastry.ch\/wp-content\/uploads\/2022\/07\/cropped-chef_pastry_logo_rgb-03.png","contentUrl":"https:\/\/chefpastry.ch\/wp-content\/uploads\/2022\/07\/cropped-chef_pastry_logo_rgb-03.png","width":1545,"height":412,"caption":"Chef Pastry"},"image":{"@id":"https:\/\/chefpastry.ch\/#\/schema\/logo\/image\/"}}]},"product_price_amount":"25.00","product_price_currency":"CHF","og_availability":"instock","product_availability":"instock","product_retailer_item_id":"33.314.36.0065","product_condition":"new"},"_links":{"self":[{"href":"https:\/\/chefpastry.ch\/de\/wp-json\/wp\/v2\/product\/8907","targetHints":{"allow":["GET"]}}],"collection":[{"href":"https:\/\/chefpastry.ch\/de\/wp-json\/wp\/v2\/product"}],"about":[{"href":"https:\/\/chefpastry.ch\/de\/wp-json\/wp\/v2\/types\/product"}],"replies":[{"embeddable":true,"href":"https:\/\/chefpastry.ch\/de\/wp-json\/wp\/v2\/comments?post=8907"}],"version-history":[{"count":1,"href":"https:\/\/chefpastry.ch\/de\/wp-json\/wp\/v2\/product\/8907\/revisions"}],"predecessor-version":[{"id":16453,"href":"https:\/\/chefpastry.ch\/de\/wp-json\/wp\/v2\/product\/8907\/revisions\/16453"}],"wp:featuredmedia":[{"embeddable":true,"href":"https:\/\/chefpastry.ch\/de\/wp-json\/wp\/v2\/media\/8909"}],"wp:attachment":[{"href":"https:\/\/chefpastry.ch\/de\/wp-json\/wp\/v2\/media?parent=8907"}],"wp:term":[{"taxonomy":"product_brand","embeddable":true,"href":"https:\/\/chefpastry.ch\/de\/wp-json\/wp\/v2\/product_brand?post=8907"},{"taxonomy":"product_cat","embeddable":true,"href":"https:\/\/chefpastry.ch\/de\/wp-json\/wp\/v2\/product_cat?post=8907"},{"taxonomy":"product_tag","embeddable":true,"href":"https:\/\/chefpastry.ch\/de\/wp-json\/wp\/v2\/product_tag?post=8907"}],"curies":[{"name":"wp","href":"https:\/\/api.w.org\/{rel}","templated":true}]}}