{"id":8805,"date":"2022-08-12T17:53:04","date_gmt":"2022-08-12T15:53:04","guid":{"rendered":"https:\/\/chefpastry-aventure-gourmande.geekworkers.dev\/?post_type=product&#038;p=8805"},"modified":"2024-01-21T16:26:14","modified_gmt":"2024-01-21T15:26:14","slug":"moule-silicone-silikomart-entremets-kit-choco-globe","status":"publish","type":"product","link":"https:\/\/chefpastry.ch\/de\/produkt\/moule-silicone-silikomart-entremets-kit-choco-globe\/","title":{"rendered":"KIT CHOCO GLOBE"},"content":{"rendered":"<p>Das Choco Globe Kit wird mit einem <strong>Form aus TritanTM<\/strong>Ein innovatives Material, das eine ausgezeichnete Haltbarkeit und Sicherheit gew\u00e4hrleistet.<\/p>\n<p>Es erm\u00f6glicht eine Verkleidung aus <strong>Schokolade<\/strong> gem\u00e4\u00dfigt <strong>gl\u00e4nzend<\/strong> et personnalisable qui s&rsquo;harmonise parfaitement avec le g\u00e2teau cr\u00e9\u00e9 avec le moule en silicone \u00d8150 mm.<\/p>\n<p><strong>Abmessungen<\/strong> :<\/p>\n<ul>\n<li>Gr\u00f6\u00dfe: h 75 mm \u00d8 150 mm<\/li>\n<\/ul>\n<p>Ofen-\/Mikrowellenfestigkeit<br \/>\nGefrierbest\u00e4ndig \/ Schnellgefrierer<br \/>\nSp\u00fclmaschinenfest<\/p>","protected":false},"excerpt":{"rendered":"<p>Das Choco Globe Kit wird mit einem <strong>Form aus TritanTM<\/strong>Ein innovatives Material, das eine ausgezeichnete Haltbarkeit und Sicherheit gew\u00e4hrleistet.<\/p>\n<p>Es erm\u00f6glicht eine Verkleidung aus <strong>Schokolade<\/strong> gem\u00e4\u00dfigt <strong>gl\u00e4nzend<\/strong> et personnalisable qui s&rsquo;harmonise parfaitement avec le g\u00e2teau cr\u00e9\u00e9 avec le moule en silicone \u00d8150 mm.<\/p>","protected":false},"featured_media":8809,"comment_status":"open","ping_status":"closed","template":"","meta":{"_jet_sm_ready_style":"","_jet_sm_style":"","_jet_sm_controls_values":"","_jet_sm_fonts_collection":"","_jet_sm_fonts_links":"","_joinchat":[]},"product_brand":[],"product_cat":[53,22],"product_tag":[],"class_list":{"0":"post-8805","1":"product","2":"type-product","3":"status-publish","4":"has-post-thumbnail","6":"product_cat-chocolats","7":"product_cat-gateaux","9":"first","10":"outofstock","11":"taxable","12":"shipping-taxable","13":"purchasable","14":"product-type-simple"},"yoast_head":"<!-- This site is optimized with the Yoast SEO plugin v27.0 - https:\/\/yoast.com\/product\/yoast-seo-wordpress\/ -->\n<title>KIT CHOCO GLOBE - Chef Pastry<\/title>\n<meta name=\"description\" content=\"Le kit Choco Globe permet de cr\u00e9er un rev\u00eatement en chocolat temp\u00e9r\u00e9 et brillant qui s&#039;harmonise avec le g\u00e2teau fait avec le moule en silicone\" \/>\n<meta name=\"robots\" content=\"index, follow, max-snippet:-1, max-image-preview:large, max-video-preview:-1\" \/>\n<link rel=\"canonical\" href=\"https:\/\/chefpastry.ch\/de\/produkt\/moule-silicone-silikomart-entremets-kit-choco-globe\/\" \/>\n<meta property=\"og:locale\" content=\"de_DE\" \/>\n<meta property=\"og:type\" content=\"article\" \/>\n<meta property=\"og:title\" content=\"KIT CHOCO GLOBE - Chef Pastry\" \/>\n<meta property=\"og:description\" content=\"Le kit Choco Globe permet de cr\u00e9er un rev\u00eatement en chocolat temp\u00e9r\u00e9 et brillant qui s&#039;harmonise avec le g\u00e2teau fait avec le moule en silicone\" \/>\n<meta property=\"og:url\" content=\"https:\/\/chefpastry.ch\/de\/produkt\/moule-silicone-silikomart-entremets-kit-choco-globe\/\" \/>\n<meta property=\"og:site_name\" content=\"Chef Pastry\" \/>\n<meta property=\"article:modified_time\" content=\"2024-01-21T15:26:14+00:00\" \/>\n<meta property=\"og:image\" content=\"https:\/\/chefpastry.ch\/wp-content\/uploads\/2022\/08\/KIT-CHOCO-GLOBE.jpg\" \/>\n\t<meta property=\"og:image:width\" content=\"1500\" \/>\n\t<meta property=\"og:image:height\" content=\"1500\" \/>\n\t<meta property=\"og:image:type\" content=\"image\/jpeg\" \/>\n<meta name=\"twitter:card\" content=\"summary_large_image\" \/>\n<meta name=\"twitter:label1\" content=\"Preis\" \/>\n\t<meta name=\"twitter:data1\" content=\"&#067;&#072;&#070;&nbsp;36.00 TTC\" \/>\n\t<meta name=\"twitter:label2\" content=\"Verf\u00fcgbarkeit\" \/>\n\t<meta name=\"twitter:data2\" content=\"ausverkauft\" \/>\n<script type=\"application\/ld+json\" class=\"yoast-schema-graph\">{\"@context\":\"https:\/\/schema.org\",\"@graph\":[{\"@type\":\"WebPage\",\"@id\":\"https:\/\/chefpastry.ch\/produit\/moule-silicone-silikomart-entremets-kit-choco-globe\/\",\"url\":\"https:\/\/chefpastry.ch\/produit\/moule-silicone-silikomart-entremets-kit-choco-globe\/\",\"name\":\"KIT CHOCO GLOBE - Chef Pastry\",\"isPartOf\":{\"@id\":\"https:\/\/chefpastry.ch\/#website\"},\"primaryImageOfPage\":{\"@id\":\"https:\/\/chefpastry.ch\/produit\/moule-silicone-silikomart-entremets-kit-choco-globe\/#primaryimage\"},\"image\":{\"@id\":\"https:\/\/chefpastry.ch\/produit\/moule-silicone-silikomart-entremets-kit-choco-globe\/#primaryimage\"},\"thumbnailUrl\":\"https:\/\/chefpastry.ch\/wp-content\/uploads\/2022\/08\/KIT-CHOCO-GLOBE.jpg\",\"datePublished\":\"2022-08-12T15:53:04+00:00\",\"dateModified\":\"2024-01-21T15:26:14+00:00\",\"description\":\"Le kit Choco Globe permet de cr\u00e9er un rev\u00eatement en chocolat temp\u00e9r\u00e9 et brillant qui s'harmonise avec le g\u00e2teau fait avec le moule en silicone\",\"breadcrumb\":{\"@id\":\"https:\/\/chefpastry.ch\/produit\/moule-silicone-silikomart-entremets-kit-choco-globe\/#breadcrumb\"},\"inLanguage\":\"de\",\"potentialAction\":[{\"@type\":\"ReadAction\",\"target\":[\"https:\/\/chefpastry.ch\/produit\/moule-silicone-silikomart-entremets-kit-choco-globe\/\"]}]},{\"@type\":\"ImageObject\",\"inLanguage\":\"de\",\"@id\":\"https:\/\/chefpastry.ch\/produit\/moule-silicone-silikomart-entremets-kit-choco-globe\/#primaryimage\",\"url\":\"https:\/\/chefpastry.ch\/wp-content\/uploads\/2022\/08\/KIT-CHOCO-GLOBE.jpg\",\"contentUrl\":\"https:\/\/chefpastry.ch\/wp-content\/uploads\/2022\/08\/KIT-CHOCO-GLOBE.jpg\",\"width\":1500,\"height\":1500,\"caption\":\"KIT CHOCO GLOBE entremets\"},{\"@type\":\"BreadcrumbList\",\"@id\":\"https:\/\/chefpastry.ch\/produit\/moule-silicone-silikomart-entremets-kit-choco-globe\/#breadcrumb\",\"itemListElement\":[{\"@type\":\"ListItem\",\"position\":1,\"name\":\"Home\",\"item\":\"https:\/\/chefpastry.ch\/\"},{\"@type\":\"ListItem\",\"position\":2,\"name\":\"E-shop\",\"item\":\"https:\/\/chefpastry.ch\/e-shop\/\"},{\"@type\":\"ListItem\",\"position\":3,\"name\":\"KIT CHOCO GLOBE\"}]},{\"@type\":\"WebSite\",\"@id\":\"https:\/\/chefpastry.ch\/#website\",\"url\":\"https:\/\/chefpastry.ch\/\",\"name\":\"Chef Pastry\",\"description\":\"\",\"publisher\":{\"@id\":\"https:\/\/chefpastry.ch\/#organization\"},\"potentialAction\":[{\"@type\":\"SearchAction\",\"target\":{\"@type\":\"EntryPoint\",\"urlTemplate\":\"https:\/\/chefpastry.ch\/?s={search_term_string}\"},\"query-input\":{\"@type\":\"PropertyValueSpecification\",\"valueRequired\":true,\"valueName\":\"search_term_string\"}}],\"inLanguage\":\"de\"},{\"@type\":\"Organization\",\"@id\":\"https:\/\/chefpastry.ch\/#organization\",\"name\":\"Chef Pastry\",\"url\":\"https:\/\/chefpastry.ch\/\",\"logo\":{\"@type\":\"ImageObject\",\"inLanguage\":\"de\",\"@id\":\"https:\/\/chefpastry.ch\/#\/schema\/logo\/image\/\",\"url\":\"https:\/\/chefpastry.ch\/wp-content\/uploads\/2022\/07\/cropped-chef_pastry_logo_rgb-03.png\",\"contentUrl\":\"https:\/\/chefpastry.ch\/wp-content\/uploads\/2022\/07\/cropped-chef_pastry_logo_rgb-03.png\",\"width\":1545,\"height\":412,\"caption\":\"Chef Pastry\"},\"image\":{\"@id\":\"https:\/\/chefpastry.ch\/#\/schema\/logo\/image\/\"}}]}<\/script>\n<meta property=\"product:price:amount\" content=\"36.00\" \/>\n<meta property=\"product:price:currency\" content=\"CHF\" \/>\n<meta property=\"og:availability\" content=\"out of stock\" \/>\n<meta property=\"product:availability\" content=\"out of stock\" \/>\n<meta property=\"product:retailer_item_id\" content=\"25.449.87.0065\" \/>\n<meta property=\"product:condition\" content=\"new\" \/>\n<!-- \/ Yoast SEO plugin. -->","yoast_head_json":{"title":"KIT CHOCO GLOBE - Chef Pastry","description":"Le kit Choco Globe permet de cr\u00e9er un rev\u00eatement en chocolat temp\u00e9r\u00e9 et brillant qui s'harmonise avec le g\u00e2teau fait avec le moule en silicone","robots":{"index":"index","follow":"follow","max-snippet":"max-snippet:-1","max-image-preview":"max-image-preview:large","max-video-preview":"max-video-preview:-1"},"canonical":"https:\/\/chefpastry.ch\/de\/produkt\/moule-silicone-silikomart-entremets-kit-choco-globe\/","og_locale":"de_DE","og_type":"article","og_title":"KIT CHOCO GLOBE - Chef Pastry","og_description":"Le kit Choco Globe permet de cr\u00e9er un rev\u00eatement en chocolat temp\u00e9r\u00e9 et brillant qui s'harmonise avec le g\u00e2teau fait avec le moule en silicone","og_url":"https:\/\/chefpastry.ch\/de\/produkt\/moule-silicone-silikomart-entremets-kit-choco-globe\/","og_site_name":"Chef Pastry","article_modified_time":"2024-01-21T15:26:14+00:00","og_image":[{"width":1500,"height":1500,"url":"https:\/\/chefpastry.ch\/wp-content\/uploads\/2022\/08\/KIT-CHOCO-GLOBE.jpg","type":"image\/jpeg"}],"twitter_card":"summary_large_image","twitter_misc":{"Preis":"&#67;&#72;&#70;&nbsp;36.00 TTC","Verf\u00fcgbarkeit":"ausverkauft"},"schema":{"@context":"https:\/\/schema.org","@graph":[{"@type":"WebPage","@id":"https:\/\/chefpastry.ch\/produit\/moule-silicone-silikomart-entremets-kit-choco-globe\/","url":"https:\/\/chefpastry.ch\/produit\/moule-silicone-silikomart-entremets-kit-choco-globe\/","name":"KIT CHOCO GLOBE - Chef Pastry","isPartOf":{"@id":"https:\/\/chefpastry.ch\/#website"},"primaryImageOfPage":{"@id":"https:\/\/chefpastry.ch\/produit\/moule-silicone-silikomart-entremets-kit-choco-globe\/#primaryimage"},"image":{"@id":"https:\/\/chefpastry.ch\/produit\/moule-silicone-silikomart-entremets-kit-choco-globe\/#primaryimage"},"thumbnailUrl":"https:\/\/chefpastry.ch\/wp-content\/uploads\/2022\/08\/KIT-CHOCO-GLOBE.jpg","datePublished":"2022-08-12T15:53:04+00:00","dateModified":"2024-01-21T15:26:14+00:00","description":"Le kit Choco Globe permet de cr\u00e9er un rev\u00eatement en chocolat temp\u00e9r\u00e9 et brillant qui s'harmonise avec le g\u00e2teau fait avec le moule en silicone","breadcrumb":{"@id":"https:\/\/chefpastry.ch\/produit\/moule-silicone-silikomart-entremets-kit-choco-globe\/#breadcrumb"},"inLanguage":"de","potentialAction":[{"@type":"ReadAction","target":["https:\/\/chefpastry.ch\/produit\/moule-silicone-silikomart-entremets-kit-choco-globe\/"]}]},{"@type":"ImageObject","inLanguage":"de","@id":"https:\/\/chefpastry.ch\/produit\/moule-silicone-silikomart-entremets-kit-choco-globe\/#primaryimage","url":"https:\/\/chefpastry.ch\/wp-content\/uploads\/2022\/08\/KIT-CHOCO-GLOBE.jpg","contentUrl":"https:\/\/chefpastry.ch\/wp-content\/uploads\/2022\/08\/KIT-CHOCO-GLOBE.jpg","width":1500,"height":1500,"caption":"KIT CHOCO GLOBE entremets"},{"@type":"BreadcrumbList","@id":"https:\/\/chefpastry.ch\/produit\/moule-silicone-silikomart-entremets-kit-choco-globe\/#breadcrumb","itemListElement":[{"@type":"ListItem","position":1,"name":"Home","item":"https:\/\/chefpastry.ch\/"},{"@type":"ListItem","position":2,"name":"E-shop","item":"https:\/\/chefpastry.ch\/e-shop\/"},{"@type":"ListItem","position":3,"name":"KIT CHOCO GLOBE"}]},{"@type":"WebSite","@id":"https:\/\/chefpastry.ch\/#website","url":"https:\/\/chefpastry.ch\/","name":"Chef Pastry","description":"","publisher":{"@id":"https:\/\/chefpastry.ch\/#organization"},"potentialAction":[{"@type":"SearchAction","target":{"@type":"EntryPoint","urlTemplate":"https:\/\/chefpastry.ch\/?s={search_term_string}"},"query-input":{"@type":"PropertyValueSpecification","valueRequired":true,"valueName":"search_term_string"}}],"inLanguage":"de"},{"@type":"Organization","@id":"https:\/\/chefpastry.ch\/#organization","name":"Chef Pastry","url":"https:\/\/chefpastry.ch\/","logo":{"@type":"ImageObject","inLanguage":"de","@id":"https:\/\/chefpastry.ch\/#\/schema\/logo\/image\/","url":"https:\/\/chefpastry.ch\/wp-content\/uploads\/2022\/07\/cropped-chef_pastry_logo_rgb-03.png","contentUrl":"https:\/\/chefpastry.ch\/wp-content\/uploads\/2022\/07\/cropped-chef_pastry_logo_rgb-03.png","width":1545,"height":412,"caption":"Chef Pastry"},"image":{"@id":"https:\/\/chefpastry.ch\/#\/schema\/logo\/image\/"}}]},"product_price_amount":"36.00","product_price_currency":"CHF","og_availability":"out of stock","product_availability":"out of stock","product_retailer_item_id":"25.449.87.0065","product_condition":"new"},"_links":{"self":[{"href":"https:\/\/chefpastry.ch\/de\/wp-json\/wp\/v2\/product\/8805","targetHints":{"allow":["GET"]}}],"collection":[{"href":"https:\/\/chefpastry.ch\/de\/wp-json\/wp\/v2\/product"}],"about":[{"href":"https:\/\/chefpastry.ch\/de\/wp-json\/wp\/v2\/types\/product"}],"replies":[{"embeddable":true,"href":"https:\/\/chefpastry.ch\/de\/wp-json\/wp\/v2\/comments?post=8805"}],"version-history":[{"count":0,"href":"https:\/\/chefpastry.ch\/de\/wp-json\/wp\/v2\/product\/8805\/revisions"}],"wp:featuredmedia":[{"embeddable":true,"href":"https:\/\/chefpastry.ch\/de\/wp-json\/wp\/v2\/media\/8809"}],"wp:attachment":[{"href":"https:\/\/chefpastry.ch\/de\/wp-json\/wp\/v2\/media?parent=8805"}],"wp:term":[{"taxonomy":"product_brand","embeddable":true,"href":"https:\/\/chefpastry.ch\/de\/wp-json\/wp\/v2\/product_brand?post=8805"},{"taxonomy":"product_cat","embeddable":true,"href":"https:\/\/chefpastry.ch\/de\/wp-json\/wp\/v2\/product_cat?post=8805"},{"taxonomy":"product_tag","embeddable":true,"href":"https:\/\/chefpastry.ch\/de\/wp-json\/wp\/v2\/product_tag?post=8805"}],"curies":[{"name":"wp","href":"https:\/\/api.w.org\/{rel}","templated":true}]}}