{"id":8657,"date":"2022-08-12T15:54:00","date_gmt":"2022-08-12T13:54:00","guid":{"rendered":"https:\/\/chefpastry-aventure-gourmande.geekworkers.dev\/?post_type=product&#038;p=8657"},"modified":"2025-05-13T16:29:40","modified_gmt":"2025-05-13T14:29:40","slug":"tapis-silicone-silikomart-decor-gastronomie-eden","status":"publish","type":"product","link":"https:\/\/chefpastry.ch\/de\/produkt\/tapis-silicone-silikomart-decor-gastronomie-eden\/","title":{"rendered":"EDEN"},"content":{"rendered":"<p>Der Gastronomieteppich als Dekoration <strong>EDEN<\/strong> pr\u00e4sentiert zwei verschiedene Formen in einer einzigen Form. Die EDEN-Matte kann entweder mit Zigarettenpaste oder mit Schokolade verwendet werden, um elegante und raffinierte Dekorationen zu schaffen.<\/p>\n<p>Les d\u00e9corations peuvent \u00eatre pr\u00e9par\u00e9es \u00e0 l&rsquo;avance et d\u00e9moul\u00e9es au moment voulu. Elles sont utiles pour d\u00e9corer les plats, les entr\u00e9es et les plats de r\u00e9sistance, pour cr\u00e9er des ap\u00e9ritifs originaux ou pour donner une touche raffin\u00e9e aux desserts \u00e0 l&rsquo;assiette.<\/p>\n<p>Abmessungen :<\/p>\n<ul>\n<li>Gr\u00f6\u00dfe: 73 mm x 47,5 mm x h 1,5 mm<\/li>\n<li>Kavit\u00e4t: 24<\/li>\n<\/ul>\n<p>Ofen-\/Mikrowellenfestigkeit<br \/>\nGefrierbest\u00e4ndig \/ Schnellgefrierer<br \/>\nSp\u00fclmaschinenfest<\/p>","protected":false},"excerpt":{"rendered":"<p>Eden pr\u00e9sente deux formes diff\u00e9rentes dans un seul moule. Le tapis peut \u00eatre utilis\u00e9 soit avec de la p\u00e2te \u00e0 cigarette soit avec du chocolat pour cr\u00e9er des d\u00e9corations \u00e9l\u00e9gantes et raffin\u00e9es.<\/p>","protected":false},"featured_media":8659,"comment_status":"open","ping_status":"closed","template":"","meta":{"_jet_sm_ready_style":"","_jet_sm_style":"","_jet_sm_controls_values":"","_jet_sm_fonts_collection":"","_jet_sm_fonts_links":"","_joinchat":[]},"product_brand":[],"product_cat":[109,26],"product_tag":[],"class_list":{"0":"post-8657","1":"product","2":"type-product","3":"status-publish","4":"has-post-thumbnail","6":"product_cat-gastronomie","7":"product_cat-tapis","9":"first","10":"instock","11":"taxable","12":"shipping-taxable","13":"purchasable","14":"product-type-simple"},"yoast_head":"<!-- This site is optimized with the Yoast SEO plugin v27.0 - https:\/\/yoast.com\/product\/yoast-seo-wordpress\/ -->\n<title>Tapis d\u00e9coration EDEN - Chef Pastry<\/title>\n<meta name=\"description\" content=\"La tapie Eden pr\u00e9sente deux formes diff\u00e9rentes pour le d\u00e9cor de vos assiettes de gastronomie et de vos desserts, en p\u00e2te \u00e0 cigarette ou chocolat.\" \/>\n<meta name=\"robots\" content=\"index, follow, max-snippet:-1, max-image-preview:large, max-video-preview:-1\" \/>\n<link rel=\"canonical\" href=\"https:\/\/chefpastry.ch\/de\/produkt\/tapis-silicone-silikomart-decor-gastronomie-eden\/\" \/>\n<meta property=\"og:locale\" content=\"de_DE\" \/>\n<meta property=\"og:type\" content=\"article\" \/>\n<meta property=\"og:title\" content=\"Tapis d\u00e9coration EDEN - Chef Pastry\" \/>\n<meta property=\"og:description\" content=\"La tapie Eden pr\u00e9sente deux formes diff\u00e9rentes pour le d\u00e9cor de vos assiettes de gastronomie et de vos desserts, en p\u00e2te \u00e0 cigarette ou chocolat.\" \/>\n<meta property=\"og:url\" content=\"https:\/\/chefpastry.ch\/de\/produkt\/tapis-silicone-silikomart-decor-gastronomie-eden\/\" \/>\n<meta property=\"og:site_name\" content=\"Chef Pastry\" \/>\n<meta property=\"article:modified_time\" content=\"2025-05-13T14:29:40+00:00\" \/>\n<meta property=\"og:image\" content=\"https:\/\/chefpastry.ch\/wp-content\/uploads\/2022\/08\/EDEN-3.jpg\" \/>\n\t<meta property=\"og:image:width\" content=\"1500\" \/>\n\t<meta property=\"og:image:height\" content=\"1500\" \/>\n\t<meta property=\"og:image:type\" content=\"image\/jpeg\" \/>\n<meta name=\"twitter:card\" content=\"summary_large_image\" \/>\n<meta name=\"twitter:label1\" content=\"Preis\" \/>\n\t<meta name=\"twitter:data1\" content=\"&#067;&#072;&#070;&nbsp;25.00 TTC\" \/>\n\t<meta name=\"twitter:label2\" content=\"Verf\u00fcgbarkeit\" \/>\n\t<meta name=\"twitter:data2\" content=\"Auf Lager\" \/>\n<script type=\"application\/ld+json\" class=\"yoast-schema-graph\">{\"@context\":\"https:\/\/schema.org\",\"@graph\":[{\"@type\":\"WebPage\",\"@id\":\"https:\/\/chefpastry.ch\/produit\/tapis-silicone-silikomart-decor-gastronomie-eden\/\",\"url\":\"https:\/\/chefpastry.ch\/produit\/tapis-silicone-silikomart-decor-gastronomie-eden\/\",\"name\":\"Tapis d\u00e9coration EDEN - Chef Pastry\",\"isPartOf\":{\"@id\":\"https:\/\/chefpastry.ch\/#website\"},\"primaryImageOfPage\":{\"@id\":\"https:\/\/chefpastry.ch\/produit\/tapis-silicone-silikomart-decor-gastronomie-eden\/#primaryimage\"},\"image\":{\"@id\":\"https:\/\/chefpastry.ch\/produit\/tapis-silicone-silikomart-decor-gastronomie-eden\/#primaryimage\"},\"thumbnailUrl\":\"https:\/\/chefpastry.ch\/wp-content\/uploads\/2022\/08\/EDEN-3.jpg\",\"datePublished\":\"2022-08-12T13:54:00+00:00\",\"dateModified\":\"2025-05-13T14:29:40+00:00\",\"description\":\"La tapie Eden pr\u00e9sente deux formes diff\u00e9rentes pour le d\u00e9cor de vos assiettes de gastronomie et de vos desserts, en p\u00e2te \u00e0 cigarette ou chocolat.\",\"breadcrumb\":{\"@id\":\"https:\/\/chefpastry.ch\/produit\/tapis-silicone-silikomart-decor-gastronomie-eden\/#breadcrumb\"},\"inLanguage\":\"de\",\"potentialAction\":[{\"@type\":\"ReadAction\",\"target\":[\"https:\/\/chefpastry.ch\/produit\/tapis-silicone-silikomart-decor-gastronomie-eden\/\"]}]},{\"@type\":\"ImageObject\",\"inLanguage\":\"de\",\"@id\":\"https:\/\/chefpastry.ch\/produit\/tapis-silicone-silikomart-decor-gastronomie-eden\/#primaryimage\",\"url\":\"https:\/\/chefpastry.ch\/wp-content\/uploads\/2022\/08\/EDEN-3.jpg\",\"contentUrl\":\"https:\/\/chefpastry.ch\/wp-content\/uploads\/2022\/08\/EDEN-3.jpg\",\"width\":1500,\"height\":1500,\"caption\":\"Eden tapis d\u00e9cor\"},{\"@type\":\"BreadcrumbList\",\"@id\":\"https:\/\/chefpastry.ch\/produit\/tapis-silicone-silikomart-decor-gastronomie-eden\/#breadcrumb\",\"itemListElement\":[{\"@type\":\"ListItem\",\"position\":1,\"name\":\"Home\",\"item\":\"https:\/\/chefpastry.ch\/\"},{\"@type\":\"ListItem\",\"position\":2,\"name\":\"E-shop\",\"item\":\"https:\/\/chefpastry.ch\/e-shop\/\"},{\"@type\":\"ListItem\",\"position\":3,\"name\":\"EDEN\"}]},{\"@type\":\"WebSite\",\"@id\":\"https:\/\/chefpastry.ch\/#website\",\"url\":\"https:\/\/chefpastry.ch\/\",\"name\":\"Chef Pastry\",\"description\":\"\",\"publisher\":{\"@id\":\"https:\/\/chefpastry.ch\/#organization\"},\"potentialAction\":[{\"@type\":\"SearchAction\",\"target\":{\"@type\":\"EntryPoint\",\"urlTemplate\":\"https:\/\/chefpastry.ch\/?s={search_term_string}\"},\"query-input\":{\"@type\":\"PropertyValueSpecification\",\"valueRequired\":true,\"valueName\":\"search_term_string\"}}],\"inLanguage\":\"de\"},{\"@type\":\"Organization\",\"@id\":\"https:\/\/chefpastry.ch\/#organization\",\"name\":\"Chef Pastry\",\"url\":\"https:\/\/chefpastry.ch\/\",\"logo\":{\"@type\":\"ImageObject\",\"inLanguage\":\"de\",\"@id\":\"https:\/\/chefpastry.ch\/#\/schema\/logo\/image\/\",\"url\":\"https:\/\/chefpastry.ch\/wp-content\/uploads\/2022\/07\/cropped-chef_pastry_logo_rgb-03.png\",\"contentUrl\":\"https:\/\/chefpastry.ch\/wp-content\/uploads\/2022\/07\/cropped-chef_pastry_logo_rgb-03.png\",\"width\":1545,\"height\":412,\"caption\":\"Chef Pastry\"},\"image\":{\"@id\":\"https:\/\/chefpastry.ch\/#\/schema\/logo\/image\/\"}}]}<\/script>\n<meta property=\"product:price:amount\" content=\"25.00\" \/>\n<meta property=\"product:price:currency\" content=\"CHF\" \/>\n<meta property=\"og:availability\" content=\"instock\" \/>\n<meta property=\"product:availability\" content=\"instock\" \/>\n<meta property=\"product:retailer_item_id\" content=\"33.312.36.0065\" \/>\n<meta property=\"product:condition\" content=\"new\" \/>\n<!-- \/ Yoast SEO plugin. -->","yoast_head_json":{"title":"Tapis d\u00e9coration EDEN - Chef Pastry","description":"La tapie Eden pr\u00e9sente deux formes diff\u00e9rentes pour le d\u00e9cor de vos assiettes de gastronomie et de vos desserts, en p\u00e2te \u00e0 cigarette ou chocolat.","robots":{"index":"index","follow":"follow","max-snippet":"max-snippet:-1","max-image-preview":"max-image-preview:large","max-video-preview":"max-video-preview:-1"},"canonical":"https:\/\/chefpastry.ch\/de\/produkt\/tapis-silicone-silikomart-decor-gastronomie-eden\/","og_locale":"de_DE","og_type":"article","og_title":"Tapis d\u00e9coration EDEN - Chef Pastry","og_description":"La tapie Eden pr\u00e9sente deux formes diff\u00e9rentes pour le d\u00e9cor de vos assiettes de gastronomie et de vos desserts, en p\u00e2te \u00e0 cigarette ou chocolat.","og_url":"https:\/\/chefpastry.ch\/de\/produkt\/tapis-silicone-silikomart-decor-gastronomie-eden\/","og_site_name":"Chef Pastry","article_modified_time":"2025-05-13T14:29:40+00:00","og_image":[{"width":1500,"height":1500,"url":"https:\/\/chefpastry.ch\/wp-content\/uploads\/2022\/08\/EDEN-3.jpg","type":"image\/jpeg"}],"twitter_card":"summary_large_image","twitter_misc":{"Preis":"&#67;&#72;&#70;&nbsp;25.00 TTC","Verf\u00fcgbarkeit":"Auf Lager"},"schema":{"@context":"https:\/\/schema.org","@graph":[{"@type":"WebPage","@id":"https:\/\/chefpastry.ch\/produit\/tapis-silicone-silikomart-decor-gastronomie-eden\/","url":"https:\/\/chefpastry.ch\/produit\/tapis-silicone-silikomart-decor-gastronomie-eden\/","name":"Tapis d\u00e9coration EDEN - Chef Pastry","isPartOf":{"@id":"https:\/\/chefpastry.ch\/#website"},"primaryImageOfPage":{"@id":"https:\/\/chefpastry.ch\/produit\/tapis-silicone-silikomart-decor-gastronomie-eden\/#primaryimage"},"image":{"@id":"https:\/\/chefpastry.ch\/produit\/tapis-silicone-silikomart-decor-gastronomie-eden\/#primaryimage"},"thumbnailUrl":"https:\/\/chefpastry.ch\/wp-content\/uploads\/2022\/08\/EDEN-3.jpg","datePublished":"2022-08-12T13:54:00+00:00","dateModified":"2025-05-13T14:29:40+00:00","description":"La tapie Eden pr\u00e9sente deux formes diff\u00e9rentes pour le d\u00e9cor de vos assiettes de gastronomie et de vos desserts, en p\u00e2te \u00e0 cigarette ou chocolat.","breadcrumb":{"@id":"https:\/\/chefpastry.ch\/produit\/tapis-silicone-silikomart-decor-gastronomie-eden\/#breadcrumb"},"inLanguage":"de","potentialAction":[{"@type":"ReadAction","target":["https:\/\/chefpastry.ch\/produit\/tapis-silicone-silikomart-decor-gastronomie-eden\/"]}]},{"@type":"ImageObject","inLanguage":"de","@id":"https:\/\/chefpastry.ch\/produit\/tapis-silicone-silikomart-decor-gastronomie-eden\/#primaryimage","url":"https:\/\/chefpastry.ch\/wp-content\/uploads\/2022\/08\/EDEN-3.jpg","contentUrl":"https:\/\/chefpastry.ch\/wp-content\/uploads\/2022\/08\/EDEN-3.jpg","width":1500,"height":1500,"caption":"Eden tapis d\u00e9cor"},{"@type":"BreadcrumbList","@id":"https:\/\/chefpastry.ch\/produit\/tapis-silicone-silikomart-decor-gastronomie-eden\/#breadcrumb","itemListElement":[{"@type":"ListItem","position":1,"name":"Home","item":"https:\/\/chefpastry.ch\/"},{"@type":"ListItem","position":2,"name":"E-shop","item":"https:\/\/chefpastry.ch\/e-shop\/"},{"@type":"ListItem","position":3,"name":"EDEN"}]},{"@type":"WebSite","@id":"https:\/\/chefpastry.ch\/#website","url":"https:\/\/chefpastry.ch\/","name":"Chef Pastry","description":"","publisher":{"@id":"https:\/\/chefpastry.ch\/#organization"},"potentialAction":[{"@type":"SearchAction","target":{"@type":"EntryPoint","urlTemplate":"https:\/\/chefpastry.ch\/?s={search_term_string}"},"query-input":{"@type":"PropertyValueSpecification","valueRequired":true,"valueName":"search_term_string"}}],"inLanguage":"de"},{"@type":"Organization","@id":"https:\/\/chefpastry.ch\/#organization","name":"Chef Pastry","url":"https:\/\/chefpastry.ch\/","logo":{"@type":"ImageObject","inLanguage":"de","@id":"https:\/\/chefpastry.ch\/#\/schema\/logo\/image\/","url":"https:\/\/chefpastry.ch\/wp-content\/uploads\/2022\/07\/cropped-chef_pastry_logo_rgb-03.png","contentUrl":"https:\/\/chefpastry.ch\/wp-content\/uploads\/2022\/07\/cropped-chef_pastry_logo_rgb-03.png","width":1545,"height":412,"caption":"Chef Pastry"},"image":{"@id":"https:\/\/chefpastry.ch\/#\/schema\/logo\/image\/"}}]},"product_price_amount":"25.00","product_price_currency":"CHF","og_availability":"instock","product_availability":"instock","product_retailer_item_id":"33.312.36.0065","product_condition":"new"},"_links":{"self":[{"href":"https:\/\/chefpastry.ch\/de\/wp-json\/wp\/v2\/product\/8657","targetHints":{"allow":["GET"]}}],"collection":[{"href":"https:\/\/chefpastry.ch\/de\/wp-json\/wp\/v2\/product"}],"about":[{"href":"https:\/\/chefpastry.ch\/de\/wp-json\/wp\/v2\/types\/product"}],"replies":[{"embeddable":true,"href":"https:\/\/chefpastry.ch\/de\/wp-json\/wp\/v2\/comments?post=8657"}],"version-history":[{"count":1,"href":"https:\/\/chefpastry.ch\/de\/wp-json\/wp\/v2\/product\/8657\/revisions"}],"predecessor-version":[{"id":16456,"href":"https:\/\/chefpastry.ch\/de\/wp-json\/wp\/v2\/product\/8657\/revisions\/16456"}],"wp:featuredmedia":[{"embeddable":true,"href":"https:\/\/chefpastry.ch\/de\/wp-json\/wp\/v2\/media\/8659"}],"wp:attachment":[{"href":"https:\/\/chefpastry.ch\/de\/wp-json\/wp\/v2\/media?parent=8657"}],"wp:term":[{"taxonomy":"product_brand","embeddable":true,"href":"https:\/\/chefpastry.ch\/de\/wp-json\/wp\/v2\/product_brand?post=8657"},{"taxonomy":"product_cat","embeddable":true,"href":"https:\/\/chefpastry.ch\/de\/wp-json\/wp\/v2\/product_cat?post=8657"},{"taxonomy":"product_tag","embeddable":true,"href":"https:\/\/chefpastry.ch\/de\/wp-json\/wp\/v2\/product_tag?post=8657"}],"curies":[{"name":"wp","href":"https:\/\/api.w.org\/{rel}","templated":true}]}}