{"id":8645,"date":"2022-08-12T15:48:07","date_gmt":"2022-08-12T13:48:07","guid":{"rendered":"https:\/\/chefpastry-aventure-gourmande.geekworkers.dev\/?post_type=product&#038;p=8645"},"modified":"2025-08-27T15:40:09","modified_gmt":"2025-08-27T13:40:09","slug":"tapis-silicone-silikomart-decoration-gastronomie-corona","status":"publish","type":"product","link":"https:\/\/chefpastry.ch\/de\/produkt\/tapis-silicone-silikomart-decoration-gastronomie-corona\/","title":{"rendered":"CORONA"},"content":{"rendered":"<p>Corona pr\u00e4sentiert zwei verschiedene Formen in einer einzigen Form. Die Matte kann entweder mit Zigarettenpaste oder mit Schokolade verwendet werden, um elegante und raffinierte Dekorationen zu schaffen.<\/p>\n<p>Les d\u00e9corations peuvent \u00eatre pr\u00e9par\u00e9es \u00e0 l&rsquo;avance et d\u00e9moul\u00e9es au moment voulu. Elles sont utiles pour d\u00e9corer les plats, les entr\u00e9es et les plats de r\u00e9sistance, pour cr\u00e9er des ap\u00e9ritifs originaux ou pour donner une touche raffin\u00e9e aux desserts \u00e0 l&rsquo;assiette.<\/p>\n<p>Abmessungen :<\/p>\n<ul>\n<li>Gr\u00f6\u00dfen: h 1,5 mm, \u00d8 77 mm<\/li>\n<li>H\u00f6hle: 18<\/li>\n<\/ul>\n<p>Ofen-\/Mikrowellenfestigkeit<br \/>\nGefrierbest\u00e4ndig \/ Schnellgefrierer<br \/>\nSp\u00fclmaschinenfest<\/p>","protected":false},"excerpt":{"rendered":"<p>Corona pr\u00e4sentiert zwei verschiedene Formen in einer einzigen Form. Die Matte kann entweder mit Zigarettenpaste oder mit Schokolade verwendet werden, um elegante und raffinierte Dekorationen zu schaffen.<\/p>","protected":false},"featured_media":8646,"comment_status":"open","ping_status":"closed","template":"","meta":{"_jet_sm_ready_style":"","_jet_sm_style":"","_jet_sm_controls_values":"","_jet_sm_fonts_collection":"","_jet_sm_fonts_links":"","_joinchat":[]},"product_brand":[],"product_cat":[109,26],"product_tag":[],"class_list":{"0":"post-8645","1":"product","2":"type-product","3":"status-publish","4":"has-post-thumbnail","6":"product_cat-gastronomie","7":"product_cat-tapis","9":"first","10":"instock","11":"taxable","12":"shipping-taxable","13":"purchasable","14":"product-type-simple"},"yoast_head":"<!-- This site is optimized with the Yoast SEO plugin v27.0 - https:\/\/yoast.com\/product\/yoast-seo-wordpress\/ -->\n<title>Tapis d\u00e9coration CORONA - Chef Pastry<\/title>\n<meta name=\"description\" content=\"Le tapis Corona peut \u00eatre utilis\u00e9 soit avec de la p\u00e2te \u00e0 cigarette ou avec du chocolat pour cr\u00e9er des d\u00e9corations \u00e9l\u00e9gantes et raffin\u00e9es.\" \/>\n<meta name=\"robots\" content=\"index, follow, max-snippet:-1, max-image-preview:large, max-video-preview:-1\" \/>\n<link rel=\"canonical\" href=\"https:\/\/chefpastry.ch\/de\/produkt\/tapis-silicone-silikomart-decoration-gastronomie-corona\/\" \/>\n<meta property=\"og:locale\" content=\"de_DE\" \/>\n<meta property=\"og:type\" content=\"article\" \/>\n<meta property=\"og:title\" content=\"Tapis d\u00e9coration CORONA - Chef Pastry\" \/>\n<meta property=\"og:description\" content=\"Le tapis Corona peut \u00eatre utilis\u00e9 soit avec de la p\u00e2te \u00e0 cigarette ou avec du chocolat pour cr\u00e9er des d\u00e9corations \u00e9l\u00e9gantes et raffin\u00e9es.\" \/>\n<meta property=\"og:url\" content=\"https:\/\/chefpastry.ch\/de\/produkt\/tapis-silicone-silikomart-decoration-gastronomie-corona\/\" \/>\n<meta property=\"og:site_name\" content=\"Chef Pastry\" \/>\n<meta property=\"article:modified_time\" content=\"2025-08-27T13:40:09+00:00\" \/>\n<meta property=\"og:image\" content=\"https:\/\/chefpastry.ch\/wp-content\/uploads\/2022\/08\/CORONA-2.jpg\" \/>\n\t<meta property=\"og:image:width\" content=\"1500\" \/>\n\t<meta property=\"og:image:height\" content=\"1500\" \/>\n\t<meta property=\"og:image:type\" content=\"image\/jpeg\" \/>\n<meta name=\"twitter:card\" content=\"summary_large_image\" \/>\n<meta name=\"twitter:label1\" content=\"Preis\" \/>\n\t<meta name=\"twitter:data1\" content=\"&#067;&#072;&#070;&nbsp;25.00 TTC\" \/>\n\t<meta name=\"twitter:label2\" content=\"Verf\u00fcgbarkeit\" \/>\n\t<meta name=\"twitter:data2\" content=\"Auf Lager\" \/>\n<script type=\"application\/ld+json\" class=\"yoast-schema-graph\">{\"@context\":\"https:\/\/schema.org\",\"@graph\":[{\"@type\":\"WebPage\",\"@id\":\"https:\/\/chefpastry.ch\/produit\/tapis-silicone-silikomart-decoration-gastronomie-corona\/\",\"url\":\"https:\/\/chefpastry.ch\/produit\/tapis-silicone-silikomart-decoration-gastronomie-corona\/\",\"name\":\"Tapis d\u00e9coration CORONA - Chef Pastry\",\"isPartOf\":{\"@id\":\"https:\/\/chefpastry.ch\/#website\"},\"primaryImageOfPage\":{\"@id\":\"https:\/\/chefpastry.ch\/produit\/tapis-silicone-silikomart-decoration-gastronomie-corona\/#primaryimage\"},\"image\":{\"@id\":\"https:\/\/chefpastry.ch\/produit\/tapis-silicone-silikomart-decoration-gastronomie-corona\/#primaryimage\"},\"thumbnailUrl\":\"https:\/\/chefpastry.ch\/wp-content\/uploads\/2022\/08\/CORONA-2.jpg\",\"datePublished\":\"2022-08-12T13:48:07+00:00\",\"dateModified\":\"2025-08-27T13:40:09+00:00\",\"description\":\"Le tapis Corona peut \u00eatre utilis\u00e9 soit avec de la p\u00e2te \u00e0 cigarette ou avec du chocolat pour cr\u00e9er des d\u00e9corations \u00e9l\u00e9gantes et raffin\u00e9es.\",\"breadcrumb\":{\"@id\":\"https:\/\/chefpastry.ch\/produit\/tapis-silicone-silikomart-decoration-gastronomie-corona\/#breadcrumb\"},\"inLanguage\":\"de\",\"potentialAction\":[{\"@type\":\"ReadAction\",\"target\":[\"https:\/\/chefpastry.ch\/produit\/tapis-silicone-silikomart-decoration-gastronomie-corona\/\"]}]},{\"@type\":\"ImageObject\",\"inLanguage\":\"de\",\"@id\":\"https:\/\/chefpastry.ch\/produit\/tapis-silicone-silikomart-decoration-gastronomie-corona\/#primaryimage\",\"url\":\"https:\/\/chefpastry.ch\/wp-content\/uploads\/2022\/08\/CORONA-2.jpg\",\"contentUrl\":\"https:\/\/chefpastry.ch\/wp-content\/uploads\/2022\/08\/CORONA-2.jpg\",\"width\":1500,\"height\":1500,\"caption\":\"Corona tapis d\u00e9cor\"},{\"@type\":\"BreadcrumbList\",\"@id\":\"https:\/\/chefpastry.ch\/produit\/tapis-silicone-silikomart-decoration-gastronomie-corona\/#breadcrumb\",\"itemListElement\":[{\"@type\":\"ListItem\",\"position\":1,\"name\":\"Home\",\"item\":\"https:\/\/chefpastry.ch\/\"},{\"@type\":\"ListItem\",\"position\":2,\"name\":\"E-shop\",\"item\":\"https:\/\/chefpastry.ch\/e-shop\/\"},{\"@type\":\"ListItem\",\"position\":3,\"name\":\"CORONA\"}]},{\"@type\":\"WebSite\",\"@id\":\"https:\/\/chefpastry.ch\/#website\",\"url\":\"https:\/\/chefpastry.ch\/\",\"name\":\"Chef Pastry\",\"description\":\"\",\"publisher\":{\"@id\":\"https:\/\/chefpastry.ch\/#organization\"},\"potentialAction\":[{\"@type\":\"SearchAction\",\"target\":{\"@type\":\"EntryPoint\",\"urlTemplate\":\"https:\/\/chefpastry.ch\/?s={search_term_string}\"},\"query-input\":{\"@type\":\"PropertyValueSpecification\",\"valueRequired\":true,\"valueName\":\"search_term_string\"}}],\"inLanguage\":\"de\"},{\"@type\":\"Organization\",\"@id\":\"https:\/\/chefpastry.ch\/#organization\",\"name\":\"Chef Pastry\",\"url\":\"https:\/\/chefpastry.ch\/\",\"logo\":{\"@type\":\"ImageObject\",\"inLanguage\":\"de\",\"@id\":\"https:\/\/chefpastry.ch\/#\/schema\/logo\/image\/\",\"url\":\"https:\/\/chefpastry.ch\/wp-content\/uploads\/2022\/07\/cropped-chef_pastry_logo_rgb-03.png\",\"contentUrl\":\"https:\/\/chefpastry.ch\/wp-content\/uploads\/2022\/07\/cropped-chef_pastry_logo_rgb-03.png\",\"width\":1545,\"height\":412,\"caption\":\"Chef Pastry\"},\"image\":{\"@id\":\"https:\/\/chefpastry.ch\/#\/schema\/logo\/image\/\"}}]}<\/script>\n<meta property=\"product:price:amount\" content=\"25.00\" \/>\n<meta property=\"product:price:currency\" content=\"CHF\" \/>\n<meta property=\"og:availability\" content=\"instock\" \/>\n<meta property=\"product:availability\" content=\"instock\" \/>\n<meta property=\"product:retailer_item_id\" content=\"33.311.36.0065\" \/>\n<meta property=\"product:condition\" content=\"new\" \/>\n<!-- \/ Yoast SEO plugin. -->","yoast_head_json":{"title":"Tapis d\u00e9coration CORONA - Chef Pastry","description":"Le tapis Corona peut \u00eatre utilis\u00e9 soit avec de la p\u00e2te \u00e0 cigarette ou avec du chocolat pour cr\u00e9er des d\u00e9corations \u00e9l\u00e9gantes et raffin\u00e9es.","robots":{"index":"index","follow":"follow","max-snippet":"max-snippet:-1","max-image-preview":"max-image-preview:large","max-video-preview":"max-video-preview:-1"},"canonical":"https:\/\/chefpastry.ch\/de\/produkt\/tapis-silicone-silikomart-decoration-gastronomie-corona\/","og_locale":"de_DE","og_type":"article","og_title":"Tapis d\u00e9coration CORONA - Chef Pastry","og_description":"Le tapis Corona peut \u00eatre utilis\u00e9 soit avec de la p\u00e2te \u00e0 cigarette ou avec du chocolat pour cr\u00e9er des d\u00e9corations \u00e9l\u00e9gantes et raffin\u00e9es.","og_url":"https:\/\/chefpastry.ch\/de\/produkt\/tapis-silicone-silikomart-decoration-gastronomie-corona\/","og_site_name":"Chef Pastry","article_modified_time":"2025-08-27T13:40:09+00:00","og_image":[{"width":1500,"height":1500,"url":"https:\/\/chefpastry.ch\/wp-content\/uploads\/2022\/08\/CORONA-2.jpg","type":"image\/jpeg"}],"twitter_card":"summary_large_image","twitter_misc":{"Preis":"&#67;&#72;&#70;&nbsp;25.00 TTC","Verf\u00fcgbarkeit":"Auf Lager"},"schema":{"@context":"https:\/\/schema.org","@graph":[{"@type":"WebPage","@id":"https:\/\/chefpastry.ch\/produit\/tapis-silicone-silikomart-decoration-gastronomie-corona\/","url":"https:\/\/chefpastry.ch\/produit\/tapis-silicone-silikomart-decoration-gastronomie-corona\/","name":"Tapis d\u00e9coration CORONA - Chef Pastry","isPartOf":{"@id":"https:\/\/chefpastry.ch\/#website"},"primaryImageOfPage":{"@id":"https:\/\/chefpastry.ch\/produit\/tapis-silicone-silikomart-decoration-gastronomie-corona\/#primaryimage"},"image":{"@id":"https:\/\/chefpastry.ch\/produit\/tapis-silicone-silikomart-decoration-gastronomie-corona\/#primaryimage"},"thumbnailUrl":"https:\/\/chefpastry.ch\/wp-content\/uploads\/2022\/08\/CORONA-2.jpg","datePublished":"2022-08-12T13:48:07+00:00","dateModified":"2025-08-27T13:40:09+00:00","description":"Le tapis Corona peut \u00eatre utilis\u00e9 soit avec de la p\u00e2te \u00e0 cigarette ou avec du chocolat pour cr\u00e9er des d\u00e9corations \u00e9l\u00e9gantes et raffin\u00e9es.","breadcrumb":{"@id":"https:\/\/chefpastry.ch\/produit\/tapis-silicone-silikomart-decoration-gastronomie-corona\/#breadcrumb"},"inLanguage":"de","potentialAction":[{"@type":"ReadAction","target":["https:\/\/chefpastry.ch\/produit\/tapis-silicone-silikomart-decoration-gastronomie-corona\/"]}]},{"@type":"ImageObject","inLanguage":"de","@id":"https:\/\/chefpastry.ch\/produit\/tapis-silicone-silikomart-decoration-gastronomie-corona\/#primaryimage","url":"https:\/\/chefpastry.ch\/wp-content\/uploads\/2022\/08\/CORONA-2.jpg","contentUrl":"https:\/\/chefpastry.ch\/wp-content\/uploads\/2022\/08\/CORONA-2.jpg","width":1500,"height":1500,"caption":"Corona tapis d\u00e9cor"},{"@type":"BreadcrumbList","@id":"https:\/\/chefpastry.ch\/produit\/tapis-silicone-silikomart-decoration-gastronomie-corona\/#breadcrumb","itemListElement":[{"@type":"ListItem","position":1,"name":"Home","item":"https:\/\/chefpastry.ch\/"},{"@type":"ListItem","position":2,"name":"E-shop","item":"https:\/\/chefpastry.ch\/e-shop\/"},{"@type":"ListItem","position":3,"name":"CORONA"}]},{"@type":"WebSite","@id":"https:\/\/chefpastry.ch\/#website","url":"https:\/\/chefpastry.ch\/","name":"Chef Pastry","description":"","publisher":{"@id":"https:\/\/chefpastry.ch\/#organization"},"potentialAction":[{"@type":"SearchAction","target":{"@type":"EntryPoint","urlTemplate":"https:\/\/chefpastry.ch\/?s={search_term_string}"},"query-input":{"@type":"PropertyValueSpecification","valueRequired":true,"valueName":"search_term_string"}}],"inLanguage":"de"},{"@type":"Organization","@id":"https:\/\/chefpastry.ch\/#organization","name":"Chef Pastry","url":"https:\/\/chefpastry.ch\/","logo":{"@type":"ImageObject","inLanguage":"de","@id":"https:\/\/chefpastry.ch\/#\/schema\/logo\/image\/","url":"https:\/\/chefpastry.ch\/wp-content\/uploads\/2022\/07\/cropped-chef_pastry_logo_rgb-03.png","contentUrl":"https:\/\/chefpastry.ch\/wp-content\/uploads\/2022\/07\/cropped-chef_pastry_logo_rgb-03.png","width":1545,"height":412,"caption":"Chef Pastry"},"image":{"@id":"https:\/\/chefpastry.ch\/#\/schema\/logo\/image\/"}}]},"product_price_amount":"25.00","product_price_currency":"CHF","og_availability":"instock","product_availability":"instock","product_retailer_item_id":"33.311.36.0065","product_condition":"new"},"_links":{"self":[{"href":"https:\/\/chefpastry.ch\/de\/wp-json\/wp\/v2\/product\/8645","targetHints":{"allow":["GET"]}}],"collection":[{"href":"https:\/\/chefpastry.ch\/de\/wp-json\/wp\/v2\/product"}],"about":[{"href":"https:\/\/chefpastry.ch\/de\/wp-json\/wp\/v2\/types\/product"}],"replies":[{"embeddable":true,"href":"https:\/\/chefpastry.ch\/de\/wp-json\/wp\/v2\/comments?post=8645"}],"version-history":[{"count":1,"href":"https:\/\/chefpastry.ch\/de\/wp-json\/wp\/v2\/product\/8645\/revisions"}],"predecessor-version":[{"id":16454,"href":"https:\/\/chefpastry.ch\/de\/wp-json\/wp\/v2\/product\/8645\/revisions\/16454"}],"wp:featuredmedia":[{"embeddable":true,"href":"https:\/\/chefpastry.ch\/de\/wp-json\/wp\/v2\/media\/8646"}],"wp:attachment":[{"href":"https:\/\/chefpastry.ch\/de\/wp-json\/wp\/v2\/media?parent=8645"}],"wp:term":[{"taxonomy":"product_brand","embeddable":true,"href":"https:\/\/chefpastry.ch\/de\/wp-json\/wp\/v2\/product_brand?post=8645"},{"taxonomy":"product_cat","embeddable":true,"href":"https:\/\/chefpastry.ch\/de\/wp-json\/wp\/v2\/product_cat?post=8645"},{"taxonomy":"product_tag","embeddable":true,"href":"https:\/\/chefpastry.ch\/de\/wp-json\/wp\/v2\/product_tag?post=8645"}],"curies":[{"name":"wp","href":"https:\/\/api.w.org\/{rel}","templated":true}]}}