{"id":6501,"date":"2022-06-02T23:26:10","date_gmt":"2022-06-02T21:26:10","guid":{"rendered":"https:\/\/chefpastry-aventure-gourmande.geekworkers.dev\/produit\/box-douilles\/"},"modified":"2025-11-15T08:16:51","modified_gmt":"2025-11-15T07:16:51","slug":"silikomart-box-douilles","status":"publish","type":"product","link":"https:\/\/chefpastry.ch\/de\/produkt\/silikomart-box-douilles\/","title":{"rendered":"BOX 36 STECKSCHL\u00dcSSEL"},"content":{"rendered":"<div class=\"labels\">Box von<strong> 36 Steckschl\u00fcssel<\/strong> Silikomart aus rostfreiem Stahl.<\/div>\n<div class=\"description formatted-text\">\n<p>Einfache Pflege.<\/p>\n<p>Box bestehend aus:<\/p>\n<p>10 Einheitssteckn\u00fcsse (4-6-7-9-10-12-13-15-16-18 mm)<br \/>\n16 geriffelte Steckschl\u00fcssel (6 Z\u00e4hne: 4-6-7-8-9-10 mm \/ 7 Z\u00e4hne: 12-13 mm \/ 8 Z\u00e4hne: 15 mm \/ 9 Z\u00e4hne: 16-18 mm \/ 6 gebogene Z\u00e4hne: 6 mm \/ 7 gebogene Z\u00e4hne: 9 mm \/ 8 gebogene Z\u00e4hne: 10 mm \/ 9 gebogene Z\u00e4hne: 11 mm \/ 10 gebogene Z\u00e4hne: 18 mm)<br \/>\n5 T\u00fcllen f\u00fcr Petit Fours (7-9-10-13-15 mm)<br \/>\n2 Blumenh\u00fclsen (5-6 mm)<br \/>\n2 douilles \u00e0 b\u00fbche (20&#215;3 \/ 16&#215;2)<br \/>\n1 Windbeutelt\u00fclle<br \/>\n2 Adapter<\/p>\n<ul>\n<li class=\"niv2\">H\u00f6he der H\u00fclsen: 5 cm<\/li>\n<\/ul>\n<\/div>","protected":false},"excerpt":{"rendered":"<p>Box constitu\u00e9 de 36 douilles Silikomart en acier inoxydable. Douille unies, \u00e9toile, petits fours, fleur, b\u00fbche et \u00e0 choux. Entretien facile.<\/p>","protected":false},"featured_media":11735,"comment_status":"closed","ping_status":"closed","template":"","meta":{"_jet_sm_ready_style":"","_jet_sm_style":"","_jet_sm_controls_values":"","_jet_sm_fonts_collection":"","_jet_sm_fonts_links":"","_joinchat":[]},"product_brand":[],"product_cat":[24],"product_tag":[],"class_list":{"0":"post-6501","1":"product","2":"type-product","3":"status-publish","4":"has-post-thumbnail","6":"product_cat-accessoires","8":"first","9":"instock","10":"taxable","11":"shipping-taxable","12":"purchasable","13":"product-type-simple"},"yoast_head":"<!-- This site is optimized with the Yoast SEO plugin v27.0 - https:\/\/yoast.com\/product\/yoast-seo-wordpress\/ -->\n<title>BOX 36 DOUILLES - Chef Pastry<\/title>\n<meta name=\"description\" content=\"Box constitu\u00e9 de 36 douilles Silikomart en acier inoxydable. Douille unies, \u00e9toile, petits fours, fleur, b\u00fbche et \u00e0 choux. Entretien facile.\" \/>\n<meta name=\"robots\" content=\"index, follow, max-snippet:-1, max-image-preview:large, max-video-preview:-1\" \/>\n<link rel=\"canonical\" href=\"https:\/\/chefpastry.ch\/de\/produkt\/silikomart-box-douilles\/\" \/>\n<meta property=\"og:locale\" content=\"de_DE\" \/>\n<meta property=\"og:type\" content=\"article\" \/>\n<meta property=\"og:title\" content=\"BOX 36 DOUILLES - Chef Pastry\" \/>\n<meta property=\"og:description\" content=\"Box constitu\u00e9 de 36 douilles Silikomart en acier inoxydable. Douille unies, \u00e9toile, petits fours, fleur, b\u00fbche et \u00e0 choux. Entretien facile.\" \/>\n<meta property=\"og:url\" content=\"https:\/\/chefpastry.ch\/de\/produkt\/silikomart-box-douilles\/\" \/>\n<meta property=\"og:site_name\" content=\"Chef Pastry\" \/>\n<meta property=\"article:modified_time\" content=\"2025-11-15T07:16:51+00:00\" \/>\n<meta property=\"og:image\" content=\"https:\/\/chefpastry.ch\/wp-content\/uploads\/2022\/06\/Box-36-Douilles.jpg\" \/>\n\t<meta property=\"og:image:width\" content=\"1149\" \/>\n\t<meta property=\"og:image:height\" content=\"1058\" \/>\n\t<meta property=\"og:image:type\" content=\"image\/jpeg\" \/>\n<meta name=\"twitter:card\" content=\"summary_large_image\" \/>\n<meta name=\"twitter:label1\" content=\"Preis\" \/>\n\t<meta name=\"twitter:data1\" content=\"&#067;&#072;&#070;&nbsp;74.00 TTC\" \/>\n\t<meta name=\"twitter:label2\" content=\"Verf\u00fcgbarkeit\" \/>\n\t<meta name=\"twitter:data2\" content=\"Auf Lager\" \/>\n<script type=\"application\/ld+json\" class=\"yoast-schema-graph\">{\"@context\":\"https:\/\/schema.org\",\"@graph\":[{\"@type\":\"WebPage\",\"@id\":\"https:\/\/chefpastry.ch\/produit\/silikomart-box-douilles\/\",\"url\":\"https:\/\/chefpastry.ch\/produit\/silikomart-box-douilles\/\",\"name\":\"BOX 36 DOUILLES - Chef Pastry\",\"isPartOf\":{\"@id\":\"https:\/\/chefpastry.ch\/#website\"},\"primaryImageOfPage\":{\"@id\":\"https:\/\/chefpastry.ch\/produit\/silikomart-box-douilles\/#primaryimage\"},\"image\":{\"@id\":\"https:\/\/chefpastry.ch\/produit\/silikomart-box-douilles\/#primaryimage\"},\"thumbnailUrl\":\"https:\/\/chefpastry.ch\/wp-content\/uploads\/2022\/06\/Box-36-Douilles.jpg\",\"datePublished\":\"2022-06-02T21:26:10+00:00\",\"dateModified\":\"2025-11-15T07:16:51+00:00\",\"description\":\"Box constitu\u00e9 de 36 douilles Silikomart en acier inoxydable. Douille unies, \u00e9toile, petits fours, fleur, b\u00fbche et \u00e0 choux. Entretien facile.\",\"breadcrumb\":{\"@id\":\"https:\/\/chefpastry.ch\/produit\/silikomart-box-douilles\/#breadcrumb\"},\"inLanguage\":\"de\",\"potentialAction\":[{\"@type\":\"ReadAction\",\"target\":[\"https:\/\/chefpastry.ch\/produit\/silikomart-box-douilles\/\"]}]},{\"@type\":\"ImageObject\",\"inLanguage\":\"de\",\"@id\":\"https:\/\/chefpastry.ch\/produit\/silikomart-box-douilles\/#primaryimage\",\"url\":\"https:\/\/chefpastry.ch\/wp-content\/uploads\/2022\/06\/Box-36-Douilles.jpg\",\"contentUrl\":\"https:\/\/chefpastry.ch\/wp-content\/uploads\/2022\/06\/Box-36-Douilles.jpg\",\"width\":1149,\"height\":1058,\"caption\":\"Box 36 Douilles\"},{\"@type\":\"BreadcrumbList\",\"@id\":\"https:\/\/chefpastry.ch\/produit\/silikomart-box-douilles\/#breadcrumb\",\"itemListElement\":[{\"@type\":\"ListItem\",\"position\":1,\"name\":\"Home\",\"item\":\"https:\/\/chefpastry.ch\/\"},{\"@type\":\"ListItem\",\"position\":2,\"name\":\"E-shop\",\"item\":\"https:\/\/chefpastry.ch\/e-shop\/\"},{\"@type\":\"ListItem\",\"position\":3,\"name\":\"BOX 36 DOUILLES\"}]},{\"@type\":\"WebSite\",\"@id\":\"https:\/\/chefpastry.ch\/#website\",\"url\":\"https:\/\/chefpastry.ch\/\",\"name\":\"Chef Pastry\",\"description\":\"\",\"publisher\":{\"@id\":\"https:\/\/chefpastry.ch\/#organization\"},\"potentialAction\":[{\"@type\":\"SearchAction\",\"target\":{\"@type\":\"EntryPoint\",\"urlTemplate\":\"https:\/\/chefpastry.ch\/?s={search_term_string}\"},\"query-input\":{\"@type\":\"PropertyValueSpecification\",\"valueRequired\":true,\"valueName\":\"search_term_string\"}}],\"inLanguage\":\"de\"},{\"@type\":\"Organization\",\"@id\":\"https:\/\/chefpastry.ch\/#organization\",\"name\":\"Chef Pastry\",\"url\":\"https:\/\/chefpastry.ch\/\",\"logo\":{\"@type\":\"ImageObject\",\"inLanguage\":\"de\",\"@id\":\"https:\/\/chefpastry.ch\/#\/schema\/logo\/image\/\",\"url\":\"https:\/\/chefpastry.ch\/wp-content\/uploads\/2022\/07\/cropped-chef_pastry_logo_rgb-03.png\",\"contentUrl\":\"https:\/\/chefpastry.ch\/wp-content\/uploads\/2022\/07\/cropped-chef_pastry_logo_rgb-03.png\",\"width\":1545,\"height\":412,\"caption\":\"Chef Pastry\"},\"image\":{\"@id\":\"https:\/\/chefpastry.ch\/#\/schema\/logo\/image\/\"}}]}<\/script>\n<meta property=\"product:price:amount\" content=\"74.00\" \/>\n<meta property=\"product:price:currency\" content=\"CHF\" \/>\n<meta property=\"og:availability\" content=\"instock\" \/>\n<meta property=\"product:availability\" content=\"instock\" \/>\n<meta property=\"product:retailer_item_id\" content=\"40.454.99.0000\" \/>\n<meta property=\"product:condition\" content=\"new\" \/>\n<!-- \/ Yoast SEO plugin. -->","yoast_head_json":{"title":"BOX 36 DOUILLES - Chef Pastry","description":"Box constitu\u00e9 de 36 douilles Silikomart en acier inoxydable. Douille unies, \u00e9toile, petits fours, fleur, b\u00fbche et \u00e0 choux. Entretien facile.","robots":{"index":"index","follow":"follow","max-snippet":"max-snippet:-1","max-image-preview":"max-image-preview:large","max-video-preview":"max-video-preview:-1"},"canonical":"https:\/\/chefpastry.ch\/de\/produkt\/silikomart-box-douilles\/","og_locale":"de_DE","og_type":"article","og_title":"BOX 36 DOUILLES - Chef Pastry","og_description":"Box constitu\u00e9 de 36 douilles Silikomart en acier inoxydable. Douille unies, \u00e9toile, petits fours, fleur, b\u00fbche et \u00e0 choux. Entretien facile.","og_url":"https:\/\/chefpastry.ch\/de\/produkt\/silikomart-box-douilles\/","og_site_name":"Chef Pastry","article_modified_time":"2025-11-15T07:16:51+00:00","og_image":[{"width":1149,"height":1058,"url":"https:\/\/chefpastry.ch\/wp-content\/uploads\/2022\/06\/Box-36-Douilles.jpg","type":"image\/jpeg"}],"twitter_card":"summary_large_image","twitter_misc":{"Preis":"&#67;&#72;&#70;&nbsp;74.00 TTC","Verf\u00fcgbarkeit":"Auf Lager"},"schema":{"@context":"https:\/\/schema.org","@graph":[{"@type":"WebPage","@id":"https:\/\/chefpastry.ch\/produit\/silikomart-box-douilles\/","url":"https:\/\/chefpastry.ch\/produit\/silikomart-box-douilles\/","name":"BOX 36 DOUILLES - Chef Pastry","isPartOf":{"@id":"https:\/\/chefpastry.ch\/#website"},"primaryImageOfPage":{"@id":"https:\/\/chefpastry.ch\/produit\/silikomart-box-douilles\/#primaryimage"},"image":{"@id":"https:\/\/chefpastry.ch\/produit\/silikomart-box-douilles\/#primaryimage"},"thumbnailUrl":"https:\/\/chefpastry.ch\/wp-content\/uploads\/2022\/06\/Box-36-Douilles.jpg","datePublished":"2022-06-02T21:26:10+00:00","dateModified":"2025-11-15T07:16:51+00:00","description":"Box constitu\u00e9 de 36 douilles Silikomart en acier inoxydable. Douille unies, \u00e9toile, petits fours, fleur, b\u00fbche et \u00e0 choux. Entretien facile.","breadcrumb":{"@id":"https:\/\/chefpastry.ch\/produit\/silikomart-box-douilles\/#breadcrumb"},"inLanguage":"de","potentialAction":[{"@type":"ReadAction","target":["https:\/\/chefpastry.ch\/produit\/silikomart-box-douilles\/"]}]},{"@type":"ImageObject","inLanguage":"de","@id":"https:\/\/chefpastry.ch\/produit\/silikomart-box-douilles\/#primaryimage","url":"https:\/\/chefpastry.ch\/wp-content\/uploads\/2022\/06\/Box-36-Douilles.jpg","contentUrl":"https:\/\/chefpastry.ch\/wp-content\/uploads\/2022\/06\/Box-36-Douilles.jpg","width":1149,"height":1058,"caption":"Box 36 Douilles"},{"@type":"BreadcrumbList","@id":"https:\/\/chefpastry.ch\/produit\/silikomart-box-douilles\/#breadcrumb","itemListElement":[{"@type":"ListItem","position":1,"name":"Home","item":"https:\/\/chefpastry.ch\/"},{"@type":"ListItem","position":2,"name":"E-shop","item":"https:\/\/chefpastry.ch\/e-shop\/"},{"@type":"ListItem","position":3,"name":"BOX 36 DOUILLES"}]},{"@type":"WebSite","@id":"https:\/\/chefpastry.ch\/#website","url":"https:\/\/chefpastry.ch\/","name":"Chef Pastry","description":"","publisher":{"@id":"https:\/\/chefpastry.ch\/#organization"},"potentialAction":[{"@type":"SearchAction","target":{"@type":"EntryPoint","urlTemplate":"https:\/\/chefpastry.ch\/?s={search_term_string}"},"query-input":{"@type":"PropertyValueSpecification","valueRequired":true,"valueName":"search_term_string"}}],"inLanguage":"de"},{"@type":"Organization","@id":"https:\/\/chefpastry.ch\/#organization","name":"Chef Pastry","url":"https:\/\/chefpastry.ch\/","logo":{"@type":"ImageObject","inLanguage":"de","@id":"https:\/\/chefpastry.ch\/#\/schema\/logo\/image\/","url":"https:\/\/chefpastry.ch\/wp-content\/uploads\/2022\/07\/cropped-chef_pastry_logo_rgb-03.png","contentUrl":"https:\/\/chefpastry.ch\/wp-content\/uploads\/2022\/07\/cropped-chef_pastry_logo_rgb-03.png","width":1545,"height":412,"caption":"Chef Pastry"},"image":{"@id":"https:\/\/chefpastry.ch\/#\/schema\/logo\/image\/"}}]},"product_price_amount":"74.00","product_price_currency":"CHF","og_availability":"instock","product_availability":"instock","product_retailer_item_id":"40.454.99.0000","product_condition":"new"},"_links":{"self":[{"href":"https:\/\/chefpastry.ch\/de\/wp-json\/wp\/v2\/product\/6501","targetHints":{"allow":["GET"]}}],"collection":[{"href":"https:\/\/chefpastry.ch\/de\/wp-json\/wp\/v2\/product"}],"about":[{"href":"https:\/\/chefpastry.ch\/de\/wp-json\/wp\/v2\/types\/product"}],"replies":[{"embeddable":true,"href":"https:\/\/chefpastry.ch\/de\/wp-json\/wp\/v2\/comments?post=6501"}],"version-history":[{"count":1,"href":"https:\/\/chefpastry.ch\/de\/wp-json\/wp\/v2\/product\/6501\/revisions"}],"predecessor-version":[{"id":16696,"href":"https:\/\/chefpastry.ch\/de\/wp-json\/wp\/v2\/product\/6501\/revisions\/16696"}],"wp:featuredmedia":[{"embeddable":true,"href":"https:\/\/chefpastry.ch\/de\/wp-json\/wp\/v2\/media\/11735"}],"wp:attachment":[{"href":"https:\/\/chefpastry.ch\/de\/wp-json\/wp\/v2\/media?parent=6501"}],"wp:term":[{"taxonomy":"product_brand","embeddable":true,"href":"https:\/\/chefpastry.ch\/de\/wp-json\/wp\/v2\/product_brand?post=6501"},{"taxonomy":"product_cat","embeddable":true,"href":"https:\/\/chefpastry.ch\/de\/wp-json\/wp\/v2\/product_cat?post=6501"},{"taxonomy":"product_tag","embeddable":true,"href":"https:\/\/chefpastry.ch\/de\/wp-json\/wp\/v2\/product_tag?post=6501"}],"curies":[{"name":"wp","href":"https:\/\/api.w.org\/{rel}","templated":true}]}}