{"id":6440,"date":"2022-06-02T23:25:27","date_gmt":"2022-06-02T21:25:27","guid":{"rendered":"https:\/\/chefpastry-aventure-gourmande.geekworkers.dev\/produit\/gousses-vanille-bourbon-bio\/"},"modified":"2025-12-17T18:07:58","modified_gmt":"2025-12-17T17:07:58","slug":"gousses-vanille-bourbon-madagascar","status":"publish","type":"product","link":"https:\/\/chefpastry.ch\/de\/produkt\/gousses-vanille-bourbon-madagascar\/","title":{"rendered":"GOUSSES VANILLE BOURBON"},"content":{"rendered":"<p>La vanille est un ingr\u00e9dient <strong>aromatique magique<\/strong> qui peut ajouter une touche de sophistication \u00e0 n\u2019importe quel plat ou boisson.<\/p>\n<p>Die sch\u00f6nsten Schoten von <strong>Vanille aus Madagaskar<\/strong>Sie haben die M\u00f6glichkeit, eine Reihe von sorgf\u00e4ltig ausgew\u00e4hlten B\u00fcchern zu lesen, die nur f\u00fcr Sie bestimmt sind.<br \/>\nEine <strong>Vanilleschote<\/strong> misst zwischen 14 und 16 cm, eine erstklassige Vanille, die von allen leidenschaftlichen Konditoren verwendet wird.<\/p>\n<p>Wird in einer Glasr\u00f6hre aufbewahrt, um seine Qualit\u00e4t l\u00e4nger zu gew\u00e4hrleisten.<\/p>\n<p>D\u00e9couvrez la V\u00e9ritable <strong>Bourbon-Vanille<\/strong> de Madagascar, un produit d&rsquo;exception : gourmande, douce et incroyablement parfum\u00e9e.<br \/>\nR\u00e9colt\u00e9es \u00e0 la main dans la r\u00e9gion de Antalaha, au nord-est de Madagascar, ces gousses ont m\u00fbri au soleil pour atteindre un taux d&rsquo;humidit\u00e9 id\u00e9al pour la p\u00e2tisserie : 33 \u00e0 35%.<\/p>\n<p><strong>Tipps zur Aufbewahrung<\/strong> :\u00a0 Conservez votre vanille \u00e0 l&rsquo;abri de la chaleur et de l&rsquo;humidit\u00e9 et limitez le contact avec l&rsquo;air.<\/p>\n<ul>\n<li>10 <strong>Vanilleschoten<\/strong> Gourmet Extra in der Tube<\/li>\n<\/ul>","protected":false},"excerpt":{"rendered":"<p>La v\u00e9ritable Vanille Bourbon bio du nord-est de Madagascar, r\u00e9colt\u00e9e \u00e0 la main, est un produit d&rsquo;exception : gourmande, douce et incroyablement parfum\u00e9e.<\/p>","protected":false},"featured_media":13156,"comment_status":"closed","ping_status":"closed","template":"","meta":{"_jet_sm_ready_style":"","_jet_sm_style":"","_jet_sm_controls_values":"","_jet_sm_fonts_collection":"","_jet_sm_fonts_links":"","_joinchat":[]},"product_brand":[],"product_cat":[77],"product_tag":[],"class_list":{"0":"post-6440","1":"product","2":"type-product","3":"status-publish","4":"has-post-thumbnail","6":"product_cat-alimentaire","8":"first","9":"instock","10":"taxable","11":"shipping-taxable","12":"purchasable","13":"product-type-simple"},"yoast_head":"<!-- This site is optimized with the Yoast SEO plugin v27.0 - https:\/\/yoast.com\/product\/yoast-seo-wordpress\/ -->\n<title>GOUSSES VANILLE BOURBON - Chef Pastry<\/title>\n<meta name=\"description\" content=\"La v\u00e9ritable Vanille Bourbon du nord-est de Madagascar est un produit d&#039;exception : gourmande, douce et incroyablement parfum\u00e9e.\" \/>\n<meta name=\"robots\" content=\"index, follow, max-snippet:-1, max-image-preview:large, max-video-preview:-1\" \/>\n<link rel=\"canonical\" href=\"https:\/\/chefpastry.ch\/de\/produkt\/gousses-vanille-bourbon-madagascar\/\" \/>\n<meta property=\"og:locale\" content=\"de_DE\" \/>\n<meta property=\"og:type\" content=\"article\" \/>\n<meta property=\"og:title\" content=\"GOUSSES VANILLE BOURBON - Chef Pastry\" \/>\n<meta property=\"og:description\" content=\"La v\u00e9ritable Vanille Bourbon du nord-est de Madagascar est un produit d&#039;exception : gourmande, douce et incroyablement parfum\u00e9e.\" \/>\n<meta property=\"og:url\" content=\"https:\/\/chefpastry.ch\/de\/produkt\/gousses-vanille-bourbon-madagascar\/\" \/>\n<meta property=\"og:site_name\" content=\"Chef Pastry\" \/>\n<meta property=\"article:modified_time\" content=\"2025-12-17T17:07:58+00:00\" \/>\n<meta property=\"og:image\" content=\"https:\/\/chefpastry.ch\/wp-content\/uploads\/2022\/06\/gousses-vanille.webp\" \/>\n\t<meta property=\"og:image:width\" content=\"750\" \/>\n\t<meta property=\"og:image:height\" content=\"1000\" \/>\n\t<meta property=\"og:image:type\" content=\"image\/webp\" \/>\n<meta name=\"twitter:card\" content=\"summary_large_image\" \/>\n<meta name=\"twitter:label1\" content=\"Preis\" \/>\n\t<meta name=\"twitter:data1\" content=\"&#067;&#072;&#070;&nbsp;49.00 TTC\" \/>\n\t<meta name=\"twitter:label2\" content=\"Verf\u00fcgbarkeit\" \/>\n\t<meta name=\"twitter:data2\" content=\"Auf Lager\" \/>\n<script type=\"application\/ld+json\" class=\"yoast-schema-graph\">{\"@context\":\"https:\/\/schema.org\",\"@graph\":[{\"@type\":\"WebPage\",\"@id\":\"https:\/\/chefpastry.ch\/produit\/gousses-vanille-bourbon-madagascar\/\",\"url\":\"https:\/\/chefpastry.ch\/produit\/gousses-vanille-bourbon-madagascar\/\",\"name\":\"GOUSSES VANILLE BOURBON - Chef Pastry\",\"isPartOf\":{\"@id\":\"https:\/\/chefpastry.ch\/#website\"},\"primaryImageOfPage\":{\"@id\":\"https:\/\/chefpastry.ch\/produit\/gousses-vanille-bourbon-madagascar\/#primaryimage\"},\"image\":{\"@id\":\"https:\/\/chefpastry.ch\/produit\/gousses-vanille-bourbon-madagascar\/#primaryimage\"},\"thumbnailUrl\":\"https:\/\/chefpastry.ch\/wp-content\/uploads\/2022\/06\/gousses-vanille.webp\",\"datePublished\":\"2022-06-02T21:25:27+00:00\",\"dateModified\":\"2025-12-17T17:07:58+00:00\",\"description\":\"La v\u00e9ritable Vanille Bourbon du nord-est de Madagascar est un produit d'exception : gourmande, douce et incroyablement parfum\u00e9e.\",\"breadcrumb\":{\"@id\":\"https:\/\/chefpastry.ch\/produit\/gousses-vanille-bourbon-madagascar\/#breadcrumb\"},\"inLanguage\":\"de\",\"potentialAction\":[{\"@type\":\"ReadAction\",\"target\":[\"https:\/\/chefpastry.ch\/produit\/gousses-vanille-bourbon-madagascar\/\"]}]},{\"@type\":\"ImageObject\",\"inLanguage\":\"de\",\"@id\":\"https:\/\/chefpastry.ch\/produit\/gousses-vanille-bourbon-madagascar\/#primaryimage\",\"url\":\"https:\/\/chefpastry.ch\/wp-content\/uploads\/2022\/06\/gousses-vanille.webp\",\"contentUrl\":\"https:\/\/chefpastry.ch\/wp-content\/uploads\/2022\/06\/gousses-vanille.webp\",\"width\":750,\"height\":1000,\"caption\":\"Gousses vanille bourbon bio\"},{\"@type\":\"BreadcrumbList\",\"@id\":\"https:\/\/chefpastry.ch\/produit\/gousses-vanille-bourbon-madagascar\/#breadcrumb\",\"itemListElement\":[{\"@type\":\"ListItem\",\"position\":1,\"name\":\"Home\",\"item\":\"https:\/\/chefpastry.ch\/\"},{\"@type\":\"ListItem\",\"position\":2,\"name\":\"E-shop\",\"item\":\"https:\/\/chefpastry.ch\/e-shop\/\"},{\"@type\":\"ListItem\",\"position\":3,\"name\":\"GOUSSES VANILLE BOURBON\"}]},{\"@type\":\"WebSite\",\"@id\":\"https:\/\/chefpastry.ch\/#website\",\"url\":\"https:\/\/chefpastry.ch\/\",\"name\":\"Chef Pastry\",\"description\":\"\",\"publisher\":{\"@id\":\"https:\/\/chefpastry.ch\/#organization\"},\"potentialAction\":[{\"@type\":\"SearchAction\",\"target\":{\"@type\":\"EntryPoint\",\"urlTemplate\":\"https:\/\/chefpastry.ch\/?s={search_term_string}\"},\"query-input\":{\"@type\":\"PropertyValueSpecification\",\"valueRequired\":true,\"valueName\":\"search_term_string\"}}],\"inLanguage\":\"de\"},{\"@type\":\"Organization\",\"@id\":\"https:\/\/chefpastry.ch\/#organization\",\"name\":\"Chef Pastry\",\"url\":\"https:\/\/chefpastry.ch\/\",\"logo\":{\"@type\":\"ImageObject\",\"inLanguage\":\"de\",\"@id\":\"https:\/\/chefpastry.ch\/#\/schema\/logo\/image\/\",\"url\":\"https:\/\/chefpastry.ch\/wp-content\/uploads\/2022\/07\/cropped-chef_pastry_logo_rgb-03.png\",\"contentUrl\":\"https:\/\/chefpastry.ch\/wp-content\/uploads\/2022\/07\/cropped-chef_pastry_logo_rgb-03.png\",\"width\":1545,\"height\":412,\"caption\":\"Chef Pastry\"},\"image\":{\"@id\":\"https:\/\/chefpastry.ch\/#\/schema\/logo\/image\/\"}}]}<\/script>\n<meta property=\"product:price:amount\" content=\"49.00\" \/>\n<meta property=\"product:price:currency\" content=\"CHF\" \/>\n<meta property=\"og:availability\" content=\"instock\" \/>\n<meta property=\"product:availability\" content=\"instock\" \/>\n<meta property=\"product:retailer_item_id\" content=\"GVBB\" \/>\n<meta property=\"product:condition\" content=\"new\" \/>\n<!-- \/ Yoast SEO plugin. -->","yoast_head_json":{"title":"GOUSSES VANILLE BOURBON - Chef Pastry","description":"La v\u00e9ritable Vanille Bourbon du nord-est de Madagascar est un produit d'exception : gourmande, douce et incroyablement parfum\u00e9e.","robots":{"index":"index","follow":"follow","max-snippet":"max-snippet:-1","max-image-preview":"max-image-preview:large","max-video-preview":"max-video-preview:-1"},"canonical":"https:\/\/chefpastry.ch\/de\/produkt\/gousses-vanille-bourbon-madagascar\/","og_locale":"de_DE","og_type":"article","og_title":"GOUSSES VANILLE BOURBON - Chef Pastry","og_description":"La v\u00e9ritable Vanille Bourbon du nord-est de Madagascar est un produit d'exception : gourmande, douce et incroyablement parfum\u00e9e.","og_url":"https:\/\/chefpastry.ch\/de\/produkt\/gousses-vanille-bourbon-madagascar\/","og_site_name":"Chef Pastry","article_modified_time":"2025-12-17T17:07:58+00:00","og_image":[{"width":750,"height":1000,"url":"https:\/\/chefpastry.ch\/wp-content\/uploads\/2022\/06\/gousses-vanille.webp","type":"image\/webp"}],"twitter_card":"summary_large_image","twitter_misc":{"Preis":"&#67;&#72;&#70;&nbsp;49.00 TTC","Verf\u00fcgbarkeit":"Auf Lager"},"schema":{"@context":"https:\/\/schema.org","@graph":[{"@type":"WebPage","@id":"https:\/\/chefpastry.ch\/produit\/gousses-vanille-bourbon-madagascar\/","url":"https:\/\/chefpastry.ch\/produit\/gousses-vanille-bourbon-madagascar\/","name":"GOUSSES VANILLE BOURBON - Chef Pastry","isPartOf":{"@id":"https:\/\/chefpastry.ch\/#website"},"primaryImageOfPage":{"@id":"https:\/\/chefpastry.ch\/produit\/gousses-vanille-bourbon-madagascar\/#primaryimage"},"image":{"@id":"https:\/\/chefpastry.ch\/produit\/gousses-vanille-bourbon-madagascar\/#primaryimage"},"thumbnailUrl":"https:\/\/chefpastry.ch\/wp-content\/uploads\/2022\/06\/gousses-vanille.webp","datePublished":"2022-06-02T21:25:27+00:00","dateModified":"2025-12-17T17:07:58+00:00","description":"La v\u00e9ritable Vanille Bourbon du nord-est de Madagascar est un produit d'exception : gourmande, douce et incroyablement parfum\u00e9e.","breadcrumb":{"@id":"https:\/\/chefpastry.ch\/produit\/gousses-vanille-bourbon-madagascar\/#breadcrumb"},"inLanguage":"de","potentialAction":[{"@type":"ReadAction","target":["https:\/\/chefpastry.ch\/produit\/gousses-vanille-bourbon-madagascar\/"]}]},{"@type":"ImageObject","inLanguage":"de","@id":"https:\/\/chefpastry.ch\/produit\/gousses-vanille-bourbon-madagascar\/#primaryimage","url":"https:\/\/chefpastry.ch\/wp-content\/uploads\/2022\/06\/gousses-vanille.webp","contentUrl":"https:\/\/chefpastry.ch\/wp-content\/uploads\/2022\/06\/gousses-vanille.webp","width":750,"height":1000,"caption":"Gousses vanille bourbon bio"},{"@type":"BreadcrumbList","@id":"https:\/\/chefpastry.ch\/produit\/gousses-vanille-bourbon-madagascar\/#breadcrumb","itemListElement":[{"@type":"ListItem","position":1,"name":"Home","item":"https:\/\/chefpastry.ch\/"},{"@type":"ListItem","position":2,"name":"E-shop","item":"https:\/\/chefpastry.ch\/e-shop\/"},{"@type":"ListItem","position":3,"name":"GOUSSES VANILLE BOURBON"}]},{"@type":"WebSite","@id":"https:\/\/chefpastry.ch\/#website","url":"https:\/\/chefpastry.ch\/","name":"Chef Pastry","description":"","publisher":{"@id":"https:\/\/chefpastry.ch\/#organization"},"potentialAction":[{"@type":"SearchAction","target":{"@type":"EntryPoint","urlTemplate":"https:\/\/chefpastry.ch\/?s={search_term_string}"},"query-input":{"@type":"PropertyValueSpecification","valueRequired":true,"valueName":"search_term_string"}}],"inLanguage":"de"},{"@type":"Organization","@id":"https:\/\/chefpastry.ch\/#organization","name":"Chef Pastry","url":"https:\/\/chefpastry.ch\/","logo":{"@type":"ImageObject","inLanguage":"de","@id":"https:\/\/chefpastry.ch\/#\/schema\/logo\/image\/","url":"https:\/\/chefpastry.ch\/wp-content\/uploads\/2022\/07\/cropped-chef_pastry_logo_rgb-03.png","contentUrl":"https:\/\/chefpastry.ch\/wp-content\/uploads\/2022\/07\/cropped-chef_pastry_logo_rgb-03.png","width":1545,"height":412,"caption":"Chef Pastry"},"image":{"@id":"https:\/\/chefpastry.ch\/#\/schema\/logo\/image\/"}}]},"product_price_amount":"49.00","product_price_currency":"CHF","og_availability":"instock","product_availability":"instock","product_retailer_item_id":"GVBB","product_condition":"new"},"_links":{"self":[{"href":"https:\/\/chefpastry.ch\/de\/wp-json\/wp\/v2\/product\/6440","targetHints":{"allow":["GET"]}}],"collection":[{"href":"https:\/\/chefpastry.ch\/de\/wp-json\/wp\/v2\/product"}],"about":[{"href":"https:\/\/chefpastry.ch\/de\/wp-json\/wp\/v2\/types\/product"}],"replies":[{"embeddable":true,"href":"https:\/\/chefpastry.ch\/de\/wp-json\/wp\/v2\/comments?post=6440"}],"version-history":[{"count":1,"href":"https:\/\/chefpastry.ch\/de\/wp-json\/wp\/v2\/product\/6440\/revisions"}],"predecessor-version":[{"id":16694,"href":"https:\/\/chefpastry.ch\/de\/wp-json\/wp\/v2\/product\/6440\/revisions\/16694"}],"wp:featuredmedia":[{"embeddable":true,"href":"https:\/\/chefpastry.ch\/de\/wp-json\/wp\/v2\/media\/13156"}],"wp:attachment":[{"href":"https:\/\/chefpastry.ch\/de\/wp-json\/wp\/v2\/media?parent=6440"}],"wp:term":[{"taxonomy":"product_brand","embeddable":true,"href":"https:\/\/chefpastry.ch\/de\/wp-json\/wp\/v2\/product_brand?post=6440"},{"taxonomy":"product_cat","embeddable":true,"href":"https:\/\/chefpastry.ch\/de\/wp-json\/wp\/v2\/product_cat?post=6440"},{"taxonomy":"product_tag","embeddable":true,"href":"https:\/\/chefpastry.ch\/de\/wp-json\/wp\/v2\/product_tag?post=6440"}],"curies":[{"name":"wp","href":"https:\/\/api.w.org\/{rel}","templated":true}]}}