{"id":6309,"date":"2022-06-02T23:24:13","date_gmt":"2022-06-02T21:24:13","guid":{"rendered":"https:\/\/chefpastry-aventure-gourmande.geekworkers.dev\/produit\/deko-choc-flam\/"},"modified":"2023-02-18T17:52:29","modified_gmt":"2023-02-18T16:52:29","slug":"deko-choc-flam-martellato","status":"publish","type":"product","link":"https:\/\/chefpastry.ch\/de\/produkt\/deko-choc-flam-martellato\/","title":{"rendered":"DEKO CHOC FLAM"},"content":{"rendered":"<p>Deko Choc Flam von Martellato, das entwickelt wurde, um Konditoren ein perfektes Werkzeug f\u00fcr die Erstellung von Dekorationen aus <strong>Schokolade<\/strong> Ende.<\/p>\n<p>Wunderbare Dekorationen, die Ihre Desserts einzigartig machen.<br \/>\nNous recommandons d&rsquo;utiliser de la couverture.<\/p>\n<p>Form aus <strong>Polycarbonat<\/strong> f\u00fcr kreative Dekorationen aus Schokolade.<\/p>\n<ul>\n<li>Farbe: wei\u00df<\/li>\n<li>Produktgr\u00f6\u00dfe: 275 x 175 mm<\/li>\n<li>Gr\u00f6\u00dfe der Dekoration: 72 x h 19 mm<\/li>\n<li>Productivit\u00e9 de l&rsquo;objet : 18 pi\u00e8ces<\/li>\n<li>Gewicht des fertigen Produkts: \u2248 2\/3 gr<\/li>\n<li>Pi\u00e8ces dans l&#8217;emballage : 1<\/li>\n<\/ul>","protected":false},"excerpt":{"rendered":"<p>Deko Choc Flam von Martellato, das entwickelt wurde, um Konditoren ein perfektes Werkzeug f\u00fcr die Erstellung von Dekorationen aus <strong>Schokolade<\/strong> Ende.<\/p>\n<p>Wunderbare Dekorationen, die Ihre Desserts einzigartig machen.<br \/>\nNous recommandons d&rsquo;utiliser de la couverture.<\/p>","protected":false},"featured_media":6311,"comment_status":"closed","ping_status":"closed","template":"","meta":{"_jet_sm_ready_style":"","_jet_sm_style":"","_jet_sm_controls_values":"","_jet_sm_fonts_collection":"","_jet_sm_fonts_links":"","_joinchat":[]},"product_brand":[],"product_cat":[53],"product_tag":[],"class_list":{"0":"post-6309","1":"product","2":"type-product","3":"status-publish","4":"has-post-thumbnail","6":"product_cat-chocolats","8":"first","9":"instock","10":"taxable","11":"shipping-taxable","12":"purchasable","13":"product-type-simple"},"yoast_head":"<!-- This site is optimized with the Yoast SEO plugin v27.0 - https:\/\/yoast.com\/product\/yoast-seo-wordpress\/ -->\n<title>DEKO CHOC FLAM - Chef Pastry<\/title>\n<meta name=\"description\" content=\"Deko Choc Flam de Martellato, con\u00e7u pour donner aux p\u00e2tissiers un outil parfait pour cr\u00e9er des d\u00e9corations en chocolat fin.\" \/>\n<meta name=\"robots\" content=\"index, follow, max-snippet:-1, max-image-preview:large, max-video-preview:-1\" \/>\n<link rel=\"canonical\" href=\"https:\/\/chefpastry.ch\/de\/produkt\/deko-choc-flam-martellato\/\" \/>\n<meta property=\"og:locale\" content=\"de_DE\" \/>\n<meta property=\"og:type\" content=\"article\" \/>\n<meta property=\"og:title\" content=\"DEKO CHOC FLAM - Chef Pastry\" \/>\n<meta property=\"og:description\" content=\"Deko Choc Flam de Martellato, con\u00e7u pour donner aux p\u00e2tissiers un outil parfait pour cr\u00e9er des d\u00e9corations en chocolat fin.\" \/>\n<meta property=\"og:url\" content=\"https:\/\/chefpastry.ch\/de\/produkt\/deko-choc-flam-martellato\/\" \/>\n<meta property=\"og:site_name\" content=\"Chef Pastry\" \/>\n<meta property=\"article:modified_time\" content=\"2023-02-18T16:52:29+00:00\" \/>\n<meta property=\"og:image\" content=\"https:\/\/chefpastry.ch\/wp-content\/uploads\/2022\/06\/image-1629.jpg\" \/>\n\t<meta property=\"og:image:width\" content=\"450\" \/>\n\t<meta property=\"og:image:height\" content=\"450\" \/>\n\t<meta property=\"og:image:type\" content=\"image\/jpeg\" \/>\n<meta name=\"twitter:card\" content=\"summary_large_image\" \/>\n<meta name=\"twitter:label1\" content=\"Preis\" \/>\n\t<meta name=\"twitter:data1\" content=\"&#067;&#072;&#070;&nbsp;28.00 TTC\" \/>\n\t<meta name=\"twitter:label2\" content=\"Verf\u00fcgbarkeit\" \/>\n\t<meta name=\"twitter:data2\" content=\"Auf Lager\" \/>\n<script type=\"application\/ld+json\" class=\"yoast-schema-graph\">{\"@context\":\"https:\/\/schema.org\",\"@graph\":[{\"@type\":\"WebPage\",\"@id\":\"https:\/\/chefpastry.ch\/produit\/deko-choc-flam-martellato\/\",\"url\":\"https:\/\/chefpastry.ch\/produit\/deko-choc-flam-martellato\/\",\"name\":\"DEKO CHOC FLAM - Chef Pastry\",\"isPartOf\":{\"@id\":\"https:\/\/chefpastry.ch\/#website\"},\"primaryImageOfPage\":{\"@id\":\"https:\/\/chefpastry.ch\/produit\/deko-choc-flam-martellato\/#primaryimage\"},\"image\":{\"@id\":\"https:\/\/chefpastry.ch\/produit\/deko-choc-flam-martellato\/#primaryimage\"},\"thumbnailUrl\":\"https:\/\/chefpastry.ch\/wp-content\/uploads\/2022\/06\/image-1629.jpg\",\"datePublished\":\"2022-06-02T21:24:13+00:00\",\"dateModified\":\"2023-02-18T16:52:29+00:00\",\"description\":\"Deko Choc Flam de Martellato, con\u00e7u pour donner aux p\u00e2tissiers un outil parfait pour cr\u00e9er des d\u00e9corations en chocolat fin.\",\"breadcrumb\":{\"@id\":\"https:\/\/chefpastry.ch\/produit\/deko-choc-flam-martellato\/#breadcrumb\"},\"inLanguage\":\"de\",\"potentialAction\":[{\"@type\":\"ReadAction\",\"target\":[\"https:\/\/chefpastry.ch\/produit\/deko-choc-flam-martellato\/\"]}]},{\"@type\":\"ImageObject\",\"inLanguage\":\"de\",\"@id\":\"https:\/\/chefpastry.ch\/produit\/deko-choc-flam-martellato\/#primaryimage\",\"url\":\"https:\/\/chefpastry.ch\/wp-content\/uploads\/2022\/06\/image-1629.jpg\",\"contentUrl\":\"https:\/\/chefpastry.ch\/wp-content\/uploads\/2022\/06\/image-1629.jpg\",\"width\":450,\"height\":450,\"caption\":\"Deko Choc Flam Martellato\"},{\"@type\":\"BreadcrumbList\",\"@id\":\"https:\/\/chefpastry.ch\/produit\/deko-choc-flam-martellato\/#breadcrumb\",\"itemListElement\":[{\"@type\":\"ListItem\",\"position\":1,\"name\":\"Home\",\"item\":\"https:\/\/chefpastry.ch\/\"},{\"@type\":\"ListItem\",\"position\":2,\"name\":\"E-shop\",\"item\":\"https:\/\/chefpastry.ch\/e-shop\/\"},{\"@type\":\"ListItem\",\"position\":3,\"name\":\"DEKO CHOC FLAM\"}]},{\"@type\":\"WebSite\",\"@id\":\"https:\/\/chefpastry.ch\/#website\",\"url\":\"https:\/\/chefpastry.ch\/\",\"name\":\"Chef Pastry\",\"description\":\"\",\"publisher\":{\"@id\":\"https:\/\/chefpastry.ch\/#organization\"},\"potentialAction\":[{\"@type\":\"SearchAction\",\"target\":{\"@type\":\"EntryPoint\",\"urlTemplate\":\"https:\/\/chefpastry.ch\/?s={search_term_string}\"},\"query-input\":{\"@type\":\"PropertyValueSpecification\",\"valueRequired\":true,\"valueName\":\"search_term_string\"}}],\"inLanguage\":\"de\"},{\"@type\":\"Organization\",\"@id\":\"https:\/\/chefpastry.ch\/#organization\",\"name\":\"Chef Pastry\",\"url\":\"https:\/\/chefpastry.ch\/\",\"logo\":{\"@type\":\"ImageObject\",\"inLanguage\":\"de\",\"@id\":\"https:\/\/chefpastry.ch\/#\/schema\/logo\/image\/\",\"url\":\"https:\/\/chefpastry.ch\/wp-content\/uploads\/2022\/07\/cropped-chef_pastry_logo_rgb-03.png\",\"contentUrl\":\"https:\/\/chefpastry.ch\/wp-content\/uploads\/2022\/07\/cropped-chef_pastry_logo_rgb-03.png\",\"width\":1545,\"height\":412,\"caption\":\"Chef Pastry\"},\"image\":{\"@id\":\"https:\/\/chefpastry.ch\/#\/schema\/logo\/image\/\"}}]}<\/script>\n<meta property=\"product:price:amount\" content=\"28.00\" \/>\n<meta property=\"product:price:currency\" content=\"CHF\" \/>\n<meta property=\"og:availability\" content=\"instock\" \/>\n<meta property=\"product:availability\" content=\"instock\" \/>\n<meta property=\"product:retailer_item_id\" content=\"20-D006\" \/>\n<meta property=\"product:condition\" content=\"new\" \/>\n<!-- \/ Yoast SEO plugin. -->","yoast_head_json":{"title":"DEKO CHOC FLAM - Chef Pastry","description":"Deko Choc Flam de Martellato, con\u00e7u pour donner aux p\u00e2tissiers un outil parfait pour cr\u00e9er des d\u00e9corations en chocolat fin.","robots":{"index":"index","follow":"follow","max-snippet":"max-snippet:-1","max-image-preview":"max-image-preview:large","max-video-preview":"max-video-preview:-1"},"canonical":"https:\/\/chefpastry.ch\/de\/produkt\/deko-choc-flam-martellato\/","og_locale":"de_DE","og_type":"article","og_title":"DEKO CHOC FLAM - Chef Pastry","og_description":"Deko Choc Flam de Martellato, con\u00e7u pour donner aux p\u00e2tissiers un outil parfait pour cr\u00e9er des d\u00e9corations en chocolat fin.","og_url":"https:\/\/chefpastry.ch\/de\/produkt\/deko-choc-flam-martellato\/","og_site_name":"Chef Pastry","article_modified_time":"2023-02-18T16:52:29+00:00","og_image":[{"width":450,"height":450,"url":"https:\/\/chefpastry.ch\/wp-content\/uploads\/2022\/06\/image-1629.jpg","type":"image\/jpeg"}],"twitter_card":"summary_large_image","twitter_misc":{"Preis":"&#67;&#72;&#70;&nbsp;28.00 TTC","Verf\u00fcgbarkeit":"Auf Lager"},"schema":{"@context":"https:\/\/schema.org","@graph":[{"@type":"WebPage","@id":"https:\/\/chefpastry.ch\/produit\/deko-choc-flam-martellato\/","url":"https:\/\/chefpastry.ch\/produit\/deko-choc-flam-martellato\/","name":"DEKO CHOC FLAM - Chef Pastry","isPartOf":{"@id":"https:\/\/chefpastry.ch\/#website"},"primaryImageOfPage":{"@id":"https:\/\/chefpastry.ch\/produit\/deko-choc-flam-martellato\/#primaryimage"},"image":{"@id":"https:\/\/chefpastry.ch\/produit\/deko-choc-flam-martellato\/#primaryimage"},"thumbnailUrl":"https:\/\/chefpastry.ch\/wp-content\/uploads\/2022\/06\/image-1629.jpg","datePublished":"2022-06-02T21:24:13+00:00","dateModified":"2023-02-18T16:52:29+00:00","description":"Deko Choc Flam de Martellato, con\u00e7u pour donner aux p\u00e2tissiers un outil parfait pour cr\u00e9er des d\u00e9corations en chocolat fin.","breadcrumb":{"@id":"https:\/\/chefpastry.ch\/produit\/deko-choc-flam-martellato\/#breadcrumb"},"inLanguage":"de","potentialAction":[{"@type":"ReadAction","target":["https:\/\/chefpastry.ch\/produit\/deko-choc-flam-martellato\/"]}]},{"@type":"ImageObject","inLanguage":"de","@id":"https:\/\/chefpastry.ch\/produit\/deko-choc-flam-martellato\/#primaryimage","url":"https:\/\/chefpastry.ch\/wp-content\/uploads\/2022\/06\/image-1629.jpg","contentUrl":"https:\/\/chefpastry.ch\/wp-content\/uploads\/2022\/06\/image-1629.jpg","width":450,"height":450,"caption":"Deko Choc Flam Martellato"},{"@type":"BreadcrumbList","@id":"https:\/\/chefpastry.ch\/produit\/deko-choc-flam-martellato\/#breadcrumb","itemListElement":[{"@type":"ListItem","position":1,"name":"Home","item":"https:\/\/chefpastry.ch\/"},{"@type":"ListItem","position":2,"name":"E-shop","item":"https:\/\/chefpastry.ch\/e-shop\/"},{"@type":"ListItem","position":3,"name":"DEKO CHOC FLAM"}]},{"@type":"WebSite","@id":"https:\/\/chefpastry.ch\/#website","url":"https:\/\/chefpastry.ch\/","name":"Chef Pastry","description":"","publisher":{"@id":"https:\/\/chefpastry.ch\/#organization"},"potentialAction":[{"@type":"SearchAction","target":{"@type":"EntryPoint","urlTemplate":"https:\/\/chefpastry.ch\/?s={search_term_string}"},"query-input":{"@type":"PropertyValueSpecification","valueRequired":true,"valueName":"search_term_string"}}],"inLanguage":"de"},{"@type":"Organization","@id":"https:\/\/chefpastry.ch\/#organization","name":"Chef Pastry","url":"https:\/\/chefpastry.ch\/","logo":{"@type":"ImageObject","inLanguage":"de","@id":"https:\/\/chefpastry.ch\/#\/schema\/logo\/image\/","url":"https:\/\/chefpastry.ch\/wp-content\/uploads\/2022\/07\/cropped-chef_pastry_logo_rgb-03.png","contentUrl":"https:\/\/chefpastry.ch\/wp-content\/uploads\/2022\/07\/cropped-chef_pastry_logo_rgb-03.png","width":1545,"height":412,"caption":"Chef Pastry"},"image":{"@id":"https:\/\/chefpastry.ch\/#\/schema\/logo\/image\/"}}]},"product_price_amount":"28.00","product_price_currency":"CHF","og_availability":"instock","product_availability":"instock","product_retailer_item_id":"20-D006","product_condition":"new"},"_links":{"self":[{"href":"https:\/\/chefpastry.ch\/de\/wp-json\/wp\/v2\/product\/6309","targetHints":{"allow":["GET"]}}],"collection":[{"href":"https:\/\/chefpastry.ch\/de\/wp-json\/wp\/v2\/product"}],"about":[{"href":"https:\/\/chefpastry.ch\/de\/wp-json\/wp\/v2\/types\/product"}],"replies":[{"embeddable":true,"href":"https:\/\/chefpastry.ch\/de\/wp-json\/wp\/v2\/comments?post=6309"}],"version-history":[{"count":0,"href":"https:\/\/chefpastry.ch\/de\/wp-json\/wp\/v2\/product\/6309\/revisions"}],"wp:featuredmedia":[{"embeddable":true,"href":"https:\/\/chefpastry.ch\/de\/wp-json\/wp\/v2\/media\/6311"}],"wp:attachment":[{"href":"https:\/\/chefpastry.ch\/de\/wp-json\/wp\/v2\/media?parent=6309"}],"wp:term":[{"taxonomy":"product_brand","embeddable":true,"href":"https:\/\/chefpastry.ch\/de\/wp-json\/wp\/v2\/product_brand?post=6309"},{"taxonomy":"product_cat","embeddable":true,"href":"https:\/\/chefpastry.ch\/de\/wp-json\/wp\/v2\/product_cat?post=6309"},{"taxonomy":"product_tag","embeddable":true,"href":"https:\/\/chefpastry.ch\/de\/wp-json\/wp\/v2\/product_tag?post=6309"}],"curies":[{"name":"wp","href":"https:\/\/api.w.org\/{rel}","templated":true}]}}