{"id":6301,"date":"2022-06-02T23:24:13","date_gmt":"2022-06-02T21:24:13","guid":{"rendered":"https:\/\/chefpastry-aventure-gourmande.geekworkers.dev\/produit\/chablon-goutte\/"},"modified":"2024-11-20T15:07:12","modified_gmt":"2024-11-20T14:07:12","slug":"tapis-chablon-goutte-martellato","status":"publish","type":"product","link":"https:\/\/chefpastry.ch\/de\/produkt\/tapis-chablon-goutte-martellato\/","title":{"rendered":"CHABLON GOUTTE"},"content":{"rendered":"<p>Dieser Teppich <strong>Schablone Tropfen<\/strong> von Martellato aus Silikon f\u00fcr den <strong>Schokolade<\/strong> ist eine Alternative, um raffinierte Dekorationen oder <strong>oder Schokolade.<\/strong> d&rsquo;aspect inhabituel.<br \/>\nJusqu&rsquo;\u00e0 60 d\u00e9corations peuvent \u00eatre r\u00e9alis\u00e9es avec un seul tapis. ce qui permet d&rsquo;optimiser le temps de production sans nuire \u00e0 la qualit\u00e9.<\/p>\n<p>L&rsquo;article est robuste et en m\u00eame temps suffisamment souple pour faciliter le d\u00e9moulage. Lavable au lave-vaisselle. le tapis en silicone pour le chocolat est r\u00e9utilisable et r\u00e9sistant aux<br \/>\nTemperatur\u00e4nderungen. eine Eigenschaft, die einen schnellen \u00dcbergang in die K\u00fchlzelle oder den Gefrierschrank erm\u00f6glicht.<\/p>\n<ul>\n<li>Farbe: Wei\u00df<\/li>\n<li>Produktgr\u00f6\u00dfe: 390X290 mm<\/li>\n<li>Gr\u00f6\u00dfe der Dekoration: 35 x 25 mm<\/li>\n<li>Productivit\u00e9 de l&rsquo;objet : 60 pcs<\/li>\n<li>Teile in der Packung: 1 pc<\/li>\n<\/ul>","protected":false},"excerpt":{"rendered":"<p>Dieser Teppich <strong>Schablone Tropfen<\/strong> von Martellato aus Silikon f\u00fcr den <strong>Schokolade<\/strong> ist eine Alternative, um raffinierte Dekorationen oder <strong>oder Schokolade.<\/strong> d&rsquo;aspect inhabituel.<\/p>","protected":false},"featured_media":6303,"comment_status":"closed","ping_status":"closed","template":"","meta":{"_jet_sm_ready_style":"","_jet_sm_style":"","_jet_sm_controls_values":"","_jet_sm_fonts_collection":"","_jet_sm_fonts_links":"","_joinchat":[]},"product_brand":[],"product_cat":[53],"product_tag":[],"class_list":{"0":"post-6301","1":"product","2":"type-product","3":"status-publish","4":"has-post-thumbnail","6":"product_cat-chocolats","8":"first","9":"instock","10":"taxable","11":"shipping-taxable","12":"purchasable","13":"product-type-simple"},"yoast_head":"<!-- This site is optimized with the Yoast SEO plugin v27.0 - https:\/\/yoast.com\/product\/yoast-seo-wordpress\/ -->\n<title>CHABLON GOUTTE - Chef Pastry<\/title>\n<meta name=\"description\" content=\"Tapis Chablon Goutte de Martellato en silicone pour le chocolat est une alternative pour cr\u00e9er des d\u00e9corations raffin\u00e9es.\" \/>\n<meta name=\"robots\" content=\"index, follow, max-snippet:-1, max-image-preview:large, max-video-preview:-1\" \/>\n<link rel=\"canonical\" href=\"https:\/\/chefpastry.ch\/de\/produkt\/tapis-chablon-goutte-martellato\/\" \/>\n<meta property=\"og:locale\" content=\"de_DE\" \/>\n<meta property=\"og:type\" content=\"article\" \/>\n<meta property=\"og:title\" content=\"CHABLON GOUTTE - Chef Pastry\" \/>\n<meta property=\"og:description\" content=\"Tapis Chablon Goutte de Martellato en silicone pour le chocolat est une alternative pour cr\u00e9er des d\u00e9corations raffin\u00e9es.\" \/>\n<meta property=\"og:url\" content=\"https:\/\/chefpastry.ch\/de\/produkt\/tapis-chablon-goutte-martellato\/\" \/>\n<meta property=\"og:site_name\" content=\"Chef Pastry\" \/>\n<meta property=\"article:modified_time\" content=\"2024-11-20T14:07:12+00:00\" \/>\n<meta property=\"og:image\" content=\"https:\/\/chefpastry.ch\/wp-content\/uploads\/2022\/06\/image-1625.jpg\" \/>\n\t<meta property=\"og:image:width\" content=\"450\" \/>\n\t<meta property=\"og:image:height\" content=\"450\" \/>\n\t<meta property=\"og:image:type\" content=\"image\/jpeg\" \/>\n<meta name=\"twitter:card\" content=\"summary_large_image\" \/>\n<meta name=\"twitter:label1\" content=\"Preis\" \/>\n\t<meta name=\"twitter:data1\" content=\"&#067;&#072;&#070;&nbsp;35.00 TTC\" \/>\n\t<meta name=\"twitter:label2\" content=\"Verf\u00fcgbarkeit\" \/>\n\t<meta name=\"twitter:data2\" content=\"Auf Lager\" \/>\n<script type=\"application\/ld+json\" class=\"yoast-schema-graph\">{\"@context\":\"https:\/\/schema.org\",\"@graph\":[{\"@type\":\"WebPage\",\"@id\":\"https:\/\/chefpastry.ch\/produit\/tapis-chablon-goutte-martellato\/\",\"url\":\"https:\/\/chefpastry.ch\/produit\/tapis-chablon-goutte-martellato\/\",\"name\":\"CHABLON GOUTTE - Chef Pastry\",\"isPartOf\":{\"@id\":\"https:\/\/chefpastry.ch\/#website\"},\"primaryImageOfPage\":{\"@id\":\"https:\/\/chefpastry.ch\/produit\/tapis-chablon-goutte-martellato\/#primaryimage\"},\"image\":{\"@id\":\"https:\/\/chefpastry.ch\/produit\/tapis-chablon-goutte-martellato\/#primaryimage\"},\"thumbnailUrl\":\"https:\/\/chefpastry.ch\/wp-content\/uploads\/2022\/06\/image-1625.jpg\",\"datePublished\":\"2022-06-02T21:24:13+00:00\",\"dateModified\":\"2024-11-20T14:07:12+00:00\",\"description\":\"Tapis Chablon Goutte de Martellato en silicone pour le chocolat est une alternative pour cr\u00e9er des d\u00e9corations raffin\u00e9es.\",\"breadcrumb\":{\"@id\":\"https:\/\/chefpastry.ch\/produit\/tapis-chablon-goutte-martellato\/#breadcrumb\"},\"inLanguage\":\"de\",\"potentialAction\":[{\"@type\":\"ReadAction\",\"target\":[\"https:\/\/chefpastry.ch\/produit\/tapis-chablon-goutte-martellato\/\"]}]},{\"@type\":\"ImageObject\",\"inLanguage\":\"de\",\"@id\":\"https:\/\/chefpastry.ch\/produit\/tapis-chablon-goutte-martellato\/#primaryimage\",\"url\":\"https:\/\/chefpastry.ch\/wp-content\/uploads\/2022\/06\/image-1625.jpg\",\"contentUrl\":\"https:\/\/chefpastry.ch\/wp-content\/uploads\/2022\/06\/image-1625.jpg\",\"width\":450,\"height\":450,\"caption\":\"Tapis Chablon Goutte Martellato\"},{\"@type\":\"BreadcrumbList\",\"@id\":\"https:\/\/chefpastry.ch\/produit\/tapis-chablon-goutte-martellato\/#breadcrumb\",\"itemListElement\":[{\"@type\":\"ListItem\",\"position\":1,\"name\":\"Home\",\"item\":\"https:\/\/chefpastry.ch\/\"},{\"@type\":\"ListItem\",\"position\":2,\"name\":\"E-shop\",\"item\":\"https:\/\/chefpastry.ch\/e-shop\/\"},{\"@type\":\"ListItem\",\"position\":3,\"name\":\"CHABLON GOUTTE\"}]},{\"@type\":\"WebSite\",\"@id\":\"https:\/\/chefpastry.ch\/#website\",\"url\":\"https:\/\/chefpastry.ch\/\",\"name\":\"Chef Pastry\",\"description\":\"\",\"publisher\":{\"@id\":\"https:\/\/chefpastry.ch\/#organization\"},\"potentialAction\":[{\"@type\":\"SearchAction\",\"target\":{\"@type\":\"EntryPoint\",\"urlTemplate\":\"https:\/\/chefpastry.ch\/?s={search_term_string}\"},\"query-input\":{\"@type\":\"PropertyValueSpecification\",\"valueRequired\":true,\"valueName\":\"search_term_string\"}}],\"inLanguage\":\"de\"},{\"@type\":\"Organization\",\"@id\":\"https:\/\/chefpastry.ch\/#organization\",\"name\":\"Chef Pastry\",\"url\":\"https:\/\/chefpastry.ch\/\",\"logo\":{\"@type\":\"ImageObject\",\"inLanguage\":\"de\",\"@id\":\"https:\/\/chefpastry.ch\/#\/schema\/logo\/image\/\",\"url\":\"https:\/\/chefpastry.ch\/wp-content\/uploads\/2022\/07\/cropped-chef_pastry_logo_rgb-03.png\",\"contentUrl\":\"https:\/\/chefpastry.ch\/wp-content\/uploads\/2022\/07\/cropped-chef_pastry_logo_rgb-03.png\",\"width\":1545,\"height\":412,\"caption\":\"Chef Pastry\"},\"image\":{\"@id\":\"https:\/\/chefpastry.ch\/#\/schema\/logo\/image\/\"}}]}<\/script>\n<meta property=\"product:price:amount\" content=\"35.00\" \/>\n<meta property=\"product:price:currency\" content=\"CHF\" \/>\n<meta property=\"og:availability\" content=\"instock\" \/>\n<meta property=\"product:availability\" content=\"instock\" \/>\n<meta property=\"product:retailer_item_id\" content=\"CHASIL1\" \/>\n<meta property=\"product:condition\" content=\"new\" \/>\n<!-- \/ Yoast SEO plugin. -->","yoast_head_json":{"title":"CHABLON GOUTTE - Chef Pastry","description":"Tapis Chablon Goutte de Martellato en silicone pour le chocolat est une alternative pour cr\u00e9er des d\u00e9corations raffin\u00e9es.","robots":{"index":"index","follow":"follow","max-snippet":"max-snippet:-1","max-image-preview":"max-image-preview:large","max-video-preview":"max-video-preview:-1"},"canonical":"https:\/\/chefpastry.ch\/de\/produkt\/tapis-chablon-goutte-martellato\/","og_locale":"de_DE","og_type":"article","og_title":"CHABLON GOUTTE - Chef Pastry","og_description":"Tapis Chablon Goutte de Martellato en silicone pour le chocolat est une alternative pour cr\u00e9er des d\u00e9corations raffin\u00e9es.","og_url":"https:\/\/chefpastry.ch\/de\/produkt\/tapis-chablon-goutte-martellato\/","og_site_name":"Chef Pastry","article_modified_time":"2024-11-20T14:07:12+00:00","og_image":[{"width":450,"height":450,"url":"https:\/\/chefpastry.ch\/wp-content\/uploads\/2022\/06\/image-1625.jpg","type":"image\/jpeg"}],"twitter_card":"summary_large_image","twitter_misc":{"Preis":"&#67;&#72;&#70;&nbsp;35.00 TTC","Verf\u00fcgbarkeit":"Auf Lager"},"schema":{"@context":"https:\/\/schema.org","@graph":[{"@type":"WebPage","@id":"https:\/\/chefpastry.ch\/produit\/tapis-chablon-goutte-martellato\/","url":"https:\/\/chefpastry.ch\/produit\/tapis-chablon-goutte-martellato\/","name":"CHABLON GOUTTE - Chef Pastry","isPartOf":{"@id":"https:\/\/chefpastry.ch\/#website"},"primaryImageOfPage":{"@id":"https:\/\/chefpastry.ch\/produit\/tapis-chablon-goutte-martellato\/#primaryimage"},"image":{"@id":"https:\/\/chefpastry.ch\/produit\/tapis-chablon-goutte-martellato\/#primaryimage"},"thumbnailUrl":"https:\/\/chefpastry.ch\/wp-content\/uploads\/2022\/06\/image-1625.jpg","datePublished":"2022-06-02T21:24:13+00:00","dateModified":"2024-11-20T14:07:12+00:00","description":"Tapis Chablon Goutte de Martellato en silicone pour le chocolat est une alternative pour cr\u00e9er des d\u00e9corations raffin\u00e9es.","breadcrumb":{"@id":"https:\/\/chefpastry.ch\/produit\/tapis-chablon-goutte-martellato\/#breadcrumb"},"inLanguage":"de","potentialAction":[{"@type":"ReadAction","target":["https:\/\/chefpastry.ch\/produit\/tapis-chablon-goutte-martellato\/"]}]},{"@type":"ImageObject","inLanguage":"de","@id":"https:\/\/chefpastry.ch\/produit\/tapis-chablon-goutte-martellato\/#primaryimage","url":"https:\/\/chefpastry.ch\/wp-content\/uploads\/2022\/06\/image-1625.jpg","contentUrl":"https:\/\/chefpastry.ch\/wp-content\/uploads\/2022\/06\/image-1625.jpg","width":450,"height":450,"caption":"Tapis Chablon Goutte Martellato"},{"@type":"BreadcrumbList","@id":"https:\/\/chefpastry.ch\/produit\/tapis-chablon-goutte-martellato\/#breadcrumb","itemListElement":[{"@type":"ListItem","position":1,"name":"Home","item":"https:\/\/chefpastry.ch\/"},{"@type":"ListItem","position":2,"name":"E-shop","item":"https:\/\/chefpastry.ch\/e-shop\/"},{"@type":"ListItem","position":3,"name":"CHABLON GOUTTE"}]},{"@type":"WebSite","@id":"https:\/\/chefpastry.ch\/#website","url":"https:\/\/chefpastry.ch\/","name":"Chef Pastry","description":"","publisher":{"@id":"https:\/\/chefpastry.ch\/#organization"},"potentialAction":[{"@type":"SearchAction","target":{"@type":"EntryPoint","urlTemplate":"https:\/\/chefpastry.ch\/?s={search_term_string}"},"query-input":{"@type":"PropertyValueSpecification","valueRequired":true,"valueName":"search_term_string"}}],"inLanguage":"de"},{"@type":"Organization","@id":"https:\/\/chefpastry.ch\/#organization","name":"Chef Pastry","url":"https:\/\/chefpastry.ch\/","logo":{"@type":"ImageObject","inLanguage":"de","@id":"https:\/\/chefpastry.ch\/#\/schema\/logo\/image\/","url":"https:\/\/chefpastry.ch\/wp-content\/uploads\/2022\/07\/cropped-chef_pastry_logo_rgb-03.png","contentUrl":"https:\/\/chefpastry.ch\/wp-content\/uploads\/2022\/07\/cropped-chef_pastry_logo_rgb-03.png","width":1545,"height":412,"caption":"Chef Pastry"},"image":{"@id":"https:\/\/chefpastry.ch\/#\/schema\/logo\/image\/"}}]},"product_price_amount":"35.00","product_price_currency":"CHF","og_availability":"instock","product_availability":"instock","product_retailer_item_id":"CHASIL1","product_condition":"new"},"_links":{"self":[{"href":"https:\/\/chefpastry.ch\/de\/wp-json\/wp\/v2\/product\/6301","targetHints":{"allow":["GET"]}}],"collection":[{"href":"https:\/\/chefpastry.ch\/de\/wp-json\/wp\/v2\/product"}],"about":[{"href":"https:\/\/chefpastry.ch\/de\/wp-json\/wp\/v2\/types\/product"}],"replies":[{"embeddable":true,"href":"https:\/\/chefpastry.ch\/de\/wp-json\/wp\/v2\/comments?post=6301"}],"version-history":[{"count":0,"href":"https:\/\/chefpastry.ch\/de\/wp-json\/wp\/v2\/product\/6301\/revisions"}],"wp:featuredmedia":[{"embeddable":true,"href":"https:\/\/chefpastry.ch\/de\/wp-json\/wp\/v2\/media\/6303"}],"wp:attachment":[{"href":"https:\/\/chefpastry.ch\/de\/wp-json\/wp\/v2\/media?parent=6301"}],"wp:term":[{"taxonomy":"product_brand","embeddable":true,"href":"https:\/\/chefpastry.ch\/de\/wp-json\/wp\/v2\/product_brand?post=6301"},{"taxonomy":"product_cat","embeddable":true,"href":"https:\/\/chefpastry.ch\/de\/wp-json\/wp\/v2\/product_cat?post=6301"},{"taxonomy":"product_tag","embeddable":true,"href":"https:\/\/chefpastry.ch\/de\/wp-json\/wp\/v2\/product_tag?post=6301"}],"curies":[{"name":"wp","href":"https:\/\/api.w.org\/{rel}","templated":true}]}}