{"id":6230,"date":"2022-06-02T23:23:28","date_gmt":"2022-06-02T21:23:28","guid":{"rendered":"https:\/\/chefpastry-aventure-gourmande.geekworkers.dev\/produit\/plateaux\/"},"modified":"2025-07-22T15:32:53","modified_gmt":"2025-07-22T13:32:53","slug":"accesoirs-plateaux-reutilisables-silikomart-plateaux","status":"publish","type":"product","link":"https:\/\/chefpastry.ch\/de\/produkt\/accesoirs-plateaux-reutilisables-silikomart-plateaux\/","title":{"rendered":"PLATEAUX"},"content":{"rendered":"<p>Elegant <strong>Tabletts<\/strong> plastique r\u00e9utilisables Silikomart, id\u00e9ales pour pr\u00e9senter, stocker et transporter vos portions individuelles gr\u00e2ce \u00e0 une section centrale antid\u00e9rapante innovante et une invitation pratique \u00e0 la prise en main. Gr\u00e2ce aux couleurs blanches ou noires un design minimaliste, la soucoupe met en valeur l&rsquo;esth\u00e9tique du produit fini pour un look \u00e9l\u00e9gant et raffin\u00e9. L&rsquo;entretien rapide et facile de la soucoupe permet au professionnel de l&rsquo;utiliser encore et encore.<\/p>\n<p>* Nicht geeignet f\u00fcr die Verwendung auf W\u00e4rmequellen.<\/p>\n<p>SET 100 ST\u00dcCK \/ WEISS ODER SCHWARZ<\/p>\n<ul>\n<li>DIMENSIONEN :<\/li>\n<li>SQUARE: 83 x 83 mm<\/li>\n<li>ROUND: \u00d8 86 mm<\/li>\n<li>RECHTECKIG: 140 x 40 mm<\/li>\n<\/ul>","protected":false},"excerpt":{"rendered":"<p>\u00c9l\u00e9gante plateaux en plastique r\u00e9utilisables silikomart, id\u00e9ales pour pr\u00e9senter, stocker et transporter vos portions individuelles gr\u00e2ce \u00e0 une section centrale antid\u00e9rapante<\/p>","protected":false},"featured_media":6232,"comment_status":"closed","ping_status":"closed","template":"","meta":{"_jet_sm_ready_style":"","_jet_sm_style":"","_jet_sm_controls_values":"","_jet_sm_fonts_collection":"","_jet_sm_fonts_links":"","_joinchat":[]},"product_brand":[],"product_cat":[24],"product_tag":[],"class_list":{"0":"post-6230","1":"product","2":"type-product","3":"status-publish","4":"has-post-thumbnail","6":"product_cat-accessoires","7":"pa_declinaison-rectangle-blanc","8":"pa_declinaison-rectangle-noir","9":"pa_declinaison-round-blanc","10":"pa_declinaison-round-noir","11":"pa_declinaison-square-blanc","12":"pa_declinaison-square-noir","14":"first","15":"instock","16":"taxable","17":"shipping-taxable","18":"purchasable","19":"product-type-variable"},"yoast_head":"<!-- This site is optimized with the Yoast SEO plugin v27.0 - https:\/\/yoast.com\/product\/yoast-seo-wordpress\/ -->\n<title>PLATEAUX - Chef Pastry<\/title>\n<meta name=\"description\" content=\"\u00c9l\u00e9gante plateaux en plastique r\u00e9utilisables Silikomart, id\u00e9ales pour pr\u00e9senter, stocker et transporter vos portions individuelles antid\u00e9rapante.\" \/>\n<meta name=\"robots\" content=\"index, follow, max-snippet:-1, max-image-preview:large, max-video-preview:-1\" \/>\n<link rel=\"canonical\" href=\"https:\/\/chefpastry.ch\/de\/produkt\/accesoirs-plateaux-reutilisables-silikomart-plateaux\/\" \/>\n<meta property=\"og:locale\" content=\"de_DE\" \/>\n<meta property=\"og:type\" content=\"article\" \/>\n<meta property=\"og:title\" content=\"PLATEAUX - Chef Pastry\" \/>\n<meta property=\"og:description\" content=\"\u00c9l\u00e9gante plateaux en plastique r\u00e9utilisables Silikomart, id\u00e9ales pour pr\u00e9senter, stocker et transporter vos portions individuelles antid\u00e9rapante.\" \/>\n<meta property=\"og:url\" content=\"https:\/\/chefpastry.ch\/de\/produkt\/accesoirs-plateaux-reutilisables-silikomart-plateaux\/\" \/>\n<meta property=\"og:site_name\" content=\"Chef Pastry\" \/>\n<meta property=\"article:modified_time\" content=\"2025-07-22T13:32:53+00:00\" \/>\n<meta property=\"og:image\" content=\"https:\/\/chefpastry.ch\/wp-content\/uploads\/2022\/06\/image-1577.jpg\" \/>\n\t<meta property=\"og:image:width\" content=\"600\" \/>\n\t<meta property=\"og:image:height\" content=\"400\" \/>\n\t<meta property=\"og:image:type\" content=\"image\/jpeg\" \/>\n<meta name=\"twitter:card\" content=\"summary_large_image\" \/>\n<meta name=\"twitter:label1\" content=\"Verf\u00fcgbarkeit\" \/>\n\t<meta name=\"twitter:data1\" content=\"Auf Lager\" \/>\n<script type=\"application\/ld+json\" class=\"yoast-schema-graph\">{\"@context\":\"https:\/\/schema.org\",\"@graph\":[{\"@type\":\"WebPage\",\"@id\":\"https:\/\/chefpastry.ch\/produit\/accesoirs-plateaux-reutilisables-silikomart-plateaux\/\",\"url\":\"https:\/\/chefpastry.ch\/produit\/accesoirs-plateaux-reutilisables-silikomart-plateaux\/\",\"name\":\"PLATEAUX - Chef Pastry\",\"isPartOf\":{\"@id\":\"https:\/\/chefpastry.ch\/#website\"},\"primaryImageOfPage\":{\"@id\":\"https:\/\/chefpastry.ch\/produit\/accesoirs-plateaux-reutilisables-silikomart-plateaux\/#primaryimage\"},\"image\":{\"@id\":\"https:\/\/chefpastry.ch\/produit\/accesoirs-plateaux-reutilisables-silikomart-plateaux\/#primaryimage\"},\"thumbnailUrl\":\"https:\/\/chefpastry.ch\/wp-content\/uploads\/2022\/06\/image-1577.jpg\",\"datePublished\":\"2022-06-02T21:23:28+00:00\",\"dateModified\":\"2025-07-22T13:32:53+00:00\",\"description\":\"\u00c9l\u00e9gante plateaux en plastique r\u00e9utilisables Silikomart, id\u00e9ales pour pr\u00e9senter, stocker et transporter vos portions individuelles antid\u00e9rapante.\",\"breadcrumb\":{\"@id\":\"https:\/\/chefpastry.ch\/produit\/accesoirs-plateaux-reutilisables-silikomart-plateaux\/#breadcrumb\"},\"inLanguage\":\"de\",\"potentialAction\":[{\"@type\":\"ReadAction\",\"target\":[\"https:\/\/chefpastry.ch\/produit\/accesoirs-plateaux-reutilisables-silikomart-plateaux\/\"]}]},{\"@type\":\"ImageObject\",\"inLanguage\":\"de\",\"@id\":\"https:\/\/chefpastry.ch\/produit\/accesoirs-plateaux-reutilisables-silikomart-plateaux\/#primaryimage\",\"url\":\"https:\/\/chefpastry.ch\/wp-content\/uploads\/2022\/06\/image-1577.jpg\",\"contentUrl\":\"https:\/\/chefpastry.ch\/wp-content\/uploads\/2022\/06\/image-1577.jpg\",\"width\":600,\"height\":400,\"caption\":\"plateaux rond blanc\"},{\"@type\":\"BreadcrumbList\",\"@id\":\"https:\/\/chefpastry.ch\/produit\/accesoirs-plateaux-reutilisables-silikomart-plateaux\/#breadcrumb\",\"itemListElement\":[{\"@type\":\"ListItem\",\"position\":1,\"name\":\"Home\",\"item\":\"https:\/\/chefpastry.ch\/\"},{\"@type\":\"ListItem\",\"position\":2,\"name\":\"E-shop\",\"item\":\"https:\/\/chefpastry.ch\/e-shop\/\"},{\"@type\":\"ListItem\",\"position\":3,\"name\":\"PLATEAUX\"}]},{\"@type\":\"WebSite\",\"@id\":\"https:\/\/chefpastry.ch\/#website\",\"url\":\"https:\/\/chefpastry.ch\/\",\"name\":\"Chef Pastry\",\"description\":\"\",\"publisher\":{\"@id\":\"https:\/\/chefpastry.ch\/#organization\"},\"potentialAction\":[{\"@type\":\"SearchAction\",\"target\":{\"@type\":\"EntryPoint\",\"urlTemplate\":\"https:\/\/chefpastry.ch\/?s={search_term_string}\"},\"query-input\":{\"@type\":\"PropertyValueSpecification\",\"valueRequired\":true,\"valueName\":\"search_term_string\"}}],\"inLanguage\":\"de\"},{\"@type\":\"Organization\",\"@id\":\"https:\/\/chefpastry.ch\/#organization\",\"name\":\"Chef Pastry\",\"url\":\"https:\/\/chefpastry.ch\/\",\"logo\":{\"@type\":\"ImageObject\",\"inLanguage\":\"de\",\"@id\":\"https:\/\/chefpastry.ch\/#\/schema\/logo\/image\/\",\"url\":\"https:\/\/chefpastry.ch\/wp-content\/uploads\/2022\/07\/cropped-chef_pastry_logo_rgb-03.png\",\"contentUrl\":\"https:\/\/chefpastry.ch\/wp-content\/uploads\/2022\/07\/cropped-chef_pastry_logo_rgb-03.png\",\"width\":1545,\"height\":412,\"caption\":\"Chef Pastry\"},\"image\":{\"@id\":\"https:\/\/chefpastry.ch\/#\/schema\/logo\/image\/\"}}]}<\/script>\n<meta property=\"og:availability\" content=\"instock\" \/>\n<meta property=\"product:availability\" content=\"instock\" \/>\n<meta property=\"product:condition\" content=\"new\" \/>\n<!-- \/ Yoast SEO plugin. -->","yoast_head_json":{"title":"PLATEAUX - Chef Pastry","description":"\u00c9l\u00e9gante plateaux en plastique r\u00e9utilisables Silikomart, id\u00e9ales pour pr\u00e9senter, stocker et transporter vos portions individuelles antid\u00e9rapante.","robots":{"index":"index","follow":"follow","max-snippet":"max-snippet:-1","max-image-preview":"max-image-preview:large","max-video-preview":"max-video-preview:-1"},"canonical":"https:\/\/chefpastry.ch\/de\/produkt\/accesoirs-plateaux-reutilisables-silikomart-plateaux\/","og_locale":"de_DE","og_type":"article","og_title":"PLATEAUX - Chef Pastry","og_description":"\u00c9l\u00e9gante plateaux en plastique r\u00e9utilisables Silikomart, id\u00e9ales pour pr\u00e9senter, stocker et transporter vos portions individuelles antid\u00e9rapante.","og_url":"https:\/\/chefpastry.ch\/de\/produkt\/accesoirs-plateaux-reutilisables-silikomart-plateaux\/","og_site_name":"Chef Pastry","article_modified_time":"2025-07-22T13:32:53+00:00","og_image":[{"width":600,"height":400,"url":"https:\/\/chefpastry.ch\/wp-content\/uploads\/2022\/06\/image-1577.jpg","type":"image\/jpeg"}],"twitter_card":"summary_large_image","twitter_misc":{"Verf\u00fcgbarkeit":"Auf Lager"},"schema":{"@context":"https:\/\/schema.org","@graph":[{"@type":"WebPage","@id":"https:\/\/chefpastry.ch\/produit\/accesoirs-plateaux-reutilisables-silikomart-plateaux\/","url":"https:\/\/chefpastry.ch\/produit\/accesoirs-plateaux-reutilisables-silikomart-plateaux\/","name":"PLATEAUX - Chef Pastry","isPartOf":{"@id":"https:\/\/chefpastry.ch\/#website"},"primaryImageOfPage":{"@id":"https:\/\/chefpastry.ch\/produit\/accesoirs-plateaux-reutilisables-silikomart-plateaux\/#primaryimage"},"image":{"@id":"https:\/\/chefpastry.ch\/produit\/accesoirs-plateaux-reutilisables-silikomart-plateaux\/#primaryimage"},"thumbnailUrl":"https:\/\/chefpastry.ch\/wp-content\/uploads\/2022\/06\/image-1577.jpg","datePublished":"2022-06-02T21:23:28+00:00","dateModified":"2025-07-22T13:32:53+00:00","description":"\u00c9l\u00e9gante plateaux en plastique r\u00e9utilisables Silikomart, id\u00e9ales pour pr\u00e9senter, stocker et transporter vos portions individuelles antid\u00e9rapante.","breadcrumb":{"@id":"https:\/\/chefpastry.ch\/produit\/accesoirs-plateaux-reutilisables-silikomart-plateaux\/#breadcrumb"},"inLanguage":"de","potentialAction":[{"@type":"ReadAction","target":["https:\/\/chefpastry.ch\/produit\/accesoirs-plateaux-reutilisables-silikomart-plateaux\/"]}]},{"@type":"ImageObject","inLanguage":"de","@id":"https:\/\/chefpastry.ch\/produit\/accesoirs-plateaux-reutilisables-silikomart-plateaux\/#primaryimage","url":"https:\/\/chefpastry.ch\/wp-content\/uploads\/2022\/06\/image-1577.jpg","contentUrl":"https:\/\/chefpastry.ch\/wp-content\/uploads\/2022\/06\/image-1577.jpg","width":600,"height":400,"caption":"plateaux rond blanc"},{"@type":"BreadcrumbList","@id":"https:\/\/chefpastry.ch\/produit\/accesoirs-plateaux-reutilisables-silikomart-plateaux\/#breadcrumb","itemListElement":[{"@type":"ListItem","position":1,"name":"Home","item":"https:\/\/chefpastry.ch\/"},{"@type":"ListItem","position":2,"name":"E-shop","item":"https:\/\/chefpastry.ch\/e-shop\/"},{"@type":"ListItem","position":3,"name":"PLATEAUX"}]},{"@type":"WebSite","@id":"https:\/\/chefpastry.ch\/#website","url":"https:\/\/chefpastry.ch\/","name":"Chef Pastry","description":"","publisher":{"@id":"https:\/\/chefpastry.ch\/#organization"},"potentialAction":[{"@type":"SearchAction","target":{"@type":"EntryPoint","urlTemplate":"https:\/\/chefpastry.ch\/?s={search_term_string}"},"query-input":{"@type":"PropertyValueSpecification","valueRequired":true,"valueName":"search_term_string"}}],"inLanguage":"de"},{"@type":"Organization","@id":"https:\/\/chefpastry.ch\/#organization","name":"Chef Pastry","url":"https:\/\/chefpastry.ch\/","logo":{"@type":"ImageObject","inLanguage":"de","@id":"https:\/\/chefpastry.ch\/#\/schema\/logo\/image\/","url":"https:\/\/chefpastry.ch\/wp-content\/uploads\/2022\/07\/cropped-chef_pastry_logo_rgb-03.png","contentUrl":"https:\/\/chefpastry.ch\/wp-content\/uploads\/2022\/07\/cropped-chef_pastry_logo_rgb-03.png","width":1545,"height":412,"caption":"Chef Pastry"},"image":{"@id":"https:\/\/chefpastry.ch\/#\/schema\/logo\/image\/"}}]},"og_availability":"instock","product_availability":"instock","product_condition":"new"},"_links":{"self":[{"href":"https:\/\/chefpastry.ch\/de\/wp-json\/wp\/v2\/product\/6230","targetHints":{"allow":["GET"]}}],"collection":[{"href":"https:\/\/chefpastry.ch\/de\/wp-json\/wp\/v2\/product"}],"about":[{"href":"https:\/\/chefpastry.ch\/de\/wp-json\/wp\/v2\/types\/product"}],"replies":[{"embeddable":true,"href":"https:\/\/chefpastry.ch\/de\/wp-json\/wp\/v2\/comments?post=6230"}],"version-history":[{"count":0,"href":"https:\/\/chefpastry.ch\/de\/wp-json\/wp\/v2\/product\/6230\/revisions"}],"wp:featuredmedia":[{"embeddable":true,"href":"https:\/\/chefpastry.ch\/de\/wp-json\/wp\/v2\/media\/6232"}],"wp:attachment":[{"href":"https:\/\/chefpastry.ch\/de\/wp-json\/wp\/v2\/media?parent=6230"}],"wp:term":[{"taxonomy":"product_brand","embeddable":true,"href":"https:\/\/chefpastry.ch\/de\/wp-json\/wp\/v2\/product_brand?post=6230"},{"taxonomy":"product_cat","embeddable":true,"href":"https:\/\/chefpastry.ch\/de\/wp-json\/wp\/v2\/product_cat?post=6230"},{"taxonomy":"product_tag","embeddable":true,"href":"https:\/\/chefpastry.ch\/de\/wp-json\/wp\/v2\/product_tag?post=6230"}],"curies":[{"name":"wp","href":"https:\/\/api.w.org\/{rel}","templated":true}]}}