{"id":6205,"date":"2022-06-02T23:23:17","date_gmt":"2022-06-02T21:23:17","guid":{"rendered":"https:\/\/chefpastry-aventure-gourmande.geekworkers.dev\/produit\/mini-airbrush\/"},"modified":"2025-11-22T17:33:12","modified_gmt":"2025-11-22T16:33:12","slug":"aerographe-mini-airbrush-decoration","status":"publish","type":"product","link":"https:\/\/chefpastry.ch\/de\/produkt\/aerographe-mini-airbrush-decoration\/","title":{"rendered":"MINI AIRBRUSH"},"content":{"rendered":"<p>Komplettes Airbrush-Set: Minikompressor und Airbrush. Cake Paint ist der praktische Kompressor mit Airbrush zum Backen, ideal f\u00fcr kleine Dekorationen.<\/p>\n<p>Das Set besteht aus :<\/p>\n<ul>\n<li>1 Minikompressor 1.6 Amp<\/li>\n<li>1 Airbrush-Stift Double Action 0.2 mm<\/li>\n<li>1 schwarze Tragetasche<\/li>\n<li>1 G\u00fcrtel mit einem f\u00fcr den Transport geeigneten Gurt.<\/li>\n<\/ul>\n<p>Hauptvorteile :<\/p>\n<ul>\n<li>fonction d&rsquo;arr\u00eat automatique<\/li>\n<li>einstellbarer Druck<\/li>\n<li>1 transformateur et 1 support de stylo a\u00e9rographe qui peut \u00eatre tourn\u00e9 \u00e0 360\u00b0 pour faciliter l&rsquo;utilisation.<\/li>\n<\/ul>","protected":false},"excerpt":{"rendered":"<p>Komplettes Airbrush-Set: Minikompressor und Airbrush. Cake Paint ist der praktische Kompressor mit Airbrush zum Backen, ideal f\u00fcr kleine Dekorationen.<\/p>","protected":false},"featured_media":6207,"comment_status":"closed","ping_status":"closed","template":"","meta":{"_jet_sm_ready_style":"","_jet_sm_style":"","_jet_sm_controls_values":"","_jet_sm_fonts_collection":"","_jet_sm_fonts_links":"","_joinchat":[]},"product_brand":[],"product_cat":[181,53],"product_tag":[],"class_list":{"0":"post-6205","1":"product","2":"type-product","3":"status-publish","4":"has-post-thumbnail","6":"product_cat-appareils","7":"product_cat-chocolats","9":"first","10":"instock","11":"taxable","12":"shipping-taxable","13":"purchasable","14":"product-type-simple"},"yoast_head":"<!-- This site is optimized with the Yoast SEO plugin v27.0 - https:\/\/yoast.com\/product\/yoast-seo-wordpress\/ -->\n<title>MINI AIRBRUSH - Chef Pastry<\/title>\n<meta name=\"description\" content=\"Mini Airbrush Cake Paint est le compresseur pratique avec a\u00e9rographe pour la p\u00e2tisserie, id\u00e9al pour les petites d\u00e9corations.\" \/>\n<meta name=\"robots\" content=\"index, follow, max-snippet:-1, max-image-preview:large, max-video-preview:-1\" \/>\n<link rel=\"canonical\" href=\"https:\/\/chefpastry.ch\/de\/produkt\/aerographe-mini-airbrush-decoration\/\" \/>\n<meta property=\"og:locale\" content=\"de_DE\" \/>\n<meta property=\"og:type\" content=\"article\" \/>\n<meta property=\"og:title\" content=\"MINI AIRBRUSH - Chef Pastry\" \/>\n<meta property=\"og:description\" content=\"Mini Airbrush Cake Paint est le compresseur pratique avec a\u00e9rographe pour la p\u00e2tisserie, id\u00e9al pour les petites d\u00e9corations.\" \/>\n<meta property=\"og:url\" content=\"https:\/\/chefpastry.ch\/de\/produkt\/aerographe-mini-airbrush-decoration\/\" \/>\n<meta property=\"og:site_name\" content=\"Chef Pastry\" \/>\n<meta property=\"article:modified_time\" content=\"2025-11-22T16:33:12+00:00\" \/>\n<meta property=\"og:image\" content=\"https:\/\/chefpastry.ch\/wp-content\/uploads\/2022\/06\/image-1562.jpg\" \/>\n\t<meta property=\"og:image:width\" content=\"800\" \/>\n\t<meta property=\"og:image:height\" content=\"800\" \/>\n\t<meta property=\"og:image:type\" content=\"image\/jpeg\" \/>\n<meta name=\"twitter:card\" content=\"summary_large_image\" \/>\n<meta name=\"twitter:label1\" content=\"Preis\" \/>\n\t<meta name=\"twitter:data1\" content=\"&#067;&#072;&#070;&nbsp;170.00 TTC\" \/>\n\t<meta name=\"twitter:label2\" content=\"Verf\u00fcgbarkeit\" \/>\n\t<meta name=\"twitter:data2\" content=\"Auf Lager\" \/>\n<script type=\"application\/ld+json\" class=\"yoast-schema-graph\">{\"@context\":\"https:\/\/schema.org\",\"@graph\":[{\"@type\":\"WebPage\",\"@id\":\"https:\/\/chefpastry.ch\/produit\/aerographe-mini-airbrush-decoration\/\",\"url\":\"https:\/\/chefpastry.ch\/produit\/aerographe-mini-airbrush-decoration\/\",\"name\":\"MINI AIRBRUSH - Chef Pastry\",\"isPartOf\":{\"@id\":\"https:\/\/chefpastry.ch\/#website\"},\"primaryImageOfPage\":{\"@id\":\"https:\/\/chefpastry.ch\/produit\/aerographe-mini-airbrush-decoration\/#primaryimage\"},\"image\":{\"@id\":\"https:\/\/chefpastry.ch\/produit\/aerographe-mini-airbrush-decoration\/#primaryimage\"},\"thumbnailUrl\":\"https:\/\/chefpastry.ch\/wp-content\/uploads\/2022\/06\/image-1562.jpg\",\"datePublished\":\"2022-06-02T21:23:17+00:00\",\"dateModified\":\"2025-11-22T16:33:12+00:00\",\"description\":\"Mini Airbrush Cake Paint est le compresseur pratique avec a\u00e9rographe pour la p\u00e2tisserie, id\u00e9al pour les petites d\u00e9corations.\",\"breadcrumb\":{\"@id\":\"https:\/\/chefpastry.ch\/produit\/aerographe-mini-airbrush-decoration\/#breadcrumb\"},\"inLanguage\":\"de\",\"potentialAction\":[{\"@type\":\"ReadAction\",\"target\":[\"https:\/\/chefpastry.ch\/produit\/aerographe-mini-airbrush-decoration\/\"]}]},{\"@type\":\"ImageObject\",\"inLanguage\":\"de\",\"@id\":\"https:\/\/chefpastry.ch\/produit\/aerographe-mini-airbrush-decoration\/#primaryimage\",\"url\":\"https:\/\/chefpastry.ch\/wp-content\/uploads\/2022\/06\/image-1562.jpg\",\"contentUrl\":\"https:\/\/chefpastry.ch\/wp-content\/uploads\/2022\/06\/image-1562.jpg\",\"width\":800,\"height\":800,\"caption\":\"Mini airbrush a\u00e9rographe d\u00e9coration\"},{\"@type\":\"BreadcrumbList\",\"@id\":\"https:\/\/chefpastry.ch\/produit\/aerographe-mini-airbrush-decoration\/#breadcrumb\",\"itemListElement\":[{\"@type\":\"ListItem\",\"position\":1,\"name\":\"Home\",\"item\":\"https:\/\/chefpastry.ch\/\"},{\"@type\":\"ListItem\",\"position\":2,\"name\":\"E-shop\",\"item\":\"https:\/\/chefpastry.ch\/e-shop\/\"},{\"@type\":\"ListItem\",\"position\":3,\"name\":\"MINI AIRBRUSH\"}]},{\"@type\":\"WebSite\",\"@id\":\"https:\/\/chefpastry.ch\/#website\",\"url\":\"https:\/\/chefpastry.ch\/\",\"name\":\"Chef Pastry\",\"description\":\"\",\"publisher\":{\"@id\":\"https:\/\/chefpastry.ch\/#organization\"},\"potentialAction\":[{\"@type\":\"SearchAction\",\"target\":{\"@type\":\"EntryPoint\",\"urlTemplate\":\"https:\/\/chefpastry.ch\/?s={search_term_string}\"},\"query-input\":{\"@type\":\"PropertyValueSpecification\",\"valueRequired\":true,\"valueName\":\"search_term_string\"}}],\"inLanguage\":\"de\"},{\"@type\":\"Organization\",\"@id\":\"https:\/\/chefpastry.ch\/#organization\",\"name\":\"Chef Pastry\",\"url\":\"https:\/\/chefpastry.ch\/\",\"logo\":{\"@type\":\"ImageObject\",\"inLanguage\":\"de\",\"@id\":\"https:\/\/chefpastry.ch\/#\/schema\/logo\/image\/\",\"url\":\"https:\/\/chefpastry.ch\/wp-content\/uploads\/2022\/07\/cropped-chef_pastry_logo_rgb-03.png\",\"contentUrl\":\"https:\/\/chefpastry.ch\/wp-content\/uploads\/2022\/07\/cropped-chef_pastry_logo_rgb-03.png\",\"width\":1545,\"height\":412,\"caption\":\"Chef Pastry\"},\"image\":{\"@id\":\"https:\/\/chefpastry.ch\/#\/schema\/logo\/image\/\"}}]}<\/script>\n<meta property=\"product:price:amount\" content=\"170.00\" \/>\n<meta property=\"product:price:currency\" content=\"CHF\" \/>\n<meta property=\"og:availability\" content=\"instock\" \/>\n<meta property=\"product:availability\" content=\"instock\" \/>\n<meta property=\"product:retailer_item_id\" content=\"DECOCP02\" \/>\n<meta property=\"product:condition\" content=\"new\" \/>\n<!-- \/ Yoast SEO plugin. -->","yoast_head_json":{"title":"MINI AIRBRUSH - Chef Pastry","description":"Mini Airbrush Cake Paint est le compresseur pratique avec a\u00e9rographe pour la p\u00e2tisserie, id\u00e9al pour les petites d\u00e9corations.","robots":{"index":"index","follow":"follow","max-snippet":"max-snippet:-1","max-image-preview":"max-image-preview:large","max-video-preview":"max-video-preview:-1"},"canonical":"https:\/\/chefpastry.ch\/de\/produkt\/aerographe-mini-airbrush-decoration\/","og_locale":"de_DE","og_type":"article","og_title":"MINI AIRBRUSH - Chef Pastry","og_description":"Mini Airbrush Cake Paint est le compresseur pratique avec a\u00e9rographe pour la p\u00e2tisserie, id\u00e9al pour les petites d\u00e9corations.","og_url":"https:\/\/chefpastry.ch\/de\/produkt\/aerographe-mini-airbrush-decoration\/","og_site_name":"Chef Pastry","article_modified_time":"2025-11-22T16:33:12+00:00","og_image":[{"width":800,"height":800,"url":"https:\/\/chefpastry.ch\/wp-content\/uploads\/2022\/06\/image-1562.jpg","type":"image\/jpeg"}],"twitter_card":"summary_large_image","twitter_misc":{"Preis":"&#67;&#72;&#70;&nbsp;170.00 TTC","Verf\u00fcgbarkeit":"Auf Lager"},"schema":{"@context":"https:\/\/schema.org","@graph":[{"@type":"WebPage","@id":"https:\/\/chefpastry.ch\/produit\/aerographe-mini-airbrush-decoration\/","url":"https:\/\/chefpastry.ch\/produit\/aerographe-mini-airbrush-decoration\/","name":"MINI AIRBRUSH - Chef Pastry","isPartOf":{"@id":"https:\/\/chefpastry.ch\/#website"},"primaryImageOfPage":{"@id":"https:\/\/chefpastry.ch\/produit\/aerographe-mini-airbrush-decoration\/#primaryimage"},"image":{"@id":"https:\/\/chefpastry.ch\/produit\/aerographe-mini-airbrush-decoration\/#primaryimage"},"thumbnailUrl":"https:\/\/chefpastry.ch\/wp-content\/uploads\/2022\/06\/image-1562.jpg","datePublished":"2022-06-02T21:23:17+00:00","dateModified":"2025-11-22T16:33:12+00:00","description":"Mini Airbrush Cake Paint est le compresseur pratique avec a\u00e9rographe pour la p\u00e2tisserie, id\u00e9al pour les petites d\u00e9corations.","breadcrumb":{"@id":"https:\/\/chefpastry.ch\/produit\/aerographe-mini-airbrush-decoration\/#breadcrumb"},"inLanguage":"de","potentialAction":[{"@type":"ReadAction","target":["https:\/\/chefpastry.ch\/produit\/aerographe-mini-airbrush-decoration\/"]}]},{"@type":"ImageObject","inLanguage":"de","@id":"https:\/\/chefpastry.ch\/produit\/aerographe-mini-airbrush-decoration\/#primaryimage","url":"https:\/\/chefpastry.ch\/wp-content\/uploads\/2022\/06\/image-1562.jpg","contentUrl":"https:\/\/chefpastry.ch\/wp-content\/uploads\/2022\/06\/image-1562.jpg","width":800,"height":800,"caption":"Mini airbrush a\u00e9rographe d\u00e9coration"},{"@type":"BreadcrumbList","@id":"https:\/\/chefpastry.ch\/produit\/aerographe-mini-airbrush-decoration\/#breadcrumb","itemListElement":[{"@type":"ListItem","position":1,"name":"Home","item":"https:\/\/chefpastry.ch\/"},{"@type":"ListItem","position":2,"name":"E-shop","item":"https:\/\/chefpastry.ch\/e-shop\/"},{"@type":"ListItem","position":3,"name":"MINI AIRBRUSH"}]},{"@type":"WebSite","@id":"https:\/\/chefpastry.ch\/#website","url":"https:\/\/chefpastry.ch\/","name":"Chef Pastry","description":"","publisher":{"@id":"https:\/\/chefpastry.ch\/#organization"},"potentialAction":[{"@type":"SearchAction","target":{"@type":"EntryPoint","urlTemplate":"https:\/\/chefpastry.ch\/?s={search_term_string}"},"query-input":{"@type":"PropertyValueSpecification","valueRequired":true,"valueName":"search_term_string"}}],"inLanguage":"de"},{"@type":"Organization","@id":"https:\/\/chefpastry.ch\/#organization","name":"Chef Pastry","url":"https:\/\/chefpastry.ch\/","logo":{"@type":"ImageObject","inLanguage":"de","@id":"https:\/\/chefpastry.ch\/#\/schema\/logo\/image\/","url":"https:\/\/chefpastry.ch\/wp-content\/uploads\/2022\/07\/cropped-chef_pastry_logo_rgb-03.png","contentUrl":"https:\/\/chefpastry.ch\/wp-content\/uploads\/2022\/07\/cropped-chef_pastry_logo_rgb-03.png","width":1545,"height":412,"caption":"Chef Pastry"},"image":{"@id":"https:\/\/chefpastry.ch\/#\/schema\/logo\/image\/"}}]},"product_price_amount":"170.00","product_price_currency":"CHF","og_availability":"instock","product_availability":"instock","product_retailer_item_id":"DECOCP02","product_condition":"new"},"_links":{"self":[{"href":"https:\/\/chefpastry.ch\/de\/wp-json\/wp\/v2\/product\/6205","targetHints":{"allow":["GET"]}}],"collection":[{"href":"https:\/\/chefpastry.ch\/de\/wp-json\/wp\/v2\/product"}],"about":[{"href":"https:\/\/chefpastry.ch\/de\/wp-json\/wp\/v2\/types\/product"}],"replies":[{"embeddable":true,"href":"https:\/\/chefpastry.ch\/de\/wp-json\/wp\/v2\/comments?post=6205"}],"version-history":[{"count":1,"href":"https:\/\/chefpastry.ch\/de\/wp-json\/wp\/v2\/product\/6205\/revisions"}],"predecessor-version":[{"id":16890,"href":"https:\/\/chefpastry.ch\/de\/wp-json\/wp\/v2\/product\/6205\/revisions\/16890"}],"wp:featuredmedia":[{"embeddable":true,"href":"https:\/\/chefpastry.ch\/de\/wp-json\/wp\/v2\/media\/6207"}],"wp:attachment":[{"href":"https:\/\/chefpastry.ch\/de\/wp-json\/wp\/v2\/media?parent=6205"}],"wp:term":[{"taxonomy":"product_brand","embeddable":true,"href":"https:\/\/chefpastry.ch\/de\/wp-json\/wp\/v2\/product_brand?post=6205"},{"taxonomy":"product_cat","embeddable":true,"href":"https:\/\/chefpastry.ch\/de\/wp-json\/wp\/v2\/product_cat?post=6205"},{"taxonomy":"product_tag","embeddable":true,"href":"https:\/\/chefpastry.ch\/de\/wp-json\/wp\/v2\/product_tag?post=6205"}],"curies":[{"name":"wp","href":"https:\/\/api.w.org\/{rel}","templated":true}]}}