{"id":6181,"date":"2022-06-02T23:23:05","date_gmt":"2022-06-02T21:23:05","guid":{"rendered":"https:\/\/chefpastry-aventure-gourmande.geekworkers.dev\/produit\/cremino-gel12\/"},"modified":"2025-09-25T11:05:04","modified_gmt":"2025-09-25T09:05:04","slug":"cremino-gel12","status":"publish","type":"product","link":"https:\/\/chefpastry.ch\/de\/produkt\/cremino-gel12\/","title":{"rendered":"CREMINOFORM GEL12"},"content":{"rendered":"<p>Mit der Form <strong>CREMINO GEL12<\/strong> von <strong>Silikomart<\/strong>der Stab von <strong>ikonisches Eis<\/strong> der nie aus der Mode kommt. Praktisch und funktional aus lebensmittelechtem Silikon 100%, wird er in einem 2-teiligen Set mit St\u00e4bchen und Tablett angeboten, das sich f\u00fcr die Zubereitung und Pr\u00e4sentation des Produkts eignet.<\/p>\n<p>Die <strong>Gel12 Cremino Form<\/strong> est compos\u00e9 de 6 cavit\u00e9s de 80ml chacune avec un trou sp\u00e9cial pour le b\u00e2ton. Essayez-le pour red\u00e9couvrir le go\u00fbt d&rsquo;un gelato intemporel !<\/p>\n<ul>\n<li>Gr\u00f6\u00dfe: 45 x 92 x 23 mm<\/li>\n<li>Volumen: 80 ml x 6<\/li>\n<\/ul>","protected":false},"excerpt":{"rendered":"<p>Mit der Form <strong>CREMINO GEL12<\/strong> von <strong>Silikomart<\/strong>der Stab von <strong>ikonisches Eis<\/strong> qui ne se d\u00e9mode jamais. Pratique et fonctionnel en silicone 100% alimentaire, il est propos\u00e9 dans un kit de 2 pi\u00e8ces avec b\u00e2tonnets et plateau,<\/p>","protected":false},"featured_media":6183,"comment_status":"closed","ping_status":"closed","template":"","meta":{"_jet_sm_ready_style":"","_jet_sm_style":"","_jet_sm_controls_values":"","_jet_sm_fonts_collection":"","_jet_sm_fonts_links":"","_joinchat":[]},"product_brand":[],"product_cat":[54,183],"product_tag":[],"class_list":{"0":"post-6181","1":"product","2":"type-product","3":"status-publish","4":"has-post-thumbnail","6":"product_cat-glace","7":"product_cat-promo","9":"first","10":"instock","11":"sale","12":"taxable","13":"shipping-taxable","14":"purchasable","15":"product-type-simple"},"yoast_head":"<!-- This site is optimized with the Yoast SEO plugin v27.0 - https:\/\/yoast.com\/product\/yoast-seo-wordpress\/ -->\n<title>MOULE CREMINO GEL12 - Chef Pastry<\/title>\n<meta name=\"description\" content=\"Avec le moule CREMINO GEL12 de Silikomart, le b\u00e2ton de glace iconique qui ne se d\u00e9mode jamais. Pratique et fonctionnel en silicone 100% alimentaire...\" \/>\n<meta name=\"robots\" content=\"index, follow, max-snippet:-1, max-image-preview:large, max-video-preview:-1\" \/>\n<link rel=\"canonical\" href=\"https:\/\/chefpastry.ch\/de\/produkt\/cremino-gel12\/\" \/>\n<meta property=\"og:locale\" content=\"de_DE\" \/>\n<meta property=\"og:type\" content=\"article\" \/>\n<meta property=\"og:title\" content=\"MOULE CREMINO GEL12 - Chef Pastry\" \/>\n<meta property=\"og:description\" content=\"Avec le moule CREMINO GEL12 de Silikomart, le b\u00e2ton de glace iconique qui ne se d\u00e9mode jamais. Pratique et fonctionnel en silicone 100% alimentaire...\" \/>\n<meta property=\"og:url\" content=\"https:\/\/chefpastry.ch\/de\/produkt\/cremino-gel12\/\" \/>\n<meta property=\"og:site_name\" content=\"Chef Pastry\" \/>\n<meta property=\"article:modified_time\" content=\"2025-09-25T09:05:04+00:00\" \/>\n<meta property=\"og:image\" content=\"https:\/\/chefpastry.ch\/wp-content\/uploads\/2022\/06\/image-1550.jpg\" \/>\n\t<meta property=\"og:image:width\" content=\"600\" \/>\n\t<meta property=\"og:image:height\" content=\"400\" \/>\n\t<meta property=\"og:image:type\" content=\"image\/jpeg\" \/>\n<meta name=\"twitter:card\" content=\"summary_large_image\" \/>\n<meta name=\"twitter:label1\" content=\"Preis\" \/>\n\t<meta name=\"twitter:data1\" content=\"&#067;&#072;&#070;&nbsp;39.00 TTC\" \/>\n\t<meta name=\"twitter:label2\" content=\"Verf\u00fcgbarkeit\" \/>\n\t<meta name=\"twitter:data2\" content=\"Auf Lager\" \/>\n<script type=\"application\/ld+json\" class=\"yoast-schema-graph\">{\"@context\":\"https:\/\/schema.org\",\"@graph\":[{\"@type\":\"WebPage\",\"@id\":\"https:\/\/chefpastry.ch\/produit\/cremino-gel12\/\",\"url\":\"https:\/\/chefpastry.ch\/produit\/cremino-gel12\/\",\"name\":\"MOULE CREMINO GEL12 - Chef Pastry\",\"isPartOf\":{\"@id\":\"https:\/\/chefpastry.ch\/#website\"},\"primaryImageOfPage\":{\"@id\":\"https:\/\/chefpastry.ch\/produit\/cremino-gel12\/#primaryimage\"},\"image\":{\"@id\":\"https:\/\/chefpastry.ch\/produit\/cremino-gel12\/#primaryimage\"},\"thumbnailUrl\":\"https:\/\/chefpastry.ch\/wp-content\/uploads\/2022\/06\/image-1550.jpg\",\"datePublished\":\"2022-06-02T21:23:05+00:00\",\"dateModified\":\"2025-09-25T09:05:04+00:00\",\"description\":\"Avec le moule CREMINO GEL12 de Silikomart, le b\u00e2ton de glace iconique qui ne se d\u00e9mode jamais. Pratique et fonctionnel en silicone 100% alimentaire...\",\"breadcrumb\":{\"@id\":\"https:\/\/chefpastry.ch\/produit\/cremino-gel12\/#breadcrumb\"},\"inLanguage\":\"de\",\"potentialAction\":[{\"@type\":\"ReadAction\",\"target\":[\"https:\/\/chefpastry.ch\/produit\/cremino-gel12\/\"]}]},{\"@type\":\"ImageObject\",\"inLanguage\":\"de\",\"@id\":\"https:\/\/chefpastry.ch\/produit\/cremino-gel12\/#primaryimage\",\"url\":\"https:\/\/chefpastry.ch\/wp-content\/uploads\/2022\/06\/image-1550.jpg\",\"contentUrl\":\"https:\/\/chefpastry.ch\/wp-content\/uploads\/2022\/06\/image-1550.jpg\",\"width\":600,\"height\":400,\"caption\":\"moule cremino GEL12 silikomart\"},{\"@type\":\"BreadcrumbList\",\"@id\":\"https:\/\/chefpastry.ch\/produit\/cremino-gel12\/#breadcrumb\",\"itemListElement\":[{\"@type\":\"ListItem\",\"position\":1,\"name\":\"Home\",\"item\":\"https:\/\/chefpastry.ch\/\"},{\"@type\":\"ListItem\",\"position\":2,\"name\":\"E-shop\",\"item\":\"https:\/\/chefpastry.ch\/e-shop\/\"},{\"@type\":\"ListItem\",\"position\":3,\"name\":\"MOULE CREMINO GEL12\"}]},{\"@type\":\"WebSite\",\"@id\":\"https:\/\/chefpastry.ch\/#website\",\"url\":\"https:\/\/chefpastry.ch\/\",\"name\":\"Chef Pastry\",\"description\":\"\",\"publisher\":{\"@id\":\"https:\/\/chefpastry.ch\/#organization\"},\"potentialAction\":[{\"@type\":\"SearchAction\",\"target\":{\"@type\":\"EntryPoint\",\"urlTemplate\":\"https:\/\/chefpastry.ch\/?s={search_term_string}\"},\"query-input\":{\"@type\":\"PropertyValueSpecification\",\"valueRequired\":true,\"valueName\":\"search_term_string\"}}],\"inLanguage\":\"de\"},{\"@type\":\"Organization\",\"@id\":\"https:\/\/chefpastry.ch\/#organization\",\"name\":\"Chef Pastry\",\"url\":\"https:\/\/chefpastry.ch\/\",\"logo\":{\"@type\":\"ImageObject\",\"inLanguage\":\"de\",\"@id\":\"https:\/\/chefpastry.ch\/#\/schema\/logo\/image\/\",\"url\":\"https:\/\/chefpastry.ch\/wp-content\/uploads\/2022\/07\/cropped-chef_pastry_logo_rgb-03.png\",\"contentUrl\":\"https:\/\/chefpastry.ch\/wp-content\/uploads\/2022\/07\/cropped-chef_pastry_logo_rgb-03.png\",\"width\":1545,\"height\":412,\"caption\":\"Chef Pastry\"},\"image\":{\"@id\":\"https:\/\/chefpastry.ch\/#\/schema\/logo\/image\/\"}}]}<\/script>\n<meta property=\"product:price:amount\" content=\"39.00\" \/>\n<meta property=\"product:price:currency\" content=\"CHF\" \/>\n<meta property=\"og:availability\" content=\"instock\" \/>\n<meta property=\"product:availability\" content=\"instock\" \/>\n<meta property=\"product:retailer_item_id\" content=\"25.362.87.0098\" \/>\n<meta property=\"product:condition\" content=\"new\" \/>\n<!-- \/ Yoast SEO plugin. -->","yoast_head_json":{"title":"MOULE CREMINO GEL12 - Chef Pastry","description":"Avec le moule CREMINO GEL12 de Silikomart, le b\u00e2ton de glace iconique qui ne se d\u00e9mode jamais. Pratique et fonctionnel en silicone 100% alimentaire...","robots":{"index":"index","follow":"follow","max-snippet":"max-snippet:-1","max-image-preview":"max-image-preview:large","max-video-preview":"max-video-preview:-1"},"canonical":"https:\/\/chefpastry.ch\/de\/produkt\/cremino-gel12\/","og_locale":"de_DE","og_type":"article","og_title":"MOULE CREMINO GEL12 - Chef Pastry","og_description":"Avec le moule CREMINO GEL12 de Silikomart, le b\u00e2ton de glace iconique qui ne se d\u00e9mode jamais. Pratique et fonctionnel en silicone 100% alimentaire...","og_url":"https:\/\/chefpastry.ch\/de\/produkt\/cremino-gel12\/","og_site_name":"Chef Pastry","article_modified_time":"2025-09-25T09:05:04+00:00","og_image":[{"width":600,"height":400,"url":"https:\/\/chefpastry.ch\/wp-content\/uploads\/2022\/06\/image-1550.jpg","type":"image\/jpeg"}],"twitter_card":"summary_large_image","twitter_misc":{"Preis":"&#67;&#72;&#70;&nbsp;39.00 TTC","Verf\u00fcgbarkeit":"Auf Lager"},"schema":{"@context":"https:\/\/schema.org","@graph":[{"@type":"WebPage","@id":"https:\/\/chefpastry.ch\/produit\/cremino-gel12\/","url":"https:\/\/chefpastry.ch\/produit\/cremino-gel12\/","name":"MOULE CREMINO GEL12 - Chef Pastry","isPartOf":{"@id":"https:\/\/chefpastry.ch\/#website"},"primaryImageOfPage":{"@id":"https:\/\/chefpastry.ch\/produit\/cremino-gel12\/#primaryimage"},"image":{"@id":"https:\/\/chefpastry.ch\/produit\/cremino-gel12\/#primaryimage"},"thumbnailUrl":"https:\/\/chefpastry.ch\/wp-content\/uploads\/2022\/06\/image-1550.jpg","datePublished":"2022-06-02T21:23:05+00:00","dateModified":"2025-09-25T09:05:04+00:00","description":"Avec le moule CREMINO GEL12 de Silikomart, le b\u00e2ton de glace iconique qui ne se d\u00e9mode jamais. Pratique et fonctionnel en silicone 100% alimentaire...","breadcrumb":{"@id":"https:\/\/chefpastry.ch\/produit\/cremino-gel12\/#breadcrumb"},"inLanguage":"de","potentialAction":[{"@type":"ReadAction","target":["https:\/\/chefpastry.ch\/produit\/cremino-gel12\/"]}]},{"@type":"ImageObject","inLanguage":"de","@id":"https:\/\/chefpastry.ch\/produit\/cremino-gel12\/#primaryimage","url":"https:\/\/chefpastry.ch\/wp-content\/uploads\/2022\/06\/image-1550.jpg","contentUrl":"https:\/\/chefpastry.ch\/wp-content\/uploads\/2022\/06\/image-1550.jpg","width":600,"height":400,"caption":"moule cremino GEL12 silikomart"},{"@type":"BreadcrumbList","@id":"https:\/\/chefpastry.ch\/produit\/cremino-gel12\/#breadcrumb","itemListElement":[{"@type":"ListItem","position":1,"name":"Home","item":"https:\/\/chefpastry.ch\/"},{"@type":"ListItem","position":2,"name":"E-shop","item":"https:\/\/chefpastry.ch\/e-shop\/"},{"@type":"ListItem","position":3,"name":"MOULE CREMINO GEL12"}]},{"@type":"WebSite","@id":"https:\/\/chefpastry.ch\/#website","url":"https:\/\/chefpastry.ch\/","name":"Chef Pastry","description":"","publisher":{"@id":"https:\/\/chefpastry.ch\/#organization"},"potentialAction":[{"@type":"SearchAction","target":{"@type":"EntryPoint","urlTemplate":"https:\/\/chefpastry.ch\/?s={search_term_string}"},"query-input":{"@type":"PropertyValueSpecification","valueRequired":true,"valueName":"search_term_string"}}],"inLanguage":"de"},{"@type":"Organization","@id":"https:\/\/chefpastry.ch\/#organization","name":"Chef Pastry","url":"https:\/\/chefpastry.ch\/","logo":{"@type":"ImageObject","inLanguage":"de","@id":"https:\/\/chefpastry.ch\/#\/schema\/logo\/image\/","url":"https:\/\/chefpastry.ch\/wp-content\/uploads\/2022\/07\/cropped-chef_pastry_logo_rgb-03.png","contentUrl":"https:\/\/chefpastry.ch\/wp-content\/uploads\/2022\/07\/cropped-chef_pastry_logo_rgb-03.png","width":1545,"height":412,"caption":"Chef Pastry"},"image":{"@id":"https:\/\/chefpastry.ch\/#\/schema\/logo\/image\/"}}]},"product_price_amount":"39.00","product_price_currency":"CHF","og_availability":"instock","product_availability":"instock","product_retailer_item_id":"25.362.87.0098","product_condition":"new"},"_links":{"self":[{"href":"https:\/\/chefpastry.ch\/de\/wp-json\/wp\/v2\/product\/6181","targetHints":{"allow":["GET"]}}],"collection":[{"href":"https:\/\/chefpastry.ch\/de\/wp-json\/wp\/v2\/product"}],"about":[{"href":"https:\/\/chefpastry.ch\/de\/wp-json\/wp\/v2\/types\/product"}],"replies":[{"embeddable":true,"href":"https:\/\/chefpastry.ch\/de\/wp-json\/wp\/v2\/comments?post=6181"}],"version-history":[{"count":1,"href":"https:\/\/chefpastry.ch\/de\/wp-json\/wp\/v2\/product\/6181\/revisions"}],"predecessor-version":[{"id":16751,"href":"https:\/\/chefpastry.ch\/de\/wp-json\/wp\/v2\/product\/6181\/revisions\/16751"}],"wp:featuredmedia":[{"embeddable":true,"href":"https:\/\/chefpastry.ch\/de\/wp-json\/wp\/v2\/media\/6183"}],"wp:attachment":[{"href":"https:\/\/chefpastry.ch\/de\/wp-json\/wp\/v2\/media?parent=6181"}],"wp:term":[{"taxonomy":"product_brand","embeddable":true,"href":"https:\/\/chefpastry.ch\/de\/wp-json\/wp\/v2\/product_brand?post=6181"},{"taxonomy":"product_cat","embeddable":true,"href":"https:\/\/chefpastry.ch\/de\/wp-json\/wp\/v2\/product_cat?post=6181"},{"taxonomy":"product_tag","embeddable":true,"href":"https:\/\/chefpastry.ch\/de\/wp-json\/wp\/v2\/product_tag?post=6181"}],"curies":[{"name":"wp","href":"https:\/\/api.w.org\/{rel}","templated":true}]}}