{"id":6176,"date":"2022-06-02T23:23:05","date_gmt":"2022-06-02T21:23:05","guid":{"rendered":"https:\/\/chefpastry-aventure-gourmande.geekworkers.dev\/produit\/alva%e2%80%b0ola%e2%80%b0-9\/"},"modified":"2023-03-01T15:28:15","modified_gmt":"2023-03-01T14:28:15","slug":"alveole-silicone-tapis-silikomart-2","status":"publish","type":"product","link":"https:\/\/chefpastry.ch\/de\/produkt\/alveole-silicone-tapis-silikomart-2\/","title":{"rendered":"WABENMATTE 9"},"content":{"rendered":"<p>Die <strong>Wabenf\u00f6rmiger Teppich 9<\/strong> in <strong>Silikon<\/strong> von <strong>Silikomart<\/strong>ist ein sehr feines Dekor, dessen Textur aus sechseckigen Zellen besteht, die typisch f\u00fcr die <strong>Bienenstock<\/strong> gebaut von den <strong>Bienen<\/strong>In der Regel ist die Pflanze in der N\u00e4he des Wassers, in dem sie ihren wertvollen Nektar produziert.<\/p>\n<p>In der gleichen <strong>Silikonmatte<\/strong>Die Textur der <strong>Bienenstock<\/strong>Es gibt auch eine Dekoration in Form von <strong>d&rsquo;abeille<\/strong>F\u00fcr noch realistischere Dekorationen.<\/p>\n<p><strong>Alveole<\/strong> 9 est compos\u00e9 d&rsquo;une texture circulaire en forme de <strong>Bienenstock<\/strong> de \u00f8 140 mm et d&rsquo;un volume de 9 ml et d&rsquo;une bande circulaire de 40 mm de large et d&rsquo;un volume de 5 ml, qui peut \u00eatre ajout\u00e9e \u00e0 la d\u00e9coration circulaire, cr\u00e9ant un diam\u00e8tre de \u00f8 180 mm, ou utilis\u00e9e s\u00e9par\u00e9ment.<\/p>\n<p>Die <strong>Silikonmatte<\/strong> comprend \u00e9galement des d\u00e9corations en forme d&rsquo;abeille, d&rsquo;un volume de 0.5 ml chacune et d&rsquo;une taille de 21&#215;17.5 mm.<\/p>\n<ul>\n<li>Gr\u00f6\u00dfe: \u00d8 140-180 mm h 3.5 mm + 21 x 18 mm<\/li>\n<li>Volumen: 2 x 9 ml + 2 x 5 ml + 10 x 0.5 ml = 33ml<\/li>\n<\/ul>","protected":false},"excerpt":{"rendered":"<p>Die <strong>Wabenf\u00f6rmiger Teppich 9<\/strong> in <strong>Silikon<\/strong> von <strong>Silikomart<\/strong>ist ein sehr feines Dekor, dessen Textur aus sechseckigen Zellen besteht, die typisch f\u00fcr die <strong>Bienenstock<\/strong> gebaut von den <strong>Bienen<\/strong>In der Regel ist die Pflanze in der N\u00e4he des Wassers, in dem sie ihren wertvollen Nektar produziert.<\/p>","protected":false},"featured_media":6178,"comment_status":"closed","ping_status":"closed","template":"","meta":{"_jet_sm_ready_style":"","_jet_sm_style":"","_jet_sm_controls_values":"","_jet_sm_fonts_collection":"","_jet_sm_fonts_links":"","_joinchat":[]},"product_brand":[],"product_cat":[50],"product_tag":[],"class_list":{"0":"post-6176","1":"product","2":"type-product","3":"status-publish","4":"has-post-thumbnail","6":"product_cat-decoration","8":"first","9":"instock","10":"taxable","11":"shipping-taxable","12":"purchasable","13":"product-type-simple"},"yoast_head":"<!-- This site is optimized with the Yoast SEO plugin v27.0 - https:\/\/yoast.com\/product\/yoast-seo-wordpress\/ -->\n<title>TAPIS ALV\u00c9OL\u00c9 9 - Chef Pastry<\/title>\n<meta name=\"description\" content=\"Le Tapis Alv\u00e9ol\u00e9 9, est un d\u00e9cor tr\u00e8s fin dont la texture est constitu\u00e9e de cellules hexagonales typiques de la ruche construite par les abeilles....\" \/>\n<meta name=\"robots\" content=\"index, follow, max-snippet:-1, max-image-preview:large, max-video-preview:-1\" \/>\n<link rel=\"canonical\" href=\"https:\/\/chefpastry.ch\/de\/produkt\/alveole-silicone-tapis-silikomart-2\/\" \/>\n<meta property=\"og:locale\" content=\"de_DE\" \/>\n<meta property=\"og:type\" content=\"article\" \/>\n<meta property=\"og:title\" content=\"TAPIS ALV\u00c9OL\u00c9 9 - Chef Pastry\" \/>\n<meta property=\"og:description\" content=\"Le Tapis Alv\u00e9ol\u00e9 9, est un d\u00e9cor tr\u00e8s fin dont la texture est constitu\u00e9e de cellules hexagonales typiques de la ruche construite par les abeilles....\" \/>\n<meta property=\"og:url\" content=\"https:\/\/chefpastry.ch\/de\/produkt\/alveole-silicone-tapis-silikomart-2\/\" \/>\n<meta property=\"og:site_name\" content=\"Chef Pastry\" \/>\n<meta property=\"article:modified_time\" content=\"2023-03-01T14:28:15+00:00\" \/>\n<meta property=\"og:image\" content=\"https:\/\/chefpastry.ch\/wp-content\/uploads\/2022\/06\/image-1547.jpg\" \/>\n\t<meta property=\"og:image:width\" content=\"600\" \/>\n\t<meta property=\"og:image:height\" content=\"400\" \/>\n\t<meta property=\"og:image:type\" content=\"image\/jpeg\" \/>\n<meta name=\"twitter:card\" content=\"summary_large_image\" \/>\n<meta name=\"twitter:label1\" content=\"Preis\" \/>\n\t<meta name=\"twitter:data1\" content=\"&#067;&#072;&#070;&nbsp;22.00 TTC\" \/>\n\t<meta name=\"twitter:label2\" content=\"Verf\u00fcgbarkeit\" \/>\n\t<meta name=\"twitter:data2\" content=\"Auf Lager\" \/>\n<script type=\"application\/ld+json\" class=\"yoast-schema-graph\">{\"@context\":\"https:\/\/schema.org\",\"@graph\":[{\"@type\":\"WebPage\",\"@id\":\"https:\/\/chefpastry.ch\/produit\/alveole-silicone-tapis-silikomart-2\/\",\"url\":\"https:\/\/chefpastry.ch\/produit\/alveole-silicone-tapis-silikomart-2\/\",\"name\":\"TAPIS ALV\u00c9OL\u00c9 9 - Chef Pastry\",\"isPartOf\":{\"@id\":\"https:\/\/chefpastry.ch\/#website\"},\"primaryImageOfPage\":{\"@id\":\"https:\/\/chefpastry.ch\/produit\/alveole-silicone-tapis-silikomart-2\/#primaryimage\"},\"image\":{\"@id\":\"https:\/\/chefpastry.ch\/produit\/alveole-silicone-tapis-silikomart-2\/#primaryimage\"},\"thumbnailUrl\":\"https:\/\/chefpastry.ch\/wp-content\/uploads\/2022\/06\/image-1547.jpg\",\"datePublished\":\"2022-06-02T21:23:05+00:00\",\"dateModified\":\"2023-03-01T14:28:15+00:00\",\"description\":\"Le Tapis Alv\u00e9ol\u00e9 9, est un d\u00e9cor tr\u00e8s fin dont la texture est constitu\u00e9e de cellules hexagonales typiques de la ruche construite par les abeilles....\",\"breadcrumb\":{\"@id\":\"https:\/\/chefpastry.ch\/produit\/alveole-silicone-tapis-silikomart-2\/#breadcrumb\"},\"inLanguage\":\"de\",\"potentialAction\":[{\"@type\":\"ReadAction\",\"target\":[\"https:\/\/chefpastry.ch\/produit\/alveole-silicone-tapis-silikomart-2\/\"]}]},{\"@type\":\"ImageObject\",\"inLanguage\":\"de\",\"@id\":\"https:\/\/chefpastry.ch\/produit\/alveole-silicone-tapis-silikomart-2\/#primaryimage\",\"url\":\"https:\/\/chefpastry.ch\/wp-content\/uploads\/2022\/06\/image-1547.jpg\",\"contentUrl\":\"https:\/\/chefpastry.ch\/wp-content\/uploads\/2022\/06\/image-1547.jpg\",\"width\":600,\"height\":400,\"caption\":\"tapis alv\u00e9ol\u00e9 silicone silikomart\"},{\"@type\":\"BreadcrumbList\",\"@id\":\"https:\/\/chefpastry.ch\/produit\/alveole-silicone-tapis-silikomart-2\/#breadcrumb\",\"itemListElement\":[{\"@type\":\"ListItem\",\"position\":1,\"name\":\"Home\",\"item\":\"https:\/\/chefpastry.ch\/\"},{\"@type\":\"ListItem\",\"position\":2,\"name\":\"E-shop\",\"item\":\"https:\/\/chefpastry.ch\/e-shop\/\"},{\"@type\":\"ListItem\",\"position\":3,\"name\":\"TAPIS ALV\u00c9OL\u00c9 9\"}]},{\"@type\":\"WebSite\",\"@id\":\"https:\/\/chefpastry.ch\/#website\",\"url\":\"https:\/\/chefpastry.ch\/\",\"name\":\"Chef Pastry\",\"description\":\"\",\"publisher\":{\"@id\":\"https:\/\/chefpastry.ch\/#organization\"},\"potentialAction\":[{\"@type\":\"SearchAction\",\"target\":{\"@type\":\"EntryPoint\",\"urlTemplate\":\"https:\/\/chefpastry.ch\/?s={search_term_string}\"},\"query-input\":{\"@type\":\"PropertyValueSpecification\",\"valueRequired\":true,\"valueName\":\"search_term_string\"}}],\"inLanguage\":\"de\"},{\"@type\":\"Organization\",\"@id\":\"https:\/\/chefpastry.ch\/#organization\",\"name\":\"Chef Pastry\",\"url\":\"https:\/\/chefpastry.ch\/\",\"logo\":{\"@type\":\"ImageObject\",\"inLanguage\":\"de\",\"@id\":\"https:\/\/chefpastry.ch\/#\/schema\/logo\/image\/\",\"url\":\"https:\/\/chefpastry.ch\/wp-content\/uploads\/2022\/07\/cropped-chef_pastry_logo_rgb-03.png\",\"contentUrl\":\"https:\/\/chefpastry.ch\/wp-content\/uploads\/2022\/07\/cropped-chef_pastry_logo_rgb-03.png\",\"width\":1545,\"height\":412,\"caption\":\"Chef Pastry\"},\"image\":{\"@id\":\"https:\/\/chefpastry.ch\/#\/schema\/logo\/image\/\"}}]}<\/script>\n<meta property=\"product:price:amount\" content=\"22.00\" \/>\n<meta property=\"product:price:currency\" content=\"CHF\" \/>\n<meta property=\"og:availability\" content=\"instock\" \/>\n<meta property=\"product:availability\" content=\"instock\" \/>\n<meta property=\"product:retailer_item_id\" content=\"33.100.87.0065\" \/>\n<meta property=\"product:condition\" content=\"new\" \/>\n<!-- \/ Yoast SEO plugin. -->","yoast_head_json":{"title":"TAPIS ALV\u00c9OL\u00c9 9 - Chef Pastry","description":"Le Tapis Alv\u00e9ol\u00e9 9, est un d\u00e9cor tr\u00e8s fin dont la texture est constitu\u00e9e de cellules hexagonales typiques de la ruche construite par les abeilles....","robots":{"index":"index","follow":"follow","max-snippet":"max-snippet:-1","max-image-preview":"max-image-preview:large","max-video-preview":"max-video-preview:-1"},"canonical":"https:\/\/chefpastry.ch\/de\/produkt\/alveole-silicone-tapis-silikomart-2\/","og_locale":"de_DE","og_type":"article","og_title":"TAPIS ALV\u00c9OL\u00c9 9 - Chef Pastry","og_description":"Le Tapis Alv\u00e9ol\u00e9 9, est un d\u00e9cor tr\u00e8s fin dont la texture est constitu\u00e9e de cellules hexagonales typiques de la ruche construite par les abeilles....","og_url":"https:\/\/chefpastry.ch\/de\/produkt\/alveole-silicone-tapis-silikomart-2\/","og_site_name":"Chef Pastry","article_modified_time":"2023-03-01T14:28:15+00:00","og_image":[{"width":600,"height":400,"url":"https:\/\/chefpastry.ch\/wp-content\/uploads\/2022\/06\/image-1547.jpg","type":"image\/jpeg"}],"twitter_card":"summary_large_image","twitter_misc":{"Preis":"&#67;&#72;&#70;&nbsp;22.00 TTC","Verf\u00fcgbarkeit":"Auf Lager"},"schema":{"@context":"https:\/\/schema.org","@graph":[{"@type":"WebPage","@id":"https:\/\/chefpastry.ch\/produit\/alveole-silicone-tapis-silikomart-2\/","url":"https:\/\/chefpastry.ch\/produit\/alveole-silicone-tapis-silikomart-2\/","name":"TAPIS ALV\u00c9OL\u00c9 9 - Chef Pastry","isPartOf":{"@id":"https:\/\/chefpastry.ch\/#website"},"primaryImageOfPage":{"@id":"https:\/\/chefpastry.ch\/produit\/alveole-silicone-tapis-silikomart-2\/#primaryimage"},"image":{"@id":"https:\/\/chefpastry.ch\/produit\/alveole-silicone-tapis-silikomart-2\/#primaryimage"},"thumbnailUrl":"https:\/\/chefpastry.ch\/wp-content\/uploads\/2022\/06\/image-1547.jpg","datePublished":"2022-06-02T21:23:05+00:00","dateModified":"2023-03-01T14:28:15+00:00","description":"Le Tapis Alv\u00e9ol\u00e9 9, est un d\u00e9cor tr\u00e8s fin dont la texture est constitu\u00e9e de cellules hexagonales typiques de la ruche construite par les abeilles....","breadcrumb":{"@id":"https:\/\/chefpastry.ch\/produit\/alveole-silicone-tapis-silikomart-2\/#breadcrumb"},"inLanguage":"de","potentialAction":[{"@type":"ReadAction","target":["https:\/\/chefpastry.ch\/produit\/alveole-silicone-tapis-silikomart-2\/"]}]},{"@type":"ImageObject","inLanguage":"de","@id":"https:\/\/chefpastry.ch\/produit\/alveole-silicone-tapis-silikomart-2\/#primaryimage","url":"https:\/\/chefpastry.ch\/wp-content\/uploads\/2022\/06\/image-1547.jpg","contentUrl":"https:\/\/chefpastry.ch\/wp-content\/uploads\/2022\/06\/image-1547.jpg","width":600,"height":400,"caption":"tapis alv\u00e9ol\u00e9 silicone silikomart"},{"@type":"BreadcrumbList","@id":"https:\/\/chefpastry.ch\/produit\/alveole-silicone-tapis-silikomart-2\/#breadcrumb","itemListElement":[{"@type":"ListItem","position":1,"name":"Home","item":"https:\/\/chefpastry.ch\/"},{"@type":"ListItem","position":2,"name":"E-shop","item":"https:\/\/chefpastry.ch\/e-shop\/"},{"@type":"ListItem","position":3,"name":"TAPIS ALV\u00c9OL\u00c9 9"}]},{"@type":"WebSite","@id":"https:\/\/chefpastry.ch\/#website","url":"https:\/\/chefpastry.ch\/","name":"Chef Pastry","description":"","publisher":{"@id":"https:\/\/chefpastry.ch\/#organization"},"potentialAction":[{"@type":"SearchAction","target":{"@type":"EntryPoint","urlTemplate":"https:\/\/chefpastry.ch\/?s={search_term_string}"},"query-input":{"@type":"PropertyValueSpecification","valueRequired":true,"valueName":"search_term_string"}}],"inLanguage":"de"},{"@type":"Organization","@id":"https:\/\/chefpastry.ch\/#organization","name":"Chef Pastry","url":"https:\/\/chefpastry.ch\/","logo":{"@type":"ImageObject","inLanguage":"de","@id":"https:\/\/chefpastry.ch\/#\/schema\/logo\/image\/","url":"https:\/\/chefpastry.ch\/wp-content\/uploads\/2022\/07\/cropped-chef_pastry_logo_rgb-03.png","contentUrl":"https:\/\/chefpastry.ch\/wp-content\/uploads\/2022\/07\/cropped-chef_pastry_logo_rgb-03.png","width":1545,"height":412,"caption":"Chef Pastry"},"image":{"@id":"https:\/\/chefpastry.ch\/#\/schema\/logo\/image\/"}}]},"product_price_amount":"22.00","product_price_currency":"CHF","og_availability":"instock","product_availability":"instock","product_retailer_item_id":"33.100.87.0065","product_condition":"new"},"_links":{"self":[{"href":"https:\/\/chefpastry.ch\/de\/wp-json\/wp\/v2\/product\/6176","targetHints":{"allow":["GET"]}}],"collection":[{"href":"https:\/\/chefpastry.ch\/de\/wp-json\/wp\/v2\/product"}],"about":[{"href":"https:\/\/chefpastry.ch\/de\/wp-json\/wp\/v2\/types\/product"}],"replies":[{"embeddable":true,"href":"https:\/\/chefpastry.ch\/de\/wp-json\/wp\/v2\/comments?post=6176"}],"version-history":[{"count":0,"href":"https:\/\/chefpastry.ch\/de\/wp-json\/wp\/v2\/product\/6176\/revisions"}],"wp:featuredmedia":[{"embeddable":true,"href":"https:\/\/chefpastry.ch\/de\/wp-json\/wp\/v2\/media\/6178"}],"wp:attachment":[{"href":"https:\/\/chefpastry.ch\/de\/wp-json\/wp\/v2\/media?parent=6176"}],"wp:term":[{"taxonomy":"product_brand","embeddable":true,"href":"https:\/\/chefpastry.ch\/de\/wp-json\/wp\/v2\/product_brand?post=6176"},{"taxonomy":"product_cat","embeddable":true,"href":"https:\/\/chefpastry.ch\/de\/wp-json\/wp\/v2\/product_cat?post=6176"},{"taxonomy":"product_tag","embeddable":true,"href":"https:\/\/chefpastry.ch\/de\/wp-json\/wp\/v2\/product_tag?post=6176"}],"curies":[{"name":"wp","href":"https:\/\/api.w.org\/{rel}","templated":true}]}}