{"id":6142,"date":"2022-06-02T23:22:49","date_gmt":"2022-06-02T21:22:49","guid":{"rendered":"https:\/\/chefpastry-aventure-gourmande.geekworkers.dev\/produit\/cookie-dolce-vita\/"},"modified":"2024-10-08T10:57:16","modified_gmt":"2024-10-08T08:57:16","slug":"kit-cookie-dolce-vita-silikomart","status":"publish","type":"product","link":"https:\/\/chefpastry.ch\/de\/produkt\/kit-cookie-dolce-vita-silikomart\/","title":{"rendered":"COOKIE DOLCE VITA"},"content":{"rendered":"<p>Mit dem <strong>Dolce-Vita-Set<\/strong> von Silikomart k\u00f6nnen Sie Kekse mit s\u00fc\u00dfen Schriften und Mustern herstellen.<\/p>\n<p>Ce kit est compos\u00e9 d&rsquo;un emporte-pi\u00e8ce pratique, avec d&rsquo;une poign\u00e9e confortable et ergonomique en silicone, pour la confection du biscuit, et d&rsquo;un moule en silicone alimentaire pour la confection du <strong>Schokolade<\/strong>.<\/p>\n<ul>\n<li>Gr\u00f6\u00dfe der Schokoladenmulde: \u00d8 57 mm h 4.5 cm<\/li>\n<li>Volumen: 5.6 ml x 6<\/li>\n<\/ul>","protected":false},"excerpt":{"rendered":"<p>Mit dem <strong>Dolce-Vita-Set<\/strong> von Silikomart k\u00f6nnen Sie Kekse mit s\u00fc\u00dfen Schriften und Mustern herstellen.<\/p>\n<p>Le kit est compos\u00e9 d&rsquo;un emporte-pi\u00e8ce pratique, pourvu d&rsquo;une poign\u00e9e confortable et ergonomique en silicone, pour la confection du biscuit et d&rsquo;un moule en silicone alimentaire pour la confection du <strong>Schokolade<\/strong>.<\/p>","protected":false},"featured_media":6144,"comment_status":"closed","ping_status":"closed","template":"","meta":{"_jet_sm_ready_style":"","_jet_sm_style":"","_jet_sm_controls_values":"","_jet_sm_fonts_collection":"","_jet_sm_fonts_links":"","_joinchat":[]},"product_brand":[],"product_cat":[53],"product_tag":[],"class_list":{"0":"post-6142","1":"product","2":"type-product","3":"status-publish","4":"has-post-thumbnail","6":"product_cat-chocolats","8":"first","9":"instock","10":"taxable","11":"shipping-taxable","12":"purchasable","13":"product-type-simple"},"yoast_head":"<!-- This site is optimized with the Yoast SEO plugin v27.0 - https:\/\/yoast.com\/product\/yoast-seo-wordpress\/ -->\n<title>COOKIE DOLCE VITA - Chef Pastry<\/title>\n<meta name=\"description\" content=\"Avec le Kit Dolce Vita de Silikomart, vous pourrez r\u00e9aliser des cookies avec des \u00e9critures et des motifs sucr\u00e9s. Compos\u00e9 d&#039;un emporte-pi\u00e8ce pratique\" \/>\n<meta name=\"robots\" content=\"index, follow, max-snippet:-1, max-image-preview:large, max-video-preview:-1\" \/>\n<link rel=\"canonical\" href=\"https:\/\/chefpastry.ch\/de\/produkt\/kit-cookie-dolce-vita-silikomart\/\" \/>\n<meta property=\"og:locale\" content=\"de_DE\" \/>\n<meta property=\"og:type\" content=\"article\" \/>\n<meta property=\"og:title\" content=\"COOKIE DOLCE VITA - Chef Pastry\" \/>\n<meta property=\"og:description\" content=\"Avec le Kit Dolce Vita de Silikomart, vous pourrez r\u00e9aliser des cookies avec des \u00e9critures et des motifs sucr\u00e9s. Compos\u00e9 d&#039;un emporte-pi\u00e8ce pratique\" \/>\n<meta property=\"og:url\" content=\"https:\/\/chefpastry.ch\/de\/produkt\/kit-cookie-dolce-vita-silikomart\/\" \/>\n<meta property=\"og:site_name\" content=\"Chef Pastry\" \/>\n<meta property=\"article:modified_time\" content=\"2024-10-08T08:57:16+00:00\" \/>\n<meta property=\"og:image\" content=\"https:\/\/chefpastry.ch\/wp-content\/uploads\/2022\/06\/image-1525.jpg\" \/>\n\t<meta property=\"og:image:width\" content=\"600\" \/>\n\t<meta property=\"og:image:height\" content=\"400\" \/>\n\t<meta property=\"og:image:type\" content=\"image\/jpeg\" \/>\n<meta name=\"twitter:card\" content=\"summary_large_image\" \/>\n<meta name=\"twitter:label1\" content=\"Preis\" \/>\n\t<meta name=\"twitter:data1\" content=\"&#067;&#072;&#070;&nbsp;14.00 TTC\" \/>\n\t<meta name=\"twitter:label2\" content=\"Verf\u00fcgbarkeit\" \/>\n\t<meta name=\"twitter:data2\" content=\"Auf Lager\" \/>\n<script type=\"application\/ld+json\" class=\"yoast-schema-graph\">{\"@context\":\"https:\/\/schema.org\",\"@graph\":[{\"@type\":\"WebPage\",\"@id\":\"https:\/\/chefpastry.ch\/produit\/kit-cookie-dolce-vita-silikomart\/\",\"url\":\"https:\/\/chefpastry.ch\/produit\/kit-cookie-dolce-vita-silikomart\/\",\"name\":\"COOKIE DOLCE VITA - Chef Pastry\",\"isPartOf\":{\"@id\":\"https:\/\/chefpastry.ch\/#website\"},\"primaryImageOfPage\":{\"@id\":\"https:\/\/chefpastry.ch\/produit\/kit-cookie-dolce-vita-silikomart\/#primaryimage\"},\"image\":{\"@id\":\"https:\/\/chefpastry.ch\/produit\/kit-cookie-dolce-vita-silikomart\/#primaryimage\"},\"thumbnailUrl\":\"https:\/\/chefpastry.ch\/wp-content\/uploads\/2022\/06\/image-1525.jpg\",\"datePublished\":\"2022-06-02T21:22:49+00:00\",\"dateModified\":\"2024-10-08T08:57:16+00:00\",\"description\":\"Avec le Kit Dolce Vita de Silikomart, vous pourrez r\u00e9aliser des cookies avec des \u00e9critures et des motifs sucr\u00e9s. Compos\u00e9 d'un emporte-pi\u00e8ce pratique\",\"breadcrumb\":{\"@id\":\"https:\/\/chefpastry.ch\/produit\/kit-cookie-dolce-vita-silikomart\/#breadcrumb\"},\"inLanguage\":\"de\",\"potentialAction\":[{\"@type\":\"ReadAction\",\"target\":[\"https:\/\/chefpastry.ch\/produit\/kit-cookie-dolce-vita-silikomart\/\"]}]},{\"@type\":\"ImageObject\",\"inLanguage\":\"de\",\"@id\":\"https:\/\/chefpastry.ch\/produit\/kit-cookie-dolce-vita-silikomart\/#primaryimage\",\"url\":\"https:\/\/chefpastry.ch\/wp-content\/uploads\/2022\/06\/image-1525.jpg\",\"contentUrl\":\"https:\/\/chefpastry.ch\/wp-content\/uploads\/2022\/06\/image-1525.jpg\",\"width\":600,\"height\":400,\"caption\":\"Kit Cookie Dolce Vita\"},{\"@type\":\"BreadcrumbList\",\"@id\":\"https:\/\/chefpastry.ch\/produit\/kit-cookie-dolce-vita-silikomart\/#breadcrumb\",\"itemListElement\":[{\"@type\":\"ListItem\",\"position\":1,\"name\":\"Home\",\"item\":\"https:\/\/chefpastry.ch\/\"},{\"@type\":\"ListItem\",\"position\":2,\"name\":\"E-shop\",\"item\":\"https:\/\/chefpastry.ch\/e-shop\/\"},{\"@type\":\"ListItem\",\"position\":3,\"name\":\"COOKIE DOLCE VITA\"}]},{\"@type\":\"WebSite\",\"@id\":\"https:\/\/chefpastry.ch\/#website\",\"url\":\"https:\/\/chefpastry.ch\/\",\"name\":\"Chef Pastry\",\"description\":\"\",\"publisher\":{\"@id\":\"https:\/\/chefpastry.ch\/#organization\"},\"potentialAction\":[{\"@type\":\"SearchAction\",\"target\":{\"@type\":\"EntryPoint\",\"urlTemplate\":\"https:\/\/chefpastry.ch\/?s={search_term_string}\"},\"query-input\":{\"@type\":\"PropertyValueSpecification\",\"valueRequired\":true,\"valueName\":\"search_term_string\"}}],\"inLanguage\":\"de\"},{\"@type\":\"Organization\",\"@id\":\"https:\/\/chefpastry.ch\/#organization\",\"name\":\"Chef Pastry\",\"url\":\"https:\/\/chefpastry.ch\/\",\"logo\":{\"@type\":\"ImageObject\",\"inLanguage\":\"de\",\"@id\":\"https:\/\/chefpastry.ch\/#\/schema\/logo\/image\/\",\"url\":\"https:\/\/chefpastry.ch\/wp-content\/uploads\/2022\/07\/cropped-chef_pastry_logo_rgb-03.png\",\"contentUrl\":\"https:\/\/chefpastry.ch\/wp-content\/uploads\/2022\/07\/cropped-chef_pastry_logo_rgb-03.png\",\"width\":1545,\"height\":412,\"caption\":\"Chef Pastry\"},\"image\":{\"@id\":\"https:\/\/chefpastry.ch\/#\/schema\/logo\/image\/\"}}]}<\/script>\n<meta property=\"product:price:amount\" content=\"14.00\" \/>\n<meta property=\"product:price:currency\" content=\"CHF\" \/>\n<meta property=\"og:availability\" content=\"instock\" \/>\n<meta property=\"product:availability\" content=\"instock\" \/>\n<meta property=\"product:retailer_item_id\" content=\"22.165.77.0165\" \/>\n<meta property=\"product:condition\" content=\"new\" \/>\n<!-- \/ Yoast SEO plugin. -->","yoast_head_json":{"title":"COOKIE DOLCE VITA - Chef Pastry","description":"Avec le Kit Dolce Vita de Silikomart, vous pourrez r\u00e9aliser des cookies avec des \u00e9critures et des motifs sucr\u00e9s. Compos\u00e9 d'un emporte-pi\u00e8ce pratique","robots":{"index":"index","follow":"follow","max-snippet":"max-snippet:-1","max-image-preview":"max-image-preview:large","max-video-preview":"max-video-preview:-1"},"canonical":"https:\/\/chefpastry.ch\/de\/produkt\/kit-cookie-dolce-vita-silikomart\/","og_locale":"de_DE","og_type":"article","og_title":"COOKIE DOLCE VITA - Chef Pastry","og_description":"Avec le Kit Dolce Vita de Silikomart, vous pourrez r\u00e9aliser des cookies avec des \u00e9critures et des motifs sucr\u00e9s. Compos\u00e9 d'un emporte-pi\u00e8ce pratique","og_url":"https:\/\/chefpastry.ch\/de\/produkt\/kit-cookie-dolce-vita-silikomart\/","og_site_name":"Chef Pastry","article_modified_time":"2024-10-08T08:57:16+00:00","og_image":[{"width":600,"height":400,"url":"https:\/\/chefpastry.ch\/wp-content\/uploads\/2022\/06\/image-1525.jpg","type":"image\/jpeg"}],"twitter_card":"summary_large_image","twitter_misc":{"Preis":"&#67;&#72;&#70;&nbsp;14.00 TTC","Verf\u00fcgbarkeit":"Auf Lager"},"schema":{"@context":"https:\/\/schema.org","@graph":[{"@type":"WebPage","@id":"https:\/\/chefpastry.ch\/produit\/kit-cookie-dolce-vita-silikomart\/","url":"https:\/\/chefpastry.ch\/produit\/kit-cookie-dolce-vita-silikomart\/","name":"COOKIE DOLCE VITA - Chef Pastry","isPartOf":{"@id":"https:\/\/chefpastry.ch\/#website"},"primaryImageOfPage":{"@id":"https:\/\/chefpastry.ch\/produit\/kit-cookie-dolce-vita-silikomart\/#primaryimage"},"image":{"@id":"https:\/\/chefpastry.ch\/produit\/kit-cookie-dolce-vita-silikomart\/#primaryimage"},"thumbnailUrl":"https:\/\/chefpastry.ch\/wp-content\/uploads\/2022\/06\/image-1525.jpg","datePublished":"2022-06-02T21:22:49+00:00","dateModified":"2024-10-08T08:57:16+00:00","description":"Avec le Kit Dolce Vita de Silikomart, vous pourrez r\u00e9aliser des cookies avec des \u00e9critures et des motifs sucr\u00e9s. Compos\u00e9 d'un emporte-pi\u00e8ce pratique","breadcrumb":{"@id":"https:\/\/chefpastry.ch\/produit\/kit-cookie-dolce-vita-silikomart\/#breadcrumb"},"inLanguage":"de","potentialAction":[{"@type":"ReadAction","target":["https:\/\/chefpastry.ch\/produit\/kit-cookie-dolce-vita-silikomart\/"]}]},{"@type":"ImageObject","inLanguage":"de","@id":"https:\/\/chefpastry.ch\/produit\/kit-cookie-dolce-vita-silikomart\/#primaryimage","url":"https:\/\/chefpastry.ch\/wp-content\/uploads\/2022\/06\/image-1525.jpg","contentUrl":"https:\/\/chefpastry.ch\/wp-content\/uploads\/2022\/06\/image-1525.jpg","width":600,"height":400,"caption":"Kit Cookie Dolce Vita"},{"@type":"BreadcrumbList","@id":"https:\/\/chefpastry.ch\/produit\/kit-cookie-dolce-vita-silikomart\/#breadcrumb","itemListElement":[{"@type":"ListItem","position":1,"name":"Home","item":"https:\/\/chefpastry.ch\/"},{"@type":"ListItem","position":2,"name":"E-shop","item":"https:\/\/chefpastry.ch\/e-shop\/"},{"@type":"ListItem","position":3,"name":"COOKIE DOLCE VITA"}]},{"@type":"WebSite","@id":"https:\/\/chefpastry.ch\/#website","url":"https:\/\/chefpastry.ch\/","name":"Chef Pastry","description":"","publisher":{"@id":"https:\/\/chefpastry.ch\/#organization"},"potentialAction":[{"@type":"SearchAction","target":{"@type":"EntryPoint","urlTemplate":"https:\/\/chefpastry.ch\/?s={search_term_string}"},"query-input":{"@type":"PropertyValueSpecification","valueRequired":true,"valueName":"search_term_string"}}],"inLanguage":"de"},{"@type":"Organization","@id":"https:\/\/chefpastry.ch\/#organization","name":"Chef Pastry","url":"https:\/\/chefpastry.ch\/","logo":{"@type":"ImageObject","inLanguage":"de","@id":"https:\/\/chefpastry.ch\/#\/schema\/logo\/image\/","url":"https:\/\/chefpastry.ch\/wp-content\/uploads\/2022\/07\/cropped-chef_pastry_logo_rgb-03.png","contentUrl":"https:\/\/chefpastry.ch\/wp-content\/uploads\/2022\/07\/cropped-chef_pastry_logo_rgb-03.png","width":1545,"height":412,"caption":"Chef Pastry"},"image":{"@id":"https:\/\/chefpastry.ch\/#\/schema\/logo\/image\/"}}]},"product_price_amount":"14.00","product_price_currency":"CHF","og_availability":"instock","product_availability":"instock","product_retailer_item_id":"22.165.77.0165","product_condition":"new"},"_links":{"self":[{"href":"https:\/\/chefpastry.ch\/de\/wp-json\/wp\/v2\/product\/6142","targetHints":{"allow":["GET"]}}],"collection":[{"href":"https:\/\/chefpastry.ch\/de\/wp-json\/wp\/v2\/product"}],"about":[{"href":"https:\/\/chefpastry.ch\/de\/wp-json\/wp\/v2\/types\/product"}],"replies":[{"embeddable":true,"href":"https:\/\/chefpastry.ch\/de\/wp-json\/wp\/v2\/comments?post=6142"}],"version-history":[{"count":0,"href":"https:\/\/chefpastry.ch\/de\/wp-json\/wp\/v2\/product\/6142\/revisions"}],"wp:featuredmedia":[{"embeddable":true,"href":"https:\/\/chefpastry.ch\/de\/wp-json\/wp\/v2\/media\/6144"}],"wp:attachment":[{"href":"https:\/\/chefpastry.ch\/de\/wp-json\/wp\/v2\/media?parent=6142"}],"wp:term":[{"taxonomy":"product_brand","embeddable":true,"href":"https:\/\/chefpastry.ch\/de\/wp-json\/wp\/v2\/product_brand?post=6142"},{"taxonomy":"product_cat","embeddable":true,"href":"https:\/\/chefpastry.ch\/de\/wp-json\/wp\/v2\/product_cat?post=6142"},{"taxonomy":"product_tag","embeddable":true,"href":"https:\/\/chefpastry.ch\/de\/wp-json\/wp\/v2\/product_tag?post=6142"}],"curies":[{"name":"wp","href":"https:\/\/api.w.org\/{rel}","templated":true}]}}