{"id":5892,"date":"2022-06-02T23:20:43","date_gmt":"2022-06-02T21:20:43","guid":{"rendered":"https:\/\/chefpastry-aventure-gourmande.geekworkers.dev\/produit\/snack-pyramides\/"},"modified":"2024-02-10T08:18:29","modified_gmt":"2024-02-10T07:18:29","slug":"snack-pyramides-polycarbonate-martellato","status":"publish","type":"product","link":"https:\/\/chefpastry.ch\/de\/produkt\/snack-pyramides-polycarbonate-martellato\/","title":{"rendered":"PYRAMIDEN-SNACK"},"content":{"rendered":"<p>Mit dem <strong>Form<\/strong> Snack Pyramiden in <strong>Polycarbonat<\/strong> von <strong>Martellato<\/strong>Bereiten Sie Riegel aus <strong>Schokolade<\/strong>-snack in Pyramidenform f\u00fcr einen kleinen Snack voller S\u00fc\u00dfigkeiten.<\/p>\n<ul>\n<li>Farbe: Transparent<\/li>\n<li>Produktgr\u00f6\u00dfe: 275 x 175 mm<\/li>\n<li>Gr\u00f6\u00dfe der Stange: 123 x 27 x h 12 mm<\/li>\n<li>Productivit\u00e9 de l&rsquo;objet : 8 pi\u00e8ces<\/li>\n<li>Gewicht des fertigen Produkts: \u2248 30 gr<\/li>\n<li>Teile in der Verpackung: 1 pc<\/li>\n<\/ul>","protected":false},"excerpt":{"rendered":"<p>Avec le moule Snack Pyramides en polycarbonate de Martellato, pr\u00e9parez des barres snack en forme de pyramide pour un petit en-cas plein de douceurs.<\/p>","protected":false},"featured_media":5894,"comment_status":"closed","ping_status":"closed","template":"","meta":{"_jet_sm_ready_style":"","_jet_sm_style":"","_jet_sm_controls_values":"","_jet_sm_fonts_collection":"","_jet_sm_fonts_links":"","_joinchat":[]},"product_brand":[],"product_cat":[53],"product_tag":[],"class_list":{"0":"post-5892","1":"product","2":"type-product","3":"status-publish","4":"has-post-thumbnail","6":"product_cat-chocolats","8":"first","9":"instock","10":"taxable","11":"shipping-taxable","12":"purchasable","13":"product-type-simple"},"yoast_head":"<!-- This site is optimized with the Yoast SEO plugin v27.0 - https:\/\/yoast.com\/product\/yoast-seo-wordpress\/ -->\n<title>SNACK PYRAMIDES - Chef Pastry<\/title>\n<meta name=\"description\" content=\"Avec le moule Snack Pyramides en polycarbonate de Martellato, pr\u00e9parez des barres snack en forme de pyramide pour un petit en-cas plein de douceurs.\" \/>\n<meta name=\"robots\" content=\"index, follow, max-snippet:-1, max-image-preview:large, max-video-preview:-1\" \/>\n<link rel=\"canonical\" href=\"https:\/\/chefpastry.ch\/de\/produkt\/snack-pyramides-polycarbonate-martellato\/\" \/>\n<meta property=\"og:locale\" content=\"de_DE\" \/>\n<meta property=\"og:type\" content=\"article\" \/>\n<meta property=\"og:title\" content=\"SNACK PYRAMIDES - Chef Pastry\" \/>\n<meta property=\"og:description\" content=\"Avec le moule Snack Pyramides en polycarbonate de Martellato, pr\u00e9parez des barres snack en forme de pyramide pour un petit en-cas plein de douceurs.\" \/>\n<meta property=\"og:url\" content=\"https:\/\/chefpastry.ch\/de\/produkt\/snack-pyramides-polycarbonate-martellato\/\" \/>\n<meta property=\"og:site_name\" content=\"Chef Pastry\" \/>\n<meta property=\"article:modified_time\" content=\"2024-02-10T07:18:29+00:00\" \/>\n<meta property=\"og:image\" content=\"https:\/\/chefpastry.ch\/wp-content\/uploads\/2022\/06\/image-1398.jpg\" \/>\n\t<meta property=\"og:image:width\" content=\"612\" \/>\n\t<meta property=\"og:image:height\" content=\"501\" \/>\n\t<meta property=\"og:image:type\" content=\"image\/jpeg\" \/>\n<meta name=\"twitter:card\" content=\"summary_large_image\" \/>\n<meta name=\"twitter:label1\" content=\"Preis\" \/>\n\t<meta name=\"twitter:data1\" content=\"&#067;&#072;&#070;&nbsp;27.00 TTC\" \/>\n\t<meta name=\"twitter:label2\" content=\"Verf\u00fcgbarkeit\" \/>\n\t<meta name=\"twitter:data2\" content=\"Auf Lager\" \/>\n<script type=\"application\/ld+json\" class=\"yoast-schema-graph\">{\"@context\":\"https:\/\/schema.org\",\"@graph\":[{\"@type\":\"WebPage\",\"@id\":\"https:\/\/chefpastry.ch\/produit\/snack-pyramides-polycarbonate-martellato\/\",\"url\":\"https:\/\/chefpastry.ch\/produit\/snack-pyramides-polycarbonate-martellato\/\",\"name\":\"SNACK PYRAMIDES - Chef Pastry\",\"isPartOf\":{\"@id\":\"https:\/\/chefpastry.ch\/#website\"},\"primaryImageOfPage\":{\"@id\":\"https:\/\/chefpastry.ch\/produit\/snack-pyramides-polycarbonate-martellato\/#primaryimage\"},\"image\":{\"@id\":\"https:\/\/chefpastry.ch\/produit\/snack-pyramides-polycarbonate-martellato\/#primaryimage\"},\"thumbnailUrl\":\"https:\/\/chefpastry.ch\/wp-content\/uploads\/2022\/06\/image-1398.jpg\",\"datePublished\":\"2022-06-02T21:20:43+00:00\",\"dateModified\":\"2024-02-10T07:18:29+00:00\",\"description\":\"Avec le moule Snack Pyramides en polycarbonate de Martellato, pr\u00e9parez des barres snack en forme de pyramide pour un petit en-cas plein de douceurs.\",\"breadcrumb\":{\"@id\":\"https:\/\/chefpastry.ch\/produit\/snack-pyramides-polycarbonate-martellato\/#breadcrumb\"},\"inLanguage\":\"de\",\"potentialAction\":[{\"@type\":\"ReadAction\",\"target\":[\"https:\/\/chefpastry.ch\/produit\/snack-pyramides-polycarbonate-martellato\/\"]}]},{\"@type\":\"ImageObject\",\"inLanguage\":\"de\",\"@id\":\"https:\/\/chefpastry.ch\/produit\/snack-pyramides-polycarbonate-martellato\/#primaryimage\",\"url\":\"https:\/\/chefpastry.ch\/wp-content\/uploads\/2022\/06\/image-1398.jpg\",\"contentUrl\":\"https:\/\/chefpastry.ch\/wp-content\/uploads\/2022\/06\/image-1398.jpg\",\"width\":612,\"height\":501,\"caption\":\"Snack Pyramides polycarbonate Martellato\"},{\"@type\":\"BreadcrumbList\",\"@id\":\"https:\/\/chefpastry.ch\/produit\/snack-pyramides-polycarbonate-martellato\/#breadcrumb\",\"itemListElement\":[{\"@type\":\"ListItem\",\"position\":1,\"name\":\"Home\",\"item\":\"https:\/\/chefpastry.ch\/\"},{\"@type\":\"ListItem\",\"position\":2,\"name\":\"E-shop\",\"item\":\"https:\/\/chefpastry.ch\/e-shop\/\"},{\"@type\":\"ListItem\",\"position\":3,\"name\":\"SNACK PYRAMIDES\"}]},{\"@type\":\"WebSite\",\"@id\":\"https:\/\/chefpastry.ch\/#website\",\"url\":\"https:\/\/chefpastry.ch\/\",\"name\":\"Chef Pastry\",\"description\":\"\",\"publisher\":{\"@id\":\"https:\/\/chefpastry.ch\/#organization\"},\"potentialAction\":[{\"@type\":\"SearchAction\",\"target\":{\"@type\":\"EntryPoint\",\"urlTemplate\":\"https:\/\/chefpastry.ch\/?s={search_term_string}\"},\"query-input\":{\"@type\":\"PropertyValueSpecification\",\"valueRequired\":true,\"valueName\":\"search_term_string\"}}],\"inLanguage\":\"de\"},{\"@type\":\"Organization\",\"@id\":\"https:\/\/chefpastry.ch\/#organization\",\"name\":\"Chef Pastry\",\"url\":\"https:\/\/chefpastry.ch\/\",\"logo\":{\"@type\":\"ImageObject\",\"inLanguage\":\"de\",\"@id\":\"https:\/\/chefpastry.ch\/#\/schema\/logo\/image\/\",\"url\":\"https:\/\/chefpastry.ch\/wp-content\/uploads\/2022\/07\/cropped-chef_pastry_logo_rgb-03.png\",\"contentUrl\":\"https:\/\/chefpastry.ch\/wp-content\/uploads\/2022\/07\/cropped-chef_pastry_logo_rgb-03.png\",\"width\":1545,\"height\":412,\"caption\":\"Chef Pastry\"},\"image\":{\"@id\":\"https:\/\/chefpastry.ch\/#\/schema\/logo\/image\/\"}}]}<\/script>\n<meta property=\"product:price:amount\" content=\"27.00\" \/>\n<meta property=\"product:price:currency\" content=\"CHF\" \/>\n<meta property=\"og:availability\" content=\"instock\" \/>\n<meta property=\"product:availability\" content=\"instock\" \/>\n<meta property=\"product:retailer_item_id\" content=\"MA1915\" \/>\n<meta property=\"product:condition\" content=\"new\" \/>\n<!-- \/ Yoast SEO plugin. -->","yoast_head_json":{"title":"SNACK PYRAMIDES - Chef Pastry","description":"Avec le moule Snack Pyramides en polycarbonate de Martellato, pr\u00e9parez des barres snack en forme de pyramide pour un petit en-cas plein de douceurs.","robots":{"index":"index","follow":"follow","max-snippet":"max-snippet:-1","max-image-preview":"max-image-preview:large","max-video-preview":"max-video-preview:-1"},"canonical":"https:\/\/chefpastry.ch\/de\/produkt\/snack-pyramides-polycarbonate-martellato\/","og_locale":"de_DE","og_type":"article","og_title":"SNACK PYRAMIDES - Chef Pastry","og_description":"Avec le moule Snack Pyramides en polycarbonate de Martellato, pr\u00e9parez des barres snack en forme de pyramide pour un petit en-cas plein de douceurs.","og_url":"https:\/\/chefpastry.ch\/de\/produkt\/snack-pyramides-polycarbonate-martellato\/","og_site_name":"Chef Pastry","article_modified_time":"2024-02-10T07:18:29+00:00","og_image":[{"width":612,"height":501,"url":"https:\/\/chefpastry.ch\/wp-content\/uploads\/2022\/06\/image-1398.jpg","type":"image\/jpeg"}],"twitter_card":"summary_large_image","twitter_misc":{"Preis":"&#67;&#72;&#70;&nbsp;27.00 TTC","Verf\u00fcgbarkeit":"Auf Lager"},"schema":{"@context":"https:\/\/schema.org","@graph":[{"@type":"WebPage","@id":"https:\/\/chefpastry.ch\/produit\/snack-pyramides-polycarbonate-martellato\/","url":"https:\/\/chefpastry.ch\/produit\/snack-pyramides-polycarbonate-martellato\/","name":"SNACK PYRAMIDES - Chef Pastry","isPartOf":{"@id":"https:\/\/chefpastry.ch\/#website"},"primaryImageOfPage":{"@id":"https:\/\/chefpastry.ch\/produit\/snack-pyramides-polycarbonate-martellato\/#primaryimage"},"image":{"@id":"https:\/\/chefpastry.ch\/produit\/snack-pyramides-polycarbonate-martellato\/#primaryimage"},"thumbnailUrl":"https:\/\/chefpastry.ch\/wp-content\/uploads\/2022\/06\/image-1398.jpg","datePublished":"2022-06-02T21:20:43+00:00","dateModified":"2024-02-10T07:18:29+00:00","description":"Avec le moule Snack Pyramides en polycarbonate de Martellato, pr\u00e9parez des barres snack en forme de pyramide pour un petit en-cas plein de douceurs.","breadcrumb":{"@id":"https:\/\/chefpastry.ch\/produit\/snack-pyramides-polycarbonate-martellato\/#breadcrumb"},"inLanguage":"de","potentialAction":[{"@type":"ReadAction","target":["https:\/\/chefpastry.ch\/produit\/snack-pyramides-polycarbonate-martellato\/"]}]},{"@type":"ImageObject","inLanguage":"de","@id":"https:\/\/chefpastry.ch\/produit\/snack-pyramides-polycarbonate-martellato\/#primaryimage","url":"https:\/\/chefpastry.ch\/wp-content\/uploads\/2022\/06\/image-1398.jpg","contentUrl":"https:\/\/chefpastry.ch\/wp-content\/uploads\/2022\/06\/image-1398.jpg","width":612,"height":501,"caption":"Snack Pyramides polycarbonate Martellato"},{"@type":"BreadcrumbList","@id":"https:\/\/chefpastry.ch\/produit\/snack-pyramides-polycarbonate-martellato\/#breadcrumb","itemListElement":[{"@type":"ListItem","position":1,"name":"Home","item":"https:\/\/chefpastry.ch\/"},{"@type":"ListItem","position":2,"name":"E-shop","item":"https:\/\/chefpastry.ch\/e-shop\/"},{"@type":"ListItem","position":3,"name":"SNACK PYRAMIDES"}]},{"@type":"WebSite","@id":"https:\/\/chefpastry.ch\/#website","url":"https:\/\/chefpastry.ch\/","name":"Chef Pastry","description":"","publisher":{"@id":"https:\/\/chefpastry.ch\/#organization"},"potentialAction":[{"@type":"SearchAction","target":{"@type":"EntryPoint","urlTemplate":"https:\/\/chefpastry.ch\/?s={search_term_string}"},"query-input":{"@type":"PropertyValueSpecification","valueRequired":true,"valueName":"search_term_string"}}],"inLanguage":"de"},{"@type":"Organization","@id":"https:\/\/chefpastry.ch\/#organization","name":"Chef Pastry","url":"https:\/\/chefpastry.ch\/","logo":{"@type":"ImageObject","inLanguage":"de","@id":"https:\/\/chefpastry.ch\/#\/schema\/logo\/image\/","url":"https:\/\/chefpastry.ch\/wp-content\/uploads\/2022\/07\/cropped-chef_pastry_logo_rgb-03.png","contentUrl":"https:\/\/chefpastry.ch\/wp-content\/uploads\/2022\/07\/cropped-chef_pastry_logo_rgb-03.png","width":1545,"height":412,"caption":"Chef Pastry"},"image":{"@id":"https:\/\/chefpastry.ch\/#\/schema\/logo\/image\/"}}]},"product_price_amount":"27.00","product_price_currency":"CHF","og_availability":"instock","product_availability":"instock","product_retailer_item_id":"MA1915","product_condition":"new"},"_links":{"self":[{"href":"https:\/\/chefpastry.ch\/de\/wp-json\/wp\/v2\/product\/5892","targetHints":{"allow":["GET"]}}],"collection":[{"href":"https:\/\/chefpastry.ch\/de\/wp-json\/wp\/v2\/product"}],"about":[{"href":"https:\/\/chefpastry.ch\/de\/wp-json\/wp\/v2\/types\/product"}],"replies":[{"embeddable":true,"href":"https:\/\/chefpastry.ch\/de\/wp-json\/wp\/v2\/comments?post=5892"}],"version-history":[{"count":0,"href":"https:\/\/chefpastry.ch\/de\/wp-json\/wp\/v2\/product\/5892\/revisions"}],"wp:featuredmedia":[{"embeddable":true,"href":"https:\/\/chefpastry.ch\/de\/wp-json\/wp\/v2\/media\/5894"}],"wp:attachment":[{"href":"https:\/\/chefpastry.ch\/de\/wp-json\/wp\/v2\/media?parent=5892"}],"wp:term":[{"taxonomy":"product_brand","embeddable":true,"href":"https:\/\/chefpastry.ch\/de\/wp-json\/wp\/v2\/product_brand?post=5892"},{"taxonomy":"product_cat","embeddable":true,"href":"https:\/\/chefpastry.ch\/de\/wp-json\/wp\/v2\/product_cat?post=5892"},{"taxonomy":"product_tag","embeddable":true,"href":"https:\/\/chefpastry.ch\/de\/wp-json\/wp\/v2\/product_tag?post=5892"}],"curies":[{"name":"wp","href":"https:\/\/api.w.org\/{rel}","templated":true}]}}