{"id":5856,"date":"2022-06-02T23:20:25","date_gmt":"2022-06-02T21:20:25","guid":{"rendered":"https:\/\/chefpastry-aventure-gourmande.geekworkers.dev\/produit\/plateau-tournant-spinner\/"},"modified":"2025-11-15T08:18:25","modified_gmt":"2025-11-15T07:18:25","slug":"plateau-tournant-spinner-decorations","status":"publish","type":"product","link":"https:\/\/chefpastry.ch\/de\/produkt\/plateau-tournant-spinner-decorations\/","title":{"rendered":"DREHSCHEIBE SPINNER"},"content":{"rendered":"<p>Plateau tournant \u00e9lectrique <strong>SPINNER<\/strong> : un outil indispensable pour votre laboratoire.<\/p>\n<p>Avec Spinner, vous pouvez <strong>vereinfachen<\/strong> und <strong>erleichtern<\/strong> viele allt\u00e4gliche Prozesse wie :<\/p>\n<ul>\n<li>die <strong>Dekoration<\/strong> Kuchen und einzelne Portionen<\/li>\n<li>erstellen <strong>Schokoladendekorationen<\/strong><\/li>\n<li><strong>bereichern<\/strong> Ihre Produkte mit <strong>Details<\/strong>.<\/li>\n<\/ul>\n<p>Erhalten Sie <strong>perfekte Ergebnisse<\/strong> indem Sie einfach den Spinner aktivieren und die Geschwindigkeit und die Drehrichtung einstellen; Sie haben beide H\u00e4nde frei, um sich ausschlie\u00dflich auf Ihre Kreation zu konzentrieren, die in k\u00fcrzerer Zeit und mit gr\u00f6\u00dferer Pr\u00e4zision entsteht.<\/p>\n<p>Der Spinner ist kompakt, praktisch und leicht. Er findet selbst in den kleinsten Werkst\u00e4tten leicht Platz oder wird f\u00fcr den Einsatz im Freien transportiert.<\/p>\n<p>Le Spinner est compos\u00e9 d&rsquo;un corps stable avec un moteur circulaire sur lequel tourne une surface en plexiglas parfaitement plane, avec une \u00e9chelle gradu\u00e9e en cm et en pouces, d&rsquo;un diam\u00e8tre de 24 cm. Il permet le positionnement correct et constant du produit et la mesure de la d\u00e9coration.<\/p>\n<p>Il peut tourner \u00e0 la fois dans le sens des aiguilles d&rsquo;une montre et dans le sens inverse \u00e0 une vitesse r\u00e9glable.<\/p>\n<p>Les LED directionnelles s&rsquo;intensifient \u00e0 mesure que la vitesse augmente.<\/p>\n<p>Die praktische rutschfeste Silikonmatte wird f\u00fcr mehr Stabilit\u00e4t w\u00e4hrend der Behandlung sorgen.<\/p>\n<ul>\n<li>Elektrische Spannung: 115-230VAC \/ 50-60 Hz<\/li>\n<li>L&rsquo;\u00e9nergie \u00e9lectrique : 15W<\/li>\n<li>Ma\u00dfe: 27 x 26 x H. 12 cm<\/li>\n<li>Gesamtgewicht: 1.6 Kg<\/li>\n<li>Ma\u00dfe Tablett: \u00d8 24 cm<\/li>\n<\/ul>","protected":false},"excerpt":{"rendered":"<p>Der elektrische Drehteller SPINNER: Ein unverzichtbares Werkzeug, das die kreisf\u00f6rmige Dekoration Ihrer Desserts, Schokoladen oder aller anderen Zubereitungen vereinfacht und erleichtert.<\/p>","protected":false},"featured_media":5858,"comment_status":"closed","ping_status":"closed","template":"","meta":{"_jet_sm_ready_style":"","_jet_sm_style":"","_jet_sm_controls_values":"","_jet_sm_fonts_collection":"","_jet_sm_fonts_links":"","_joinchat":[]},"product_brand":[],"product_cat":[181],"product_tag":[],"class_list":{"0":"post-5856","1":"product","2":"type-product","3":"status-publish","4":"has-post-thumbnail","6":"product_cat-appareils","8":"first","9":"instock","10":"taxable","11":"shipping-taxable","12":"purchasable","13":"product-type-simple"},"yoast_head":"<!-- This site is optimized with the Yoast SEO plugin v27.0 - https:\/\/yoast.com\/product\/yoast-seo-wordpress\/ -->\n<title>Plateau Tournant Spinner \u2013 D\u00e9corations G\u00e2teaux Pro<\/title>\n<meta name=\"description\" content=\"Achetez un plateau tournant spinner pour d\u00e9corer vos g\u00e2teaux avec pr\u00e9cision et style. Id\u00e9al pour p\u00e2tissiers amateurs et professionnels.\" \/>\n<meta name=\"robots\" content=\"index, follow, max-snippet:-1, max-image-preview:large, max-video-preview:-1\" \/>\n<link rel=\"canonical\" href=\"https:\/\/chefpastry.ch\/de\/produkt\/plateau-tournant-spinner-decorations\/\" \/>\n<meta property=\"og:locale\" content=\"de_DE\" \/>\n<meta property=\"og:type\" content=\"article\" \/>\n<meta property=\"og:title\" content=\"Plateau Tournant Spinner \u2013 D\u00e9corations G\u00e2teaux Pro\" \/>\n<meta property=\"og:description\" content=\"Achetez un plateau tournant spinner pour d\u00e9corer vos g\u00e2teaux avec pr\u00e9cision et style. Id\u00e9al pour p\u00e2tissiers amateurs et professionnels.\" \/>\n<meta property=\"og:url\" content=\"https:\/\/chefpastry.ch\/de\/produkt\/plateau-tournant-spinner-decorations\/\" \/>\n<meta property=\"og:site_name\" content=\"Chef Pastry\" \/>\n<meta property=\"article:modified_time\" content=\"2025-11-15T07:18:25+00:00\" \/>\n<meta property=\"og:image\" content=\"https:\/\/chefpastry.ch\/wp-content\/uploads\/2022\/06\/image-1380.jpg\" \/>\n\t<meta property=\"og:image:width\" content=\"1200\" \/>\n\t<meta property=\"og:image:height\" content=\"1200\" \/>\n\t<meta property=\"og:image:type\" content=\"image\/jpeg\" \/>\n<meta name=\"twitter:card\" content=\"summary_large_image\" \/>\n<meta name=\"twitter:label1\" content=\"Preis\" \/>\n\t<meta name=\"twitter:data1\" content=\"&#067;&#072;&#070;&nbsp;499.00 TTC\" \/>\n\t<meta name=\"twitter:label2\" content=\"Verf\u00fcgbarkeit\" \/>\n\t<meta name=\"twitter:data2\" content=\"Auf Lager\" \/>\n<script type=\"application\/ld+json\" class=\"yoast-schema-graph\">{\"@context\":\"https:\/\/schema.org\",\"@graph\":[{\"@type\":\"WebPage\",\"@id\":\"https:\/\/chefpastry.ch\/produit\/plateau-tournant-spinner-decorations\/\",\"url\":\"https:\/\/chefpastry.ch\/produit\/plateau-tournant-spinner-decorations\/\",\"name\":\"Plateau Tournant Spinner \u2013 D\u00e9corations G\u00e2teaux Pro\",\"isPartOf\":{\"@id\":\"https:\/\/chefpastry.ch\/#website\"},\"primaryImageOfPage\":{\"@id\":\"https:\/\/chefpastry.ch\/produit\/plateau-tournant-spinner-decorations\/#primaryimage\"},\"image\":{\"@id\":\"https:\/\/chefpastry.ch\/produit\/plateau-tournant-spinner-decorations\/#primaryimage\"},\"thumbnailUrl\":\"https:\/\/chefpastry.ch\/wp-content\/uploads\/2022\/06\/image-1380.jpg\",\"datePublished\":\"2022-06-02T21:20:25+00:00\",\"dateModified\":\"2025-11-15T07:18:25+00:00\",\"description\":\"Achetez un plateau tournant spinner pour d\u00e9corer vos g\u00e2teaux avec pr\u00e9cision et style. Id\u00e9al pour p\u00e2tissiers amateurs et professionnels.\",\"breadcrumb\":{\"@id\":\"https:\/\/chefpastry.ch\/produit\/plateau-tournant-spinner-decorations\/#breadcrumb\"},\"inLanguage\":\"de\",\"potentialAction\":[{\"@type\":\"ReadAction\",\"target\":[\"https:\/\/chefpastry.ch\/produit\/plateau-tournant-spinner-decorations\/\"]}]},{\"@type\":\"ImageObject\",\"inLanguage\":\"de\",\"@id\":\"https:\/\/chefpastry.ch\/produit\/plateau-tournant-spinner-decorations\/#primaryimage\",\"url\":\"https:\/\/chefpastry.ch\/wp-content\/uploads\/2022\/06\/image-1380.jpg\",\"contentUrl\":\"https:\/\/chefpastry.ch\/wp-content\/uploads\/2022\/06\/image-1380.jpg\",\"width\":1200,\"height\":1200,\"caption\":\"plateau tournant spinner d\u00e9coration\"},{\"@type\":\"BreadcrumbList\",\"@id\":\"https:\/\/chefpastry.ch\/produit\/plateau-tournant-spinner-decorations\/#breadcrumb\",\"itemListElement\":[{\"@type\":\"ListItem\",\"position\":1,\"name\":\"Home\",\"item\":\"https:\/\/chefpastry.ch\/\"},{\"@type\":\"ListItem\",\"position\":2,\"name\":\"E-shop\",\"item\":\"https:\/\/chefpastry.ch\/e-shop\/\"},{\"@type\":\"ListItem\",\"position\":3,\"name\":\"PLATEAU TOURNANT SPINNER\"}]},{\"@type\":\"WebSite\",\"@id\":\"https:\/\/chefpastry.ch\/#website\",\"url\":\"https:\/\/chefpastry.ch\/\",\"name\":\"Chef Pastry\",\"description\":\"\",\"publisher\":{\"@id\":\"https:\/\/chefpastry.ch\/#organization\"},\"potentialAction\":[{\"@type\":\"SearchAction\",\"target\":{\"@type\":\"EntryPoint\",\"urlTemplate\":\"https:\/\/chefpastry.ch\/?s={search_term_string}\"},\"query-input\":{\"@type\":\"PropertyValueSpecification\",\"valueRequired\":true,\"valueName\":\"search_term_string\"}}],\"inLanguage\":\"de\"},{\"@type\":\"Organization\",\"@id\":\"https:\/\/chefpastry.ch\/#organization\",\"name\":\"Chef Pastry\",\"url\":\"https:\/\/chefpastry.ch\/\",\"logo\":{\"@type\":\"ImageObject\",\"inLanguage\":\"de\",\"@id\":\"https:\/\/chefpastry.ch\/#\/schema\/logo\/image\/\",\"url\":\"https:\/\/chefpastry.ch\/wp-content\/uploads\/2022\/07\/cropped-chef_pastry_logo_rgb-03.png\",\"contentUrl\":\"https:\/\/chefpastry.ch\/wp-content\/uploads\/2022\/07\/cropped-chef_pastry_logo_rgb-03.png\",\"width\":1545,\"height\":412,\"caption\":\"Chef Pastry\"},\"image\":{\"@id\":\"https:\/\/chefpastry.ch\/#\/schema\/logo\/image\/\"}}]}<\/script>\n<meta property=\"product:price:amount\" content=\"499.00\" \/>\n<meta property=\"product:price:currency\" content=\"CHF\" \/>\n<meta property=\"og:availability\" content=\"instock\" \/>\n<meta property=\"product:availability\" content=\"instock\" \/>\n<meta property=\"product:retailer_item_id\" content=\"SPINNER\" \/>\n<meta property=\"product:condition\" content=\"new\" \/>\n<!-- \/ Yoast SEO plugin. -->","yoast_head_json":{"title":"Plateau Tournant Spinner \u2013 D\u00e9corations G\u00e2teaux Pro","description":"Achetez un plateau tournant spinner pour d\u00e9corer vos g\u00e2teaux avec pr\u00e9cision et style. Id\u00e9al pour p\u00e2tissiers amateurs et professionnels.","robots":{"index":"index","follow":"follow","max-snippet":"max-snippet:-1","max-image-preview":"max-image-preview:large","max-video-preview":"max-video-preview:-1"},"canonical":"https:\/\/chefpastry.ch\/de\/produkt\/plateau-tournant-spinner-decorations\/","og_locale":"de_DE","og_type":"article","og_title":"Plateau Tournant Spinner \u2013 D\u00e9corations G\u00e2teaux Pro","og_description":"Achetez un plateau tournant spinner pour d\u00e9corer vos g\u00e2teaux avec pr\u00e9cision et style. Id\u00e9al pour p\u00e2tissiers amateurs et professionnels.","og_url":"https:\/\/chefpastry.ch\/de\/produkt\/plateau-tournant-spinner-decorations\/","og_site_name":"Chef Pastry","article_modified_time":"2025-11-15T07:18:25+00:00","og_image":[{"width":1200,"height":1200,"url":"https:\/\/chefpastry.ch\/wp-content\/uploads\/2022\/06\/image-1380.jpg","type":"image\/jpeg"}],"twitter_card":"summary_large_image","twitter_misc":{"Preis":"&#67;&#72;&#70;&nbsp;499.00 TTC","Verf\u00fcgbarkeit":"Auf Lager"},"schema":{"@context":"https:\/\/schema.org","@graph":[{"@type":"WebPage","@id":"https:\/\/chefpastry.ch\/produit\/plateau-tournant-spinner-decorations\/","url":"https:\/\/chefpastry.ch\/produit\/plateau-tournant-spinner-decorations\/","name":"Plateau Tournant Spinner \u2013 D\u00e9corations G\u00e2teaux Pro","isPartOf":{"@id":"https:\/\/chefpastry.ch\/#website"},"primaryImageOfPage":{"@id":"https:\/\/chefpastry.ch\/produit\/plateau-tournant-spinner-decorations\/#primaryimage"},"image":{"@id":"https:\/\/chefpastry.ch\/produit\/plateau-tournant-spinner-decorations\/#primaryimage"},"thumbnailUrl":"https:\/\/chefpastry.ch\/wp-content\/uploads\/2022\/06\/image-1380.jpg","datePublished":"2022-06-02T21:20:25+00:00","dateModified":"2025-11-15T07:18:25+00:00","description":"Achetez un plateau tournant spinner pour d\u00e9corer vos g\u00e2teaux avec pr\u00e9cision et style. Id\u00e9al pour p\u00e2tissiers amateurs et professionnels.","breadcrumb":{"@id":"https:\/\/chefpastry.ch\/produit\/plateau-tournant-spinner-decorations\/#breadcrumb"},"inLanguage":"de","potentialAction":[{"@type":"ReadAction","target":["https:\/\/chefpastry.ch\/produit\/plateau-tournant-spinner-decorations\/"]}]},{"@type":"ImageObject","inLanguage":"de","@id":"https:\/\/chefpastry.ch\/produit\/plateau-tournant-spinner-decorations\/#primaryimage","url":"https:\/\/chefpastry.ch\/wp-content\/uploads\/2022\/06\/image-1380.jpg","contentUrl":"https:\/\/chefpastry.ch\/wp-content\/uploads\/2022\/06\/image-1380.jpg","width":1200,"height":1200,"caption":"plateau tournant spinner d\u00e9coration"},{"@type":"BreadcrumbList","@id":"https:\/\/chefpastry.ch\/produit\/plateau-tournant-spinner-decorations\/#breadcrumb","itemListElement":[{"@type":"ListItem","position":1,"name":"Home","item":"https:\/\/chefpastry.ch\/"},{"@type":"ListItem","position":2,"name":"E-shop","item":"https:\/\/chefpastry.ch\/e-shop\/"},{"@type":"ListItem","position":3,"name":"PLATEAU TOURNANT SPINNER"}]},{"@type":"WebSite","@id":"https:\/\/chefpastry.ch\/#website","url":"https:\/\/chefpastry.ch\/","name":"Chef Pastry","description":"","publisher":{"@id":"https:\/\/chefpastry.ch\/#organization"},"potentialAction":[{"@type":"SearchAction","target":{"@type":"EntryPoint","urlTemplate":"https:\/\/chefpastry.ch\/?s={search_term_string}"},"query-input":{"@type":"PropertyValueSpecification","valueRequired":true,"valueName":"search_term_string"}}],"inLanguage":"de"},{"@type":"Organization","@id":"https:\/\/chefpastry.ch\/#organization","name":"Chef Pastry","url":"https:\/\/chefpastry.ch\/","logo":{"@type":"ImageObject","inLanguage":"de","@id":"https:\/\/chefpastry.ch\/#\/schema\/logo\/image\/","url":"https:\/\/chefpastry.ch\/wp-content\/uploads\/2022\/07\/cropped-chef_pastry_logo_rgb-03.png","contentUrl":"https:\/\/chefpastry.ch\/wp-content\/uploads\/2022\/07\/cropped-chef_pastry_logo_rgb-03.png","width":1545,"height":412,"caption":"Chef Pastry"},"image":{"@id":"https:\/\/chefpastry.ch\/#\/schema\/logo\/image\/"}}]},"product_price_amount":"499.00","product_price_currency":"CHF","og_availability":"instock","product_availability":"instock","product_retailer_item_id":"SPINNER","product_condition":"new"},"_links":{"self":[{"href":"https:\/\/chefpastry.ch\/de\/wp-json\/wp\/v2\/product\/5856","targetHints":{"allow":["GET"]}}],"collection":[{"href":"https:\/\/chefpastry.ch\/de\/wp-json\/wp\/v2\/product"}],"about":[{"href":"https:\/\/chefpastry.ch\/de\/wp-json\/wp\/v2\/types\/product"}],"replies":[{"embeddable":true,"href":"https:\/\/chefpastry.ch\/de\/wp-json\/wp\/v2\/comments?post=5856"}],"version-history":[{"count":1,"href":"https:\/\/chefpastry.ch\/de\/wp-json\/wp\/v2\/product\/5856\/revisions"}],"predecessor-version":[{"id":16542,"href":"https:\/\/chefpastry.ch\/de\/wp-json\/wp\/v2\/product\/5856\/revisions\/16542"}],"wp:featuredmedia":[{"embeddable":true,"href":"https:\/\/chefpastry.ch\/de\/wp-json\/wp\/v2\/media\/5858"}],"wp:attachment":[{"href":"https:\/\/chefpastry.ch\/de\/wp-json\/wp\/v2\/media?parent=5856"}],"wp:term":[{"taxonomy":"product_brand","embeddable":true,"href":"https:\/\/chefpastry.ch\/de\/wp-json\/wp\/v2\/product_brand?post=5856"},{"taxonomy":"product_cat","embeddable":true,"href":"https:\/\/chefpastry.ch\/de\/wp-json\/wp\/v2\/product_cat?post=5856"},{"taxonomy":"product_tag","embeddable":true,"href":"https:\/\/chefpastry.ch\/de\/wp-json\/wp\/v2\/product_tag?post=5856"}],"curies":[{"name":"wp","href":"https:\/\/api.w.org\/{rel}","templated":true}]}}