{"id":5743,"date":"2022-06-02T23:19:19","date_gmt":"2022-06-02T21:19:19","guid":{"rendered":"https:\/\/chefpastry-aventure-gourmande.geekworkers.dev\/produit\/kit-tarte-nouvelle-vague\/"},"modified":"2023-03-10T11:41:35","modified_gmt":"2023-03-10T10:41:35","slug":"kit-tarte-nouvelle-vague","status":"publish","type":"product","link":"https:\/\/chefpastry.ch\/de\/produkt\/kit-tarte-nouvelle-vague\/","title":{"rendered":"KIT TARTE NOUVELLE VAGUE"},"content":{"rendered":"<p>Mit dem <strong>KIT TARTE NOUVELLE VAGUE<\/strong>Eine Art, die Torte zu gestalten und dieses traditionelle Dessert noch spannender und zeitgem\u00e4\u00dfer zu machen.<\/p>\n<p>Die <strong>KIT<\/strong>\u00a0 besteht aus zwei Elementen: einem quadratischen, mikroperforierten Element, das einen M\u00fcrbeteigboden f\u00fcr eine Torte bildet, und einer Silikonform, die ein zartes Wellenmuster nachbildet.<\/p>\n<p>L&rsquo;\u00e9l\u00e9ment rectangle sp\u00e9cial est fabriqu\u00e9 avec une nouvelle mati\u00e8re plastique antiadh\u00e9sive, parfaite pour une cuisson homog\u00e8ne au four.<\/p>\n<ul>\n<li>Gr\u00f6\u00dfe Rechteck: 265 x 105 x 20 mm<\/li>\n<li>Gr\u00f6\u00dfe der Form: 240 x 80 x 24 mm<\/li>\n<li>Volumen der Form: 290 ml<\/li>\n<\/ul>","protected":false},"excerpt":{"rendered":"<p>Mit dem <strong>KIT TARTE NOUVELLE VAGUE<\/strong>Eine Art, die Torte zu gestalten und dieses traditionelle Dessert noch spannender und zeitgem\u00e4\u00dfer zu machen.<\/p>","protected":false},"featured_media":5745,"comment_status":"closed","ping_status":"closed","template":"","meta":{"_jet_sm_ready_style":"","_jet_sm_style":"","_jet_sm_controls_values":"","_jet_sm_fonts_collection":"","_jet_sm_fonts_links":"","_joinchat":[]},"product_brand":[],"product_cat":[79],"product_tag":[],"class_list":{"0":"post-5743","1":"product","2":"type-product","3":"status-publish","4":"has-post-thumbnail","6":"product_cat-tarte","8":"first","9":"instock","10":"taxable","11":"shipping-taxable","12":"purchasable","13":"product-type-simple"},"yoast_head":"<!-- This site is optimized with the Yoast SEO plugin v27.0 - https:\/\/yoast.com\/product\/yoast-seo-wordpress\/ -->\n<title>KIT TARTE NOUVELLE VAGUE - Chef Pastry<\/title>\n<meta name=\"description\" content=\"Avec le KIT TARTE NOUVELLE VAGUE, une fa\u00e7on de concevoir la tarte et de rendre ce dessert traditionnel encore plus captivant et contemporain.\" \/>\n<meta name=\"robots\" content=\"index, follow, max-snippet:-1, max-image-preview:large, max-video-preview:-1\" \/>\n<link rel=\"canonical\" href=\"https:\/\/chefpastry.ch\/de\/produkt\/kit-tarte-nouvelle-vague\/\" \/>\n<meta property=\"og:locale\" content=\"de_DE\" \/>\n<meta property=\"og:type\" content=\"article\" \/>\n<meta property=\"og:title\" content=\"KIT TARTE NOUVELLE VAGUE - Chef Pastry\" \/>\n<meta property=\"og:description\" content=\"Avec le KIT TARTE NOUVELLE VAGUE, une fa\u00e7on de concevoir la tarte et de rendre ce dessert traditionnel encore plus captivant et contemporain.\" \/>\n<meta property=\"og:url\" content=\"https:\/\/chefpastry.ch\/de\/produkt\/kit-tarte-nouvelle-vague\/\" \/>\n<meta property=\"og:site_name\" content=\"Chef Pastry\" \/>\n<meta property=\"article:modified_time\" content=\"2023-03-10T10:41:35+00:00\" \/>\n<meta property=\"og:image\" content=\"https:\/\/chefpastry.ch\/wp-content\/uploads\/2022\/06\/image-1308.jpg\" \/>\n\t<meta property=\"og:image:width\" content=\"600\" \/>\n\t<meta property=\"og:image:height\" content=\"400\" \/>\n\t<meta property=\"og:image:type\" content=\"image\/jpeg\" \/>\n<meta name=\"twitter:card\" content=\"summary_large_image\" \/>\n<meta name=\"twitter:label1\" content=\"Preis\" \/>\n\t<meta name=\"twitter:data1\" content=\"&#067;&#072;&#070;&nbsp;29.00 TTC\" \/>\n\t<meta name=\"twitter:label2\" content=\"Verf\u00fcgbarkeit\" \/>\n\t<meta name=\"twitter:data2\" content=\"Auf Lager\" \/>\n<script type=\"application\/ld+json\" class=\"yoast-schema-graph\">{\"@context\":\"https:\/\/schema.org\",\"@graph\":[{\"@type\":\"WebPage\",\"@id\":\"https:\/\/chefpastry.ch\/produit\/kit-tarte-nouvelle-vague\/\",\"url\":\"https:\/\/chefpastry.ch\/produit\/kit-tarte-nouvelle-vague\/\",\"name\":\"KIT TARTE NOUVELLE VAGUE - Chef Pastry\",\"isPartOf\":{\"@id\":\"https:\/\/chefpastry.ch\/#website\"},\"primaryImageOfPage\":{\"@id\":\"https:\/\/chefpastry.ch\/produit\/kit-tarte-nouvelle-vague\/#primaryimage\"},\"image\":{\"@id\":\"https:\/\/chefpastry.ch\/produit\/kit-tarte-nouvelle-vague\/#primaryimage\"},\"thumbnailUrl\":\"https:\/\/chefpastry.ch\/wp-content\/uploads\/2022\/06\/image-1308.jpg\",\"datePublished\":\"2022-06-02T21:19:19+00:00\",\"dateModified\":\"2023-03-10T10:41:35+00:00\",\"description\":\"Avec le KIT TARTE NOUVELLE VAGUE, une fa\u00e7on de concevoir la tarte et de rendre ce dessert traditionnel encore plus captivant et contemporain.\",\"breadcrumb\":{\"@id\":\"https:\/\/chefpastry.ch\/produit\/kit-tarte-nouvelle-vague\/#breadcrumb\"},\"inLanguage\":\"de\",\"potentialAction\":[{\"@type\":\"ReadAction\",\"target\":[\"https:\/\/chefpastry.ch\/produit\/kit-tarte-nouvelle-vague\/\"]}]},{\"@type\":\"ImageObject\",\"inLanguage\":\"de\",\"@id\":\"https:\/\/chefpastry.ch\/produit\/kit-tarte-nouvelle-vague\/#primaryimage\",\"url\":\"https:\/\/chefpastry.ch\/wp-content\/uploads\/2022\/06\/image-1308.jpg\",\"contentUrl\":\"https:\/\/chefpastry.ch\/wp-content\/uploads\/2022\/06\/image-1308.jpg\",\"width\":600,\"height\":400,\"caption\":\"KIT TARTE NOUVELLE VAGUE\"},{\"@type\":\"BreadcrumbList\",\"@id\":\"https:\/\/chefpastry.ch\/produit\/kit-tarte-nouvelle-vague\/#breadcrumb\",\"itemListElement\":[{\"@type\":\"ListItem\",\"position\":1,\"name\":\"Home\",\"item\":\"https:\/\/chefpastry.ch\/\"},{\"@type\":\"ListItem\",\"position\":2,\"name\":\"E-shop\",\"item\":\"https:\/\/chefpastry.ch\/e-shop\/\"},{\"@type\":\"ListItem\",\"position\":3,\"name\":\"KIT TARTE NOUVELLE VAGUE\"}]},{\"@type\":\"WebSite\",\"@id\":\"https:\/\/chefpastry.ch\/#website\",\"url\":\"https:\/\/chefpastry.ch\/\",\"name\":\"Chef Pastry\",\"description\":\"\",\"publisher\":{\"@id\":\"https:\/\/chefpastry.ch\/#organization\"},\"potentialAction\":[{\"@type\":\"SearchAction\",\"target\":{\"@type\":\"EntryPoint\",\"urlTemplate\":\"https:\/\/chefpastry.ch\/?s={search_term_string}\"},\"query-input\":{\"@type\":\"PropertyValueSpecification\",\"valueRequired\":true,\"valueName\":\"search_term_string\"}}],\"inLanguage\":\"de\"},{\"@type\":\"Organization\",\"@id\":\"https:\/\/chefpastry.ch\/#organization\",\"name\":\"Chef Pastry\",\"url\":\"https:\/\/chefpastry.ch\/\",\"logo\":{\"@type\":\"ImageObject\",\"inLanguage\":\"de\",\"@id\":\"https:\/\/chefpastry.ch\/#\/schema\/logo\/image\/\",\"url\":\"https:\/\/chefpastry.ch\/wp-content\/uploads\/2022\/07\/cropped-chef_pastry_logo_rgb-03.png\",\"contentUrl\":\"https:\/\/chefpastry.ch\/wp-content\/uploads\/2022\/07\/cropped-chef_pastry_logo_rgb-03.png\",\"width\":1545,\"height\":412,\"caption\":\"Chef Pastry\"},\"image\":{\"@id\":\"https:\/\/chefpastry.ch\/#\/schema\/logo\/image\/\"}}]}<\/script>\n<meta property=\"product:price:amount\" content=\"29.00\" \/>\n<meta property=\"product:price:currency\" content=\"CHF\" \/>\n<meta property=\"og:availability\" content=\"instock\" \/>\n<meta property=\"product:availability\" content=\"instock\" \/>\n<meta property=\"product:retailer_item_id\" content=\"23.107.13.0065\" \/>\n<meta property=\"product:condition\" content=\"new\" \/>\n<!-- \/ Yoast SEO plugin. -->","yoast_head_json":{"title":"KIT TARTE NOUVELLE VAGUE - Chef Pastry","description":"Avec le KIT TARTE NOUVELLE VAGUE, une fa\u00e7on de concevoir la tarte et de rendre ce dessert traditionnel encore plus captivant et contemporain.","robots":{"index":"index","follow":"follow","max-snippet":"max-snippet:-1","max-image-preview":"max-image-preview:large","max-video-preview":"max-video-preview:-1"},"canonical":"https:\/\/chefpastry.ch\/de\/produkt\/kit-tarte-nouvelle-vague\/","og_locale":"de_DE","og_type":"article","og_title":"KIT TARTE NOUVELLE VAGUE - Chef Pastry","og_description":"Avec le KIT TARTE NOUVELLE VAGUE, une fa\u00e7on de concevoir la tarte et de rendre ce dessert traditionnel encore plus captivant et contemporain.","og_url":"https:\/\/chefpastry.ch\/de\/produkt\/kit-tarte-nouvelle-vague\/","og_site_name":"Chef Pastry","article_modified_time":"2023-03-10T10:41:35+00:00","og_image":[{"width":600,"height":400,"url":"https:\/\/chefpastry.ch\/wp-content\/uploads\/2022\/06\/image-1308.jpg","type":"image\/jpeg"}],"twitter_card":"summary_large_image","twitter_misc":{"Preis":"&#67;&#72;&#70;&nbsp;29.00 TTC","Verf\u00fcgbarkeit":"Auf Lager"},"schema":{"@context":"https:\/\/schema.org","@graph":[{"@type":"WebPage","@id":"https:\/\/chefpastry.ch\/produit\/kit-tarte-nouvelle-vague\/","url":"https:\/\/chefpastry.ch\/produit\/kit-tarte-nouvelle-vague\/","name":"KIT TARTE NOUVELLE VAGUE - Chef Pastry","isPartOf":{"@id":"https:\/\/chefpastry.ch\/#website"},"primaryImageOfPage":{"@id":"https:\/\/chefpastry.ch\/produit\/kit-tarte-nouvelle-vague\/#primaryimage"},"image":{"@id":"https:\/\/chefpastry.ch\/produit\/kit-tarte-nouvelle-vague\/#primaryimage"},"thumbnailUrl":"https:\/\/chefpastry.ch\/wp-content\/uploads\/2022\/06\/image-1308.jpg","datePublished":"2022-06-02T21:19:19+00:00","dateModified":"2023-03-10T10:41:35+00:00","description":"Avec le KIT TARTE NOUVELLE VAGUE, une fa\u00e7on de concevoir la tarte et de rendre ce dessert traditionnel encore plus captivant et contemporain.","breadcrumb":{"@id":"https:\/\/chefpastry.ch\/produit\/kit-tarte-nouvelle-vague\/#breadcrumb"},"inLanguage":"de","potentialAction":[{"@type":"ReadAction","target":["https:\/\/chefpastry.ch\/produit\/kit-tarte-nouvelle-vague\/"]}]},{"@type":"ImageObject","inLanguage":"de","@id":"https:\/\/chefpastry.ch\/produit\/kit-tarte-nouvelle-vague\/#primaryimage","url":"https:\/\/chefpastry.ch\/wp-content\/uploads\/2022\/06\/image-1308.jpg","contentUrl":"https:\/\/chefpastry.ch\/wp-content\/uploads\/2022\/06\/image-1308.jpg","width":600,"height":400,"caption":"KIT TARTE NOUVELLE VAGUE"},{"@type":"BreadcrumbList","@id":"https:\/\/chefpastry.ch\/produit\/kit-tarte-nouvelle-vague\/#breadcrumb","itemListElement":[{"@type":"ListItem","position":1,"name":"Home","item":"https:\/\/chefpastry.ch\/"},{"@type":"ListItem","position":2,"name":"E-shop","item":"https:\/\/chefpastry.ch\/e-shop\/"},{"@type":"ListItem","position":3,"name":"KIT TARTE NOUVELLE VAGUE"}]},{"@type":"WebSite","@id":"https:\/\/chefpastry.ch\/#website","url":"https:\/\/chefpastry.ch\/","name":"Chef Pastry","description":"","publisher":{"@id":"https:\/\/chefpastry.ch\/#organization"},"potentialAction":[{"@type":"SearchAction","target":{"@type":"EntryPoint","urlTemplate":"https:\/\/chefpastry.ch\/?s={search_term_string}"},"query-input":{"@type":"PropertyValueSpecification","valueRequired":true,"valueName":"search_term_string"}}],"inLanguage":"de"},{"@type":"Organization","@id":"https:\/\/chefpastry.ch\/#organization","name":"Chef Pastry","url":"https:\/\/chefpastry.ch\/","logo":{"@type":"ImageObject","inLanguage":"de","@id":"https:\/\/chefpastry.ch\/#\/schema\/logo\/image\/","url":"https:\/\/chefpastry.ch\/wp-content\/uploads\/2022\/07\/cropped-chef_pastry_logo_rgb-03.png","contentUrl":"https:\/\/chefpastry.ch\/wp-content\/uploads\/2022\/07\/cropped-chef_pastry_logo_rgb-03.png","width":1545,"height":412,"caption":"Chef Pastry"},"image":{"@id":"https:\/\/chefpastry.ch\/#\/schema\/logo\/image\/"}}]},"product_price_amount":"29.00","product_price_currency":"CHF","og_availability":"instock","product_availability":"instock","product_retailer_item_id":"23.107.13.0065","product_condition":"new"},"_links":{"self":[{"href":"https:\/\/chefpastry.ch\/de\/wp-json\/wp\/v2\/product\/5743","targetHints":{"allow":["GET"]}}],"collection":[{"href":"https:\/\/chefpastry.ch\/de\/wp-json\/wp\/v2\/product"}],"about":[{"href":"https:\/\/chefpastry.ch\/de\/wp-json\/wp\/v2\/types\/product"}],"replies":[{"embeddable":true,"href":"https:\/\/chefpastry.ch\/de\/wp-json\/wp\/v2\/comments?post=5743"}],"version-history":[{"count":0,"href":"https:\/\/chefpastry.ch\/de\/wp-json\/wp\/v2\/product\/5743\/revisions"}],"wp:featuredmedia":[{"embeddable":true,"href":"https:\/\/chefpastry.ch\/de\/wp-json\/wp\/v2\/media\/5745"}],"wp:attachment":[{"href":"https:\/\/chefpastry.ch\/de\/wp-json\/wp\/v2\/media?parent=5743"}],"wp:term":[{"taxonomy":"product_brand","embeddable":true,"href":"https:\/\/chefpastry.ch\/de\/wp-json\/wp\/v2\/product_brand?post=5743"},{"taxonomy":"product_cat","embeddable":true,"href":"https:\/\/chefpastry.ch\/de\/wp-json\/wp\/v2\/product_cat?post=5743"},{"taxonomy":"product_tag","embeddable":true,"href":"https:\/\/chefpastry.ch\/de\/wp-json\/wp\/v2\/product_tag?post=5743"}],"curies":[{"name":"wp","href":"https:\/\/api.w.org\/{rel}","templated":true}]}}