{"id":5555,"date":"2022-06-02T23:17:44","date_gmt":"2022-06-02T21:17:44","guid":{"rendered":"https:\/\/chefpastry-aventure-gourmande.geekworkers.dev\/produit\/triangolo-3-0\/"},"modified":"2023-12-31T15:41:45","modified_gmt":"2023-12-31T14:41:45","slug":"tapis-silicone-silikomart-decoration-triangolo-3-0","status":"publish","type":"product","link":"https:\/\/chefpastry.ch\/de\/produkt\/tapis-silicone-silikomart-decoration-triangolo-3-0\/","title":{"rendered":"TRIANGOLO 3.0"},"content":{"rendered":"<p>Essentielle Geometrie f\u00fcr Gerichte mit raffiniertem Geschmack mit der Silikonmatte <strong>TRIANGOLO 3.0<\/strong> das f\u00fcr die Dekoration von Tellern in der gehobenen Gastronomie entwickelt wurde.<\/p>\n<p>Inspiration von Chefkoch Andrea Valentinetti.<\/p>\n<p>Abmessungen :<\/p>\n<ul>\n<li>Gr\u00f6\u00dfe der Form: 470 x 270 x 7 mm<\/li>\n<li>Gr\u00f6\u00dfe des Hohlraums: 103 x 95 x 5.5 mm<\/li>\n<li>Volumen: 10.5 ml x 36<\/li>\n<\/ul>","protected":false},"excerpt":{"rendered":"<p>Essentielle Geometrie f\u00fcr Gerichte mit raffiniertem Geschmack mit der Silikonmatte <strong>TRIANGOLO 3.0<\/strong> das f\u00fcr die Dekoration von Tellern in der gehobenen Gastronomie entwickelt wurde.<\/p>","protected":false},"featured_media":5557,"comment_status":"closed","ping_status":"closed","template":"","meta":{"_jet_sm_ready_style":"","_jet_sm_style":"","_jet_sm_controls_values":"","_jet_sm_fonts_collection":"","_jet_sm_fonts_links":"","_joinchat":[]},"product_brand":[],"product_cat":[109,183],"product_tag":[],"class_list":{"0":"post-5555","1":"product","2":"type-product","3":"status-publish","4":"has-post-thumbnail","6":"product_cat-gastronomie","7":"product_cat-promo","9":"first","10":"outofstock","11":"sale","12":"taxable","13":"shipping-taxable","14":"purchasable","15":"product-type-simple"},"yoast_head":"<!-- This site is optimized with the Yoast SEO plugin v27.0 - https:\/\/yoast.com\/product\/yoast-seo-wordpress\/ -->\n<title>TRIANGOLO 3.0 - Chef Pastry<\/title>\n<meta name=\"description\" content=\"Une g\u00e9om\u00e9trie essentielle pour des plats au go\u00fbt raffin\u00e9 avec le tapis en silicone TRIANGOLO 3.0 con\u00e7u pour la d\u00e9coration en haute gastronomie\" \/>\n<meta name=\"robots\" content=\"index, follow, max-snippet:-1, max-image-preview:large, max-video-preview:-1\" \/>\n<link rel=\"canonical\" href=\"https:\/\/chefpastry.ch\/de\/produkt\/tapis-silicone-silikomart-decoration-triangolo-3-0\/\" \/>\n<meta property=\"og:locale\" content=\"de_DE\" \/>\n<meta property=\"og:type\" content=\"article\" \/>\n<meta property=\"og:title\" content=\"TRIANGOLO 3.0 - Chef Pastry\" \/>\n<meta property=\"og:description\" content=\"Une g\u00e9om\u00e9trie essentielle pour des plats au go\u00fbt raffin\u00e9 avec le tapis en silicone TRIANGOLO 3.0 con\u00e7u pour la d\u00e9coration en haute gastronomie\" \/>\n<meta property=\"og:url\" content=\"https:\/\/chefpastry.ch\/de\/produkt\/tapis-silicone-silikomart-decoration-triangolo-3-0\/\" \/>\n<meta property=\"og:site_name\" content=\"Chef Pastry\" \/>\n<meta property=\"article:modified_time\" content=\"2023-12-31T14:41:45+00:00\" \/>\n<meta property=\"og:image\" content=\"https:\/\/chefpastry.ch\/wp-content\/uploads\/2022\/06\/image-1198.jpg\" \/>\n\t<meta property=\"og:image:width\" content=\"600\" \/>\n\t<meta property=\"og:image:height\" content=\"400\" \/>\n\t<meta property=\"og:image:type\" content=\"image\/jpeg\" \/>\n<meta name=\"twitter:card\" content=\"summary_large_image\" \/>\n<meta name=\"twitter:label1\" content=\"Preis\" \/>\n\t<meta name=\"twitter:data1\" content=\"&#067;&#072;&#070;&nbsp;26.00 TTC\" \/>\n\t<meta name=\"twitter:label2\" content=\"Verf\u00fcgbarkeit\" \/>\n\t<meta name=\"twitter:data2\" content=\"ausverkauft\" \/>\n<script type=\"application\/ld+json\" class=\"yoast-schema-graph\">{\"@context\":\"https:\/\/schema.org\",\"@graph\":[{\"@type\":\"WebPage\",\"@id\":\"https:\/\/chefpastry.ch\/produit\/tapis-silicone-silikomart-decoration-triangolo-3-0\/\",\"url\":\"https:\/\/chefpastry.ch\/produit\/tapis-silicone-silikomart-decoration-triangolo-3-0\/\",\"name\":\"TRIANGOLO 3.0 - Chef Pastry\",\"isPartOf\":{\"@id\":\"https:\/\/chefpastry.ch\/#website\"},\"primaryImageOfPage\":{\"@id\":\"https:\/\/chefpastry.ch\/produit\/tapis-silicone-silikomart-decoration-triangolo-3-0\/#primaryimage\"},\"image\":{\"@id\":\"https:\/\/chefpastry.ch\/produit\/tapis-silicone-silikomart-decoration-triangolo-3-0\/#primaryimage\"},\"thumbnailUrl\":\"https:\/\/chefpastry.ch\/wp-content\/uploads\/2022\/06\/image-1198.jpg\",\"datePublished\":\"2022-06-02T21:17:44+00:00\",\"dateModified\":\"2023-12-31T14:41:45+00:00\",\"description\":\"Une g\u00e9om\u00e9trie essentielle pour des plats au go\u00fbt raffin\u00e9 avec le tapis en silicone TRIANGOLO 3.0 con\u00e7u pour la d\u00e9coration en haute gastronomie\",\"breadcrumb\":{\"@id\":\"https:\/\/chefpastry.ch\/produit\/tapis-silicone-silikomart-decoration-triangolo-3-0\/#breadcrumb\"},\"inLanguage\":\"de\",\"potentialAction\":[{\"@type\":\"ReadAction\",\"target\":[\"https:\/\/chefpastry.ch\/produit\/tapis-silicone-silikomart-decoration-triangolo-3-0\/\"]}]},{\"@type\":\"ImageObject\",\"inLanguage\":\"de\",\"@id\":\"https:\/\/chefpastry.ch\/produit\/tapis-silicone-silikomart-decoration-triangolo-3-0\/#primaryimage\",\"url\":\"https:\/\/chefpastry.ch\/wp-content\/uploads\/2022\/06\/image-1198.jpg\",\"contentUrl\":\"https:\/\/chefpastry.ch\/wp-content\/uploads\/2022\/06\/image-1198.jpg\",\"width\":600,\"height\":400,\"caption\":\"Tapis Triangolo 3.0 d\u00e9coration gastronomie\"},{\"@type\":\"BreadcrumbList\",\"@id\":\"https:\/\/chefpastry.ch\/produit\/tapis-silicone-silikomart-decoration-triangolo-3-0\/#breadcrumb\",\"itemListElement\":[{\"@type\":\"ListItem\",\"position\":1,\"name\":\"Home\",\"item\":\"https:\/\/chefpastry.ch\/\"},{\"@type\":\"ListItem\",\"position\":2,\"name\":\"E-shop\",\"item\":\"https:\/\/chefpastry.ch\/e-shop\/\"},{\"@type\":\"ListItem\",\"position\":3,\"name\":\"TRIANGOLO 3.0\"}]},{\"@type\":\"WebSite\",\"@id\":\"https:\/\/chefpastry.ch\/#website\",\"url\":\"https:\/\/chefpastry.ch\/\",\"name\":\"Chef Pastry\",\"description\":\"\",\"publisher\":{\"@id\":\"https:\/\/chefpastry.ch\/#organization\"},\"potentialAction\":[{\"@type\":\"SearchAction\",\"target\":{\"@type\":\"EntryPoint\",\"urlTemplate\":\"https:\/\/chefpastry.ch\/?s={search_term_string}\"},\"query-input\":{\"@type\":\"PropertyValueSpecification\",\"valueRequired\":true,\"valueName\":\"search_term_string\"}}],\"inLanguage\":\"de\"},{\"@type\":\"Organization\",\"@id\":\"https:\/\/chefpastry.ch\/#organization\",\"name\":\"Chef Pastry\",\"url\":\"https:\/\/chefpastry.ch\/\",\"logo\":{\"@type\":\"ImageObject\",\"inLanguage\":\"de\",\"@id\":\"https:\/\/chefpastry.ch\/#\/schema\/logo\/image\/\",\"url\":\"https:\/\/chefpastry.ch\/wp-content\/uploads\/2022\/07\/cropped-chef_pastry_logo_rgb-03.png\",\"contentUrl\":\"https:\/\/chefpastry.ch\/wp-content\/uploads\/2022\/07\/cropped-chef_pastry_logo_rgb-03.png\",\"width\":1545,\"height\":412,\"caption\":\"Chef Pastry\"},\"image\":{\"@id\":\"https:\/\/chefpastry.ch\/#\/schema\/logo\/image\/\"}}]}<\/script>\n<meta property=\"product:price:amount\" content=\"26.00\" \/>\n<meta property=\"product:price:currency\" content=\"CHF\" \/>\n<meta property=\"og:availability\" content=\"out of stock\" \/>\n<meta property=\"product:availability\" content=\"out of stock\" \/>\n<meta property=\"product:retailer_item_id\" content=\"33.307.36.0065\" \/>\n<meta property=\"product:condition\" content=\"new\" \/>\n<!-- \/ Yoast SEO plugin. -->","yoast_head_json":{"title":"TRIANGOLO 3.0 - Chef Pastry","description":"Une g\u00e9om\u00e9trie essentielle pour des plats au go\u00fbt raffin\u00e9 avec le tapis en silicone TRIANGOLO 3.0 con\u00e7u pour la d\u00e9coration en haute gastronomie","robots":{"index":"index","follow":"follow","max-snippet":"max-snippet:-1","max-image-preview":"max-image-preview:large","max-video-preview":"max-video-preview:-1"},"canonical":"https:\/\/chefpastry.ch\/de\/produkt\/tapis-silicone-silikomart-decoration-triangolo-3-0\/","og_locale":"de_DE","og_type":"article","og_title":"TRIANGOLO 3.0 - Chef Pastry","og_description":"Une g\u00e9om\u00e9trie essentielle pour des plats au go\u00fbt raffin\u00e9 avec le tapis en silicone TRIANGOLO 3.0 con\u00e7u pour la d\u00e9coration en haute gastronomie","og_url":"https:\/\/chefpastry.ch\/de\/produkt\/tapis-silicone-silikomart-decoration-triangolo-3-0\/","og_site_name":"Chef Pastry","article_modified_time":"2023-12-31T14:41:45+00:00","og_image":[{"width":600,"height":400,"url":"https:\/\/chefpastry.ch\/wp-content\/uploads\/2022\/06\/image-1198.jpg","type":"image\/jpeg"}],"twitter_card":"summary_large_image","twitter_misc":{"Preis":"&#67;&#72;&#70;&nbsp;26.00 TTC","Verf\u00fcgbarkeit":"ausverkauft"},"schema":{"@context":"https:\/\/schema.org","@graph":[{"@type":"WebPage","@id":"https:\/\/chefpastry.ch\/produit\/tapis-silicone-silikomart-decoration-triangolo-3-0\/","url":"https:\/\/chefpastry.ch\/produit\/tapis-silicone-silikomart-decoration-triangolo-3-0\/","name":"TRIANGOLO 3.0 - Chef Pastry","isPartOf":{"@id":"https:\/\/chefpastry.ch\/#website"},"primaryImageOfPage":{"@id":"https:\/\/chefpastry.ch\/produit\/tapis-silicone-silikomart-decoration-triangolo-3-0\/#primaryimage"},"image":{"@id":"https:\/\/chefpastry.ch\/produit\/tapis-silicone-silikomart-decoration-triangolo-3-0\/#primaryimage"},"thumbnailUrl":"https:\/\/chefpastry.ch\/wp-content\/uploads\/2022\/06\/image-1198.jpg","datePublished":"2022-06-02T21:17:44+00:00","dateModified":"2023-12-31T14:41:45+00:00","description":"Une g\u00e9om\u00e9trie essentielle pour des plats au go\u00fbt raffin\u00e9 avec le tapis en silicone TRIANGOLO 3.0 con\u00e7u pour la d\u00e9coration en haute gastronomie","breadcrumb":{"@id":"https:\/\/chefpastry.ch\/produit\/tapis-silicone-silikomart-decoration-triangolo-3-0\/#breadcrumb"},"inLanguage":"de","potentialAction":[{"@type":"ReadAction","target":["https:\/\/chefpastry.ch\/produit\/tapis-silicone-silikomart-decoration-triangolo-3-0\/"]}]},{"@type":"ImageObject","inLanguage":"de","@id":"https:\/\/chefpastry.ch\/produit\/tapis-silicone-silikomart-decoration-triangolo-3-0\/#primaryimage","url":"https:\/\/chefpastry.ch\/wp-content\/uploads\/2022\/06\/image-1198.jpg","contentUrl":"https:\/\/chefpastry.ch\/wp-content\/uploads\/2022\/06\/image-1198.jpg","width":600,"height":400,"caption":"Tapis Triangolo 3.0 d\u00e9coration gastronomie"},{"@type":"BreadcrumbList","@id":"https:\/\/chefpastry.ch\/produit\/tapis-silicone-silikomart-decoration-triangolo-3-0\/#breadcrumb","itemListElement":[{"@type":"ListItem","position":1,"name":"Home","item":"https:\/\/chefpastry.ch\/"},{"@type":"ListItem","position":2,"name":"E-shop","item":"https:\/\/chefpastry.ch\/e-shop\/"},{"@type":"ListItem","position":3,"name":"TRIANGOLO 3.0"}]},{"@type":"WebSite","@id":"https:\/\/chefpastry.ch\/#website","url":"https:\/\/chefpastry.ch\/","name":"Chef Pastry","description":"","publisher":{"@id":"https:\/\/chefpastry.ch\/#organization"},"potentialAction":[{"@type":"SearchAction","target":{"@type":"EntryPoint","urlTemplate":"https:\/\/chefpastry.ch\/?s={search_term_string}"},"query-input":{"@type":"PropertyValueSpecification","valueRequired":true,"valueName":"search_term_string"}}],"inLanguage":"de"},{"@type":"Organization","@id":"https:\/\/chefpastry.ch\/#organization","name":"Chef Pastry","url":"https:\/\/chefpastry.ch\/","logo":{"@type":"ImageObject","inLanguage":"de","@id":"https:\/\/chefpastry.ch\/#\/schema\/logo\/image\/","url":"https:\/\/chefpastry.ch\/wp-content\/uploads\/2022\/07\/cropped-chef_pastry_logo_rgb-03.png","contentUrl":"https:\/\/chefpastry.ch\/wp-content\/uploads\/2022\/07\/cropped-chef_pastry_logo_rgb-03.png","width":1545,"height":412,"caption":"Chef Pastry"},"image":{"@id":"https:\/\/chefpastry.ch\/#\/schema\/logo\/image\/"}}]},"product_price_amount":"26.00","product_price_currency":"CHF","og_availability":"out of stock","product_availability":"out of stock","product_retailer_item_id":"33.307.36.0065","product_condition":"new"},"_links":{"self":[{"href":"https:\/\/chefpastry.ch\/de\/wp-json\/wp\/v2\/product\/5555","targetHints":{"allow":["GET"]}}],"collection":[{"href":"https:\/\/chefpastry.ch\/de\/wp-json\/wp\/v2\/product"}],"about":[{"href":"https:\/\/chefpastry.ch\/de\/wp-json\/wp\/v2\/types\/product"}],"replies":[{"embeddable":true,"href":"https:\/\/chefpastry.ch\/de\/wp-json\/wp\/v2\/comments?post=5555"}],"version-history":[{"count":0,"href":"https:\/\/chefpastry.ch\/de\/wp-json\/wp\/v2\/product\/5555\/revisions"}],"wp:featuredmedia":[{"embeddable":true,"href":"https:\/\/chefpastry.ch\/de\/wp-json\/wp\/v2\/media\/5557"}],"wp:attachment":[{"href":"https:\/\/chefpastry.ch\/de\/wp-json\/wp\/v2\/media?parent=5555"}],"wp:term":[{"taxonomy":"product_brand","embeddable":true,"href":"https:\/\/chefpastry.ch\/de\/wp-json\/wp\/v2\/product_brand?post=5555"},{"taxonomy":"product_cat","embeddable":true,"href":"https:\/\/chefpastry.ch\/de\/wp-json\/wp\/v2\/product_cat?post=5555"},{"taxonomy":"product_tag","embeddable":true,"href":"https:\/\/chefpastry.ch\/de\/wp-json\/wp\/v2\/product_tag?post=5555"}],"curies":[{"name":"wp","href":"https:\/\/api.w.org\/{rel}","templated":true}]}}