{"id":5455,"date":"2022-06-02T23:17:07","date_gmt":"2022-06-02T21:17:07","guid":{"rendered":"https:\/\/chefpastry-aventure-gourmande.geekworkers.dev\/produit\/kit-fleur-1085\/"},"modified":"2023-12-31T16:01:24","modified_gmt":"2023-12-31T15:01:24","slug":"moule-silicone-silikomart-entremets-kit-fleur-1085","status":"publish","type":"product","link":"https:\/\/chefpastry.ch\/de\/produkt\/moule-silicone-silikomart-entremets-kit-fleur-1085\/","title":{"rendered":"BLUMENKIT 1085"},"content":{"rendered":"<p>Le moule en silicone KIT FLEUR 1085 est inspir\u00e9 par le dessert exclusif \u00ab\u00a0Mon Coeur\u00a0\u00bb sign\u00e9 par le chef p\u00e2tissier et champion du monde Christophe <strong>Michalak<\/strong>.<\/p>\n<p>Das Kit Fleur 1085 besteht aus zwei Silikonformen f\u00fcr Desserts :<\/p>\n<ul>\n<li>eine <strong>Basis<\/strong> pour r\u00e9aliser une pr\u00e9paration d&rsquo;un volume de 485 ml<\/li>\n<li>und ein <strong>Deckel<\/strong> mit einem <strong>Blumenmuster<\/strong> pour r\u00e9aliser une d\u00e9coration d&rsquo;un volume de 600ml.<\/li>\n<\/ul>\n<p>Beide Zubereitungen zusammen ergeben interessante Geschmacks- und Texturkombinationen f\u00fcr Ihre S\u00fc\u00dfspeisen.<\/p>\n<p>Abmessungen :<\/p>\n<ul>\n<li>Volumen Basis: 485 ml<\/li>\n<li>Gr\u00f6\u00dfe Blume: \u00d8 160 mm h 50 mm<\/li>\n<li>Volumen Blume: 600 ml<\/li>\n<\/ul>","protected":false},"excerpt":{"rendered":"<p>Le Kit Fleur 1085 est compos\u00e9 de deux moules en silicone : une <strong>Basis<\/strong> und ein <strong>Deckel<\/strong> mit einem <strong>Blumenmuster<\/strong> pour r\u00e9aliser une d\u00e9coration.\u00a0Les deux pr\u00e9parations combin\u00e9es ensemble cr\u00e9ent des combinaisons int\u00e9ressantes de saveurs et de textures pour vos entremets.<\/p>","protected":false},"featured_media":5457,"comment_status":"closed","ping_status":"closed","template":"","meta":{"_jet_sm_ready_style":"","_jet_sm_style":"","_jet_sm_controls_values":"","_jet_sm_fonts_collection":"","_jet_sm_fonts_links":"","_joinchat":[]},"product_brand":[],"product_cat":[22,183],"product_tag":[],"class_list":{"0":"post-5455","1":"product","2":"type-product","3":"status-publish","4":"has-post-thumbnail","6":"product_cat-gateaux","7":"product_cat-promo","9":"first","10":"instock","11":"sale","12":"taxable","13":"shipping-taxable","14":"purchasable","15":"product-type-simple"},"yoast_head":"<!-- This site is optimized with the Yoast SEO plugin v27.0 - https:\/\/yoast.com\/product\/yoast-seo-wordpress\/ -->\n<title>KIT FLEUR 1085 - Chef Pastry<\/title>\n<meta name=\"description\" content=\"Le Kit Fleur 1085 a deux moules en silicone : une base et un couvercle au motif floral pour la d\u00e9coration.\u00a0Id\u00e9al pour des entremets aux doubles saveurs.\" \/>\n<meta name=\"robots\" content=\"index, follow, max-snippet:-1, max-image-preview:large, max-video-preview:-1\" \/>\n<link rel=\"canonical\" href=\"https:\/\/chefpastry.ch\/de\/produkt\/moule-silicone-silikomart-entremets-kit-fleur-1085\/\" \/>\n<meta property=\"og:locale\" content=\"de_DE\" \/>\n<meta property=\"og:type\" content=\"article\" \/>\n<meta property=\"og:title\" content=\"KIT FLEUR 1085 - Chef Pastry\" \/>\n<meta property=\"og:description\" content=\"Le Kit Fleur 1085 a deux moules en silicone : une base et un couvercle au motif floral pour la d\u00e9coration.\u00a0Id\u00e9al pour des entremets aux doubles saveurs.\" \/>\n<meta property=\"og:url\" content=\"https:\/\/chefpastry.ch\/de\/produkt\/moule-silicone-silikomart-entremets-kit-fleur-1085\/\" \/>\n<meta property=\"og:site_name\" content=\"Chef Pastry\" \/>\n<meta property=\"article:modified_time\" content=\"2023-12-31T15:01:24+00:00\" \/>\n<meta property=\"og:image\" content=\"https:\/\/chefpastry.ch\/wp-content\/uploads\/2022\/06\/image-1124.jpg\" \/>\n\t<meta property=\"og:image:width\" content=\"600\" \/>\n\t<meta property=\"og:image:height\" content=\"400\" \/>\n\t<meta property=\"og:image:type\" content=\"image\/jpeg\" \/>\n<meta name=\"twitter:card\" content=\"summary_large_image\" \/>\n<meta name=\"twitter:label1\" content=\"Preis\" \/>\n\t<meta name=\"twitter:data1\" content=\"&#067;&#072;&#070;&nbsp;32.00 TTC\" \/>\n\t<meta name=\"twitter:label2\" content=\"Verf\u00fcgbarkeit\" \/>\n\t<meta name=\"twitter:data2\" content=\"Auf Lager\" \/>\n<script type=\"application\/ld+json\" class=\"yoast-schema-graph\">{\"@context\":\"https:\/\/schema.org\",\"@graph\":[{\"@type\":\"WebPage\",\"@id\":\"https:\/\/chefpastry.ch\/produit\/moule-silicone-silikomart-entremets-kit-fleur-1085\/\",\"url\":\"https:\/\/chefpastry.ch\/produit\/moule-silicone-silikomart-entremets-kit-fleur-1085\/\",\"name\":\"KIT FLEUR 1085 - Chef Pastry\",\"isPartOf\":{\"@id\":\"https:\/\/chefpastry.ch\/#website\"},\"primaryImageOfPage\":{\"@id\":\"https:\/\/chefpastry.ch\/produit\/moule-silicone-silikomart-entremets-kit-fleur-1085\/#primaryimage\"},\"image\":{\"@id\":\"https:\/\/chefpastry.ch\/produit\/moule-silicone-silikomart-entremets-kit-fleur-1085\/#primaryimage\"},\"thumbnailUrl\":\"https:\/\/chefpastry.ch\/wp-content\/uploads\/2022\/06\/image-1124.jpg\",\"datePublished\":\"2022-06-02T21:17:07+00:00\",\"dateModified\":\"2023-12-31T15:01:24+00:00\",\"description\":\"Le Kit Fleur 1085 a deux moules en silicone : une base et un couvercle au motif floral pour la d\u00e9coration.\u00a0Id\u00e9al pour des entremets aux doubles saveurs.\",\"breadcrumb\":{\"@id\":\"https:\/\/chefpastry.ch\/produit\/moule-silicone-silikomart-entremets-kit-fleur-1085\/#breadcrumb\"},\"inLanguage\":\"de\",\"potentialAction\":[{\"@type\":\"ReadAction\",\"target\":[\"https:\/\/chefpastry.ch\/produit\/moule-silicone-silikomart-entremets-kit-fleur-1085\/\"]}]},{\"@type\":\"ImageObject\",\"inLanguage\":\"de\",\"@id\":\"https:\/\/chefpastry.ch\/produit\/moule-silicone-silikomart-entremets-kit-fleur-1085\/#primaryimage\",\"url\":\"https:\/\/chefpastry.ch\/wp-content\/uploads\/2022\/06\/image-1124.jpg\",\"contentUrl\":\"https:\/\/chefpastry.ch\/wp-content\/uploads\/2022\/06\/image-1124.jpg\",\"width\":600,\"height\":400,\"caption\":\"Moule Kit Fleur 1085 entremets\"},{\"@type\":\"BreadcrumbList\",\"@id\":\"https:\/\/chefpastry.ch\/produit\/moule-silicone-silikomart-entremets-kit-fleur-1085\/#breadcrumb\",\"itemListElement\":[{\"@type\":\"ListItem\",\"position\":1,\"name\":\"Home\",\"item\":\"https:\/\/chefpastry.ch\/\"},{\"@type\":\"ListItem\",\"position\":2,\"name\":\"E-shop\",\"item\":\"https:\/\/chefpastry.ch\/e-shop\/\"},{\"@type\":\"ListItem\",\"position\":3,\"name\":\"KIT FLEUR 1085\"}]},{\"@type\":\"WebSite\",\"@id\":\"https:\/\/chefpastry.ch\/#website\",\"url\":\"https:\/\/chefpastry.ch\/\",\"name\":\"Chef Pastry\",\"description\":\"\",\"publisher\":{\"@id\":\"https:\/\/chefpastry.ch\/#organization\"},\"potentialAction\":[{\"@type\":\"SearchAction\",\"target\":{\"@type\":\"EntryPoint\",\"urlTemplate\":\"https:\/\/chefpastry.ch\/?s={search_term_string}\"},\"query-input\":{\"@type\":\"PropertyValueSpecification\",\"valueRequired\":true,\"valueName\":\"search_term_string\"}}],\"inLanguage\":\"de\"},{\"@type\":\"Organization\",\"@id\":\"https:\/\/chefpastry.ch\/#organization\",\"name\":\"Chef Pastry\",\"url\":\"https:\/\/chefpastry.ch\/\",\"logo\":{\"@type\":\"ImageObject\",\"inLanguage\":\"de\",\"@id\":\"https:\/\/chefpastry.ch\/#\/schema\/logo\/image\/\",\"url\":\"https:\/\/chefpastry.ch\/wp-content\/uploads\/2022\/07\/cropped-chef_pastry_logo_rgb-03.png\",\"contentUrl\":\"https:\/\/chefpastry.ch\/wp-content\/uploads\/2022\/07\/cropped-chef_pastry_logo_rgb-03.png\",\"width\":1545,\"height\":412,\"caption\":\"Chef Pastry\"},\"image\":{\"@id\":\"https:\/\/chefpastry.ch\/#\/schema\/logo\/image\/\"}}]}<\/script>\n<meta property=\"product:price:amount\" content=\"32.00\" \/>\n<meta property=\"product:price:currency\" content=\"CHF\" \/>\n<meta property=\"og:availability\" content=\"instock\" \/>\n<meta property=\"product:availability\" content=\"instock\" \/>\n<meta property=\"product:retailer_item_id\" content=\"25.410.87.0065\" \/>\n<meta property=\"product:condition\" content=\"new\" \/>\n<!-- \/ Yoast SEO plugin. -->","yoast_head_json":{"title":"KIT FLEUR 1085 - Chef Pastry","description":"Le Kit Fleur 1085 a deux moules en silicone : une base et un couvercle au motif floral pour la d\u00e9coration.\u00a0Id\u00e9al pour des entremets aux doubles saveurs.","robots":{"index":"index","follow":"follow","max-snippet":"max-snippet:-1","max-image-preview":"max-image-preview:large","max-video-preview":"max-video-preview:-1"},"canonical":"https:\/\/chefpastry.ch\/de\/produkt\/moule-silicone-silikomart-entremets-kit-fleur-1085\/","og_locale":"de_DE","og_type":"article","og_title":"KIT FLEUR 1085 - Chef Pastry","og_description":"Le Kit Fleur 1085 a deux moules en silicone : une base et un couvercle au motif floral pour la d\u00e9coration.\u00a0Id\u00e9al pour des entremets aux doubles saveurs.","og_url":"https:\/\/chefpastry.ch\/de\/produkt\/moule-silicone-silikomart-entremets-kit-fleur-1085\/","og_site_name":"Chef Pastry","article_modified_time":"2023-12-31T15:01:24+00:00","og_image":[{"width":600,"height":400,"url":"https:\/\/chefpastry.ch\/wp-content\/uploads\/2022\/06\/image-1124.jpg","type":"image\/jpeg"}],"twitter_card":"summary_large_image","twitter_misc":{"Preis":"&#67;&#72;&#70;&nbsp;32.00 TTC","Verf\u00fcgbarkeit":"Auf Lager"},"schema":{"@context":"https:\/\/schema.org","@graph":[{"@type":"WebPage","@id":"https:\/\/chefpastry.ch\/produit\/moule-silicone-silikomart-entremets-kit-fleur-1085\/","url":"https:\/\/chefpastry.ch\/produit\/moule-silicone-silikomart-entremets-kit-fleur-1085\/","name":"KIT FLEUR 1085 - Chef Pastry","isPartOf":{"@id":"https:\/\/chefpastry.ch\/#website"},"primaryImageOfPage":{"@id":"https:\/\/chefpastry.ch\/produit\/moule-silicone-silikomart-entremets-kit-fleur-1085\/#primaryimage"},"image":{"@id":"https:\/\/chefpastry.ch\/produit\/moule-silicone-silikomart-entremets-kit-fleur-1085\/#primaryimage"},"thumbnailUrl":"https:\/\/chefpastry.ch\/wp-content\/uploads\/2022\/06\/image-1124.jpg","datePublished":"2022-06-02T21:17:07+00:00","dateModified":"2023-12-31T15:01:24+00:00","description":"Le Kit Fleur 1085 a deux moules en silicone : une base et un couvercle au motif floral pour la d\u00e9coration.\u00a0Id\u00e9al pour des entremets aux doubles saveurs.","breadcrumb":{"@id":"https:\/\/chefpastry.ch\/produit\/moule-silicone-silikomart-entremets-kit-fleur-1085\/#breadcrumb"},"inLanguage":"de","potentialAction":[{"@type":"ReadAction","target":["https:\/\/chefpastry.ch\/produit\/moule-silicone-silikomart-entremets-kit-fleur-1085\/"]}]},{"@type":"ImageObject","inLanguage":"de","@id":"https:\/\/chefpastry.ch\/produit\/moule-silicone-silikomart-entremets-kit-fleur-1085\/#primaryimage","url":"https:\/\/chefpastry.ch\/wp-content\/uploads\/2022\/06\/image-1124.jpg","contentUrl":"https:\/\/chefpastry.ch\/wp-content\/uploads\/2022\/06\/image-1124.jpg","width":600,"height":400,"caption":"Moule Kit Fleur 1085 entremets"},{"@type":"BreadcrumbList","@id":"https:\/\/chefpastry.ch\/produit\/moule-silicone-silikomart-entremets-kit-fleur-1085\/#breadcrumb","itemListElement":[{"@type":"ListItem","position":1,"name":"Home","item":"https:\/\/chefpastry.ch\/"},{"@type":"ListItem","position":2,"name":"E-shop","item":"https:\/\/chefpastry.ch\/e-shop\/"},{"@type":"ListItem","position":3,"name":"KIT FLEUR 1085"}]},{"@type":"WebSite","@id":"https:\/\/chefpastry.ch\/#website","url":"https:\/\/chefpastry.ch\/","name":"Chef Pastry","description":"","publisher":{"@id":"https:\/\/chefpastry.ch\/#organization"},"potentialAction":[{"@type":"SearchAction","target":{"@type":"EntryPoint","urlTemplate":"https:\/\/chefpastry.ch\/?s={search_term_string}"},"query-input":{"@type":"PropertyValueSpecification","valueRequired":true,"valueName":"search_term_string"}}],"inLanguage":"de"},{"@type":"Organization","@id":"https:\/\/chefpastry.ch\/#organization","name":"Chef Pastry","url":"https:\/\/chefpastry.ch\/","logo":{"@type":"ImageObject","inLanguage":"de","@id":"https:\/\/chefpastry.ch\/#\/schema\/logo\/image\/","url":"https:\/\/chefpastry.ch\/wp-content\/uploads\/2022\/07\/cropped-chef_pastry_logo_rgb-03.png","contentUrl":"https:\/\/chefpastry.ch\/wp-content\/uploads\/2022\/07\/cropped-chef_pastry_logo_rgb-03.png","width":1545,"height":412,"caption":"Chef Pastry"},"image":{"@id":"https:\/\/chefpastry.ch\/#\/schema\/logo\/image\/"}}]},"product_price_amount":"32.00","product_price_currency":"CHF","og_availability":"instock","product_availability":"instock","product_retailer_item_id":"25.410.87.0065","product_condition":"new"},"_links":{"self":[{"href":"https:\/\/chefpastry.ch\/de\/wp-json\/wp\/v2\/product\/5455","targetHints":{"allow":["GET"]}}],"collection":[{"href":"https:\/\/chefpastry.ch\/de\/wp-json\/wp\/v2\/product"}],"about":[{"href":"https:\/\/chefpastry.ch\/de\/wp-json\/wp\/v2\/types\/product"}],"replies":[{"embeddable":true,"href":"https:\/\/chefpastry.ch\/de\/wp-json\/wp\/v2\/comments?post=5455"}],"version-history":[{"count":0,"href":"https:\/\/chefpastry.ch\/de\/wp-json\/wp\/v2\/product\/5455\/revisions"}],"wp:featuredmedia":[{"embeddable":true,"href":"https:\/\/chefpastry.ch\/de\/wp-json\/wp\/v2\/media\/5457"}],"wp:attachment":[{"href":"https:\/\/chefpastry.ch\/de\/wp-json\/wp\/v2\/media?parent=5455"}],"wp:term":[{"taxonomy":"product_brand","embeddable":true,"href":"https:\/\/chefpastry.ch\/de\/wp-json\/wp\/v2\/product_brand?post=5455"},{"taxonomy":"product_cat","embeddable":true,"href":"https:\/\/chefpastry.ch\/de\/wp-json\/wp\/v2\/product_cat?post=5455"},{"taxonomy":"product_tag","embeddable":true,"href":"https:\/\/chefpastry.ch\/de\/wp-json\/wp\/v2\/product_tag?post=5455"}],"curies":[{"name":"wp","href":"https:\/\/api.w.org\/{rel}","templated":true}]}}