{"id":5405,"date":"2022-06-02T23:16:42","date_gmt":"2022-06-02T21:16:42","guid":{"rendered":"https:\/\/chefpastry-aventure-gourmande.geekworkers.dev\/produit\/plateaux-noirs-compostables\/"},"modified":"2023-12-31T15:44:35","modified_gmt":"2023-12-31T14:44:35","slug":"plateaux-noirs-compostables","status":"publish","type":"product","link":"https:\/\/chefpastry.ch\/de\/produkt\/plateaux-noirs-compostables\/","title":{"rendered":"SCHWARZE KOMPOSTIERBARE TABLETTS"},"content":{"rendered":"<p>Elegante <strong>kompostierbare Tabletts<\/strong> Silikomart id\u00e9ale pour pr\u00e9senter, stocker et transporter vos portions individuelles gr\u00e2ce \u00e0 une section centrale innovante antid\u00e9rapante et une prise pratique. Gr\u00e2ce \u00e0 la couleur noire, au design minimal et aux propri\u00e9t\u00e9s anti-rayures et compostables, la soucoupe met en valeur l&rsquo;esth\u00e9tique du produit fini pour un look \u00e9l\u00e9gant et raffin\u00e9. Les propri\u00e9t\u00e9s compostables de la soucoupe sont con\u00e7ues pour faciliter l&rsquo;\u00e9limination et \u00eatre durables pour notre plan\u00e8te.<\/p>\n<ul>\n<li style=\"list-style-type: none;\">\n<ul>\n<li>Menge: 100 Stk.<\/li>\n<\/ul>\n<\/li>\n<\/ul>\n<ul>\n<li style=\"list-style-type: none;\">\n<ul>\n<li>DIMENSIONEN :<\/li>\n<li>SQUARE: 83 x 83 mm<\/li>\n<li>ROUND: \u00d8 86 mm<\/li>\n<li>RECHTECKIG: 140 x 40 mm<\/li>\n<\/ul>\n<\/li>\n<\/ul>","protected":false},"excerpt":{"rendered":"<p>Elegante <strong>kompostierbare Tabletts<\/strong> Silikomart id\u00e9ale pour pr\u00e9senter, stocker et transporter vos portions individuelles gr\u00e2ce \u00e0 une section centrale innovante antid\u00e9rapante et une prise pratique. Gr\u00e2ce \u00e0 la couleur noire, au design minimal et aux propri\u00e9t\u00e9s anti-rayures et compostables.<\/p>","protected":false},"featured_media":5407,"comment_status":"closed","ping_status":"closed","template":"","meta":{"_jet_sm_ready_style":"","_jet_sm_style":"","_jet_sm_controls_values":"","_jet_sm_fonts_collection":"","_jet_sm_fonts_links":"","_joinchat":[]},"product_brand":[],"product_cat":[24,183],"product_tag":[],"class_list":{"0":"post-5405","1":"product","2":"type-product","3":"status-publish","4":"has-post-thumbnail","6":"product_cat-accessoires","7":"product_cat-promo","8":"pa_declinaison-rectangle","9":"pa_declinaison-round","10":"pa_declinaison-square","12":"first","13":"instock","14":"sale","15":"taxable","16":"shipping-taxable","17":"purchasable","18":"product-type-variable"},"yoast_head":"<!-- This site is optimized with the Yoast SEO plugin v27.0 - https:\/\/yoast.com\/product\/yoast-seo-wordpress\/ -->\n<title>PLATEAUX NOIRS COMPOSTABLES - Chef Pastry<\/title>\n<meta name=\"description\" content=\"\u00c9l\u00e9gants plateaux compostables Silikomart pour pr\u00e9senter, stocker et transporter vos portions individuelles, antid\u00e9rapante et une prise pratique.\" \/>\n<meta name=\"robots\" content=\"index, follow, max-snippet:-1, max-image-preview:large, max-video-preview:-1\" \/>\n<link rel=\"canonical\" href=\"https:\/\/chefpastry.ch\/de\/produkt\/plateaux-noirs-compostables\/\" \/>\n<meta property=\"og:locale\" content=\"de_DE\" \/>\n<meta property=\"og:type\" content=\"article\" \/>\n<meta property=\"og:title\" content=\"PLATEAUX NOIRS COMPOSTABLES - Chef Pastry\" \/>\n<meta property=\"og:description\" content=\"\u00c9l\u00e9gants plateaux compostables Silikomart pour pr\u00e9senter, stocker et transporter vos portions individuelles, antid\u00e9rapante et une prise pratique.\" \/>\n<meta property=\"og:url\" content=\"https:\/\/chefpastry.ch\/de\/produkt\/plateaux-noirs-compostables\/\" \/>\n<meta property=\"og:site_name\" content=\"Chef Pastry\" \/>\n<meta property=\"article:modified_time\" content=\"2023-12-31T14:44:35+00:00\" \/>\n<meta property=\"og:image\" content=\"https:\/\/chefpastry.ch\/wp-content\/uploads\/2022\/06\/image-1091.jpg\" \/>\n\t<meta property=\"og:image:width\" content=\"600\" \/>\n\t<meta property=\"og:image:height\" content=\"400\" \/>\n\t<meta property=\"og:image:type\" content=\"image\/jpeg\" \/>\n<meta name=\"twitter:card\" content=\"summary_large_image\" \/>\n<meta name=\"twitter:label1\" content=\"Verf\u00fcgbarkeit\" \/>\n\t<meta name=\"twitter:data1\" content=\"Auf Lager\" \/>\n<script type=\"application\/ld+json\" class=\"yoast-schema-graph\">{\"@context\":\"https:\/\/schema.org\",\"@graph\":[{\"@type\":\"WebPage\",\"@id\":\"https:\/\/chefpastry.ch\/produit\/plateaux-noirs-compostables\/\",\"url\":\"https:\/\/chefpastry.ch\/produit\/plateaux-noirs-compostables\/\",\"name\":\"PLATEAUX NOIRS COMPOSTABLES - Chef Pastry\",\"isPartOf\":{\"@id\":\"https:\/\/chefpastry.ch\/#website\"},\"primaryImageOfPage\":{\"@id\":\"https:\/\/chefpastry.ch\/produit\/plateaux-noirs-compostables\/#primaryimage\"},\"image\":{\"@id\":\"https:\/\/chefpastry.ch\/produit\/plateaux-noirs-compostables\/#primaryimage\"},\"thumbnailUrl\":\"https:\/\/chefpastry.ch\/wp-content\/uploads\/2022\/06\/image-1091.jpg\",\"datePublished\":\"2022-06-02T21:16:42+00:00\",\"dateModified\":\"2023-12-31T14:44:35+00:00\",\"description\":\"\u00c9l\u00e9gants plateaux compostables Silikomart pour pr\u00e9senter, stocker et transporter vos portions individuelles, antid\u00e9rapante et une prise pratique.\",\"breadcrumb\":{\"@id\":\"https:\/\/chefpastry.ch\/produit\/plateaux-noirs-compostables\/#breadcrumb\"},\"inLanguage\":\"de\",\"potentialAction\":[{\"@type\":\"ReadAction\",\"target\":[\"https:\/\/chefpastry.ch\/produit\/plateaux-noirs-compostables\/\"]}]},{\"@type\":\"ImageObject\",\"inLanguage\":\"de\",\"@id\":\"https:\/\/chefpastry.ch\/produit\/plateaux-noirs-compostables\/#primaryimage\",\"url\":\"https:\/\/chefpastry.ch\/wp-content\/uploads\/2022\/06\/image-1091.jpg\",\"contentUrl\":\"https:\/\/chefpastry.ch\/wp-content\/uploads\/2022\/06\/image-1091.jpg\",\"width\":600,\"height\":400,\"caption\":\"Plateaux compostables\"},{\"@type\":\"BreadcrumbList\",\"@id\":\"https:\/\/chefpastry.ch\/produit\/plateaux-noirs-compostables\/#breadcrumb\",\"itemListElement\":[{\"@type\":\"ListItem\",\"position\":1,\"name\":\"Home\",\"item\":\"https:\/\/chefpastry.ch\/\"},{\"@type\":\"ListItem\",\"position\":2,\"name\":\"E-shop\",\"item\":\"https:\/\/chefpastry.ch\/e-shop\/\"},{\"@type\":\"ListItem\",\"position\":3,\"name\":\"PLATEAUX NOIRS COMPOSTABLES\"}]},{\"@type\":\"WebSite\",\"@id\":\"https:\/\/chefpastry.ch\/#website\",\"url\":\"https:\/\/chefpastry.ch\/\",\"name\":\"Chef Pastry\",\"description\":\"\",\"publisher\":{\"@id\":\"https:\/\/chefpastry.ch\/#organization\"},\"potentialAction\":[{\"@type\":\"SearchAction\",\"target\":{\"@type\":\"EntryPoint\",\"urlTemplate\":\"https:\/\/chefpastry.ch\/?s={search_term_string}\"},\"query-input\":{\"@type\":\"PropertyValueSpecification\",\"valueRequired\":true,\"valueName\":\"search_term_string\"}}],\"inLanguage\":\"de\"},{\"@type\":\"Organization\",\"@id\":\"https:\/\/chefpastry.ch\/#organization\",\"name\":\"Chef Pastry\",\"url\":\"https:\/\/chefpastry.ch\/\",\"logo\":{\"@type\":\"ImageObject\",\"inLanguage\":\"de\",\"@id\":\"https:\/\/chefpastry.ch\/#\/schema\/logo\/image\/\",\"url\":\"https:\/\/chefpastry.ch\/wp-content\/uploads\/2022\/07\/cropped-chef_pastry_logo_rgb-03.png\",\"contentUrl\":\"https:\/\/chefpastry.ch\/wp-content\/uploads\/2022\/07\/cropped-chef_pastry_logo_rgb-03.png\",\"width\":1545,\"height\":412,\"caption\":\"Chef Pastry\"},\"image\":{\"@id\":\"https:\/\/chefpastry.ch\/#\/schema\/logo\/image\/\"}}]}<\/script>\n<meta property=\"og:availability\" content=\"instock\" \/>\n<meta property=\"product:availability\" content=\"instock\" \/>\n<meta property=\"product:condition\" content=\"new\" \/>\n<!-- \/ Yoast SEO plugin. -->","yoast_head_json":{"title":"PLATEAUX NOIRS COMPOSTABLES - Chef Pastry","description":"\u00c9l\u00e9gants plateaux compostables Silikomart pour pr\u00e9senter, stocker et transporter vos portions individuelles, antid\u00e9rapante et une prise pratique.","robots":{"index":"index","follow":"follow","max-snippet":"max-snippet:-1","max-image-preview":"max-image-preview:large","max-video-preview":"max-video-preview:-1"},"canonical":"https:\/\/chefpastry.ch\/de\/produkt\/plateaux-noirs-compostables\/","og_locale":"de_DE","og_type":"article","og_title":"PLATEAUX NOIRS COMPOSTABLES - Chef Pastry","og_description":"\u00c9l\u00e9gants plateaux compostables Silikomart pour pr\u00e9senter, stocker et transporter vos portions individuelles, antid\u00e9rapante et une prise pratique.","og_url":"https:\/\/chefpastry.ch\/de\/produkt\/plateaux-noirs-compostables\/","og_site_name":"Chef Pastry","article_modified_time":"2023-12-31T14:44:35+00:00","og_image":[{"width":600,"height":400,"url":"https:\/\/chefpastry.ch\/wp-content\/uploads\/2022\/06\/image-1091.jpg","type":"image\/jpeg"}],"twitter_card":"summary_large_image","twitter_misc":{"Verf\u00fcgbarkeit":"Auf Lager"},"schema":{"@context":"https:\/\/schema.org","@graph":[{"@type":"WebPage","@id":"https:\/\/chefpastry.ch\/produit\/plateaux-noirs-compostables\/","url":"https:\/\/chefpastry.ch\/produit\/plateaux-noirs-compostables\/","name":"PLATEAUX NOIRS COMPOSTABLES - Chef Pastry","isPartOf":{"@id":"https:\/\/chefpastry.ch\/#website"},"primaryImageOfPage":{"@id":"https:\/\/chefpastry.ch\/produit\/plateaux-noirs-compostables\/#primaryimage"},"image":{"@id":"https:\/\/chefpastry.ch\/produit\/plateaux-noirs-compostables\/#primaryimage"},"thumbnailUrl":"https:\/\/chefpastry.ch\/wp-content\/uploads\/2022\/06\/image-1091.jpg","datePublished":"2022-06-02T21:16:42+00:00","dateModified":"2023-12-31T14:44:35+00:00","description":"\u00c9l\u00e9gants plateaux compostables Silikomart pour pr\u00e9senter, stocker et transporter vos portions individuelles, antid\u00e9rapante et une prise pratique.","breadcrumb":{"@id":"https:\/\/chefpastry.ch\/produit\/plateaux-noirs-compostables\/#breadcrumb"},"inLanguage":"de","potentialAction":[{"@type":"ReadAction","target":["https:\/\/chefpastry.ch\/produit\/plateaux-noirs-compostables\/"]}]},{"@type":"ImageObject","inLanguage":"de","@id":"https:\/\/chefpastry.ch\/produit\/plateaux-noirs-compostables\/#primaryimage","url":"https:\/\/chefpastry.ch\/wp-content\/uploads\/2022\/06\/image-1091.jpg","contentUrl":"https:\/\/chefpastry.ch\/wp-content\/uploads\/2022\/06\/image-1091.jpg","width":600,"height":400,"caption":"Plateaux compostables"},{"@type":"BreadcrumbList","@id":"https:\/\/chefpastry.ch\/produit\/plateaux-noirs-compostables\/#breadcrumb","itemListElement":[{"@type":"ListItem","position":1,"name":"Home","item":"https:\/\/chefpastry.ch\/"},{"@type":"ListItem","position":2,"name":"E-shop","item":"https:\/\/chefpastry.ch\/e-shop\/"},{"@type":"ListItem","position":3,"name":"PLATEAUX NOIRS COMPOSTABLES"}]},{"@type":"WebSite","@id":"https:\/\/chefpastry.ch\/#website","url":"https:\/\/chefpastry.ch\/","name":"Chef Pastry","description":"","publisher":{"@id":"https:\/\/chefpastry.ch\/#organization"},"potentialAction":[{"@type":"SearchAction","target":{"@type":"EntryPoint","urlTemplate":"https:\/\/chefpastry.ch\/?s={search_term_string}"},"query-input":{"@type":"PropertyValueSpecification","valueRequired":true,"valueName":"search_term_string"}}],"inLanguage":"de"},{"@type":"Organization","@id":"https:\/\/chefpastry.ch\/#organization","name":"Chef Pastry","url":"https:\/\/chefpastry.ch\/","logo":{"@type":"ImageObject","inLanguage":"de","@id":"https:\/\/chefpastry.ch\/#\/schema\/logo\/image\/","url":"https:\/\/chefpastry.ch\/wp-content\/uploads\/2022\/07\/cropped-chef_pastry_logo_rgb-03.png","contentUrl":"https:\/\/chefpastry.ch\/wp-content\/uploads\/2022\/07\/cropped-chef_pastry_logo_rgb-03.png","width":1545,"height":412,"caption":"Chef Pastry"},"image":{"@id":"https:\/\/chefpastry.ch\/#\/schema\/logo\/image\/"}}]},"og_availability":"instock","product_availability":"instock","product_condition":"new"},"_links":{"self":[{"href":"https:\/\/chefpastry.ch\/de\/wp-json\/wp\/v2\/product\/5405","targetHints":{"allow":["GET"]}}],"collection":[{"href":"https:\/\/chefpastry.ch\/de\/wp-json\/wp\/v2\/product"}],"about":[{"href":"https:\/\/chefpastry.ch\/de\/wp-json\/wp\/v2\/types\/product"}],"replies":[{"embeddable":true,"href":"https:\/\/chefpastry.ch\/de\/wp-json\/wp\/v2\/comments?post=5405"}],"version-history":[{"count":0,"href":"https:\/\/chefpastry.ch\/de\/wp-json\/wp\/v2\/product\/5405\/revisions"}],"wp:featuredmedia":[{"embeddable":true,"href":"https:\/\/chefpastry.ch\/de\/wp-json\/wp\/v2\/media\/5407"}],"wp:attachment":[{"href":"https:\/\/chefpastry.ch\/de\/wp-json\/wp\/v2\/media?parent=5405"}],"wp:term":[{"taxonomy":"product_brand","embeddable":true,"href":"https:\/\/chefpastry.ch\/de\/wp-json\/wp\/v2\/product_brand?post=5405"},{"taxonomy":"product_cat","embeddable":true,"href":"https:\/\/chefpastry.ch\/de\/wp-json\/wp\/v2\/product_cat?post=5405"},{"taxonomy":"product_tag","embeddable":true,"href":"https:\/\/chefpastry.ch\/de\/wp-json\/wp\/v2\/product_tag?post=5405"}],"curies":[{"name":"wp","href":"https:\/\/api.w.org\/{rel}","templated":true}]}}