{"id":5252,"date":"2022-06-02T23:14:50","date_gmt":"2022-06-02T21:14:50","guid":{"rendered":"https:\/\/chefpastry-aventure-gourmande.geekworkers.dev\/produit\/air-mat-a%e2%80%b0clair-choux-300x400\/"},"modified":"2026-02-18T16:39:59","modified_gmt":"2026-02-18T15:39:59","slug":"tapis-silicone-silikomart-air-mat-eclair-choux-300x400","status":"publish","type":"product","link":"https:\/\/chefpastry.ch\/de\/produkt\/tapis-silicone-silikomart-air-mat-eclair-choux-300x400\/","title":{"rendered":"AIR MAT ECLAIR &amp; CHOUX 300\u00d7400"},"content":{"rendered":"<p>Mikroperforierte Silikonmatte mit Glasfaserkern, ideal zum Kochen von <strong>Kohl<\/strong> oder der <strong>Blitze<\/strong>Durch die vorhandenen L\u00f6cher wird die W\u00e4rme gleichm\u00e4\u00dfig \u00fcber die gesamte Oberfl\u00e4che des Teppichs \u00fcbertragen, wodurch eine hohe W\u00e4rmeleistung gew\u00e4hrleistet wird. <strong>optimales Kochen<\/strong>.<\/p>\n<p>Der Teppich hat zwei Seiten:<\/p>\n<ul>\n<li>1 Seite f\u00fcr Kohl<\/li>\n<li>1 Seite f\u00fcr Blitze<\/li>\n<\/ul>\n<p>&nbsp;<\/p>\n<p><strong>Abmessungen<\/strong> :<\/p>\n<ul>\n<li>Gr\u00f6\u00dfe: 300 x 400 mm<\/li>\n<\/ul>","protected":false},"excerpt":{"rendered":"<p>Mikroperforierte Silikonmatte mit Glasfaserkern, ideal zum Kochen von <strong>Kohl<\/strong> oder der <strong>Blitze<\/strong>Durch die vorhandenen L\u00f6cher wird die W\u00e4rme gleichm\u00e4\u00dfig \u00fcber die gesamte Oberfl\u00e4che des Teppichs \u00fcbertragen, wodurch eine hohe W\u00e4rmeleistung gew\u00e4hrleistet wird. <strong>optimales Kochen<\/strong>.<\/p>","protected":false},"featured_media":5254,"comment_status":"closed","ping_status":"closed","template":"","meta":{"_jet_sm_ready_style":"","_jet_sm_style":"","_jet_sm_controls_values":"","_jet_sm_fonts_collection":"","_jet_sm_fonts_links":"","_joinchat":[]},"product_brand":[],"product_cat":[26],"product_tag":[],"class_list":{"0":"post-5252","1":"product","2":"type-product","3":"status-publish","4":"has-post-thumbnail","6":"product_cat-tapis","8":"first","9":"instock","10":"taxable","11":"shipping-taxable","12":"purchasable","13":"product-type-simple"},"yoast_head":"<!-- This site is optimized with the Yoast SEO plugin v27.0 - https:\/\/yoast.com\/product\/yoast-seo-wordpress\/ -->\n<title>Tapis AIR MAT ECLAIR &amp; CHOUX 300x400 - Chef Pastry<\/title>\n<meta name=\"description\" content=\"Tapis microperfor\u00e9 avec noyau en fibre de verre, id\u00e9al pour la cuisson des choux ou \u00e9clairs. Chaleur transmise uniform\u00e9ment pour une cuisson optimale.\" \/>\n<meta name=\"robots\" content=\"index, follow, max-snippet:-1, max-image-preview:large, max-video-preview:-1\" \/>\n<link rel=\"canonical\" href=\"https:\/\/chefpastry.ch\/de\/produkt\/tapis-silicone-silikomart-air-mat-eclair-choux-300x400\/\" \/>\n<meta property=\"og:locale\" content=\"de_DE\" \/>\n<meta property=\"og:type\" content=\"article\" \/>\n<meta property=\"og:title\" content=\"Tapis AIR MAT ECLAIR &amp; CHOUX 300x400 - Chef Pastry\" \/>\n<meta property=\"og:description\" content=\"Tapis microperfor\u00e9 avec noyau en fibre de verre, id\u00e9al pour la cuisson des choux ou \u00e9clairs. Chaleur transmise uniform\u00e9ment pour une cuisson optimale.\" \/>\n<meta property=\"og:url\" content=\"https:\/\/chefpastry.ch\/de\/produkt\/tapis-silicone-silikomart-air-mat-eclair-choux-300x400\/\" \/>\n<meta property=\"og:site_name\" content=\"Chef Pastry\" \/>\n<meta property=\"article:modified_time\" content=\"2026-02-18T15:39:59+00:00\" \/>\n<meta property=\"og:image\" content=\"https:\/\/chefpastry.ch\/wp-content\/uploads\/2022\/06\/image-999.jpg\" \/>\n\t<meta property=\"og:image:width\" content=\"700\" \/>\n\t<meta property=\"og:image:height\" content=\"467\" \/>\n\t<meta property=\"og:image:type\" content=\"image\/jpeg\" \/>\n<meta name=\"twitter:card\" content=\"summary_large_image\" \/>\n<meta name=\"twitter:label1\" content=\"Preis\" \/>\n\t<meta name=\"twitter:data1\" content=\"&#067;&#072;&#070;&nbsp;17.00 TTC\" \/>\n\t<meta name=\"twitter:label2\" content=\"Verf\u00fcgbarkeit\" \/>\n\t<meta name=\"twitter:data2\" content=\"Auf Lager\" \/>\n<script type=\"application\/ld+json\" class=\"yoast-schema-graph\">{\"@context\":\"https:\/\/schema.org\",\"@graph\":[{\"@type\":\"WebPage\",\"@id\":\"https:\/\/chefpastry.ch\/produit\/tapis-silicone-silikomart-air-mat-eclair-choux-300x400\/\",\"url\":\"https:\/\/chefpastry.ch\/produit\/tapis-silicone-silikomart-air-mat-eclair-choux-300x400\/\",\"name\":\"Tapis AIR MAT ECLAIR & CHOUX 300x400 - Chef Pastry\",\"isPartOf\":{\"@id\":\"https:\/\/chefpastry.ch\/#website\"},\"primaryImageOfPage\":{\"@id\":\"https:\/\/chefpastry.ch\/produit\/tapis-silicone-silikomart-air-mat-eclair-choux-300x400\/#primaryimage\"},\"image\":{\"@id\":\"https:\/\/chefpastry.ch\/produit\/tapis-silicone-silikomart-air-mat-eclair-choux-300x400\/#primaryimage\"},\"thumbnailUrl\":\"https:\/\/chefpastry.ch\/wp-content\/uploads\/2022\/06\/image-999.jpg\",\"datePublished\":\"2022-06-02T21:14:50+00:00\",\"dateModified\":\"2026-02-18T15:39:59+00:00\",\"description\":\"Tapis microperfor\u00e9 avec noyau en fibre de verre, id\u00e9al pour la cuisson des choux ou \u00e9clairs. Chaleur transmise uniform\u00e9ment pour une cuisson optimale.\",\"breadcrumb\":{\"@id\":\"https:\/\/chefpastry.ch\/produit\/tapis-silicone-silikomart-air-mat-eclair-choux-300x400\/#breadcrumb\"},\"inLanguage\":\"de\",\"potentialAction\":[{\"@type\":\"ReadAction\",\"target\":[\"https:\/\/chefpastry.ch\/produit\/tapis-silicone-silikomart-air-mat-eclair-choux-300x400\/\"]}]},{\"@type\":\"ImageObject\",\"inLanguage\":\"de\",\"@id\":\"https:\/\/chefpastry.ch\/produit\/tapis-silicone-silikomart-air-mat-eclair-choux-300x400\/#primaryimage\",\"url\":\"https:\/\/chefpastry.ch\/wp-content\/uploads\/2022\/06\/image-999.jpg\",\"contentUrl\":\"https:\/\/chefpastry.ch\/wp-content\/uploads\/2022\/06\/image-999.jpg\",\"width\":700,\"height\":467,\"caption\":\"Tapis Air mat \u00e9clair choux\"},{\"@type\":\"BreadcrumbList\",\"@id\":\"https:\/\/chefpastry.ch\/produit\/tapis-silicone-silikomart-air-mat-eclair-choux-300x400\/#breadcrumb\",\"itemListElement\":[{\"@type\":\"ListItem\",\"position\":1,\"name\":\"Home\",\"item\":\"https:\/\/chefpastry.ch\/\"},{\"@type\":\"ListItem\",\"position\":2,\"name\":\"E-shop\",\"item\":\"https:\/\/chefpastry.ch\/e-shop\/\"},{\"@type\":\"ListItem\",\"position\":3,\"name\":\"AIR MAT ECLAIR &#038; CHOUX 300&#215;400\"}]},{\"@type\":\"WebSite\",\"@id\":\"https:\/\/chefpastry.ch\/#website\",\"url\":\"https:\/\/chefpastry.ch\/\",\"name\":\"Chef Pastry\",\"description\":\"\",\"publisher\":{\"@id\":\"https:\/\/chefpastry.ch\/#organization\"},\"potentialAction\":[{\"@type\":\"SearchAction\",\"target\":{\"@type\":\"EntryPoint\",\"urlTemplate\":\"https:\/\/chefpastry.ch\/?s={search_term_string}\"},\"query-input\":{\"@type\":\"PropertyValueSpecification\",\"valueRequired\":true,\"valueName\":\"search_term_string\"}}],\"inLanguage\":\"de\"},{\"@type\":\"Organization\",\"@id\":\"https:\/\/chefpastry.ch\/#organization\",\"name\":\"Chef Pastry\",\"url\":\"https:\/\/chefpastry.ch\/\",\"logo\":{\"@type\":\"ImageObject\",\"inLanguage\":\"de\",\"@id\":\"https:\/\/chefpastry.ch\/#\/schema\/logo\/image\/\",\"url\":\"https:\/\/chefpastry.ch\/wp-content\/uploads\/2022\/07\/cropped-chef_pastry_logo_rgb-03.png\",\"contentUrl\":\"https:\/\/chefpastry.ch\/wp-content\/uploads\/2022\/07\/cropped-chef_pastry_logo_rgb-03.png\",\"width\":1545,\"height\":412,\"caption\":\"Chef Pastry\"},\"image\":{\"@id\":\"https:\/\/chefpastry.ch\/#\/schema\/logo\/image\/\"}}]}<\/script>\n<meta property=\"product:price:amount\" content=\"17.00\" \/>\n<meta property=\"product:price:currency\" content=\"CHF\" \/>\n<meta property=\"og:availability\" content=\"instock\" \/>\n<meta property=\"product:availability\" content=\"instock\" \/>\n<meta property=\"product:retailer_item_id\" content=\"40.113.99.0000\" \/>\n<meta property=\"product:condition\" content=\"new\" \/>\n<!-- \/ Yoast SEO plugin. -->","yoast_head_json":{"title":"Tapis AIR MAT ECLAIR & CHOUX 300x400 - Chef Pastry","description":"Tapis microperfor\u00e9 avec noyau en fibre de verre, id\u00e9al pour la cuisson des choux ou \u00e9clairs. Chaleur transmise uniform\u00e9ment pour une cuisson optimale.","robots":{"index":"index","follow":"follow","max-snippet":"max-snippet:-1","max-image-preview":"max-image-preview:large","max-video-preview":"max-video-preview:-1"},"canonical":"https:\/\/chefpastry.ch\/de\/produkt\/tapis-silicone-silikomart-air-mat-eclair-choux-300x400\/","og_locale":"de_DE","og_type":"article","og_title":"Tapis AIR MAT ECLAIR & CHOUX 300x400 - Chef Pastry","og_description":"Tapis microperfor\u00e9 avec noyau en fibre de verre, id\u00e9al pour la cuisson des choux ou \u00e9clairs. Chaleur transmise uniform\u00e9ment pour une cuisson optimale.","og_url":"https:\/\/chefpastry.ch\/de\/produkt\/tapis-silicone-silikomart-air-mat-eclair-choux-300x400\/","og_site_name":"Chef Pastry","article_modified_time":"2026-02-18T15:39:59+00:00","og_image":[{"width":700,"height":467,"url":"https:\/\/chefpastry.ch\/wp-content\/uploads\/2022\/06\/image-999.jpg","type":"image\/jpeg"}],"twitter_card":"summary_large_image","twitter_misc":{"Preis":"&#67;&#72;&#70;&nbsp;17.00 TTC","Verf\u00fcgbarkeit":"Auf Lager"},"schema":{"@context":"https:\/\/schema.org","@graph":[{"@type":"WebPage","@id":"https:\/\/chefpastry.ch\/produit\/tapis-silicone-silikomart-air-mat-eclair-choux-300x400\/","url":"https:\/\/chefpastry.ch\/produit\/tapis-silicone-silikomart-air-mat-eclair-choux-300x400\/","name":"Tapis AIR MAT ECLAIR & CHOUX 300x400 - Chef Pastry","isPartOf":{"@id":"https:\/\/chefpastry.ch\/#website"},"primaryImageOfPage":{"@id":"https:\/\/chefpastry.ch\/produit\/tapis-silicone-silikomart-air-mat-eclair-choux-300x400\/#primaryimage"},"image":{"@id":"https:\/\/chefpastry.ch\/produit\/tapis-silicone-silikomart-air-mat-eclair-choux-300x400\/#primaryimage"},"thumbnailUrl":"https:\/\/chefpastry.ch\/wp-content\/uploads\/2022\/06\/image-999.jpg","datePublished":"2022-06-02T21:14:50+00:00","dateModified":"2026-02-18T15:39:59+00:00","description":"Tapis microperfor\u00e9 avec noyau en fibre de verre, id\u00e9al pour la cuisson des choux ou \u00e9clairs. Chaleur transmise uniform\u00e9ment pour une cuisson optimale.","breadcrumb":{"@id":"https:\/\/chefpastry.ch\/produit\/tapis-silicone-silikomart-air-mat-eclair-choux-300x400\/#breadcrumb"},"inLanguage":"de","potentialAction":[{"@type":"ReadAction","target":["https:\/\/chefpastry.ch\/produit\/tapis-silicone-silikomart-air-mat-eclair-choux-300x400\/"]}]},{"@type":"ImageObject","inLanguage":"de","@id":"https:\/\/chefpastry.ch\/produit\/tapis-silicone-silikomart-air-mat-eclair-choux-300x400\/#primaryimage","url":"https:\/\/chefpastry.ch\/wp-content\/uploads\/2022\/06\/image-999.jpg","contentUrl":"https:\/\/chefpastry.ch\/wp-content\/uploads\/2022\/06\/image-999.jpg","width":700,"height":467,"caption":"Tapis Air mat \u00e9clair choux"},{"@type":"BreadcrumbList","@id":"https:\/\/chefpastry.ch\/produit\/tapis-silicone-silikomart-air-mat-eclair-choux-300x400\/#breadcrumb","itemListElement":[{"@type":"ListItem","position":1,"name":"Home","item":"https:\/\/chefpastry.ch\/"},{"@type":"ListItem","position":2,"name":"E-shop","item":"https:\/\/chefpastry.ch\/e-shop\/"},{"@type":"ListItem","position":3,"name":"AIR MAT ECLAIR &#038; CHOUX 300&#215;400"}]},{"@type":"WebSite","@id":"https:\/\/chefpastry.ch\/#website","url":"https:\/\/chefpastry.ch\/","name":"Chef Pastry","description":"","publisher":{"@id":"https:\/\/chefpastry.ch\/#organization"},"potentialAction":[{"@type":"SearchAction","target":{"@type":"EntryPoint","urlTemplate":"https:\/\/chefpastry.ch\/?s={search_term_string}"},"query-input":{"@type":"PropertyValueSpecification","valueRequired":true,"valueName":"search_term_string"}}],"inLanguage":"de"},{"@type":"Organization","@id":"https:\/\/chefpastry.ch\/#organization","name":"Chef Pastry","url":"https:\/\/chefpastry.ch\/","logo":{"@type":"ImageObject","inLanguage":"de","@id":"https:\/\/chefpastry.ch\/#\/schema\/logo\/image\/","url":"https:\/\/chefpastry.ch\/wp-content\/uploads\/2022\/07\/cropped-chef_pastry_logo_rgb-03.png","contentUrl":"https:\/\/chefpastry.ch\/wp-content\/uploads\/2022\/07\/cropped-chef_pastry_logo_rgb-03.png","width":1545,"height":412,"caption":"Chef Pastry"},"image":{"@id":"https:\/\/chefpastry.ch\/#\/schema\/logo\/image\/"}}]},"product_price_amount":"17.00","product_price_currency":"CHF","og_availability":"instock","product_availability":"instock","product_retailer_item_id":"40.113.99.0000","product_condition":"new"},"_links":{"self":[{"href":"https:\/\/chefpastry.ch\/de\/wp-json\/wp\/v2\/product\/5252","targetHints":{"allow":["GET"]}}],"collection":[{"href":"https:\/\/chefpastry.ch\/de\/wp-json\/wp\/v2\/product"}],"about":[{"href":"https:\/\/chefpastry.ch\/de\/wp-json\/wp\/v2\/types\/product"}],"replies":[{"embeddable":true,"href":"https:\/\/chefpastry.ch\/de\/wp-json\/wp\/v2\/comments?post=5252"}],"version-history":[{"count":1,"href":"https:\/\/chefpastry.ch\/de\/wp-json\/wp\/v2\/product\/5252\/revisions"}],"predecessor-version":[{"id":16413,"href":"https:\/\/chefpastry.ch\/de\/wp-json\/wp\/v2\/product\/5252\/revisions\/16413"}],"wp:featuredmedia":[{"embeddable":true,"href":"https:\/\/chefpastry.ch\/de\/wp-json\/wp\/v2\/media\/5254"}],"wp:attachment":[{"href":"https:\/\/chefpastry.ch\/de\/wp-json\/wp\/v2\/media?parent=5252"}],"wp:term":[{"taxonomy":"product_brand","embeddable":true,"href":"https:\/\/chefpastry.ch\/de\/wp-json\/wp\/v2\/product_brand?post=5252"},{"taxonomy":"product_cat","embeddable":true,"href":"https:\/\/chefpastry.ch\/de\/wp-json\/wp\/v2\/product_cat?post=5252"},{"taxonomy":"product_tag","embeddable":true,"href":"https:\/\/chefpastry.ch\/de\/wp-json\/wp\/v2\/product_tag?post=5252"}],"curies":[{"name":"wp","href":"https:\/\/api.w.org\/{rel}","templated":true}]}}