{"id":5191,"date":"2022-06-02T23:14:15","date_gmt":"2022-06-02T21:14:15","guid":{"rendered":"https:\/\/chefpastry-aventure-gourmande.geekworkers.dev\/produit\/sac-a-poche-en-polyurethane\/"},"modified":"2026-01-11T12:23:43","modified_gmt":"2026-01-11T11:23:43","slug":"sac-a-poche-en-polyurethane","status":"publish","type":"product","link":"https:\/\/chefpastry.ch\/de\/produkt\/sac-a-poche-en-polyurethane\/","title":{"rendered":"TASCHENBEUTEL AUS POLYURETHAN"},"content":{"rendered":"<p>Wiederverwendbare Polyurethan-Tasche aus Polyesterfasern und mit Polyurethan beschichtet, mit Knopfloch.<br \/>\nL\u00e9ger, flexible, imperm\u00e9able et r\u00e9sistant. Il n&rsquo;absorbe pas les odeurs. Produit professionnel de haute qualit\u00e9.<\/p>\n<ul>\n<li>&#8211; 3 longueurs diff\u00e9rentes :<\/li>\n<li>20 cm (Silikomart)<\/li>\n<li>30 cm (Silikomart)<\/li>\n<li>34 cm (Chef Pastry)<\/li>\n<\/ul>\n<p>&nbsp;<\/p>","protected":false},"excerpt":{"rendered":"<p>Wiederverwendbare Taschentasche aus Polyesterfasern und Polyurethanbeschichtung, mit Knopfloch.<br \/>\nL\u00e9ger, flexible, imperm\u00e9able et r\u00e9sistant. Il n&rsquo;absorbe pas les odeurs. Produit professionnel de haute qualit\u00e9.<\/p>","protected":false},"featured_media":5193,"comment_status":"closed","ping_status":"closed","template":"","meta":{"_jet_sm_ready_style":"","_jet_sm_style":"","_jet_sm_controls_values":"","_jet_sm_fonts_collection":"","_jet_sm_fonts_links":"","_joinchat":[]},"product_brand":[],"product_cat":[24,183],"product_tag":[],"class_list":{"0":"post-5191","1":"product","2":"type-product","3":"status-publish","4":"has-post-thumbnail","6":"product_cat-accessoires","7":"product_cat-promo","8":"pa_declinaison-20-cm","9":"pa_declinaison-34-cm","10":"pa_declinaison-40-cm","11":"pa_declinaison-30-cm","13":"first","14":"instock","15":"sale","16":"taxable","17":"shipping-taxable","18":"purchasable","19":"product-type-variable"},"yoast_head":"<!-- This site is optimized with the Yoast SEO plugin v27.0 - https:\/\/yoast.com\/product\/yoast-seo-wordpress\/ -->\n<title>SAC A POCHE EN POLYURETHANE - Chef Pastry<\/title>\n<meta name=\"description\" content=\"Sac \u00e0 poche r\u00e9utilisable, en fibres de polyester et enduit de polyur\u00e9thane .L\u00e9ger, flexible, imperm\u00e9able et r\u00e9sistant. Il n&#039;absorbe pas les odeurs.\" \/>\n<meta name=\"robots\" content=\"index, follow, max-snippet:-1, max-image-preview:large, max-video-preview:-1\" \/>\n<link rel=\"canonical\" href=\"https:\/\/chefpastry.ch\/de\/produkt\/sac-a-poche-en-polyurethane\/\" \/>\n<meta property=\"og:locale\" content=\"de_DE\" \/>\n<meta property=\"og:type\" content=\"article\" \/>\n<meta property=\"og:title\" content=\"SAC A POCHE EN POLYURETHANE - Chef Pastry\" \/>\n<meta property=\"og:description\" content=\"Sac \u00e0 poche r\u00e9utilisable, en fibres de polyester et enduit de polyur\u00e9thane .L\u00e9ger, flexible, imperm\u00e9able et r\u00e9sistant. Il n&#039;absorbe pas les odeurs.\" \/>\n<meta property=\"og:url\" content=\"https:\/\/chefpastry.ch\/de\/produkt\/sac-a-poche-en-polyurethane\/\" \/>\n<meta property=\"og:site_name\" content=\"Chef Pastry\" \/>\n<meta property=\"article:modified_time\" content=\"2026-01-11T11:23:43+00:00\" \/>\n<meta property=\"og:image\" content=\"https:\/\/chefpastry.ch\/wp-content\/uploads\/2022\/06\/image-961.jpg\" \/>\n\t<meta property=\"og:image:width\" content=\"600\" \/>\n\t<meta property=\"og:image:height\" content=\"400\" \/>\n\t<meta property=\"og:image:type\" content=\"image\/jpeg\" \/>\n<meta name=\"twitter:card\" content=\"summary_large_image\" \/>\n<meta name=\"twitter:label1\" content=\"Verf\u00fcgbarkeit\" \/>\n\t<meta name=\"twitter:data1\" content=\"Auf Lager\" \/>\n<script type=\"application\/ld+json\" class=\"yoast-schema-graph\">{\"@context\":\"https:\/\/schema.org\",\"@graph\":[{\"@type\":\"WebPage\",\"@id\":\"https:\/\/chefpastry.ch\/produit\/sac-a-poche-en-polyurethane\/\",\"url\":\"https:\/\/chefpastry.ch\/produit\/sac-a-poche-en-polyurethane\/\",\"name\":\"SAC A POCHE EN POLYURETHANE - Chef Pastry\",\"isPartOf\":{\"@id\":\"https:\/\/chefpastry.ch\/#website\"},\"primaryImageOfPage\":{\"@id\":\"https:\/\/chefpastry.ch\/produit\/sac-a-poche-en-polyurethane\/#primaryimage\"},\"image\":{\"@id\":\"https:\/\/chefpastry.ch\/produit\/sac-a-poche-en-polyurethane\/#primaryimage\"},\"thumbnailUrl\":\"https:\/\/chefpastry.ch\/wp-content\/uploads\/2022\/06\/image-961.jpg\",\"datePublished\":\"2022-06-02T21:14:15+00:00\",\"dateModified\":\"2026-01-11T11:23:43+00:00\",\"description\":\"Sac \u00e0 poche r\u00e9utilisable, en fibres de polyester et enduit de polyur\u00e9thane .L\u00e9ger, flexible, imperm\u00e9able et r\u00e9sistant. Il n'absorbe pas les odeurs.\",\"breadcrumb\":{\"@id\":\"https:\/\/chefpastry.ch\/produit\/sac-a-poche-en-polyurethane\/#breadcrumb\"},\"inLanguage\":\"de\",\"potentialAction\":[{\"@type\":\"ReadAction\",\"target\":[\"https:\/\/chefpastry.ch\/produit\/sac-a-poche-en-polyurethane\/\"]}]},{\"@type\":\"ImageObject\",\"inLanguage\":\"de\",\"@id\":\"https:\/\/chefpastry.ch\/produit\/sac-a-poche-en-polyurethane\/#primaryimage\",\"url\":\"https:\/\/chefpastry.ch\/wp-content\/uploads\/2022\/06\/image-961.jpg\",\"contentUrl\":\"https:\/\/chefpastry.ch\/wp-content\/uploads\/2022\/06\/image-961.jpg\",\"width\":600,\"height\":400,\"caption\":\"Sac poche r\u00e9utilisable en Polyur\u00e9thane\"},{\"@type\":\"BreadcrumbList\",\"@id\":\"https:\/\/chefpastry.ch\/produit\/sac-a-poche-en-polyurethane\/#breadcrumb\",\"itemListElement\":[{\"@type\":\"ListItem\",\"position\":1,\"name\":\"Home\",\"item\":\"https:\/\/chefpastry.ch\/\"},{\"@type\":\"ListItem\",\"position\":2,\"name\":\"E-shop\",\"item\":\"https:\/\/chefpastry.ch\/e-shop\/\"},{\"@type\":\"ListItem\",\"position\":3,\"name\":\"SAC A POCHE EN POLYURETHANE\"}]},{\"@type\":\"WebSite\",\"@id\":\"https:\/\/chefpastry.ch\/#website\",\"url\":\"https:\/\/chefpastry.ch\/\",\"name\":\"Chef Pastry\",\"description\":\"\",\"publisher\":{\"@id\":\"https:\/\/chefpastry.ch\/#organization\"},\"potentialAction\":[{\"@type\":\"SearchAction\",\"target\":{\"@type\":\"EntryPoint\",\"urlTemplate\":\"https:\/\/chefpastry.ch\/?s={search_term_string}\"},\"query-input\":{\"@type\":\"PropertyValueSpecification\",\"valueRequired\":true,\"valueName\":\"search_term_string\"}}],\"inLanguage\":\"de\"},{\"@type\":\"Organization\",\"@id\":\"https:\/\/chefpastry.ch\/#organization\",\"name\":\"Chef Pastry\",\"url\":\"https:\/\/chefpastry.ch\/\",\"logo\":{\"@type\":\"ImageObject\",\"inLanguage\":\"de\",\"@id\":\"https:\/\/chefpastry.ch\/#\/schema\/logo\/image\/\",\"url\":\"https:\/\/chefpastry.ch\/wp-content\/uploads\/2022\/07\/cropped-chef_pastry_logo_rgb-03.png\",\"contentUrl\":\"https:\/\/chefpastry.ch\/wp-content\/uploads\/2022\/07\/cropped-chef_pastry_logo_rgb-03.png\",\"width\":1545,\"height\":412,\"caption\":\"Chef Pastry\"},\"image\":{\"@id\":\"https:\/\/chefpastry.ch\/#\/schema\/logo\/image\/\"}}]}<\/script>\n<meta property=\"og:availability\" content=\"instock\" \/>\n<meta property=\"product:availability\" content=\"instock\" \/>\n<meta property=\"product:condition\" content=\"new\" \/>\n<!-- \/ Yoast SEO plugin. -->","yoast_head_json":{"title":"SAC A POCHE EN POLYURETHANE - Chef Pastry","description":"Sac \u00e0 poche r\u00e9utilisable, en fibres de polyester et enduit de polyur\u00e9thane .L\u00e9ger, flexible, imperm\u00e9able et r\u00e9sistant. Il n'absorbe pas les odeurs.","robots":{"index":"index","follow":"follow","max-snippet":"max-snippet:-1","max-image-preview":"max-image-preview:large","max-video-preview":"max-video-preview:-1"},"canonical":"https:\/\/chefpastry.ch\/de\/produkt\/sac-a-poche-en-polyurethane\/","og_locale":"de_DE","og_type":"article","og_title":"SAC A POCHE EN POLYURETHANE - Chef Pastry","og_description":"Sac \u00e0 poche r\u00e9utilisable, en fibres de polyester et enduit de polyur\u00e9thane .L\u00e9ger, flexible, imperm\u00e9able et r\u00e9sistant. Il n'absorbe pas les odeurs.","og_url":"https:\/\/chefpastry.ch\/de\/produkt\/sac-a-poche-en-polyurethane\/","og_site_name":"Chef Pastry","article_modified_time":"2026-01-11T11:23:43+00:00","og_image":[{"width":600,"height":400,"url":"https:\/\/chefpastry.ch\/wp-content\/uploads\/2022\/06\/image-961.jpg","type":"image\/jpeg"}],"twitter_card":"summary_large_image","twitter_misc":{"Verf\u00fcgbarkeit":"Auf Lager"},"schema":{"@context":"https:\/\/schema.org","@graph":[{"@type":"WebPage","@id":"https:\/\/chefpastry.ch\/produit\/sac-a-poche-en-polyurethane\/","url":"https:\/\/chefpastry.ch\/produit\/sac-a-poche-en-polyurethane\/","name":"SAC A POCHE EN POLYURETHANE - Chef Pastry","isPartOf":{"@id":"https:\/\/chefpastry.ch\/#website"},"primaryImageOfPage":{"@id":"https:\/\/chefpastry.ch\/produit\/sac-a-poche-en-polyurethane\/#primaryimage"},"image":{"@id":"https:\/\/chefpastry.ch\/produit\/sac-a-poche-en-polyurethane\/#primaryimage"},"thumbnailUrl":"https:\/\/chefpastry.ch\/wp-content\/uploads\/2022\/06\/image-961.jpg","datePublished":"2022-06-02T21:14:15+00:00","dateModified":"2026-01-11T11:23:43+00:00","description":"Sac \u00e0 poche r\u00e9utilisable, en fibres de polyester et enduit de polyur\u00e9thane .L\u00e9ger, flexible, imperm\u00e9able et r\u00e9sistant. Il n'absorbe pas les odeurs.","breadcrumb":{"@id":"https:\/\/chefpastry.ch\/produit\/sac-a-poche-en-polyurethane\/#breadcrumb"},"inLanguage":"de","potentialAction":[{"@type":"ReadAction","target":["https:\/\/chefpastry.ch\/produit\/sac-a-poche-en-polyurethane\/"]}]},{"@type":"ImageObject","inLanguage":"de","@id":"https:\/\/chefpastry.ch\/produit\/sac-a-poche-en-polyurethane\/#primaryimage","url":"https:\/\/chefpastry.ch\/wp-content\/uploads\/2022\/06\/image-961.jpg","contentUrl":"https:\/\/chefpastry.ch\/wp-content\/uploads\/2022\/06\/image-961.jpg","width":600,"height":400,"caption":"Sac poche r\u00e9utilisable en Polyur\u00e9thane"},{"@type":"BreadcrumbList","@id":"https:\/\/chefpastry.ch\/produit\/sac-a-poche-en-polyurethane\/#breadcrumb","itemListElement":[{"@type":"ListItem","position":1,"name":"Home","item":"https:\/\/chefpastry.ch\/"},{"@type":"ListItem","position":2,"name":"E-shop","item":"https:\/\/chefpastry.ch\/e-shop\/"},{"@type":"ListItem","position":3,"name":"SAC A POCHE EN POLYURETHANE"}]},{"@type":"WebSite","@id":"https:\/\/chefpastry.ch\/#website","url":"https:\/\/chefpastry.ch\/","name":"Chef Pastry","description":"","publisher":{"@id":"https:\/\/chefpastry.ch\/#organization"},"potentialAction":[{"@type":"SearchAction","target":{"@type":"EntryPoint","urlTemplate":"https:\/\/chefpastry.ch\/?s={search_term_string}"},"query-input":{"@type":"PropertyValueSpecification","valueRequired":true,"valueName":"search_term_string"}}],"inLanguage":"de"},{"@type":"Organization","@id":"https:\/\/chefpastry.ch\/#organization","name":"Chef Pastry","url":"https:\/\/chefpastry.ch\/","logo":{"@type":"ImageObject","inLanguage":"de","@id":"https:\/\/chefpastry.ch\/#\/schema\/logo\/image\/","url":"https:\/\/chefpastry.ch\/wp-content\/uploads\/2022\/07\/cropped-chef_pastry_logo_rgb-03.png","contentUrl":"https:\/\/chefpastry.ch\/wp-content\/uploads\/2022\/07\/cropped-chef_pastry_logo_rgb-03.png","width":1545,"height":412,"caption":"Chef Pastry"},"image":{"@id":"https:\/\/chefpastry.ch\/#\/schema\/logo\/image\/"}}]},"og_availability":"instock","product_availability":"instock","product_condition":"new"},"_links":{"self":[{"href":"https:\/\/chefpastry.ch\/de\/wp-json\/wp\/v2\/product\/5191","targetHints":{"allow":["GET"]}}],"collection":[{"href":"https:\/\/chefpastry.ch\/de\/wp-json\/wp\/v2\/product"}],"about":[{"href":"https:\/\/chefpastry.ch\/de\/wp-json\/wp\/v2\/types\/product"}],"replies":[{"embeddable":true,"href":"https:\/\/chefpastry.ch\/de\/wp-json\/wp\/v2\/comments?post=5191"}],"version-history":[{"count":2,"href":"https:\/\/chefpastry.ch\/de\/wp-json\/wp\/v2\/product\/5191\/revisions"}],"predecessor-version":[{"id":16398,"href":"https:\/\/chefpastry.ch\/de\/wp-json\/wp\/v2\/product\/5191\/revisions\/16398"}],"wp:featuredmedia":[{"embeddable":true,"href":"https:\/\/chefpastry.ch\/de\/wp-json\/wp\/v2\/media\/5193"}],"wp:attachment":[{"href":"https:\/\/chefpastry.ch\/de\/wp-json\/wp\/v2\/media?parent=5191"}],"wp:term":[{"taxonomy":"product_brand","embeddable":true,"href":"https:\/\/chefpastry.ch\/de\/wp-json\/wp\/v2\/product_brand?post=5191"},{"taxonomy":"product_cat","embeddable":true,"href":"https:\/\/chefpastry.ch\/de\/wp-json\/wp\/v2\/product_cat?post=5191"},{"taxonomy":"product_tag","embeddable":true,"href":"https:\/\/chefpastry.ch\/de\/wp-json\/wp\/v2\/product_tag?post=5191"}],"curies":[{"name":"wp","href":"https:\/\/api.w.org\/{rel}","templated":true}]}}