{"id":5156,"date":"2022-06-02T23:13:47","date_gmt":"2022-06-02T21:13:47","guid":{"rendered":"https:\/\/chefpastry-aventure-gourmande.geekworkers.dev\/produit\/pinceau-medium-jaune\/"},"modified":"2024-10-22T10:16:57","modified_gmt":"2024-10-22T08:16:57","slug":"pinceau-moyen-silicone-jaune-silikomart","status":"publish","type":"product","link":"https:\/\/chefpastry.ch\/de\/produkt\/pinceau-moyen-silicone-jaune-silikomart\/","title":{"rendered":"PINSEL MEDIUM GELB"},"content":{"rendered":"<p><strong>Mittlerer Silikonpinsel 21 cm<\/strong> verwendet in <strong>Backen oder Braten<\/strong>.<\/p>\n<p>Ideal zum Bestreichen von So\u00dfen, gew\u00fcrzten Buttersorten und Marinaden auf hei\u00dfem Fleisch.<\/p>\n<p>Vous pouvez \u00e9galement l&rsquo;utiliser pour badigeonner vos p\u00e2tisseries de jaune d\u2019\u0153uf, enduire les parois d&rsquo;un moule de chocolat fondu, imbiber une g\u00e9noise ou un biscuit de sirop&#8230;<br \/>\nDieser professionelle Pinsel ist sehr praktisch und hygienisch.<\/p>\n<p>Il se nettoie facilement apr\u00e8s l&rsquo;utilisation avec un rin\u00e7age \u00e0 l&rsquo;eau chaude savonneuse ou au lave-vaisselle.<\/p>\n<ul>\n<li>Gr\u00f6\u00dfe: 21 cm<\/li>\n<\/ul>","protected":false},"excerpt":{"rendered":"<p><strong>Mittlerer Silikonpinsel 21 cm<\/strong> verwendet in <strong>Backen oder Braten<\/strong>.<\/p>\n<p>Ideal zum Bestreichen von So\u00dfen, gew\u00fcrzten Buttersorten und Marinaden auf hei\u00dfem Fleisch.<\/p>\n<p>&nbsp;<\/p>","protected":false},"featured_media":5158,"comment_status":"closed","ping_status":"closed","template":"","meta":{"_jet_sm_ready_style":"","_jet_sm_style":"","_jet_sm_controls_values":"","_jet_sm_fonts_collection":"","_jet_sm_fonts_links":"","_joinchat":[]},"product_brand":[],"product_cat":[24],"product_tag":[],"class_list":{"0":"post-5156","1":"product","2":"type-product","3":"status-publish","4":"has-post-thumbnail","6":"product_cat-accessoires","8":"first","9":"instock","10":"taxable","11":"shipping-taxable","12":"purchasable","13":"product-type-simple"},"yoast_head":"<!-- This site is optimized with the Yoast SEO plugin v27.0 - https:\/\/yoast.com\/product\/yoast-seo-wordpress\/ -->\n<title>PINCEAU MEDIUM JAUNE - Chef Pastry<\/title>\n<meta name=\"description\" content=\"Pinceau moyen silicone 21 cm utilis\u00e9 en p\u00e2tisserie ou en r\u00f4tisserie. Id\u00e9al pour badigeonner les sauces, les beurres, les marinades sur les viandes chaudes.\" \/>\n<meta name=\"robots\" content=\"index, follow, max-snippet:-1, max-image-preview:large, max-video-preview:-1\" \/>\n<link rel=\"canonical\" href=\"https:\/\/chefpastry.ch\/de\/produkt\/pinceau-moyen-silicone-jaune-silikomart\/\" \/>\n<meta property=\"og:locale\" content=\"de_DE\" \/>\n<meta property=\"og:type\" content=\"article\" \/>\n<meta property=\"og:title\" content=\"PINCEAU MEDIUM JAUNE - Chef Pastry\" \/>\n<meta property=\"og:description\" content=\"Pinceau moyen silicone 21 cm utilis\u00e9 en p\u00e2tisserie ou en r\u00f4tisserie. Id\u00e9al pour badigeonner les sauces, les beurres, les marinades sur les viandes chaudes.\" \/>\n<meta property=\"og:url\" content=\"https:\/\/chefpastry.ch\/de\/produkt\/pinceau-moyen-silicone-jaune-silikomart\/\" \/>\n<meta property=\"og:site_name\" content=\"Chef Pastry\" \/>\n<meta property=\"article:modified_time\" content=\"2024-10-22T08:16:57+00:00\" \/>\n<meta property=\"og:image\" content=\"https:\/\/chefpastry.ch\/wp-content\/uploads\/2022\/06\/image-936.jpg\" \/>\n\t<meta property=\"og:image:width\" content=\"600\" \/>\n\t<meta property=\"og:image:height\" content=\"400\" \/>\n\t<meta property=\"og:image:type\" content=\"image\/jpeg\" \/>\n<meta name=\"twitter:card\" content=\"summary_large_image\" \/>\n<meta name=\"twitter:label1\" content=\"Preis\" \/>\n\t<meta name=\"twitter:data1\" content=\"&#067;&#072;&#070;&nbsp;6.00 TTC\" \/>\n\t<meta name=\"twitter:label2\" content=\"Verf\u00fcgbarkeit\" \/>\n\t<meta name=\"twitter:data2\" content=\"Auf Lager\" \/>\n<script type=\"application\/ld+json\" class=\"yoast-schema-graph\">{\"@context\":\"https:\/\/schema.org\",\"@graph\":[{\"@type\":\"WebPage\",\"@id\":\"https:\/\/chefpastry.ch\/produit\/pinceau-moyen-silicone-jaune-silikomart\/\",\"url\":\"https:\/\/chefpastry.ch\/produit\/pinceau-moyen-silicone-jaune-silikomart\/\",\"name\":\"PINCEAU MEDIUM JAUNE - Chef Pastry\",\"isPartOf\":{\"@id\":\"https:\/\/chefpastry.ch\/#website\"},\"primaryImageOfPage\":{\"@id\":\"https:\/\/chefpastry.ch\/produit\/pinceau-moyen-silicone-jaune-silikomart\/#primaryimage\"},\"image\":{\"@id\":\"https:\/\/chefpastry.ch\/produit\/pinceau-moyen-silicone-jaune-silikomart\/#primaryimage\"},\"thumbnailUrl\":\"https:\/\/chefpastry.ch\/wp-content\/uploads\/2022\/06\/image-936.jpg\",\"datePublished\":\"2022-06-02T21:13:47+00:00\",\"dateModified\":\"2024-10-22T08:16:57+00:00\",\"description\":\"Pinceau moyen silicone 21 cm utilis\u00e9 en p\u00e2tisserie ou en r\u00f4tisserie. Id\u00e9al pour badigeonner les sauces, les beurres, les marinades sur les viandes chaudes.\",\"breadcrumb\":{\"@id\":\"https:\/\/chefpastry.ch\/produit\/pinceau-moyen-silicone-jaune-silikomart\/#breadcrumb\"},\"inLanguage\":\"de\",\"potentialAction\":[{\"@type\":\"ReadAction\",\"target\":[\"https:\/\/chefpastry.ch\/produit\/pinceau-moyen-silicone-jaune-silikomart\/\"]}]},{\"@type\":\"ImageObject\",\"inLanguage\":\"de\",\"@id\":\"https:\/\/chefpastry.ch\/produit\/pinceau-moyen-silicone-jaune-silikomart\/#primaryimage\",\"url\":\"https:\/\/chefpastry.ch\/wp-content\/uploads\/2022\/06\/image-936.jpg\",\"contentUrl\":\"https:\/\/chefpastry.ch\/wp-content\/uploads\/2022\/06\/image-936.jpg\",\"width\":600,\"height\":400,\"caption\":\"Pinceau moyen silicone 21 cm\"},{\"@type\":\"BreadcrumbList\",\"@id\":\"https:\/\/chefpastry.ch\/produit\/pinceau-moyen-silicone-jaune-silikomart\/#breadcrumb\",\"itemListElement\":[{\"@type\":\"ListItem\",\"position\":1,\"name\":\"Home\",\"item\":\"https:\/\/chefpastry.ch\/\"},{\"@type\":\"ListItem\",\"position\":2,\"name\":\"E-shop\",\"item\":\"https:\/\/chefpastry.ch\/e-shop\/\"},{\"@type\":\"ListItem\",\"position\":3,\"name\":\"PINCEAU MEDIUM JAUNE\"}]},{\"@type\":\"WebSite\",\"@id\":\"https:\/\/chefpastry.ch\/#website\",\"url\":\"https:\/\/chefpastry.ch\/\",\"name\":\"Chef Pastry\",\"description\":\"\",\"publisher\":{\"@id\":\"https:\/\/chefpastry.ch\/#organization\"},\"potentialAction\":[{\"@type\":\"SearchAction\",\"target\":{\"@type\":\"EntryPoint\",\"urlTemplate\":\"https:\/\/chefpastry.ch\/?s={search_term_string}\"},\"query-input\":{\"@type\":\"PropertyValueSpecification\",\"valueRequired\":true,\"valueName\":\"search_term_string\"}}],\"inLanguage\":\"de\"},{\"@type\":\"Organization\",\"@id\":\"https:\/\/chefpastry.ch\/#organization\",\"name\":\"Chef Pastry\",\"url\":\"https:\/\/chefpastry.ch\/\",\"logo\":{\"@type\":\"ImageObject\",\"inLanguage\":\"de\",\"@id\":\"https:\/\/chefpastry.ch\/#\/schema\/logo\/image\/\",\"url\":\"https:\/\/chefpastry.ch\/wp-content\/uploads\/2022\/07\/cropped-chef_pastry_logo_rgb-03.png\",\"contentUrl\":\"https:\/\/chefpastry.ch\/wp-content\/uploads\/2022\/07\/cropped-chef_pastry_logo_rgb-03.png\",\"width\":1545,\"height\":412,\"caption\":\"Chef Pastry\"},\"image\":{\"@id\":\"https:\/\/chefpastry.ch\/#\/schema\/logo\/image\/\"}}]}<\/script>\n<meta property=\"product:price:amount\" content=\"6.00\" \/>\n<meta property=\"product:price:currency\" content=\"CHF\" \/>\n<meta property=\"og:availability\" content=\"instock\" \/>\n<meta property=\"product:availability\" content=\"instock\" \/>\n<meta property=\"product:retailer_item_id\" content=\"70.049.60.0001\" \/>\n<meta property=\"product:condition\" content=\"new\" \/>\n<!-- \/ Yoast SEO plugin. -->","yoast_head_json":{"title":"PINCEAU MEDIUM JAUNE - Chef Pastry","description":"Pinceau moyen silicone 21 cm utilis\u00e9 en p\u00e2tisserie ou en r\u00f4tisserie. Id\u00e9al pour badigeonner les sauces, les beurres, les marinades sur les viandes chaudes.","robots":{"index":"index","follow":"follow","max-snippet":"max-snippet:-1","max-image-preview":"max-image-preview:large","max-video-preview":"max-video-preview:-1"},"canonical":"https:\/\/chefpastry.ch\/de\/produkt\/pinceau-moyen-silicone-jaune-silikomart\/","og_locale":"de_DE","og_type":"article","og_title":"PINCEAU MEDIUM JAUNE - Chef Pastry","og_description":"Pinceau moyen silicone 21 cm utilis\u00e9 en p\u00e2tisserie ou en r\u00f4tisserie. Id\u00e9al pour badigeonner les sauces, les beurres, les marinades sur les viandes chaudes.","og_url":"https:\/\/chefpastry.ch\/de\/produkt\/pinceau-moyen-silicone-jaune-silikomart\/","og_site_name":"Chef Pastry","article_modified_time":"2024-10-22T08:16:57+00:00","og_image":[{"width":600,"height":400,"url":"https:\/\/chefpastry.ch\/wp-content\/uploads\/2022\/06\/image-936.jpg","type":"image\/jpeg"}],"twitter_card":"summary_large_image","twitter_misc":{"Preis":"&#67;&#72;&#70;&nbsp;6.00 TTC","Verf\u00fcgbarkeit":"Auf Lager"},"schema":{"@context":"https:\/\/schema.org","@graph":[{"@type":"WebPage","@id":"https:\/\/chefpastry.ch\/produit\/pinceau-moyen-silicone-jaune-silikomart\/","url":"https:\/\/chefpastry.ch\/produit\/pinceau-moyen-silicone-jaune-silikomart\/","name":"PINCEAU MEDIUM JAUNE - Chef Pastry","isPartOf":{"@id":"https:\/\/chefpastry.ch\/#website"},"primaryImageOfPage":{"@id":"https:\/\/chefpastry.ch\/produit\/pinceau-moyen-silicone-jaune-silikomart\/#primaryimage"},"image":{"@id":"https:\/\/chefpastry.ch\/produit\/pinceau-moyen-silicone-jaune-silikomart\/#primaryimage"},"thumbnailUrl":"https:\/\/chefpastry.ch\/wp-content\/uploads\/2022\/06\/image-936.jpg","datePublished":"2022-06-02T21:13:47+00:00","dateModified":"2024-10-22T08:16:57+00:00","description":"Pinceau moyen silicone 21 cm utilis\u00e9 en p\u00e2tisserie ou en r\u00f4tisserie. Id\u00e9al pour badigeonner les sauces, les beurres, les marinades sur les viandes chaudes.","breadcrumb":{"@id":"https:\/\/chefpastry.ch\/produit\/pinceau-moyen-silicone-jaune-silikomart\/#breadcrumb"},"inLanguage":"de","potentialAction":[{"@type":"ReadAction","target":["https:\/\/chefpastry.ch\/produit\/pinceau-moyen-silicone-jaune-silikomart\/"]}]},{"@type":"ImageObject","inLanguage":"de","@id":"https:\/\/chefpastry.ch\/produit\/pinceau-moyen-silicone-jaune-silikomart\/#primaryimage","url":"https:\/\/chefpastry.ch\/wp-content\/uploads\/2022\/06\/image-936.jpg","contentUrl":"https:\/\/chefpastry.ch\/wp-content\/uploads\/2022\/06\/image-936.jpg","width":600,"height":400,"caption":"Pinceau moyen silicone 21 cm"},{"@type":"BreadcrumbList","@id":"https:\/\/chefpastry.ch\/produit\/pinceau-moyen-silicone-jaune-silikomart\/#breadcrumb","itemListElement":[{"@type":"ListItem","position":1,"name":"Home","item":"https:\/\/chefpastry.ch\/"},{"@type":"ListItem","position":2,"name":"E-shop","item":"https:\/\/chefpastry.ch\/e-shop\/"},{"@type":"ListItem","position":3,"name":"PINCEAU MEDIUM JAUNE"}]},{"@type":"WebSite","@id":"https:\/\/chefpastry.ch\/#website","url":"https:\/\/chefpastry.ch\/","name":"Chef Pastry","description":"","publisher":{"@id":"https:\/\/chefpastry.ch\/#organization"},"potentialAction":[{"@type":"SearchAction","target":{"@type":"EntryPoint","urlTemplate":"https:\/\/chefpastry.ch\/?s={search_term_string}"},"query-input":{"@type":"PropertyValueSpecification","valueRequired":true,"valueName":"search_term_string"}}],"inLanguage":"de"},{"@type":"Organization","@id":"https:\/\/chefpastry.ch\/#organization","name":"Chef Pastry","url":"https:\/\/chefpastry.ch\/","logo":{"@type":"ImageObject","inLanguage":"de","@id":"https:\/\/chefpastry.ch\/#\/schema\/logo\/image\/","url":"https:\/\/chefpastry.ch\/wp-content\/uploads\/2022\/07\/cropped-chef_pastry_logo_rgb-03.png","contentUrl":"https:\/\/chefpastry.ch\/wp-content\/uploads\/2022\/07\/cropped-chef_pastry_logo_rgb-03.png","width":1545,"height":412,"caption":"Chef Pastry"},"image":{"@id":"https:\/\/chefpastry.ch\/#\/schema\/logo\/image\/"}}]},"product_price_amount":"6.00","product_price_currency":"CHF","og_availability":"instock","product_availability":"instock","product_retailer_item_id":"70.049.60.0001","product_condition":"new"},"_links":{"self":[{"href":"https:\/\/chefpastry.ch\/de\/wp-json\/wp\/v2\/product\/5156","targetHints":{"allow":["GET"]}}],"collection":[{"href":"https:\/\/chefpastry.ch\/de\/wp-json\/wp\/v2\/product"}],"about":[{"href":"https:\/\/chefpastry.ch\/de\/wp-json\/wp\/v2\/types\/product"}],"replies":[{"embeddable":true,"href":"https:\/\/chefpastry.ch\/de\/wp-json\/wp\/v2\/comments?post=5156"}],"version-history":[{"count":0,"href":"https:\/\/chefpastry.ch\/de\/wp-json\/wp\/v2\/product\/5156\/revisions"}],"wp:featuredmedia":[{"embeddable":true,"href":"https:\/\/chefpastry.ch\/de\/wp-json\/wp\/v2\/media\/5158"}],"wp:attachment":[{"href":"https:\/\/chefpastry.ch\/de\/wp-json\/wp\/v2\/media?parent=5156"}],"wp:term":[{"taxonomy":"product_brand","embeddable":true,"href":"https:\/\/chefpastry.ch\/de\/wp-json\/wp\/v2\/product_brand?post=5156"},{"taxonomy":"product_cat","embeddable":true,"href":"https:\/\/chefpastry.ch\/de\/wp-json\/wp\/v2\/product_cat?post=5156"},{"taxonomy":"product_tag","embeddable":true,"href":"https:\/\/chefpastry.ch\/de\/wp-json\/wp\/v2\/product_tag?post=5156"}],"curies":[{"name":"wp","href":"https:\/\/api.w.org\/{rel}","templated":true}]}}