{"id":5128,"date":"2022-06-02T23:13:35","date_gmt":"2022-06-02T21:13:35","guid":{"rendered":"https:\/\/chefpastry-aventure-gourmande.geekworkers.dev\/produit\/tex01-wood\/"},"modified":"2024-11-13T11:44:01","modified_gmt":"2024-11-13T10:44:01","slug":"tapis-silicone-silikomart-tex01-wood","status":"publish","type":"product","link":"https:\/\/chefpastry.ch\/de\/produkt\/tapis-silicone-silikomart-tex01-wood\/","title":{"rendered":"TEX01 WOOD"},"content":{"rendered":"<p>Die Matte Wood ist schwarz und passt perfekt in die Holzscheitform: Legen Sie die Matte in die Form und Sie k\u00f6nnen ein echtes Holzscheit f\u00fcr die Zubereitung im Ofen oder kalt zubereiten. Die Matte Wood hat in der Textur einen Pfeil, der es erm\u00f6glicht, mehrere Matten ineinander zu schieben, um l\u00e4ngere Raster zu erhalten und gr\u00f6\u00dfere Holzscheite zu machen.<\/p>\n<p>Dimension:<\/p>\n<div class=\"dimension-container\">\n<div class=\"dimension-item\">\n<ul>\n<li class=\"dimension-content\">Matte 250mm x 185mm x h6mm<\/li>\n<\/ul>\n<\/div>\n<\/div>","protected":false},"excerpt":{"rendered":"<p>Matte mit Holzstruktur f\u00fcr Holzscheite. Die Wood-Matte ist schwarz und passt perfekt in die Holzscheitform. Die Wood-Matte hat in der Struktur einen Pfeil, der es erm\u00f6glicht, mehrere Matten ineinander zu stecken.<\/p>","protected":false},"featured_media":5130,"comment_status":"closed","ping_status":"closed","template":"","meta":{"_jet_sm_ready_style":"","_jet_sm_style":"","_jet_sm_controls_values":"","_jet_sm_fonts_collection":"","_jet_sm_fonts_links":"","_joinchat":[]},"product_brand":[],"product_cat":[52],"product_tag":[],"class_list":{"0":"post-5128","1":"product","2":"type-product","3":"status-publish","4":"has-post-thumbnail","6":"product_cat-noel","8":"first","9":"instock","10":"taxable","11":"shipping-taxable","12":"purchasable","13":"product-type-simple"},"yoast_head":"<!-- This site is optimized with the Yoast SEO plugin v27.0 - https:\/\/yoast.com\/product\/yoast-seo-wordpress\/ -->\n<title>TEX01 WOOD - Chef Pastry<\/title>\n<meta name=\"description\" content=\"TEX01 Wood est un tapis texture bois qui s\u2019adapte parfaitement au moule \u00e0 b\u00fbche pour apporter encore plus de reliefs \u00e0 votre b\u00fbche de No\u00ebl.\" \/>\n<meta name=\"robots\" content=\"index, follow, max-snippet:-1, max-image-preview:large, max-video-preview:-1\" \/>\n<link rel=\"canonical\" href=\"https:\/\/chefpastry.ch\/de\/produkt\/tapis-silicone-silikomart-tex01-wood\/\" \/>\n<meta property=\"og:locale\" content=\"de_DE\" \/>\n<meta property=\"og:type\" content=\"article\" \/>\n<meta property=\"og:title\" content=\"TEX01 WOOD - Chef Pastry\" \/>\n<meta property=\"og:description\" content=\"TEX01 Wood est un tapis texture bois qui s\u2019adapte parfaitement au moule \u00e0 b\u00fbche pour apporter encore plus de reliefs \u00e0 votre b\u00fbche de No\u00ebl.\" \/>\n<meta property=\"og:url\" content=\"https:\/\/chefpastry.ch\/de\/produkt\/tapis-silicone-silikomart-tex01-wood\/\" \/>\n<meta property=\"og:site_name\" content=\"Chef Pastry\" \/>\n<meta property=\"article:modified_time\" content=\"2024-11-13T10:44:01+00:00\" \/>\n<meta property=\"og:image\" content=\"https:\/\/chefpastry.ch\/wp-content\/uploads\/2022\/06\/image-918.jpg\" \/>\n\t<meta property=\"og:image:width\" content=\"600\" \/>\n\t<meta property=\"og:image:height\" content=\"399\" \/>\n\t<meta property=\"og:image:type\" content=\"image\/jpeg\" \/>\n<meta name=\"twitter:card\" content=\"summary_large_image\" \/>\n<meta name=\"twitter:label1\" content=\"Preis\" \/>\n\t<meta name=\"twitter:data1\" content=\"&#067;&#072;&#070;&nbsp;16.00 TTC\" \/>\n\t<meta name=\"twitter:label2\" content=\"Verf\u00fcgbarkeit\" \/>\n\t<meta name=\"twitter:data2\" content=\"Auf Lager\" \/>\n<script type=\"application\/ld+json\" class=\"yoast-schema-graph\">{\"@context\":\"https:\/\/schema.org\",\"@graph\":[{\"@type\":\"WebPage\",\"@id\":\"https:\/\/chefpastry.ch\/produit\/tapis-silicone-silikomart-tex01-wood\/\",\"url\":\"https:\/\/chefpastry.ch\/produit\/tapis-silicone-silikomart-tex01-wood\/\",\"name\":\"TEX01 WOOD - Chef Pastry\",\"isPartOf\":{\"@id\":\"https:\/\/chefpastry.ch\/#website\"},\"primaryImageOfPage\":{\"@id\":\"https:\/\/chefpastry.ch\/produit\/tapis-silicone-silikomart-tex01-wood\/#primaryimage\"},\"image\":{\"@id\":\"https:\/\/chefpastry.ch\/produit\/tapis-silicone-silikomart-tex01-wood\/#primaryimage\"},\"thumbnailUrl\":\"https:\/\/chefpastry.ch\/wp-content\/uploads\/2022\/06\/image-918.jpg\",\"datePublished\":\"2022-06-02T21:13:35+00:00\",\"dateModified\":\"2024-11-13T10:44:01+00:00\",\"description\":\"TEX01 Wood est un tapis texture bois qui s\u2019adapte parfaitement au moule \u00e0 b\u00fbche pour apporter encore plus de reliefs \u00e0 votre b\u00fbche de No\u00ebl.\",\"breadcrumb\":{\"@id\":\"https:\/\/chefpastry.ch\/produit\/tapis-silicone-silikomart-tex01-wood\/#breadcrumb\"},\"inLanguage\":\"de\",\"potentialAction\":[{\"@type\":\"ReadAction\",\"target\":[\"https:\/\/chefpastry.ch\/produit\/tapis-silicone-silikomart-tex01-wood\/\"]}]},{\"@type\":\"ImageObject\",\"inLanguage\":\"de\",\"@id\":\"https:\/\/chefpastry.ch\/produit\/tapis-silicone-silikomart-tex01-wood\/#primaryimage\",\"url\":\"https:\/\/chefpastry.ch\/wp-content\/uploads\/2022\/06\/image-918.jpg\",\"contentUrl\":\"https:\/\/chefpastry.ch\/wp-content\/uploads\/2022\/06\/image-918.jpg\",\"width\":600,\"height\":399,\"caption\":\"TEX01 WOOD Tapis\"},{\"@type\":\"BreadcrumbList\",\"@id\":\"https:\/\/chefpastry.ch\/produit\/tapis-silicone-silikomart-tex01-wood\/#breadcrumb\",\"itemListElement\":[{\"@type\":\"ListItem\",\"position\":1,\"name\":\"Home\",\"item\":\"https:\/\/chefpastry.ch\/\"},{\"@type\":\"ListItem\",\"position\":2,\"name\":\"E-shop\",\"item\":\"https:\/\/chefpastry.ch\/e-shop\/\"},{\"@type\":\"ListItem\",\"position\":3,\"name\":\"TEX01 WOOD\"}]},{\"@type\":\"WebSite\",\"@id\":\"https:\/\/chefpastry.ch\/#website\",\"url\":\"https:\/\/chefpastry.ch\/\",\"name\":\"Chef Pastry\",\"description\":\"\",\"publisher\":{\"@id\":\"https:\/\/chefpastry.ch\/#organization\"},\"potentialAction\":[{\"@type\":\"SearchAction\",\"target\":{\"@type\":\"EntryPoint\",\"urlTemplate\":\"https:\/\/chefpastry.ch\/?s={search_term_string}\"},\"query-input\":{\"@type\":\"PropertyValueSpecification\",\"valueRequired\":true,\"valueName\":\"search_term_string\"}}],\"inLanguage\":\"de\"},{\"@type\":\"Organization\",\"@id\":\"https:\/\/chefpastry.ch\/#organization\",\"name\":\"Chef Pastry\",\"url\":\"https:\/\/chefpastry.ch\/\",\"logo\":{\"@type\":\"ImageObject\",\"inLanguage\":\"de\",\"@id\":\"https:\/\/chefpastry.ch\/#\/schema\/logo\/image\/\",\"url\":\"https:\/\/chefpastry.ch\/wp-content\/uploads\/2022\/07\/cropped-chef_pastry_logo_rgb-03.png\",\"contentUrl\":\"https:\/\/chefpastry.ch\/wp-content\/uploads\/2022\/07\/cropped-chef_pastry_logo_rgb-03.png\",\"width\":1545,\"height\":412,\"caption\":\"Chef Pastry\"},\"image\":{\"@id\":\"https:\/\/chefpastry.ch\/#\/schema\/logo\/image\/\"}}]}<\/script>\n<meta property=\"product:price:amount\" content=\"16.00\" \/>\n<meta property=\"product:price:currency\" content=\"CHF\" \/>\n<meta property=\"og:availability\" content=\"instock\" \/>\n<meta property=\"product:availability\" content=\"instock\" \/>\n<meta property=\"product:retailer_item_id\" content=\"33.051.20.0065\" \/>\n<meta property=\"product:condition\" content=\"new\" \/>\n<!-- \/ Yoast SEO plugin. -->","yoast_head_json":{"title":"TEX01 WOOD - Chef Pastry","description":"TEX01 Wood est un tapis texture bois qui s\u2019adapte parfaitement au moule \u00e0 b\u00fbche pour apporter encore plus de reliefs \u00e0 votre b\u00fbche de No\u00ebl.","robots":{"index":"index","follow":"follow","max-snippet":"max-snippet:-1","max-image-preview":"max-image-preview:large","max-video-preview":"max-video-preview:-1"},"canonical":"https:\/\/chefpastry.ch\/de\/produkt\/tapis-silicone-silikomart-tex01-wood\/","og_locale":"de_DE","og_type":"article","og_title":"TEX01 WOOD - Chef Pastry","og_description":"TEX01 Wood est un tapis texture bois qui s\u2019adapte parfaitement au moule \u00e0 b\u00fbche pour apporter encore plus de reliefs \u00e0 votre b\u00fbche de No\u00ebl.","og_url":"https:\/\/chefpastry.ch\/de\/produkt\/tapis-silicone-silikomart-tex01-wood\/","og_site_name":"Chef Pastry","article_modified_time":"2024-11-13T10:44:01+00:00","og_image":[{"width":600,"height":399,"url":"https:\/\/chefpastry.ch\/wp-content\/uploads\/2022\/06\/image-918.jpg","type":"image\/jpeg"}],"twitter_card":"summary_large_image","twitter_misc":{"Preis":"&#67;&#72;&#70;&nbsp;16.00 TTC","Verf\u00fcgbarkeit":"Auf Lager"},"schema":{"@context":"https:\/\/schema.org","@graph":[{"@type":"WebPage","@id":"https:\/\/chefpastry.ch\/produit\/tapis-silicone-silikomart-tex01-wood\/","url":"https:\/\/chefpastry.ch\/produit\/tapis-silicone-silikomart-tex01-wood\/","name":"TEX01 WOOD - Chef Pastry","isPartOf":{"@id":"https:\/\/chefpastry.ch\/#website"},"primaryImageOfPage":{"@id":"https:\/\/chefpastry.ch\/produit\/tapis-silicone-silikomart-tex01-wood\/#primaryimage"},"image":{"@id":"https:\/\/chefpastry.ch\/produit\/tapis-silicone-silikomart-tex01-wood\/#primaryimage"},"thumbnailUrl":"https:\/\/chefpastry.ch\/wp-content\/uploads\/2022\/06\/image-918.jpg","datePublished":"2022-06-02T21:13:35+00:00","dateModified":"2024-11-13T10:44:01+00:00","description":"TEX01 Wood est un tapis texture bois qui s\u2019adapte parfaitement au moule \u00e0 b\u00fbche pour apporter encore plus de reliefs \u00e0 votre b\u00fbche de No\u00ebl.","breadcrumb":{"@id":"https:\/\/chefpastry.ch\/produit\/tapis-silicone-silikomart-tex01-wood\/#breadcrumb"},"inLanguage":"de","potentialAction":[{"@type":"ReadAction","target":["https:\/\/chefpastry.ch\/produit\/tapis-silicone-silikomart-tex01-wood\/"]}]},{"@type":"ImageObject","inLanguage":"de","@id":"https:\/\/chefpastry.ch\/produit\/tapis-silicone-silikomart-tex01-wood\/#primaryimage","url":"https:\/\/chefpastry.ch\/wp-content\/uploads\/2022\/06\/image-918.jpg","contentUrl":"https:\/\/chefpastry.ch\/wp-content\/uploads\/2022\/06\/image-918.jpg","width":600,"height":399,"caption":"TEX01 WOOD Tapis"},{"@type":"BreadcrumbList","@id":"https:\/\/chefpastry.ch\/produit\/tapis-silicone-silikomart-tex01-wood\/#breadcrumb","itemListElement":[{"@type":"ListItem","position":1,"name":"Home","item":"https:\/\/chefpastry.ch\/"},{"@type":"ListItem","position":2,"name":"E-shop","item":"https:\/\/chefpastry.ch\/e-shop\/"},{"@type":"ListItem","position":3,"name":"TEX01 WOOD"}]},{"@type":"WebSite","@id":"https:\/\/chefpastry.ch\/#website","url":"https:\/\/chefpastry.ch\/","name":"Chef Pastry","description":"","publisher":{"@id":"https:\/\/chefpastry.ch\/#organization"},"potentialAction":[{"@type":"SearchAction","target":{"@type":"EntryPoint","urlTemplate":"https:\/\/chefpastry.ch\/?s={search_term_string}"},"query-input":{"@type":"PropertyValueSpecification","valueRequired":true,"valueName":"search_term_string"}}],"inLanguage":"de"},{"@type":"Organization","@id":"https:\/\/chefpastry.ch\/#organization","name":"Chef Pastry","url":"https:\/\/chefpastry.ch\/","logo":{"@type":"ImageObject","inLanguage":"de","@id":"https:\/\/chefpastry.ch\/#\/schema\/logo\/image\/","url":"https:\/\/chefpastry.ch\/wp-content\/uploads\/2022\/07\/cropped-chef_pastry_logo_rgb-03.png","contentUrl":"https:\/\/chefpastry.ch\/wp-content\/uploads\/2022\/07\/cropped-chef_pastry_logo_rgb-03.png","width":1545,"height":412,"caption":"Chef Pastry"},"image":{"@id":"https:\/\/chefpastry.ch\/#\/schema\/logo\/image\/"}}]},"product_price_amount":"16.00","product_price_currency":"CHF","og_availability":"instock","product_availability":"instock","product_retailer_item_id":"33.051.20.0065","product_condition":"new"},"_links":{"self":[{"href":"https:\/\/chefpastry.ch\/de\/wp-json\/wp\/v2\/product\/5128","targetHints":{"allow":["GET"]}}],"collection":[{"href":"https:\/\/chefpastry.ch\/de\/wp-json\/wp\/v2\/product"}],"about":[{"href":"https:\/\/chefpastry.ch\/de\/wp-json\/wp\/v2\/types\/product"}],"replies":[{"embeddable":true,"href":"https:\/\/chefpastry.ch\/de\/wp-json\/wp\/v2\/comments?post=5128"}],"version-history":[{"count":0,"href":"https:\/\/chefpastry.ch\/de\/wp-json\/wp\/v2\/product\/5128\/revisions"}],"wp:featuredmedia":[{"embeddable":true,"href":"https:\/\/chefpastry.ch\/de\/wp-json\/wp\/v2\/media\/5130"}],"wp:attachment":[{"href":"https:\/\/chefpastry.ch\/de\/wp-json\/wp\/v2\/media?parent=5128"}],"wp:term":[{"taxonomy":"product_brand","embeddable":true,"href":"https:\/\/chefpastry.ch\/de\/wp-json\/wp\/v2\/product_brand?post=5128"},{"taxonomy":"product_cat","embeddable":true,"href":"https:\/\/chefpastry.ch\/de\/wp-json\/wp\/v2\/product_cat?post=5128"},{"taxonomy":"product_tag","embeddable":true,"href":"https:\/\/chefpastry.ch\/de\/wp-json\/wp\/v2\/product_tag?post=5128"}],"curies":[{"name":"wp","href":"https:\/\/api.w.org\/{rel}","templated":true}]}}