{"id":5075,"date":"2022-06-02T23:12:55","date_gmt":"2022-06-02T21:12:55","guid":{"rendered":"https:\/\/chefpastry-aventure-gourmande.geekworkers.dev\/produit\/kit-tarte-ring-palet\/"},"modified":"2023-12-31T17:04:22","modified_gmt":"2023-12-31T16:04:22","slug":"kit-tarte-ring-palet","status":"publish","type":"product","link":"https:\/\/chefpastry.ch\/de\/produkt\/kit-tarte-ring-palet\/","title":{"rendered":"KIT TARTE RING PALET"},"content":{"rendered":"<p>Die <strong>Kit Tarte Ring Palet<\/strong> Silikomart, est inspir\u00e9 par les desserts exclusifs \u00ab\u00a0Tarte au Chocolat Grand Cru\u00a0\u00bb et \u00ab\u00a0Tarte Citron Vert &amp; Shiso Frais\u00a0\u00bb sign\u00e9s <strong>Yann Couvreur<\/strong>Mit dieser kostbaren Torte werden Sie die Feinschmecker mit ihrer Eleganz und Harmonie \u00fcberraschen.<\/p>\n<p>Das Set Tarte Ring Palet Silikomart, besteht aus zwei Elementen: acht Tortenringe mit \u00d870 mm aus thermoplastischem, formstabilem Verbundmaterial, die f\u00fcr das Backen im Ofen geeignet sind, um Tortenb\u00f6den herzustellen, und eine Silikonform mit \u00d864 mm, mit der Sie Mousses oder Cremiges herstellen k\u00f6nnen.<\/p>\n<p>Die Ringe sind antihaftbeschichtet, rostfrei, erm\u00f6glichen ein gleichm\u00e4\u00dfiges Garen und besitzen eine hohe Temperaturstabilit\u00e4t.<\/p>\n<ul>\n<li>Gr\u00f6\u00dfe Kreis: \u00d8 70 mm h 20 mm<\/li>\n<li>Gr\u00f6\u00dfe der Form: \u00d8 68 mm h 18 mm<\/li>\n<li>Volumen der Miesmuschel: 47 ml x 8<\/li>\n<\/ul>","protected":false},"excerpt":{"rendered":"<p>Le kit est compos\u00e9 de deux \u00e9l\u00e9ments : huit cercles \u00e0 tarte de \u00d870 mm en mati\u00e8re composite thermoplastique ind\u00e9formable adapt\u00e9s \u00e0 la cuisson au four pour la r\u00e9alisation des fonds de tarte, et un moule en silicone de \u00d864 mm, permettant de r\u00e9aliser des mousses ou des cr\u00e9meux.<\/p>","protected":false},"featured_media":5077,"comment_status":"closed","ping_status":"closed","template":"","meta":{"_jet_sm_ready_style":"","_jet_sm_style":"","_jet_sm_controls_values":"","_jet_sm_fonts_collection":"","_jet_sm_fonts_links":"","_joinchat":[]},"product_brand":[],"product_cat":[79],"product_tag":[],"class_list":{"0":"post-5075","1":"product","2":"type-product","3":"status-publish","4":"has-post-thumbnail","6":"product_cat-tarte","8":"first","9":"instock","10":"taxable","11":"shipping-taxable","12":"purchasable","13":"product-type-simple"},"yoast_head":"<!-- This site is optimized with the Yoast SEO plugin v27.0 - https:\/\/yoast.com\/product\/yoast-seo-wordpress\/ -->\n<title>KIT TARTE RING PALET - Chef Pastry<\/title>\n<meta name=\"description\" content=\"Le kit tarte ring palet Silikomart est compos\u00e9 de deux \u00e9l\u00e9ments: huit cercles \u00e0 tarte de \u00d870 mm ind\u00e9formable, et un moule en silicone de \u00d864 mm...\" \/>\n<meta name=\"robots\" content=\"index, follow, max-snippet:-1, max-image-preview:large, max-video-preview:-1\" \/>\n<link rel=\"canonical\" href=\"https:\/\/chefpastry.ch\/de\/produkt\/kit-tarte-ring-palet\/\" \/>\n<meta property=\"og:locale\" content=\"de_DE\" \/>\n<meta property=\"og:type\" content=\"article\" \/>\n<meta property=\"og:title\" content=\"KIT TARTE RING PALET - Chef Pastry\" \/>\n<meta property=\"og:description\" content=\"Le kit tarte ring palet Silikomart est compos\u00e9 de deux \u00e9l\u00e9ments: huit cercles \u00e0 tarte de \u00d870 mm ind\u00e9formable, et un moule en silicone de \u00d864 mm...\" \/>\n<meta property=\"og:url\" content=\"https:\/\/chefpastry.ch\/de\/produkt\/kit-tarte-ring-palet\/\" \/>\n<meta property=\"og:site_name\" content=\"Chef Pastry\" \/>\n<meta property=\"article:modified_time\" content=\"2023-12-31T16:04:22+00:00\" \/>\n<meta property=\"og:image\" content=\"https:\/\/chefpastry.ch\/wp-content\/uploads\/2022\/06\/image-881.jpg\" \/>\n\t<meta property=\"og:image:width\" content=\"600\" \/>\n\t<meta property=\"og:image:height\" content=\"400\" \/>\n\t<meta property=\"og:image:type\" content=\"image\/jpeg\" \/>\n<meta name=\"twitter:card\" content=\"summary_large_image\" \/>\n<meta name=\"twitter:label1\" content=\"Preis\" \/>\n\t<meta name=\"twitter:data1\" content=\"&#067;&#072;&#070;&nbsp;44.00 TTC\" \/>\n\t<meta name=\"twitter:label2\" content=\"Verf\u00fcgbarkeit\" \/>\n\t<meta name=\"twitter:data2\" content=\"Auf Lager\" \/>\n<script type=\"application\/ld+json\" class=\"yoast-schema-graph\">{\"@context\":\"https:\/\/schema.org\",\"@graph\":[{\"@type\":\"WebPage\",\"@id\":\"https:\/\/chefpastry.ch\/produit\/kit-tarte-ring-palet\/\",\"url\":\"https:\/\/chefpastry.ch\/produit\/kit-tarte-ring-palet\/\",\"name\":\"KIT TARTE RING PALET - Chef Pastry\",\"isPartOf\":{\"@id\":\"https:\/\/chefpastry.ch\/#website\"},\"primaryImageOfPage\":{\"@id\":\"https:\/\/chefpastry.ch\/produit\/kit-tarte-ring-palet\/#primaryimage\"},\"image\":{\"@id\":\"https:\/\/chefpastry.ch\/produit\/kit-tarte-ring-palet\/#primaryimage\"},\"thumbnailUrl\":\"https:\/\/chefpastry.ch\/wp-content\/uploads\/2022\/06\/image-881.jpg\",\"datePublished\":\"2022-06-02T21:12:55+00:00\",\"dateModified\":\"2023-12-31T16:04:22+00:00\",\"description\":\"Le kit tarte ring palet Silikomart est compos\u00e9 de deux \u00e9l\u00e9ments: huit cercles \u00e0 tarte de \u00d870 mm ind\u00e9formable, et un moule en silicone de \u00d864 mm...\",\"breadcrumb\":{\"@id\":\"https:\/\/chefpastry.ch\/produit\/kit-tarte-ring-palet\/#breadcrumb\"},\"inLanguage\":\"de\",\"potentialAction\":[{\"@type\":\"ReadAction\",\"target\":[\"https:\/\/chefpastry.ch\/produit\/kit-tarte-ring-palet\/\"]}]},{\"@type\":\"ImageObject\",\"inLanguage\":\"de\",\"@id\":\"https:\/\/chefpastry.ch\/produit\/kit-tarte-ring-palet\/#primaryimage\",\"url\":\"https:\/\/chefpastry.ch\/wp-content\/uploads\/2022\/06\/image-881.jpg\",\"contentUrl\":\"https:\/\/chefpastry.ch\/wp-content\/uploads\/2022\/06\/image-881.jpg\",\"width\":600,\"height\":400,\"caption\":\"Kit Tarte Ring Palet\"},{\"@type\":\"BreadcrumbList\",\"@id\":\"https:\/\/chefpastry.ch\/produit\/kit-tarte-ring-palet\/#breadcrumb\",\"itemListElement\":[{\"@type\":\"ListItem\",\"position\":1,\"name\":\"Home\",\"item\":\"https:\/\/chefpastry.ch\/\"},{\"@type\":\"ListItem\",\"position\":2,\"name\":\"E-shop\",\"item\":\"https:\/\/chefpastry.ch\/e-shop\/\"},{\"@type\":\"ListItem\",\"position\":3,\"name\":\"KIT TARTE RING PALET\"}]},{\"@type\":\"WebSite\",\"@id\":\"https:\/\/chefpastry.ch\/#website\",\"url\":\"https:\/\/chefpastry.ch\/\",\"name\":\"Chef Pastry\",\"description\":\"\",\"publisher\":{\"@id\":\"https:\/\/chefpastry.ch\/#organization\"},\"potentialAction\":[{\"@type\":\"SearchAction\",\"target\":{\"@type\":\"EntryPoint\",\"urlTemplate\":\"https:\/\/chefpastry.ch\/?s={search_term_string}\"},\"query-input\":{\"@type\":\"PropertyValueSpecification\",\"valueRequired\":true,\"valueName\":\"search_term_string\"}}],\"inLanguage\":\"de\"},{\"@type\":\"Organization\",\"@id\":\"https:\/\/chefpastry.ch\/#organization\",\"name\":\"Chef Pastry\",\"url\":\"https:\/\/chefpastry.ch\/\",\"logo\":{\"@type\":\"ImageObject\",\"inLanguage\":\"de\",\"@id\":\"https:\/\/chefpastry.ch\/#\/schema\/logo\/image\/\",\"url\":\"https:\/\/chefpastry.ch\/wp-content\/uploads\/2022\/07\/cropped-chef_pastry_logo_rgb-03.png\",\"contentUrl\":\"https:\/\/chefpastry.ch\/wp-content\/uploads\/2022\/07\/cropped-chef_pastry_logo_rgb-03.png\",\"width\":1545,\"height\":412,\"caption\":\"Chef Pastry\"},\"image\":{\"@id\":\"https:\/\/chefpastry.ch\/#\/schema\/logo\/image\/\"}}]}<\/script>\n<meta property=\"product:price:amount\" content=\"44.00\" \/>\n<meta property=\"product:price:currency\" content=\"CHF\" \/>\n<meta property=\"og:availability\" content=\"instock\" \/>\n<meta property=\"product:availability\" content=\"instock\" \/>\n<meta property=\"product:retailer_item_id\" content=\"25.307.87.0065\" \/>\n<meta property=\"product:condition\" content=\"new\" \/>\n<!-- \/ Yoast SEO plugin. -->","yoast_head_json":{"title":"KIT TARTE RING PALET - Chef Pastry","description":"Le kit tarte ring palet Silikomart est compos\u00e9 de deux \u00e9l\u00e9ments: huit cercles \u00e0 tarte de \u00d870 mm ind\u00e9formable, et un moule en silicone de \u00d864 mm...","robots":{"index":"index","follow":"follow","max-snippet":"max-snippet:-1","max-image-preview":"max-image-preview:large","max-video-preview":"max-video-preview:-1"},"canonical":"https:\/\/chefpastry.ch\/de\/produkt\/kit-tarte-ring-palet\/","og_locale":"de_DE","og_type":"article","og_title":"KIT TARTE RING PALET - Chef Pastry","og_description":"Le kit tarte ring palet Silikomart est compos\u00e9 de deux \u00e9l\u00e9ments: huit cercles \u00e0 tarte de \u00d870 mm ind\u00e9formable, et un moule en silicone de \u00d864 mm...","og_url":"https:\/\/chefpastry.ch\/de\/produkt\/kit-tarte-ring-palet\/","og_site_name":"Chef Pastry","article_modified_time":"2023-12-31T16:04:22+00:00","og_image":[{"width":600,"height":400,"url":"https:\/\/chefpastry.ch\/wp-content\/uploads\/2022\/06\/image-881.jpg","type":"image\/jpeg"}],"twitter_card":"summary_large_image","twitter_misc":{"Preis":"&#67;&#72;&#70;&nbsp;44.00 TTC","Verf\u00fcgbarkeit":"Auf Lager"},"schema":{"@context":"https:\/\/schema.org","@graph":[{"@type":"WebPage","@id":"https:\/\/chefpastry.ch\/produit\/kit-tarte-ring-palet\/","url":"https:\/\/chefpastry.ch\/produit\/kit-tarte-ring-palet\/","name":"KIT TARTE RING PALET - Chef Pastry","isPartOf":{"@id":"https:\/\/chefpastry.ch\/#website"},"primaryImageOfPage":{"@id":"https:\/\/chefpastry.ch\/produit\/kit-tarte-ring-palet\/#primaryimage"},"image":{"@id":"https:\/\/chefpastry.ch\/produit\/kit-tarte-ring-palet\/#primaryimage"},"thumbnailUrl":"https:\/\/chefpastry.ch\/wp-content\/uploads\/2022\/06\/image-881.jpg","datePublished":"2022-06-02T21:12:55+00:00","dateModified":"2023-12-31T16:04:22+00:00","description":"Le kit tarte ring palet Silikomart est compos\u00e9 de deux \u00e9l\u00e9ments: huit cercles \u00e0 tarte de \u00d870 mm ind\u00e9formable, et un moule en silicone de \u00d864 mm...","breadcrumb":{"@id":"https:\/\/chefpastry.ch\/produit\/kit-tarte-ring-palet\/#breadcrumb"},"inLanguage":"de","potentialAction":[{"@type":"ReadAction","target":["https:\/\/chefpastry.ch\/produit\/kit-tarte-ring-palet\/"]}]},{"@type":"ImageObject","inLanguage":"de","@id":"https:\/\/chefpastry.ch\/produit\/kit-tarte-ring-palet\/#primaryimage","url":"https:\/\/chefpastry.ch\/wp-content\/uploads\/2022\/06\/image-881.jpg","contentUrl":"https:\/\/chefpastry.ch\/wp-content\/uploads\/2022\/06\/image-881.jpg","width":600,"height":400,"caption":"Kit Tarte Ring Palet"},{"@type":"BreadcrumbList","@id":"https:\/\/chefpastry.ch\/produit\/kit-tarte-ring-palet\/#breadcrumb","itemListElement":[{"@type":"ListItem","position":1,"name":"Home","item":"https:\/\/chefpastry.ch\/"},{"@type":"ListItem","position":2,"name":"E-shop","item":"https:\/\/chefpastry.ch\/e-shop\/"},{"@type":"ListItem","position":3,"name":"KIT TARTE RING PALET"}]},{"@type":"WebSite","@id":"https:\/\/chefpastry.ch\/#website","url":"https:\/\/chefpastry.ch\/","name":"Chef Pastry","description":"","publisher":{"@id":"https:\/\/chefpastry.ch\/#organization"},"potentialAction":[{"@type":"SearchAction","target":{"@type":"EntryPoint","urlTemplate":"https:\/\/chefpastry.ch\/?s={search_term_string}"},"query-input":{"@type":"PropertyValueSpecification","valueRequired":true,"valueName":"search_term_string"}}],"inLanguage":"de"},{"@type":"Organization","@id":"https:\/\/chefpastry.ch\/#organization","name":"Chef Pastry","url":"https:\/\/chefpastry.ch\/","logo":{"@type":"ImageObject","inLanguage":"de","@id":"https:\/\/chefpastry.ch\/#\/schema\/logo\/image\/","url":"https:\/\/chefpastry.ch\/wp-content\/uploads\/2022\/07\/cropped-chef_pastry_logo_rgb-03.png","contentUrl":"https:\/\/chefpastry.ch\/wp-content\/uploads\/2022\/07\/cropped-chef_pastry_logo_rgb-03.png","width":1545,"height":412,"caption":"Chef Pastry"},"image":{"@id":"https:\/\/chefpastry.ch\/#\/schema\/logo\/image\/"}}]},"product_price_amount":"44.00","product_price_currency":"CHF","og_availability":"instock","product_availability":"instock","product_retailer_item_id":"25.307.87.0065","product_condition":"new"},"_links":{"self":[{"href":"https:\/\/chefpastry.ch\/de\/wp-json\/wp\/v2\/product\/5075","targetHints":{"allow":["GET"]}}],"collection":[{"href":"https:\/\/chefpastry.ch\/de\/wp-json\/wp\/v2\/product"}],"about":[{"href":"https:\/\/chefpastry.ch\/de\/wp-json\/wp\/v2\/types\/product"}],"replies":[{"embeddable":true,"href":"https:\/\/chefpastry.ch\/de\/wp-json\/wp\/v2\/comments?post=5075"}],"version-history":[{"count":0,"href":"https:\/\/chefpastry.ch\/de\/wp-json\/wp\/v2\/product\/5075\/revisions"}],"wp:featuredmedia":[{"embeddable":true,"href":"https:\/\/chefpastry.ch\/de\/wp-json\/wp\/v2\/media\/5077"}],"wp:attachment":[{"href":"https:\/\/chefpastry.ch\/de\/wp-json\/wp\/v2\/media?parent=5075"}],"wp:term":[{"taxonomy":"product_brand","embeddable":true,"href":"https:\/\/chefpastry.ch\/de\/wp-json\/wp\/v2\/product_brand?post=5075"},{"taxonomy":"product_cat","embeddable":true,"href":"https:\/\/chefpastry.ch\/de\/wp-json\/wp\/v2\/product_cat?post=5075"},{"taxonomy":"product_tag","embeddable":true,"href":"https:\/\/chefpastry.ch\/de\/wp-json\/wp\/v2\/product_tag?post=5075"}],"curies":[{"name":"wp","href":"https:\/\/api.w.org\/{rel}","templated":true}]}}