{"id":5025,"date":"2022-06-02T23:12:42","date_gmt":"2022-06-02T21:12:42","guid":{"rendered":"https:\/\/chefpastry-aventure-gourmande.geekworkers.dev\/produit\/plissa%e2%80%b0-23\/"},"modified":"2023-03-03T17:38:36","modified_gmt":"2023-03-03T16:38:36","slug":"moul-plisse-23-decoration-silikomart","status":"publish","type":"product","link":"https:\/\/chefpastry.ch\/de\/produkt\/moul-plisse-23-decoration-silikomart\/","title":{"rendered":"PLISSIERTE FORM 23"},"content":{"rendered":"<p>Die Form von <strong>dekor Pliss\u00e9 23 von Silikomart<\/strong>Die Haute Couture h\u00e4lt dank der Form Einzug in die Welt der Konditorei. <strong>Plissee23<\/strong> entworfen mit dem <strong>Weltmeister im Konditorhandwerk J\u00e9r\u00f4me De Oliveira<\/strong>.<\/p>\n<p>Ein Sinnbild f\u00fcr Eleganz und Tradition, die ber\u00fchmte Technik, die in den wichtigsten Modeh\u00e4usern der Welt von nun an verwendet wird, nimmt auch in der Patisserie Gestalt an und verleiht den Kreationen in Ihrem Schaufenster einen modernen Vintage-Touch.<\/p>\n<p>Probieren Sie es auf Desserts auf dem Teller, als Dekoration und ... warum nicht als Einlage in Ihre Zubereitungen. Eine einfache und innovative Art, einzigartige Dekorationen zu kreieren, die Sie in das Herz des Sehens und des Gaumens eintauchen lassen werden.<\/p>\n<ul>\n<li>Gr\u00f6\u00dfe: \u00d8 75 mm h 7.7 mm<\/li>\n<li>Volumen: 23 ml x 6<\/li>\n<\/ul>","protected":false},"excerpt":{"rendered":"<p>Le moule de d\u00e9coration Pliss\u00e9 23 de Silikomart, la haute couture entre dans l\u2019univers de la p\u00e2tisserie gr\u00e2ce au moule Pliss\u00e923 con\u00e7u avec le Champion du Monde de P\u00e2tisserie J\u00e9r\u00f4me De Oliveira.<\/p>","protected":false},"featured_media":5027,"comment_status":"closed","ping_status":"closed","template":"","meta":{"_jet_sm_ready_style":"","_jet_sm_style":"","_jet_sm_controls_values":"","_jet_sm_fonts_collection":"","_jet_sm_fonts_links":"","_joinchat":[]},"product_brand":[],"product_cat":[50],"product_tag":[],"class_list":{"0":"post-5025","1":"product","2":"type-product","3":"status-publish","4":"has-post-thumbnail","6":"product_cat-decoration","8":"first","9":"instock","10":"taxable","11":"shipping-taxable","12":"purchasable","13":"product-type-simple"},"yoast_head":"<!-- This site is optimized with the Yoast SEO plugin v27.0 - https:\/\/yoast.com\/product\/yoast-seo-wordpress\/ -->\n<title>MOULE PLISS\u00c9 23 - Chef Pastry<\/title>\n<meta name=\"description\" content=\"Le moule de d\u00e9coration Pliss\u00e9 23 de Silikomart, la haute couture entre dans l\u2019univers de la p\u00e2tisserie gr\u00e2ce au moule Pliss\u00e923 con\u00e7u avec le Champion...\" \/>\n<meta name=\"robots\" content=\"index, follow, max-snippet:-1, max-image-preview:large, max-video-preview:-1\" \/>\n<link rel=\"canonical\" href=\"https:\/\/chefpastry.ch\/de\/produkt\/moul-plisse-23-decoration-silikomart\/\" \/>\n<meta property=\"og:locale\" content=\"de_DE\" \/>\n<meta property=\"og:type\" content=\"article\" \/>\n<meta property=\"og:title\" content=\"MOULE PLISS\u00c9 23 - Chef Pastry\" \/>\n<meta property=\"og:description\" content=\"Le moule de d\u00e9coration Pliss\u00e9 23 de Silikomart, la haute couture entre dans l\u2019univers de la p\u00e2tisserie gr\u00e2ce au moule Pliss\u00e923 con\u00e7u avec le Champion...\" \/>\n<meta property=\"og:url\" content=\"https:\/\/chefpastry.ch\/de\/produkt\/moul-plisse-23-decoration-silikomart\/\" \/>\n<meta property=\"og:site_name\" content=\"Chef Pastry\" \/>\n<meta property=\"article:modified_time\" content=\"2023-03-03T16:38:36+00:00\" \/>\n<meta property=\"og:image\" content=\"https:\/\/chefpastry.ch\/wp-content\/uploads\/2022\/06\/image-843.jpg\" \/>\n\t<meta property=\"og:image:width\" content=\"600\" \/>\n\t<meta property=\"og:image:height\" content=\"400\" \/>\n\t<meta property=\"og:image:type\" content=\"image\/jpeg\" \/>\n<meta name=\"twitter:card\" content=\"summary_large_image\" \/>\n<meta name=\"twitter:label1\" content=\"Preis\" \/>\n\t<meta name=\"twitter:data1\" content=\"&#067;&#072;&#070;&nbsp;18.50 TTC\" \/>\n\t<meta name=\"twitter:label2\" content=\"Verf\u00fcgbarkeit\" \/>\n\t<meta name=\"twitter:data2\" content=\"Auf Lager\" \/>\n<script type=\"application\/ld+json\" class=\"yoast-schema-graph\">{\"@context\":\"https:\/\/schema.org\",\"@graph\":[{\"@type\":\"WebPage\",\"@id\":\"https:\/\/chefpastry.ch\/produit\/moul-plisse-23-decoration-silikomart\/\",\"url\":\"https:\/\/chefpastry.ch\/produit\/moul-plisse-23-decoration-silikomart\/\",\"name\":\"MOULE PLISS\u00c9 23 - Chef Pastry\",\"isPartOf\":{\"@id\":\"https:\/\/chefpastry.ch\/#website\"},\"primaryImageOfPage\":{\"@id\":\"https:\/\/chefpastry.ch\/produit\/moul-plisse-23-decoration-silikomart\/#primaryimage\"},\"image\":{\"@id\":\"https:\/\/chefpastry.ch\/produit\/moul-plisse-23-decoration-silikomart\/#primaryimage\"},\"thumbnailUrl\":\"https:\/\/chefpastry.ch\/wp-content\/uploads\/2022\/06\/image-843.jpg\",\"datePublished\":\"2022-06-02T21:12:42+00:00\",\"dateModified\":\"2023-03-03T16:38:36+00:00\",\"description\":\"Le moule de d\u00e9coration Pliss\u00e9 23 de Silikomart, la haute couture entre dans l\u2019univers de la p\u00e2tisserie gr\u00e2ce au moule Pliss\u00e923 con\u00e7u avec le Champion...\",\"breadcrumb\":{\"@id\":\"https:\/\/chefpastry.ch\/produit\/moul-plisse-23-decoration-silikomart\/#breadcrumb\"},\"inLanguage\":\"de\",\"potentialAction\":[{\"@type\":\"ReadAction\",\"target\":[\"https:\/\/chefpastry.ch\/produit\/moul-plisse-23-decoration-silikomart\/\"]}]},{\"@type\":\"ImageObject\",\"inLanguage\":\"de\",\"@id\":\"https:\/\/chefpastry.ch\/produit\/moul-plisse-23-decoration-silikomart\/#primaryimage\",\"url\":\"https:\/\/chefpastry.ch\/wp-content\/uploads\/2022\/06\/image-843.jpg\",\"contentUrl\":\"https:\/\/chefpastry.ch\/wp-content\/uploads\/2022\/06\/image-843.jpg\",\"width\":600,\"height\":400,\"caption\":\"moule pliss\u00e9 23 d\u00e9coration silikomart\"},{\"@type\":\"BreadcrumbList\",\"@id\":\"https:\/\/chefpastry.ch\/produit\/moul-plisse-23-decoration-silikomart\/#breadcrumb\",\"itemListElement\":[{\"@type\":\"ListItem\",\"position\":1,\"name\":\"Home\",\"item\":\"https:\/\/chefpastry.ch\/\"},{\"@type\":\"ListItem\",\"position\":2,\"name\":\"E-shop\",\"item\":\"https:\/\/chefpastry.ch\/e-shop\/\"},{\"@type\":\"ListItem\",\"position\":3,\"name\":\"MOULE PLISS\u00c9 23\"}]},{\"@type\":\"WebSite\",\"@id\":\"https:\/\/chefpastry.ch\/#website\",\"url\":\"https:\/\/chefpastry.ch\/\",\"name\":\"Chef Pastry\",\"description\":\"\",\"publisher\":{\"@id\":\"https:\/\/chefpastry.ch\/#organization\"},\"potentialAction\":[{\"@type\":\"SearchAction\",\"target\":{\"@type\":\"EntryPoint\",\"urlTemplate\":\"https:\/\/chefpastry.ch\/?s={search_term_string}\"},\"query-input\":{\"@type\":\"PropertyValueSpecification\",\"valueRequired\":true,\"valueName\":\"search_term_string\"}}],\"inLanguage\":\"de\"},{\"@type\":\"Organization\",\"@id\":\"https:\/\/chefpastry.ch\/#organization\",\"name\":\"Chef Pastry\",\"url\":\"https:\/\/chefpastry.ch\/\",\"logo\":{\"@type\":\"ImageObject\",\"inLanguage\":\"de\",\"@id\":\"https:\/\/chefpastry.ch\/#\/schema\/logo\/image\/\",\"url\":\"https:\/\/chefpastry.ch\/wp-content\/uploads\/2022\/07\/cropped-chef_pastry_logo_rgb-03.png\",\"contentUrl\":\"https:\/\/chefpastry.ch\/wp-content\/uploads\/2022\/07\/cropped-chef_pastry_logo_rgb-03.png\",\"width\":1545,\"height\":412,\"caption\":\"Chef Pastry\"},\"image\":{\"@id\":\"https:\/\/chefpastry.ch\/#\/schema\/logo\/image\/\"}}]}<\/script>\n<meta property=\"product:price:amount\" content=\"18.50\" \/>\n<meta property=\"product:price:currency\" content=\"CHF\" \/>\n<meta property=\"og:availability\" content=\"instock\" \/>\n<meta property=\"product:availability\" content=\"instock\" \/>\n<meta property=\"product:retailer_item_id\" content=\"36.312.87.0065\" \/>\n<meta property=\"product:condition\" content=\"new\" \/>\n<!-- \/ Yoast SEO plugin. -->","yoast_head_json":{"title":"MOULE PLISS\u00c9 23 - Chef Pastry","description":"Le moule de d\u00e9coration Pliss\u00e9 23 de Silikomart, la haute couture entre dans l\u2019univers de la p\u00e2tisserie gr\u00e2ce au moule Pliss\u00e923 con\u00e7u avec le Champion...","robots":{"index":"index","follow":"follow","max-snippet":"max-snippet:-1","max-image-preview":"max-image-preview:large","max-video-preview":"max-video-preview:-1"},"canonical":"https:\/\/chefpastry.ch\/de\/produkt\/moul-plisse-23-decoration-silikomart\/","og_locale":"de_DE","og_type":"article","og_title":"MOULE PLISS\u00c9 23 - Chef Pastry","og_description":"Le moule de d\u00e9coration Pliss\u00e9 23 de Silikomart, la haute couture entre dans l\u2019univers de la p\u00e2tisserie gr\u00e2ce au moule Pliss\u00e923 con\u00e7u avec le Champion...","og_url":"https:\/\/chefpastry.ch\/de\/produkt\/moul-plisse-23-decoration-silikomart\/","og_site_name":"Chef Pastry","article_modified_time":"2023-03-03T16:38:36+00:00","og_image":[{"width":600,"height":400,"url":"https:\/\/chefpastry.ch\/wp-content\/uploads\/2022\/06\/image-843.jpg","type":"image\/jpeg"}],"twitter_card":"summary_large_image","twitter_misc":{"Preis":"&#67;&#72;&#70;&nbsp;18.50 TTC","Verf\u00fcgbarkeit":"Auf Lager"},"schema":{"@context":"https:\/\/schema.org","@graph":[{"@type":"WebPage","@id":"https:\/\/chefpastry.ch\/produit\/moul-plisse-23-decoration-silikomart\/","url":"https:\/\/chefpastry.ch\/produit\/moul-plisse-23-decoration-silikomart\/","name":"MOULE PLISS\u00c9 23 - Chef Pastry","isPartOf":{"@id":"https:\/\/chefpastry.ch\/#website"},"primaryImageOfPage":{"@id":"https:\/\/chefpastry.ch\/produit\/moul-plisse-23-decoration-silikomart\/#primaryimage"},"image":{"@id":"https:\/\/chefpastry.ch\/produit\/moul-plisse-23-decoration-silikomart\/#primaryimage"},"thumbnailUrl":"https:\/\/chefpastry.ch\/wp-content\/uploads\/2022\/06\/image-843.jpg","datePublished":"2022-06-02T21:12:42+00:00","dateModified":"2023-03-03T16:38:36+00:00","description":"Le moule de d\u00e9coration Pliss\u00e9 23 de Silikomart, la haute couture entre dans l\u2019univers de la p\u00e2tisserie gr\u00e2ce au moule Pliss\u00e923 con\u00e7u avec le Champion...","breadcrumb":{"@id":"https:\/\/chefpastry.ch\/produit\/moul-plisse-23-decoration-silikomart\/#breadcrumb"},"inLanguage":"de","potentialAction":[{"@type":"ReadAction","target":["https:\/\/chefpastry.ch\/produit\/moul-plisse-23-decoration-silikomart\/"]}]},{"@type":"ImageObject","inLanguage":"de","@id":"https:\/\/chefpastry.ch\/produit\/moul-plisse-23-decoration-silikomart\/#primaryimage","url":"https:\/\/chefpastry.ch\/wp-content\/uploads\/2022\/06\/image-843.jpg","contentUrl":"https:\/\/chefpastry.ch\/wp-content\/uploads\/2022\/06\/image-843.jpg","width":600,"height":400,"caption":"moule pliss\u00e9 23 d\u00e9coration silikomart"},{"@type":"BreadcrumbList","@id":"https:\/\/chefpastry.ch\/produit\/moul-plisse-23-decoration-silikomart\/#breadcrumb","itemListElement":[{"@type":"ListItem","position":1,"name":"Home","item":"https:\/\/chefpastry.ch\/"},{"@type":"ListItem","position":2,"name":"E-shop","item":"https:\/\/chefpastry.ch\/e-shop\/"},{"@type":"ListItem","position":3,"name":"MOULE PLISS\u00c9 23"}]},{"@type":"WebSite","@id":"https:\/\/chefpastry.ch\/#website","url":"https:\/\/chefpastry.ch\/","name":"Chef Pastry","description":"","publisher":{"@id":"https:\/\/chefpastry.ch\/#organization"},"potentialAction":[{"@type":"SearchAction","target":{"@type":"EntryPoint","urlTemplate":"https:\/\/chefpastry.ch\/?s={search_term_string}"},"query-input":{"@type":"PropertyValueSpecification","valueRequired":true,"valueName":"search_term_string"}}],"inLanguage":"de"},{"@type":"Organization","@id":"https:\/\/chefpastry.ch\/#organization","name":"Chef Pastry","url":"https:\/\/chefpastry.ch\/","logo":{"@type":"ImageObject","inLanguage":"de","@id":"https:\/\/chefpastry.ch\/#\/schema\/logo\/image\/","url":"https:\/\/chefpastry.ch\/wp-content\/uploads\/2022\/07\/cropped-chef_pastry_logo_rgb-03.png","contentUrl":"https:\/\/chefpastry.ch\/wp-content\/uploads\/2022\/07\/cropped-chef_pastry_logo_rgb-03.png","width":1545,"height":412,"caption":"Chef Pastry"},"image":{"@id":"https:\/\/chefpastry.ch\/#\/schema\/logo\/image\/"}}]},"product_price_amount":"18.50","product_price_currency":"CHF","og_availability":"instock","product_availability":"instock","product_retailer_item_id":"36.312.87.0065","product_condition":"new"},"_links":{"self":[{"href":"https:\/\/chefpastry.ch\/de\/wp-json\/wp\/v2\/product\/5025","targetHints":{"allow":["GET"]}}],"collection":[{"href":"https:\/\/chefpastry.ch\/de\/wp-json\/wp\/v2\/product"}],"about":[{"href":"https:\/\/chefpastry.ch\/de\/wp-json\/wp\/v2\/types\/product"}],"replies":[{"embeddable":true,"href":"https:\/\/chefpastry.ch\/de\/wp-json\/wp\/v2\/comments?post=5025"}],"version-history":[{"count":0,"href":"https:\/\/chefpastry.ch\/de\/wp-json\/wp\/v2\/product\/5025\/revisions"}],"wp:featuredmedia":[{"embeddable":true,"href":"https:\/\/chefpastry.ch\/de\/wp-json\/wp\/v2\/media\/5027"}],"wp:attachment":[{"href":"https:\/\/chefpastry.ch\/de\/wp-json\/wp\/v2\/media?parent=5025"}],"wp:term":[{"taxonomy":"product_brand","embeddable":true,"href":"https:\/\/chefpastry.ch\/de\/wp-json\/wp\/v2\/product_brand?post=5025"},{"taxonomy":"product_cat","embeddable":true,"href":"https:\/\/chefpastry.ch\/de\/wp-json\/wp\/v2\/product_cat?post=5025"},{"taxonomy":"product_tag","embeddable":true,"href":"https:\/\/chefpastry.ch\/de\/wp-json\/wp\/v2\/product_tag?post=5025"}],"curies":[{"name":"wp","href":"https:\/\/api.w.org\/{rel}","templated":true}]}}