{"id":5020,"date":"2022-06-02T23:12:42","date_gmt":"2022-06-02T21:12:42","guid":{"rendered":"https:\/\/chefpastry-aventure-gourmande.geekworkers.dev\/produit\/plissa%e2%80%b0-100\/"},"modified":"2024-02-25T09:36:58","modified_gmt":"2024-02-25T08:36:58","slug":"moule-decoration-plisse-100-silikomart","status":"publish","type":"product","link":"https:\/\/chefpastry.ch\/de\/produkt\/moule-decoration-plisse-100-silikomart\/","title":{"rendered":"PLISSIERTE FORM 100"},"content":{"rendered":"<p>Die Dekorationsform <strong>Plissee 100<\/strong> von Silikomart, die <strong>Haute Couture<\/strong> betritt die Welt der Konditorei dank der Pliss\u00e9100-Form, die mit dem <strong>Weltmeister<\/strong> von <strong>Konditorei<\/strong> Jerome De Oliveira.<\/p>\n<p>Ein Sinnbild f\u00fcr Eleganz und Tradition, die ber\u00fchmte Technik, die in den wichtigsten Modeh\u00e4usern der Welt von nun an verwendet wird, nimmt auch in der Patisserie Gestalt an und verleiht den Kreationen in Ihrem Schaufenster einen modernen Vintage-Touch.<\/p>\n<p>Probieren Sie es auf Desserts auf dem Teller, als Dekoration und ... warum nicht als Einlage in Ihre Zubereitungen. Eine einfache und innovative Art, einzigartige Dekorationen zu kreieren, die Sie in das Herz des Sehens und des Gaumens eintauchen lassen werden.<\/p>\n<ul>\n<li>Gr\u00f6\u00dfe des Hohlraums: \u00d8 140 mm h 10 mm<\/li>\n<li>Volumen: 100 ml x 2<\/li>\n<\/ul>","protected":false},"excerpt":{"rendered":"<p>Le moule de d\u00e9coration Pliss\u00e9 100 de Silikomart, la haute couture entre dans l\u2019univers de la p\u00e2tisserie gr\u00e2ce au moule Pliss\u00e9100 con\u00e7u avec le Champion du Monde de P\u00e2tisserie J\u00e9r\u00f4me De Oliveira.<\/p>","protected":false},"featured_media":5022,"comment_status":"closed","ping_status":"closed","template":"","meta":{"_jet_sm_ready_style":"","_jet_sm_style":"","_jet_sm_controls_values":"","_jet_sm_fonts_collection":"","_jet_sm_fonts_links":"","_joinchat":[]},"product_brand":[],"product_cat":[50],"product_tag":[],"class_list":{"0":"post-5020","1":"product","2":"type-product","3":"status-publish","4":"has-post-thumbnail","6":"product_cat-decoration","8":"first","9":"instock","10":"taxable","11":"shipping-taxable","12":"purchasable","13":"product-type-simple"},"yoast_head":"<!-- This site is optimized with the Yoast SEO plugin v27.0 - https:\/\/yoast.com\/product\/yoast-seo-wordpress\/ -->\n<title>MOULE PLISS\u00c9 100 - Chef Pastry<\/title>\n<meta name=\"description\" content=\"Le moule de d\u00e9coration Pliss\u00e9 100 de Silikomart, la haute couture entre dans l\u2019univers de la p\u00e2tisserie gr\u00e2ce au moule Pliss\u00e9100 con\u00e7u avec le.....\" \/>\n<meta name=\"robots\" content=\"index, follow, max-snippet:-1, max-image-preview:large, max-video-preview:-1\" \/>\n<link rel=\"canonical\" href=\"https:\/\/chefpastry.ch\/de\/produkt\/moule-decoration-plisse-100-silikomart\/\" \/>\n<meta property=\"og:locale\" content=\"de_DE\" \/>\n<meta property=\"og:type\" content=\"article\" \/>\n<meta property=\"og:title\" content=\"MOULE PLISS\u00c9 100 - Chef Pastry\" \/>\n<meta property=\"og:description\" content=\"Le moule de d\u00e9coration Pliss\u00e9 100 de Silikomart, la haute couture entre dans l\u2019univers de la p\u00e2tisserie gr\u00e2ce au moule Pliss\u00e9100 con\u00e7u avec le.....\" \/>\n<meta property=\"og:url\" content=\"https:\/\/chefpastry.ch\/de\/produkt\/moule-decoration-plisse-100-silikomart\/\" \/>\n<meta property=\"og:site_name\" content=\"Chef Pastry\" \/>\n<meta property=\"article:modified_time\" content=\"2024-02-25T08:36:58+00:00\" \/>\n<meta property=\"og:image\" content=\"https:\/\/chefpastry.ch\/wp-content\/uploads\/2022\/06\/image-840.jpg\" \/>\n\t<meta property=\"og:image:width\" content=\"600\" \/>\n\t<meta property=\"og:image:height\" content=\"400\" \/>\n\t<meta property=\"og:image:type\" content=\"image\/jpeg\" \/>\n<meta name=\"twitter:card\" content=\"summary_large_image\" \/>\n<meta name=\"twitter:label1\" content=\"Preis\" \/>\n\t<meta name=\"twitter:data1\" content=\"&#067;&#072;&#070;&nbsp;18.50 TTC\" \/>\n\t<meta name=\"twitter:label2\" content=\"Verf\u00fcgbarkeit\" \/>\n\t<meta name=\"twitter:data2\" content=\"Auf Lager\" \/>\n<script type=\"application\/ld+json\" class=\"yoast-schema-graph\">{\"@context\":\"https:\/\/schema.org\",\"@graph\":[{\"@type\":\"WebPage\",\"@id\":\"https:\/\/chefpastry.ch\/produit\/moule-decoration-plisse-100-silikomart\/\",\"url\":\"https:\/\/chefpastry.ch\/produit\/moule-decoration-plisse-100-silikomart\/\",\"name\":\"MOULE PLISS\u00c9 100 - Chef Pastry\",\"isPartOf\":{\"@id\":\"https:\/\/chefpastry.ch\/#website\"},\"primaryImageOfPage\":{\"@id\":\"https:\/\/chefpastry.ch\/produit\/moule-decoration-plisse-100-silikomart\/#primaryimage\"},\"image\":{\"@id\":\"https:\/\/chefpastry.ch\/produit\/moule-decoration-plisse-100-silikomart\/#primaryimage\"},\"thumbnailUrl\":\"https:\/\/chefpastry.ch\/wp-content\/uploads\/2022\/06\/image-840.jpg\",\"datePublished\":\"2022-06-02T21:12:42+00:00\",\"dateModified\":\"2024-02-25T08:36:58+00:00\",\"description\":\"Le moule de d\u00e9coration Pliss\u00e9 100 de Silikomart, la haute couture entre dans l\u2019univers de la p\u00e2tisserie gr\u00e2ce au moule Pliss\u00e9100 con\u00e7u avec le.....\",\"breadcrumb\":{\"@id\":\"https:\/\/chefpastry.ch\/produit\/moule-decoration-plisse-100-silikomart\/#breadcrumb\"},\"inLanguage\":\"de\",\"potentialAction\":[{\"@type\":\"ReadAction\",\"target\":[\"https:\/\/chefpastry.ch\/produit\/moule-decoration-plisse-100-silikomart\/\"]}]},{\"@type\":\"ImageObject\",\"inLanguage\":\"de\",\"@id\":\"https:\/\/chefpastry.ch\/produit\/moule-decoration-plisse-100-silikomart\/#primaryimage\",\"url\":\"https:\/\/chefpastry.ch\/wp-content\/uploads\/2022\/06\/image-840.jpg\",\"contentUrl\":\"https:\/\/chefpastry.ch\/wp-content\/uploads\/2022\/06\/image-840.jpg\",\"width\":600,\"height\":400,\"caption\":\"moule d\u00e9coration Pliss\u00e9 Silikomart\"},{\"@type\":\"BreadcrumbList\",\"@id\":\"https:\/\/chefpastry.ch\/produit\/moule-decoration-plisse-100-silikomart\/#breadcrumb\",\"itemListElement\":[{\"@type\":\"ListItem\",\"position\":1,\"name\":\"Home\",\"item\":\"https:\/\/chefpastry.ch\/\"},{\"@type\":\"ListItem\",\"position\":2,\"name\":\"E-shop\",\"item\":\"https:\/\/chefpastry.ch\/e-shop\/\"},{\"@type\":\"ListItem\",\"position\":3,\"name\":\"MOULE PLISS\u00c9 100\"}]},{\"@type\":\"WebSite\",\"@id\":\"https:\/\/chefpastry.ch\/#website\",\"url\":\"https:\/\/chefpastry.ch\/\",\"name\":\"Chef Pastry\",\"description\":\"\",\"publisher\":{\"@id\":\"https:\/\/chefpastry.ch\/#organization\"},\"potentialAction\":[{\"@type\":\"SearchAction\",\"target\":{\"@type\":\"EntryPoint\",\"urlTemplate\":\"https:\/\/chefpastry.ch\/?s={search_term_string}\"},\"query-input\":{\"@type\":\"PropertyValueSpecification\",\"valueRequired\":true,\"valueName\":\"search_term_string\"}}],\"inLanguage\":\"de\"},{\"@type\":\"Organization\",\"@id\":\"https:\/\/chefpastry.ch\/#organization\",\"name\":\"Chef Pastry\",\"url\":\"https:\/\/chefpastry.ch\/\",\"logo\":{\"@type\":\"ImageObject\",\"inLanguage\":\"de\",\"@id\":\"https:\/\/chefpastry.ch\/#\/schema\/logo\/image\/\",\"url\":\"https:\/\/chefpastry.ch\/wp-content\/uploads\/2022\/07\/cropped-chef_pastry_logo_rgb-03.png\",\"contentUrl\":\"https:\/\/chefpastry.ch\/wp-content\/uploads\/2022\/07\/cropped-chef_pastry_logo_rgb-03.png\",\"width\":1545,\"height\":412,\"caption\":\"Chef Pastry\"},\"image\":{\"@id\":\"https:\/\/chefpastry.ch\/#\/schema\/logo\/image\/\"}}]}<\/script>\n<meta property=\"product:price:amount\" content=\"18.50\" \/>\n<meta property=\"product:price:currency\" content=\"CHF\" \/>\n<meta property=\"og:availability\" content=\"instock\" \/>\n<meta property=\"product:availability\" content=\"instock\" \/>\n<meta property=\"product:retailer_item_id\" content=\"36.311.87.0065\" \/>\n<meta property=\"product:condition\" content=\"new\" \/>\n<!-- \/ Yoast SEO plugin. -->","yoast_head_json":{"title":"MOULE PLISS\u00c9 100 - Chef Pastry","description":"Le moule de d\u00e9coration Pliss\u00e9 100 de Silikomart, la haute couture entre dans l\u2019univers de la p\u00e2tisserie gr\u00e2ce au moule Pliss\u00e9100 con\u00e7u avec le.....","robots":{"index":"index","follow":"follow","max-snippet":"max-snippet:-1","max-image-preview":"max-image-preview:large","max-video-preview":"max-video-preview:-1"},"canonical":"https:\/\/chefpastry.ch\/de\/produkt\/moule-decoration-plisse-100-silikomart\/","og_locale":"de_DE","og_type":"article","og_title":"MOULE PLISS\u00c9 100 - Chef Pastry","og_description":"Le moule de d\u00e9coration Pliss\u00e9 100 de Silikomart, la haute couture entre dans l\u2019univers de la p\u00e2tisserie gr\u00e2ce au moule Pliss\u00e9100 con\u00e7u avec le.....","og_url":"https:\/\/chefpastry.ch\/de\/produkt\/moule-decoration-plisse-100-silikomart\/","og_site_name":"Chef Pastry","article_modified_time":"2024-02-25T08:36:58+00:00","og_image":[{"width":600,"height":400,"url":"https:\/\/chefpastry.ch\/wp-content\/uploads\/2022\/06\/image-840.jpg","type":"image\/jpeg"}],"twitter_card":"summary_large_image","twitter_misc":{"Preis":"&#67;&#72;&#70;&nbsp;18.50 TTC","Verf\u00fcgbarkeit":"Auf Lager"},"schema":{"@context":"https:\/\/schema.org","@graph":[{"@type":"WebPage","@id":"https:\/\/chefpastry.ch\/produit\/moule-decoration-plisse-100-silikomart\/","url":"https:\/\/chefpastry.ch\/produit\/moule-decoration-plisse-100-silikomart\/","name":"MOULE PLISS\u00c9 100 - Chef Pastry","isPartOf":{"@id":"https:\/\/chefpastry.ch\/#website"},"primaryImageOfPage":{"@id":"https:\/\/chefpastry.ch\/produit\/moule-decoration-plisse-100-silikomart\/#primaryimage"},"image":{"@id":"https:\/\/chefpastry.ch\/produit\/moule-decoration-plisse-100-silikomart\/#primaryimage"},"thumbnailUrl":"https:\/\/chefpastry.ch\/wp-content\/uploads\/2022\/06\/image-840.jpg","datePublished":"2022-06-02T21:12:42+00:00","dateModified":"2024-02-25T08:36:58+00:00","description":"Le moule de d\u00e9coration Pliss\u00e9 100 de Silikomart, la haute couture entre dans l\u2019univers de la p\u00e2tisserie gr\u00e2ce au moule Pliss\u00e9100 con\u00e7u avec le.....","breadcrumb":{"@id":"https:\/\/chefpastry.ch\/produit\/moule-decoration-plisse-100-silikomart\/#breadcrumb"},"inLanguage":"de","potentialAction":[{"@type":"ReadAction","target":["https:\/\/chefpastry.ch\/produit\/moule-decoration-plisse-100-silikomart\/"]}]},{"@type":"ImageObject","inLanguage":"de","@id":"https:\/\/chefpastry.ch\/produit\/moule-decoration-plisse-100-silikomart\/#primaryimage","url":"https:\/\/chefpastry.ch\/wp-content\/uploads\/2022\/06\/image-840.jpg","contentUrl":"https:\/\/chefpastry.ch\/wp-content\/uploads\/2022\/06\/image-840.jpg","width":600,"height":400,"caption":"moule d\u00e9coration Pliss\u00e9 Silikomart"},{"@type":"BreadcrumbList","@id":"https:\/\/chefpastry.ch\/produit\/moule-decoration-plisse-100-silikomart\/#breadcrumb","itemListElement":[{"@type":"ListItem","position":1,"name":"Home","item":"https:\/\/chefpastry.ch\/"},{"@type":"ListItem","position":2,"name":"E-shop","item":"https:\/\/chefpastry.ch\/e-shop\/"},{"@type":"ListItem","position":3,"name":"MOULE PLISS\u00c9 100"}]},{"@type":"WebSite","@id":"https:\/\/chefpastry.ch\/#website","url":"https:\/\/chefpastry.ch\/","name":"Chef Pastry","description":"","publisher":{"@id":"https:\/\/chefpastry.ch\/#organization"},"potentialAction":[{"@type":"SearchAction","target":{"@type":"EntryPoint","urlTemplate":"https:\/\/chefpastry.ch\/?s={search_term_string}"},"query-input":{"@type":"PropertyValueSpecification","valueRequired":true,"valueName":"search_term_string"}}],"inLanguage":"de"},{"@type":"Organization","@id":"https:\/\/chefpastry.ch\/#organization","name":"Chef Pastry","url":"https:\/\/chefpastry.ch\/","logo":{"@type":"ImageObject","inLanguage":"de","@id":"https:\/\/chefpastry.ch\/#\/schema\/logo\/image\/","url":"https:\/\/chefpastry.ch\/wp-content\/uploads\/2022\/07\/cropped-chef_pastry_logo_rgb-03.png","contentUrl":"https:\/\/chefpastry.ch\/wp-content\/uploads\/2022\/07\/cropped-chef_pastry_logo_rgb-03.png","width":1545,"height":412,"caption":"Chef Pastry"},"image":{"@id":"https:\/\/chefpastry.ch\/#\/schema\/logo\/image\/"}}]},"product_price_amount":"18.50","product_price_currency":"CHF","og_availability":"instock","product_availability":"instock","product_retailer_item_id":"36.311.87.0065","product_condition":"new"},"_links":{"self":[{"href":"https:\/\/chefpastry.ch\/de\/wp-json\/wp\/v2\/product\/5020","targetHints":{"allow":["GET"]}}],"collection":[{"href":"https:\/\/chefpastry.ch\/de\/wp-json\/wp\/v2\/product"}],"about":[{"href":"https:\/\/chefpastry.ch\/de\/wp-json\/wp\/v2\/types\/product"}],"replies":[{"embeddable":true,"href":"https:\/\/chefpastry.ch\/de\/wp-json\/wp\/v2\/comments?post=5020"}],"version-history":[{"count":0,"href":"https:\/\/chefpastry.ch\/de\/wp-json\/wp\/v2\/product\/5020\/revisions"}],"wp:featuredmedia":[{"embeddable":true,"href":"https:\/\/chefpastry.ch\/de\/wp-json\/wp\/v2\/media\/5022"}],"wp:attachment":[{"href":"https:\/\/chefpastry.ch\/de\/wp-json\/wp\/v2\/media?parent=5020"}],"wp:term":[{"taxonomy":"product_brand","embeddable":true,"href":"https:\/\/chefpastry.ch\/de\/wp-json\/wp\/v2\/product_brand?post=5020"},{"taxonomy":"product_cat","embeddable":true,"href":"https:\/\/chefpastry.ch\/de\/wp-json\/wp\/v2\/product_cat?post=5020"},{"taxonomy":"product_tag","embeddable":true,"href":"https:\/\/chefpastry.ch\/de\/wp-json\/wp\/v2\/product_tag?post=5020"}],"curies":[{"name":"wp","href":"https:\/\/api.w.org\/{rel}","templated":true}]}}