{"id":4956,"date":"2022-06-02T23:11:55","date_gmt":"2022-06-02T21:11:55","guid":{"rendered":"https:\/\/chefpastry-aventure-gourmande.geekworkers.dev\/produit\/grand-cru-couverture-opus-blanc-35-felchlin\/"},"modified":"2025-04-10T10:45:42","modified_gmt":"2025-04-10T08:45:42","slug":"grand-cru-couverture-opus-blanc","status":"publish","type":"product","link":"https:\/\/chefpastry.ch\/de\/produkt\/grand-cru-couverture-opus-blanc\/","title":{"rendered":"GRAND CRU DECKE OPUS WEISS 35%"},"content":{"rendered":"<div class=\"offcanvas-content-container\">\n<div class=\"product-detail-description tab-pane-container\">\n<div>\n<h3 class=\"\" data-start=\"94\" data-end=\"118\"><strong data-start=\"98\" data-end=\"116\">Opus Blanc 35%<\/strong><\/h3>\n<p class=\"\" data-start=\"119\" data-end=\"183\"><strong data-start=\"119\" data-end=\"183\">Grand Cru de Couverture \u2013 Chocolat Blanc au Lait de Montagne<\/strong><\/p>\n<p class=\"\" data-start=\"185\" data-end=\"479\">Opus Blanc 35% est une couverture <strong data-start=\"219\" data-end=\"232\">Grand Cru<\/strong> au chocolat blanc, \u00e9labor\u00e9e avec du <strong data-start=\"269\" data-end=\"289\">Bergmilch<\/strong> de terroir soigneusement s\u00e9lectionn\u00e9. Son go\u00fbt d\u00e9licat et raffin\u00e9, marqu\u00e9 par des notes lact\u00e9es intenses et une douce vanille naturelle, en fait un incontournable pour les artisans du go\u00fbt.<\/p>\n<p class=\"\" data-start=\"481\" data-end=\"583\">Sa texture fluide et son profil aromatique \u00e9quilibr\u00e9 permettent une grande polyvalence d&rsquo;utilisation :<\/p>\n<ul data-start=\"585\" data-end=\"757\">\n<li class=\"\" data-start=\"585\" data-end=\"631\">\n<p class=\"\" data-start=\"587\" data-end=\"631\"><strong data-start=\"587\" data-end=\"599\">Beschichten<\/strong> de pralin\u00e9s et de sp\u00e9cialit\u00e9s<\/p>\n<\/li>\n<li class=\"\" data-start=\"632\" data-end=\"671\">\n<p class=\"\" data-start=\"634\" data-end=\"671\"><strong data-start=\"634\" data-end=\"645\">Moulage<\/strong> de corps creux \u00e9l\u00e9gants<\/p>\n<\/li>\n<li class=\"\" data-start=\"672\" data-end=\"757\">\n<p class=\"\" data-start=\"674\" data-end=\"757\">Pr\u00e9paration de <strong data-start=\"689\" data-end=\"710\">ganaches soyeuses<\/strong>, <strong data-start=\"712\" data-end=\"733\">mousses a\u00e9riennes<\/strong> und <strong data-start=\"737\" data-end=\"757\">cr\u00e8mes fondantes<\/strong><\/p>\n<\/li>\n<\/ul>\n<p class=\"\" data-start=\"759\" data-end=\"897\">Un chocolat blanc de caract\u00e8re, au go\u00fbt authentique du lait alpin, id\u00e9al pour sublimer vos cr\u00e9ations p\u00e2tissi\u00e8res avec finesse et \u00e9l\u00e9gance.<\/p>\n<\/div>\n<div><\/div>\n<h3 class=\"product-detail-description-text\"><strong>Grand Cru Couverture Opus Blanc<\/strong> <strong>35%<\/strong> Milch Terroir, Wei\u00dfe Schokolade mit <strong>Bergmilch<\/strong>.<\/h3>\n<div class=\"product-detail-description-text\">Pour l&rsquo;enrobage de pralin\u00e9s et sp\u00e9cialit\u00e9s, pour le moulage de corps creux ainsi que pour la pr\u00e9paration de ganaches, mousse &amp; cr\u00e8mes.<\/div>\n<div><\/div>\n<div class=\"detail-container\">\n<div class=\"row\">\n<div class=\"col\">Ursprungsland: CH<\/div>\n<\/div>\n<div class=\"row\">\n<div class=\"col\">Zertifizierungen: Halal<\/div>\n<div><\/div>\n<\/div>\n<div class=\"row\">\n<div class=\"col\">Erkl\u00e4rung<\/div>\n<div class=\"col\">Zucker, Kakaobutter, Kakaopulver <strong>Milch<\/strong> entier\u00a0\u00bb, \u00e9mulsifiant (E322: l\u00e9cithine de tournesol) cacao: 35 % minimum<\/div>\n<div><\/div>\n<\/div>\n<div class=\"row\">\n<div class=\"col\">Allergen<\/div>\n<div class=\"col\">Kann Spuren von Mandeln enthalten.<\/div>\n<div><\/div>\n<\/div>\n<div class=\"row\">\n<div class=\"col\">N\u00e4hrwertangaben pro 100g<\/div>\n<div class=\"col\">\n<ul class=\"naehrwerte\">\n<li>Energie 608 kcal \/ 2530 kJ<\/li>\n<li>Fett 43.5 g<\/li>\n<li>davon ges\u00e4ttigte Fetts\u00e4uren 26.4 g<\/li>\n<li>Kohlenhydrate 46.8 g<\/li>\n<li>davon Zucker 46.8 g<\/li>\n<li>davon Zuckerzusatz 37.7 g<\/li>\n<li>Ballaststoffe 0 g<\/li>\n<li>Eiwei\u00df 7 g<\/li>\n<li>Salz 0.0 g<\/li>\n<\/ul>\n<\/div>\n<\/div>\n<\/div>\n<\/div>\n<\/div>","protected":false},"excerpt":{"rendered":"<div class=\"product-detail-description-text\"><strong>Grand Cru Couverture Opus Blanc<\/strong>, Chocolat blanc au lait de montagne.<\/div>\n<div class=\"product-detail-description-text\">Pour l&rsquo;enrobage de pralin\u00e9s et sp\u00e9cialit\u00e9s, pour le moulage de corps creux ainsi que pour la pr\u00e9paration de ganaches, mousse &amp; cr\u00e8mes.<\/div>\n<div><\/div>","protected":false},"featured_media":4958,"comment_status":"closed","ping_status":"closed","template":"","meta":{"_jet_sm_ready_style":"","_jet_sm_style":"","_jet_sm_controls_values":"","_jet_sm_fonts_collection":"","_jet_sm_fonts_links":"","_joinchat":[]},"product_brand":[],"product_cat":[53,180],"product_tag":[],"class_list":{"0":"post-4956","1":"product","2":"type-product","3":"status-publish","4":"has-post-thumbnail","6":"product_cat-chocolats","7":"product_cat-paques","8":"pa_declinaison-0-5-kg","9":"pa_declinaison-1-kg","10":"pa_declinaison-2-kg","12":"first","13":"instock","14":"taxable","15":"shipping-taxable","16":"purchasable","17":"product-type-variable","18":"has-default-attributes"},"yoast_head":"<!-- This site is optimized with the Yoast SEO plugin v27.0 - https:\/\/yoast.com\/product\/yoast-seo-wordpress\/ -->\n<title>GRAND CRU COUVERTURE OPUS BLANC 35% - Chef Pastry<\/title>\n<meta name=\"description\" content=\"Grand Cru Couverture Opus Blanc, Chocolat blanc au lait de montagne.Pour l&#039;enrobage de pralin\u00e9s et sp\u00e9cialit\u00e9s, pour le moulage etc...\" \/>\n<meta name=\"robots\" content=\"index, follow, max-snippet:-1, max-image-preview:large, max-video-preview:-1\" \/>\n<link rel=\"canonical\" href=\"https:\/\/chefpastry.ch\/de\/produkt\/grand-cru-couverture-opus-blanc\/\" \/>\n<meta property=\"og:locale\" content=\"de_DE\" \/>\n<meta property=\"og:type\" content=\"article\" \/>\n<meta property=\"og:title\" content=\"GRAND CRU COUVERTURE OPUS BLANC 35% - Chef Pastry\" \/>\n<meta property=\"og:description\" content=\"Grand Cru Couverture Opus Blanc, Chocolat blanc au lait de montagne.Pour l&#039;enrobage de pralin\u00e9s et sp\u00e9cialit\u00e9s, pour le moulage etc...\" \/>\n<meta property=\"og:url\" content=\"https:\/\/chefpastry.ch\/de\/produkt\/grand-cru-couverture-opus-blanc\/\" \/>\n<meta property=\"og:site_name\" content=\"Chef Pastry\" \/>\n<meta property=\"article:modified_time\" content=\"2025-04-10T08:45:42+00:00\" \/>\n<meta property=\"og:image\" content=\"https:\/\/chefpastry.ch\/wp-content\/uploads\/2022\/06\/image-809.jpg\" \/>\n\t<meta property=\"og:image:width\" content=\"480\" \/>\n\t<meta property=\"og:image:height\" content=\"360\" \/>\n\t<meta property=\"og:image:type\" content=\"image\/jpeg\" \/>\n<meta name=\"twitter:card\" content=\"summary_large_image\" \/>\n<meta name=\"twitter:label1\" content=\"Verf\u00fcgbarkeit\" \/>\n\t<meta name=\"twitter:data1\" content=\"Auf Lager\" \/>\n<script type=\"application\/ld+json\" class=\"yoast-schema-graph\">{\"@context\":\"https:\/\/schema.org\",\"@graph\":[{\"@type\":\"WebPage\",\"@id\":\"https:\/\/chefpastry.ch\/produit\/grand-cru-couverture-opus-blanc\/\",\"url\":\"https:\/\/chefpastry.ch\/produit\/grand-cru-couverture-opus-blanc\/\",\"name\":\"GRAND CRU COUVERTURE OPUS BLANC 35% - Chef Pastry\",\"isPartOf\":{\"@id\":\"https:\/\/chefpastry.ch\/#website\"},\"primaryImageOfPage\":{\"@id\":\"https:\/\/chefpastry.ch\/produit\/grand-cru-couverture-opus-blanc\/#primaryimage\"},\"image\":{\"@id\":\"https:\/\/chefpastry.ch\/produit\/grand-cru-couverture-opus-blanc\/#primaryimage\"},\"thumbnailUrl\":\"https:\/\/chefpastry.ch\/wp-content\/uploads\/2022\/06\/image-809.jpg\",\"datePublished\":\"2022-06-02T21:11:55+00:00\",\"dateModified\":\"2025-04-10T08:45:42+00:00\",\"description\":\"Grand Cru Couverture Opus Blanc, Chocolat blanc au lait de montagne.Pour l'enrobage de pralin\u00e9s et sp\u00e9cialit\u00e9s, pour le moulage etc...\",\"breadcrumb\":{\"@id\":\"https:\/\/chefpastry.ch\/produit\/grand-cru-couverture-opus-blanc\/#breadcrumb\"},\"inLanguage\":\"de\",\"potentialAction\":[{\"@type\":\"ReadAction\",\"target\":[\"https:\/\/chefpastry.ch\/produit\/grand-cru-couverture-opus-blanc\/\"]}]},{\"@type\":\"ImageObject\",\"inLanguage\":\"de\",\"@id\":\"https:\/\/chefpastry.ch\/produit\/grand-cru-couverture-opus-blanc\/#primaryimage\",\"url\":\"https:\/\/chefpastry.ch\/wp-content\/uploads\/2022\/06\/image-809.jpg\",\"contentUrl\":\"https:\/\/chefpastry.ch\/wp-content\/uploads\/2022\/06\/image-809.jpg\",\"width\":480,\"height\":360,\"caption\":\"Grand Cru Couverture Opus\"},{\"@type\":\"BreadcrumbList\",\"@id\":\"https:\/\/chefpastry.ch\/produit\/grand-cru-couverture-opus-blanc\/#breadcrumb\",\"itemListElement\":[{\"@type\":\"ListItem\",\"position\":1,\"name\":\"Home\",\"item\":\"https:\/\/chefpastry.ch\/\"},{\"@type\":\"ListItem\",\"position\":2,\"name\":\"E-shop\",\"item\":\"https:\/\/chefpastry.ch\/e-shop\/\"},{\"@type\":\"ListItem\",\"position\":3,\"name\":\"GRAND CRU COUVERTURE OPUS BLANC 35%\"}]},{\"@type\":\"WebSite\",\"@id\":\"https:\/\/chefpastry.ch\/#website\",\"url\":\"https:\/\/chefpastry.ch\/\",\"name\":\"Chef Pastry\",\"description\":\"\",\"publisher\":{\"@id\":\"https:\/\/chefpastry.ch\/#organization\"},\"potentialAction\":[{\"@type\":\"SearchAction\",\"target\":{\"@type\":\"EntryPoint\",\"urlTemplate\":\"https:\/\/chefpastry.ch\/?s={search_term_string}\"},\"query-input\":{\"@type\":\"PropertyValueSpecification\",\"valueRequired\":true,\"valueName\":\"search_term_string\"}}],\"inLanguage\":\"de\"},{\"@type\":\"Organization\",\"@id\":\"https:\/\/chefpastry.ch\/#organization\",\"name\":\"Chef Pastry\",\"url\":\"https:\/\/chefpastry.ch\/\",\"logo\":{\"@type\":\"ImageObject\",\"inLanguage\":\"de\",\"@id\":\"https:\/\/chefpastry.ch\/#\/schema\/logo\/image\/\",\"url\":\"https:\/\/chefpastry.ch\/wp-content\/uploads\/2022\/07\/cropped-chef_pastry_logo_rgb-03.png\",\"contentUrl\":\"https:\/\/chefpastry.ch\/wp-content\/uploads\/2022\/07\/cropped-chef_pastry_logo_rgb-03.png\",\"width\":1545,\"height\":412,\"caption\":\"Chef Pastry\"},\"image\":{\"@id\":\"https:\/\/chefpastry.ch\/#\/schema\/logo\/image\/\"}}]}<\/script>\n<meta property=\"og:availability\" content=\"instock\" \/>\n<meta property=\"product:availability\" content=\"instock\" \/>\n<meta property=\"product:condition\" content=\"new\" \/>\n<!-- \/ Yoast SEO plugin. -->","yoast_head_json":{"title":"GRAND CRU COUVERTURE OPUS BLANC 35% - Chef Pastry","description":"Grand Cru Couverture Opus Blanc, Chocolat blanc au lait de montagne.Pour l'enrobage de pralin\u00e9s et sp\u00e9cialit\u00e9s, pour le moulage etc...","robots":{"index":"index","follow":"follow","max-snippet":"max-snippet:-1","max-image-preview":"max-image-preview:large","max-video-preview":"max-video-preview:-1"},"canonical":"https:\/\/chefpastry.ch\/de\/produkt\/grand-cru-couverture-opus-blanc\/","og_locale":"de_DE","og_type":"article","og_title":"GRAND CRU COUVERTURE OPUS BLANC 35% - Chef Pastry","og_description":"Grand Cru Couverture Opus Blanc, Chocolat blanc au lait de montagne.Pour l'enrobage de pralin\u00e9s et sp\u00e9cialit\u00e9s, pour le moulage etc...","og_url":"https:\/\/chefpastry.ch\/de\/produkt\/grand-cru-couverture-opus-blanc\/","og_site_name":"Chef Pastry","article_modified_time":"2025-04-10T08:45:42+00:00","og_image":[{"width":480,"height":360,"url":"https:\/\/chefpastry.ch\/wp-content\/uploads\/2022\/06\/image-809.jpg","type":"image\/jpeg"}],"twitter_card":"summary_large_image","twitter_misc":{"Verf\u00fcgbarkeit":"Auf Lager"},"schema":{"@context":"https:\/\/schema.org","@graph":[{"@type":"WebPage","@id":"https:\/\/chefpastry.ch\/produit\/grand-cru-couverture-opus-blanc\/","url":"https:\/\/chefpastry.ch\/produit\/grand-cru-couverture-opus-blanc\/","name":"GRAND CRU COUVERTURE OPUS BLANC 35% - Chef Pastry","isPartOf":{"@id":"https:\/\/chefpastry.ch\/#website"},"primaryImageOfPage":{"@id":"https:\/\/chefpastry.ch\/produit\/grand-cru-couverture-opus-blanc\/#primaryimage"},"image":{"@id":"https:\/\/chefpastry.ch\/produit\/grand-cru-couverture-opus-blanc\/#primaryimage"},"thumbnailUrl":"https:\/\/chefpastry.ch\/wp-content\/uploads\/2022\/06\/image-809.jpg","datePublished":"2022-06-02T21:11:55+00:00","dateModified":"2025-04-10T08:45:42+00:00","description":"Grand Cru Couverture Opus Blanc, Chocolat blanc au lait de montagne.Pour l'enrobage de pralin\u00e9s et sp\u00e9cialit\u00e9s, pour le moulage etc...","breadcrumb":{"@id":"https:\/\/chefpastry.ch\/produit\/grand-cru-couverture-opus-blanc\/#breadcrumb"},"inLanguage":"de","potentialAction":[{"@type":"ReadAction","target":["https:\/\/chefpastry.ch\/produit\/grand-cru-couverture-opus-blanc\/"]}]},{"@type":"ImageObject","inLanguage":"de","@id":"https:\/\/chefpastry.ch\/produit\/grand-cru-couverture-opus-blanc\/#primaryimage","url":"https:\/\/chefpastry.ch\/wp-content\/uploads\/2022\/06\/image-809.jpg","contentUrl":"https:\/\/chefpastry.ch\/wp-content\/uploads\/2022\/06\/image-809.jpg","width":480,"height":360,"caption":"Grand Cru Couverture Opus"},{"@type":"BreadcrumbList","@id":"https:\/\/chefpastry.ch\/produit\/grand-cru-couverture-opus-blanc\/#breadcrumb","itemListElement":[{"@type":"ListItem","position":1,"name":"Home","item":"https:\/\/chefpastry.ch\/"},{"@type":"ListItem","position":2,"name":"E-shop","item":"https:\/\/chefpastry.ch\/e-shop\/"},{"@type":"ListItem","position":3,"name":"GRAND CRU COUVERTURE OPUS BLANC 35%"}]},{"@type":"WebSite","@id":"https:\/\/chefpastry.ch\/#website","url":"https:\/\/chefpastry.ch\/","name":"Chef Pastry","description":"","publisher":{"@id":"https:\/\/chefpastry.ch\/#organization"},"potentialAction":[{"@type":"SearchAction","target":{"@type":"EntryPoint","urlTemplate":"https:\/\/chefpastry.ch\/?s={search_term_string}"},"query-input":{"@type":"PropertyValueSpecification","valueRequired":true,"valueName":"search_term_string"}}],"inLanguage":"de"},{"@type":"Organization","@id":"https:\/\/chefpastry.ch\/#organization","name":"Chef Pastry","url":"https:\/\/chefpastry.ch\/","logo":{"@type":"ImageObject","inLanguage":"de","@id":"https:\/\/chefpastry.ch\/#\/schema\/logo\/image\/","url":"https:\/\/chefpastry.ch\/wp-content\/uploads\/2022\/07\/cropped-chef_pastry_logo_rgb-03.png","contentUrl":"https:\/\/chefpastry.ch\/wp-content\/uploads\/2022\/07\/cropped-chef_pastry_logo_rgb-03.png","width":1545,"height":412,"caption":"Chef Pastry"},"image":{"@id":"https:\/\/chefpastry.ch\/#\/schema\/logo\/image\/"}}]},"og_availability":"instock","product_availability":"instock","product_condition":"new"},"_links":{"self":[{"href":"https:\/\/chefpastry.ch\/de\/wp-json\/wp\/v2\/product\/4956","targetHints":{"allow":["GET"]}}],"collection":[{"href":"https:\/\/chefpastry.ch\/de\/wp-json\/wp\/v2\/product"}],"about":[{"href":"https:\/\/chefpastry.ch\/de\/wp-json\/wp\/v2\/types\/product"}],"replies":[{"embeddable":true,"href":"https:\/\/chefpastry.ch\/de\/wp-json\/wp\/v2\/comments?post=4956"}],"version-history":[{"count":3,"href":"https:\/\/chefpastry.ch\/de\/wp-json\/wp\/v2\/product\/4956\/revisions"}],"predecessor-version":[{"id":16222,"href":"https:\/\/chefpastry.ch\/de\/wp-json\/wp\/v2\/product\/4956\/revisions\/16222"}],"wp:featuredmedia":[{"embeddable":true,"href":"https:\/\/chefpastry.ch\/de\/wp-json\/wp\/v2\/media\/4958"}],"wp:attachment":[{"href":"https:\/\/chefpastry.ch\/de\/wp-json\/wp\/v2\/media?parent=4956"}],"wp:term":[{"taxonomy":"product_brand","embeddable":true,"href":"https:\/\/chefpastry.ch\/de\/wp-json\/wp\/v2\/product_brand?post=4956"},{"taxonomy":"product_cat","embeddable":true,"href":"https:\/\/chefpastry.ch\/de\/wp-json\/wp\/v2\/product_cat?post=4956"},{"taxonomy":"product_tag","embeddable":true,"href":"https:\/\/chefpastry.ch\/de\/wp-json\/wp\/v2\/product_tag?post=4956"}],"curies":[{"name":"wp","href":"https:\/\/api.w.org\/{rel}","templated":true}]}}