{"id":4930,"date":"2022-06-02T23:11:55","date_gmt":"2022-06-02T21:11:55","guid":{"rendered":"https:\/\/chefpastry-aventure-gourmande.geekworkers.dev\/produit\/kit-tarte-ring-oblong\/"},"modified":"2025-12-12T08:23:23","modified_gmt":"2025-12-12T07:23:23","slug":"kit-tarte-ring-oblong-silikomart","status":"publish","type":"product","link":"https:\/\/chefpastry.ch\/de\/produkt\/kit-tarte-ring-oblong-silikomart\/","title":{"rendered":"TARTE KIT RING L\u00c4NGLICH"},"content":{"rendered":"<p>Die <strong>Kit Tarte Ring Oblong,<\/strong> das traditionsreiche Dessert pr\u00e4sentiert sich in einem neuen Gewand dank des <strong>Kit Tarte Ring Oblong<\/strong> 146&#215;34 mm de <strong>Silikomart Professional<\/strong>.<\/p>\n<p>Das Set besteht aus <strong>zwei Elemente<\/strong> : sechs Kreise von 146 x 34 h20 mm aus unverformbarem thermoplastischem Material, die im Ofen verwendet werden k\u00f6nnen, zur Herstellung der Basis, zus\u00e4tzlich ein <strong>Silikonform<\/strong> mit sechs 133 x 21 h12 mm gro\u00dfen Vertiefungen zur Herstellung einer Mousse oder einer cremigen Masse, die \u00fcber der Basis platziert werden kann.<\/p>\n<p>Die Kreise sind <strong>antihaftbeschichtet, rostfrei<\/strong>Sie haben eine hohe Temperaturstabilit\u00e4t und erm\u00f6glichen ein gleichm\u00e4\u00dfiges Garen.<\/p>\n<p>Die Torte, die mit dem <strong>Kit Oblong<\/strong> 146 x 34 mm best\u00e4tigt sich als ein Pr\u00e4parat, das nie aus der Mode kommen wird.<\/p>\n<ul>\n<li>Gr\u00f6\u00dfe Oblong: 146 x 34 mm<\/li>\n<li>Gr\u00f6\u00dfe der Form: 133 x 21 x 12 mm<\/li>\n<li>Volumen der Miesmuschel: 28.5 ml x 6<\/li>\n<\/ul>","protected":false},"excerpt":{"rendered":"<p>Das Set besteht aus <strong>zwei Elemente<\/strong> : six cercles de 146 x 34 h20 mm en mat\u00e9riaux thermoplastique ind\u00e9formable, utilisables dans le four, pour la r\u00e9alisation de la base, un <strong>Silikonform<\/strong> avec six cavit\u00e9s de 133 x 21 h12 mm.<\/p>","protected":false},"featured_media":4932,"comment_status":"closed","ping_status":"closed","template":"","meta":{"_jet_sm_ready_style":"","_jet_sm_style":"","_jet_sm_controls_values":"","_jet_sm_fonts_collection":"","_jet_sm_fonts_links":"","_joinchat":[]},"product_brand":[],"product_cat":[79],"product_tag":[],"class_list":{"0":"post-4930","1":"product","2":"type-product","3":"status-publish","4":"has-post-thumbnail","6":"product_cat-tarte","8":"first","9":"instock","10":"taxable","11":"shipping-taxable","12":"purchasable","13":"product-type-simple"},"yoast_head":"<!-- This site is optimized with the Yoast SEO plugin v27.0 - https:\/\/yoast.com\/product\/yoast-seo-wordpress\/ -->\n<title>KIT TARTE RING OBLONG - Chef Pastry<\/title>\n<meta name=\"description\" content=\"Le kit tarte ring oblong est compos\u00e9 de deux \u00e9l\u00e9ments : six cercles de 146x34 h20 mm ind\u00e9formable, un moule en silicone avec six cavit\u00e9s de 133x21 h12 mm.\" \/>\n<meta name=\"robots\" content=\"index, follow, max-snippet:-1, max-image-preview:large, max-video-preview:-1\" \/>\n<link rel=\"canonical\" href=\"https:\/\/chefpastry.ch\/de\/produkt\/kit-tarte-ring-oblong-silikomart\/\" \/>\n<meta property=\"og:locale\" content=\"de_DE\" \/>\n<meta property=\"og:type\" content=\"article\" \/>\n<meta property=\"og:title\" content=\"KIT TARTE RING OBLONG - Chef Pastry\" \/>\n<meta property=\"og:description\" content=\"Le kit tarte ring oblong est compos\u00e9 de deux \u00e9l\u00e9ments : six cercles de 146x34 h20 mm ind\u00e9formable, un moule en silicone avec six cavit\u00e9s de 133x21 h12 mm.\" \/>\n<meta property=\"og:url\" content=\"https:\/\/chefpastry.ch\/de\/produkt\/kit-tarte-ring-oblong-silikomart\/\" \/>\n<meta property=\"og:site_name\" content=\"Chef Pastry\" \/>\n<meta property=\"article:modified_time\" content=\"2025-12-12T07:23:23+00:00\" \/>\n<meta property=\"og:image\" content=\"https:\/\/chefpastry.ch\/wp-content\/uploads\/2022\/06\/image-791.jpg\" \/>\n\t<meta property=\"og:image:width\" content=\"600\" \/>\n\t<meta property=\"og:image:height\" content=\"400\" \/>\n\t<meta property=\"og:image:type\" content=\"image\/jpeg\" \/>\n<meta name=\"twitter:card\" content=\"summary_large_image\" \/>\n<meta name=\"twitter:label1\" content=\"Preis\" \/>\n\t<meta name=\"twitter:data1\" content=\"&#067;&#072;&#070;&nbsp;44.00 TTC\" \/>\n\t<meta name=\"twitter:label2\" content=\"Verf\u00fcgbarkeit\" \/>\n\t<meta name=\"twitter:data2\" content=\"Auf Lager\" \/>\n<script type=\"application\/ld+json\" class=\"yoast-schema-graph\">{\"@context\":\"https:\/\/schema.org\",\"@graph\":[{\"@type\":\"WebPage\",\"@id\":\"https:\/\/chefpastry.ch\/produit\/kit-tarte-ring-oblong-silikomart\/\",\"url\":\"https:\/\/chefpastry.ch\/produit\/kit-tarte-ring-oblong-silikomart\/\",\"name\":\"KIT TARTE RING OBLONG - Chef Pastry\",\"isPartOf\":{\"@id\":\"https:\/\/chefpastry.ch\/#website\"},\"primaryImageOfPage\":{\"@id\":\"https:\/\/chefpastry.ch\/produit\/kit-tarte-ring-oblong-silikomart\/#primaryimage\"},\"image\":{\"@id\":\"https:\/\/chefpastry.ch\/produit\/kit-tarte-ring-oblong-silikomart\/#primaryimage\"},\"thumbnailUrl\":\"https:\/\/chefpastry.ch\/wp-content\/uploads\/2022\/06\/image-791.jpg\",\"datePublished\":\"2022-06-02T21:11:55+00:00\",\"dateModified\":\"2025-12-12T07:23:23+00:00\",\"description\":\"Le kit tarte ring oblong est compos\u00e9 de deux \u00e9l\u00e9ments : six cercles de 146x34 h20 mm ind\u00e9formable, un moule en silicone avec six cavit\u00e9s de 133x21 h12 mm.\",\"breadcrumb\":{\"@id\":\"https:\/\/chefpastry.ch\/produit\/kit-tarte-ring-oblong-silikomart\/#breadcrumb\"},\"inLanguage\":\"de\",\"potentialAction\":[{\"@type\":\"ReadAction\",\"target\":[\"https:\/\/chefpastry.ch\/produit\/kit-tarte-ring-oblong-silikomart\/\"]}]},{\"@type\":\"ImageObject\",\"inLanguage\":\"de\",\"@id\":\"https:\/\/chefpastry.ch\/produit\/kit-tarte-ring-oblong-silikomart\/#primaryimage\",\"url\":\"https:\/\/chefpastry.ch\/wp-content\/uploads\/2022\/06\/image-791.jpg\",\"contentUrl\":\"https:\/\/chefpastry.ch\/wp-content\/uploads\/2022\/06\/image-791.jpg\",\"width\":600,\"height\":400,\"caption\":\"Kit Tarte Ring Oblong\"},{\"@type\":\"BreadcrumbList\",\"@id\":\"https:\/\/chefpastry.ch\/produit\/kit-tarte-ring-oblong-silikomart\/#breadcrumb\",\"itemListElement\":[{\"@type\":\"ListItem\",\"position\":1,\"name\":\"Home\",\"item\":\"https:\/\/chefpastry.ch\/\"},{\"@type\":\"ListItem\",\"position\":2,\"name\":\"E-shop\",\"item\":\"https:\/\/chefpastry.ch\/e-shop\/\"},{\"@type\":\"ListItem\",\"position\":3,\"name\":\"KIT TARTE RING OBLONG\"}]},{\"@type\":\"WebSite\",\"@id\":\"https:\/\/chefpastry.ch\/#website\",\"url\":\"https:\/\/chefpastry.ch\/\",\"name\":\"Chef Pastry\",\"description\":\"\",\"publisher\":{\"@id\":\"https:\/\/chefpastry.ch\/#organization\"},\"potentialAction\":[{\"@type\":\"SearchAction\",\"target\":{\"@type\":\"EntryPoint\",\"urlTemplate\":\"https:\/\/chefpastry.ch\/?s={search_term_string}\"},\"query-input\":{\"@type\":\"PropertyValueSpecification\",\"valueRequired\":true,\"valueName\":\"search_term_string\"}}],\"inLanguage\":\"de\"},{\"@type\":\"Organization\",\"@id\":\"https:\/\/chefpastry.ch\/#organization\",\"name\":\"Chef Pastry\",\"url\":\"https:\/\/chefpastry.ch\/\",\"logo\":{\"@type\":\"ImageObject\",\"inLanguage\":\"de\",\"@id\":\"https:\/\/chefpastry.ch\/#\/schema\/logo\/image\/\",\"url\":\"https:\/\/chefpastry.ch\/wp-content\/uploads\/2022\/07\/cropped-chef_pastry_logo_rgb-03.png\",\"contentUrl\":\"https:\/\/chefpastry.ch\/wp-content\/uploads\/2022\/07\/cropped-chef_pastry_logo_rgb-03.png\",\"width\":1545,\"height\":412,\"caption\":\"Chef Pastry\"},\"image\":{\"@id\":\"https:\/\/chefpastry.ch\/#\/schema\/logo\/image\/\"}}]}<\/script>\n<meta property=\"product:price:amount\" content=\"44.00\" \/>\n<meta property=\"product:price:currency\" content=\"CHF\" \/>\n<meta property=\"og:availability\" content=\"instock\" \/>\n<meta property=\"product:availability\" content=\"instock\" \/>\n<meta property=\"product:retailer_item_id\" content=\"25.287.87.0065\" \/>\n<meta property=\"product:condition\" content=\"new\" \/>\n<!-- \/ Yoast SEO plugin. -->","yoast_head_json":{"title":"KIT TARTE RING OBLONG - Chef Pastry","description":"Le kit tarte ring oblong est compos\u00e9 de deux \u00e9l\u00e9ments : six cercles de 146x34 h20 mm ind\u00e9formable, un moule en silicone avec six cavit\u00e9s de 133x21 h12 mm.","robots":{"index":"index","follow":"follow","max-snippet":"max-snippet:-1","max-image-preview":"max-image-preview:large","max-video-preview":"max-video-preview:-1"},"canonical":"https:\/\/chefpastry.ch\/de\/produkt\/kit-tarte-ring-oblong-silikomart\/","og_locale":"de_DE","og_type":"article","og_title":"KIT TARTE RING OBLONG - Chef Pastry","og_description":"Le kit tarte ring oblong est compos\u00e9 de deux \u00e9l\u00e9ments : six cercles de 146x34 h20 mm ind\u00e9formable, un moule en silicone avec six cavit\u00e9s de 133x21 h12 mm.","og_url":"https:\/\/chefpastry.ch\/de\/produkt\/kit-tarte-ring-oblong-silikomart\/","og_site_name":"Chef Pastry","article_modified_time":"2025-12-12T07:23:23+00:00","og_image":[{"width":600,"height":400,"url":"https:\/\/chefpastry.ch\/wp-content\/uploads\/2022\/06\/image-791.jpg","type":"image\/jpeg"}],"twitter_card":"summary_large_image","twitter_misc":{"Preis":"&#67;&#72;&#70;&nbsp;44.00 TTC","Verf\u00fcgbarkeit":"Auf Lager"},"schema":{"@context":"https:\/\/schema.org","@graph":[{"@type":"WebPage","@id":"https:\/\/chefpastry.ch\/produit\/kit-tarte-ring-oblong-silikomart\/","url":"https:\/\/chefpastry.ch\/produit\/kit-tarte-ring-oblong-silikomart\/","name":"KIT TARTE RING OBLONG - Chef Pastry","isPartOf":{"@id":"https:\/\/chefpastry.ch\/#website"},"primaryImageOfPage":{"@id":"https:\/\/chefpastry.ch\/produit\/kit-tarte-ring-oblong-silikomart\/#primaryimage"},"image":{"@id":"https:\/\/chefpastry.ch\/produit\/kit-tarte-ring-oblong-silikomart\/#primaryimage"},"thumbnailUrl":"https:\/\/chefpastry.ch\/wp-content\/uploads\/2022\/06\/image-791.jpg","datePublished":"2022-06-02T21:11:55+00:00","dateModified":"2025-12-12T07:23:23+00:00","description":"Le kit tarte ring oblong est compos\u00e9 de deux \u00e9l\u00e9ments : six cercles de 146x34 h20 mm ind\u00e9formable, un moule en silicone avec six cavit\u00e9s de 133x21 h12 mm.","breadcrumb":{"@id":"https:\/\/chefpastry.ch\/produit\/kit-tarte-ring-oblong-silikomart\/#breadcrumb"},"inLanguage":"de","potentialAction":[{"@type":"ReadAction","target":["https:\/\/chefpastry.ch\/produit\/kit-tarte-ring-oblong-silikomart\/"]}]},{"@type":"ImageObject","inLanguage":"de","@id":"https:\/\/chefpastry.ch\/produit\/kit-tarte-ring-oblong-silikomart\/#primaryimage","url":"https:\/\/chefpastry.ch\/wp-content\/uploads\/2022\/06\/image-791.jpg","contentUrl":"https:\/\/chefpastry.ch\/wp-content\/uploads\/2022\/06\/image-791.jpg","width":600,"height":400,"caption":"Kit Tarte Ring Oblong"},{"@type":"BreadcrumbList","@id":"https:\/\/chefpastry.ch\/produit\/kit-tarte-ring-oblong-silikomart\/#breadcrumb","itemListElement":[{"@type":"ListItem","position":1,"name":"Home","item":"https:\/\/chefpastry.ch\/"},{"@type":"ListItem","position":2,"name":"E-shop","item":"https:\/\/chefpastry.ch\/e-shop\/"},{"@type":"ListItem","position":3,"name":"KIT TARTE RING OBLONG"}]},{"@type":"WebSite","@id":"https:\/\/chefpastry.ch\/#website","url":"https:\/\/chefpastry.ch\/","name":"Chef Pastry","description":"","publisher":{"@id":"https:\/\/chefpastry.ch\/#organization"},"potentialAction":[{"@type":"SearchAction","target":{"@type":"EntryPoint","urlTemplate":"https:\/\/chefpastry.ch\/?s={search_term_string}"},"query-input":{"@type":"PropertyValueSpecification","valueRequired":true,"valueName":"search_term_string"}}],"inLanguage":"de"},{"@type":"Organization","@id":"https:\/\/chefpastry.ch\/#organization","name":"Chef Pastry","url":"https:\/\/chefpastry.ch\/","logo":{"@type":"ImageObject","inLanguage":"de","@id":"https:\/\/chefpastry.ch\/#\/schema\/logo\/image\/","url":"https:\/\/chefpastry.ch\/wp-content\/uploads\/2022\/07\/cropped-chef_pastry_logo_rgb-03.png","contentUrl":"https:\/\/chefpastry.ch\/wp-content\/uploads\/2022\/07\/cropped-chef_pastry_logo_rgb-03.png","width":1545,"height":412,"caption":"Chef Pastry"},"image":{"@id":"https:\/\/chefpastry.ch\/#\/schema\/logo\/image\/"}}]},"product_price_amount":"44.00","product_price_currency":"CHF","og_availability":"instock","product_availability":"instock","product_retailer_item_id":"25.287.87.0065","product_condition":"new"},"_links":{"self":[{"href":"https:\/\/chefpastry.ch\/de\/wp-json\/wp\/v2\/product\/4930","targetHints":{"allow":["GET"]}}],"collection":[{"href":"https:\/\/chefpastry.ch\/de\/wp-json\/wp\/v2\/product"}],"about":[{"href":"https:\/\/chefpastry.ch\/de\/wp-json\/wp\/v2\/types\/product"}],"replies":[{"embeddable":true,"href":"https:\/\/chefpastry.ch\/de\/wp-json\/wp\/v2\/comments?post=4930"}],"version-history":[{"count":1,"href":"https:\/\/chefpastry.ch\/de\/wp-json\/wp\/v2\/product\/4930\/revisions"}],"predecessor-version":[{"id":16990,"href":"https:\/\/chefpastry.ch\/de\/wp-json\/wp\/v2\/product\/4930\/revisions\/16990"}],"wp:featuredmedia":[{"embeddable":true,"href":"https:\/\/chefpastry.ch\/de\/wp-json\/wp\/v2\/media\/4932"}],"wp:attachment":[{"href":"https:\/\/chefpastry.ch\/de\/wp-json\/wp\/v2\/media?parent=4930"}],"wp:term":[{"taxonomy":"product_brand","embeddable":true,"href":"https:\/\/chefpastry.ch\/de\/wp-json\/wp\/v2\/product_brand?post=4930"},{"taxonomy":"product_cat","embeddable":true,"href":"https:\/\/chefpastry.ch\/de\/wp-json\/wp\/v2\/product_cat?post=4930"},{"taxonomy":"product_tag","embeddable":true,"href":"https:\/\/chefpastry.ch\/de\/wp-json\/wp\/v2\/product_tag?post=4930"}],"curies":[{"name":"wp","href":"https:\/\/api.w.org\/{rel}","templated":true}]}}