{"id":4920,"date":"2022-06-02T23:11:55","date_gmt":"2022-06-02T21:11:55","guid":{"rendered":"https:\/\/chefpastry-aventure-gourmande.geekworkers.dev\/produit\/cuilla%cb%86res-plume-spoon-decor-par-2\/"},"modified":"2023-12-31T16:44:37","modified_gmt":"2023-12-31T15:44:37","slug":"cuilleres-plume-decor-silikomart","status":"publish","type":"product","link":"https:\/\/chefpastry.ch\/de\/produkt\/cuilleres-plume-decor-silikomart\/","title":{"rendered":"FEDER L\u00d6FFEL SPOON DECOR PRO 2"},"content":{"rendered":"<p><strong>Der L\u00f6ffel Feder decor Silikomart<\/strong>, id\u00e9al pour r\u00e9aliser un d\u00e9cor ou une signature avec : sauce sal\u00e9e, coulis de tomates, vinaigre balsamique, \u00e9mulsion de l\u00e9gumes ou poisson, pur\u00e9e d\u00e9tendue, jus de viande, sauce hollandaise, coulis de fruit, sauce au chocolat, caramel, cr\u00e8me anglaise&#8230;<\/p>\n<p>Mode d&#8217;emploi pour la cuill\u00e8res Plume decor Silikomart: Dans un petit r\u00e9cipient, pr\u00e9lever dans la cuill\u00e8re plume une petite quantit\u00e9 de sauce et d\u00e9poser la pointe de la cuill\u00e8re \u00e0 la verticale sur votre assiette en glissant la plume sur la porcelaine. Vous pouvez obtenir des traits pleins et d\u00e9li\u00e9s. Vous pouvez superposer des traits de couleurs ou combiner traits et pointill\u00e9s.<\/p>\n<ul>\n<li>\n<div class=\"dimension-container\">\n<div class=\"dimension-item\">\n<p class=\"dimension-title\">Gr\u00f6\u00dfe: 130mm x 80mm x h 260mm<\/p>\n<\/div>\n<\/div>\n<\/li>\n<\/ul>","protected":false},"excerpt":{"rendered":"<p><strong>La cuill\u00e8res Plume de Silikomart<\/strong>, id\u00e9al pour r\u00e9aliser un d\u00e9cor ou une signature avec : sauce sal\u00e9e, coulis de tomates, vinaigre balsamique, \u00e9mulsion de l\u00e9gumes ou poisson, pur\u00e9e d\u00e9tendue, jus de viande, sauce hollandaise, coulis de fruit, sauce au chocolat, caramel, cr\u00e8me anglaise&#8230;<\/p>","protected":false},"featured_media":4922,"comment_status":"closed","ping_status":"closed","template":"","meta":{"_jet_sm_ready_style":"","_jet_sm_style":"","_jet_sm_controls_values":"","_jet_sm_fonts_collection":"","_jet_sm_fonts_links":"","_joinchat":[]},"product_brand":[],"product_cat":[53],"product_tag":[],"class_list":{"0":"post-4920","1":"product","2":"type-product","3":"status-publish","4":"has-post-thumbnail","6":"product_cat-chocolats","8":"first","9":"instock","10":"taxable","11":"shipping-taxable","12":"purchasable","13":"product-type-simple"},"yoast_head":"<!-- This site is optimized with the Yoast SEO plugin v27.0 - https:\/\/yoast.com\/product\/yoast-seo-wordpress\/ -->\n<title>CUILL\u00c8RES PLUME SPOON DECOR PAR 2 - Chef Pastry<\/title>\n<meta name=\"description\" content=\"La cuill\u00e8res Plume decore Silikomart, id\u00e9al pour r\u00e9aliser un d\u00e9cor ou une signature avec : sauce sal\u00e9e, coulis de tomates, vinaigre balsamique, etc...\" \/>\n<meta name=\"robots\" content=\"index, follow, max-snippet:-1, max-image-preview:large, max-video-preview:-1\" \/>\n<link rel=\"canonical\" href=\"https:\/\/chefpastry.ch\/de\/produkt\/cuilleres-plume-decor-silikomart\/\" \/>\n<meta property=\"og:locale\" content=\"de_DE\" \/>\n<meta property=\"og:type\" content=\"article\" \/>\n<meta property=\"og:title\" content=\"CUILL\u00c8RES PLUME SPOON DECOR PAR 2 - Chef Pastry\" \/>\n<meta property=\"og:description\" content=\"La cuill\u00e8res Plume decore Silikomart, id\u00e9al pour r\u00e9aliser un d\u00e9cor ou une signature avec : sauce sal\u00e9e, coulis de tomates, vinaigre balsamique, etc...\" \/>\n<meta property=\"og:url\" content=\"https:\/\/chefpastry.ch\/de\/produkt\/cuilleres-plume-decor-silikomart\/\" \/>\n<meta property=\"og:site_name\" content=\"Chef Pastry\" \/>\n<meta property=\"article:modified_time\" content=\"2023-12-31T15:44:37+00:00\" \/>\n<meta property=\"og:image\" content=\"https:\/\/chefpastry.ch\/wp-content\/uploads\/2022\/06\/image-783.jpg\" \/>\n\t<meta property=\"og:image:width\" content=\"600\" \/>\n\t<meta property=\"og:image:height\" content=\"400\" \/>\n\t<meta property=\"og:image:type\" content=\"image\/jpeg\" \/>\n<meta name=\"twitter:card\" content=\"summary_large_image\" \/>\n<meta name=\"twitter:label1\" content=\"Preis\" \/>\n\t<meta name=\"twitter:data1\" content=\"&#067;&#072;&#070;&nbsp;29.50 TTC\" \/>\n\t<meta name=\"twitter:label2\" content=\"Verf\u00fcgbarkeit\" \/>\n\t<meta name=\"twitter:data2\" content=\"Auf Lager\" \/>\n<script type=\"application\/ld+json\" class=\"yoast-schema-graph\">{\"@context\":\"https:\/\/schema.org\",\"@graph\":[{\"@type\":\"WebPage\",\"@id\":\"https:\/\/chefpastry.ch\/produit\/cuilleres-plume-decor-silikomart\/\",\"url\":\"https:\/\/chefpastry.ch\/produit\/cuilleres-plume-decor-silikomart\/\",\"name\":\"CUILL\u00c8RES PLUME SPOON DECOR PAR 2 - Chef Pastry\",\"isPartOf\":{\"@id\":\"https:\/\/chefpastry.ch\/#website\"},\"primaryImageOfPage\":{\"@id\":\"https:\/\/chefpastry.ch\/produit\/cuilleres-plume-decor-silikomart\/#primaryimage\"},\"image\":{\"@id\":\"https:\/\/chefpastry.ch\/produit\/cuilleres-plume-decor-silikomart\/#primaryimage\"},\"thumbnailUrl\":\"https:\/\/chefpastry.ch\/wp-content\/uploads\/2022\/06\/image-783.jpg\",\"datePublished\":\"2022-06-02T21:11:55+00:00\",\"dateModified\":\"2023-12-31T15:44:37+00:00\",\"description\":\"La cuill\u00e8res Plume decore Silikomart, id\u00e9al pour r\u00e9aliser un d\u00e9cor ou une signature avec : sauce sal\u00e9e, coulis de tomates, vinaigre balsamique, etc...\",\"breadcrumb\":{\"@id\":\"https:\/\/chefpastry.ch\/produit\/cuilleres-plume-decor-silikomart\/#breadcrumb\"},\"inLanguage\":\"de\",\"potentialAction\":[{\"@type\":\"ReadAction\",\"target\":[\"https:\/\/chefpastry.ch\/produit\/cuilleres-plume-decor-silikomart\/\"]}]},{\"@type\":\"ImageObject\",\"inLanguage\":\"de\",\"@id\":\"https:\/\/chefpastry.ch\/produit\/cuilleres-plume-decor-silikomart\/#primaryimage\",\"url\":\"https:\/\/chefpastry.ch\/wp-content\/uploads\/2022\/06\/image-783.jpg\",\"contentUrl\":\"https:\/\/chefpastry.ch\/wp-content\/uploads\/2022\/06\/image-783.jpg\",\"width\":600,\"height\":400,\"caption\":\"cuill\u00e8res Plume de Silikomart\"},{\"@type\":\"BreadcrumbList\",\"@id\":\"https:\/\/chefpastry.ch\/produit\/cuilleres-plume-decor-silikomart\/#breadcrumb\",\"itemListElement\":[{\"@type\":\"ListItem\",\"position\":1,\"name\":\"Home\",\"item\":\"https:\/\/chefpastry.ch\/\"},{\"@type\":\"ListItem\",\"position\":2,\"name\":\"E-shop\",\"item\":\"https:\/\/chefpastry.ch\/e-shop\/\"},{\"@type\":\"ListItem\",\"position\":3,\"name\":\"CUILL\u00c8RES PLUME SPOON DECOR PAR 2\"}]},{\"@type\":\"WebSite\",\"@id\":\"https:\/\/chefpastry.ch\/#website\",\"url\":\"https:\/\/chefpastry.ch\/\",\"name\":\"Chef Pastry\",\"description\":\"\",\"publisher\":{\"@id\":\"https:\/\/chefpastry.ch\/#organization\"},\"potentialAction\":[{\"@type\":\"SearchAction\",\"target\":{\"@type\":\"EntryPoint\",\"urlTemplate\":\"https:\/\/chefpastry.ch\/?s={search_term_string}\"},\"query-input\":{\"@type\":\"PropertyValueSpecification\",\"valueRequired\":true,\"valueName\":\"search_term_string\"}}],\"inLanguage\":\"de\"},{\"@type\":\"Organization\",\"@id\":\"https:\/\/chefpastry.ch\/#organization\",\"name\":\"Chef Pastry\",\"url\":\"https:\/\/chefpastry.ch\/\",\"logo\":{\"@type\":\"ImageObject\",\"inLanguage\":\"de\",\"@id\":\"https:\/\/chefpastry.ch\/#\/schema\/logo\/image\/\",\"url\":\"https:\/\/chefpastry.ch\/wp-content\/uploads\/2022\/07\/cropped-chef_pastry_logo_rgb-03.png\",\"contentUrl\":\"https:\/\/chefpastry.ch\/wp-content\/uploads\/2022\/07\/cropped-chef_pastry_logo_rgb-03.png\",\"width\":1545,\"height\":412,\"caption\":\"Chef Pastry\"},\"image\":{\"@id\":\"https:\/\/chefpastry.ch\/#\/schema\/logo\/image\/\"}}]}<\/script>\n<meta property=\"product:price:amount\" content=\"29.50\" \/>\n<meta property=\"product:price:currency\" content=\"CHF\" \/>\n<meta property=\"og:availability\" content=\"instock\" \/>\n<meta property=\"product:availability\" content=\"instock\" \/>\n<meta property=\"product:retailer_item_id\" content=\"70.131.98.0067\" \/>\n<meta property=\"product:condition\" content=\"new\" \/>\n<!-- \/ Yoast SEO plugin. -->","yoast_head_json":{"title":"CUILL\u00c8RES PLUME SPOON DECOR PAR 2 - Chef Pastry","description":"La cuill\u00e8res Plume decore Silikomart, id\u00e9al pour r\u00e9aliser un d\u00e9cor ou une signature avec : sauce sal\u00e9e, coulis de tomates, vinaigre balsamique, etc...","robots":{"index":"index","follow":"follow","max-snippet":"max-snippet:-1","max-image-preview":"max-image-preview:large","max-video-preview":"max-video-preview:-1"},"canonical":"https:\/\/chefpastry.ch\/de\/produkt\/cuilleres-plume-decor-silikomart\/","og_locale":"de_DE","og_type":"article","og_title":"CUILL\u00c8RES PLUME SPOON DECOR PAR 2 - Chef Pastry","og_description":"La cuill\u00e8res Plume decore Silikomart, id\u00e9al pour r\u00e9aliser un d\u00e9cor ou une signature avec : sauce sal\u00e9e, coulis de tomates, vinaigre balsamique, etc...","og_url":"https:\/\/chefpastry.ch\/de\/produkt\/cuilleres-plume-decor-silikomart\/","og_site_name":"Chef Pastry","article_modified_time":"2023-12-31T15:44:37+00:00","og_image":[{"width":600,"height":400,"url":"https:\/\/chefpastry.ch\/wp-content\/uploads\/2022\/06\/image-783.jpg","type":"image\/jpeg"}],"twitter_card":"summary_large_image","twitter_misc":{"Preis":"&#67;&#72;&#70;&nbsp;29.50 TTC","Verf\u00fcgbarkeit":"Auf Lager"},"schema":{"@context":"https:\/\/schema.org","@graph":[{"@type":"WebPage","@id":"https:\/\/chefpastry.ch\/produit\/cuilleres-plume-decor-silikomart\/","url":"https:\/\/chefpastry.ch\/produit\/cuilleres-plume-decor-silikomart\/","name":"CUILL\u00c8RES PLUME SPOON DECOR PAR 2 - Chef Pastry","isPartOf":{"@id":"https:\/\/chefpastry.ch\/#website"},"primaryImageOfPage":{"@id":"https:\/\/chefpastry.ch\/produit\/cuilleres-plume-decor-silikomart\/#primaryimage"},"image":{"@id":"https:\/\/chefpastry.ch\/produit\/cuilleres-plume-decor-silikomart\/#primaryimage"},"thumbnailUrl":"https:\/\/chefpastry.ch\/wp-content\/uploads\/2022\/06\/image-783.jpg","datePublished":"2022-06-02T21:11:55+00:00","dateModified":"2023-12-31T15:44:37+00:00","description":"La cuill\u00e8res Plume decore Silikomart, id\u00e9al pour r\u00e9aliser un d\u00e9cor ou une signature avec : sauce sal\u00e9e, coulis de tomates, vinaigre balsamique, etc...","breadcrumb":{"@id":"https:\/\/chefpastry.ch\/produit\/cuilleres-plume-decor-silikomart\/#breadcrumb"},"inLanguage":"de","potentialAction":[{"@type":"ReadAction","target":["https:\/\/chefpastry.ch\/produit\/cuilleres-plume-decor-silikomart\/"]}]},{"@type":"ImageObject","inLanguage":"de","@id":"https:\/\/chefpastry.ch\/produit\/cuilleres-plume-decor-silikomart\/#primaryimage","url":"https:\/\/chefpastry.ch\/wp-content\/uploads\/2022\/06\/image-783.jpg","contentUrl":"https:\/\/chefpastry.ch\/wp-content\/uploads\/2022\/06\/image-783.jpg","width":600,"height":400,"caption":"cuill\u00e8res Plume de Silikomart"},{"@type":"BreadcrumbList","@id":"https:\/\/chefpastry.ch\/produit\/cuilleres-plume-decor-silikomart\/#breadcrumb","itemListElement":[{"@type":"ListItem","position":1,"name":"Home","item":"https:\/\/chefpastry.ch\/"},{"@type":"ListItem","position":2,"name":"E-shop","item":"https:\/\/chefpastry.ch\/e-shop\/"},{"@type":"ListItem","position":3,"name":"CUILL\u00c8RES PLUME SPOON DECOR PAR 2"}]},{"@type":"WebSite","@id":"https:\/\/chefpastry.ch\/#website","url":"https:\/\/chefpastry.ch\/","name":"Chef Pastry","description":"","publisher":{"@id":"https:\/\/chefpastry.ch\/#organization"},"potentialAction":[{"@type":"SearchAction","target":{"@type":"EntryPoint","urlTemplate":"https:\/\/chefpastry.ch\/?s={search_term_string}"},"query-input":{"@type":"PropertyValueSpecification","valueRequired":true,"valueName":"search_term_string"}}],"inLanguage":"de"},{"@type":"Organization","@id":"https:\/\/chefpastry.ch\/#organization","name":"Chef Pastry","url":"https:\/\/chefpastry.ch\/","logo":{"@type":"ImageObject","inLanguage":"de","@id":"https:\/\/chefpastry.ch\/#\/schema\/logo\/image\/","url":"https:\/\/chefpastry.ch\/wp-content\/uploads\/2022\/07\/cropped-chef_pastry_logo_rgb-03.png","contentUrl":"https:\/\/chefpastry.ch\/wp-content\/uploads\/2022\/07\/cropped-chef_pastry_logo_rgb-03.png","width":1545,"height":412,"caption":"Chef Pastry"},"image":{"@id":"https:\/\/chefpastry.ch\/#\/schema\/logo\/image\/"}}]},"product_price_amount":"29.50","product_price_currency":"CHF","og_availability":"instock","product_availability":"instock","product_retailer_item_id":"70.131.98.0067","product_condition":"new"},"_links":{"self":[{"href":"https:\/\/chefpastry.ch\/de\/wp-json\/wp\/v2\/product\/4920","targetHints":{"allow":["GET"]}}],"collection":[{"href":"https:\/\/chefpastry.ch\/de\/wp-json\/wp\/v2\/product"}],"about":[{"href":"https:\/\/chefpastry.ch\/de\/wp-json\/wp\/v2\/types\/product"}],"replies":[{"embeddable":true,"href":"https:\/\/chefpastry.ch\/de\/wp-json\/wp\/v2\/comments?post=4920"}],"version-history":[{"count":0,"href":"https:\/\/chefpastry.ch\/de\/wp-json\/wp\/v2\/product\/4920\/revisions"}],"wp:featuredmedia":[{"embeddable":true,"href":"https:\/\/chefpastry.ch\/de\/wp-json\/wp\/v2\/media\/4922"}],"wp:attachment":[{"href":"https:\/\/chefpastry.ch\/de\/wp-json\/wp\/v2\/media?parent=4920"}],"wp:term":[{"taxonomy":"product_brand","embeddable":true,"href":"https:\/\/chefpastry.ch\/de\/wp-json\/wp\/v2\/product_brand?post=4920"},{"taxonomy":"product_cat","embeddable":true,"href":"https:\/\/chefpastry.ch\/de\/wp-json\/wp\/v2\/product_cat?post=4920"},{"taxonomy":"product_tag","embeddable":true,"href":"https:\/\/chefpastry.ch\/de\/wp-json\/wp\/v2\/product_tag?post=4920"}],"curies":[{"name":"wp","href":"https:\/\/api.w.org\/{rel}","templated":true}]}}