{"id":4893,"date":"2022-06-02T23:11:41","date_gmt":"2022-06-02T21:11:41","guid":{"rendered":"https:\/\/chefpastry-aventure-gourmande.geekworkers.dev\/produit\/colorant-hydrosoluble-brun\/"},"modified":"2025-11-23T10:39:04","modified_gmt":"2025-11-23T09:39:04","slug":"silikomart-colorant-hydrosoluble-brun","status":"publish","type":"product","link":"https:\/\/chefpastry.ch\/de\/produkt\/silikomart-colorant-hydrosoluble-brun\/","title":{"rendered":"WASSERL\u00d6SLICHER FARBSTOFF BRAUN"},"content":{"rendered":"<p>Wasserl\u00f6slicher Lebensmittelfarbstoff in Pulverform mit hoher Konzentration, ideal zum F\u00e4rben von Mischungen wie Sahne, Mousse, Zuckerguss und Baisers.<\/p>\n<ul>\n<li>Gr\u00f6\u00dfe: 25 gr<\/li>\n<\/ul>\n<p><strong>Zutaten : <\/strong><br \/>\nE155 Braun HT<br \/>\nMaximale Dosis: 0,71 g\/kg.<\/p>","protected":false},"excerpt":{"rendered":"<p>Wasserl\u00f6slicher Lebensmittelfarbstoff in Pulverform mit hoher Konzentration, ideal zum F\u00e4rben von Mischungen wie Sahne, Mousse, Zuckerguss und Baisers.<\/p>","protected":false},"featured_media":4895,"comment_status":"closed","ping_status":"closed","template":"","meta":{"_jet_sm_ready_style":"","_jet_sm_style":"","_jet_sm_controls_values":"","_jet_sm_fonts_collection":"","_jet_sm_fonts_links":"","_joinchat":[]},"product_brand":[],"product_cat":[77],"product_tag":[],"class_list":{"0":"post-4893","1":"product","2":"type-product","3":"status-publish","4":"has-post-thumbnail","6":"product_cat-alimentaire","8":"first","9":"instock","10":"taxable","11":"shipping-taxable","12":"purchasable","13":"product-type-simple"},"yoast_head":"<!-- This site is optimized with the Yoast SEO plugin v27.0 - https:\/\/yoast.com\/product\/yoast-seo-wordpress\/ -->\n<title>COLORANT HYDROSOLUBLE BRUN - Chef Pastry<\/title>\n<meta name=\"description\" content=\"Colorant alimentaire hydrosoluble brun en poudre \u00e0 haute concentration, id\u00e9al pour colorer des m\u00e9langes comme cr\u00e8me, mousses, gla\u00e7age et meringues.\" \/>\n<meta name=\"robots\" content=\"index, follow, max-snippet:-1, max-image-preview:large, max-video-preview:-1\" \/>\n<link rel=\"canonical\" href=\"https:\/\/chefpastry.ch\/de\/produkt\/silikomart-colorant-hydrosoluble-brun\/\" \/>\n<meta property=\"og:locale\" content=\"de_DE\" \/>\n<meta property=\"og:type\" content=\"article\" \/>\n<meta property=\"og:title\" content=\"COLORANT HYDROSOLUBLE BRUN - Chef Pastry\" \/>\n<meta property=\"og:description\" content=\"Colorant alimentaire hydrosoluble brun en poudre \u00e0 haute concentration, id\u00e9al pour colorer des m\u00e9langes comme cr\u00e8me, mousses, gla\u00e7age et meringues.\" \/>\n<meta property=\"og:url\" content=\"https:\/\/chefpastry.ch\/de\/produkt\/silikomart-colorant-hydrosoluble-brun\/\" \/>\n<meta property=\"og:site_name\" content=\"Chef Pastry\" \/>\n<meta property=\"article:modified_time\" content=\"2025-11-23T09:39:04+00:00\" \/>\n<meta property=\"og:image\" content=\"https:\/\/chefpastry.ch\/wp-content\/uploads\/2022\/06\/image-770.jpg\" \/>\n\t<meta property=\"og:image:width\" content=\"600\" \/>\n\t<meta property=\"og:image:height\" content=\"400\" \/>\n\t<meta property=\"og:image:type\" content=\"image\/jpeg\" \/>\n<meta name=\"twitter:card\" content=\"summary_large_image\" \/>\n<meta name=\"twitter:label1\" content=\"Preis\" \/>\n\t<meta name=\"twitter:data1\" content=\"&#067;&#072;&#070;&nbsp;14.00 TTC\" \/>\n\t<meta name=\"twitter:label2\" content=\"Verf\u00fcgbarkeit\" \/>\n\t<meta name=\"twitter:data2\" content=\"Auf Lager\" \/>\n<script type=\"application\/ld+json\" class=\"yoast-schema-graph\">{\"@context\":\"https:\/\/schema.org\",\"@graph\":[{\"@type\":\"WebPage\",\"@id\":\"https:\/\/chefpastry.ch\/produit\/silikomart-colorant-hydrosoluble-brun\/\",\"url\":\"https:\/\/chefpastry.ch\/produit\/silikomart-colorant-hydrosoluble-brun\/\",\"name\":\"COLORANT HYDROSOLUBLE BRUN - Chef Pastry\",\"isPartOf\":{\"@id\":\"https:\/\/chefpastry.ch\/#website\"},\"primaryImageOfPage\":{\"@id\":\"https:\/\/chefpastry.ch\/produit\/silikomart-colorant-hydrosoluble-brun\/#primaryimage\"},\"image\":{\"@id\":\"https:\/\/chefpastry.ch\/produit\/silikomart-colorant-hydrosoluble-brun\/#primaryimage\"},\"thumbnailUrl\":\"https:\/\/chefpastry.ch\/wp-content\/uploads\/2022\/06\/image-770.jpg\",\"datePublished\":\"2022-06-02T21:11:41+00:00\",\"dateModified\":\"2025-11-23T09:39:04+00:00\",\"description\":\"Colorant alimentaire hydrosoluble brun en poudre \u00e0 haute concentration, id\u00e9al pour colorer des m\u00e9langes comme cr\u00e8me, mousses, gla\u00e7age et meringues.\",\"breadcrumb\":{\"@id\":\"https:\/\/chefpastry.ch\/produit\/silikomart-colorant-hydrosoluble-brun\/#breadcrumb\"},\"inLanguage\":\"de\",\"potentialAction\":[{\"@type\":\"ReadAction\",\"target\":[\"https:\/\/chefpastry.ch\/produit\/silikomart-colorant-hydrosoluble-brun\/\"]}]},{\"@type\":\"ImageObject\",\"inLanguage\":\"de\",\"@id\":\"https:\/\/chefpastry.ch\/produit\/silikomart-colorant-hydrosoluble-brun\/#primaryimage\",\"url\":\"https:\/\/chefpastry.ch\/wp-content\/uploads\/2022\/06\/image-770.jpg\",\"contentUrl\":\"https:\/\/chefpastry.ch\/wp-content\/uploads\/2022\/06\/image-770.jpg\",\"width\":600,\"height\":400,\"caption\":\"Colorant hydrosoluble brun\"},{\"@type\":\"BreadcrumbList\",\"@id\":\"https:\/\/chefpastry.ch\/produit\/silikomart-colorant-hydrosoluble-brun\/#breadcrumb\",\"itemListElement\":[{\"@type\":\"ListItem\",\"position\":1,\"name\":\"Home\",\"item\":\"https:\/\/chefpastry.ch\/\"},{\"@type\":\"ListItem\",\"position\":2,\"name\":\"E-shop\",\"item\":\"https:\/\/chefpastry.ch\/e-shop\/\"},{\"@type\":\"ListItem\",\"position\":3,\"name\":\"COLORANT HYDROSOLUBLE BRUN\"}]},{\"@type\":\"WebSite\",\"@id\":\"https:\/\/chefpastry.ch\/#website\",\"url\":\"https:\/\/chefpastry.ch\/\",\"name\":\"Chef Pastry\",\"description\":\"\",\"publisher\":{\"@id\":\"https:\/\/chefpastry.ch\/#organization\"},\"potentialAction\":[{\"@type\":\"SearchAction\",\"target\":{\"@type\":\"EntryPoint\",\"urlTemplate\":\"https:\/\/chefpastry.ch\/?s={search_term_string}\"},\"query-input\":{\"@type\":\"PropertyValueSpecification\",\"valueRequired\":true,\"valueName\":\"search_term_string\"}}],\"inLanguage\":\"de\"},{\"@type\":\"Organization\",\"@id\":\"https:\/\/chefpastry.ch\/#organization\",\"name\":\"Chef Pastry\",\"url\":\"https:\/\/chefpastry.ch\/\",\"logo\":{\"@type\":\"ImageObject\",\"inLanguage\":\"de\",\"@id\":\"https:\/\/chefpastry.ch\/#\/schema\/logo\/image\/\",\"url\":\"https:\/\/chefpastry.ch\/wp-content\/uploads\/2022\/07\/cropped-chef_pastry_logo_rgb-03.png\",\"contentUrl\":\"https:\/\/chefpastry.ch\/wp-content\/uploads\/2022\/07\/cropped-chef_pastry_logo_rgb-03.png\",\"width\":1545,\"height\":412,\"caption\":\"Chef Pastry\"},\"image\":{\"@id\":\"https:\/\/chefpastry.ch\/#\/schema\/logo\/image\/\"}}]}<\/script>\n<meta property=\"product:price:amount\" content=\"14.00\" \/>\n<meta property=\"product:price:currency\" content=\"CHF\" \/>\n<meta property=\"og:availability\" content=\"instock\" \/>\n<meta property=\"product:availability\" content=\"instock\" \/>\n<meta property=\"product:retailer_item_id\" content=\"99.508.04.0001\" \/>\n<meta property=\"product:condition\" content=\"new\" \/>\n<!-- \/ Yoast SEO plugin. -->","yoast_head_json":{"title":"COLORANT HYDROSOLUBLE BRUN - Chef Pastry","description":"Colorant alimentaire hydrosoluble brun en poudre \u00e0 haute concentration, id\u00e9al pour colorer des m\u00e9langes comme cr\u00e8me, mousses, gla\u00e7age et meringues.","robots":{"index":"index","follow":"follow","max-snippet":"max-snippet:-1","max-image-preview":"max-image-preview:large","max-video-preview":"max-video-preview:-1"},"canonical":"https:\/\/chefpastry.ch\/de\/produkt\/silikomart-colorant-hydrosoluble-brun\/","og_locale":"de_DE","og_type":"article","og_title":"COLORANT HYDROSOLUBLE BRUN - Chef Pastry","og_description":"Colorant alimentaire hydrosoluble brun en poudre \u00e0 haute concentration, id\u00e9al pour colorer des m\u00e9langes comme cr\u00e8me, mousses, gla\u00e7age et meringues.","og_url":"https:\/\/chefpastry.ch\/de\/produkt\/silikomart-colorant-hydrosoluble-brun\/","og_site_name":"Chef Pastry","article_modified_time":"2025-11-23T09:39:04+00:00","og_image":[{"width":600,"height":400,"url":"https:\/\/chefpastry.ch\/wp-content\/uploads\/2022\/06\/image-770.jpg","type":"image\/jpeg"}],"twitter_card":"summary_large_image","twitter_misc":{"Preis":"&#67;&#72;&#70;&nbsp;14.00 TTC","Verf\u00fcgbarkeit":"Auf Lager"},"schema":{"@context":"https:\/\/schema.org","@graph":[{"@type":"WebPage","@id":"https:\/\/chefpastry.ch\/produit\/silikomart-colorant-hydrosoluble-brun\/","url":"https:\/\/chefpastry.ch\/produit\/silikomart-colorant-hydrosoluble-brun\/","name":"COLORANT HYDROSOLUBLE BRUN - Chef Pastry","isPartOf":{"@id":"https:\/\/chefpastry.ch\/#website"},"primaryImageOfPage":{"@id":"https:\/\/chefpastry.ch\/produit\/silikomart-colorant-hydrosoluble-brun\/#primaryimage"},"image":{"@id":"https:\/\/chefpastry.ch\/produit\/silikomart-colorant-hydrosoluble-brun\/#primaryimage"},"thumbnailUrl":"https:\/\/chefpastry.ch\/wp-content\/uploads\/2022\/06\/image-770.jpg","datePublished":"2022-06-02T21:11:41+00:00","dateModified":"2025-11-23T09:39:04+00:00","description":"Colorant alimentaire hydrosoluble brun en poudre \u00e0 haute concentration, id\u00e9al pour colorer des m\u00e9langes comme cr\u00e8me, mousses, gla\u00e7age et meringues.","breadcrumb":{"@id":"https:\/\/chefpastry.ch\/produit\/silikomart-colorant-hydrosoluble-brun\/#breadcrumb"},"inLanguage":"de","potentialAction":[{"@type":"ReadAction","target":["https:\/\/chefpastry.ch\/produit\/silikomart-colorant-hydrosoluble-brun\/"]}]},{"@type":"ImageObject","inLanguage":"de","@id":"https:\/\/chefpastry.ch\/produit\/silikomart-colorant-hydrosoluble-brun\/#primaryimage","url":"https:\/\/chefpastry.ch\/wp-content\/uploads\/2022\/06\/image-770.jpg","contentUrl":"https:\/\/chefpastry.ch\/wp-content\/uploads\/2022\/06\/image-770.jpg","width":600,"height":400,"caption":"Colorant hydrosoluble brun"},{"@type":"BreadcrumbList","@id":"https:\/\/chefpastry.ch\/produit\/silikomart-colorant-hydrosoluble-brun\/#breadcrumb","itemListElement":[{"@type":"ListItem","position":1,"name":"Home","item":"https:\/\/chefpastry.ch\/"},{"@type":"ListItem","position":2,"name":"E-shop","item":"https:\/\/chefpastry.ch\/e-shop\/"},{"@type":"ListItem","position":3,"name":"COLORANT HYDROSOLUBLE BRUN"}]},{"@type":"WebSite","@id":"https:\/\/chefpastry.ch\/#website","url":"https:\/\/chefpastry.ch\/","name":"Chef Pastry","description":"","publisher":{"@id":"https:\/\/chefpastry.ch\/#organization"},"potentialAction":[{"@type":"SearchAction","target":{"@type":"EntryPoint","urlTemplate":"https:\/\/chefpastry.ch\/?s={search_term_string}"},"query-input":{"@type":"PropertyValueSpecification","valueRequired":true,"valueName":"search_term_string"}}],"inLanguage":"de"},{"@type":"Organization","@id":"https:\/\/chefpastry.ch\/#organization","name":"Chef Pastry","url":"https:\/\/chefpastry.ch\/","logo":{"@type":"ImageObject","inLanguage":"de","@id":"https:\/\/chefpastry.ch\/#\/schema\/logo\/image\/","url":"https:\/\/chefpastry.ch\/wp-content\/uploads\/2022\/07\/cropped-chef_pastry_logo_rgb-03.png","contentUrl":"https:\/\/chefpastry.ch\/wp-content\/uploads\/2022\/07\/cropped-chef_pastry_logo_rgb-03.png","width":1545,"height":412,"caption":"Chef Pastry"},"image":{"@id":"https:\/\/chefpastry.ch\/#\/schema\/logo\/image\/"}}]},"product_price_amount":"14.00","product_price_currency":"CHF","og_availability":"instock","product_availability":"instock","product_retailer_item_id":"99.508.04.0001","product_condition":"new"},"_links":{"self":[{"href":"https:\/\/chefpastry.ch\/de\/wp-json\/wp\/v2\/product\/4893","targetHints":{"allow":["GET"]}}],"collection":[{"href":"https:\/\/chefpastry.ch\/de\/wp-json\/wp\/v2\/product"}],"about":[{"href":"https:\/\/chefpastry.ch\/de\/wp-json\/wp\/v2\/types\/product"}],"replies":[{"embeddable":true,"href":"https:\/\/chefpastry.ch\/de\/wp-json\/wp\/v2\/comments?post=4893"}],"version-history":[{"count":1,"href":"https:\/\/chefpastry.ch\/de\/wp-json\/wp\/v2\/product\/4893\/revisions"}],"predecessor-version":[{"id":16747,"href":"https:\/\/chefpastry.ch\/de\/wp-json\/wp\/v2\/product\/4893\/revisions\/16747"}],"wp:featuredmedia":[{"embeddable":true,"href":"https:\/\/chefpastry.ch\/de\/wp-json\/wp\/v2\/media\/4895"}],"wp:attachment":[{"href":"https:\/\/chefpastry.ch\/de\/wp-json\/wp\/v2\/media?parent=4893"}],"wp:term":[{"taxonomy":"product_brand","embeddable":true,"href":"https:\/\/chefpastry.ch\/de\/wp-json\/wp\/v2\/product_brand?post=4893"},{"taxonomy":"product_cat","embeddable":true,"href":"https:\/\/chefpastry.ch\/de\/wp-json\/wp\/v2\/product_cat?post=4893"},{"taxonomy":"product_tag","embeddable":true,"href":"https:\/\/chefpastry.ch\/de\/wp-json\/wp\/v2\/product_tag?post=4893"}],"curies":[{"name":"wp","href":"https:\/\/api.w.org\/{rel}","templated":true}]}}