{"id":4701,"date":"2022-06-02T23:10:39","date_gmt":"2022-06-02T21:10:39","guid":{"rendered":"https:\/\/chefpastry-aventure-gourmande.geekworkers.dev\/produit\/velvet-or-spray-velours\/"},"modified":"2026-03-05T08:18:57","modified_gmt":"2026-03-05T07:18:57","slug":"silikomart-velvet-or-spray-velours","status":"publish","type":"product","link":"https:\/\/chefpastry.ch\/de\/produkt\/silikomart-velvet-or-spray-velours\/","title":{"rendered":"VELVET OR BEURRE DE CACAO"},"content":{"rendered":"<p>Das Velvet Spray ist auf der Basis von gef\u00e4rbter Kakaobutter. Das Finish Ihrer S\u00fc\u00dfspeisen, Stollen, kleinen Kuchen ist schnell und einfach mit diesem Spray, das einen samtigen Effekt verleiht.<\/p>\n<ul>\n<li>Gr\u00f6\u00dfe: 250 ml<\/li>\n<\/ul>\n<p><strong>Zutaten : <\/strong><br \/>\nBeurre de cacao, colorants silicate d&rsquo;aluminium et de potassium E555, titandiox E171, hydroxyde de fer E172, gaz propulseur butane E943a, propane E944, isobutane E943b, huile v\u00e9g\u00e9tale de tournesol.<br \/>\nKann Spuren von Milch und Soja enthalten<\/p>\n<p><strong>Aufbewahrung<\/strong> : Stocker \u00e0 l&rsquo;abri des sources de chaleur et loin des flammes et \u00e9tincelles. Prot\u00e9ger des rayons du soleil et ne pas exposer \u00e0 des temp\u00e9ratures sup\u00e9rieures \u00e0 35\u00b0C.<\/p>\n<p><strong>N\u00e4hrwert pro 100g<\/strong><br \/>\nEnergie 1910 kJ, 465 kcal<br \/>\nFette 52 g<br \/>\n&#8211; dont satur\u00e9es 24 g<br \/>\nKohlenhydrat 0 g<br \/>\nKohlenhydrate (einschlie\u00dflich Zucker) 0 g (0 g)<br \/>\nEiwei\u00df 0 g<br \/>\nSalz 0 g<\/p>","protected":false},"excerpt":{"rendered":"<p>Das Velvet Spray ist auf der Basis von gef\u00e4rbter Kakaobutter. Das Finish Ihrer S\u00fc\u00dfspeisen, Stollen, kleinen Kuchen ist schnell und einfach mit diesem Spray, das einen samtigen Effekt verleiht.<\/p>","protected":false},"featured_media":4703,"comment_status":"closed","ping_status":"closed","template":"","meta":{"_jet_sm_ready_style":"","_jet_sm_style":"","_jet_sm_controls_values":"","_jet_sm_fonts_collection":"","_jet_sm_fonts_links":"","_joinchat":[]},"product_brand":[],"product_cat":[77],"product_tag":[],"class_list":{"0":"post-4701","1":"product","2":"type-product","3":"status-publish","4":"has-post-thumbnail","6":"product_cat-alimentaire","8":"first","9":"instock","10":"taxable","11":"shipping-taxable","12":"purchasable","13":"product-type-simple"},"yoast_head":"<!-- This site is optimized with the Yoast SEO plugin v27.0 - https:\/\/yoast.com\/product\/yoast-seo-wordpress\/ -->\n<title>SPRAY VELOURS VELVET OR BEURRE DE CACAO - Chef Pastry<\/title>\n<meta name=\"description\" content=\"Spray velours Velvet orange \u00e0 base de beurre de cacao color\u00e9. Finition rapide et facile de vos entremets, b\u00fbches, g\u00e2teaux, en donnant un effet velours.\" \/>\n<meta name=\"robots\" content=\"index, follow, max-snippet:-1, max-image-preview:large, max-video-preview:-1\" \/>\n<link rel=\"canonical\" href=\"https:\/\/chefpastry.ch\/de\/produkt\/silikomart-velvet-or-spray-velours\/\" \/>\n<meta property=\"og:locale\" content=\"de_DE\" \/>\n<meta property=\"og:type\" content=\"article\" \/>\n<meta property=\"og:title\" content=\"SPRAY VELOURS VELVET OR BEURRE DE CACAO - Chef Pastry\" \/>\n<meta property=\"og:description\" content=\"Spray velours Velvet orange \u00e0 base de beurre de cacao color\u00e9. Finition rapide et facile de vos entremets, b\u00fbches, g\u00e2teaux, en donnant un effet velours.\" \/>\n<meta property=\"og:url\" content=\"https:\/\/chefpastry.ch\/de\/produkt\/silikomart-velvet-or-spray-velours\/\" \/>\n<meta property=\"og:site_name\" content=\"Chef Pastry\" \/>\n<meta property=\"article:modified_time\" content=\"2026-03-05T07:18:57+00:00\" \/>\n<meta property=\"og:image\" content=\"https:\/\/chefpastry.ch\/wp-content\/uploads\/2022\/06\/image-643.jpg\" \/>\n\t<meta property=\"og:image:width\" content=\"600\" \/>\n\t<meta property=\"og:image:height\" content=\"600\" \/>\n\t<meta property=\"og:image:type\" content=\"image\/jpeg\" \/>\n<meta name=\"twitter:card\" content=\"summary_large_image\" \/>\n<meta name=\"twitter:label1\" content=\"Preis\" \/>\n\t<meta name=\"twitter:data1\" content=\"&#067;&#072;&#070;&nbsp;22.00 TTC\" \/>\n\t<meta name=\"twitter:label2\" content=\"Verf\u00fcgbarkeit\" \/>\n\t<meta name=\"twitter:data2\" content=\"Auf Lager\" \/>\n<script type=\"application\/ld+json\" class=\"yoast-schema-graph\">{\"@context\":\"https:\/\/schema.org\",\"@graph\":[{\"@type\":\"WebPage\",\"@id\":\"https:\/\/chefpastry.ch\/produit\/silikomart-velvet-or-spray-velours\/\",\"url\":\"https:\/\/chefpastry.ch\/produit\/silikomart-velvet-or-spray-velours\/\",\"name\":\"SPRAY VELOURS VELVET OR BEURRE DE CACAO - Chef Pastry\",\"isPartOf\":{\"@id\":\"https:\/\/chefpastry.ch\/#website\"},\"primaryImageOfPage\":{\"@id\":\"https:\/\/chefpastry.ch\/produit\/silikomart-velvet-or-spray-velours\/#primaryimage\"},\"image\":{\"@id\":\"https:\/\/chefpastry.ch\/produit\/silikomart-velvet-or-spray-velours\/#primaryimage\"},\"thumbnailUrl\":\"https:\/\/chefpastry.ch\/wp-content\/uploads\/2022\/06\/image-643.jpg\",\"datePublished\":\"2022-06-02T21:10:39+00:00\",\"dateModified\":\"2026-03-05T07:18:57+00:00\",\"description\":\"Spray velours Velvet orange \u00e0 base de beurre de cacao color\u00e9. Finition rapide et facile de vos entremets, b\u00fbches, g\u00e2teaux, en donnant un effet velours.\",\"breadcrumb\":{\"@id\":\"https:\/\/chefpastry.ch\/produit\/silikomart-velvet-or-spray-velours\/#breadcrumb\"},\"inLanguage\":\"de\",\"potentialAction\":[{\"@type\":\"ReadAction\",\"target\":[\"https:\/\/chefpastry.ch\/produit\/silikomart-velvet-or-spray-velours\/\"]}]},{\"@type\":\"ImageObject\",\"inLanguage\":\"de\",\"@id\":\"https:\/\/chefpastry.ch\/produit\/silikomart-velvet-or-spray-velours\/#primaryimage\",\"url\":\"https:\/\/chefpastry.ch\/wp-content\/uploads\/2022\/06\/image-643.jpg\",\"contentUrl\":\"https:\/\/chefpastry.ch\/wp-content\/uploads\/2022\/06\/image-643.jpg\",\"width\":600,\"height\":600,\"caption\":\"Velvet or spray velours\"},{\"@type\":\"BreadcrumbList\",\"@id\":\"https:\/\/chefpastry.ch\/produit\/silikomart-velvet-or-spray-velours\/#breadcrumb\",\"itemListElement\":[{\"@type\":\"ListItem\",\"position\":1,\"name\":\"Home\",\"item\":\"https:\/\/chefpastry.ch\/\"},{\"@type\":\"ListItem\",\"position\":2,\"name\":\"E-shop\",\"item\":\"https:\/\/chefpastry.ch\/e-shop\/\"},{\"@type\":\"ListItem\",\"position\":3,\"name\":\"VELVET OR BEURRE DE CACAO\"}]},{\"@type\":\"WebSite\",\"@id\":\"https:\/\/chefpastry.ch\/#website\",\"url\":\"https:\/\/chefpastry.ch\/\",\"name\":\"Chef Pastry\",\"description\":\"\",\"publisher\":{\"@id\":\"https:\/\/chefpastry.ch\/#organization\"},\"potentialAction\":[{\"@type\":\"SearchAction\",\"target\":{\"@type\":\"EntryPoint\",\"urlTemplate\":\"https:\/\/chefpastry.ch\/?s={search_term_string}\"},\"query-input\":{\"@type\":\"PropertyValueSpecification\",\"valueRequired\":true,\"valueName\":\"search_term_string\"}}],\"inLanguage\":\"de\"},{\"@type\":\"Organization\",\"@id\":\"https:\/\/chefpastry.ch\/#organization\",\"name\":\"Chef Pastry\",\"url\":\"https:\/\/chefpastry.ch\/\",\"logo\":{\"@type\":\"ImageObject\",\"inLanguage\":\"de\",\"@id\":\"https:\/\/chefpastry.ch\/#\/schema\/logo\/image\/\",\"url\":\"https:\/\/chefpastry.ch\/wp-content\/uploads\/2022\/07\/cropped-chef_pastry_logo_rgb-03.png\",\"contentUrl\":\"https:\/\/chefpastry.ch\/wp-content\/uploads\/2022\/07\/cropped-chef_pastry_logo_rgb-03.png\",\"width\":1545,\"height\":412,\"caption\":\"Chef Pastry\"},\"image\":{\"@id\":\"https:\/\/chefpastry.ch\/#\/schema\/logo\/image\/\"}}]}<\/script>\n<meta property=\"product:price:amount\" content=\"22.00\" \/>\n<meta property=\"product:price:currency\" content=\"CHF\" \/>\n<meta property=\"og:availability\" content=\"instock\" \/>\n<meta property=\"product:availability\" content=\"instock\" \/>\n<meta property=\"product:retailer_item_id\" content=\"99.516.09.0001\" \/>\n<meta property=\"product:condition\" content=\"new\" \/>\n<!-- \/ Yoast SEO plugin. -->","yoast_head_json":{"title":"SPRAY VELOURS VELVET OR BEURRE DE CACAO - Chef Pastry","description":"Spray velours Velvet orange \u00e0 base de beurre de cacao color\u00e9. Finition rapide et facile de vos entremets, b\u00fbches, g\u00e2teaux, en donnant un effet velours.","robots":{"index":"index","follow":"follow","max-snippet":"max-snippet:-1","max-image-preview":"max-image-preview:large","max-video-preview":"max-video-preview:-1"},"canonical":"https:\/\/chefpastry.ch\/de\/produkt\/silikomart-velvet-or-spray-velours\/","og_locale":"de_DE","og_type":"article","og_title":"SPRAY VELOURS VELVET OR BEURRE DE CACAO - Chef Pastry","og_description":"Spray velours Velvet orange \u00e0 base de beurre de cacao color\u00e9. Finition rapide et facile de vos entremets, b\u00fbches, g\u00e2teaux, en donnant un effet velours.","og_url":"https:\/\/chefpastry.ch\/de\/produkt\/silikomart-velvet-or-spray-velours\/","og_site_name":"Chef Pastry","article_modified_time":"2026-03-05T07:18:57+00:00","og_image":[{"width":600,"height":600,"url":"https:\/\/chefpastry.ch\/wp-content\/uploads\/2022\/06\/image-643.jpg","type":"image\/jpeg"}],"twitter_card":"summary_large_image","twitter_misc":{"Preis":"&#67;&#72;&#70;&nbsp;22.00 TTC","Verf\u00fcgbarkeit":"Auf Lager"},"schema":{"@context":"https:\/\/schema.org","@graph":[{"@type":"WebPage","@id":"https:\/\/chefpastry.ch\/produit\/silikomart-velvet-or-spray-velours\/","url":"https:\/\/chefpastry.ch\/produit\/silikomart-velvet-or-spray-velours\/","name":"SPRAY VELOURS VELVET OR BEURRE DE CACAO - Chef Pastry","isPartOf":{"@id":"https:\/\/chefpastry.ch\/#website"},"primaryImageOfPage":{"@id":"https:\/\/chefpastry.ch\/produit\/silikomart-velvet-or-spray-velours\/#primaryimage"},"image":{"@id":"https:\/\/chefpastry.ch\/produit\/silikomart-velvet-or-spray-velours\/#primaryimage"},"thumbnailUrl":"https:\/\/chefpastry.ch\/wp-content\/uploads\/2022\/06\/image-643.jpg","datePublished":"2022-06-02T21:10:39+00:00","dateModified":"2026-03-05T07:18:57+00:00","description":"Spray velours Velvet orange \u00e0 base de beurre de cacao color\u00e9. Finition rapide et facile de vos entremets, b\u00fbches, g\u00e2teaux, en donnant un effet velours.","breadcrumb":{"@id":"https:\/\/chefpastry.ch\/produit\/silikomart-velvet-or-spray-velours\/#breadcrumb"},"inLanguage":"de","potentialAction":[{"@type":"ReadAction","target":["https:\/\/chefpastry.ch\/produit\/silikomart-velvet-or-spray-velours\/"]}]},{"@type":"ImageObject","inLanguage":"de","@id":"https:\/\/chefpastry.ch\/produit\/silikomart-velvet-or-spray-velours\/#primaryimage","url":"https:\/\/chefpastry.ch\/wp-content\/uploads\/2022\/06\/image-643.jpg","contentUrl":"https:\/\/chefpastry.ch\/wp-content\/uploads\/2022\/06\/image-643.jpg","width":600,"height":600,"caption":"Velvet or spray velours"},{"@type":"BreadcrumbList","@id":"https:\/\/chefpastry.ch\/produit\/silikomart-velvet-or-spray-velours\/#breadcrumb","itemListElement":[{"@type":"ListItem","position":1,"name":"Home","item":"https:\/\/chefpastry.ch\/"},{"@type":"ListItem","position":2,"name":"E-shop","item":"https:\/\/chefpastry.ch\/e-shop\/"},{"@type":"ListItem","position":3,"name":"VELVET OR BEURRE DE CACAO"}]},{"@type":"WebSite","@id":"https:\/\/chefpastry.ch\/#website","url":"https:\/\/chefpastry.ch\/","name":"Chef Pastry","description":"","publisher":{"@id":"https:\/\/chefpastry.ch\/#organization"},"potentialAction":[{"@type":"SearchAction","target":{"@type":"EntryPoint","urlTemplate":"https:\/\/chefpastry.ch\/?s={search_term_string}"},"query-input":{"@type":"PropertyValueSpecification","valueRequired":true,"valueName":"search_term_string"}}],"inLanguage":"de"},{"@type":"Organization","@id":"https:\/\/chefpastry.ch\/#organization","name":"Chef Pastry","url":"https:\/\/chefpastry.ch\/","logo":{"@type":"ImageObject","inLanguage":"de","@id":"https:\/\/chefpastry.ch\/#\/schema\/logo\/image\/","url":"https:\/\/chefpastry.ch\/wp-content\/uploads\/2022\/07\/cropped-chef_pastry_logo_rgb-03.png","contentUrl":"https:\/\/chefpastry.ch\/wp-content\/uploads\/2022\/07\/cropped-chef_pastry_logo_rgb-03.png","width":1545,"height":412,"caption":"Chef Pastry"},"image":{"@id":"https:\/\/chefpastry.ch\/#\/schema\/logo\/image\/"}}]},"product_price_amount":"22.00","product_price_currency":"CHF","og_availability":"instock","product_availability":"instock","product_retailer_item_id":"99.516.09.0001","product_condition":"new"},"_links":{"self":[{"href":"https:\/\/chefpastry.ch\/de\/wp-json\/wp\/v2\/product\/4701","targetHints":{"allow":["GET"]}}],"collection":[{"href":"https:\/\/chefpastry.ch\/de\/wp-json\/wp\/v2\/product"}],"about":[{"href":"https:\/\/chefpastry.ch\/de\/wp-json\/wp\/v2\/types\/product"}],"replies":[{"embeddable":true,"href":"https:\/\/chefpastry.ch\/de\/wp-json\/wp\/v2\/comments?post=4701"}],"version-history":[{"count":2,"href":"https:\/\/chefpastry.ch\/de\/wp-json\/wp\/v2\/product\/4701\/revisions"}],"predecessor-version":[{"id":16954,"href":"https:\/\/chefpastry.ch\/de\/wp-json\/wp\/v2\/product\/4701\/revisions\/16954"}],"wp:featuredmedia":[{"embeddable":true,"href":"https:\/\/chefpastry.ch\/de\/wp-json\/wp\/v2\/media\/4703"}],"wp:attachment":[{"href":"https:\/\/chefpastry.ch\/de\/wp-json\/wp\/v2\/media?parent=4701"}],"wp:term":[{"taxonomy":"product_brand","embeddable":true,"href":"https:\/\/chefpastry.ch\/de\/wp-json\/wp\/v2\/product_brand?post=4701"},{"taxonomy":"product_cat","embeddable":true,"href":"https:\/\/chefpastry.ch\/de\/wp-json\/wp\/v2\/product_cat?post=4701"},{"taxonomy":"product_tag","embeddable":true,"href":"https:\/\/chefpastry.ch\/de\/wp-json\/wp\/v2\/product_tag?post=4701"}],"curies":[{"name":"wp","href":"https:\/\/api.w.org\/{rel}","templated":true}]}}