{"id":4646,"date":"2022-06-02T23:10:12","date_gmt":"2022-06-02T21:10:12","guid":{"rendered":"https:\/\/chefpastry-aventure-gourmande.geekworkers.dev\/produit\/poudre-ae-paillettes-en-spray-or\/"},"modified":"2025-04-14T09:24:03","modified_gmt":"2025-04-14T07:24:03","slug":"silikomart-poudre-paillettes-spray-or","status":"publish","type":"product","link":"https:\/\/chefpastry.ch\/de\/produkt\/silikomart-poudre-paillettes-spray-or\/","title":{"rendered":"GOLDFARBENES GLITZERSPR\u00dcHPULVER"},"content":{"rendered":"<p>F\u00fcr den letzten Schliff Ihrer Kreationen f\u00fcgen Sie mit diesem Spray goldenes Glitterpulver hinzu. Das Spray ist einfach zu verwenden und perfekt zum Dekorieren von Kuchen, Cupcakes und anderen S\u00fc\u00dfigkeiten.<\/p>\n<p><strong>Gebrauchsanweisung<\/strong> Halten Sie das Spray etwa 10 cm von Ihrer Kreation entfernt und dr\u00fccken Sie auf die Pumpe; wiederholen Sie dies, bis der gew\u00fcnschte Effekt erreicht ist.<\/p>\n<p>Dieses Spray ist ein Druckluftzerst\u00e4uber und enth\u00e4lt keinen Alkohol.<\/p>\n<p><strong>Aufbewahrung<\/strong> : In einem luftdichten Beh\u00e4lter an einem trockenen Ort aufbewahren. Das Produkt ist best\u00e4ndig gegen normale Temperaturschwankungen.<\/p>\n<ul>\n<li>Inhalt: 10 gr<\/li>\n<\/ul>\n<p><strong>Zutaten<\/strong> : Farbstoff E555, E171, E172<\/p>","protected":false},"excerpt":{"rendered":"<p>F\u00fcr den letzten Schliff Ihrer Kreationen f\u00fcgen Sie mit diesem Spray goldenes Glitterpulver hinzu. Das Spray ist einfach zu verwenden und perfekt zum Dekorieren von Kuchen, Cupcakes und anderen S\u00fc\u00dfigkeiten.<\/p>","protected":false},"featured_media":4648,"comment_status":"closed","ping_status":"closed","template":"","meta":{"_jet_sm_ready_style":"","_jet_sm_style":"","_jet_sm_controls_values":"","_jet_sm_fonts_collection":"","_jet_sm_fonts_links":"","_joinchat":[]},"product_brand":[],"product_cat":[77],"product_tag":[],"class_list":{"0":"post-4646","1":"product","2":"type-product","3":"status-publish","4":"has-post-thumbnail","6":"product_cat-alimentaire","8":"first","9":"instock","10":"taxable","11":"shipping-taxable","12":"purchasable","13":"product-type-simple"},"yoast_head":"<!-- This site is optimized with the Yoast SEO plugin v27.0 - https:\/\/yoast.com\/product\/yoast-seo-wordpress\/ -->\n<title>POUDRE \u00c0 PAILLETTES EN SPRAY OR - Chef Pastry<\/title>\n<meta name=\"description\" content=\"La touche finale de vos cr\u00e9ations : la poudre \u00e0 paillettes or en spray. Facile \u00e0 utiliser et parfait pour d\u00e9corer vos g\u00e2teaux, cupcakes et autres douceurs.\" \/>\n<meta name=\"robots\" content=\"index, follow, max-snippet:-1, max-image-preview:large, max-video-preview:-1\" \/>\n<link rel=\"canonical\" href=\"https:\/\/chefpastry.ch\/de\/produkt\/silikomart-poudre-paillettes-spray-or\/\" \/>\n<meta property=\"og:locale\" content=\"de_DE\" \/>\n<meta property=\"og:type\" content=\"article\" \/>\n<meta property=\"og:title\" content=\"POUDRE \u00c0 PAILLETTES EN SPRAY OR - Chef Pastry\" \/>\n<meta property=\"og:description\" content=\"La touche finale de vos cr\u00e9ations : la poudre \u00e0 paillettes or en spray. Facile \u00e0 utiliser et parfait pour d\u00e9corer vos g\u00e2teaux, cupcakes et autres douceurs.\" \/>\n<meta property=\"og:url\" content=\"https:\/\/chefpastry.ch\/de\/produkt\/silikomart-poudre-paillettes-spray-or\/\" \/>\n<meta property=\"og:site_name\" content=\"Chef Pastry\" \/>\n<meta property=\"article:modified_time\" content=\"2025-04-14T07:24:03+00:00\" \/>\n<meta property=\"og:image\" content=\"https:\/\/chefpastry.ch\/wp-content\/uploads\/2022\/06\/image-615.jpg\" \/>\n\t<meta property=\"og:image:width\" content=\"1280\" \/>\n\t<meta property=\"og:image:height\" content=\"1280\" \/>\n\t<meta property=\"og:image:type\" content=\"image\/jpeg\" \/>\n<meta name=\"twitter:card\" content=\"summary_large_image\" \/>\n<meta name=\"twitter:label1\" content=\"Preis\" \/>\n\t<meta name=\"twitter:data1\" content=\"&#067;&#072;&#070;&nbsp;14.00 TTC\" \/>\n\t<meta name=\"twitter:label2\" content=\"Verf\u00fcgbarkeit\" \/>\n\t<meta name=\"twitter:data2\" content=\"Auf Lager\" \/>\n<script type=\"application\/ld+json\" class=\"yoast-schema-graph\">{\"@context\":\"https:\/\/schema.org\",\"@graph\":[{\"@type\":\"WebPage\",\"@id\":\"https:\/\/chefpastry.ch\/produit\/silikomart-poudre-paillettes-spray-or\/\",\"url\":\"https:\/\/chefpastry.ch\/produit\/silikomart-poudre-paillettes-spray-or\/\",\"name\":\"POUDRE \u00c0 PAILLETTES EN SPRAY OR - Chef Pastry\",\"isPartOf\":{\"@id\":\"https:\/\/chefpastry.ch\/#website\"},\"primaryImageOfPage\":{\"@id\":\"https:\/\/chefpastry.ch\/produit\/silikomart-poudre-paillettes-spray-or\/#primaryimage\"},\"image\":{\"@id\":\"https:\/\/chefpastry.ch\/produit\/silikomart-poudre-paillettes-spray-or\/#primaryimage\"},\"thumbnailUrl\":\"https:\/\/chefpastry.ch\/wp-content\/uploads\/2022\/06\/image-615.jpg\",\"datePublished\":\"2022-06-02T21:10:12+00:00\",\"dateModified\":\"2025-04-14T07:24:03+00:00\",\"description\":\"La touche finale de vos cr\u00e9ations : la poudre \u00e0 paillettes or en spray. Facile \u00e0 utiliser et parfait pour d\u00e9corer vos g\u00e2teaux, cupcakes et autres douceurs.\",\"breadcrumb\":{\"@id\":\"https:\/\/chefpastry.ch\/produit\/silikomart-poudre-paillettes-spray-or\/#breadcrumb\"},\"inLanguage\":\"de\",\"potentialAction\":[{\"@type\":\"ReadAction\",\"target\":[\"https:\/\/chefpastry.ch\/produit\/silikomart-poudre-paillettes-spray-or\/\"]}]},{\"@type\":\"ImageObject\",\"inLanguage\":\"de\",\"@id\":\"https:\/\/chefpastry.ch\/produit\/silikomart-poudre-paillettes-spray-or\/#primaryimage\",\"url\":\"https:\/\/chefpastry.ch\/wp-content\/uploads\/2022\/06\/image-615.jpg\",\"contentUrl\":\"https:\/\/chefpastry.ch\/wp-content\/uploads\/2022\/06\/image-615.jpg\",\"width\":1280,\"height\":1280,\"caption\":\"Poudre paillettes spray or\"},{\"@type\":\"BreadcrumbList\",\"@id\":\"https:\/\/chefpastry.ch\/produit\/silikomart-poudre-paillettes-spray-or\/#breadcrumb\",\"itemListElement\":[{\"@type\":\"ListItem\",\"position\":1,\"name\":\"Home\",\"item\":\"https:\/\/chefpastry.ch\/\"},{\"@type\":\"ListItem\",\"position\":2,\"name\":\"E-shop\",\"item\":\"https:\/\/chefpastry.ch\/e-shop\/\"},{\"@type\":\"ListItem\",\"position\":3,\"name\":\"POUDRE \u00c0 PAILLETTES EN SPRAY OR\"}]},{\"@type\":\"WebSite\",\"@id\":\"https:\/\/chefpastry.ch\/#website\",\"url\":\"https:\/\/chefpastry.ch\/\",\"name\":\"Chef Pastry\",\"description\":\"\",\"publisher\":{\"@id\":\"https:\/\/chefpastry.ch\/#organization\"},\"potentialAction\":[{\"@type\":\"SearchAction\",\"target\":{\"@type\":\"EntryPoint\",\"urlTemplate\":\"https:\/\/chefpastry.ch\/?s={search_term_string}\"},\"query-input\":{\"@type\":\"PropertyValueSpecification\",\"valueRequired\":true,\"valueName\":\"search_term_string\"}}],\"inLanguage\":\"de\"},{\"@type\":\"Organization\",\"@id\":\"https:\/\/chefpastry.ch\/#organization\",\"name\":\"Chef Pastry\",\"url\":\"https:\/\/chefpastry.ch\/\",\"logo\":{\"@type\":\"ImageObject\",\"inLanguage\":\"de\",\"@id\":\"https:\/\/chefpastry.ch\/#\/schema\/logo\/image\/\",\"url\":\"https:\/\/chefpastry.ch\/wp-content\/uploads\/2022\/07\/cropped-chef_pastry_logo_rgb-03.png\",\"contentUrl\":\"https:\/\/chefpastry.ch\/wp-content\/uploads\/2022\/07\/cropped-chef_pastry_logo_rgb-03.png\",\"width\":1545,\"height\":412,\"caption\":\"Chef Pastry\"},\"image\":{\"@id\":\"https:\/\/chefpastry.ch\/#\/schema\/logo\/image\/\"}}]}<\/script>\n<meta property=\"product:price:amount\" content=\"14.00\" \/>\n<meta property=\"product:price:currency\" content=\"CHF\" \/>\n<meta property=\"og:availability\" content=\"instock\" \/>\n<meta property=\"product:availability\" content=\"instock\" \/>\n<meta property=\"product:retailer_item_id\" content=\"99.507.03.0001\" \/>\n<meta property=\"product:condition\" content=\"new\" \/>\n<!-- \/ Yoast SEO plugin. -->","yoast_head_json":{"title":"POUDRE \u00c0 PAILLETTES EN SPRAY OR - Chef Pastry","description":"La touche finale de vos cr\u00e9ations : la poudre \u00e0 paillettes or en spray. Facile \u00e0 utiliser et parfait pour d\u00e9corer vos g\u00e2teaux, cupcakes et autres douceurs.","robots":{"index":"index","follow":"follow","max-snippet":"max-snippet:-1","max-image-preview":"max-image-preview:large","max-video-preview":"max-video-preview:-1"},"canonical":"https:\/\/chefpastry.ch\/de\/produkt\/silikomart-poudre-paillettes-spray-or\/","og_locale":"de_DE","og_type":"article","og_title":"POUDRE \u00c0 PAILLETTES EN SPRAY OR - Chef Pastry","og_description":"La touche finale de vos cr\u00e9ations : la poudre \u00e0 paillettes or en spray. Facile \u00e0 utiliser et parfait pour d\u00e9corer vos g\u00e2teaux, cupcakes et autres douceurs.","og_url":"https:\/\/chefpastry.ch\/de\/produkt\/silikomart-poudre-paillettes-spray-or\/","og_site_name":"Chef Pastry","article_modified_time":"2025-04-14T07:24:03+00:00","og_image":[{"width":1280,"height":1280,"url":"https:\/\/chefpastry.ch\/wp-content\/uploads\/2022\/06\/image-615.jpg","type":"image\/jpeg"}],"twitter_card":"summary_large_image","twitter_misc":{"Preis":"&#67;&#72;&#70;&nbsp;14.00 TTC","Verf\u00fcgbarkeit":"Auf Lager"},"schema":{"@context":"https:\/\/schema.org","@graph":[{"@type":"WebPage","@id":"https:\/\/chefpastry.ch\/produit\/silikomart-poudre-paillettes-spray-or\/","url":"https:\/\/chefpastry.ch\/produit\/silikomart-poudre-paillettes-spray-or\/","name":"POUDRE \u00c0 PAILLETTES EN SPRAY OR - Chef Pastry","isPartOf":{"@id":"https:\/\/chefpastry.ch\/#website"},"primaryImageOfPage":{"@id":"https:\/\/chefpastry.ch\/produit\/silikomart-poudre-paillettes-spray-or\/#primaryimage"},"image":{"@id":"https:\/\/chefpastry.ch\/produit\/silikomart-poudre-paillettes-spray-or\/#primaryimage"},"thumbnailUrl":"https:\/\/chefpastry.ch\/wp-content\/uploads\/2022\/06\/image-615.jpg","datePublished":"2022-06-02T21:10:12+00:00","dateModified":"2025-04-14T07:24:03+00:00","description":"La touche finale de vos cr\u00e9ations : la poudre \u00e0 paillettes or en spray. Facile \u00e0 utiliser et parfait pour d\u00e9corer vos g\u00e2teaux, cupcakes et autres douceurs.","breadcrumb":{"@id":"https:\/\/chefpastry.ch\/produit\/silikomart-poudre-paillettes-spray-or\/#breadcrumb"},"inLanguage":"de","potentialAction":[{"@type":"ReadAction","target":["https:\/\/chefpastry.ch\/produit\/silikomart-poudre-paillettes-spray-or\/"]}]},{"@type":"ImageObject","inLanguage":"de","@id":"https:\/\/chefpastry.ch\/produit\/silikomart-poudre-paillettes-spray-or\/#primaryimage","url":"https:\/\/chefpastry.ch\/wp-content\/uploads\/2022\/06\/image-615.jpg","contentUrl":"https:\/\/chefpastry.ch\/wp-content\/uploads\/2022\/06\/image-615.jpg","width":1280,"height":1280,"caption":"Poudre paillettes spray or"},{"@type":"BreadcrumbList","@id":"https:\/\/chefpastry.ch\/produit\/silikomart-poudre-paillettes-spray-or\/#breadcrumb","itemListElement":[{"@type":"ListItem","position":1,"name":"Home","item":"https:\/\/chefpastry.ch\/"},{"@type":"ListItem","position":2,"name":"E-shop","item":"https:\/\/chefpastry.ch\/e-shop\/"},{"@type":"ListItem","position":3,"name":"POUDRE \u00c0 PAILLETTES EN SPRAY OR"}]},{"@type":"WebSite","@id":"https:\/\/chefpastry.ch\/#website","url":"https:\/\/chefpastry.ch\/","name":"Chef Pastry","description":"","publisher":{"@id":"https:\/\/chefpastry.ch\/#organization"},"potentialAction":[{"@type":"SearchAction","target":{"@type":"EntryPoint","urlTemplate":"https:\/\/chefpastry.ch\/?s={search_term_string}"},"query-input":{"@type":"PropertyValueSpecification","valueRequired":true,"valueName":"search_term_string"}}],"inLanguage":"de"},{"@type":"Organization","@id":"https:\/\/chefpastry.ch\/#organization","name":"Chef Pastry","url":"https:\/\/chefpastry.ch\/","logo":{"@type":"ImageObject","inLanguage":"de","@id":"https:\/\/chefpastry.ch\/#\/schema\/logo\/image\/","url":"https:\/\/chefpastry.ch\/wp-content\/uploads\/2022\/07\/cropped-chef_pastry_logo_rgb-03.png","contentUrl":"https:\/\/chefpastry.ch\/wp-content\/uploads\/2022\/07\/cropped-chef_pastry_logo_rgb-03.png","width":1545,"height":412,"caption":"Chef Pastry"},"image":{"@id":"https:\/\/chefpastry.ch\/#\/schema\/logo\/image\/"}}]},"product_price_amount":"14.00","product_price_currency":"CHF","og_availability":"instock","product_availability":"instock","product_retailer_item_id":"99.507.03.0001","product_condition":"new"},"_links":{"self":[{"href":"https:\/\/chefpastry.ch\/de\/wp-json\/wp\/v2\/product\/4646","targetHints":{"allow":["GET"]}}],"collection":[{"href":"https:\/\/chefpastry.ch\/de\/wp-json\/wp\/v2\/product"}],"about":[{"href":"https:\/\/chefpastry.ch\/de\/wp-json\/wp\/v2\/types\/product"}],"replies":[{"embeddable":true,"href":"https:\/\/chefpastry.ch\/de\/wp-json\/wp\/v2\/comments?post=4646"}],"version-history":[{"count":1,"href":"https:\/\/chefpastry.ch\/de\/wp-json\/wp\/v2\/product\/4646\/revisions"}],"predecessor-version":[{"id":16198,"href":"https:\/\/chefpastry.ch\/de\/wp-json\/wp\/v2\/product\/4646\/revisions\/16198"}],"wp:featuredmedia":[{"embeddable":true,"href":"https:\/\/chefpastry.ch\/de\/wp-json\/wp\/v2\/media\/4648"}],"wp:attachment":[{"href":"https:\/\/chefpastry.ch\/de\/wp-json\/wp\/v2\/media?parent=4646"}],"wp:term":[{"taxonomy":"product_brand","embeddable":true,"href":"https:\/\/chefpastry.ch\/de\/wp-json\/wp\/v2\/product_brand?post=4646"},{"taxonomy":"product_cat","embeddable":true,"href":"https:\/\/chefpastry.ch\/de\/wp-json\/wp\/v2\/product_cat?post=4646"},{"taxonomy":"product_tag","embeddable":true,"href":"https:\/\/chefpastry.ch\/de\/wp-json\/wp\/v2\/product_tag?post=4646"}],"curies":[{"name":"wp","href":"https:\/\/api.w.org\/{rel}","templated":true}]}}