{"id":4585,"date":"2022-06-02T23:09:53","date_gmt":"2022-06-02T21:09:53","guid":{"rendered":"https:\/\/chefpastry-aventure-gourmande.geekworkers.dev\/produit\/douille-star-french\/"},"modified":"2024-01-26T15:24:01","modified_gmt":"2024-01-26T14:24:01","slug":"douille-star-french-acier-inoxidable","status":"publish","type":"product","link":"https:\/\/chefpastry.ch\/de\/produkt\/douille-star-french-acier-inoxidable\/","title":{"rendered":"STAR FRENCH H\u00dcLSE"},"content":{"rendered":"<p><strong>Buchse aus rostfreiem Stahl <\/strong>star french (<strong>T\u00fclle f\u00fcr Petit Fours<\/strong>)<span id=\"attr-titre\"><\/span><\/p>\n<p>Langlebig und robust sind sie ideal f\u00fcr den intensiven Gebrauch. Keine L\u00f6tstellen und widerstandsf\u00e4hig, die Verarbeitung ist besonders sorgf\u00e4ltig. Die Zacken sind regelm\u00e4\u00dfig, von gleicher Gr\u00f6\u00dfe und Form, mit dem gleichen Abstand zwischen den einzelnen Zacken, f\u00fcr ein homogenes und qualitativ hochwertiges Ergebnis, eine hervorragende Optik und feine Arbeit.<\/p>\n<p>T\u00fcllen, die mit allen Arten von Konditoreibeuteln kompatibel sind.<\/p>\n<ul>\n<li>2 Verschiedene Gr\u00f6\u00dfen :<br \/>\n\u00d8 11 mm<br \/>\n\u00d8 15 mm<\/li>\n<\/ul>","protected":false},"excerpt":{"rendered":"<p><strong>Buchse aus rostfreiem Stahl <\/strong>star french (<strong>T\u00fclle f\u00fcr Petit Fours<\/strong>)<span id=\"attr-titre\"><\/span><\/p>\n<p>Durables et robustes elles sont id\u00e9ales pour un usage intensif. Aucune soudure et r\u00e9sistante, la finition est particuli\u00e8rement soign\u00e9e.<\/p>","protected":false},"featured_media":4587,"comment_status":"closed","ping_status":"closed","template":"","meta":{"_jet_sm_ready_style":"","_jet_sm_style":"","_jet_sm_controls_values":"","_jet_sm_fonts_collection":"","_jet_sm_fonts_links":"","_joinchat":[]},"product_brand":[],"product_cat":[24],"product_tag":[],"class_list":{"0":"post-4585","1":"product","2":"type-product","3":"status-publish","4":"has-post-thumbnail","6":"product_cat-accessoires","7":"pa_declinaison-bf314-11mm","8":"pa_declinaison-bf317-15mm","10":"first","11":"instock","12":"taxable","13":"shipping-taxable","14":"purchasable","15":"product-type-variable","16":"has-default-attributes"},"yoast_head":"<!-- This site is optimized with the Yoast SEO plugin v27.0 - https:\/\/yoast.com\/product\/yoast-seo-wordpress\/ -->\n<title>DOUILLE STAR FRENCH - Chef Pastry<\/title>\n<meta name=\"description\" content=\"Douille en acier inoxydable star french (Douille \u00e0 petits fours). Durables et robustes elles sont id\u00e9ales pour un usage intensif.\" \/>\n<meta name=\"robots\" content=\"index, follow, max-snippet:-1, max-image-preview:large, max-video-preview:-1\" \/>\n<link rel=\"canonical\" href=\"https:\/\/chefpastry.ch\/de\/produkt\/douille-star-french-acier-inoxidable\/\" \/>\n<meta property=\"og:locale\" content=\"de_DE\" \/>\n<meta property=\"og:type\" content=\"article\" \/>\n<meta property=\"og:title\" content=\"DOUILLE STAR FRENCH - Chef Pastry\" \/>\n<meta property=\"og:description\" content=\"Douille en acier inoxydable star french (Douille \u00e0 petits fours). Durables et robustes elles sont id\u00e9ales pour un usage intensif.\" \/>\n<meta property=\"og:url\" content=\"https:\/\/chefpastry.ch\/de\/produkt\/douille-star-french-acier-inoxidable\/\" \/>\n<meta property=\"og:site_name\" content=\"Chef Pastry\" \/>\n<meta property=\"article:modified_time\" content=\"2024-01-26T14:24:01+00:00\" \/>\n<meta property=\"og:image\" content=\"https:\/\/chefpastry.ch\/wp-content\/uploads\/2022\/06\/image-579.jpg\" \/>\n\t<meta property=\"og:image:width\" content=\"600\" \/>\n\t<meta property=\"og:image:height\" content=\"400\" \/>\n\t<meta property=\"og:image:type\" content=\"image\/jpeg\" \/>\n<meta name=\"twitter:card\" content=\"summary_large_image\" \/>\n<meta name=\"twitter:label1\" content=\"Verf\u00fcgbarkeit\" \/>\n\t<meta name=\"twitter:data1\" content=\"Auf Lager\" \/>\n<script type=\"application\/ld+json\" class=\"yoast-schema-graph\">{\"@context\":\"https:\/\/schema.org\",\"@graph\":[{\"@type\":\"WebPage\",\"@id\":\"https:\/\/chefpastry.ch\/produit\/douille-star-french-acier-inoxidable\/\",\"url\":\"https:\/\/chefpastry.ch\/produit\/douille-star-french-acier-inoxidable\/\",\"name\":\"DOUILLE STAR FRENCH - Chef Pastry\",\"isPartOf\":{\"@id\":\"https:\/\/chefpastry.ch\/#website\"},\"primaryImageOfPage\":{\"@id\":\"https:\/\/chefpastry.ch\/produit\/douille-star-french-acier-inoxidable\/#primaryimage\"},\"image\":{\"@id\":\"https:\/\/chefpastry.ch\/produit\/douille-star-french-acier-inoxidable\/#primaryimage\"},\"thumbnailUrl\":\"https:\/\/chefpastry.ch\/wp-content\/uploads\/2022\/06\/image-579.jpg\",\"datePublished\":\"2022-06-02T21:09:53+00:00\",\"dateModified\":\"2024-01-26T14:24:01+00:00\",\"description\":\"Douille en acier inoxydable star french (Douille \u00e0 petits fours). Durables et robustes elles sont id\u00e9ales pour un usage intensif.\",\"breadcrumb\":{\"@id\":\"https:\/\/chefpastry.ch\/produit\/douille-star-french-acier-inoxidable\/#breadcrumb\"},\"inLanguage\":\"de\",\"potentialAction\":[{\"@type\":\"ReadAction\",\"target\":[\"https:\/\/chefpastry.ch\/produit\/douille-star-french-acier-inoxidable\/\"]}]},{\"@type\":\"ImageObject\",\"inLanguage\":\"de\",\"@id\":\"https:\/\/chefpastry.ch\/produit\/douille-star-french-acier-inoxidable\/#primaryimage\",\"url\":\"https:\/\/chefpastry.ch\/wp-content\/uploads\/2022\/06\/image-579.jpg\",\"contentUrl\":\"https:\/\/chefpastry.ch\/wp-content\/uploads\/2022\/06\/image-579.jpg\",\"width\":600,\"height\":400,\"caption\":\"Douille acier inoxydable french\"},{\"@type\":\"BreadcrumbList\",\"@id\":\"https:\/\/chefpastry.ch\/produit\/douille-star-french-acier-inoxidable\/#breadcrumb\",\"itemListElement\":[{\"@type\":\"ListItem\",\"position\":1,\"name\":\"Home\",\"item\":\"https:\/\/chefpastry.ch\/\"},{\"@type\":\"ListItem\",\"position\":2,\"name\":\"E-shop\",\"item\":\"https:\/\/chefpastry.ch\/e-shop\/\"},{\"@type\":\"ListItem\",\"position\":3,\"name\":\"DOUILLE STAR FRENCH\"}]},{\"@type\":\"WebSite\",\"@id\":\"https:\/\/chefpastry.ch\/#website\",\"url\":\"https:\/\/chefpastry.ch\/\",\"name\":\"Chef Pastry\",\"description\":\"\",\"publisher\":{\"@id\":\"https:\/\/chefpastry.ch\/#organization\"},\"potentialAction\":[{\"@type\":\"SearchAction\",\"target\":{\"@type\":\"EntryPoint\",\"urlTemplate\":\"https:\/\/chefpastry.ch\/?s={search_term_string}\"},\"query-input\":{\"@type\":\"PropertyValueSpecification\",\"valueRequired\":true,\"valueName\":\"search_term_string\"}}],\"inLanguage\":\"de\"},{\"@type\":\"Organization\",\"@id\":\"https:\/\/chefpastry.ch\/#organization\",\"name\":\"Chef Pastry\",\"url\":\"https:\/\/chefpastry.ch\/\",\"logo\":{\"@type\":\"ImageObject\",\"inLanguage\":\"de\",\"@id\":\"https:\/\/chefpastry.ch\/#\/schema\/logo\/image\/\",\"url\":\"https:\/\/chefpastry.ch\/wp-content\/uploads\/2022\/07\/cropped-chef_pastry_logo_rgb-03.png\",\"contentUrl\":\"https:\/\/chefpastry.ch\/wp-content\/uploads\/2022\/07\/cropped-chef_pastry_logo_rgb-03.png\",\"width\":1545,\"height\":412,\"caption\":\"Chef Pastry\"},\"image\":{\"@id\":\"https:\/\/chefpastry.ch\/#\/schema\/logo\/image\/\"}}]}<\/script>\n<meta property=\"og:availability\" content=\"instock\" \/>\n<meta property=\"product:availability\" content=\"instock\" \/>\n<meta property=\"product:condition\" content=\"new\" \/>\n<!-- \/ Yoast SEO plugin. -->","yoast_head_json":{"title":"DOUILLE STAR FRENCH - Chef Pastry","description":"Douille en acier inoxydable star french (Douille \u00e0 petits fours). Durables et robustes elles sont id\u00e9ales pour un usage intensif.","robots":{"index":"index","follow":"follow","max-snippet":"max-snippet:-1","max-image-preview":"max-image-preview:large","max-video-preview":"max-video-preview:-1"},"canonical":"https:\/\/chefpastry.ch\/de\/produkt\/douille-star-french-acier-inoxidable\/","og_locale":"de_DE","og_type":"article","og_title":"DOUILLE STAR FRENCH - Chef Pastry","og_description":"Douille en acier inoxydable star french (Douille \u00e0 petits fours). Durables et robustes elles sont id\u00e9ales pour un usage intensif.","og_url":"https:\/\/chefpastry.ch\/de\/produkt\/douille-star-french-acier-inoxidable\/","og_site_name":"Chef Pastry","article_modified_time":"2024-01-26T14:24:01+00:00","og_image":[{"width":600,"height":400,"url":"https:\/\/chefpastry.ch\/wp-content\/uploads\/2022\/06\/image-579.jpg","type":"image\/jpeg"}],"twitter_card":"summary_large_image","twitter_misc":{"Verf\u00fcgbarkeit":"Auf Lager"},"schema":{"@context":"https:\/\/schema.org","@graph":[{"@type":"WebPage","@id":"https:\/\/chefpastry.ch\/produit\/douille-star-french-acier-inoxidable\/","url":"https:\/\/chefpastry.ch\/produit\/douille-star-french-acier-inoxidable\/","name":"DOUILLE STAR FRENCH - Chef Pastry","isPartOf":{"@id":"https:\/\/chefpastry.ch\/#website"},"primaryImageOfPage":{"@id":"https:\/\/chefpastry.ch\/produit\/douille-star-french-acier-inoxidable\/#primaryimage"},"image":{"@id":"https:\/\/chefpastry.ch\/produit\/douille-star-french-acier-inoxidable\/#primaryimage"},"thumbnailUrl":"https:\/\/chefpastry.ch\/wp-content\/uploads\/2022\/06\/image-579.jpg","datePublished":"2022-06-02T21:09:53+00:00","dateModified":"2024-01-26T14:24:01+00:00","description":"Douille en acier inoxydable star french (Douille \u00e0 petits fours). Durables et robustes elles sont id\u00e9ales pour un usage intensif.","breadcrumb":{"@id":"https:\/\/chefpastry.ch\/produit\/douille-star-french-acier-inoxidable\/#breadcrumb"},"inLanguage":"de","potentialAction":[{"@type":"ReadAction","target":["https:\/\/chefpastry.ch\/produit\/douille-star-french-acier-inoxidable\/"]}]},{"@type":"ImageObject","inLanguage":"de","@id":"https:\/\/chefpastry.ch\/produit\/douille-star-french-acier-inoxidable\/#primaryimage","url":"https:\/\/chefpastry.ch\/wp-content\/uploads\/2022\/06\/image-579.jpg","contentUrl":"https:\/\/chefpastry.ch\/wp-content\/uploads\/2022\/06\/image-579.jpg","width":600,"height":400,"caption":"Douille acier inoxydable french"},{"@type":"BreadcrumbList","@id":"https:\/\/chefpastry.ch\/produit\/douille-star-french-acier-inoxidable\/#breadcrumb","itemListElement":[{"@type":"ListItem","position":1,"name":"Home","item":"https:\/\/chefpastry.ch\/"},{"@type":"ListItem","position":2,"name":"E-shop","item":"https:\/\/chefpastry.ch\/e-shop\/"},{"@type":"ListItem","position":3,"name":"DOUILLE STAR FRENCH"}]},{"@type":"WebSite","@id":"https:\/\/chefpastry.ch\/#website","url":"https:\/\/chefpastry.ch\/","name":"Chef Pastry","description":"","publisher":{"@id":"https:\/\/chefpastry.ch\/#organization"},"potentialAction":[{"@type":"SearchAction","target":{"@type":"EntryPoint","urlTemplate":"https:\/\/chefpastry.ch\/?s={search_term_string}"},"query-input":{"@type":"PropertyValueSpecification","valueRequired":true,"valueName":"search_term_string"}}],"inLanguage":"de"},{"@type":"Organization","@id":"https:\/\/chefpastry.ch\/#organization","name":"Chef Pastry","url":"https:\/\/chefpastry.ch\/","logo":{"@type":"ImageObject","inLanguage":"de","@id":"https:\/\/chefpastry.ch\/#\/schema\/logo\/image\/","url":"https:\/\/chefpastry.ch\/wp-content\/uploads\/2022\/07\/cropped-chef_pastry_logo_rgb-03.png","contentUrl":"https:\/\/chefpastry.ch\/wp-content\/uploads\/2022\/07\/cropped-chef_pastry_logo_rgb-03.png","width":1545,"height":412,"caption":"Chef Pastry"},"image":{"@id":"https:\/\/chefpastry.ch\/#\/schema\/logo\/image\/"}}]},"og_availability":"instock","product_availability":"instock","product_condition":"new"},"_links":{"self":[{"href":"https:\/\/chefpastry.ch\/de\/wp-json\/wp\/v2\/product\/4585","targetHints":{"allow":["GET"]}}],"collection":[{"href":"https:\/\/chefpastry.ch\/de\/wp-json\/wp\/v2\/product"}],"about":[{"href":"https:\/\/chefpastry.ch\/de\/wp-json\/wp\/v2\/types\/product"}],"replies":[{"embeddable":true,"href":"https:\/\/chefpastry.ch\/de\/wp-json\/wp\/v2\/comments?post=4585"}],"version-history":[{"count":0,"href":"https:\/\/chefpastry.ch\/de\/wp-json\/wp\/v2\/product\/4585\/revisions"}],"wp:featuredmedia":[{"embeddable":true,"href":"https:\/\/chefpastry.ch\/de\/wp-json\/wp\/v2\/media\/4587"}],"wp:attachment":[{"href":"https:\/\/chefpastry.ch\/de\/wp-json\/wp\/v2\/media?parent=4585"}],"wp:term":[{"taxonomy":"product_brand","embeddable":true,"href":"https:\/\/chefpastry.ch\/de\/wp-json\/wp\/v2\/product_brand?post=4585"},{"taxonomy":"product_cat","embeddable":true,"href":"https:\/\/chefpastry.ch\/de\/wp-json\/wp\/v2\/product_cat?post=4585"},{"taxonomy":"product_tag","embeddable":true,"href":"https:\/\/chefpastry.ch\/de\/wp-json\/wp\/v2\/product_tag?post=4585"}],"curies":[{"name":"wp","href":"https:\/\/api.w.org\/{rel}","templated":true}]}}