{"id":4545,"date":"2022-06-02T23:09:37","date_gmt":"2022-06-02T21:09:37","guid":{"rendered":"https:\/\/chefpastry-aventure-gourmande.geekworkers.dev\/produit\/i-love-levels-plateau-moule-en-silicone-bac-de-transport\/"},"modified":"2023-12-31T15:52:21","modified_gmt":"2023-12-31T14:52:21","slug":"kit-silikomart-transport-stocker-i-love-levels","status":"publish","type":"product","link":"https:\/\/chefpastry.ch\/de\/produkt\/kit-silikomart-transport-stocker-i-love-levels\/","title":{"rendered":"I LOVE LEVELS"},"content":{"rendered":"<p>I LOVE LEVELS Silikomart ist das Set, das f\u00fcr das einfache Erstellen, Transportieren und Aufbewahren von mehrschichtigen Kreationen entwickelt wurde.<\/p>\n<ul>\n<li>I LOVE LEVELS besteht aus drei Elementen:<br \/>\n&#8211; un couvercle en polycarbonate transparent I-GLOO de 5.5 cm de haut<br \/>\n&#8211; un moule en silicone rectangulaire<br \/>\n&#8211; une tablette de 60&#215;40 cm.<\/li>\n<\/ul>\n<p>Le moule gradu\u00e9 rectangulaire rend le remplissage pratique et pr\u00e9cis, la tablette permet un mouvement facile des \u0153uvres d&rsquo;une surface \u00e0 l&rsquo;autre, tandis que le couvercle en polycarbonate garantit un stockage impeccable. Une solution innovante et pratique con\u00e7ue pour faciliter et utiliser la production en laboratoire.<\/p>","protected":false},"excerpt":{"rendered":"<p>I LOVE LEVELS Silikomart ist das Set, das f\u00fcr das einfache Erstellen, Transportieren und Aufbewahren von mehrschichtigen Kreationen entwickelt wurde.<\/p>\n<ul>\n<li>I LOVE LEVELS besteht aus drei Elementen:<\/li>\n<\/ul>","protected":false},"featured_media":4547,"comment_status":"closed","ping_status":"closed","template":"","meta":{"_jet_sm_ready_style":"","_jet_sm_style":"","_jet_sm_controls_values":"","_jet_sm_fonts_collection":"","_jet_sm_fonts_links":"","_joinchat":[]},"product_brand":[],"product_cat":[24,183],"product_tag":[],"class_list":{"0":"post-4545","1":"product","2":"type-product","3":"status-publish","4":"has-post-thumbnail","6":"product_cat-accessoires","7":"product_cat-promo","9":"first","10":"instock","11":"sale","12":"taxable","13":"shipping-taxable","14":"purchasable","15":"product-type-simple"},"yoast_head":"<!-- This site is optimized with the Yoast SEO plugin v27.0 - https:\/\/yoast.com\/product\/yoast-seo-wordpress\/ -->\n<title>I LOVE LEVELS - Chef Pastry<\/title>\n<meta name=\"description\" content=\"I LOVE LEVELS\u00a0 Silikomart est le kit con\u00e7u pour cr\u00e9er, transporter et stocker facilement des cr\u00e9ations multicouches. Se compose de trois \u00e9l\u00e9ments:...\" \/>\n<meta name=\"robots\" content=\"index, follow, max-snippet:-1, max-image-preview:large, max-video-preview:-1\" \/>\n<link rel=\"canonical\" href=\"https:\/\/chefpastry.ch\/de\/produkt\/kit-silikomart-transport-stocker-i-love-levels\/\" \/>\n<meta property=\"og:locale\" content=\"de_DE\" \/>\n<meta property=\"og:type\" content=\"article\" \/>\n<meta property=\"og:title\" content=\"I LOVE LEVELS - Chef Pastry\" \/>\n<meta property=\"og:description\" content=\"I LOVE LEVELS\u00a0 Silikomart est le kit con\u00e7u pour cr\u00e9er, transporter et stocker facilement des cr\u00e9ations multicouches. Se compose de trois \u00e9l\u00e9ments:...\" \/>\n<meta property=\"og:url\" content=\"https:\/\/chefpastry.ch\/de\/produkt\/kit-silikomart-transport-stocker-i-love-levels\/\" \/>\n<meta property=\"og:site_name\" content=\"Chef Pastry\" \/>\n<meta property=\"article:modified_time\" content=\"2023-12-31T14:52:21+00:00\" \/>\n<meta property=\"og:image\" content=\"https:\/\/chefpastry.ch\/wp-content\/uploads\/2022\/06\/image-549.jpg\" \/>\n\t<meta property=\"og:image:width\" content=\"600\" \/>\n\t<meta property=\"og:image:height\" content=\"400\" \/>\n\t<meta property=\"og:image:type\" content=\"image\/jpeg\" \/>\n<meta name=\"twitter:card\" content=\"summary_large_image\" \/>\n<meta name=\"twitter:label1\" content=\"Preis\" \/>\n\t<meta name=\"twitter:data1\" content=\"&#067;&#072;&#070;&nbsp;79.00 TTC\" \/>\n\t<meta name=\"twitter:label2\" content=\"Verf\u00fcgbarkeit\" \/>\n\t<meta name=\"twitter:data2\" content=\"Auf Lager\" \/>\n<script type=\"application\/ld+json\" class=\"yoast-schema-graph\">{\"@context\":\"https:\/\/schema.org\",\"@graph\":[{\"@type\":\"WebPage\",\"@id\":\"https:\/\/chefpastry.ch\/produit\/kit-silikomart-transport-stocker-i-love-levels\/\",\"url\":\"https:\/\/chefpastry.ch\/produit\/kit-silikomart-transport-stocker-i-love-levels\/\",\"name\":\"I LOVE LEVELS - Chef Pastry\",\"isPartOf\":{\"@id\":\"https:\/\/chefpastry.ch\/#website\"},\"primaryImageOfPage\":{\"@id\":\"https:\/\/chefpastry.ch\/produit\/kit-silikomart-transport-stocker-i-love-levels\/#primaryimage\"},\"image\":{\"@id\":\"https:\/\/chefpastry.ch\/produit\/kit-silikomart-transport-stocker-i-love-levels\/#primaryimage\"},\"thumbnailUrl\":\"https:\/\/chefpastry.ch\/wp-content\/uploads\/2022\/06\/image-549.jpg\",\"datePublished\":\"2022-06-02T21:09:37+00:00\",\"dateModified\":\"2023-12-31T14:52:21+00:00\",\"description\":\"I LOVE LEVELS\u00a0 Silikomart est le kit con\u00e7u pour cr\u00e9er, transporter et stocker facilement des cr\u00e9ations multicouches. Se compose de trois \u00e9l\u00e9ments:...\",\"breadcrumb\":{\"@id\":\"https:\/\/chefpastry.ch\/produit\/kit-silikomart-transport-stocker-i-love-levels\/#breadcrumb\"},\"inLanguage\":\"de\",\"potentialAction\":[{\"@type\":\"ReadAction\",\"target\":[\"https:\/\/chefpastry.ch\/produit\/kit-silikomart-transport-stocker-i-love-levels\/\"]}]},{\"@type\":\"ImageObject\",\"inLanguage\":\"de\",\"@id\":\"https:\/\/chefpastry.ch\/produit\/kit-silikomart-transport-stocker-i-love-levels\/#primaryimage\",\"url\":\"https:\/\/chefpastry.ch\/wp-content\/uploads\/2022\/06\/image-549.jpg\",\"contentUrl\":\"https:\/\/chefpastry.ch\/wp-content\/uploads\/2022\/06\/image-549.jpg\",\"width\":600,\"height\":400,\"caption\":\"I LOVE LEVELS\u00a0 Silikomart\"},{\"@type\":\"BreadcrumbList\",\"@id\":\"https:\/\/chefpastry.ch\/produit\/kit-silikomart-transport-stocker-i-love-levels\/#breadcrumb\",\"itemListElement\":[{\"@type\":\"ListItem\",\"position\":1,\"name\":\"Home\",\"item\":\"https:\/\/chefpastry.ch\/\"},{\"@type\":\"ListItem\",\"position\":2,\"name\":\"E-shop\",\"item\":\"https:\/\/chefpastry.ch\/e-shop\/\"},{\"@type\":\"ListItem\",\"position\":3,\"name\":\"I LOVE LEVELS\"}]},{\"@type\":\"WebSite\",\"@id\":\"https:\/\/chefpastry.ch\/#website\",\"url\":\"https:\/\/chefpastry.ch\/\",\"name\":\"Chef Pastry\",\"description\":\"\",\"publisher\":{\"@id\":\"https:\/\/chefpastry.ch\/#organization\"},\"potentialAction\":[{\"@type\":\"SearchAction\",\"target\":{\"@type\":\"EntryPoint\",\"urlTemplate\":\"https:\/\/chefpastry.ch\/?s={search_term_string}\"},\"query-input\":{\"@type\":\"PropertyValueSpecification\",\"valueRequired\":true,\"valueName\":\"search_term_string\"}}],\"inLanguage\":\"de\"},{\"@type\":\"Organization\",\"@id\":\"https:\/\/chefpastry.ch\/#organization\",\"name\":\"Chef Pastry\",\"url\":\"https:\/\/chefpastry.ch\/\",\"logo\":{\"@type\":\"ImageObject\",\"inLanguage\":\"de\",\"@id\":\"https:\/\/chefpastry.ch\/#\/schema\/logo\/image\/\",\"url\":\"https:\/\/chefpastry.ch\/wp-content\/uploads\/2022\/07\/cropped-chef_pastry_logo_rgb-03.png\",\"contentUrl\":\"https:\/\/chefpastry.ch\/wp-content\/uploads\/2022\/07\/cropped-chef_pastry_logo_rgb-03.png\",\"width\":1545,\"height\":412,\"caption\":\"Chef Pastry\"},\"image\":{\"@id\":\"https:\/\/chefpastry.ch\/#\/schema\/logo\/image\/\"}}]}<\/script>\n<meta property=\"product:price:amount\" content=\"79.00\" \/>\n<meta property=\"product:price:currency\" content=\"CHF\" \/>\n<meta property=\"og:availability\" content=\"instock\" \/>\n<meta property=\"product:availability\" content=\"instock\" \/>\n<meta property=\"product:retailer_item_id\" content=\"25.434.99.0082\" \/>\n<meta property=\"product:condition\" content=\"new\" \/>\n<!-- \/ Yoast SEO plugin. -->","yoast_head_json":{"title":"I LOVE LEVELS - Chef Pastry","description":"I LOVE LEVELS\u00a0 Silikomart est le kit con\u00e7u pour cr\u00e9er, transporter et stocker facilement des cr\u00e9ations multicouches. Se compose de trois \u00e9l\u00e9ments:...","robots":{"index":"index","follow":"follow","max-snippet":"max-snippet:-1","max-image-preview":"max-image-preview:large","max-video-preview":"max-video-preview:-1"},"canonical":"https:\/\/chefpastry.ch\/de\/produkt\/kit-silikomart-transport-stocker-i-love-levels\/","og_locale":"de_DE","og_type":"article","og_title":"I LOVE LEVELS - Chef Pastry","og_description":"I LOVE LEVELS\u00a0 Silikomart est le kit con\u00e7u pour cr\u00e9er, transporter et stocker facilement des cr\u00e9ations multicouches. Se compose de trois \u00e9l\u00e9ments:...","og_url":"https:\/\/chefpastry.ch\/de\/produkt\/kit-silikomart-transport-stocker-i-love-levels\/","og_site_name":"Chef Pastry","article_modified_time":"2023-12-31T14:52:21+00:00","og_image":[{"width":600,"height":400,"url":"https:\/\/chefpastry.ch\/wp-content\/uploads\/2022\/06\/image-549.jpg","type":"image\/jpeg"}],"twitter_card":"summary_large_image","twitter_misc":{"Preis":"&#67;&#72;&#70;&nbsp;79.00 TTC","Verf\u00fcgbarkeit":"Auf Lager"},"schema":{"@context":"https:\/\/schema.org","@graph":[{"@type":"WebPage","@id":"https:\/\/chefpastry.ch\/produit\/kit-silikomart-transport-stocker-i-love-levels\/","url":"https:\/\/chefpastry.ch\/produit\/kit-silikomart-transport-stocker-i-love-levels\/","name":"I LOVE LEVELS - Chef Pastry","isPartOf":{"@id":"https:\/\/chefpastry.ch\/#website"},"primaryImageOfPage":{"@id":"https:\/\/chefpastry.ch\/produit\/kit-silikomart-transport-stocker-i-love-levels\/#primaryimage"},"image":{"@id":"https:\/\/chefpastry.ch\/produit\/kit-silikomart-transport-stocker-i-love-levels\/#primaryimage"},"thumbnailUrl":"https:\/\/chefpastry.ch\/wp-content\/uploads\/2022\/06\/image-549.jpg","datePublished":"2022-06-02T21:09:37+00:00","dateModified":"2023-12-31T14:52:21+00:00","description":"I LOVE LEVELS\u00a0 Silikomart est le kit con\u00e7u pour cr\u00e9er, transporter et stocker facilement des cr\u00e9ations multicouches. Se compose de trois \u00e9l\u00e9ments:...","breadcrumb":{"@id":"https:\/\/chefpastry.ch\/produit\/kit-silikomart-transport-stocker-i-love-levels\/#breadcrumb"},"inLanguage":"de","potentialAction":[{"@type":"ReadAction","target":["https:\/\/chefpastry.ch\/produit\/kit-silikomart-transport-stocker-i-love-levels\/"]}]},{"@type":"ImageObject","inLanguage":"de","@id":"https:\/\/chefpastry.ch\/produit\/kit-silikomart-transport-stocker-i-love-levels\/#primaryimage","url":"https:\/\/chefpastry.ch\/wp-content\/uploads\/2022\/06\/image-549.jpg","contentUrl":"https:\/\/chefpastry.ch\/wp-content\/uploads\/2022\/06\/image-549.jpg","width":600,"height":400,"caption":"I LOVE LEVELS\u00a0 Silikomart"},{"@type":"BreadcrumbList","@id":"https:\/\/chefpastry.ch\/produit\/kit-silikomart-transport-stocker-i-love-levels\/#breadcrumb","itemListElement":[{"@type":"ListItem","position":1,"name":"Home","item":"https:\/\/chefpastry.ch\/"},{"@type":"ListItem","position":2,"name":"E-shop","item":"https:\/\/chefpastry.ch\/e-shop\/"},{"@type":"ListItem","position":3,"name":"I LOVE LEVELS"}]},{"@type":"WebSite","@id":"https:\/\/chefpastry.ch\/#website","url":"https:\/\/chefpastry.ch\/","name":"Chef Pastry","description":"","publisher":{"@id":"https:\/\/chefpastry.ch\/#organization"},"potentialAction":[{"@type":"SearchAction","target":{"@type":"EntryPoint","urlTemplate":"https:\/\/chefpastry.ch\/?s={search_term_string}"},"query-input":{"@type":"PropertyValueSpecification","valueRequired":true,"valueName":"search_term_string"}}],"inLanguage":"de"},{"@type":"Organization","@id":"https:\/\/chefpastry.ch\/#organization","name":"Chef Pastry","url":"https:\/\/chefpastry.ch\/","logo":{"@type":"ImageObject","inLanguage":"de","@id":"https:\/\/chefpastry.ch\/#\/schema\/logo\/image\/","url":"https:\/\/chefpastry.ch\/wp-content\/uploads\/2022\/07\/cropped-chef_pastry_logo_rgb-03.png","contentUrl":"https:\/\/chefpastry.ch\/wp-content\/uploads\/2022\/07\/cropped-chef_pastry_logo_rgb-03.png","width":1545,"height":412,"caption":"Chef Pastry"},"image":{"@id":"https:\/\/chefpastry.ch\/#\/schema\/logo\/image\/"}}]},"product_price_amount":"79.00","product_price_currency":"CHF","og_availability":"instock","product_availability":"instock","product_retailer_item_id":"25.434.99.0082","product_condition":"new"},"_links":{"self":[{"href":"https:\/\/chefpastry.ch\/de\/wp-json\/wp\/v2\/product\/4545","targetHints":{"allow":["GET"]}}],"collection":[{"href":"https:\/\/chefpastry.ch\/de\/wp-json\/wp\/v2\/product"}],"about":[{"href":"https:\/\/chefpastry.ch\/de\/wp-json\/wp\/v2\/types\/product"}],"replies":[{"embeddable":true,"href":"https:\/\/chefpastry.ch\/de\/wp-json\/wp\/v2\/comments?post=4545"}],"version-history":[{"count":0,"href":"https:\/\/chefpastry.ch\/de\/wp-json\/wp\/v2\/product\/4545\/revisions"}],"wp:featuredmedia":[{"embeddable":true,"href":"https:\/\/chefpastry.ch\/de\/wp-json\/wp\/v2\/media\/4547"}],"wp:attachment":[{"href":"https:\/\/chefpastry.ch\/de\/wp-json\/wp\/v2\/media?parent=4545"}],"wp:term":[{"taxonomy":"product_brand","embeddable":true,"href":"https:\/\/chefpastry.ch\/de\/wp-json\/wp\/v2\/product_brand?post=4545"},{"taxonomy":"product_cat","embeddable":true,"href":"https:\/\/chefpastry.ch\/de\/wp-json\/wp\/v2\/product_cat?post=4545"},{"taxonomy":"product_tag","embeddable":true,"href":"https:\/\/chefpastry.ch\/de\/wp-json\/wp\/v2\/product_tag?post=4545"}],"curies":[{"name":"wp","href":"https:\/\/api.w.org\/{rel}","templated":true}]}}