{"id":4463,"date":"2022-06-02T23:09:25","date_gmt":"2022-06-02T21:09:25","guid":{"rendered":"https:\/\/chefpastry-aventure-gourmande.geekworkers.dev\/produit\/tarte-ring-round\/"},"modified":"2025-01-27T15:34:34","modified_gmt":"2025-01-27T14:34:34","slug":"tarte-ring-round-silikomart-professional","status":"publish","type":"product","link":"https:\/\/chefpastry.ch\/de\/produkt\/tarte-ring-round-silikomart-professional\/","title":{"rendered":"TARTE RING ROUND"},"content":{"rendered":"<p><strong>Tarte Ring von Silikomart Professional<\/strong> est compos\u00e9 d&rsquo;anneaux en mat\u00e9riau composite thermoplastique ind\u00e9formable, utilisable dans le four, ce qui permet de r\u00e9aliser des tartes. Les anneaux sont antiadh\u00e9sifs, inoxydables, ils permettent une cuisson homog\u00e8ne et ils ont une grande stabilit\u00e9 thermique.<\/p>\n<p><strong>Tarte Ring von Silikomart Professional,<\/strong> perfekt f\u00fcr die Herstellung traditionell makelloser Torten.<\/p>\n<ul>\n<li><strong>Abmessungen \u00d8 80<\/strong><br \/>\nGr\u00f6\u00dfe: \u00d8 80 mm h 20 mm (x6 Kreise)<\/li>\n<li><strong>Abmessungen \u00d8 100<\/strong><br \/>\nGr\u00f6\u00dfe: \u00d8 100 mm h 20 mm (x4 Kreise)<\/li>\n<li><strong>Abmessungen \u00d8 120<\/strong><br \/>\nGr\u00f6\u00dfe: \u00d8 120 mm h 20 mm (x2 Kreise)<\/li>\n<li><strong>Abmessungen \u00d8 150<\/strong><br \/>\nGr\u00f6\u00dfe: \u00d8 150 mm h 20 mm (x2 Kreise)<\/li>\n<li><strong>Abmessungen \u00d8 190<\/strong><br \/>\nGr\u00f6\u00dfe: \u00d8 190 mm h 20 mm (x1 Kreis)<\/li>\n<li><strong>Abmessungen \u00d8 210<\/strong><br \/>\nGr\u00f6\u00dfe: \u00d8 210 mm h 20 mm (x1 Kreis)<\/li>\n<li><strong>Abmessungen \u00d8 230<\/strong><br \/>\nGr\u00f6\u00dfe: \u00d8 230 mm h 20 mm (x1 Kreis)<\/li>\n<li><strong>Abmessungen \u00d8 250<\/strong><br \/>\nGr\u00f6\u00dfe: \u00d8 250 mm h 20 mm (x1 Kreis)<\/li>\n<\/ul>","protected":false},"excerpt":{"rendered":"<p><strong>Tarte Ring de Silikomart<\/strong> est compos\u00e9 d&rsquo;anneaux en mat\u00e9riau composite thermoplastique ind\u00e9formable, utilisable dans le four, ce qui permet de r\u00e9aliser des tartes. Les anneaux sont antiadh\u00e9sifs, inoxydables, ils permettent une cuisson homog\u00e8ne et ils ont une grande stabilit\u00e9 thermique.<\/p>","protected":false},"featured_media":4465,"comment_status":"closed","ping_status":"closed","template":"","meta":{"_jet_sm_ready_style":"","_jet_sm_style":"","_jet_sm_controls_values":"","_jet_sm_fonts_collection":"","_jet_sm_fonts_links":"","_joinchat":[]},"product_brand":[],"product_cat":[79],"product_tag":[],"class_list":{"0":"post-4463","1":"product","2":"type-product","3":"status-publish","4":"has-post-thumbnail","6":"product_cat-tarte","7":"pa_declinaison-o-100","8":"pa_declinaison-o-120","9":"pa_declinaison-o-150","10":"pa_declinaison-o-190","11":"pa_declinaison-o-210","12":"pa_declinaison-o-230","13":"pa_declinaison-o-250","14":"pa_declinaison-o-80","16":"first","17":"instock","18":"sale","19":"taxable","20":"shipping-taxable","21":"purchasable","22":"product-type-variable"},"yoast_head":"<!-- This site is optimized with the Yoast SEO plugin v27.0 - https:\/\/yoast.com\/product\/yoast-seo-wordpress\/ -->\n<title>TARTE RING ROUND - Chef Pastry<\/title>\n<meta name=\"description\" content=\"Tarte Ring Silikomart Professional, est compos\u00e9 d&#039;anneaux en mat\u00e9riau ind\u00e9formable, utilisable dans le four, ce qui permet de r\u00e9aliser des tartes.\" \/>\n<meta name=\"robots\" content=\"index, follow, max-snippet:-1, max-image-preview:large, max-video-preview:-1\" \/>\n<link rel=\"canonical\" href=\"https:\/\/chefpastry.ch\/de\/produkt\/tarte-ring-round-silikomart-professional\/\" \/>\n<meta property=\"og:locale\" content=\"de_DE\" \/>\n<meta property=\"og:type\" content=\"article\" \/>\n<meta property=\"og:title\" content=\"TARTE RING ROUND - Chef Pastry\" \/>\n<meta property=\"og:description\" content=\"Tarte Ring Silikomart Professional, est compos\u00e9 d&#039;anneaux en mat\u00e9riau ind\u00e9formable, utilisable dans le four, ce qui permet de r\u00e9aliser des tartes.\" \/>\n<meta property=\"og:url\" content=\"https:\/\/chefpastry.ch\/de\/produkt\/tarte-ring-round-silikomart-professional\/\" \/>\n<meta property=\"og:site_name\" content=\"Chef Pastry\" \/>\n<meta property=\"article:modified_time\" content=\"2025-01-27T14:34:34+00:00\" \/>\n<meta property=\"og:image\" content=\"https:\/\/chefpastry.ch\/wp-content\/uploads\/2022\/06\/image-505.jpg\" \/>\n\t<meta property=\"og:image:width\" content=\"600\" \/>\n\t<meta property=\"og:image:height\" content=\"400\" \/>\n\t<meta property=\"og:image:type\" content=\"image\/jpeg\" \/>\n<meta name=\"twitter:card\" content=\"summary_large_image\" \/>\n<meta name=\"twitter:label1\" content=\"Verf\u00fcgbarkeit\" \/>\n\t<meta name=\"twitter:data1\" content=\"Auf Lager\" \/>\n<script type=\"application\/ld+json\" class=\"yoast-schema-graph\">{\"@context\":\"https:\/\/schema.org\",\"@graph\":[{\"@type\":\"WebPage\",\"@id\":\"https:\/\/chefpastry.ch\/produit\/tarte-ring-round-silikomart-professional\/\",\"url\":\"https:\/\/chefpastry.ch\/produit\/tarte-ring-round-silikomart-professional\/\",\"name\":\"TARTE RING ROUND - Chef Pastry\",\"isPartOf\":{\"@id\":\"https:\/\/chefpastry.ch\/#website\"},\"primaryImageOfPage\":{\"@id\":\"https:\/\/chefpastry.ch\/produit\/tarte-ring-round-silikomart-professional\/#primaryimage\"},\"image\":{\"@id\":\"https:\/\/chefpastry.ch\/produit\/tarte-ring-round-silikomart-professional\/#primaryimage\"},\"thumbnailUrl\":\"https:\/\/chefpastry.ch\/wp-content\/uploads\/2022\/06\/image-505.jpg\",\"datePublished\":\"2022-06-02T21:09:25+00:00\",\"dateModified\":\"2025-01-27T14:34:34+00:00\",\"description\":\"Tarte Ring Silikomart Professional, est compos\u00e9 d'anneaux en mat\u00e9riau ind\u00e9formable, utilisable dans le four, ce qui permet de r\u00e9aliser des tartes.\",\"breadcrumb\":{\"@id\":\"https:\/\/chefpastry.ch\/produit\/tarte-ring-round-silikomart-professional\/#breadcrumb\"},\"inLanguage\":\"de\",\"potentialAction\":[{\"@type\":\"ReadAction\",\"target\":[\"https:\/\/chefpastry.ch\/produit\/tarte-ring-round-silikomart-professional\/\"]}]},{\"@type\":\"ImageObject\",\"inLanguage\":\"de\",\"@id\":\"https:\/\/chefpastry.ch\/produit\/tarte-ring-round-silikomart-professional\/#primaryimage\",\"url\":\"https:\/\/chefpastry.ch\/wp-content\/uploads\/2022\/06\/image-505.jpg\",\"contentUrl\":\"https:\/\/chefpastry.ch\/wp-content\/uploads\/2022\/06\/image-505.jpg\",\"width\":600,\"height\":400,\"caption\":\"Tarte Ring Silikomart Professional\"},{\"@type\":\"BreadcrumbList\",\"@id\":\"https:\/\/chefpastry.ch\/produit\/tarte-ring-round-silikomart-professional\/#breadcrumb\",\"itemListElement\":[{\"@type\":\"ListItem\",\"position\":1,\"name\":\"Home\",\"item\":\"https:\/\/chefpastry.ch\/\"},{\"@type\":\"ListItem\",\"position\":2,\"name\":\"E-shop\",\"item\":\"https:\/\/chefpastry.ch\/e-shop\/\"},{\"@type\":\"ListItem\",\"position\":3,\"name\":\"TARTE RING ROUND\"}]},{\"@type\":\"WebSite\",\"@id\":\"https:\/\/chefpastry.ch\/#website\",\"url\":\"https:\/\/chefpastry.ch\/\",\"name\":\"Chef Pastry\",\"description\":\"\",\"publisher\":{\"@id\":\"https:\/\/chefpastry.ch\/#organization\"},\"potentialAction\":[{\"@type\":\"SearchAction\",\"target\":{\"@type\":\"EntryPoint\",\"urlTemplate\":\"https:\/\/chefpastry.ch\/?s={search_term_string}\"},\"query-input\":{\"@type\":\"PropertyValueSpecification\",\"valueRequired\":true,\"valueName\":\"search_term_string\"}}],\"inLanguage\":\"de\"},{\"@type\":\"Organization\",\"@id\":\"https:\/\/chefpastry.ch\/#organization\",\"name\":\"Chef Pastry\",\"url\":\"https:\/\/chefpastry.ch\/\",\"logo\":{\"@type\":\"ImageObject\",\"inLanguage\":\"de\",\"@id\":\"https:\/\/chefpastry.ch\/#\/schema\/logo\/image\/\",\"url\":\"https:\/\/chefpastry.ch\/wp-content\/uploads\/2022\/07\/cropped-chef_pastry_logo_rgb-03.png\",\"contentUrl\":\"https:\/\/chefpastry.ch\/wp-content\/uploads\/2022\/07\/cropped-chef_pastry_logo_rgb-03.png\",\"width\":1545,\"height\":412,\"caption\":\"Chef Pastry\"},\"image\":{\"@id\":\"https:\/\/chefpastry.ch\/#\/schema\/logo\/image\/\"}}]}<\/script>\n<meta property=\"og:availability\" content=\"instock\" \/>\n<meta property=\"product:availability\" content=\"instock\" \/>\n<meta property=\"product:condition\" content=\"new\" \/>\n<!-- \/ Yoast SEO plugin. -->","yoast_head_json":{"title":"TARTE RING ROUND - Chef Pastry","description":"Tarte Ring Silikomart Professional, est compos\u00e9 d'anneaux en mat\u00e9riau ind\u00e9formable, utilisable dans le four, ce qui permet de r\u00e9aliser des tartes.","robots":{"index":"index","follow":"follow","max-snippet":"max-snippet:-1","max-image-preview":"max-image-preview:large","max-video-preview":"max-video-preview:-1"},"canonical":"https:\/\/chefpastry.ch\/de\/produkt\/tarte-ring-round-silikomart-professional\/","og_locale":"de_DE","og_type":"article","og_title":"TARTE RING ROUND - Chef Pastry","og_description":"Tarte Ring Silikomart Professional, est compos\u00e9 d'anneaux en mat\u00e9riau ind\u00e9formable, utilisable dans le four, ce qui permet de r\u00e9aliser des tartes.","og_url":"https:\/\/chefpastry.ch\/de\/produkt\/tarte-ring-round-silikomart-professional\/","og_site_name":"Chef Pastry","article_modified_time":"2025-01-27T14:34:34+00:00","og_image":[{"width":600,"height":400,"url":"https:\/\/chefpastry.ch\/wp-content\/uploads\/2022\/06\/image-505.jpg","type":"image\/jpeg"}],"twitter_card":"summary_large_image","twitter_misc":{"Verf\u00fcgbarkeit":"Auf Lager"},"schema":{"@context":"https:\/\/schema.org","@graph":[{"@type":"WebPage","@id":"https:\/\/chefpastry.ch\/produit\/tarte-ring-round-silikomart-professional\/","url":"https:\/\/chefpastry.ch\/produit\/tarte-ring-round-silikomart-professional\/","name":"TARTE RING ROUND - Chef Pastry","isPartOf":{"@id":"https:\/\/chefpastry.ch\/#website"},"primaryImageOfPage":{"@id":"https:\/\/chefpastry.ch\/produit\/tarte-ring-round-silikomart-professional\/#primaryimage"},"image":{"@id":"https:\/\/chefpastry.ch\/produit\/tarte-ring-round-silikomart-professional\/#primaryimage"},"thumbnailUrl":"https:\/\/chefpastry.ch\/wp-content\/uploads\/2022\/06\/image-505.jpg","datePublished":"2022-06-02T21:09:25+00:00","dateModified":"2025-01-27T14:34:34+00:00","description":"Tarte Ring Silikomart Professional, est compos\u00e9 d'anneaux en mat\u00e9riau ind\u00e9formable, utilisable dans le four, ce qui permet de r\u00e9aliser des tartes.","breadcrumb":{"@id":"https:\/\/chefpastry.ch\/produit\/tarte-ring-round-silikomart-professional\/#breadcrumb"},"inLanguage":"de","potentialAction":[{"@type":"ReadAction","target":["https:\/\/chefpastry.ch\/produit\/tarte-ring-round-silikomart-professional\/"]}]},{"@type":"ImageObject","inLanguage":"de","@id":"https:\/\/chefpastry.ch\/produit\/tarte-ring-round-silikomart-professional\/#primaryimage","url":"https:\/\/chefpastry.ch\/wp-content\/uploads\/2022\/06\/image-505.jpg","contentUrl":"https:\/\/chefpastry.ch\/wp-content\/uploads\/2022\/06\/image-505.jpg","width":600,"height":400,"caption":"Tarte Ring Silikomart Professional"},{"@type":"BreadcrumbList","@id":"https:\/\/chefpastry.ch\/produit\/tarte-ring-round-silikomart-professional\/#breadcrumb","itemListElement":[{"@type":"ListItem","position":1,"name":"Home","item":"https:\/\/chefpastry.ch\/"},{"@type":"ListItem","position":2,"name":"E-shop","item":"https:\/\/chefpastry.ch\/e-shop\/"},{"@type":"ListItem","position":3,"name":"TARTE RING ROUND"}]},{"@type":"WebSite","@id":"https:\/\/chefpastry.ch\/#website","url":"https:\/\/chefpastry.ch\/","name":"Chef Pastry","description":"","publisher":{"@id":"https:\/\/chefpastry.ch\/#organization"},"potentialAction":[{"@type":"SearchAction","target":{"@type":"EntryPoint","urlTemplate":"https:\/\/chefpastry.ch\/?s={search_term_string}"},"query-input":{"@type":"PropertyValueSpecification","valueRequired":true,"valueName":"search_term_string"}}],"inLanguage":"de"},{"@type":"Organization","@id":"https:\/\/chefpastry.ch\/#organization","name":"Chef Pastry","url":"https:\/\/chefpastry.ch\/","logo":{"@type":"ImageObject","inLanguage":"de","@id":"https:\/\/chefpastry.ch\/#\/schema\/logo\/image\/","url":"https:\/\/chefpastry.ch\/wp-content\/uploads\/2022\/07\/cropped-chef_pastry_logo_rgb-03.png","contentUrl":"https:\/\/chefpastry.ch\/wp-content\/uploads\/2022\/07\/cropped-chef_pastry_logo_rgb-03.png","width":1545,"height":412,"caption":"Chef Pastry"},"image":{"@id":"https:\/\/chefpastry.ch\/#\/schema\/logo\/image\/"}}]},"og_availability":"instock","product_availability":"instock","product_condition":"new"},"_links":{"self":[{"href":"https:\/\/chefpastry.ch\/de\/wp-json\/wp\/v2\/product\/4463","targetHints":{"allow":["GET"]}}],"collection":[{"href":"https:\/\/chefpastry.ch\/de\/wp-json\/wp\/v2\/product"}],"about":[{"href":"https:\/\/chefpastry.ch\/de\/wp-json\/wp\/v2\/types\/product"}],"replies":[{"embeddable":true,"href":"https:\/\/chefpastry.ch\/de\/wp-json\/wp\/v2\/comments?post=4463"}],"version-history":[{"count":0,"href":"https:\/\/chefpastry.ch\/de\/wp-json\/wp\/v2\/product\/4463\/revisions"}],"wp:featuredmedia":[{"embeddable":true,"href":"https:\/\/chefpastry.ch\/de\/wp-json\/wp\/v2\/media\/4465"}],"wp:attachment":[{"href":"https:\/\/chefpastry.ch\/de\/wp-json\/wp\/v2\/media?parent=4463"}],"wp:term":[{"taxonomy":"product_brand","embeddable":true,"href":"https:\/\/chefpastry.ch\/de\/wp-json\/wp\/v2\/product_brand?post=4463"},{"taxonomy":"product_cat","embeddable":true,"href":"https:\/\/chefpastry.ch\/de\/wp-json\/wp\/v2\/product_cat?post=4463"},{"taxonomy":"product_tag","embeddable":true,"href":"https:\/\/chefpastry.ch\/de\/wp-json\/wp\/v2\/product_tag?post=4463"}],"curies":[{"name":"wp","href":"https:\/\/api.w.org\/{rel}","templated":true}]}}