{"id":4339,"date":"2022-06-02T23:08:40","date_gmt":"2022-06-02T21:08:40","guid":{"rendered":"https:\/\/chefpastry-aventure-gourmande.geekworkers.dev\/produit\/fashion-eclair-80\/"},"modified":"2026-01-16T10:53:06","modified_gmt":"2026-01-16T09:53:06","slug":"moule-silicone-silikomart-fashion-eclair-80","status":"publish","type":"product","link":"https:\/\/chefpastry.ch\/de\/produkt\/moule-silicone-silikomart-fashion-eclair-80\/","title":{"rendered":"FASHION ECLAIR 80"},"content":{"rendered":"<p>Eine Form der Tradition wird vollst\u00e4ndig in einer Weise aktualisiert, in der Kreativit\u00e4t und \u00e4sthetischer Geschmack aufeinandertreffen, um mit der Form zu schaffen <strong>Fashion Eclair<\/strong> 80 von <strong>Silikomart<\/strong> Professional.<\/p>\n<p>Die Fashion Eclair 80 Form mit 10 Vertiefungen \u00e0 80 ml f\u00fcr die Herstellung von Parfaits und Eiscreme mit den begehrtesten Geschmacksrichtungen und Farben.<\/p>\n<p>Die Packung enth\u00e4lt au\u00dferdem zehn kleine Sch\u00e4lchen f\u00fcr die perfekte Endpr\u00e4sentation und einen funktionalen Ausstecher aus Kunststoff, mit dem Sie originelle Eins\u00e4tze oder St\u00fctzbasen herstellen k\u00f6nnen, die sich perfekt an die Formen der Form anpassen - f\u00fcr Zubereitungen, die sowohl das Auge als auch den Gaumen erfreuen.<\/p>\n<p>Abmessungen:<\/p>\n<ul>\n<li>Gr\u00f6\u00dfe des Hohlraums: 130 x 25 x 25 mm<\/li>\n<li>Volumen: 80 ml x 10<\/li>\n<\/ul>\n<p>&nbsp;<\/p>\n<ul>\n<li>Auch erh\u00e4ltlich in Zubeh\u00f6r :<br \/>\n<a href=\"https:\/\/chefpastry.ch\/de\/produkt\/petits-plats-eclair\/\">100 KLEINE ECLAIR-GERICHTE<\/a><\/li>\n<\/ul>","protected":false},"excerpt":{"rendered":"<p>Une forme de la tradition est totalement mise \u00e0 jour dans une fa\u00e7on o\u00f9 cr\u00e9ativit\u00e9 et go\u00fbt esth\u00e9tique se rencontrent pour cr\u00e9er <strong>Fashion Eclair<\/strong> von <strong>Silikomart<\/strong> Professional.<\/p>","protected":false},"featured_media":4341,"comment_status":"closed","ping_status":"closed","template":"","meta":{"_jet_sm_ready_style":"","_jet_sm_style":"","_jet_sm_controls_values":"","_jet_sm_fonts_collection":"","_jet_sm_fonts_links":"","_joinchat":[]},"product_brand":[],"product_cat":[23,180],"product_tag":[],"class_list":{"0":"post-4339","1":"product","2":"type-product","3":"status-publish","4":"has-post-thumbnail","6":"product_cat-multiformes","7":"product_cat-paques","9":"first","10":"outofstock","11":"taxable","12":"shipping-taxable","13":"purchasable","14":"product-type-simple"},"yoast_head":"<!-- This site is optimized with the Yoast SEO plugin v27.0 - https:\/\/yoast.com\/product\/yoast-seo-wordpress\/ -->\n<title>FASHION ECLAIR 80 - Chef Pastry<\/title>\n<meta name=\"description\" content=\"Le moule fashion eclair 80 une forme de tradition totalement mise \u00e0 jour,une fa\u00e7on o\u00f9 cr\u00e9ativit\u00e9 et go\u00fbt esth\u00e9tique se rencontrent pour cr\u00e9er Fashion Eclair\" \/>\n<meta name=\"robots\" content=\"index, follow, max-snippet:-1, max-image-preview:large, max-video-preview:-1\" \/>\n<link rel=\"canonical\" href=\"https:\/\/chefpastry.ch\/de\/produkt\/moule-silicone-silikomart-fashion-eclair-80\/\" \/>\n<meta property=\"og:locale\" content=\"de_DE\" \/>\n<meta property=\"og:type\" content=\"article\" \/>\n<meta property=\"og:title\" content=\"FASHION ECLAIR 80 - Chef Pastry\" \/>\n<meta property=\"og:description\" content=\"Le moule fashion eclair 80 une forme de tradition totalement mise \u00e0 jour,une fa\u00e7on o\u00f9 cr\u00e9ativit\u00e9 et go\u00fbt esth\u00e9tique se rencontrent pour cr\u00e9er Fashion Eclair\" \/>\n<meta property=\"og:url\" content=\"https:\/\/chefpastry.ch\/de\/produkt\/moule-silicone-silikomart-fashion-eclair-80\/\" \/>\n<meta property=\"og:site_name\" content=\"Chef Pastry\" \/>\n<meta property=\"article:modified_time\" content=\"2026-01-16T09:53:06+00:00\" \/>\n<meta property=\"og:image\" content=\"https:\/\/chefpastry.ch\/wp-content\/uploads\/2022\/06\/image-433.jpg\" \/>\n\t<meta property=\"og:image:width\" content=\"600\" \/>\n\t<meta property=\"og:image:height\" content=\"400\" \/>\n\t<meta property=\"og:image:type\" content=\"image\/jpeg\" \/>\n<meta name=\"twitter:card\" content=\"summary_large_image\" \/>\n<meta name=\"twitter:label1\" content=\"Preis\" \/>\n\t<meta name=\"twitter:data1\" content=\"&#067;&#072;&#070;&nbsp;25.50 TTC\" \/>\n\t<meta name=\"twitter:label2\" content=\"Verf\u00fcgbarkeit\" \/>\n\t<meta name=\"twitter:data2\" content=\"ausverkauft\" \/>\n<script type=\"application\/ld+json\" class=\"yoast-schema-graph\">{\"@context\":\"https:\/\/schema.org\",\"@graph\":[{\"@type\":\"WebPage\",\"@id\":\"https:\/\/chefpastry.ch\/produit\/moule-silicone-silikomart-fashion-eclair-80\/\",\"url\":\"https:\/\/chefpastry.ch\/produit\/moule-silicone-silikomart-fashion-eclair-80\/\",\"name\":\"FASHION ECLAIR 80 - Chef Pastry\",\"isPartOf\":{\"@id\":\"https:\/\/chefpastry.ch\/#website\"},\"primaryImageOfPage\":{\"@id\":\"https:\/\/chefpastry.ch\/produit\/moule-silicone-silikomart-fashion-eclair-80\/#primaryimage\"},\"image\":{\"@id\":\"https:\/\/chefpastry.ch\/produit\/moule-silicone-silikomart-fashion-eclair-80\/#primaryimage\"},\"thumbnailUrl\":\"https:\/\/chefpastry.ch\/wp-content\/uploads\/2022\/06\/image-433.jpg\",\"datePublished\":\"2022-06-02T21:08:40+00:00\",\"dateModified\":\"2026-01-16T09:53:06+00:00\",\"description\":\"Le moule fashion eclair 80 une forme de tradition totalement mise \u00e0 jour,une fa\u00e7on o\u00f9 cr\u00e9ativit\u00e9 et go\u00fbt esth\u00e9tique se rencontrent pour cr\u00e9er Fashion Eclair\",\"breadcrumb\":{\"@id\":\"https:\/\/chefpastry.ch\/produit\/moule-silicone-silikomart-fashion-eclair-80\/#breadcrumb\"},\"inLanguage\":\"de\",\"potentialAction\":[{\"@type\":\"ReadAction\",\"target\":[\"https:\/\/chefpastry.ch\/produit\/moule-silicone-silikomart-fashion-eclair-80\/\"]}]},{\"@type\":\"ImageObject\",\"inLanguage\":\"de\",\"@id\":\"https:\/\/chefpastry.ch\/produit\/moule-silicone-silikomart-fashion-eclair-80\/#primaryimage\",\"url\":\"https:\/\/chefpastry.ch\/wp-content\/uploads\/2022\/06\/image-433.jpg\",\"contentUrl\":\"https:\/\/chefpastry.ch\/wp-content\/uploads\/2022\/06\/image-433.jpg\",\"width\":600,\"height\":400,\"caption\":\"Moule Fashion Eclair 80\"},{\"@type\":\"BreadcrumbList\",\"@id\":\"https:\/\/chefpastry.ch\/produit\/moule-silicone-silikomart-fashion-eclair-80\/#breadcrumb\",\"itemListElement\":[{\"@type\":\"ListItem\",\"position\":1,\"name\":\"Home\",\"item\":\"https:\/\/chefpastry.ch\/\"},{\"@type\":\"ListItem\",\"position\":2,\"name\":\"E-shop\",\"item\":\"https:\/\/chefpastry.ch\/e-shop\/\"},{\"@type\":\"ListItem\",\"position\":3,\"name\":\"FASHION ECLAIR 80\"}]},{\"@type\":\"WebSite\",\"@id\":\"https:\/\/chefpastry.ch\/#website\",\"url\":\"https:\/\/chefpastry.ch\/\",\"name\":\"Chef Pastry\",\"description\":\"\",\"publisher\":{\"@id\":\"https:\/\/chefpastry.ch\/#organization\"},\"potentialAction\":[{\"@type\":\"SearchAction\",\"target\":{\"@type\":\"EntryPoint\",\"urlTemplate\":\"https:\/\/chefpastry.ch\/?s={search_term_string}\"},\"query-input\":{\"@type\":\"PropertyValueSpecification\",\"valueRequired\":true,\"valueName\":\"search_term_string\"}}],\"inLanguage\":\"de\"},{\"@type\":\"Organization\",\"@id\":\"https:\/\/chefpastry.ch\/#organization\",\"name\":\"Chef Pastry\",\"url\":\"https:\/\/chefpastry.ch\/\",\"logo\":{\"@type\":\"ImageObject\",\"inLanguage\":\"de\",\"@id\":\"https:\/\/chefpastry.ch\/#\/schema\/logo\/image\/\",\"url\":\"https:\/\/chefpastry.ch\/wp-content\/uploads\/2022\/07\/cropped-chef_pastry_logo_rgb-03.png\",\"contentUrl\":\"https:\/\/chefpastry.ch\/wp-content\/uploads\/2022\/07\/cropped-chef_pastry_logo_rgb-03.png\",\"width\":1545,\"height\":412,\"caption\":\"Chef Pastry\"},\"image\":{\"@id\":\"https:\/\/chefpastry.ch\/#\/schema\/logo\/image\/\"}}]}<\/script>\n<meta property=\"product:price:amount\" content=\"25.50\" \/>\n<meta property=\"product:price:currency\" content=\"CHF\" \/>\n<meta property=\"og:availability\" content=\"out of stock\" \/>\n<meta property=\"product:availability\" content=\"out of stock\" \/>\n<meta property=\"product:retailer_item_id\" content=\"36.235.87.0065\" \/>\n<meta property=\"product:condition\" content=\"new\" \/>\n<!-- \/ Yoast SEO plugin. -->","yoast_head_json":{"title":"FASHION ECLAIR 80 - Chef Pastry","description":"Le moule fashion eclair 80 une forme de tradition totalement mise \u00e0 jour,une fa\u00e7on o\u00f9 cr\u00e9ativit\u00e9 et go\u00fbt esth\u00e9tique se rencontrent pour cr\u00e9er Fashion Eclair","robots":{"index":"index","follow":"follow","max-snippet":"max-snippet:-1","max-image-preview":"max-image-preview:large","max-video-preview":"max-video-preview:-1"},"canonical":"https:\/\/chefpastry.ch\/de\/produkt\/moule-silicone-silikomart-fashion-eclair-80\/","og_locale":"de_DE","og_type":"article","og_title":"FASHION ECLAIR 80 - Chef Pastry","og_description":"Le moule fashion eclair 80 une forme de tradition totalement mise \u00e0 jour,une fa\u00e7on o\u00f9 cr\u00e9ativit\u00e9 et go\u00fbt esth\u00e9tique se rencontrent pour cr\u00e9er Fashion Eclair","og_url":"https:\/\/chefpastry.ch\/de\/produkt\/moule-silicone-silikomart-fashion-eclair-80\/","og_site_name":"Chef Pastry","article_modified_time":"2026-01-16T09:53:06+00:00","og_image":[{"width":600,"height":400,"url":"https:\/\/chefpastry.ch\/wp-content\/uploads\/2022\/06\/image-433.jpg","type":"image\/jpeg"}],"twitter_card":"summary_large_image","twitter_misc":{"Preis":"&#67;&#72;&#70;&nbsp;25.50 TTC","Verf\u00fcgbarkeit":"ausverkauft"},"schema":{"@context":"https:\/\/schema.org","@graph":[{"@type":"WebPage","@id":"https:\/\/chefpastry.ch\/produit\/moule-silicone-silikomart-fashion-eclair-80\/","url":"https:\/\/chefpastry.ch\/produit\/moule-silicone-silikomart-fashion-eclair-80\/","name":"FASHION ECLAIR 80 - Chef Pastry","isPartOf":{"@id":"https:\/\/chefpastry.ch\/#website"},"primaryImageOfPage":{"@id":"https:\/\/chefpastry.ch\/produit\/moule-silicone-silikomart-fashion-eclair-80\/#primaryimage"},"image":{"@id":"https:\/\/chefpastry.ch\/produit\/moule-silicone-silikomart-fashion-eclair-80\/#primaryimage"},"thumbnailUrl":"https:\/\/chefpastry.ch\/wp-content\/uploads\/2022\/06\/image-433.jpg","datePublished":"2022-06-02T21:08:40+00:00","dateModified":"2026-01-16T09:53:06+00:00","description":"Le moule fashion eclair 80 une forme de tradition totalement mise \u00e0 jour,une fa\u00e7on o\u00f9 cr\u00e9ativit\u00e9 et go\u00fbt esth\u00e9tique se rencontrent pour cr\u00e9er Fashion Eclair","breadcrumb":{"@id":"https:\/\/chefpastry.ch\/produit\/moule-silicone-silikomart-fashion-eclair-80\/#breadcrumb"},"inLanguage":"de","potentialAction":[{"@type":"ReadAction","target":["https:\/\/chefpastry.ch\/produit\/moule-silicone-silikomart-fashion-eclair-80\/"]}]},{"@type":"ImageObject","inLanguage":"de","@id":"https:\/\/chefpastry.ch\/produit\/moule-silicone-silikomart-fashion-eclair-80\/#primaryimage","url":"https:\/\/chefpastry.ch\/wp-content\/uploads\/2022\/06\/image-433.jpg","contentUrl":"https:\/\/chefpastry.ch\/wp-content\/uploads\/2022\/06\/image-433.jpg","width":600,"height":400,"caption":"Moule Fashion Eclair 80"},{"@type":"BreadcrumbList","@id":"https:\/\/chefpastry.ch\/produit\/moule-silicone-silikomart-fashion-eclair-80\/#breadcrumb","itemListElement":[{"@type":"ListItem","position":1,"name":"Home","item":"https:\/\/chefpastry.ch\/"},{"@type":"ListItem","position":2,"name":"E-shop","item":"https:\/\/chefpastry.ch\/e-shop\/"},{"@type":"ListItem","position":3,"name":"FASHION ECLAIR 80"}]},{"@type":"WebSite","@id":"https:\/\/chefpastry.ch\/#website","url":"https:\/\/chefpastry.ch\/","name":"Chef Pastry","description":"","publisher":{"@id":"https:\/\/chefpastry.ch\/#organization"},"potentialAction":[{"@type":"SearchAction","target":{"@type":"EntryPoint","urlTemplate":"https:\/\/chefpastry.ch\/?s={search_term_string}"},"query-input":{"@type":"PropertyValueSpecification","valueRequired":true,"valueName":"search_term_string"}}],"inLanguage":"de"},{"@type":"Organization","@id":"https:\/\/chefpastry.ch\/#organization","name":"Chef Pastry","url":"https:\/\/chefpastry.ch\/","logo":{"@type":"ImageObject","inLanguage":"de","@id":"https:\/\/chefpastry.ch\/#\/schema\/logo\/image\/","url":"https:\/\/chefpastry.ch\/wp-content\/uploads\/2022\/07\/cropped-chef_pastry_logo_rgb-03.png","contentUrl":"https:\/\/chefpastry.ch\/wp-content\/uploads\/2022\/07\/cropped-chef_pastry_logo_rgb-03.png","width":1545,"height":412,"caption":"Chef Pastry"},"image":{"@id":"https:\/\/chefpastry.ch\/#\/schema\/logo\/image\/"}}]},"product_price_amount":"25.50","product_price_currency":"CHF","og_availability":"out of stock","product_availability":"out of stock","product_retailer_item_id":"36.235.87.0065","product_condition":"new"},"_links":{"self":[{"href":"https:\/\/chefpastry.ch\/de\/wp-json\/wp\/v2\/product\/4339","targetHints":{"allow":["GET"]}}],"collection":[{"href":"https:\/\/chefpastry.ch\/de\/wp-json\/wp\/v2\/product"}],"about":[{"href":"https:\/\/chefpastry.ch\/de\/wp-json\/wp\/v2\/types\/product"}],"replies":[{"embeddable":true,"href":"https:\/\/chefpastry.ch\/de\/wp-json\/wp\/v2\/comments?post=4339"}],"version-history":[{"count":1,"href":"https:\/\/chefpastry.ch\/de\/wp-json\/wp\/v2\/product\/4339\/revisions"}],"predecessor-version":[{"id":16749,"href":"https:\/\/chefpastry.ch\/de\/wp-json\/wp\/v2\/product\/4339\/revisions\/16749"}],"wp:featuredmedia":[{"embeddable":true,"href":"https:\/\/chefpastry.ch\/de\/wp-json\/wp\/v2\/media\/4341"}],"wp:attachment":[{"href":"https:\/\/chefpastry.ch\/de\/wp-json\/wp\/v2\/media?parent=4339"}],"wp:term":[{"taxonomy":"product_brand","embeddable":true,"href":"https:\/\/chefpastry.ch\/de\/wp-json\/wp\/v2\/product_brand?post=4339"},{"taxonomy":"product_cat","embeddable":true,"href":"https:\/\/chefpastry.ch\/de\/wp-json\/wp\/v2\/product_cat?post=4339"},{"taxonomy":"product_tag","embeddable":true,"href":"https:\/\/chefpastry.ch\/de\/wp-json\/wp\/v2\/product_tag?post=4339"}],"curies":[{"name":"wp","href":"https:\/\/api.w.org\/{rel}","templated":true}]}}