{"id":4292,"date":"2022-06-02T23:08:27","date_gmt":"2022-06-02T21:08:27","guid":{"rendered":"https:\/\/chefpastry-aventure-gourmande.geekworkers.dev\/produit\/spatule-coude\/"},"modified":"2025-01-27T15:35:38","modified_gmt":"2025-01-27T14:35:38","slug":"spatule-coude-inox-silikomart","status":"publish","type":"product","link":"https:\/\/chefpastry.ch\/de\/produkt\/spatule-coude-inox-silikomart\/","title":{"rendered":"SPATULE KNIE"},"content":{"rendered":"<p><strong>Abgewinkelter Spatel<\/strong> aus hochwertigem Silikomart-Edelstahl, erm\u00f6glicht das Glasieren von Torten und das Verarbeiten von Schokolade.<\/p>\n<ul>\n<li>3 verschiedene Gr\u00f6\u00dfen :<br \/>\n&#8211; 20 cm<br \/>\n&#8211; 33 cm<br \/>\n&#8211; 38 cm<\/li>\n<\/ul>","protected":false},"excerpt":{"rendered":"<p><strong>Abgewinkelter Spatel<\/strong> aus hochwertigem Silikomart-Edelstahl, erm\u00f6glicht das Glasieren von Torten und das Verarbeiten von Schokolade.<\/p>\n<ul>\n<li>3 verschiedene Gr\u00f6\u00dfen :<\/li>\n<\/ul>","protected":false},"featured_media":4294,"comment_status":"closed","ping_status":"closed","template":"","meta":{"_jet_sm_ready_style":"","_jet_sm_style":"","_jet_sm_controls_values":"","_jet_sm_fonts_collection":"","_jet_sm_fonts_links":"","_joinchat":[]},"product_brand":[],"product_cat":[24],"product_tag":[],"class_list":{"0":"post-4292","1":"product","2":"type-product","3":"status-publish","4":"has-post-thumbnail","6":"product_cat-accessoires","7":"pa_declinaison-20-cm","8":"pa_declinaison-33-cm","9":"pa_declinaison-38-cm","11":"first","12":"instock","13":"taxable","14":"shipping-taxable","15":"purchasable","16":"product-type-variable"},"yoast_head":"<!-- This site is optimized with the Yoast SEO plugin v27.0 - https:\/\/yoast.com\/product\/yoast-seo-wordpress\/ -->\n<title>SPATULE COUDE - Chef Pastry<\/title>\n<meta name=\"description\" content=\"Spatule coud\u00e9e en Inox Silikomart de tr\u00e8s grande qualit\u00e9, permet le gla\u00e7age de g\u00e2teaux et le travail de chocolat. 3\u00a0tailles diff\u00e9rentes\" \/>\n<meta name=\"robots\" content=\"index, follow, max-snippet:-1, max-image-preview:large, max-video-preview:-1\" \/>\n<link rel=\"canonical\" href=\"https:\/\/chefpastry.ch\/de\/produkt\/spatule-coude-inox-silikomart\/\" \/>\n<meta property=\"og:locale\" content=\"de_DE\" \/>\n<meta property=\"og:type\" content=\"article\" \/>\n<meta property=\"og:title\" content=\"SPATULE COUDE - Chef Pastry\" \/>\n<meta property=\"og:description\" content=\"Spatule coud\u00e9e en Inox Silikomart de tr\u00e8s grande qualit\u00e9, permet le gla\u00e7age de g\u00e2teaux et le travail de chocolat. 3\u00a0tailles diff\u00e9rentes\" \/>\n<meta property=\"og:url\" content=\"https:\/\/chefpastry.ch\/de\/produkt\/spatule-coude-inox-silikomart\/\" \/>\n<meta property=\"og:site_name\" content=\"Chef Pastry\" \/>\n<meta property=\"article:modified_time\" content=\"2025-01-27T14:35:38+00:00\" \/>\n<meta property=\"og:image\" content=\"https:\/\/chefpastry.ch\/wp-content\/uploads\/2022\/06\/image-405.jpg\" \/>\n\t<meta property=\"og:image:width\" content=\"600\" \/>\n\t<meta property=\"og:image:height\" content=\"400\" \/>\n\t<meta property=\"og:image:type\" content=\"image\/jpeg\" \/>\n<meta name=\"twitter:card\" content=\"summary_large_image\" \/>\n<meta name=\"twitter:label1\" content=\"Verf\u00fcgbarkeit\" \/>\n\t<meta name=\"twitter:data1\" content=\"Auf Lager\" \/>\n<script type=\"application\/ld+json\" class=\"yoast-schema-graph\">{\"@context\":\"https:\/\/schema.org\",\"@graph\":[{\"@type\":\"WebPage\",\"@id\":\"https:\/\/chefpastry.ch\/produit\/spatule-coude-inox-silikomart\/\",\"url\":\"https:\/\/chefpastry.ch\/produit\/spatule-coude-inox-silikomart\/\",\"name\":\"SPATULE COUDE - Chef Pastry\",\"isPartOf\":{\"@id\":\"https:\/\/chefpastry.ch\/#website\"},\"primaryImageOfPage\":{\"@id\":\"https:\/\/chefpastry.ch\/produit\/spatule-coude-inox-silikomart\/#primaryimage\"},\"image\":{\"@id\":\"https:\/\/chefpastry.ch\/produit\/spatule-coude-inox-silikomart\/#primaryimage\"},\"thumbnailUrl\":\"https:\/\/chefpastry.ch\/wp-content\/uploads\/2022\/06\/image-405.jpg\",\"datePublished\":\"2022-06-02T21:08:27+00:00\",\"dateModified\":\"2025-01-27T14:35:38+00:00\",\"description\":\"Spatule coud\u00e9e en Inox Silikomart de tr\u00e8s grande qualit\u00e9, permet le gla\u00e7age de g\u00e2teaux et le travail de chocolat. 3\u00a0tailles diff\u00e9rentes\",\"breadcrumb\":{\"@id\":\"https:\/\/chefpastry.ch\/produit\/spatule-coude-inox-silikomart\/#breadcrumb\"},\"inLanguage\":\"de\",\"potentialAction\":[{\"@type\":\"ReadAction\",\"target\":[\"https:\/\/chefpastry.ch\/produit\/spatule-coude-inox-silikomart\/\"]}]},{\"@type\":\"ImageObject\",\"inLanguage\":\"de\",\"@id\":\"https:\/\/chefpastry.ch\/produit\/spatule-coude-inox-silikomart\/#primaryimage\",\"url\":\"https:\/\/chefpastry.ch\/wp-content\/uploads\/2022\/06\/image-405.jpg\",\"contentUrl\":\"https:\/\/chefpastry.ch\/wp-content\/uploads\/2022\/06\/image-405.jpg\",\"width\":600,\"height\":400,\"caption\":\"Spatule coud\u00e9e Inox Silikomart\"},{\"@type\":\"BreadcrumbList\",\"@id\":\"https:\/\/chefpastry.ch\/produit\/spatule-coude-inox-silikomart\/#breadcrumb\",\"itemListElement\":[{\"@type\":\"ListItem\",\"position\":1,\"name\":\"Home\",\"item\":\"https:\/\/chefpastry.ch\/\"},{\"@type\":\"ListItem\",\"position\":2,\"name\":\"E-shop\",\"item\":\"https:\/\/chefpastry.ch\/e-shop\/\"},{\"@type\":\"ListItem\",\"position\":3,\"name\":\"SPATULE COUDE\"}]},{\"@type\":\"WebSite\",\"@id\":\"https:\/\/chefpastry.ch\/#website\",\"url\":\"https:\/\/chefpastry.ch\/\",\"name\":\"Chef Pastry\",\"description\":\"\",\"publisher\":{\"@id\":\"https:\/\/chefpastry.ch\/#organization\"},\"potentialAction\":[{\"@type\":\"SearchAction\",\"target\":{\"@type\":\"EntryPoint\",\"urlTemplate\":\"https:\/\/chefpastry.ch\/?s={search_term_string}\"},\"query-input\":{\"@type\":\"PropertyValueSpecification\",\"valueRequired\":true,\"valueName\":\"search_term_string\"}}],\"inLanguage\":\"de\"},{\"@type\":\"Organization\",\"@id\":\"https:\/\/chefpastry.ch\/#organization\",\"name\":\"Chef Pastry\",\"url\":\"https:\/\/chefpastry.ch\/\",\"logo\":{\"@type\":\"ImageObject\",\"inLanguage\":\"de\",\"@id\":\"https:\/\/chefpastry.ch\/#\/schema\/logo\/image\/\",\"url\":\"https:\/\/chefpastry.ch\/wp-content\/uploads\/2022\/07\/cropped-chef_pastry_logo_rgb-03.png\",\"contentUrl\":\"https:\/\/chefpastry.ch\/wp-content\/uploads\/2022\/07\/cropped-chef_pastry_logo_rgb-03.png\",\"width\":1545,\"height\":412,\"caption\":\"Chef Pastry\"},\"image\":{\"@id\":\"https:\/\/chefpastry.ch\/#\/schema\/logo\/image\/\"}}]}<\/script>\n<meta property=\"og:availability\" content=\"instock\" \/>\n<meta property=\"product:availability\" content=\"instock\" \/>\n<meta property=\"product:condition\" content=\"new\" \/>\n<!-- \/ Yoast SEO plugin. -->","yoast_head_json":{"title":"SPATULE COUDE - Chef Pastry","description":"Spatule coud\u00e9e en Inox Silikomart de tr\u00e8s grande qualit\u00e9, permet le gla\u00e7age de g\u00e2teaux et le travail de chocolat. 3\u00a0tailles diff\u00e9rentes","robots":{"index":"index","follow":"follow","max-snippet":"max-snippet:-1","max-image-preview":"max-image-preview:large","max-video-preview":"max-video-preview:-1"},"canonical":"https:\/\/chefpastry.ch\/de\/produkt\/spatule-coude-inox-silikomart\/","og_locale":"de_DE","og_type":"article","og_title":"SPATULE COUDE - Chef Pastry","og_description":"Spatule coud\u00e9e en Inox Silikomart de tr\u00e8s grande qualit\u00e9, permet le gla\u00e7age de g\u00e2teaux et le travail de chocolat. 3\u00a0tailles diff\u00e9rentes","og_url":"https:\/\/chefpastry.ch\/de\/produkt\/spatule-coude-inox-silikomart\/","og_site_name":"Chef Pastry","article_modified_time":"2025-01-27T14:35:38+00:00","og_image":[{"width":600,"height":400,"url":"https:\/\/chefpastry.ch\/wp-content\/uploads\/2022\/06\/image-405.jpg","type":"image\/jpeg"}],"twitter_card":"summary_large_image","twitter_misc":{"Verf\u00fcgbarkeit":"Auf Lager"},"schema":{"@context":"https:\/\/schema.org","@graph":[{"@type":"WebPage","@id":"https:\/\/chefpastry.ch\/produit\/spatule-coude-inox-silikomart\/","url":"https:\/\/chefpastry.ch\/produit\/spatule-coude-inox-silikomart\/","name":"SPATULE COUDE - Chef Pastry","isPartOf":{"@id":"https:\/\/chefpastry.ch\/#website"},"primaryImageOfPage":{"@id":"https:\/\/chefpastry.ch\/produit\/spatule-coude-inox-silikomart\/#primaryimage"},"image":{"@id":"https:\/\/chefpastry.ch\/produit\/spatule-coude-inox-silikomart\/#primaryimage"},"thumbnailUrl":"https:\/\/chefpastry.ch\/wp-content\/uploads\/2022\/06\/image-405.jpg","datePublished":"2022-06-02T21:08:27+00:00","dateModified":"2025-01-27T14:35:38+00:00","description":"Spatule coud\u00e9e en Inox Silikomart de tr\u00e8s grande qualit\u00e9, permet le gla\u00e7age de g\u00e2teaux et le travail de chocolat. 3\u00a0tailles diff\u00e9rentes","breadcrumb":{"@id":"https:\/\/chefpastry.ch\/produit\/spatule-coude-inox-silikomart\/#breadcrumb"},"inLanguage":"de","potentialAction":[{"@type":"ReadAction","target":["https:\/\/chefpastry.ch\/produit\/spatule-coude-inox-silikomart\/"]}]},{"@type":"ImageObject","inLanguage":"de","@id":"https:\/\/chefpastry.ch\/produit\/spatule-coude-inox-silikomart\/#primaryimage","url":"https:\/\/chefpastry.ch\/wp-content\/uploads\/2022\/06\/image-405.jpg","contentUrl":"https:\/\/chefpastry.ch\/wp-content\/uploads\/2022\/06\/image-405.jpg","width":600,"height":400,"caption":"Spatule coud\u00e9e Inox Silikomart"},{"@type":"BreadcrumbList","@id":"https:\/\/chefpastry.ch\/produit\/spatule-coude-inox-silikomart\/#breadcrumb","itemListElement":[{"@type":"ListItem","position":1,"name":"Home","item":"https:\/\/chefpastry.ch\/"},{"@type":"ListItem","position":2,"name":"E-shop","item":"https:\/\/chefpastry.ch\/e-shop\/"},{"@type":"ListItem","position":3,"name":"SPATULE COUDE"}]},{"@type":"WebSite","@id":"https:\/\/chefpastry.ch\/#website","url":"https:\/\/chefpastry.ch\/","name":"Chef Pastry","description":"","publisher":{"@id":"https:\/\/chefpastry.ch\/#organization"},"potentialAction":[{"@type":"SearchAction","target":{"@type":"EntryPoint","urlTemplate":"https:\/\/chefpastry.ch\/?s={search_term_string}"},"query-input":{"@type":"PropertyValueSpecification","valueRequired":true,"valueName":"search_term_string"}}],"inLanguage":"de"},{"@type":"Organization","@id":"https:\/\/chefpastry.ch\/#organization","name":"Chef Pastry","url":"https:\/\/chefpastry.ch\/","logo":{"@type":"ImageObject","inLanguage":"de","@id":"https:\/\/chefpastry.ch\/#\/schema\/logo\/image\/","url":"https:\/\/chefpastry.ch\/wp-content\/uploads\/2022\/07\/cropped-chef_pastry_logo_rgb-03.png","contentUrl":"https:\/\/chefpastry.ch\/wp-content\/uploads\/2022\/07\/cropped-chef_pastry_logo_rgb-03.png","width":1545,"height":412,"caption":"Chef Pastry"},"image":{"@id":"https:\/\/chefpastry.ch\/#\/schema\/logo\/image\/"}}]},"og_availability":"instock","product_availability":"instock","product_condition":"new"},"_links":{"self":[{"href":"https:\/\/chefpastry.ch\/de\/wp-json\/wp\/v2\/product\/4292","targetHints":{"allow":["GET"]}}],"collection":[{"href":"https:\/\/chefpastry.ch\/de\/wp-json\/wp\/v2\/product"}],"about":[{"href":"https:\/\/chefpastry.ch\/de\/wp-json\/wp\/v2\/types\/product"}],"replies":[{"embeddable":true,"href":"https:\/\/chefpastry.ch\/de\/wp-json\/wp\/v2\/comments?post=4292"}],"version-history":[{"count":1,"href":"https:\/\/chefpastry.ch\/de\/wp-json\/wp\/v2\/product\/4292\/revisions"}],"predecessor-version":[{"id":17126,"href":"https:\/\/chefpastry.ch\/de\/wp-json\/wp\/v2\/product\/4292\/revisions\/17126"}],"wp:featuredmedia":[{"embeddable":true,"href":"https:\/\/chefpastry.ch\/de\/wp-json\/wp\/v2\/media\/4294"}],"wp:attachment":[{"href":"https:\/\/chefpastry.ch\/de\/wp-json\/wp\/v2\/media?parent=4292"}],"wp:term":[{"taxonomy":"product_brand","embeddable":true,"href":"https:\/\/chefpastry.ch\/de\/wp-json\/wp\/v2\/product_brand?post=4292"},{"taxonomy":"product_cat","embeddable":true,"href":"https:\/\/chefpastry.ch\/de\/wp-json\/wp\/v2\/product_cat?post=4292"},{"taxonomy":"product_tag","embeddable":true,"href":"https:\/\/chefpastry.ch\/de\/wp-json\/wp\/v2\/product_tag?post=4292"}],"curies":[{"name":"wp","href":"https:\/\/api.w.org\/{rel}","templated":true}]}}