{"id":4256,"date":"2022-06-02T23:08:27","date_gmt":"2022-06-02T21:08:27","guid":{"rendered":"https:\/\/chefpastry-aventure-gourmande.geekworkers.dev\/produit\/mul3d-12-spheres-a%cb%9c28\/"},"modified":"2026-04-15T16:20:00","modified_gmt":"2026-04-15T14:20:00","slug":"moule-silicone-silikomart-mul3d-12-spheres-28","status":"publish","type":"product","link":"https:\/\/chefpastry.ch\/de\/produkt\/moule-silicone-silikomart-mul3d-12-spheres-28\/","title":{"rendered":"MUL3D 12 KUGELN \u00d828"},"content":{"rendered":"<p>Stellen Sie Ihre selbstgemachten Lollis mit dem <strong>Backform MUL3D 12 Spheres \u00f828<\/strong> <strong>Pop Cake<\/strong> aus Silikon!<\/p>\n<p>Au chocolat, aux fruits, \u00e0 la cr\u00e8me au beurre, avec un gla\u00e7age royal et d\u00e9cor\u00e9es de billes color\u00e9es, de perles de sucre, d&rsquo;\u00e9clats de pralins ou de p\u00e2te \u00e0 sucre&#8230;<br \/>\nAlles ist m\u00f6glich, also g\u00f6nnen Sie sich etwas.<\/p>\n<p>Diese <strong>Set<\/strong> est complet et est fourni avec 2 moules de 6 empreintes pour former vos boules, de 36 b\u00e2tonnets pour sucettes et de 12 supports b\u00e2tonnets. Ce moule en silicone est facile d&rsquo;utilisation, il passe au frigo comme au cong\u00e9lateur, et la partie sup\u00e9rieure est enti\u00e8rement transparente ce qui vous permet d&rsquo;avoir une visibilit\u00e9 totale sur votre produit.<\/p>\n<p>Set bestehend aus 2 Formen mit je 6 Vertiefungen + 36 Lollipop-Sticks + 12 Stielhalterungen<\/p>\n<p>Dimension:<\/p>\n<ul>\n<li>Kavit\u00e4t: \u00d8 28 mm<\/li>\n<li>Volumen: 11.5 ml x 12<\/li>\n<\/ul>","protected":false},"excerpt":{"rendered":"<p>Stellen Sie Ihre selbstgemachten Lollis mit dem <strong>Backform MUL3D 12 Spheres \u00f828<\/strong> <strong>Pop Cake<\/strong> aus Silikon! Mit 36 Schnullerst\u00e4bchen und 12 St\u00e4bchenhaltern.<\/p>","protected":false},"featured_media":4258,"comment_status":"closed","ping_status":"closed","template":"","meta":{"_jet_sm_ready_style":"","_jet_sm_style":"","_jet_sm_controls_values":"","_jet_sm_fonts_collection":"","_jet_sm_fonts_links":"","_joinchat":[]},"product_brand":[],"product_cat":[23,52],"product_tag":[],"class_list":{"0":"post-4256","1":"product","2":"type-product","3":"status-publish","4":"has-post-thumbnail","6":"product_cat-multiformes","7":"product_cat-noel","9":"first","10":"instock","11":"taxable","12":"shipping-taxable","13":"purchasable","14":"product-type-simple"},"yoast_head":"<!-- This site is optimized with the Yoast SEO plugin v27.0 - https:\/\/yoast.com\/product\/yoast-seo-wordpress\/ -->\n<title>MUL3D 12 SPHERES \u00d828 - Chef Pastry<\/title>\n<meta name=\"description\" content=\"R\u00e9alisez vos sucettes faites maison avec le Moule MUL3D 12 Spheres \u00f828 Pop Cake en Silicone ! Avec 36 b\u00e2tonnets pour sucettes et de 12 supports b\u00e2tonnets.\" \/>\n<meta name=\"robots\" content=\"index, follow, max-snippet:-1, max-image-preview:large, max-video-preview:-1\" \/>\n<link rel=\"canonical\" href=\"https:\/\/chefpastry.ch\/de\/produkt\/moule-silicone-silikomart-mul3d-12-spheres-28\/\" \/>\n<meta property=\"og:locale\" content=\"de_DE\" \/>\n<meta property=\"og:type\" content=\"article\" \/>\n<meta property=\"og:title\" content=\"MUL3D 12 SPHERES \u00d828 - Chef Pastry\" \/>\n<meta property=\"og:description\" content=\"R\u00e9alisez vos sucettes faites maison avec le Moule MUL3D 12 Spheres \u00f828 Pop Cake en Silicone ! Avec 36 b\u00e2tonnets pour sucettes et de 12 supports b\u00e2tonnets.\" \/>\n<meta property=\"og:url\" content=\"https:\/\/chefpastry.ch\/de\/produkt\/moule-silicone-silikomart-mul3d-12-spheres-28\/\" \/>\n<meta property=\"og:site_name\" content=\"Chef Pastry\" \/>\n<meta property=\"article:modified_time\" content=\"2026-04-15T14:20:00+00:00\" \/>\n<meta property=\"og:image\" content=\"https:\/\/chefpastry.ch\/wp-content\/uploads\/2022\/06\/image-377.jpg\" \/>\n\t<meta property=\"og:image:width\" content=\"1296\" \/>\n\t<meta property=\"og:image:height\" content=\"1129\" \/>\n\t<meta property=\"og:image:type\" content=\"image\/jpeg\" \/>\n<meta name=\"twitter:card\" content=\"summary_large_image\" \/>\n<meta name=\"twitter:label1\" content=\"Preis\" \/>\n\t<meta name=\"twitter:data1\" content=\"&#067;&#072;&#070;&nbsp;42.00 TTC\" \/>\n\t<meta name=\"twitter:label2\" content=\"Verf\u00fcgbarkeit\" \/>\n\t<meta name=\"twitter:data2\" content=\"Auf Lager\" \/>\n<script type=\"application\/ld+json\" class=\"yoast-schema-graph\">{\"@context\":\"https:\/\/schema.org\",\"@graph\":[{\"@type\":\"WebPage\",\"@id\":\"https:\/\/chefpastry.ch\/produit\/moule-silicone-silikomart-mul3d-12-spheres-28\/\",\"url\":\"https:\/\/chefpastry.ch\/produit\/moule-silicone-silikomart-mul3d-12-spheres-28\/\",\"name\":\"MUL3D 12 SPHERES \u00d828 - Chef Pastry\",\"isPartOf\":{\"@id\":\"https:\/\/chefpastry.ch\/#website\"},\"primaryImageOfPage\":{\"@id\":\"https:\/\/chefpastry.ch\/produit\/moule-silicone-silikomart-mul3d-12-spheres-28\/#primaryimage\"},\"image\":{\"@id\":\"https:\/\/chefpastry.ch\/produit\/moule-silicone-silikomart-mul3d-12-spheres-28\/#primaryimage\"},\"thumbnailUrl\":\"https:\/\/chefpastry.ch\/wp-content\/uploads\/2022\/06\/image-377.jpg\",\"datePublished\":\"2022-06-02T21:08:27+00:00\",\"dateModified\":\"2026-04-15T14:20:00+00:00\",\"description\":\"R\u00e9alisez vos sucettes faites maison avec le Moule MUL3D 12 Spheres \u00f828 Pop Cake en Silicone ! Avec 36 b\u00e2tonnets pour sucettes et de 12 supports b\u00e2tonnets.\",\"breadcrumb\":{\"@id\":\"https:\/\/chefpastry.ch\/produit\/moule-silicone-silikomart-mul3d-12-spheres-28\/#breadcrumb\"},\"inLanguage\":\"de\",\"potentialAction\":[{\"@type\":\"ReadAction\",\"target\":[\"https:\/\/chefpastry.ch\/produit\/moule-silicone-silikomart-mul3d-12-spheres-28\/\"]}]},{\"@type\":\"ImageObject\",\"inLanguage\":\"de\",\"@id\":\"https:\/\/chefpastry.ch\/produit\/moule-silicone-silikomart-mul3d-12-spheres-28\/#primaryimage\",\"url\":\"https:\/\/chefpastry.ch\/wp-content\/uploads\/2022\/06\/image-377.jpg\",\"contentUrl\":\"https:\/\/chefpastry.ch\/wp-content\/uploads\/2022\/06\/image-377.jpg\",\"width\":1296,\"height\":1129,\"caption\":\"MUL3D 12 SPHERES \u00d826\"},{\"@type\":\"BreadcrumbList\",\"@id\":\"https:\/\/chefpastry.ch\/produit\/moule-silicone-silikomart-mul3d-12-spheres-28\/#breadcrumb\",\"itemListElement\":[{\"@type\":\"ListItem\",\"position\":1,\"name\":\"Home\",\"item\":\"https:\/\/chefpastry.ch\/\"},{\"@type\":\"ListItem\",\"position\":2,\"name\":\"E-shop\",\"item\":\"https:\/\/chefpastry.ch\/e-shop\/\"},{\"@type\":\"ListItem\",\"position\":3,\"name\":\"MUL3D 12 SPHERES \u00d828\"}]},{\"@type\":\"WebSite\",\"@id\":\"https:\/\/chefpastry.ch\/#website\",\"url\":\"https:\/\/chefpastry.ch\/\",\"name\":\"Chef Pastry\",\"description\":\"\",\"publisher\":{\"@id\":\"https:\/\/chefpastry.ch\/#organization\"},\"potentialAction\":[{\"@type\":\"SearchAction\",\"target\":{\"@type\":\"EntryPoint\",\"urlTemplate\":\"https:\/\/chefpastry.ch\/?s={search_term_string}\"},\"query-input\":{\"@type\":\"PropertyValueSpecification\",\"valueRequired\":true,\"valueName\":\"search_term_string\"}}],\"inLanguage\":\"de\"},{\"@type\":\"Organization\",\"@id\":\"https:\/\/chefpastry.ch\/#organization\",\"name\":\"Chef Pastry\",\"url\":\"https:\/\/chefpastry.ch\/\",\"logo\":{\"@type\":\"ImageObject\",\"inLanguage\":\"de\",\"@id\":\"https:\/\/chefpastry.ch\/#\/schema\/logo\/image\/\",\"url\":\"https:\/\/chefpastry.ch\/wp-content\/uploads\/2022\/07\/cropped-chef_pastry_logo_rgb-03.png\",\"contentUrl\":\"https:\/\/chefpastry.ch\/wp-content\/uploads\/2022\/07\/cropped-chef_pastry_logo_rgb-03.png\",\"width\":1545,\"height\":412,\"caption\":\"Chef Pastry\"},\"image\":{\"@id\":\"https:\/\/chefpastry.ch\/#\/schema\/logo\/image\/\"}}]}<\/script>\n<meta property=\"product:price:amount\" content=\"42.00\" \/>\n<meta property=\"product:price:currency\" content=\"CHF\" \/>\n<meta property=\"og:availability\" content=\"instock\" \/>\n<meta property=\"product:availability\" content=\"instock\" \/>\n<meta property=\"product:retailer_item_id\" content=\"25.305.99.0065\" \/>\n<meta property=\"product:condition\" content=\"new\" \/>\n<!-- \/ Yoast SEO plugin. -->","yoast_head_json":{"title":"MUL3D 12 SPHERES \u00d828 - Chef Pastry","description":"R\u00e9alisez vos sucettes faites maison avec le Moule MUL3D 12 Spheres \u00f828 Pop Cake en Silicone ! Avec 36 b\u00e2tonnets pour sucettes et de 12 supports b\u00e2tonnets.","robots":{"index":"index","follow":"follow","max-snippet":"max-snippet:-1","max-image-preview":"max-image-preview:large","max-video-preview":"max-video-preview:-1"},"canonical":"https:\/\/chefpastry.ch\/de\/produkt\/moule-silicone-silikomart-mul3d-12-spheres-28\/","og_locale":"de_DE","og_type":"article","og_title":"MUL3D 12 SPHERES \u00d828 - Chef Pastry","og_description":"R\u00e9alisez vos sucettes faites maison avec le Moule MUL3D 12 Spheres \u00f828 Pop Cake en Silicone ! Avec 36 b\u00e2tonnets pour sucettes et de 12 supports b\u00e2tonnets.","og_url":"https:\/\/chefpastry.ch\/de\/produkt\/moule-silicone-silikomart-mul3d-12-spheres-28\/","og_site_name":"Chef Pastry","article_modified_time":"2026-04-15T14:20:00+00:00","og_image":[{"width":1296,"height":1129,"url":"https:\/\/chefpastry.ch\/wp-content\/uploads\/2022\/06\/image-377.jpg","type":"image\/jpeg"}],"twitter_card":"summary_large_image","twitter_misc":{"Preis":"&#67;&#72;&#70;&nbsp;42.00 TTC","Verf\u00fcgbarkeit":"Auf Lager"},"schema":{"@context":"https:\/\/schema.org","@graph":[{"@type":"WebPage","@id":"https:\/\/chefpastry.ch\/produit\/moule-silicone-silikomart-mul3d-12-spheres-28\/","url":"https:\/\/chefpastry.ch\/produit\/moule-silicone-silikomart-mul3d-12-spheres-28\/","name":"MUL3D 12 SPHERES \u00d828 - Chef Pastry","isPartOf":{"@id":"https:\/\/chefpastry.ch\/#website"},"primaryImageOfPage":{"@id":"https:\/\/chefpastry.ch\/produit\/moule-silicone-silikomart-mul3d-12-spheres-28\/#primaryimage"},"image":{"@id":"https:\/\/chefpastry.ch\/produit\/moule-silicone-silikomart-mul3d-12-spheres-28\/#primaryimage"},"thumbnailUrl":"https:\/\/chefpastry.ch\/wp-content\/uploads\/2022\/06\/image-377.jpg","datePublished":"2022-06-02T21:08:27+00:00","dateModified":"2026-04-15T14:20:00+00:00","description":"R\u00e9alisez vos sucettes faites maison avec le Moule MUL3D 12 Spheres \u00f828 Pop Cake en Silicone ! Avec 36 b\u00e2tonnets pour sucettes et de 12 supports b\u00e2tonnets.","breadcrumb":{"@id":"https:\/\/chefpastry.ch\/produit\/moule-silicone-silikomart-mul3d-12-spheres-28\/#breadcrumb"},"inLanguage":"de","potentialAction":[{"@type":"ReadAction","target":["https:\/\/chefpastry.ch\/produit\/moule-silicone-silikomart-mul3d-12-spheres-28\/"]}]},{"@type":"ImageObject","inLanguage":"de","@id":"https:\/\/chefpastry.ch\/produit\/moule-silicone-silikomart-mul3d-12-spheres-28\/#primaryimage","url":"https:\/\/chefpastry.ch\/wp-content\/uploads\/2022\/06\/image-377.jpg","contentUrl":"https:\/\/chefpastry.ch\/wp-content\/uploads\/2022\/06\/image-377.jpg","width":1296,"height":1129,"caption":"MUL3D 12 SPHERES \u00d826"},{"@type":"BreadcrumbList","@id":"https:\/\/chefpastry.ch\/produit\/moule-silicone-silikomart-mul3d-12-spheres-28\/#breadcrumb","itemListElement":[{"@type":"ListItem","position":1,"name":"Home","item":"https:\/\/chefpastry.ch\/"},{"@type":"ListItem","position":2,"name":"E-shop","item":"https:\/\/chefpastry.ch\/e-shop\/"},{"@type":"ListItem","position":3,"name":"MUL3D 12 SPHERES \u00d828"}]},{"@type":"WebSite","@id":"https:\/\/chefpastry.ch\/#website","url":"https:\/\/chefpastry.ch\/","name":"Chef Pastry","description":"","publisher":{"@id":"https:\/\/chefpastry.ch\/#organization"},"potentialAction":[{"@type":"SearchAction","target":{"@type":"EntryPoint","urlTemplate":"https:\/\/chefpastry.ch\/?s={search_term_string}"},"query-input":{"@type":"PropertyValueSpecification","valueRequired":true,"valueName":"search_term_string"}}],"inLanguage":"de"},{"@type":"Organization","@id":"https:\/\/chefpastry.ch\/#organization","name":"Chef Pastry","url":"https:\/\/chefpastry.ch\/","logo":{"@type":"ImageObject","inLanguage":"de","@id":"https:\/\/chefpastry.ch\/#\/schema\/logo\/image\/","url":"https:\/\/chefpastry.ch\/wp-content\/uploads\/2022\/07\/cropped-chef_pastry_logo_rgb-03.png","contentUrl":"https:\/\/chefpastry.ch\/wp-content\/uploads\/2022\/07\/cropped-chef_pastry_logo_rgb-03.png","width":1545,"height":412,"caption":"Chef Pastry"},"image":{"@id":"https:\/\/chefpastry.ch\/#\/schema\/logo\/image\/"}}]},"product_price_amount":"42.00","product_price_currency":"CHF","og_availability":"instock","product_availability":"instock","product_retailer_item_id":"25.305.99.0065","product_condition":"new"},"_links":{"self":[{"href":"https:\/\/chefpastry.ch\/de\/wp-json\/wp\/v2\/product\/4256","targetHints":{"allow":["GET"]}}],"collection":[{"href":"https:\/\/chefpastry.ch\/de\/wp-json\/wp\/v2\/product"}],"about":[{"href":"https:\/\/chefpastry.ch\/de\/wp-json\/wp\/v2\/types\/product"}],"replies":[{"embeddable":true,"href":"https:\/\/chefpastry.ch\/de\/wp-json\/wp\/v2\/comments?post=4256"}],"version-history":[{"count":1,"href":"https:\/\/chefpastry.ch\/de\/wp-json\/wp\/v2\/product\/4256\/revisions"}],"predecessor-version":[{"id":16403,"href":"https:\/\/chefpastry.ch\/de\/wp-json\/wp\/v2\/product\/4256\/revisions\/16403"}],"wp:featuredmedia":[{"embeddable":true,"href":"https:\/\/chefpastry.ch\/de\/wp-json\/wp\/v2\/media\/4258"}],"wp:attachment":[{"href":"https:\/\/chefpastry.ch\/de\/wp-json\/wp\/v2\/media?parent=4256"}],"wp:term":[{"taxonomy":"product_brand","embeddable":true,"href":"https:\/\/chefpastry.ch\/de\/wp-json\/wp\/v2\/product_brand?post=4256"},{"taxonomy":"product_cat","embeddable":true,"href":"https:\/\/chefpastry.ch\/de\/wp-json\/wp\/v2\/product_cat?post=4256"},{"taxonomy":"product_tag","embeddable":true,"href":"https:\/\/chefpastry.ch\/de\/wp-json\/wp\/v2\/product_tag?post=4256"}],"curies":[{"name":"wp","href":"https:\/\/api.w.org\/{rel}","templated":true}]}}