{"id":4044,"date":"2022-06-02T23:07:25","date_gmt":"2022-06-02T21:07:25","guid":{"rendered":"https:\/\/chefpastry-aventure-gourmande.geekworkers.dev\/produit\/foresta-ananas-110\/"},"modified":"2026-03-02T16:02:34","modified_gmt":"2026-03-02T15:02:34","slug":"moule-silicone-silikomart-fruits-foresta-ananas-110","status":"publish","type":"product","link":"https:\/\/chefpastry.ch\/de\/produkt\/moule-silicone-silikomart-fruits-foresta-ananas-110\/","title":{"rendered":"FORESTA &amp; ANANAS 110"},"content":{"rendered":"<p>Auch W\u00e4lder verbergen wertvolle Sch\u00e4tze: Fichten.<strong>Tannenzapfen<\/strong>.<\/p>\n<p>Es handelt sich dabei um wunderbare Muscheln, die Folgendes offenbaren k\u00f6nnen <strong>Leckereien<\/strong> Dies inspirierte uns dazu, FORESTA von Silikomart Professional zu machen.<\/p>\n<p>Eine neue Interpretation der Welt der <strong>Desserts<\/strong> dank einer Form, die eine Art R\u00fcckkehr zu den Wurzeln, zur Natur und zur Wiederentdeckung harmonischer und perfekter Geschm\u00e4cker ist.<\/p>\n<p>Eine Kunststoffbasis ist der Tr\u00e4ger f\u00fcr die Silikonform mit <strong>5 H\u00f6hlen<\/strong> in denen man neue Leckereien in Einzelportionen schlie\u00dflich in 3D kreieren kann.<\/p>\n<p>Abmessungen :<\/p>\n<ul>\n<li>Gr\u00f6\u00dfe des Hohlraums: \u00d8 60 mm h 73 mm<\/li>\n<li>Volumen: 110 ml x 5<\/li>\n<\/ul>","protected":false},"excerpt":{"rendered":"<p>Les for\u00eats cachent de pr\u00e9cieux tr\u00e9sors : les pommes de pin. Le moule repr\u00e9sente de merveilleuses coquilles r\u00e9v\u00e9lant des gourmandises inattendues.<\/p>","protected":false},"featured_media":4046,"comment_status":"closed","ping_status":"closed","template":"","meta":{"_jet_sm_ready_style":"","_jet_sm_style":"","_jet_sm_controls_values":"","_jet_sm_fonts_collection":"","_jet_sm_fonts_links":"","_joinchat":[]},"product_brand":[],"product_cat":[51],"product_tag":[],"class_list":{"0":"post-4044","1":"product","2":"type-product","3":"status-publish","4":"has-post-thumbnail","6":"product_cat-fruits-3d","8":"first","9":"instock","10":"taxable","11":"shipping-taxable","12":"purchasable","13":"product-type-simple"},"yoast_head":"<!-- This site is optimized with the Yoast SEO plugin v27.0 - https:\/\/yoast.com\/product\/yoast-seo-wordpress\/ -->\n<title>Fruits 3D FORESTA &amp; ANANAS 110 - Chef Pastry<\/title>\n<meta name=\"description\" content=\"Les for\u00eats cachent de pr\u00e9cieux tr\u00e9sors : les pommes de pin. Le moule repr\u00e9sente de merveilleuses coquilles r\u00e9v\u00e9lant des gourmandises inattendues.\" \/>\n<meta name=\"robots\" content=\"index, follow, max-snippet:-1, max-image-preview:large, max-video-preview:-1\" \/>\n<link rel=\"canonical\" href=\"https:\/\/chefpastry.ch\/de\/produkt\/moule-silicone-silikomart-fruits-foresta-ananas-110\/\" \/>\n<meta property=\"og:locale\" content=\"de_DE\" \/>\n<meta property=\"og:type\" content=\"article\" \/>\n<meta property=\"og:title\" content=\"Fruits 3D FORESTA &amp; ANANAS 110 - Chef Pastry\" \/>\n<meta property=\"og:description\" content=\"Les for\u00eats cachent de pr\u00e9cieux tr\u00e9sors : les pommes de pin. Le moule repr\u00e9sente de merveilleuses coquilles r\u00e9v\u00e9lant des gourmandises inattendues.\" \/>\n<meta property=\"og:url\" content=\"https:\/\/chefpastry.ch\/de\/produkt\/moule-silicone-silikomart-fruits-foresta-ananas-110\/\" \/>\n<meta property=\"og:site_name\" content=\"Chef Pastry\" \/>\n<meta property=\"article:modified_time\" content=\"2026-03-02T15:02:34+00:00\" \/>\n<meta property=\"og:image\" content=\"https:\/\/chefpastry.ch\/wp-content\/uploads\/2022\/06\/image-226.jpg\" \/>\n\t<meta property=\"og:image:width\" content=\"600\" \/>\n\t<meta property=\"og:image:height\" content=\"400\" \/>\n\t<meta property=\"og:image:type\" content=\"image\/jpeg\" \/>\n<meta name=\"twitter:card\" content=\"summary_large_image\" \/>\n<meta name=\"twitter:label1\" content=\"Preis\" \/>\n\t<meta name=\"twitter:data1\" content=\"&#067;&#072;&#070;&nbsp;39.50 TTC\" \/>\n\t<meta name=\"twitter:label2\" content=\"Verf\u00fcgbarkeit\" \/>\n\t<meta name=\"twitter:data2\" content=\"Auf Lager\" \/>\n<script type=\"application\/ld+json\" class=\"yoast-schema-graph\">{\"@context\":\"https:\/\/schema.org\",\"@graph\":[{\"@type\":\"WebPage\",\"@id\":\"https:\/\/chefpastry.ch\/produit\/moule-silicone-silikomart-fruits-foresta-ananas-110\/\",\"url\":\"https:\/\/chefpastry.ch\/produit\/moule-silicone-silikomart-fruits-foresta-ananas-110\/\",\"name\":\"Fruits 3D FORESTA & ANANAS 110 - Chef Pastry\",\"isPartOf\":{\"@id\":\"https:\/\/chefpastry.ch\/#website\"},\"primaryImageOfPage\":{\"@id\":\"https:\/\/chefpastry.ch\/produit\/moule-silicone-silikomart-fruits-foresta-ananas-110\/#primaryimage\"},\"image\":{\"@id\":\"https:\/\/chefpastry.ch\/produit\/moule-silicone-silikomart-fruits-foresta-ananas-110\/#primaryimage\"},\"thumbnailUrl\":\"https:\/\/chefpastry.ch\/wp-content\/uploads\/2022\/06\/image-226.jpg\",\"datePublished\":\"2022-06-02T21:07:25+00:00\",\"dateModified\":\"2026-03-02T15:02:34+00:00\",\"description\":\"Les for\u00eats cachent de pr\u00e9cieux tr\u00e9sors : les pommes de pin. Le moule repr\u00e9sente de merveilleuses coquilles r\u00e9v\u00e9lant des gourmandises inattendues.\",\"breadcrumb\":{\"@id\":\"https:\/\/chefpastry.ch\/produit\/moule-silicone-silikomart-fruits-foresta-ananas-110\/#breadcrumb\"},\"inLanguage\":\"de\",\"potentialAction\":[{\"@type\":\"ReadAction\",\"target\":[\"https:\/\/chefpastry.ch\/produit\/moule-silicone-silikomart-fruits-foresta-ananas-110\/\"]}]},{\"@type\":\"ImageObject\",\"inLanguage\":\"de\",\"@id\":\"https:\/\/chefpastry.ch\/produit\/moule-silicone-silikomart-fruits-foresta-ananas-110\/#primaryimage\",\"url\":\"https:\/\/chefpastry.ch\/wp-content\/uploads\/2022\/06\/image-226.jpg\",\"contentUrl\":\"https:\/\/chefpastry.ch\/wp-content\/uploads\/2022\/06\/image-226.jpg\",\"width\":600,\"height\":400,\"caption\":\"fruits 3D foresta ananas 115\"},{\"@type\":\"BreadcrumbList\",\"@id\":\"https:\/\/chefpastry.ch\/produit\/moule-silicone-silikomart-fruits-foresta-ananas-110\/#breadcrumb\",\"itemListElement\":[{\"@type\":\"ListItem\",\"position\":1,\"name\":\"Home\",\"item\":\"https:\/\/chefpastry.ch\/\"},{\"@type\":\"ListItem\",\"position\":2,\"name\":\"E-shop\",\"item\":\"https:\/\/chefpastry.ch\/e-shop\/\"},{\"@type\":\"ListItem\",\"position\":3,\"name\":\"FORESTA &#038; ANANAS 110\"}]},{\"@type\":\"WebSite\",\"@id\":\"https:\/\/chefpastry.ch\/#website\",\"url\":\"https:\/\/chefpastry.ch\/\",\"name\":\"Chef Pastry\",\"description\":\"\",\"publisher\":{\"@id\":\"https:\/\/chefpastry.ch\/#organization\"},\"potentialAction\":[{\"@type\":\"SearchAction\",\"target\":{\"@type\":\"EntryPoint\",\"urlTemplate\":\"https:\/\/chefpastry.ch\/?s={search_term_string}\"},\"query-input\":{\"@type\":\"PropertyValueSpecification\",\"valueRequired\":true,\"valueName\":\"search_term_string\"}}],\"inLanguage\":\"de\"},{\"@type\":\"Organization\",\"@id\":\"https:\/\/chefpastry.ch\/#organization\",\"name\":\"Chef Pastry\",\"url\":\"https:\/\/chefpastry.ch\/\",\"logo\":{\"@type\":\"ImageObject\",\"inLanguage\":\"de\",\"@id\":\"https:\/\/chefpastry.ch\/#\/schema\/logo\/image\/\",\"url\":\"https:\/\/chefpastry.ch\/wp-content\/uploads\/2022\/07\/cropped-chef_pastry_logo_rgb-03.png\",\"contentUrl\":\"https:\/\/chefpastry.ch\/wp-content\/uploads\/2022\/07\/cropped-chef_pastry_logo_rgb-03.png\",\"width\":1545,\"height\":412,\"caption\":\"Chef Pastry\"},\"image\":{\"@id\":\"https:\/\/chefpastry.ch\/#\/schema\/logo\/image\/\"}}]}<\/script>\n<meta property=\"product:price:amount\" content=\"39.50\" \/>\n<meta property=\"product:price:currency\" content=\"CHF\" \/>\n<meta property=\"og:availability\" content=\"instock\" \/>\n<meta property=\"product:availability\" content=\"instock\" \/>\n<meta property=\"product:retailer_item_id\" content=\"28.312.87.0065\" \/>\n<meta property=\"product:condition\" content=\"new\" \/>\n<!-- \/ Yoast SEO plugin. -->","yoast_head_json":{"title":"Fruits 3D FORESTA & ANANAS 110 - Chef Pastry","description":"Les for\u00eats cachent de pr\u00e9cieux tr\u00e9sors : les pommes de pin. Le moule repr\u00e9sente de merveilleuses coquilles r\u00e9v\u00e9lant des gourmandises inattendues.","robots":{"index":"index","follow":"follow","max-snippet":"max-snippet:-1","max-image-preview":"max-image-preview:large","max-video-preview":"max-video-preview:-1"},"canonical":"https:\/\/chefpastry.ch\/de\/produkt\/moule-silicone-silikomart-fruits-foresta-ananas-110\/","og_locale":"de_DE","og_type":"article","og_title":"Fruits 3D FORESTA & ANANAS 110 - Chef Pastry","og_description":"Les for\u00eats cachent de pr\u00e9cieux tr\u00e9sors : les pommes de pin. Le moule repr\u00e9sente de merveilleuses coquilles r\u00e9v\u00e9lant des gourmandises inattendues.","og_url":"https:\/\/chefpastry.ch\/de\/produkt\/moule-silicone-silikomart-fruits-foresta-ananas-110\/","og_site_name":"Chef Pastry","article_modified_time":"2026-03-02T15:02:34+00:00","og_image":[{"width":600,"height":400,"url":"https:\/\/chefpastry.ch\/wp-content\/uploads\/2022\/06\/image-226.jpg","type":"image\/jpeg"}],"twitter_card":"summary_large_image","twitter_misc":{"Preis":"&#67;&#72;&#70;&nbsp;39.50 TTC","Verf\u00fcgbarkeit":"Auf Lager"},"schema":{"@context":"https:\/\/schema.org","@graph":[{"@type":"WebPage","@id":"https:\/\/chefpastry.ch\/produit\/moule-silicone-silikomart-fruits-foresta-ananas-110\/","url":"https:\/\/chefpastry.ch\/produit\/moule-silicone-silikomart-fruits-foresta-ananas-110\/","name":"Fruits 3D FORESTA & ANANAS 110 - Chef Pastry","isPartOf":{"@id":"https:\/\/chefpastry.ch\/#website"},"primaryImageOfPage":{"@id":"https:\/\/chefpastry.ch\/produit\/moule-silicone-silikomart-fruits-foresta-ananas-110\/#primaryimage"},"image":{"@id":"https:\/\/chefpastry.ch\/produit\/moule-silicone-silikomart-fruits-foresta-ananas-110\/#primaryimage"},"thumbnailUrl":"https:\/\/chefpastry.ch\/wp-content\/uploads\/2022\/06\/image-226.jpg","datePublished":"2022-06-02T21:07:25+00:00","dateModified":"2026-03-02T15:02:34+00:00","description":"Les for\u00eats cachent de pr\u00e9cieux tr\u00e9sors : les pommes de pin. Le moule repr\u00e9sente de merveilleuses coquilles r\u00e9v\u00e9lant des gourmandises inattendues.","breadcrumb":{"@id":"https:\/\/chefpastry.ch\/produit\/moule-silicone-silikomart-fruits-foresta-ananas-110\/#breadcrumb"},"inLanguage":"de","potentialAction":[{"@type":"ReadAction","target":["https:\/\/chefpastry.ch\/produit\/moule-silicone-silikomart-fruits-foresta-ananas-110\/"]}]},{"@type":"ImageObject","inLanguage":"de","@id":"https:\/\/chefpastry.ch\/produit\/moule-silicone-silikomart-fruits-foresta-ananas-110\/#primaryimage","url":"https:\/\/chefpastry.ch\/wp-content\/uploads\/2022\/06\/image-226.jpg","contentUrl":"https:\/\/chefpastry.ch\/wp-content\/uploads\/2022\/06\/image-226.jpg","width":600,"height":400,"caption":"fruits 3D foresta ananas 115"},{"@type":"BreadcrumbList","@id":"https:\/\/chefpastry.ch\/produit\/moule-silicone-silikomart-fruits-foresta-ananas-110\/#breadcrumb","itemListElement":[{"@type":"ListItem","position":1,"name":"Home","item":"https:\/\/chefpastry.ch\/"},{"@type":"ListItem","position":2,"name":"E-shop","item":"https:\/\/chefpastry.ch\/e-shop\/"},{"@type":"ListItem","position":3,"name":"FORESTA &#038; ANANAS 110"}]},{"@type":"WebSite","@id":"https:\/\/chefpastry.ch\/#website","url":"https:\/\/chefpastry.ch\/","name":"Chef Pastry","description":"","publisher":{"@id":"https:\/\/chefpastry.ch\/#organization"},"potentialAction":[{"@type":"SearchAction","target":{"@type":"EntryPoint","urlTemplate":"https:\/\/chefpastry.ch\/?s={search_term_string}"},"query-input":{"@type":"PropertyValueSpecification","valueRequired":true,"valueName":"search_term_string"}}],"inLanguage":"de"},{"@type":"Organization","@id":"https:\/\/chefpastry.ch\/#organization","name":"Chef Pastry","url":"https:\/\/chefpastry.ch\/","logo":{"@type":"ImageObject","inLanguage":"de","@id":"https:\/\/chefpastry.ch\/#\/schema\/logo\/image\/","url":"https:\/\/chefpastry.ch\/wp-content\/uploads\/2022\/07\/cropped-chef_pastry_logo_rgb-03.png","contentUrl":"https:\/\/chefpastry.ch\/wp-content\/uploads\/2022\/07\/cropped-chef_pastry_logo_rgb-03.png","width":1545,"height":412,"caption":"Chef Pastry"},"image":{"@id":"https:\/\/chefpastry.ch\/#\/schema\/logo\/image\/"}}]},"product_price_amount":"39.50","product_price_currency":"CHF","og_availability":"instock","product_availability":"instock","product_retailer_item_id":"28.312.87.0065","product_condition":"new"},"_links":{"self":[{"href":"https:\/\/chefpastry.ch\/de\/wp-json\/wp\/v2\/product\/4044","targetHints":{"allow":["GET"]}}],"collection":[{"href":"https:\/\/chefpastry.ch\/de\/wp-json\/wp\/v2\/product"}],"about":[{"href":"https:\/\/chefpastry.ch\/de\/wp-json\/wp\/v2\/types\/product"}],"replies":[{"embeddable":true,"href":"https:\/\/chefpastry.ch\/de\/wp-json\/wp\/v2\/comments?post=4044"}],"version-history":[{"count":1,"href":"https:\/\/chefpastry.ch\/de\/wp-json\/wp\/v2\/product\/4044\/revisions"}],"predecessor-version":[{"id":16879,"href":"https:\/\/chefpastry.ch\/de\/wp-json\/wp\/v2\/product\/4044\/revisions\/16879"}],"wp:featuredmedia":[{"embeddable":true,"href":"https:\/\/chefpastry.ch\/de\/wp-json\/wp\/v2\/media\/4046"}],"wp:attachment":[{"href":"https:\/\/chefpastry.ch\/de\/wp-json\/wp\/v2\/media?parent=4044"}],"wp:term":[{"taxonomy":"product_brand","embeddable":true,"href":"https:\/\/chefpastry.ch\/de\/wp-json\/wp\/v2\/product_brand?post=4044"},{"taxonomy":"product_cat","embeddable":true,"href":"https:\/\/chefpastry.ch\/de\/wp-json\/wp\/v2\/product_cat?post=4044"},{"taxonomy":"product_tag","embeddable":true,"href":"https:\/\/chefpastry.ch\/de\/wp-json\/wp\/v2\/product_tag?post=4044"}],"curies":[{"name":"wp","href":"https:\/\/api.w.org\/{rel}","templated":true}]}}