{"id":4019,"date":"2022-06-02T23:07:25","date_gmt":"2022-06-02T21:07:25","guid":{"rendered":"https:\/\/chefpastry-aventure-gourmande.geekworkers.dev\/produit\/goccia-decor\/"},"modified":"2023-12-31T15:58:57","modified_gmt":"2023-12-31T14:58:57","slug":"tapis-decor-goccia-silikomart","status":"publish","type":"product","link":"https:\/\/chefpastry.ch\/de\/produkt\/tapis-decor-goccia-silikomart\/","title":{"rendered":"GOCCIA DECOR"},"content":{"rendered":"<p>Die Decor Goccia Matte von Silikomart, ein Band, um perfekte und \u00fcberraschende Dekorationen zu kreieren.<\/p>\n<p>Auf dem Streifen finden Sie Hinweise, wie Sie Dekorationen mit einem Durchmesser von \u00d8 60 mm bis \u00d8 260 mm herstellen k\u00f6nnen. In der Packung finden Sie eine Kunststoffrolle 10 m x h 5 cm und einen praktischen Spatel, der Ihnen hilft, den Streifen auszurichten und die Schokolade gleichm\u00e4\u00dfig zu verteilen. Mit Crown Decor Goccia haben Sie einen s\u00fc\u00dfen Guss, der Ihre Desserts umarmt.<\/p>\n<ul>\n<li>Gr\u00f6\u00dfe: von \u00d8 60 bis \u00d8 260 mm h 4.5 mm<\/li>\n<\/ul>","protected":false},"excerpt":{"rendered":"<p>Die Decor Goccia Matte von Silikomart, ein Band, um perfekte und \u00fcberraschende Dekorationen zu kreieren.<\/p>\n<p>Auf dem Streifen finden Sie Hinweise, wie Sie Dekorationen mit einem Durchmesser von \u00d8 60 mm bis \u00d8 260 mm herstellen k\u00f6nnen.<\/p>","protected":false},"featured_media":8028,"comment_status":"closed","ping_status":"closed","template":"","meta":{"_jet_sm_ready_style":"","_jet_sm_style":"","_jet_sm_controls_values":"","_jet_sm_fonts_collection":"","_jet_sm_fonts_links":"","_joinchat":[]},"product_brand":[],"product_cat":[50,183],"product_tag":[],"class_list":{"0":"post-4019","1":"product","2":"type-product","3":"status-publish","4":"has-post-thumbnail","6":"product_cat-decoration","7":"product_cat-promo","9":"first","10":"instock","11":"sale","12":"taxable","13":"shipping-taxable","14":"purchasable","15":"product-type-simple"},"yoast_head":"<!-- This site is optimized with the Yoast SEO plugin v27.0 - https:\/\/yoast.com\/product\/yoast-seo-wordpress\/ -->\n<title>GOCCIA DECOR - Chef Pastry<\/title>\n<meta name=\"description\" content=\"Le Tapis Decor Goccia de Silikomart, une bande pour cr\u00e9er des d\u00e9corations parfaites et surprenantes. Avec des indications pour diam\u00e8tre de \u00d860 mm \u00e0 \u00d8260 mm\" \/>\n<meta name=\"robots\" content=\"index, follow, max-snippet:-1, max-image-preview:large, max-video-preview:-1\" \/>\n<link rel=\"canonical\" href=\"https:\/\/chefpastry.ch\/de\/produkt\/tapis-decor-goccia-silikomart\/\" \/>\n<meta property=\"og:locale\" content=\"de_DE\" \/>\n<meta property=\"og:type\" content=\"article\" \/>\n<meta property=\"og:title\" content=\"GOCCIA DECOR - Chef Pastry\" \/>\n<meta property=\"og:description\" content=\"Le Tapis Decor Goccia de Silikomart, une bande pour cr\u00e9er des d\u00e9corations parfaites et surprenantes. Avec des indications pour diam\u00e8tre de \u00d860 mm \u00e0 \u00d8260 mm\" \/>\n<meta property=\"og:url\" content=\"https:\/\/chefpastry.ch\/de\/produkt\/tapis-decor-goccia-silikomart\/\" \/>\n<meta property=\"og:site_name\" content=\"Chef Pastry\" \/>\n<meta property=\"article:modified_time\" content=\"2023-12-31T14:58:57+00:00\" \/>\n<meta property=\"og:image\" content=\"https:\/\/chefpastry.ch\/wp-content\/uploads\/2022\/06\/1486542361.jpg\" \/>\n\t<meta property=\"og:image:width\" content=\"600\" \/>\n\t<meta property=\"og:image:height\" content=\"400\" \/>\n\t<meta property=\"og:image:type\" content=\"image\/jpeg\" \/>\n<meta name=\"twitter:card\" content=\"summary_large_image\" \/>\n<meta name=\"twitter:label1\" content=\"Preis\" \/>\n\t<meta name=\"twitter:data1\" content=\"&#067;&#072;&#070;&nbsp;20.50 TTC\" \/>\n\t<meta name=\"twitter:label2\" content=\"Verf\u00fcgbarkeit\" \/>\n\t<meta name=\"twitter:data2\" content=\"Auf Lager\" \/>\n<script type=\"application\/ld+json\" class=\"yoast-schema-graph\">{\"@context\":\"https:\/\/schema.org\",\"@graph\":[{\"@type\":\"WebPage\",\"@id\":\"https:\/\/chefpastry.ch\/produit\/tapis-decor-goccia-silikomart\/\",\"url\":\"https:\/\/chefpastry.ch\/produit\/tapis-decor-goccia-silikomart\/\",\"name\":\"GOCCIA DECOR - Chef Pastry\",\"isPartOf\":{\"@id\":\"https:\/\/chefpastry.ch\/#website\"},\"primaryImageOfPage\":{\"@id\":\"https:\/\/chefpastry.ch\/produit\/tapis-decor-goccia-silikomart\/#primaryimage\"},\"image\":{\"@id\":\"https:\/\/chefpastry.ch\/produit\/tapis-decor-goccia-silikomart\/#primaryimage\"},\"thumbnailUrl\":\"https:\/\/chefpastry.ch\/wp-content\/uploads\/2022\/06\/1486542361.jpg\",\"datePublished\":\"2022-06-02T21:07:25+00:00\",\"dateModified\":\"2023-12-31T14:58:57+00:00\",\"description\":\"Le Tapis Decor Goccia de Silikomart, une bande pour cr\u00e9er des d\u00e9corations parfaites et surprenantes. Avec des indications pour diam\u00e8tre de \u00d860 mm \u00e0 \u00d8260 mm\",\"breadcrumb\":{\"@id\":\"https:\/\/chefpastry.ch\/produit\/tapis-decor-goccia-silikomart\/#breadcrumb\"},\"inLanguage\":\"de\",\"potentialAction\":[{\"@type\":\"ReadAction\",\"target\":[\"https:\/\/chefpastry.ch\/produit\/tapis-decor-goccia-silikomart\/\"]}]},{\"@type\":\"ImageObject\",\"inLanguage\":\"de\",\"@id\":\"https:\/\/chefpastry.ch\/produit\/tapis-decor-goccia-silikomart\/#primaryimage\",\"url\":\"https:\/\/chefpastry.ch\/wp-content\/uploads\/2022\/06\/1486542361.jpg\",\"contentUrl\":\"https:\/\/chefpastry.ch\/wp-content\/uploads\/2022\/06\/1486542361.jpg\",\"width\":600,\"height\":400,\"caption\":\"Tapis decor goccia silikomart\"},{\"@type\":\"BreadcrumbList\",\"@id\":\"https:\/\/chefpastry.ch\/produit\/tapis-decor-goccia-silikomart\/#breadcrumb\",\"itemListElement\":[{\"@type\":\"ListItem\",\"position\":1,\"name\":\"Home\",\"item\":\"https:\/\/chefpastry.ch\/\"},{\"@type\":\"ListItem\",\"position\":2,\"name\":\"E-shop\",\"item\":\"https:\/\/chefpastry.ch\/e-shop\/\"},{\"@type\":\"ListItem\",\"position\":3,\"name\":\"GOCCIA DECOR\"}]},{\"@type\":\"WebSite\",\"@id\":\"https:\/\/chefpastry.ch\/#website\",\"url\":\"https:\/\/chefpastry.ch\/\",\"name\":\"Chef Pastry\",\"description\":\"\",\"publisher\":{\"@id\":\"https:\/\/chefpastry.ch\/#organization\"},\"potentialAction\":[{\"@type\":\"SearchAction\",\"target\":{\"@type\":\"EntryPoint\",\"urlTemplate\":\"https:\/\/chefpastry.ch\/?s={search_term_string}\"},\"query-input\":{\"@type\":\"PropertyValueSpecification\",\"valueRequired\":true,\"valueName\":\"search_term_string\"}}],\"inLanguage\":\"de\"},{\"@type\":\"Organization\",\"@id\":\"https:\/\/chefpastry.ch\/#organization\",\"name\":\"Chef Pastry\",\"url\":\"https:\/\/chefpastry.ch\/\",\"logo\":{\"@type\":\"ImageObject\",\"inLanguage\":\"de\",\"@id\":\"https:\/\/chefpastry.ch\/#\/schema\/logo\/image\/\",\"url\":\"https:\/\/chefpastry.ch\/wp-content\/uploads\/2022\/07\/cropped-chef_pastry_logo_rgb-03.png\",\"contentUrl\":\"https:\/\/chefpastry.ch\/wp-content\/uploads\/2022\/07\/cropped-chef_pastry_logo_rgb-03.png\",\"width\":1545,\"height\":412,\"caption\":\"Chef Pastry\"},\"image\":{\"@id\":\"https:\/\/chefpastry.ch\/#\/schema\/logo\/image\/\"}}]}<\/script>\n<meta property=\"product:price:amount\" content=\"20.50\" \/>\n<meta property=\"product:price:currency\" content=\"CHF\" \/>\n<meta property=\"og:availability\" content=\"instock\" \/>\n<meta property=\"product:availability\" content=\"instock\" \/>\n<meta property=\"product:retailer_item_id\" content=\"25.101.99.0065\" \/>\n<meta property=\"product:condition\" content=\"new\" \/>\n<!-- \/ Yoast SEO plugin. -->","yoast_head_json":{"title":"GOCCIA DECOR - Chef Pastry","description":"Le Tapis Decor Goccia de Silikomart, une bande pour cr\u00e9er des d\u00e9corations parfaites et surprenantes. Avec des indications pour diam\u00e8tre de \u00d860 mm \u00e0 \u00d8260 mm","robots":{"index":"index","follow":"follow","max-snippet":"max-snippet:-1","max-image-preview":"max-image-preview:large","max-video-preview":"max-video-preview:-1"},"canonical":"https:\/\/chefpastry.ch\/de\/produkt\/tapis-decor-goccia-silikomart\/","og_locale":"de_DE","og_type":"article","og_title":"GOCCIA DECOR - Chef Pastry","og_description":"Le Tapis Decor Goccia de Silikomart, une bande pour cr\u00e9er des d\u00e9corations parfaites et surprenantes. Avec des indications pour diam\u00e8tre de \u00d860 mm \u00e0 \u00d8260 mm","og_url":"https:\/\/chefpastry.ch\/de\/produkt\/tapis-decor-goccia-silikomart\/","og_site_name":"Chef Pastry","article_modified_time":"2023-12-31T14:58:57+00:00","og_image":[{"width":600,"height":400,"url":"https:\/\/chefpastry.ch\/wp-content\/uploads\/2022\/06\/1486542361.jpg","type":"image\/jpeg"}],"twitter_card":"summary_large_image","twitter_misc":{"Preis":"&#67;&#72;&#70;&nbsp;20.50 TTC","Verf\u00fcgbarkeit":"Auf Lager"},"schema":{"@context":"https:\/\/schema.org","@graph":[{"@type":"WebPage","@id":"https:\/\/chefpastry.ch\/produit\/tapis-decor-goccia-silikomart\/","url":"https:\/\/chefpastry.ch\/produit\/tapis-decor-goccia-silikomart\/","name":"GOCCIA DECOR - Chef Pastry","isPartOf":{"@id":"https:\/\/chefpastry.ch\/#website"},"primaryImageOfPage":{"@id":"https:\/\/chefpastry.ch\/produit\/tapis-decor-goccia-silikomart\/#primaryimage"},"image":{"@id":"https:\/\/chefpastry.ch\/produit\/tapis-decor-goccia-silikomart\/#primaryimage"},"thumbnailUrl":"https:\/\/chefpastry.ch\/wp-content\/uploads\/2022\/06\/1486542361.jpg","datePublished":"2022-06-02T21:07:25+00:00","dateModified":"2023-12-31T14:58:57+00:00","description":"Le Tapis Decor Goccia de Silikomart, une bande pour cr\u00e9er des d\u00e9corations parfaites et surprenantes. Avec des indications pour diam\u00e8tre de \u00d860 mm \u00e0 \u00d8260 mm","breadcrumb":{"@id":"https:\/\/chefpastry.ch\/produit\/tapis-decor-goccia-silikomart\/#breadcrumb"},"inLanguage":"de","potentialAction":[{"@type":"ReadAction","target":["https:\/\/chefpastry.ch\/produit\/tapis-decor-goccia-silikomart\/"]}]},{"@type":"ImageObject","inLanguage":"de","@id":"https:\/\/chefpastry.ch\/produit\/tapis-decor-goccia-silikomart\/#primaryimage","url":"https:\/\/chefpastry.ch\/wp-content\/uploads\/2022\/06\/1486542361.jpg","contentUrl":"https:\/\/chefpastry.ch\/wp-content\/uploads\/2022\/06\/1486542361.jpg","width":600,"height":400,"caption":"Tapis decor goccia silikomart"},{"@type":"BreadcrumbList","@id":"https:\/\/chefpastry.ch\/produit\/tapis-decor-goccia-silikomart\/#breadcrumb","itemListElement":[{"@type":"ListItem","position":1,"name":"Home","item":"https:\/\/chefpastry.ch\/"},{"@type":"ListItem","position":2,"name":"E-shop","item":"https:\/\/chefpastry.ch\/e-shop\/"},{"@type":"ListItem","position":3,"name":"GOCCIA DECOR"}]},{"@type":"WebSite","@id":"https:\/\/chefpastry.ch\/#website","url":"https:\/\/chefpastry.ch\/","name":"Chef Pastry","description":"","publisher":{"@id":"https:\/\/chefpastry.ch\/#organization"},"potentialAction":[{"@type":"SearchAction","target":{"@type":"EntryPoint","urlTemplate":"https:\/\/chefpastry.ch\/?s={search_term_string}"},"query-input":{"@type":"PropertyValueSpecification","valueRequired":true,"valueName":"search_term_string"}}],"inLanguage":"de"},{"@type":"Organization","@id":"https:\/\/chefpastry.ch\/#organization","name":"Chef Pastry","url":"https:\/\/chefpastry.ch\/","logo":{"@type":"ImageObject","inLanguage":"de","@id":"https:\/\/chefpastry.ch\/#\/schema\/logo\/image\/","url":"https:\/\/chefpastry.ch\/wp-content\/uploads\/2022\/07\/cropped-chef_pastry_logo_rgb-03.png","contentUrl":"https:\/\/chefpastry.ch\/wp-content\/uploads\/2022\/07\/cropped-chef_pastry_logo_rgb-03.png","width":1545,"height":412,"caption":"Chef Pastry"},"image":{"@id":"https:\/\/chefpastry.ch\/#\/schema\/logo\/image\/"}}]},"product_price_amount":"20.50","product_price_currency":"CHF","og_availability":"instock","product_availability":"instock","product_retailer_item_id":"25.101.99.0065","product_condition":"new"},"_links":{"self":[{"href":"https:\/\/chefpastry.ch\/de\/wp-json\/wp\/v2\/product\/4019","targetHints":{"allow":["GET"]}}],"collection":[{"href":"https:\/\/chefpastry.ch\/de\/wp-json\/wp\/v2\/product"}],"about":[{"href":"https:\/\/chefpastry.ch\/de\/wp-json\/wp\/v2\/types\/product"}],"replies":[{"embeddable":true,"href":"https:\/\/chefpastry.ch\/de\/wp-json\/wp\/v2\/comments?post=4019"}],"version-history":[{"count":0,"href":"https:\/\/chefpastry.ch\/de\/wp-json\/wp\/v2\/product\/4019\/revisions"}],"wp:featuredmedia":[{"embeddable":true,"href":"https:\/\/chefpastry.ch\/de\/wp-json\/wp\/v2\/media\/8028"}],"wp:attachment":[{"href":"https:\/\/chefpastry.ch\/de\/wp-json\/wp\/v2\/media?parent=4019"}],"wp:term":[{"taxonomy":"product_brand","embeddable":true,"href":"https:\/\/chefpastry.ch\/de\/wp-json\/wp\/v2\/product_brand?post=4019"},{"taxonomy":"product_cat","embeddable":true,"href":"https:\/\/chefpastry.ch\/de\/wp-json\/wp\/v2\/product_cat?post=4019"},{"taxonomy":"product_tag","embeddable":true,"href":"https:\/\/chefpastry.ch\/de\/wp-json\/wp\/v2\/product_tag?post=4019"}],"curies":[{"name":"wp","href":"https:\/\/api.w.org\/{rel}","templated":true}]}}