{"id":3879,"date":"2022-06-02T23:06:49","date_gmt":"2022-06-02T21:06:49","guid":{"rendered":"https:\/\/chefpastry-aventure-gourmande.geekworkers.dev\/produit\/douille-ronde\/"},"modified":"2026-02-18T16:33:15","modified_gmt":"2026-02-18T15:33:15","slug":"douille-acier-ronde-silikomart","status":"publish","type":"product","link":"https:\/\/chefpastry.ch\/de\/produkt\/douille-acier-ronde-silikomart\/","title":{"rendered":"RUNDE H\u00dcLLE"},"content":{"rendered":"<p><strong>Buchse aus rostfreiem Stahl <\/strong>Runde<span id=\"attr-titre\"><\/span><br \/>\nDurables et robustes elles sont id\u00e9ales pour un usage intensif.<\/p>\n<p>Aucune soudure et tr\u00e8s r\u00e9sistante, la finition est particuli\u00e8rement soign\u00e9e.<\/p>\n<p>Pour un r\u00e9sultat homog\u00e8ne et de qualit\u00e9, un excellent visuel et un travail fin. Douilles compatibles avec tout type de poches p\u00e2tissi\u00e8res.<\/p>\n<p>4 verschiedene Gr\u00f6\u00dfen :<\/p>\n<ul>\n<li>\u00d8 09 mm<\/li>\n<li>\u00d8 10 mm<\/li>\n<li>\u00d8 14 mm<\/li>\n<li>\u00d8 24 mm<\/li>\n<\/ul>","protected":false},"excerpt":{"rendered":"<p><strong>Buchse aus rostfreiem Stahl <\/strong>Runde<span id=\"attr-titre\"><\/span><\/p>\n<p>Langlebig und robust sind sie ideal f\u00fcr den intensiven Gebrauch. Keine Schwei\u00dfn\u00e4hte und widerstandsf\u00e4hig, die Verarbeitung ist besonders sorgf\u00e4ltig. F\u00fcr ein homogenes und hochwertiges Ergebnis, eine ausgezeichnete Optik und feine Arbeit.<\/p>","protected":false},"featured_media":3881,"comment_status":"closed","ping_status":"closed","template":"","meta":{"_jet_sm_ready_style":"","_jet_sm_style":"","_jet_sm_controls_values":"","_jet_sm_fonts_collection":"","_jet_sm_fonts_links":"","_joinchat":[]},"product_brand":[],"product_cat":[24],"product_tag":[],"class_list":{"0":"post-3879","1":"product","2":"type-product","3":"status-publish","4":"has-post-thumbnail","6":"product_cat-accessoires","7":"pa_declinaison-bt210-10mm","8":"pa_declinaison-bt214-14mm","9":"pa_declinaison-bt209-09mm","10":"pa_declinaison-bt224-24mm","12":"first","13":"instock","14":"taxable","15":"shipping-taxable","16":"purchasable","17":"product-type-variable"},"yoast_head":"<!-- This site is optimized with the Yoast SEO plugin v27.0 - https:\/\/yoast.com\/product\/yoast-seo-wordpress\/ -->\n<title>DOUILLE RONDE - Chef Pastry<\/title>\n<meta name=\"description\" content=\"Douille en acier inoxydable Ronde. Durables et robustes elles sont id\u00e9ales pour un usage intensif. Aucune soudure et r\u00e9sistante.\" \/>\n<meta name=\"robots\" content=\"index, follow, max-snippet:-1, max-image-preview:large, max-video-preview:-1\" \/>\n<link rel=\"canonical\" href=\"https:\/\/chefpastry.ch\/de\/produkt\/douille-acier-ronde-silikomart\/\" \/>\n<meta property=\"og:locale\" content=\"de_DE\" \/>\n<meta property=\"og:type\" content=\"article\" \/>\n<meta property=\"og:title\" content=\"DOUILLE RONDE - Chef Pastry\" \/>\n<meta property=\"og:description\" content=\"Douille en acier inoxydable Ronde. Durables et robustes elles sont id\u00e9ales pour un usage intensif. Aucune soudure et r\u00e9sistante.\" \/>\n<meta property=\"og:url\" content=\"https:\/\/chefpastry.ch\/de\/produkt\/douille-acier-ronde-silikomart\/\" \/>\n<meta property=\"og:site_name\" content=\"Chef Pastry\" \/>\n<meta property=\"article:modified_time\" content=\"2026-02-18T15:33:15+00:00\" \/>\n<meta property=\"og:image\" content=\"https:\/\/chefpastry.ch\/wp-content\/uploads\/2022\/06\/image-126.jpg\" \/>\n\t<meta property=\"og:image:width\" content=\"600\" \/>\n\t<meta property=\"og:image:height\" content=\"400\" \/>\n\t<meta property=\"og:image:type\" content=\"image\/jpeg\" \/>\n<meta name=\"twitter:card\" content=\"summary_large_image\" \/>\n<meta name=\"twitter:label1\" content=\"Verf\u00fcgbarkeit\" \/>\n\t<meta name=\"twitter:data1\" content=\"Auf Lager\" \/>\n<script type=\"application\/ld+json\" class=\"yoast-schema-graph\">{\"@context\":\"https:\/\/schema.org\",\"@graph\":[{\"@type\":\"WebPage\",\"@id\":\"https:\/\/chefpastry.ch\/produit\/douille-acier-ronde-silikomart\/\",\"url\":\"https:\/\/chefpastry.ch\/produit\/douille-acier-ronde-silikomart\/\",\"name\":\"DOUILLE RONDE - Chef Pastry\",\"isPartOf\":{\"@id\":\"https:\/\/chefpastry.ch\/#website\"},\"primaryImageOfPage\":{\"@id\":\"https:\/\/chefpastry.ch\/produit\/douille-acier-ronde-silikomart\/#primaryimage\"},\"image\":{\"@id\":\"https:\/\/chefpastry.ch\/produit\/douille-acier-ronde-silikomart\/#primaryimage\"},\"thumbnailUrl\":\"https:\/\/chefpastry.ch\/wp-content\/uploads\/2022\/06\/image-126.jpg\",\"datePublished\":\"2022-06-02T21:06:49+00:00\",\"dateModified\":\"2026-02-18T15:33:15+00:00\",\"description\":\"Douille en acier inoxydable Ronde. Durables et robustes elles sont id\u00e9ales pour un usage intensif. Aucune soudure et r\u00e9sistante.\",\"breadcrumb\":{\"@id\":\"https:\/\/chefpastry.ch\/produit\/douille-acier-ronde-silikomart\/#breadcrumb\"},\"inLanguage\":\"de\",\"potentialAction\":[{\"@type\":\"ReadAction\",\"target\":[\"https:\/\/chefpastry.ch\/produit\/douille-acier-ronde-silikomart\/\"]}]},{\"@type\":\"ImageObject\",\"inLanguage\":\"de\",\"@id\":\"https:\/\/chefpastry.ch\/produit\/douille-acier-ronde-silikomart\/#primaryimage\",\"url\":\"https:\/\/chefpastry.ch\/wp-content\/uploads\/2022\/06\/image-126.jpg\",\"contentUrl\":\"https:\/\/chefpastry.ch\/wp-content\/uploads\/2022\/06\/image-126.jpg\",\"width\":600,\"height\":400,\"caption\":\"Douille acier inoxydable Ronde\"},{\"@type\":\"BreadcrumbList\",\"@id\":\"https:\/\/chefpastry.ch\/produit\/douille-acier-ronde-silikomart\/#breadcrumb\",\"itemListElement\":[{\"@type\":\"ListItem\",\"position\":1,\"name\":\"Home\",\"item\":\"https:\/\/chefpastry.ch\/\"},{\"@type\":\"ListItem\",\"position\":2,\"name\":\"E-shop\",\"item\":\"https:\/\/chefpastry.ch\/e-shop\/\"},{\"@type\":\"ListItem\",\"position\":3,\"name\":\"DOUILLE RONDE\"}]},{\"@type\":\"WebSite\",\"@id\":\"https:\/\/chefpastry.ch\/#website\",\"url\":\"https:\/\/chefpastry.ch\/\",\"name\":\"Chef Pastry\",\"description\":\"\",\"publisher\":{\"@id\":\"https:\/\/chefpastry.ch\/#organization\"},\"potentialAction\":[{\"@type\":\"SearchAction\",\"target\":{\"@type\":\"EntryPoint\",\"urlTemplate\":\"https:\/\/chefpastry.ch\/?s={search_term_string}\"},\"query-input\":{\"@type\":\"PropertyValueSpecification\",\"valueRequired\":true,\"valueName\":\"search_term_string\"}}],\"inLanguage\":\"de\"},{\"@type\":\"Organization\",\"@id\":\"https:\/\/chefpastry.ch\/#organization\",\"name\":\"Chef Pastry\",\"url\":\"https:\/\/chefpastry.ch\/\",\"logo\":{\"@type\":\"ImageObject\",\"inLanguage\":\"de\",\"@id\":\"https:\/\/chefpastry.ch\/#\/schema\/logo\/image\/\",\"url\":\"https:\/\/chefpastry.ch\/wp-content\/uploads\/2022\/07\/cropped-chef_pastry_logo_rgb-03.png\",\"contentUrl\":\"https:\/\/chefpastry.ch\/wp-content\/uploads\/2022\/07\/cropped-chef_pastry_logo_rgb-03.png\",\"width\":1545,\"height\":412,\"caption\":\"Chef Pastry\"},\"image\":{\"@id\":\"https:\/\/chefpastry.ch\/#\/schema\/logo\/image\/\"}}]}<\/script>\n<meta property=\"og:availability\" content=\"instock\" \/>\n<meta property=\"product:availability\" content=\"instock\" \/>\n<meta property=\"product:condition\" content=\"new\" \/>\n<!-- \/ Yoast SEO plugin. -->","yoast_head_json":{"title":"DOUILLE RONDE - Chef Pastry","description":"Douille en acier inoxydable Ronde. Durables et robustes elles sont id\u00e9ales pour un usage intensif. Aucune soudure et r\u00e9sistante.","robots":{"index":"index","follow":"follow","max-snippet":"max-snippet:-1","max-image-preview":"max-image-preview:large","max-video-preview":"max-video-preview:-1"},"canonical":"https:\/\/chefpastry.ch\/de\/produkt\/douille-acier-ronde-silikomart\/","og_locale":"de_DE","og_type":"article","og_title":"DOUILLE RONDE - Chef Pastry","og_description":"Douille en acier inoxydable Ronde. Durables et robustes elles sont id\u00e9ales pour un usage intensif. Aucune soudure et r\u00e9sistante.","og_url":"https:\/\/chefpastry.ch\/de\/produkt\/douille-acier-ronde-silikomart\/","og_site_name":"Chef Pastry","article_modified_time":"2026-02-18T15:33:15+00:00","og_image":[{"width":600,"height":400,"url":"https:\/\/chefpastry.ch\/wp-content\/uploads\/2022\/06\/image-126.jpg","type":"image\/jpeg"}],"twitter_card":"summary_large_image","twitter_misc":{"Verf\u00fcgbarkeit":"Auf Lager"},"schema":{"@context":"https:\/\/schema.org","@graph":[{"@type":"WebPage","@id":"https:\/\/chefpastry.ch\/produit\/douille-acier-ronde-silikomart\/","url":"https:\/\/chefpastry.ch\/produit\/douille-acier-ronde-silikomart\/","name":"DOUILLE RONDE - Chef Pastry","isPartOf":{"@id":"https:\/\/chefpastry.ch\/#website"},"primaryImageOfPage":{"@id":"https:\/\/chefpastry.ch\/produit\/douille-acier-ronde-silikomart\/#primaryimage"},"image":{"@id":"https:\/\/chefpastry.ch\/produit\/douille-acier-ronde-silikomart\/#primaryimage"},"thumbnailUrl":"https:\/\/chefpastry.ch\/wp-content\/uploads\/2022\/06\/image-126.jpg","datePublished":"2022-06-02T21:06:49+00:00","dateModified":"2026-02-18T15:33:15+00:00","description":"Douille en acier inoxydable Ronde. Durables et robustes elles sont id\u00e9ales pour un usage intensif. Aucune soudure et r\u00e9sistante.","breadcrumb":{"@id":"https:\/\/chefpastry.ch\/produit\/douille-acier-ronde-silikomart\/#breadcrumb"},"inLanguage":"de","potentialAction":[{"@type":"ReadAction","target":["https:\/\/chefpastry.ch\/produit\/douille-acier-ronde-silikomart\/"]}]},{"@type":"ImageObject","inLanguage":"de","@id":"https:\/\/chefpastry.ch\/produit\/douille-acier-ronde-silikomart\/#primaryimage","url":"https:\/\/chefpastry.ch\/wp-content\/uploads\/2022\/06\/image-126.jpg","contentUrl":"https:\/\/chefpastry.ch\/wp-content\/uploads\/2022\/06\/image-126.jpg","width":600,"height":400,"caption":"Douille acier inoxydable Ronde"},{"@type":"BreadcrumbList","@id":"https:\/\/chefpastry.ch\/produit\/douille-acier-ronde-silikomart\/#breadcrumb","itemListElement":[{"@type":"ListItem","position":1,"name":"Home","item":"https:\/\/chefpastry.ch\/"},{"@type":"ListItem","position":2,"name":"E-shop","item":"https:\/\/chefpastry.ch\/e-shop\/"},{"@type":"ListItem","position":3,"name":"DOUILLE RONDE"}]},{"@type":"WebSite","@id":"https:\/\/chefpastry.ch\/#website","url":"https:\/\/chefpastry.ch\/","name":"Chef Pastry","description":"","publisher":{"@id":"https:\/\/chefpastry.ch\/#organization"},"potentialAction":[{"@type":"SearchAction","target":{"@type":"EntryPoint","urlTemplate":"https:\/\/chefpastry.ch\/?s={search_term_string}"},"query-input":{"@type":"PropertyValueSpecification","valueRequired":true,"valueName":"search_term_string"}}],"inLanguage":"de"},{"@type":"Organization","@id":"https:\/\/chefpastry.ch\/#organization","name":"Chef Pastry","url":"https:\/\/chefpastry.ch\/","logo":{"@type":"ImageObject","inLanguage":"de","@id":"https:\/\/chefpastry.ch\/#\/schema\/logo\/image\/","url":"https:\/\/chefpastry.ch\/wp-content\/uploads\/2022\/07\/cropped-chef_pastry_logo_rgb-03.png","contentUrl":"https:\/\/chefpastry.ch\/wp-content\/uploads\/2022\/07\/cropped-chef_pastry_logo_rgb-03.png","width":1545,"height":412,"caption":"Chef Pastry"},"image":{"@id":"https:\/\/chefpastry.ch\/#\/schema\/logo\/image\/"}}]},"og_availability":"instock","product_availability":"instock","product_condition":"new"},"_links":{"self":[{"href":"https:\/\/chefpastry.ch\/de\/wp-json\/wp\/v2\/product\/3879","targetHints":{"allow":["GET"]}}],"collection":[{"href":"https:\/\/chefpastry.ch\/de\/wp-json\/wp\/v2\/product"}],"about":[{"href":"https:\/\/chefpastry.ch\/de\/wp-json\/wp\/v2\/types\/product"}],"replies":[{"embeddable":true,"href":"https:\/\/chefpastry.ch\/de\/wp-json\/wp\/v2\/comments?post=3879"}],"version-history":[{"count":1,"href":"https:\/\/chefpastry.ch\/de\/wp-json\/wp\/v2\/product\/3879\/revisions"}],"predecessor-version":[{"id":17077,"href":"https:\/\/chefpastry.ch\/de\/wp-json\/wp\/v2\/product\/3879\/revisions\/17077"}],"wp:featuredmedia":[{"embeddable":true,"href":"https:\/\/chefpastry.ch\/de\/wp-json\/wp\/v2\/media\/3881"}],"wp:attachment":[{"href":"https:\/\/chefpastry.ch\/de\/wp-json\/wp\/v2\/media?parent=3879"}],"wp:term":[{"taxonomy":"product_brand","embeddable":true,"href":"https:\/\/chefpastry.ch\/de\/wp-json\/wp\/v2\/product_brand?post=3879"},{"taxonomy":"product_cat","embeddable":true,"href":"https:\/\/chefpastry.ch\/de\/wp-json\/wp\/v2\/product_cat?post=3879"},{"taxonomy":"product_tag","embeddable":true,"href":"https:\/\/chefpastry.ch\/de\/wp-json\/wp\/v2\/product_tag?post=3879"}],"curies":[{"name":"wp","href":"https:\/\/api.w.org\/{rel}","templated":true}]}}