{"id":3875,"date":"2022-06-02T23:06:49","date_gmt":"2022-06-02T21:06:49","guid":{"rendered":"https:\/\/chefpastry-aventure-gourmande.geekworkers.dev\/produit\/douille-etoile\/"},"modified":"2025-12-16T17:15:23","modified_gmt":"2025-12-16T16:15:23","slug":"douille-acier-etoile-silikomart","status":"publish","type":"product","link":"https:\/\/chefpastry.ch\/de\/produkt\/douille-acier-etoile-silikomart\/","title":{"rendered":"DOUILLE ETOILE"},"content":{"rendered":"<p><strong>Buchse aus rostfreiem Stahl <\/strong>Stern<span id=\"attr-titre\"><\/span><\/p>\n<p>Langlebig und robust sind sie ideal f\u00fcr den intensiven Gebrauch. Keine L\u00f6tstellen und widerstandsf\u00e4hig, die Verarbeitung ist besonders sorgf\u00e4ltig. Die Zacken sind regelm\u00e4\u00dfig, von gleicher Gr\u00f6\u00dfe und Form, mit dem gleichen Abstand zwischen den einzelnen Zacken, f\u00fcr ein homogenes und qualitativ hochwertiges Ergebnis, eine hervorragende Optik und feine Arbeit.<\/p>\n<p>T\u00fcllen, die mit allen Arten von Konditoreibeuteln kompatibel sind.<\/p>\n<ul>\n<li>2 verschiedene Gr\u00f6\u00dfen :<br \/>\n\u00d8 10 mm<br \/>\n\u00d8 14 mm<\/li>\n<\/ul>","protected":false},"excerpt":{"rendered":"<p><strong>Buchse aus rostfreiem Stahl <\/strong>Stern<span id=\"attr-titre\"><\/span><\/p>\n<p>Durables et robustes elles sont id\u00e9ales pour un usage intensif. Aucune soudure et r\u00e9sistante, la finition est particuli\u00e8rement soign\u00e9e.<\/p>","protected":false},"featured_media":3877,"comment_status":"closed","ping_status":"closed","template":"","meta":{"_jet_sm_ready_style":"","_jet_sm_style":"","_jet_sm_controls_values":"","_jet_sm_fonts_collection":"","_jet_sm_fonts_links":"","_joinchat":[]},"product_brand":[],"product_cat":[24],"product_tag":[],"class_list":{"0":"post-3875","1":"product","2":"type-product","3":"status-publish","4":"has-post-thumbnail","6":"product_cat-accessoires","7":"pa_declinaison-bs110-10mm","8":"pa_declinaison-bs114-14mm","10":"first","11":"instock","12":"taxable","13":"shipping-taxable","14":"purchasable","15":"product-type-variable","16":"has-default-attributes"},"yoast_head":"<!-- This site is optimized with the Yoast SEO plugin v27.0 - https:\/\/yoast.com\/product\/yoast-seo-wordpress\/ -->\n<title>DOUILLE ETOILE - Chef Pastry<\/title>\n<meta name=\"description\" content=\"Douille en acier inoxydable \u00c9toile. Durables et robustes elles sont id\u00e9ales pour un usage intensif. Aucune soudure et r\u00e9sistante.\" \/>\n<meta name=\"robots\" content=\"index, follow, max-snippet:-1, max-image-preview:large, max-video-preview:-1\" \/>\n<link rel=\"canonical\" href=\"https:\/\/chefpastry.ch\/de\/produkt\/douille-acier-etoile-silikomart\/\" \/>\n<meta property=\"og:locale\" content=\"de_DE\" \/>\n<meta property=\"og:type\" content=\"article\" \/>\n<meta property=\"og:title\" content=\"DOUILLE ETOILE - Chef Pastry\" \/>\n<meta property=\"og:description\" content=\"Douille en acier inoxydable \u00c9toile. Durables et robustes elles sont id\u00e9ales pour un usage intensif. Aucune soudure et r\u00e9sistante.\" \/>\n<meta property=\"og:url\" content=\"https:\/\/chefpastry.ch\/de\/produkt\/douille-acier-etoile-silikomart\/\" \/>\n<meta property=\"og:site_name\" content=\"Chef Pastry\" \/>\n<meta property=\"article:modified_time\" content=\"2025-12-16T16:15:23+00:00\" \/>\n<meta property=\"og:image\" content=\"https:\/\/chefpastry.ch\/wp-content\/uploads\/2022\/06\/image-125.jpg\" \/>\n\t<meta property=\"og:image:width\" content=\"600\" \/>\n\t<meta property=\"og:image:height\" content=\"400\" \/>\n\t<meta property=\"og:image:type\" content=\"image\/jpeg\" \/>\n<meta name=\"twitter:card\" content=\"summary_large_image\" \/>\n<meta name=\"twitter:label1\" content=\"Verf\u00fcgbarkeit\" \/>\n\t<meta name=\"twitter:data1\" content=\"Auf Lager\" \/>\n<script type=\"application\/ld+json\" class=\"yoast-schema-graph\">{\"@context\":\"https:\/\/schema.org\",\"@graph\":[{\"@type\":\"WebPage\",\"@id\":\"https:\/\/chefpastry.ch\/produit\/douille-acier-etoile-silikomart\/\",\"url\":\"https:\/\/chefpastry.ch\/produit\/douille-acier-etoile-silikomart\/\",\"name\":\"DOUILLE ETOILE - Chef Pastry\",\"isPartOf\":{\"@id\":\"https:\/\/chefpastry.ch\/#website\"},\"primaryImageOfPage\":{\"@id\":\"https:\/\/chefpastry.ch\/produit\/douille-acier-etoile-silikomart\/#primaryimage\"},\"image\":{\"@id\":\"https:\/\/chefpastry.ch\/produit\/douille-acier-etoile-silikomart\/#primaryimage\"},\"thumbnailUrl\":\"https:\/\/chefpastry.ch\/wp-content\/uploads\/2022\/06\/image-125.jpg\",\"datePublished\":\"2022-06-02T21:06:49+00:00\",\"dateModified\":\"2025-12-16T16:15:23+00:00\",\"description\":\"Douille en acier inoxydable \u00c9toile. Durables et robustes elles sont id\u00e9ales pour un usage intensif. Aucune soudure et r\u00e9sistante.\",\"breadcrumb\":{\"@id\":\"https:\/\/chefpastry.ch\/produit\/douille-acier-etoile-silikomart\/#breadcrumb\"},\"inLanguage\":\"de\",\"potentialAction\":[{\"@type\":\"ReadAction\",\"target\":[\"https:\/\/chefpastry.ch\/produit\/douille-acier-etoile-silikomart\/\"]}]},{\"@type\":\"ImageObject\",\"inLanguage\":\"de\",\"@id\":\"https:\/\/chefpastry.ch\/produit\/douille-acier-etoile-silikomart\/#primaryimage\",\"url\":\"https:\/\/chefpastry.ch\/wp-content\/uploads\/2022\/06\/image-125.jpg\",\"contentUrl\":\"https:\/\/chefpastry.ch\/wp-content\/uploads\/2022\/06\/image-125.jpg\",\"width\":600,\"height\":400,\"caption\":\"Douille acier inoxydable \u00c9toile\"},{\"@type\":\"BreadcrumbList\",\"@id\":\"https:\/\/chefpastry.ch\/produit\/douille-acier-etoile-silikomart\/#breadcrumb\",\"itemListElement\":[{\"@type\":\"ListItem\",\"position\":1,\"name\":\"Home\",\"item\":\"https:\/\/chefpastry.ch\/\"},{\"@type\":\"ListItem\",\"position\":2,\"name\":\"E-shop\",\"item\":\"https:\/\/chefpastry.ch\/e-shop\/\"},{\"@type\":\"ListItem\",\"position\":3,\"name\":\"DOUILLE ETOILE\"}]},{\"@type\":\"WebSite\",\"@id\":\"https:\/\/chefpastry.ch\/#website\",\"url\":\"https:\/\/chefpastry.ch\/\",\"name\":\"Chef Pastry\",\"description\":\"\",\"publisher\":{\"@id\":\"https:\/\/chefpastry.ch\/#organization\"},\"potentialAction\":[{\"@type\":\"SearchAction\",\"target\":{\"@type\":\"EntryPoint\",\"urlTemplate\":\"https:\/\/chefpastry.ch\/?s={search_term_string}\"},\"query-input\":{\"@type\":\"PropertyValueSpecification\",\"valueRequired\":true,\"valueName\":\"search_term_string\"}}],\"inLanguage\":\"de\"},{\"@type\":\"Organization\",\"@id\":\"https:\/\/chefpastry.ch\/#organization\",\"name\":\"Chef Pastry\",\"url\":\"https:\/\/chefpastry.ch\/\",\"logo\":{\"@type\":\"ImageObject\",\"inLanguage\":\"de\",\"@id\":\"https:\/\/chefpastry.ch\/#\/schema\/logo\/image\/\",\"url\":\"https:\/\/chefpastry.ch\/wp-content\/uploads\/2022\/07\/cropped-chef_pastry_logo_rgb-03.png\",\"contentUrl\":\"https:\/\/chefpastry.ch\/wp-content\/uploads\/2022\/07\/cropped-chef_pastry_logo_rgb-03.png\",\"width\":1545,\"height\":412,\"caption\":\"Chef Pastry\"},\"image\":{\"@id\":\"https:\/\/chefpastry.ch\/#\/schema\/logo\/image\/\"}}]}<\/script>\n<meta property=\"og:availability\" content=\"instock\" \/>\n<meta property=\"product:availability\" content=\"instock\" \/>\n<meta property=\"product:condition\" content=\"new\" \/>\n<!-- \/ Yoast SEO plugin. -->","yoast_head_json":{"title":"DOUILLE ETOILE - Chef Pastry","description":"Douille en acier inoxydable \u00c9toile. Durables et robustes elles sont id\u00e9ales pour un usage intensif. Aucune soudure et r\u00e9sistante.","robots":{"index":"index","follow":"follow","max-snippet":"max-snippet:-1","max-image-preview":"max-image-preview:large","max-video-preview":"max-video-preview:-1"},"canonical":"https:\/\/chefpastry.ch\/de\/produkt\/douille-acier-etoile-silikomart\/","og_locale":"de_DE","og_type":"article","og_title":"DOUILLE ETOILE - Chef Pastry","og_description":"Douille en acier inoxydable \u00c9toile. Durables et robustes elles sont id\u00e9ales pour un usage intensif. Aucune soudure et r\u00e9sistante.","og_url":"https:\/\/chefpastry.ch\/de\/produkt\/douille-acier-etoile-silikomart\/","og_site_name":"Chef Pastry","article_modified_time":"2025-12-16T16:15:23+00:00","og_image":[{"width":600,"height":400,"url":"https:\/\/chefpastry.ch\/wp-content\/uploads\/2022\/06\/image-125.jpg","type":"image\/jpeg"}],"twitter_card":"summary_large_image","twitter_misc":{"Verf\u00fcgbarkeit":"Auf Lager"},"schema":{"@context":"https:\/\/schema.org","@graph":[{"@type":"WebPage","@id":"https:\/\/chefpastry.ch\/produit\/douille-acier-etoile-silikomart\/","url":"https:\/\/chefpastry.ch\/produit\/douille-acier-etoile-silikomart\/","name":"DOUILLE ETOILE - Chef Pastry","isPartOf":{"@id":"https:\/\/chefpastry.ch\/#website"},"primaryImageOfPage":{"@id":"https:\/\/chefpastry.ch\/produit\/douille-acier-etoile-silikomart\/#primaryimage"},"image":{"@id":"https:\/\/chefpastry.ch\/produit\/douille-acier-etoile-silikomart\/#primaryimage"},"thumbnailUrl":"https:\/\/chefpastry.ch\/wp-content\/uploads\/2022\/06\/image-125.jpg","datePublished":"2022-06-02T21:06:49+00:00","dateModified":"2025-12-16T16:15:23+00:00","description":"Douille en acier inoxydable \u00c9toile. Durables et robustes elles sont id\u00e9ales pour un usage intensif. Aucune soudure et r\u00e9sistante.","breadcrumb":{"@id":"https:\/\/chefpastry.ch\/produit\/douille-acier-etoile-silikomart\/#breadcrumb"},"inLanguage":"de","potentialAction":[{"@type":"ReadAction","target":["https:\/\/chefpastry.ch\/produit\/douille-acier-etoile-silikomart\/"]}]},{"@type":"ImageObject","inLanguage":"de","@id":"https:\/\/chefpastry.ch\/produit\/douille-acier-etoile-silikomart\/#primaryimage","url":"https:\/\/chefpastry.ch\/wp-content\/uploads\/2022\/06\/image-125.jpg","contentUrl":"https:\/\/chefpastry.ch\/wp-content\/uploads\/2022\/06\/image-125.jpg","width":600,"height":400,"caption":"Douille acier inoxydable \u00c9toile"},{"@type":"BreadcrumbList","@id":"https:\/\/chefpastry.ch\/produit\/douille-acier-etoile-silikomart\/#breadcrumb","itemListElement":[{"@type":"ListItem","position":1,"name":"Home","item":"https:\/\/chefpastry.ch\/"},{"@type":"ListItem","position":2,"name":"E-shop","item":"https:\/\/chefpastry.ch\/e-shop\/"},{"@type":"ListItem","position":3,"name":"DOUILLE ETOILE"}]},{"@type":"WebSite","@id":"https:\/\/chefpastry.ch\/#website","url":"https:\/\/chefpastry.ch\/","name":"Chef Pastry","description":"","publisher":{"@id":"https:\/\/chefpastry.ch\/#organization"},"potentialAction":[{"@type":"SearchAction","target":{"@type":"EntryPoint","urlTemplate":"https:\/\/chefpastry.ch\/?s={search_term_string}"},"query-input":{"@type":"PropertyValueSpecification","valueRequired":true,"valueName":"search_term_string"}}],"inLanguage":"de"},{"@type":"Organization","@id":"https:\/\/chefpastry.ch\/#organization","name":"Chef Pastry","url":"https:\/\/chefpastry.ch\/","logo":{"@type":"ImageObject","inLanguage":"de","@id":"https:\/\/chefpastry.ch\/#\/schema\/logo\/image\/","url":"https:\/\/chefpastry.ch\/wp-content\/uploads\/2022\/07\/cropped-chef_pastry_logo_rgb-03.png","contentUrl":"https:\/\/chefpastry.ch\/wp-content\/uploads\/2022\/07\/cropped-chef_pastry_logo_rgb-03.png","width":1545,"height":412,"caption":"Chef Pastry"},"image":{"@id":"https:\/\/chefpastry.ch\/#\/schema\/logo\/image\/"}}]},"og_availability":"instock","product_availability":"instock","product_condition":"new"},"_links":{"self":[{"href":"https:\/\/chefpastry.ch\/de\/wp-json\/wp\/v2\/product\/3875","targetHints":{"allow":["GET"]}}],"collection":[{"href":"https:\/\/chefpastry.ch\/de\/wp-json\/wp\/v2\/product"}],"about":[{"href":"https:\/\/chefpastry.ch\/de\/wp-json\/wp\/v2\/types\/product"}],"replies":[{"embeddable":true,"href":"https:\/\/chefpastry.ch\/de\/wp-json\/wp\/v2\/comments?post=3875"}],"version-history":[{"count":0,"href":"https:\/\/chefpastry.ch\/de\/wp-json\/wp\/v2\/product\/3875\/revisions"}],"wp:featuredmedia":[{"embeddable":true,"href":"https:\/\/chefpastry.ch\/de\/wp-json\/wp\/v2\/media\/3877"}],"wp:attachment":[{"href":"https:\/\/chefpastry.ch\/de\/wp-json\/wp\/v2\/media?parent=3875"}],"wp:term":[{"taxonomy":"product_brand","embeddable":true,"href":"https:\/\/chefpastry.ch\/de\/wp-json\/wp\/v2\/product_brand?post=3875"},{"taxonomy":"product_cat","embeddable":true,"href":"https:\/\/chefpastry.ch\/de\/wp-json\/wp\/v2\/product_cat?post=3875"},{"taxonomy":"product_tag","embeddable":true,"href":"https:\/\/chefpastry.ch\/de\/wp-json\/wp\/v2\/product_tag?post=3875"}],"curies":[{"name":"wp","href":"https:\/\/api.w.org\/{rel}","templated":true}]}}