{"id":17153,"date":"2026-02-19T16:57:45","date_gmt":"2026-02-19T15:57:45","guid":{"rendered":"https:\/\/chefpastry.ch\/?post_type=product&#038;p=17153"},"modified":"2026-02-19T16:57:46","modified_gmt":"2026-02-19T15:57:46","slug":"moule-tapis-en-silicone-selva","status":"publish","type":"product","link":"https:\/\/chefpastry.ch\/de\/produkt\/moule-tapis-en-silicone-selva\/","title":{"rendered":"TAPIS EN SILICONE SELVA"},"content":{"rendered":"<h3>Tapis en silicone SELVA sans BPA \u2013 72 cavit\u00e9s feuilles<\/h3>\n<p data-start=\"101\" data-end=\"345\">Cr\u00e9ez des d\u00e9cors fins et \u00e9l\u00e9gants en quelques gestes gr\u00e2ce au <strong data-start=\"163\" data-end=\"199\">tapis en silicone SELVA sans BPA<\/strong>. Avec ses <strong data-start=\"210\" data-end=\"245\">72 cavit\u00e9s en forme de feuilles<\/strong>, il est parfait pour r\u00e9aliser des tuiles croustillantes ou des d\u00e9cors en chocolat dignes d\u2019un chef.<\/p>\n<p data-start=\"347\" data-end=\"503\">Son design v\u00e9g\u00e9tal apporte une touche naturelle et moderne \u00e0 vos desserts. Chaque d\u00e9tail est net. Chaque feuille est pr\u00e9cise. Le r\u00e9sultat est professionnel.<\/p>\n<hr data-start=\"505\" data-end=\"508\" \/>\n<h3 data-start=\"510\" data-end=\"547\">Id\u00e9al pour sublimer vos cr\u00e9ations<\/h3>\n<p data-start=\"549\" data-end=\"599\">Le tapis SELVA vous permet de d\u00e9corer facilement :<\/p>\n<ul data-start=\"601\" data-end=\"697\">\n<li data-start=\"601\" data-end=\"626\">\n<p data-start=\"603\" data-end=\"626\">Desserts \u00e0 l\u2019assiette<\/p>\n<\/li>\n<li data-start=\"627\" data-end=\"640\">\n<p data-start=\"629\" data-end=\"640\">Entremets<\/p>\n<\/li>\n<li data-start=\"641\" data-end=\"657\">\n<p data-start=\"643\" data-end=\"657\">Monoporcions<\/p>\n<\/li>\n<li data-start=\"658\" data-end=\"697\">\n<p data-start=\"660\" data-end=\"697\">G\u00e2teaux et cr\u00e9ations gastronomiques<\/p>\n<\/li>\n<\/ul>\n<p data-start=\"699\" data-end=\"819\">Les 4 tailles de feuilles (29,5 x 28 mm \u2013 22 x 41 mm \u2013 34 x 35 mm \u2013 36 x 31 mm) cr\u00e9ent un rendu harmonieux et dynamique.<\/p>\n<p data-start=\"821\" data-end=\"885\">Vous pouvez varier les formes pour un effet encore plus naturel.<\/p>\n<hr data-start=\"887\" data-end=\"890\" \/>\n<h3 data-start=\"892\" data-end=\"925\">Silicone alimentaire sans BPA<\/h3>\n<p data-start=\"927\" data-end=\"984\">Fabriqu\u00e9 en <strong data-start=\"939\" data-end=\"968\">silicone de haute qualit\u00e9<\/strong>, ce tapis est :<\/p>\n<ul data-start=\"986\" data-end=\"1100\">\n<li data-start=\"986\" data-end=\"998\">\n<p data-start=\"988\" data-end=\"998\">Sans BPA<\/p>\n<\/li>\n<li data-start=\"999\" data-end=\"1026\">\n<p data-start=\"1001\" data-end=\"1026\">Flexible et antiadh\u00e9sif<\/p>\n<\/li>\n<li data-start=\"1027\" data-end=\"1065\">\n<p data-start=\"1029\" data-end=\"1065\">R\u00e9sistant \u00e0 la chaleur et au froid<\/p>\n<\/li>\n<li data-start=\"1066\" data-end=\"1100\">\n<p data-start=\"1068\" data-end=\"1100\">Compatible four et cong\u00e9lateur<\/p>\n<\/li>\n<\/ul>\n<p data-start=\"1102\" data-end=\"1190\">Le d\u00e9moulage est simple et rapide. M\u00eame les d\u00e9cors les plus fins se retirent sans casse.<\/p>\n<p data-start=\"1192\" data-end=\"1337\">Le tapis peut aussi \u00eatre <strong data-start=\"1217\" data-end=\"1262\">d\u00e9coup\u00e9 selon les lignes guides int\u00e9gr\u00e9es<\/strong>. Vous adaptez ainsi sa taille \u00e0 votre plaque ou \u00e0 votre espace de travail.<\/p>\n<hr data-start=\"1339\" data-end=\"1342\" \/>\n<h3 data-start=\"1344\" data-end=\"1376\">Un outil pratique et durable<\/h3>\n<p data-start=\"1378\" data-end=\"1512\">Le tapis en silicone SELVA est pens\u00e9 pour un usage intensif. Il convient aux p\u00e2tissiers professionnels comme aux passionn\u00e9s exigeants.<\/p>\n<p data-start=\"1514\" data-end=\"1544\">Il est id\u00e9al pour travailler :<\/p>\n<ul data-start=\"1546\" data-end=\"1610\">\n<li data-start=\"1546\" data-end=\"1561\">\n<p data-start=\"1548\" data-end=\"1561\">Le chocolat<\/p>\n<\/li>\n<li data-start=\"1562\" data-end=\"1576\">\n<p data-start=\"1564\" data-end=\"1576\">Les tuiles<\/p>\n<\/li>\n<li data-start=\"1577\" data-end=\"1596\">\n<p data-start=\"1579\" data-end=\"1596\">Les p\u00e2tes d\u00e9cor<\/p>\n<\/li>\n<li data-start=\"1597\" data-end=\"1610\">\n<p data-start=\"1599\" data-end=\"1610\">L\u2019isomalt<\/p>\n<\/li>\n<\/ul>\n<p data-start=\"1612\" data-end=\"1709\">Gr\u00e2ce \u00e0 ses 72 cavit\u00e9s, vous gagnez du temps en production tout en gardant une qualit\u00e9 constante.<\/p>\n<hr data-start=\"1711\" data-end=\"1714\" \/>\n<h3 data-start=\"1716\" data-end=\"1753\">Pourquoi choisir le tapis SELVA ?<\/h3>\n<p data-start=\"1755\" data-end=\"1930\">\u2714 72 cavit\u00e9s en forme de feuilles<br data-start=\"1788\" data-end=\"1791\" \/>\u2714 4 formats diff\u00e9rents<br data-start=\"1813\" data-end=\"1816\" \/>\u2714 Silicone alimentaire sans BPA<br data-start=\"1847\" data-end=\"1850\" \/>\u2714 D\u00e9moulage facile<br data-start=\"1868\" data-end=\"1871\" \/>\u2714 D\u00e9coupable et polyvalent<br data-start=\"1897\" data-end=\"1900\" \/>\u2714 R\u00e9sultat pr\u00e9cis et raffin\u00e9<\/p>\n<p data-start=\"1932\" data-end=\"2076\">Ajoutez une finition \u00e9l\u00e9gante et naturelle \u00e0 vos desserts avec le tapis en silicone SELVA. Un indispensable pour toute cuisine cr\u00e9ative moderne.<\/p>\n<p data-start=\"2078\" data-end=\"2122\" data-is-last-node=\"\" data-is-only-node=\"\">Disponible d\u00e8s maintenant sur chefpastry.ch.<\/p>","protected":false},"excerpt":{"rendered":"<p>Tapis en silicone SELVA sans BPA avec 72 cavit\u00e9s en forme de feuilles, id\u00e9al pour r\u00e9aliser des d\u00e9cors fins en chocolat et tuiles. Flexible, antiadh\u00e9sif et compatible four et cong\u00e9lateur, il garantit un d\u00e9moulage facile et un rendu professionnel.<\/p>","protected":false},"featured_media":17157,"comment_status":"closed","ping_status":"closed","template":"","meta":{"_jet_sm_ready_style":"","_jet_sm_style":"","_jet_sm_controls_values":"","_jet_sm_fonts_collection":"","_jet_sm_fonts_links":"","_joinchat":[]},"product_brand":[],"product_cat":[50,109,182],"product_tag":[],"class_list":{"0":"post-17153","1":"product","2":"type-product","3":"status-publish","4":"has-post-thumbnail","6":"product_cat-decoration","7":"product_cat-gastronomie","8":"product_cat-nouveautes","10":"first","11":"instock","12":"taxable","13":"shipping-taxable","14":"purchasable","15":"product-type-simple"},"yoast_head":"<!-- This site is optimized with the Yoast SEO plugin v27.0 - https:\/\/yoast.com\/product\/yoast-seo-wordpress\/ -->\n<title>TAPIS EN SILICONE SELVA - Chef Pastry<\/title>\n<meta name=\"description\" content=\"Tapis en silicone SELVA sans BPA avec 72 cavit\u00e9s feuilles. Id\u00e9al pour d\u00e9cors en chocolat et tuiles. Flexible, antiadh\u00e9sif, compatible four et cong\u00e9lateur.\" \/>\n<meta name=\"robots\" content=\"index, follow, max-snippet:-1, max-image-preview:large, max-video-preview:-1\" \/>\n<link rel=\"canonical\" href=\"https:\/\/chefpastry.ch\/de\/produkt\/moule-tapis-en-silicone-selva\/\" \/>\n<meta property=\"og:locale\" content=\"de_DE\" \/>\n<meta property=\"og:type\" content=\"article\" \/>\n<meta property=\"og:title\" content=\"TAPIS EN SILICONE SELVA - Chef Pastry\" \/>\n<meta property=\"og:description\" content=\"Tapis en silicone SELVA sans BPA avec 72 cavit\u00e9s feuilles. Id\u00e9al pour d\u00e9cors en chocolat et tuiles. Flexible, antiadh\u00e9sif, compatible four et cong\u00e9lateur.\" \/>\n<meta property=\"og:url\" content=\"https:\/\/chefpastry.ch\/de\/produkt\/moule-tapis-en-silicone-selva\/\" \/>\n<meta property=\"og:site_name\" content=\"Chef Pastry\" \/>\n<meta property=\"article:modified_time\" content=\"2026-02-19T15:57:46+00:00\" \/>\n<meta property=\"og:image\" content=\"https:\/\/chefpastry.ch\/wp-content\/uploads\/2026\/02\/33.333.36.0065_SELVA_FINITO-scaled.webp\" \/>\n\t<meta property=\"og:image:width\" content=\"2560\" \/>\n\t<meta property=\"og:image:height\" content=\"2560\" \/>\n\t<meta property=\"og:image:type\" content=\"image\/webp\" \/>\n<meta name=\"twitter:card\" content=\"summary_large_image\" \/>\n<meta name=\"twitter:label1\" content=\"Preis\" \/>\n\t<meta name=\"twitter:data1\" content=\"&#067;&#072;&#070;&nbsp;25.00 TTC\" \/>\n\t<meta name=\"twitter:label2\" content=\"Verf\u00fcgbarkeit\" \/>\n\t<meta name=\"twitter:data2\" content=\"Auf Lager\" \/>\n<script type=\"application\/ld+json\" class=\"yoast-schema-graph\">{\"@context\":\"https:\/\/schema.org\",\"@graph\":[{\"@type\":\"WebPage\",\"@id\":\"https:\/\/chefpastry.ch\/produit\/moule-tapis-en-silicone-selva\/\",\"url\":\"https:\/\/chefpastry.ch\/produit\/moule-tapis-en-silicone-selva\/\",\"name\":\"TAPIS EN SILICONE SELVA - Chef Pastry\",\"isPartOf\":{\"@id\":\"https:\/\/chefpastry.ch\/#website\"},\"primaryImageOfPage\":{\"@id\":\"https:\/\/chefpastry.ch\/produit\/moule-tapis-en-silicone-selva\/#primaryimage\"},\"image\":{\"@id\":\"https:\/\/chefpastry.ch\/produit\/moule-tapis-en-silicone-selva\/#primaryimage\"},\"thumbnailUrl\":\"https:\/\/chefpastry.ch\/wp-content\/uploads\/2026\/02\/33.333.36.0065_SELVA_FINITO-scaled.webp\",\"datePublished\":\"2026-02-19T15:57:45+00:00\",\"dateModified\":\"2026-02-19T15:57:46+00:00\",\"description\":\"Tapis en silicone SELVA sans BPA avec 72 cavit\u00e9s feuilles. Id\u00e9al pour d\u00e9cors en chocolat et tuiles. Flexible, antiadh\u00e9sif, compatible four et cong\u00e9lateur.\",\"breadcrumb\":{\"@id\":\"https:\/\/chefpastry.ch\/produit\/moule-tapis-en-silicone-selva\/#breadcrumb\"},\"inLanguage\":\"de\",\"potentialAction\":[{\"@type\":\"ReadAction\",\"target\":[\"https:\/\/chefpastry.ch\/produit\/moule-tapis-en-silicone-selva\/\"]}]},{\"@type\":\"ImageObject\",\"inLanguage\":\"de\",\"@id\":\"https:\/\/chefpastry.ch\/produit\/moule-tapis-en-silicone-selva\/#primaryimage\",\"url\":\"https:\/\/chefpastry.ch\/wp-content\/uploads\/2026\/02\/33.333.36.0065_SELVA_FINITO-scaled.webp\",\"contentUrl\":\"https:\/\/chefpastry.ch\/wp-content\/uploads\/2026\/02\/33.333.36.0065_SELVA_FINITO-scaled.webp\",\"width\":2560,\"height\":2560,\"caption\":\"Tapis en silicone SELVA\"},{\"@type\":\"BreadcrumbList\",\"@id\":\"https:\/\/chefpastry.ch\/produit\/moule-tapis-en-silicone-selva\/#breadcrumb\",\"itemListElement\":[{\"@type\":\"ListItem\",\"position\":1,\"name\":\"Home\",\"item\":\"https:\/\/chefpastry.ch\/\"},{\"@type\":\"ListItem\",\"position\":2,\"name\":\"E-shop\",\"item\":\"https:\/\/chefpastry.ch\/e-shop\/\"},{\"@type\":\"ListItem\",\"position\":3,\"name\":\"TAPIS EN SILICONE SELVA\"}]},{\"@type\":\"WebSite\",\"@id\":\"https:\/\/chefpastry.ch\/#website\",\"url\":\"https:\/\/chefpastry.ch\/\",\"name\":\"Chef Pastry\",\"description\":\"\",\"publisher\":{\"@id\":\"https:\/\/chefpastry.ch\/#organization\"},\"potentialAction\":[{\"@type\":\"SearchAction\",\"target\":{\"@type\":\"EntryPoint\",\"urlTemplate\":\"https:\/\/chefpastry.ch\/?s={search_term_string}\"},\"query-input\":{\"@type\":\"PropertyValueSpecification\",\"valueRequired\":true,\"valueName\":\"search_term_string\"}}],\"inLanguage\":\"de\"},{\"@type\":\"Organization\",\"@id\":\"https:\/\/chefpastry.ch\/#organization\",\"name\":\"Chef Pastry\",\"url\":\"https:\/\/chefpastry.ch\/\",\"logo\":{\"@type\":\"ImageObject\",\"inLanguage\":\"de\",\"@id\":\"https:\/\/chefpastry.ch\/#\/schema\/logo\/image\/\",\"url\":\"https:\/\/chefpastry.ch\/wp-content\/uploads\/2022\/07\/cropped-chef_pastry_logo_rgb-03.png\",\"contentUrl\":\"https:\/\/chefpastry.ch\/wp-content\/uploads\/2022\/07\/cropped-chef_pastry_logo_rgb-03.png\",\"width\":1545,\"height\":412,\"caption\":\"Chef Pastry\"},\"image\":{\"@id\":\"https:\/\/chefpastry.ch\/#\/schema\/logo\/image\/\"}}]}<\/script>\n<meta property=\"product:price:amount\" content=\"25.00\" \/>\n<meta property=\"product:price:currency\" content=\"CHF\" \/>\n<meta property=\"og:availability\" content=\"instock\" \/>\n<meta property=\"product:availability\" content=\"instock\" \/>\n<meta property=\"product:retailer_item_id\" content=\"33.333.36.0065\" \/>\n<meta property=\"product:condition\" content=\"new\" \/>\n<!-- \/ Yoast SEO plugin. -->","yoast_head_json":{"title":"TAPIS EN SILICONE SELVA - Chef Pastry","description":"Tapis en silicone SELVA sans BPA avec 72 cavit\u00e9s feuilles. Id\u00e9al pour d\u00e9cors en chocolat et tuiles. Flexible, antiadh\u00e9sif, compatible four et cong\u00e9lateur.","robots":{"index":"index","follow":"follow","max-snippet":"max-snippet:-1","max-image-preview":"max-image-preview:large","max-video-preview":"max-video-preview:-1"},"canonical":"https:\/\/chefpastry.ch\/de\/produkt\/moule-tapis-en-silicone-selva\/","og_locale":"de_DE","og_type":"article","og_title":"TAPIS EN SILICONE SELVA - Chef Pastry","og_description":"Tapis en silicone SELVA sans BPA avec 72 cavit\u00e9s feuilles. Id\u00e9al pour d\u00e9cors en chocolat et tuiles. Flexible, antiadh\u00e9sif, compatible four et cong\u00e9lateur.","og_url":"https:\/\/chefpastry.ch\/de\/produkt\/moule-tapis-en-silicone-selva\/","og_site_name":"Chef Pastry","article_modified_time":"2026-02-19T15:57:46+00:00","og_image":[{"width":2560,"height":2560,"url":"https:\/\/chefpastry.ch\/wp-content\/uploads\/2026\/02\/33.333.36.0065_SELVA_FINITO-scaled.webp","type":"image\/webp"}],"twitter_card":"summary_large_image","twitter_misc":{"Preis":"&#67;&#72;&#70;&nbsp;25.00 TTC","Verf\u00fcgbarkeit":"Auf Lager"},"schema":{"@context":"https:\/\/schema.org","@graph":[{"@type":"WebPage","@id":"https:\/\/chefpastry.ch\/produit\/moule-tapis-en-silicone-selva\/","url":"https:\/\/chefpastry.ch\/produit\/moule-tapis-en-silicone-selva\/","name":"TAPIS EN SILICONE SELVA - Chef Pastry","isPartOf":{"@id":"https:\/\/chefpastry.ch\/#website"},"primaryImageOfPage":{"@id":"https:\/\/chefpastry.ch\/produit\/moule-tapis-en-silicone-selva\/#primaryimage"},"image":{"@id":"https:\/\/chefpastry.ch\/produit\/moule-tapis-en-silicone-selva\/#primaryimage"},"thumbnailUrl":"https:\/\/chefpastry.ch\/wp-content\/uploads\/2026\/02\/33.333.36.0065_SELVA_FINITO-scaled.webp","datePublished":"2026-02-19T15:57:45+00:00","dateModified":"2026-02-19T15:57:46+00:00","description":"Tapis en silicone SELVA sans BPA avec 72 cavit\u00e9s feuilles. Id\u00e9al pour d\u00e9cors en chocolat et tuiles. Flexible, antiadh\u00e9sif, compatible four et cong\u00e9lateur.","breadcrumb":{"@id":"https:\/\/chefpastry.ch\/produit\/moule-tapis-en-silicone-selva\/#breadcrumb"},"inLanguage":"de","potentialAction":[{"@type":"ReadAction","target":["https:\/\/chefpastry.ch\/produit\/moule-tapis-en-silicone-selva\/"]}]},{"@type":"ImageObject","inLanguage":"de","@id":"https:\/\/chefpastry.ch\/produit\/moule-tapis-en-silicone-selva\/#primaryimage","url":"https:\/\/chefpastry.ch\/wp-content\/uploads\/2026\/02\/33.333.36.0065_SELVA_FINITO-scaled.webp","contentUrl":"https:\/\/chefpastry.ch\/wp-content\/uploads\/2026\/02\/33.333.36.0065_SELVA_FINITO-scaled.webp","width":2560,"height":2560,"caption":"Tapis en silicone SELVA"},{"@type":"BreadcrumbList","@id":"https:\/\/chefpastry.ch\/produit\/moule-tapis-en-silicone-selva\/#breadcrumb","itemListElement":[{"@type":"ListItem","position":1,"name":"Home","item":"https:\/\/chefpastry.ch\/"},{"@type":"ListItem","position":2,"name":"E-shop","item":"https:\/\/chefpastry.ch\/e-shop\/"},{"@type":"ListItem","position":3,"name":"TAPIS EN SILICONE SELVA"}]},{"@type":"WebSite","@id":"https:\/\/chefpastry.ch\/#website","url":"https:\/\/chefpastry.ch\/","name":"Chef Pastry","description":"","publisher":{"@id":"https:\/\/chefpastry.ch\/#organization"},"potentialAction":[{"@type":"SearchAction","target":{"@type":"EntryPoint","urlTemplate":"https:\/\/chefpastry.ch\/?s={search_term_string}"},"query-input":{"@type":"PropertyValueSpecification","valueRequired":true,"valueName":"search_term_string"}}],"inLanguage":"de"},{"@type":"Organization","@id":"https:\/\/chefpastry.ch\/#organization","name":"Chef Pastry","url":"https:\/\/chefpastry.ch\/","logo":{"@type":"ImageObject","inLanguage":"de","@id":"https:\/\/chefpastry.ch\/#\/schema\/logo\/image\/","url":"https:\/\/chefpastry.ch\/wp-content\/uploads\/2022\/07\/cropped-chef_pastry_logo_rgb-03.png","contentUrl":"https:\/\/chefpastry.ch\/wp-content\/uploads\/2022\/07\/cropped-chef_pastry_logo_rgb-03.png","width":1545,"height":412,"caption":"Chef Pastry"},"image":{"@id":"https:\/\/chefpastry.ch\/#\/schema\/logo\/image\/"}}]},"product_price_amount":"25.00","product_price_currency":"CHF","og_availability":"instock","product_availability":"instock","product_retailer_item_id":"33.333.36.0065","product_condition":"new"},"_links":{"self":[{"href":"https:\/\/chefpastry.ch\/de\/wp-json\/wp\/v2\/product\/17153","targetHints":{"allow":["GET"]}}],"collection":[{"href":"https:\/\/chefpastry.ch\/de\/wp-json\/wp\/v2\/product"}],"about":[{"href":"https:\/\/chefpastry.ch\/de\/wp-json\/wp\/v2\/types\/product"}],"replies":[{"embeddable":true,"href":"https:\/\/chefpastry.ch\/de\/wp-json\/wp\/v2\/comments?post=17153"}],"version-history":[{"count":1,"href":"https:\/\/chefpastry.ch\/de\/wp-json\/wp\/v2\/product\/17153\/revisions"}],"predecessor-version":[{"id":17159,"href":"https:\/\/chefpastry.ch\/de\/wp-json\/wp\/v2\/product\/17153\/revisions\/17159"}],"wp:featuredmedia":[{"embeddable":true,"href":"https:\/\/chefpastry.ch\/de\/wp-json\/wp\/v2\/media\/17157"}],"wp:attachment":[{"href":"https:\/\/chefpastry.ch\/de\/wp-json\/wp\/v2\/media?parent=17153"}],"wp:term":[{"taxonomy":"product_brand","embeddable":true,"href":"https:\/\/chefpastry.ch\/de\/wp-json\/wp\/v2\/product_brand?post=17153"},{"taxonomy":"product_cat","embeddable":true,"href":"https:\/\/chefpastry.ch\/de\/wp-json\/wp\/v2\/product_cat?post=17153"},{"taxonomy":"product_tag","embeddable":true,"href":"https:\/\/chefpastry.ch\/de\/wp-json\/wp\/v2\/product_tag?post=17153"}],"curies":[{"name":"wp","href":"https:\/\/api.w.org\/{rel}","templated":true}]}}