{"id":17128,"date":"2026-02-19T11:51:27","date_gmt":"2026-02-19T10:51:27","guid":{"rendered":"https:\/\/chefpastry.ch\/?post_type=product&#038;p=17128"},"modified":"2026-02-19T11:55:26","modified_gmt":"2026-02-19T10:55:26","slug":"moule-rabbit-70-silicone","status":"publish","type":"product","link":"https:\/\/chefpastry.ch\/de\/produkt\/moule-rabbit-70-silicone\/","title":{"rendered":"RABBIT 70"},"content":{"rendered":"<p data-start=\"106\" data-end=\"502\">Die Form <strong data-start=\"109\" data-end=\"122\">RABBIT 70<\/strong> est en silicone professionnel n\u00e9 de la collaboration avec le chef Juan Gutierrez. Il permet de r\u00e9aliser <strong data-start=\"236\" data-end=\"272\">8 porzion en forme de lapin<\/strong>, chacune d\u2019un <strong data-start=\"287\" data-end=\"306\">volume de 70 ml<\/strong>, id\u00e9ales pour sublimer vos cr\u00e9ations sucr\u00e9es. Parfait pour les vitrines de P\u00e2ques, les \u00e9v\u00e9nements printaniers ou les desserts th\u00e9matiques, ce moule offre un rendu pr\u00e9cis et une finition \u00e9l\u00e9gante.<\/p>\n<h3 data-start=\"504\" data-end=\"542\">Un design ludique et professionnel<\/h3>\n<p data-start=\"544\" data-end=\"798\">Gr\u00e2ce \u00e0 sa forme d\u00e9taill\u00e9e, le moule RABBIT 70 transforme vos <strong data-start=\"606\" data-end=\"661\">mousses, entremets, semi froid et cr\u00e9ations au four<\/strong> en v\u00e9ritables pi\u00e8ces d\u2019exception. Sa conception garantit un d\u00e9moulage facile et un r\u00e9sultat net, m\u00eame avec des pr\u00e9parations d\u00e9licates.<\/p>\n<p data-start=\"800\" data-end=\"1084\">Le moule est compl\u00e9t\u00e9 par un <strong data-start=\"829\" data-end=\"871\">tagliapasta (emporte-pi\u00e8ce) sur mesure<\/strong>, sp\u00e9cialement \u00e9tudi\u00e9 pour cr\u00e9er des bases parfaitement adapt\u00e9es \u00e0 la forme du lapin. Il permet \u00e9galement de r\u00e9aliser des inserts qui mettent en valeur la tridimensionnalit\u00e9 et intensifient l\u2019exp\u00e9rience gustative.<\/p>\n<h3 data-start=\"1084\" data-end=\"1115\">Caract\u00e9ristiques techniques<\/h3>\n<ul data-start=\"1117\" data-end=\"1449\">\n<li data-start=\"1117\" data-end=\"1170\">\n<p data-start=\"1119\" data-end=\"1170\"><strong data-start=\"1119\" data-end=\"1150\">Dimensions de chaque cavit\u00e9<\/strong> : 76 x 50 h 29 mm<\/p>\n<\/li>\n<li data-start=\"1171\" data-end=\"1207\">\n<p data-start=\"1173\" data-end=\"1207\"><strong data-start=\"1173\" data-end=\"1183\">Volume<\/strong> : 70 ml par empreinte<\/p>\n<\/li>\n<li data-start=\"1208\" data-end=\"1239\">\n<p data-start=\"1210\" data-end=\"1239\"><strong data-start=\"1210\" data-end=\"1233\">Nombre d\u2019empreintes<\/strong> : 8<\/p>\n<\/li>\n<li data-start=\"1240\" data-end=\"1302\">\n<p data-start=\"1242\" data-end=\"1302\"><strong data-start=\"1242\" data-end=\"1254\">Mat\u00e9riau<\/strong> : silicone platine de qualit\u00e9 professionnelle<\/p>\n<\/li>\n<li data-start=\"1303\" data-end=\"1330\">\n<p data-start=\"1305\" data-end=\"1330\"><strong data-start=\"1305\" data-end=\"1328\">Sans BPA (BPA free)<\/strong><\/p>\n<\/li>\n<li data-start=\"1331\" data-end=\"1383\">\n<p data-start=\"1333\" data-end=\"1383\"><strong data-start=\"1333\" data-end=\"1348\">Verwendung<\/strong> : compatible cong\u00e9lateur et four<\/p>\n<\/li>\n<li data-start=\"1384\" data-end=\"1449\">\n<p data-start=\"1386\" data-end=\"1449\"><strong data-start=\"1386\" data-end=\"1400\">Id\u00e9al pour<\/strong> : mousse, bavarois, gel\u00e9e, biscuit, semifreddo<\/p>\n<\/li>\n<\/ul>\n<h3 data-start=\"1451\" data-end=\"1492\">Pourquoi choisir le moule RABBIT 70 ?<\/h3>\n<ul data-start=\"1494\" data-end=\"1784\">\n<li data-start=\"1494\" data-end=\"1554\">\n<p data-start=\"1496\" data-end=\"1554\">\u2714\ufe0f Format mono portion, parfait pour la vente en boutique voir m\u00eame en assiettes<\/p>\n<\/li>\n<li data-start=\"1555\" data-end=\"1606\">\n<p data-start=\"1557\" data-end=\"1606\">\u2714\ufe0f Forme originale en lapin, id\u00e9ale pour P\u00e2ques ou autre&#8230;<\/p>\n<\/li>\n<li data-start=\"1607\" data-end=\"1654\">\n<p data-start=\"1609\" data-end=\"1654\">\u2714\ufe0f Silicone professionnel haute performance<\/p>\n<\/li>\n<li data-start=\"1655\" data-end=\"1712\">\n<p data-start=\"1657\" data-end=\"1712\">\u2714\ufe0f <strong data-start=\"1660\" data-end=\"1710\">Sans BPA pour une utilisation alimentaire s\u00fbre<\/strong><\/p>\n<\/li>\n<li data-start=\"1713\" data-end=\"1746\">\n<p data-start=\"1715\" data-end=\"1746\">\u2714\ufe0f D\u00e9moulage rapide et pr\u00e9cis<\/p>\n<\/li>\n<li data-start=\"1747\" data-end=\"1784\">\n<p data-start=\"1749\" data-end=\"1784\">\u2714\ufe0f Inclus : emporte-pi\u00e8ce assorti<\/p>\n<\/li>\n<\/ul>\n<p data-start=\"1786\" data-end=\"2055\">Diese <strong data-start=\"1789\" data-end=\"1831\">moule lapin 70 ml en silicone sans BPA<\/strong> s\u2019adresse aux p\u00e2tissiers professionnels, aux traiteurs ainsi qu\u2019aux passionn\u00e9s exigeants. Il permet d\u2019optimiser la production tout en garantissant une pr\u00e9sentation haut de gamme, conforme aux standards alimentaires actuels.<\/p>","protected":false},"excerpt":{"rendered":"<p>Die Form <strong data-start=\"45\" data-end=\"58\">RABBIT 70<\/strong> en silicone professionnel sans BPA permet de r\u00e9aliser 8 mono-portion en forme de lapin de 70 ml. Id\u00e9al pour mousses, entremets et cr\u00e9ations de P\u00e2ques, il inclut un emporte-pi\u00e8ce sur mesure pour des bases et inserts parfaitement adapt\u00e9s.<\/p>","protected":false},"featured_media":17130,"comment_status":"closed","ping_status":"closed","template":"","meta":{"_jet_sm_ready_style":"","_jet_sm_style":"","_jet_sm_controls_values":"","_jet_sm_fonts_collection":"","_jet_sm_fonts_links":"","_joinchat":[]},"product_brand":[],"product_cat":[23,182,180],"product_tag":[],"class_list":{"0":"post-17128","1":"product","2":"type-product","3":"status-publish","4":"has-post-thumbnail","6":"product_cat-multiformes","7":"product_cat-nouveautes","8":"product_cat-paques","10":"first","11":"instock","12":"taxable","13":"shipping-taxable","14":"purchasable","15":"product-type-simple"},"yoast_head":"<!-- This site is optimized with the Yoast SEO plugin v27.0 - https:\/\/yoast.com\/product\/yoast-seo-wordpress\/ -->\n<title>RABBIT 70 - Chef Pastry<\/title>\n<meta name=\"description\" content=\"Moule RABBIT 70 en silicone sans BPA : 8 mono-portion lapin de 70 ml, id\u00e9al pour mousses, entremets et cr\u00e9ations de P\u00e2ques. Inclus emporte-pi\u00e8ce.\" \/>\n<meta name=\"robots\" content=\"index, follow, max-snippet:-1, max-image-preview:large, max-video-preview:-1\" \/>\n<link rel=\"canonical\" href=\"https:\/\/chefpastry.ch\/de\/produkt\/moule-rabbit-70-silicone\/\" \/>\n<meta property=\"og:locale\" content=\"de_DE\" \/>\n<meta property=\"og:type\" content=\"article\" \/>\n<meta property=\"og:title\" content=\"RABBIT 70 - Chef Pastry\" \/>\n<meta property=\"og:description\" content=\"Moule RABBIT 70 en silicone sans BPA : 8 mono-portion lapin de 70 ml, id\u00e9al pour mousses, entremets et cr\u00e9ations de P\u00e2ques. Inclus emporte-pi\u00e8ce.\" \/>\n<meta property=\"og:url\" content=\"https:\/\/chefpastry.ch\/de\/produkt\/moule-rabbit-70-silicone\/\" \/>\n<meta property=\"og:site_name\" content=\"Chef Pastry\" \/>\n<meta property=\"article:modified_time\" content=\"2026-02-19T10:55:26+00:00\" \/>\n<meta property=\"og:image\" content=\"https:\/\/chefpastry.ch\/wp-content\/uploads\/2026\/02\/36.463.87.0065_RABBIT_70_FINITO.webp\" \/>\n\t<meta property=\"og:image:width\" content=\"2042\" \/>\n\t<meta property=\"og:image:height\" content=\"2042\" \/>\n\t<meta property=\"og:image:type\" content=\"image\/webp\" \/>\n<meta name=\"twitter:card\" content=\"summary_large_image\" \/>\n<meta name=\"twitter:label1\" content=\"Preis\" \/>\n\t<meta name=\"twitter:data1\" content=\"&#067;&#072;&#070;&nbsp;26.00 TTC\" \/>\n\t<meta name=\"twitter:label2\" content=\"Verf\u00fcgbarkeit\" \/>\n\t<meta name=\"twitter:data2\" content=\"Auf Lager\" \/>\n<script type=\"application\/ld+json\" class=\"yoast-schema-graph\">{\"@context\":\"https:\/\/schema.org\",\"@graph\":[{\"@type\":\"WebPage\",\"@id\":\"https:\/\/chefpastry.ch\/produit\/moule-rabbit-70-silicone\/\",\"url\":\"https:\/\/chefpastry.ch\/produit\/moule-rabbit-70-silicone\/\",\"name\":\"RABBIT 70 - Chef Pastry\",\"isPartOf\":{\"@id\":\"https:\/\/chefpastry.ch\/#website\"},\"primaryImageOfPage\":{\"@id\":\"https:\/\/chefpastry.ch\/produit\/moule-rabbit-70-silicone\/#primaryimage\"},\"image\":{\"@id\":\"https:\/\/chefpastry.ch\/produit\/moule-rabbit-70-silicone\/#primaryimage\"},\"thumbnailUrl\":\"https:\/\/chefpastry.ch\/wp-content\/uploads\/2026\/02\/36.463.87.0065_RABBIT_70_FINITO.webp\",\"datePublished\":\"2026-02-19T10:51:27+00:00\",\"dateModified\":\"2026-02-19T10:55:26+00:00\",\"description\":\"Moule RABBIT 70 en silicone sans BPA : 8 mono-portion lapin de 70 ml, id\u00e9al pour mousses, entremets et cr\u00e9ations de P\u00e2ques. Inclus emporte-pi\u00e8ce.\",\"breadcrumb\":{\"@id\":\"https:\/\/chefpastry.ch\/produit\/moule-rabbit-70-silicone\/#breadcrumb\"},\"inLanguage\":\"de\",\"potentialAction\":[{\"@type\":\"ReadAction\",\"target\":[\"https:\/\/chefpastry.ch\/produit\/moule-rabbit-70-silicone\/\"]}]},{\"@type\":\"ImageObject\",\"inLanguage\":\"de\",\"@id\":\"https:\/\/chefpastry.ch\/produit\/moule-rabbit-70-silicone\/#primaryimage\",\"url\":\"https:\/\/chefpastry.ch\/wp-content\/uploads\/2026\/02\/36.463.87.0065_RABBIT_70_FINITO.webp\",\"contentUrl\":\"https:\/\/chefpastry.ch\/wp-content\/uploads\/2026\/02\/36.463.87.0065_RABBIT_70_FINITO.webp\",\"width\":2042,\"height\":2042,\"caption\":\"moule RABBIT silicone\"},{\"@type\":\"BreadcrumbList\",\"@id\":\"https:\/\/chefpastry.ch\/produit\/moule-rabbit-70-silicone\/#breadcrumb\",\"itemListElement\":[{\"@type\":\"ListItem\",\"position\":1,\"name\":\"Home\",\"item\":\"https:\/\/chefpastry.ch\/\"},{\"@type\":\"ListItem\",\"position\":2,\"name\":\"E-shop\",\"item\":\"https:\/\/chefpastry.ch\/e-shop\/\"},{\"@type\":\"ListItem\",\"position\":3,\"name\":\"RABBIT 70\"}]},{\"@type\":\"WebSite\",\"@id\":\"https:\/\/chefpastry.ch\/#website\",\"url\":\"https:\/\/chefpastry.ch\/\",\"name\":\"Chef Pastry\",\"description\":\"\",\"publisher\":{\"@id\":\"https:\/\/chefpastry.ch\/#organization\"},\"potentialAction\":[{\"@type\":\"SearchAction\",\"target\":{\"@type\":\"EntryPoint\",\"urlTemplate\":\"https:\/\/chefpastry.ch\/?s={search_term_string}\"},\"query-input\":{\"@type\":\"PropertyValueSpecification\",\"valueRequired\":true,\"valueName\":\"search_term_string\"}}],\"inLanguage\":\"de\"},{\"@type\":\"Organization\",\"@id\":\"https:\/\/chefpastry.ch\/#organization\",\"name\":\"Chef Pastry\",\"url\":\"https:\/\/chefpastry.ch\/\",\"logo\":{\"@type\":\"ImageObject\",\"inLanguage\":\"de\",\"@id\":\"https:\/\/chefpastry.ch\/#\/schema\/logo\/image\/\",\"url\":\"https:\/\/chefpastry.ch\/wp-content\/uploads\/2022\/07\/cropped-chef_pastry_logo_rgb-03.png\",\"contentUrl\":\"https:\/\/chefpastry.ch\/wp-content\/uploads\/2022\/07\/cropped-chef_pastry_logo_rgb-03.png\",\"width\":1545,\"height\":412,\"caption\":\"Chef Pastry\"},\"image\":{\"@id\":\"https:\/\/chefpastry.ch\/#\/schema\/logo\/image\/\"}}]}<\/script>\n<meta property=\"product:price:amount\" content=\"26.00\" \/>\n<meta property=\"product:price:currency\" content=\"CHF\" \/>\n<meta property=\"og:availability\" content=\"instock\" \/>\n<meta property=\"product:availability\" content=\"instock\" \/>\n<meta property=\"product:retailer_item_id\" content=\"36.463.87.0065\" \/>\n<meta property=\"product:condition\" content=\"new\" \/>\n<!-- \/ Yoast SEO plugin. -->","yoast_head_json":{"title":"RABBIT 70 - Chef Pastry","description":"Moule RABBIT 70 en silicone sans BPA : 8 mono-portion lapin de 70 ml, id\u00e9al pour mousses, entremets et cr\u00e9ations de P\u00e2ques. Inclus emporte-pi\u00e8ce.","robots":{"index":"index","follow":"follow","max-snippet":"max-snippet:-1","max-image-preview":"max-image-preview:large","max-video-preview":"max-video-preview:-1"},"canonical":"https:\/\/chefpastry.ch\/de\/produkt\/moule-rabbit-70-silicone\/","og_locale":"de_DE","og_type":"article","og_title":"RABBIT 70 - Chef Pastry","og_description":"Moule RABBIT 70 en silicone sans BPA : 8 mono-portion lapin de 70 ml, id\u00e9al pour mousses, entremets et cr\u00e9ations de P\u00e2ques. Inclus emporte-pi\u00e8ce.","og_url":"https:\/\/chefpastry.ch\/de\/produkt\/moule-rabbit-70-silicone\/","og_site_name":"Chef Pastry","article_modified_time":"2026-02-19T10:55:26+00:00","og_image":[{"width":2042,"height":2042,"url":"https:\/\/chefpastry.ch\/wp-content\/uploads\/2026\/02\/36.463.87.0065_RABBIT_70_FINITO.webp","type":"image\/webp"}],"twitter_card":"summary_large_image","twitter_misc":{"Preis":"&#67;&#72;&#70;&nbsp;26.00 TTC","Verf\u00fcgbarkeit":"Auf Lager"},"schema":{"@context":"https:\/\/schema.org","@graph":[{"@type":"WebPage","@id":"https:\/\/chefpastry.ch\/produit\/moule-rabbit-70-silicone\/","url":"https:\/\/chefpastry.ch\/produit\/moule-rabbit-70-silicone\/","name":"RABBIT 70 - Chef Pastry","isPartOf":{"@id":"https:\/\/chefpastry.ch\/#website"},"primaryImageOfPage":{"@id":"https:\/\/chefpastry.ch\/produit\/moule-rabbit-70-silicone\/#primaryimage"},"image":{"@id":"https:\/\/chefpastry.ch\/produit\/moule-rabbit-70-silicone\/#primaryimage"},"thumbnailUrl":"https:\/\/chefpastry.ch\/wp-content\/uploads\/2026\/02\/36.463.87.0065_RABBIT_70_FINITO.webp","datePublished":"2026-02-19T10:51:27+00:00","dateModified":"2026-02-19T10:55:26+00:00","description":"Moule RABBIT 70 en silicone sans BPA : 8 mono-portion lapin de 70 ml, id\u00e9al pour mousses, entremets et cr\u00e9ations de P\u00e2ques. Inclus emporte-pi\u00e8ce.","breadcrumb":{"@id":"https:\/\/chefpastry.ch\/produit\/moule-rabbit-70-silicone\/#breadcrumb"},"inLanguage":"de","potentialAction":[{"@type":"ReadAction","target":["https:\/\/chefpastry.ch\/produit\/moule-rabbit-70-silicone\/"]}]},{"@type":"ImageObject","inLanguage":"de","@id":"https:\/\/chefpastry.ch\/produit\/moule-rabbit-70-silicone\/#primaryimage","url":"https:\/\/chefpastry.ch\/wp-content\/uploads\/2026\/02\/36.463.87.0065_RABBIT_70_FINITO.webp","contentUrl":"https:\/\/chefpastry.ch\/wp-content\/uploads\/2026\/02\/36.463.87.0065_RABBIT_70_FINITO.webp","width":2042,"height":2042,"caption":"moule RABBIT silicone"},{"@type":"BreadcrumbList","@id":"https:\/\/chefpastry.ch\/produit\/moule-rabbit-70-silicone\/#breadcrumb","itemListElement":[{"@type":"ListItem","position":1,"name":"Home","item":"https:\/\/chefpastry.ch\/"},{"@type":"ListItem","position":2,"name":"E-shop","item":"https:\/\/chefpastry.ch\/e-shop\/"},{"@type":"ListItem","position":3,"name":"RABBIT 70"}]},{"@type":"WebSite","@id":"https:\/\/chefpastry.ch\/#website","url":"https:\/\/chefpastry.ch\/","name":"Chef Pastry","description":"","publisher":{"@id":"https:\/\/chefpastry.ch\/#organization"},"potentialAction":[{"@type":"SearchAction","target":{"@type":"EntryPoint","urlTemplate":"https:\/\/chefpastry.ch\/?s={search_term_string}"},"query-input":{"@type":"PropertyValueSpecification","valueRequired":true,"valueName":"search_term_string"}}],"inLanguage":"de"},{"@type":"Organization","@id":"https:\/\/chefpastry.ch\/#organization","name":"Chef Pastry","url":"https:\/\/chefpastry.ch\/","logo":{"@type":"ImageObject","inLanguage":"de","@id":"https:\/\/chefpastry.ch\/#\/schema\/logo\/image\/","url":"https:\/\/chefpastry.ch\/wp-content\/uploads\/2022\/07\/cropped-chef_pastry_logo_rgb-03.png","contentUrl":"https:\/\/chefpastry.ch\/wp-content\/uploads\/2022\/07\/cropped-chef_pastry_logo_rgb-03.png","width":1545,"height":412,"caption":"Chef Pastry"},"image":{"@id":"https:\/\/chefpastry.ch\/#\/schema\/logo\/image\/"}}]},"product_price_amount":"26.00","product_price_currency":"CHF","og_availability":"instock","product_availability":"instock","product_retailer_item_id":"36.463.87.0065","product_condition":"new"},"_links":{"self":[{"href":"https:\/\/chefpastry.ch\/de\/wp-json\/wp\/v2\/product\/17128","targetHints":{"allow":["GET"]}}],"collection":[{"href":"https:\/\/chefpastry.ch\/de\/wp-json\/wp\/v2\/product"}],"about":[{"href":"https:\/\/chefpastry.ch\/de\/wp-json\/wp\/v2\/types\/product"}],"replies":[{"embeddable":true,"href":"https:\/\/chefpastry.ch\/de\/wp-json\/wp\/v2\/comments?post=17128"}],"version-history":[{"count":1,"href":"https:\/\/chefpastry.ch\/de\/wp-json\/wp\/v2\/product\/17128\/revisions"}],"predecessor-version":[{"id":17136,"href":"https:\/\/chefpastry.ch\/de\/wp-json\/wp\/v2\/product\/17128\/revisions\/17136"}],"wp:featuredmedia":[{"embeddable":true,"href":"https:\/\/chefpastry.ch\/de\/wp-json\/wp\/v2\/media\/17130"}],"wp:attachment":[{"href":"https:\/\/chefpastry.ch\/de\/wp-json\/wp\/v2\/media?parent=17128"}],"wp:term":[{"taxonomy":"product_brand","embeddable":true,"href":"https:\/\/chefpastry.ch\/de\/wp-json\/wp\/v2\/product_brand?post=17128"},{"taxonomy":"product_cat","embeddable":true,"href":"https:\/\/chefpastry.ch\/de\/wp-json\/wp\/v2\/product_cat?post=17128"},{"taxonomy":"product_tag","embeddable":true,"href":"https:\/\/chefpastry.ch\/de\/wp-json\/wp\/v2\/product_tag?post=17128"}],"curies":[{"name":"wp","href":"https:\/\/api.w.org\/{rel}","templated":true}]}}