{"id":17025,"date":"2025-12-15T11:39:10","date_gmt":"2025-12-15T10:39:10","guid":{"rendered":"https:\/\/chefpastry.ch\/?post_type=product&#038;p=17025"},"modified":"2025-12-15T11:44:22","modified_gmt":"2025-12-15T10:44:22","slug":"puree-fruit-mangue","status":"publish","type":"product","link":"https:\/\/chefpastry.ch\/de\/produkt\/puree-fruit-mangue\/","title":{"rendered":"PUR\u00c9E FRUIT MANGUE"},"content":{"rendered":"<h2 class=\"product-category-carousel__product-infos__text\"><em><strong>Les pur\u00e9e de fruits sont disponibles uniquement <a href=\"https:\/\/chefpastry.ch\/de\/contact\/\">en boutique \u00e0 Studen<\/a> (pas d&rsquo;envoi possible)<\/strong><\/em><\/h2>\n<h3 data-start=\"239\" data-end=\"326\">Pur\u00e9e de mangue Andros Chef \u2013 La quintessence de la mangue Alphonso (90 % de fruit)<\/h3>\n<p data-start=\"328\" data-end=\"712\">D\u00e9couvrez la <strong data-start=\"341\" data-end=\"372\">pur\u00e9e de mangue Andros Chef<\/strong>, \u00e9labor\u00e9e exclusivement \u00e0 partir de <strong data-start=\"409\" data-end=\"429\">mangues Alphonso<\/strong>, une vari\u00e9t\u00e9 reconnue pour son intensit\u00e9 aromatique et sa douceur naturelle. R\u00e9colt\u00e9es \u00e0 maturit\u00e9 optimale, ces mangues offrent une pur\u00e9e au <strong data-start=\"571\" data-end=\"588\">go\u00fbt puissant<\/strong>, \u00e0 la <strong data-start=\"595\" data-end=\"616\">couleur \u00e9clatante<\/strong> et \u00e0 la <strong data-start=\"625\" data-end=\"656\">texture \u00e9paisse et cr\u00e9meuse<\/strong>, id\u00e9ale pour les cr\u00e9ations culinaires professionnelles.<\/p>\n<hr data-start=\"714\" data-end=\"717\" \/>\n<h3 data-start=\"719\" data-end=\"766\">Une saveur intense et une texture onctueuse<\/h3>\n<p data-start=\"768\" data-end=\"863\">La pur\u00e9e de mangue Andros Chef a \u00e9t\u00e9 con\u00e7ue pour r\u00e9pondre aux exigences des chefs et artisans :<\/p>\n<ul data-start=\"865\" data-end=\"1063\">\n<li data-start=\"865\" data-end=\"938\">\n<p data-start=\"867\" data-end=\"938\"><strong data-start=\"867\" data-end=\"878\">Vari\u00e9t\u00e9<\/strong> : Mangue Alphonso, r\u00e9put\u00e9e pour sa qualit\u00e9 exceptionnelle<\/p>\n<\/li>\n<li data-start=\"939\" data-end=\"997\">\n<p data-start=\"941\" data-end=\"997\"><strong data-start=\"941\" data-end=\"951\">Saveur<\/strong> : Riche, intense et parfaitement \u00e9quilibr\u00e9e<\/p>\n<\/li>\n<li data-start=\"998\" data-end=\"1063\">\n<p data-start=\"1000\" data-end=\"1063\"><strong data-start=\"1000\" data-end=\"1011\">Texture<\/strong> : \u00c9paisse, lisse et cr\u00e9meuse, facile \u00e0 travailler<\/p>\n<\/li>\n<\/ul>\n<hr data-start=\"1065\" data-end=\"1068\" \/>\n<h3 data-start=\"1070\" data-end=\"1111\">Des utilisations culinaires multiples<\/h3>\n<p data-start=\"1113\" data-end=\"1213\">Polyvalente et gourmande, cette pur\u00e9e de mangue s\u2019int\u00e8gre parfaitement dans de nombreuses recettes :<\/p>\n<ul data-start=\"1215\" data-end=\"1548\">\n<li data-start=\"1215\" data-end=\"1296\">\n<p data-start=\"1217\" data-end=\"1296\"><strong data-start=\"1217\" data-end=\"1229\">Desserts<\/strong> : Mousses, entremets, cr\u00e8mes, glaces, sorbets, tartes et inserts<\/p>\n<\/li>\n<li data-start=\"1297\" data-end=\"1362\">\n<p data-start=\"1299\" data-end=\"1362\"><strong data-start=\"1299\" data-end=\"1311\">Boissons<\/strong> : Smoothies, cocktails, jus et boissons fruit\u00e9es<\/p>\n<\/li>\n<li data-start=\"1363\" data-end=\"1441\">\n<p data-start=\"1365\" data-end=\"1441\"><strong data-start=\"1365\" data-end=\"1380\">Plats sal\u00e9s<\/strong> : Sauces, marinades ou accompagnements aux notes exotiques<\/p>\n<\/li>\n<li data-start=\"1442\" data-end=\"1548\">\n<p data-start=\"1444\" data-end=\"1548\"><strong data-start=\"1444\" data-end=\"1466\">Accords de saveurs<\/strong> : Sublime le fruit de la passion, le gingembre, le caramel et le chocolat blanc<\/p>\n<\/li>\n<\/ul>\n<hr data-start=\"1550\" data-end=\"1553\" \/>\n<h3 data-start=\"1555\" data-end=\"1586\">Ingr\u00e9dients et conservation<\/h3>\n<p data-start=\"1588\" data-end=\"1739\">Compos\u00e9e <strong data-start=\"1597\" data-end=\"1628\">\u00e0 100 % de mangues Alphonso<\/strong>, cette pur\u00e9e est garantie <strong data-start=\"1655\" data-end=\"1701\">sans conservateurs ni additifs artificiels<\/strong>, pour un go\u00fbt authentique et naturel.<\/p>\n<ul data-start=\"1741\" data-end=\"1989\">\n<li data-start=\"1741\" data-end=\"1787\">\n<p data-start=\"1743\" data-end=\"1787\"><strong data-start=\"1743\" data-end=\"1762\">Conditionnement<\/strong> : Bac pratique de 1 kg<\/p>\n<\/li>\n<li data-start=\"1788\" data-end=\"1835\">\n<p data-start=\"1790\" data-end=\"1835\"><strong data-start=\"1790\" data-end=\"1806\">Aufbewahrung<\/strong> : \u00c0 conserver \u00e0 <strong data-start=\"1823\" data-end=\"1833\">-18 \u00b0C<\/strong><\/p>\n<\/li>\n<li data-start=\"1836\" data-end=\"1927\">\n<p data-start=\"1838\" data-end=\"1927\"><strong data-start=\"1838\" data-end=\"1861\">Apr\u00e8s d\u00e9cong\u00e9lation<\/strong> : Se conserve <strong data-start=\"1876\" data-end=\"1904\">5 jours au r\u00e9frig\u00e9rateur<\/strong> entre +2 \u00b0C et +4 \u00b0C<\/p>\n<\/li>\n<li data-start=\"1928\" data-end=\"1989\">\n<p data-start=\"1930\" data-end=\"1989\"><strong data-start=\"1930\" data-end=\"1943\">Important<\/strong> : Ne jamais recongeler un produit d\u00e9congel\u00e9<\/p>\n<\/li>\n<\/ul>\n<hr data-start=\"1991\" data-end=\"1994\" \/>\n<h3 data-start=\"1996\" data-end=\"2022\">Conseils d\u2019utilisation<\/h3>\n<p data-start=\"2024\" data-end=\"2257\">Pour une qualit\u00e9 optimale, laissez d\u00e9congeler la pur\u00e9e de mangue dans son emballage d\u2019origine ferm\u00e9, entre +2 \u00b0C et +4 \u00b0C. M\u00e9langez soigneusement apr\u00e8s d\u00e9cong\u00e9lation afin d\u2019obtenir une texture parfaitement homog\u00e8ne avant utilisation.<\/p>\n<hr data-start=\"2259\" data-end=\"2262\" \/>\n<h3 data-start=\"2264\" data-end=\"2299\">Garantie de qualit\u00e9 Andros Chef<\/h3>\n<p data-start=\"2301\" data-end=\"2500\">\u00c9labor\u00e9e selon des normes de qualit\u00e9 strictes, la pur\u00e9e de mangue Andros Chef garantit une <strong data-start=\"2392\" data-end=\"2415\">r\u00e9gularit\u00e9 parfaite<\/strong>, une <strong data-start=\"2421\" data-end=\"2439\">saveur intense<\/strong> und eine <strong data-start=\"2447\" data-end=\"2478\">performance professionnelle<\/strong> \u00e0 chaque utilisation.<\/p>\n<p data-start=\"2502\" data-end=\"2602\">\ud83d\udc49 <strong data-start=\"2505\" data-end=\"2602\">Apportez une touche exotique et raffin\u00e9e \u00e0 vos cr\u00e9ations avec la pur\u00e9e de mangue Andros Chef.<\/strong><\/p>\n<p>&nbsp;<\/p>\n<hr data-start=\"2181\" data-end=\"2184\" \/>\n<h4 data-start=\"2186\" data-end=\"2215\"><strong data-start=\"2189\" data-end=\"2215\">Conseils d\u2019utilisation<\/strong><\/h4>\n<p data-start=\"2217\" data-end=\"2465\">Pour une qualit\u00e9 optimale, laissez d\u00e9congeler la pur\u00e9e <strong data-start=\"2272\" data-end=\"2300\">dans son emballage ferm\u00e9<\/strong> au r\u00e9frig\u00e9rateur (+2 \u00b0C \/ +4 \u00b0C).<br data-start=\"2334\" data-end=\"2337\" \/>M\u00e9langez soigneusement apr\u00e8s d\u00e9cong\u00e9lation afin d\u2019obtenir une texture homog\u00e8ne, puis utilisez directement dans vos pr\u00e9parations.<\/p>\n<hr data-start=\"2467\" data-end=\"2470\" \/>\n<h4 data-start=\"2472\" data-end=\"2510\"><strong data-start=\"2475\" data-end=\"2510\">Garantie de qualit\u00e9 Andros Chef<\/strong><\/h4>\n<p data-start=\"2512\" data-end=\"2713\">Andros Chef s\u2019engage \u00e0 proposer des pur\u00e9es de fruits surgel\u00e9es r\u00e9pondant aux <strong data-start=\"2589\" data-end=\"2630\">normes de qualit\u00e9 les plus exigeantes<\/strong>, afin de garantir aux professionnels un produit fiable, r\u00e9gulier et riche en go\u00fbt.<\/p>\n<p data-start=\"2715\" data-end=\"2848\">\ud83d\udc49 <strong data-start=\"2718\" data-end=\"2848\">Choisissez la pur\u00e9e surgel\u00e9e d\u2019abricot Andros Chef pour sublimer vos recettes avec une note fruit\u00e9e, naturelle et authentique.<\/strong><\/p>","protected":false},"excerpt":{"rendered":"<div class=\"product-category-carousel__product-infos__text\">Pur\u00e9e surgel\u00e9e de mangue Andros Chef \u00e9labor\u00e9e \u00e0 partir de 100 % de mangue Bergeron. Saveur authentique et intense, sans sucre ajout\u00e9 ni additifs. Id\u00e9ale pour desserts, p\u00e2tisserie et boissons professionnelles.<\/div>\n<ul>\n<li>Emball\u00e9e en bac de 1 kg<\/li>\n<\/ul>\n<div class=\"product-category-carousel__product-infos__text\"><\/div>\n<div class=\"product-category-carousel__product-infos__text\"><\/div>","protected":false},"featured_media":17026,"comment_status":"open","ping_status":"closed","template":"","meta":{"_jet_sm_ready_style":"","_jet_sm_style":"","_jet_sm_controls_values":"","_jet_sm_fonts_collection":"","_jet_sm_fonts_links":"","_joinchat":[]},"product_brand":[],"product_cat":[102],"product_tag":[],"class_list":{"0":"post-17025","1":"product","2":"type-product","3":"status-publish","4":"has-post-thumbnail","6":"product_cat-puree-fruits-andros","8":"first","9":"instock","10":"taxable","11":"shipping-taxable","12":"purchasable","13":"product-type-simple"},"yoast_head":"<!-- This site is optimized with the Yoast SEO plugin v27.0 - https:\/\/yoast.com\/product\/yoast-seo-wordpress\/ -->\n<title>PUR\u00c9E FRUIT MANGUE - Chef Pastry<\/title>\n<meta name=\"description\" content=\"Pur\u00e9e mangue surgel\u00e9e Andros Chef 100 % Bergeron, sans additifs. Texture homog\u00e8ne, parfaite pour p\u00e2tisserie et restauration.\" \/>\n<meta name=\"robots\" content=\"index, follow, max-snippet:-1, max-image-preview:large, max-video-preview:-1\" \/>\n<link rel=\"canonical\" href=\"https:\/\/chefpastry.ch\/de\/produkt\/puree-fruit-mangue\/\" \/>\n<meta property=\"og:locale\" content=\"de_DE\" \/>\n<meta property=\"og:type\" content=\"article\" \/>\n<meta property=\"og:title\" content=\"PUR\u00c9E FRUIT MANGUE - Chef Pastry\" \/>\n<meta property=\"og:description\" content=\"Pur\u00e9e mangue surgel\u00e9e Andros Chef 100 % Bergeron, sans additifs. Texture homog\u00e8ne, parfaite pour p\u00e2tisserie et restauration.\" \/>\n<meta property=\"og:url\" content=\"https:\/\/chefpastry.ch\/de\/produkt\/puree-fruit-mangue\/\" \/>\n<meta property=\"og:site_name\" content=\"Chef Pastry\" \/>\n<meta property=\"article:modified_time\" content=\"2025-12-15T10:44:22+00:00\" \/>\n<meta property=\"og:image\" content=\"https:\/\/chefpastry.ch\/wp-content\/uploads\/2025\/12\/3608580816935-Mango-sweetened-puree-1kg-1536x1100-1.png\" \/>\n\t<meta property=\"og:image:width\" content=\"1536\" \/>\n\t<meta property=\"og:image:height\" content=\"1100\" \/>\n\t<meta property=\"og:image:type\" content=\"image\/png\" \/>\n<meta name=\"twitter:card\" content=\"summary_large_image\" \/>\n<meta name=\"twitter:label1\" content=\"Preis\" \/>\n\t<meta name=\"twitter:data1\" content=\"&#067;&#072;&#070;&nbsp;17.50 TTC\" \/>\n\t<meta name=\"twitter:label2\" content=\"Verf\u00fcgbarkeit\" \/>\n\t<meta name=\"twitter:data2\" content=\"Auf Lager\" \/>\n<script type=\"application\/ld+json\" class=\"yoast-schema-graph\">{\"@context\":\"https:\/\/schema.org\",\"@graph\":[{\"@type\":\"WebPage\",\"@id\":\"https:\/\/chefpastry.ch\/produit\/puree-fruit-mangue\/\",\"url\":\"https:\/\/chefpastry.ch\/produit\/puree-fruit-mangue\/\",\"name\":\"PUR\u00c9E FRUIT MANGUE - Chef Pastry\",\"isPartOf\":{\"@id\":\"https:\/\/chefpastry.ch\/#website\"},\"primaryImageOfPage\":{\"@id\":\"https:\/\/chefpastry.ch\/produit\/puree-fruit-mangue\/#primaryimage\"},\"image\":{\"@id\":\"https:\/\/chefpastry.ch\/produit\/puree-fruit-mangue\/#primaryimage\"},\"thumbnailUrl\":\"https:\/\/chefpastry.ch\/wp-content\/uploads\/2025\/12\/3608580816935-Mango-sweetened-puree-1kg-1536x1100-1.png\",\"datePublished\":\"2025-12-15T10:39:10+00:00\",\"dateModified\":\"2025-12-15T10:44:22+00:00\",\"description\":\"Pur\u00e9e mangue surgel\u00e9e Andros Chef 100 % Bergeron, sans additifs. Texture homog\u00e8ne, parfaite pour p\u00e2tisserie et restauration.\",\"breadcrumb\":{\"@id\":\"https:\/\/chefpastry.ch\/produit\/puree-fruit-mangue\/#breadcrumb\"},\"inLanguage\":\"de\",\"potentialAction\":[{\"@type\":\"ReadAction\",\"target\":[\"https:\/\/chefpastry.ch\/produit\/puree-fruit-mangue\/\"]}]},{\"@type\":\"ImageObject\",\"inLanguage\":\"de\",\"@id\":\"https:\/\/chefpastry.ch\/produit\/puree-fruit-mangue\/#primaryimage\",\"url\":\"https:\/\/chefpastry.ch\/wp-content\/uploads\/2025\/12\/3608580816935-Mango-sweetened-puree-1kg-1536x1100-1.png\",\"contentUrl\":\"https:\/\/chefpastry.ch\/wp-content\/uploads\/2025\/12\/3608580816935-Mango-sweetened-puree-1kg-1536x1100-1.png\",\"width\":1536,\"height\":1100,\"caption\":\"Mangue\"},{\"@type\":\"BreadcrumbList\",\"@id\":\"https:\/\/chefpastry.ch\/produit\/puree-fruit-mangue\/#breadcrumb\",\"itemListElement\":[{\"@type\":\"ListItem\",\"position\":1,\"name\":\"Home\",\"item\":\"https:\/\/chefpastry.ch\/\"},{\"@type\":\"ListItem\",\"position\":2,\"name\":\"E-shop\",\"item\":\"https:\/\/chefpastry.ch\/e-shop\/\"},{\"@type\":\"ListItem\",\"position\":3,\"name\":\"PUR\u00c9E FRUIT MANGUE\"}]},{\"@type\":\"WebSite\",\"@id\":\"https:\/\/chefpastry.ch\/#website\",\"url\":\"https:\/\/chefpastry.ch\/\",\"name\":\"Chef Pastry\",\"description\":\"\",\"publisher\":{\"@id\":\"https:\/\/chefpastry.ch\/#organization\"},\"potentialAction\":[{\"@type\":\"SearchAction\",\"target\":{\"@type\":\"EntryPoint\",\"urlTemplate\":\"https:\/\/chefpastry.ch\/?s={search_term_string}\"},\"query-input\":{\"@type\":\"PropertyValueSpecification\",\"valueRequired\":true,\"valueName\":\"search_term_string\"}}],\"inLanguage\":\"de\"},{\"@type\":\"Organization\",\"@id\":\"https:\/\/chefpastry.ch\/#organization\",\"name\":\"Chef Pastry\",\"url\":\"https:\/\/chefpastry.ch\/\",\"logo\":{\"@type\":\"ImageObject\",\"inLanguage\":\"de\",\"@id\":\"https:\/\/chefpastry.ch\/#\/schema\/logo\/image\/\",\"url\":\"https:\/\/chefpastry.ch\/wp-content\/uploads\/2022\/07\/cropped-chef_pastry_logo_rgb-03.png\",\"contentUrl\":\"https:\/\/chefpastry.ch\/wp-content\/uploads\/2022\/07\/cropped-chef_pastry_logo_rgb-03.png\",\"width\":1545,\"height\":412,\"caption\":\"Chef Pastry\"},\"image\":{\"@id\":\"https:\/\/chefpastry.ch\/#\/schema\/logo\/image\/\"}}]}<\/script>\n<meta property=\"product:price:amount\" content=\"17.50\" \/>\n<meta property=\"product:price:currency\" content=\"CHF\" \/>\n<meta property=\"og:availability\" content=\"instock\" \/>\n<meta property=\"product:availability\" content=\"instock\" \/>\n<meta property=\"product:retailer_item_id\" content=\"81693\" \/>\n<meta property=\"product:condition\" content=\"new\" \/>\n<!-- \/ Yoast SEO plugin. -->","yoast_head_json":{"title":"PUR\u00c9E FRUIT MANGUE - Chef Pastry","description":"Pur\u00e9e mangue surgel\u00e9e Andros Chef 100 % Bergeron, sans additifs. Texture homog\u00e8ne, parfaite pour p\u00e2tisserie et restauration.","robots":{"index":"index","follow":"follow","max-snippet":"max-snippet:-1","max-image-preview":"max-image-preview:large","max-video-preview":"max-video-preview:-1"},"canonical":"https:\/\/chefpastry.ch\/de\/produkt\/puree-fruit-mangue\/","og_locale":"de_DE","og_type":"article","og_title":"PUR\u00c9E FRUIT MANGUE - Chef Pastry","og_description":"Pur\u00e9e mangue surgel\u00e9e Andros Chef 100 % Bergeron, sans additifs. Texture homog\u00e8ne, parfaite pour p\u00e2tisserie et restauration.","og_url":"https:\/\/chefpastry.ch\/de\/produkt\/puree-fruit-mangue\/","og_site_name":"Chef Pastry","article_modified_time":"2025-12-15T10:44:22+00:00","og_image":[{"width":1536,"height":1100,"url":"https:\/\/chefpastry.ch\/wp-content\/uploads\/2025\/12\/3608580816935-Mango-sweetened-puree-1kg-1536x1100-1.png","type":"image\/png"}],"twitter_card":"summary_large_image","twitter_misc":{"Preis":"&#67;&#72;&#70;&nbsp;17.50 TTC","Verf\u00fcgbarkeit":"Auf Lager"},"schema":{"@context":"https:\/\/schema.org","@graph":[{"@type":"WebPage","@id":"https:\/\/chefpastry.ch\/produit\/puree-fruit-mangue\/","url":"https:\/\/chefpastry.ch\/produit\/puree-fruit-mangue\/","name":"PUR\u00c9E FRUIT MANGUE - Chef Pastry","isPartOf":{"@id":"https:\/\/chefpastry.ch\/#website"},"primaryImageOfPage":{"@id":"https:\/\/chefpastry.ch\/produit\/puree-fruit-mangue\/#primaryimage"},"image":{"@id":"https:\/\/chefpastry.ch\/produit\/puree-fruit-mangue\/#primaryimage"},"thumbnailUrl":"https:\/\/chefpastry.ch\/wp-content\/uploads\/2025\/12\/3608580816935-Mango-sweetened-puree-1kg-1536x1100-1.png","datePublished":"2025-12-15T10:39:10+00:00","dateModified":"2025-12-15T10:44:22+00:00","description":"Pur\u00e9e mangue surgel\u00e9e Andros Chef 100 % Bergeron, sans additifs. Texture homog\u00e8ne, parfaite pour p\u00e2tisserie et restauration.","breadcrumb":{"@id":"https:\/\/chefpastry.ch\/produit\/puree-fruit-mangue\/#breadcrumb"},"inLanguage":"de","potentialAction":[{"@type":"ReadAction","target":["https:\/\/chefpastry.ch\/produit\/puree-fruit-mangue\/"]}]},{"@type":"ImageObject","inLanguage":"de","@id":"https:\/\/chefpastry.ch\/produit\/puree-fruit-mangue\/#primaryimage","url":"https:\/\/chefpastry.ch\/wp-content\/uploads\/2025\/12\/3608580816935-Mango-sweetened-puree-1kg-1536x1100-1.png","contentUrl":"https:\/\/chefpastry.ch\/wp-content\/uploads\/2025\/12\/3608580816935-Mango-sweetened-puree-1kg-1536x1100-1.png","width":1536,"height":1100,"caption":"Mangue"},{"@type":"BreadcrumbList","@id":"https:\/\/chefpastry.ch\/produit\/puree-fruit-mangue\/#breadcrumb","itemListElement":[{"@type":"ListItem","position":1,"name":"Home","item":"https:\/\/chefpastry.ch\/"},{"@type":"ListItem","position":2,"name":"E-shop","item":"https:\/\/chefpastry.ch\/e-shop\/"},{"@type":"ListItem","position":3,"name":"PUR\u00c9E FRUIT MANGUE"}]},{"@type":"WebSite","@id":"https:\/\/chefpastry.ch\/#website","url":"https:\/\/chefpastry.ch\/","name":"Chef Pastry","description":"","publisher":{"@id":"https:\/\/chefpastry.ch\/#organization"},"potentialAction":[{"@type":"SearchAction","target":{"@type":"EntryPoint","urlTemplate":"https:\/\/chefpastry.ch\/?s={search_term_string}"},"query-input":{"@type":"PropertyValueSpecification","valueRequired":true,"valueName":"search_term_string"}}],"inLanguage":"de"},{"@type":"Organization","@id":"https:\/\/chefpastry.ch\/#organization","name":"Chef Pastry","url":"https:\/\/chefpastry.ch\/","logo":{"@type":"ImageObject","inLanguage":"de","@id":"https:\/\/chefpastry.ch\/#\/schema\/logo\/image\/","url":"https:\/\/chefpastry.ch\/wp-content\/uploads\/2022\/07\/cropped-chef_pastry_logo_rgb-03.png","contentUrl":"https:\/\/chefpastry.ch\/wp-content\/uploads\/2022\/07\/cropped-chef_pastry_logo_rgb-03.png","width":1545,"height":412,"caption":"Chef Pastry"},"image":{"@id":"https:\/\/chefpastry.ch\/#\/schema\/logo\/image\/"}}]},"product_price_amount":"17.50","product_price_currency":"CHF","og_availability":"instock","product_availability":"instock","product_retailer_item_id":"81693","product_condition":"new"},"_links":{"self":[{"href":"https:\/\/chefpastry.ch\/de\/wp-json\/wp\/v2\/product\/17025","targetHints":{"allow":["GET"]}}],"collection":[{"href":"https:\/\/chefpastry.ch\/de\/wp-json\/wp\/v2\/product"}],"about":[{"href":"https:\/\/chefpastry.ch\/de\/wp-json\/wp\/v2\/types\/product"}],"replies":[{"embeddable":true,"href":"https:\/\/chefpastry.ch\/de\/wp-json\/wp\/v2\/comments?post=17025"}],"version-history":[{"count":1,"href":"https:\/\/chefpastry.ch\/de\/wp-json\/wp\/v2\/product\/17025\/revisions"}],"predecessor-version":[{"id":17027,"href":"https:\/\/chefpastry.ch\/de\/wp-json\/wp\/v2\/product\/17025\/revisions\/17027"}],"wp:featuredmedia":[{"embeddable":true,"href":"https:\/\/chefpastry.ch\/de\/wp-json\/wp\/v2\/media\/17026"}],"wp:attachment":[{"href":"https:\/\/chefpastry.ch\/de\/wp-json\/wp\/v2\/media?parent=17025"}],"wp:term":[{"taxonomy":"product_brand","embeddable":true,"href":"https:\/\/chefpastry.ch\/de\/wp-json\/wp\/v2\/product_brand?post=17025"},{"taxonomy":"product_cat","embeddable":true,"href":"https:\/\/chefpastry.ch\/de\/wp-json\/wp\/v2\/product_cat?post=17025"},{"taxonomy":"product_tag","embeddable":true,"href":"https:\/\/chefpastry.ch\/de\/wp-json\/wp\/v2\/product_tag?post=17025"}],"curies":[{"name":"wp","href":"https:\/\/api.w.org\/{rel}","templated":true}]}}