{"id":17020,"date":"2025-12-15T11:15:13","date_gmt":"2025-12-15T10:15:13","guid":{"rendered":"https:\/\/chefpastry.ch\/?post_type=product&#038;p=17020"},"modified":"2025-12-15T11:38:22","modified_gmt":"2025-12-15T10:38:22","slug":"puree-fruit-abricot","status":"publish","type":"product","link":"https:\/\/chefpastry.ch\/de\/produkt\/puree-fruit-abricot\/","title":{"rendered":"PUR\u00c9E FRUIT ABRICOT"},"content":{"rendered":"<h2 class=\"product-category-carousel__product-infos__text\"><em><strong>Les pur\u00e9e de fruits sont disponibles uniquement <a href=\"https:\/\/chefpastry.ch\/de\/contact\/\">en boutique \u00e0 Studen<\/a> (pas d&rsquo;envoi possible)<\/strong><\/em><\/h2>\n<h3 data-start=\"201\" data-end=\"272\"><strong data-start=\"203\" data-end=\"272\">Pur\u00e9e surgel\u00e9e d\u2019abricot Andros Chef \u2013 L\u2019authenticit\u00e9 du Bergeron<\/strong><\/h3>\n<p data-start=\"273\" data-end=\"313\"><strong data-start=\"273\" data-end=\"313\">90 % de fruits \u2013 et 10% maximum de sucre<\/strong><\/p>\n<p data-start=\"315\" data-end=\"708\">D\u00e9couvrez la <strong data-start=\"328\" data-end=\"368\">pur\u00e9e surgel\u00e9e d\u2019abricot Andros Chef<\/strong>, \u00e9labor\u00e9e \u00e0 partir d\u2019abricots soigneusement s\u00e9lectionn\u00e9s et r\u00e9colt\u00e9s dans des <strong data-start=\"447\" data-end=\"500\">vergers sous contrat autour de l\u2019usine de Valence<\/strong>.<br data-start=\"501\" data-end=\"504\" \/>Compos\u00e9e exclusivement de la <strong data-start=\"533\" data-end=\"553\">vari\u00e9t\u00e9 Bergeron<\/strong>, reconnue pour son go\u00fbt intense et \u00e9quilibr\u00e9, cette pur\u00e9e offre une <strong data-start=\"622\" data-end=\"657\">saveur authentique et naturelle<\/strong>, id\u00e9ale pour les professionnels de la gastronomie.<\/p>\n<hr data-start=\"710\" data-end=\"713\" \/>\n<h4 data-start=\"715\" data-end=\"770\"><strong data-start=\"718\" data-end=\"770\">Une saveur pure et typique de l\u2019abricot Bergeron<\/strong><\/h4>\n<p data-start=\"772\" data-end=\"868\">La pur\u00e9e d\u2019abricot Andros Chef est con\u00e7ue pour restituer toute la richesse aromatique du fruit :<\/p>\n<ul data-start=\"870\" data-end=\"1132\">\n<li data-start=\"870\" data-end=\"967\">\n<p data-start=\"872\" data-end=\"967\"><strong data-start=\"872\" data-end=\"898\">Vari\u00e9t\u00e9 100 % Bergeron<\/strong> : r\u00e9put\u00e9e pour son ar\u00f4me puissant et sa belle intensit\u00e9 gustative.<\/p>\n<\/li>\n<li data-start=\"968\" data-end=\"1132\">\n<p data-start=\"970\" data-end=\"1132\"><strong data-start=\"970\" data-end=\"1008\">Transformation \u00e0 maturit\u00e9 optimale<\/strong> : les abricots sont travaill\u00e9s frais d\u00e8s leur r\u00e9ception afin de pr\u00e9server leur fra\u00eecheur et leurs qualit\u00e9s organoleptiques.<\/p>\n<\/li>\n<\/ul>\n<hr data-start=\"1134\" data-end=\"1137\" \/>\n<h4 data-start=\"1139\" data-end=\"1184\"><strong data-start=\"1142\" data-end=\"1184\">Caract\u00e9ristiques de la pur\u00e9e d\u2019abricot<\/strong><\/h4>\n<ul data-start=\"1186\" data-end=\"1386\">\n<li data-start=\"1186\" data-end=\"1263\">\n<p data-start=\"1188\" data-end=\"1263\"><strong data-start=\"1188\" data-end=\"1199\">Couleur<\/strong> : orange l\u00e9g\u00e8rement terne, typique de l\u2019abricot Bergeron m\u00fbr.<\/p>\n<\/li>\n<li data-start=\"1264\" data-end=\"1314\">\n<p data-start=\"1266\" data-end=\"1314\"><strong data-start=\"1266\" data-end=\"1277\">Texture<\/strong> : lisse et homog\u00e8ne apr\u00e8s m\u00e9lange.<\/p>\n<\/li>\n<li data-start=\"1315\" data-end=\"1386\">\n<p data-start=\"1317\" data-end=\"1386\"><strong data-start=\"1317\" data-end=\"1327\">Saveur<\/strong> : go\u00fbt naturel et franc de l\u2019abricot, sans sucres ajout\u00e9s.<\/p>\n<\/li>\n<\/ul>\n<hr data-start=\"1388\" data-end=\"1391\" \/>\n<h4 data-start=\"1393\" data-end=\"1423\"><strong data-start=\"1396\" data-end=\"1423\">Kulinarische Verwendungen<\/strong><\/h4>\n<p data-start=\"1425\" data-end=\"1542\">Polyvalente et facile \u00e0 travailler, cette pur\u00e9e d\u2019abricot surgel\u00e9e s\u2019int\u00e8gre parfaitement \u00e0 de nombreuses cr\u00e9ations :<\/p>\n<ul data-start=\"1544\" data-end=\"1772\">\n<li data-start=\"1544\" data-end=\"1617\">\n<p data-start=\"1546\" data-end=\"1617\"><strong data-start=\"1546\" data-end=\"1558\">Desserts<\/strong> : mousses, cr\u00e8mes, entremets, glaces, sorbets et tartes.<\/p>\n<\/li>\n<li data-start=\"1618\" data-end=\"1688\">\n<p data-start=\"1620\" data-end=\"1688\"><strong data-start=\"1620\" data-end=\"1632\">Boissons<\/strong> : smoothies, jus, cocktails et pr\u00e9parations fruit\u00e9es.<\/p>\n<\/li>\n<li data-start=\"1689\" data-end=\"1772\">\n<p data-start=\"1691\" data-end=\"1772\"><strong data-start=\"1691\" data-end=\"1705\">Konditorei<\/strong> : g\u00e2teaux, inserts, nappages, muffins et viennoiseries revisit\u00e9es.<\/p>\n<\/li>\n<\/ul>\n<hr data-start=\"1774\" data-end=\"1777\" \/>\n<h4 data-start=\"1779\" data-end=\"1813\"><strong data-start=\"1782\" data-end=\"1813\">Ingr\u00e9dients et conservation<\/strong><\/h4>\n<ul data-start=\"1815\" data-end=\"1930\">\n<li data-start=\"1815\" data-end=\"1861\">\n<p data-start=\"1817\" data-end=\"1861\"><strong data-start=\"1817\" data-end=\"1832\">Zutaten<\/strong> : 100 % abricots Bergeron.<\/p>\n<\/li>\n<li data-start=\"1862\" data-end=\"1930\">\n<p data-start=\"1864\" data-end=\"1930\"><strong data-start=\"1864\" data-end=\"1872\">Sans<\/strong> conservateurs, sans colorants, sans additifs artificiels.<\/p>\n<\/li>\n<\/ul>\n<p data-start=\"1932\" data-end=\"1965\"><strong data-start=\"1932\" data-end=\"1963\">Conditionnement et stockage<\/strong><\/p>\n<ul data-start=\"1966\" data-end=\"2179\">\n<li data-start=\"1966\" data-end=\"2013\">\n<p data-start=\"1968\" data-end=\"2013\"><strong data-start=\"1968\" data-end=\"1987\">Conditionnement<\/strong> : bac pratique de 1 kg.<\/p>\n<\/li>\n<li data-start=\"2014\" data-end=\"2046\">\n<p data-start=\"2016\" data-end=\"2046\"><strong data-start=\"2016\" data-end=\"2032\">Aufbewahrung<\/strong> : \u00e0 \u201318 \u00b0C.<\/p>\n<\/li>\n<li data-start=\"2047\" data-end=\"2133\">\n<p data-start=\"2049\" data-end=\"2133\"><strong data-start=\"2049\" data-end=\"2072\">Apr\u00e8s d\u00e9cong\u00e9lation<\/strong> : conserver 5 jours au r\u00e9frig\u00e9rateur entre +2 \u00b0C et +4 \u00b0C.<\/p>\n<\/li>\n<li data-start=\"2134\" data-end=\"2179\">\n<p data-start=\"2136\" data-end=\"2179\"><strong data-start=\"2136\" data-end=\"2157\">Ne pas recongeler<\/strong> un produit d\u00e9congel\u00e9.<\/p>\n<\/li>\n<\/ul>\n<hr data-start=\"2181\" data-end=\"2184\" \/>\n<h2 data-start=\"2186\" data-end=\"2215\"><strong data-start=\"2189\" data-end=\"2215\">Conseils d\u2019utilisation<\/strong><\/h2>\n<p data-start=\"2217\" data-end=\"2465\">Pour une qualit\u00e9 optimale, laissez d\u00e9congeler la pur\u00e9e <strong data-start=\"2272\" data-end=\"2300\">dans son emballage ferm\u00e9<\/strong> au r\u00e9frig\u00e9rateur (+2 \u00b0C \/ +4 \u00b0C).<br data-start=\"2334\" data-end=\"2337\" \/>M\u00e9langez soigneusement apr\u00e8s d\u00e9cong\u00e9lation afin d\u2019obtenir une texture homog\u00e8ne, puis utilisez directement dans vos pr\u00e9parations.<\/p>\n<hr data-start=\"2467\" data-end=\"2470\" \/>\n<h4 data-start=\"2472\" data-end=\"2510\"><strong data-start=\"2475\" data-end=\"2510\">Garantie de qualit\u00e9 Andros Chef<\/strong><\/h4>\n<p data-start=\"2512\" data-end=\"2713\">Andros Chef s\u2019engage \u00e0 proposer des pur\u00e9es de fruits surgel\u00e9es r\u00e9pondant aux <strong data-start=\"2589\" data-end=\"2630\">normes de qualit\u00e9 les plus exigeantes<\/strong>, afin de garantir aux professionnels un produit fiable, r\u00e9gulier et riche en go\u00fbt.<\/p>\n<p data-start=\"2715\" data-end=\"2848\">\ud83d\udc49 <strong data-start=\"2718\" data-end=\"2848\">Choisissez la pur\u00e9e surgel\u00e9e d\u2019abricot Andros Chef pour sublimer vos recettes avec une note fruit\u00e9e, naturelle et authentique.<\/strong><\/p>","protected":false},"excerpt":{"rendered":"<div class=\"product-category-carousel__product-infos__text\">Pur\u00e9e surgel\u00e9e d\u2019abricot Andros Chef \u00e9labor\u00e9e \u00e0 partir de 100 % d\u2019abricots Bergeron. Saveur authentique et intense, sans sucre ajout\u00e9 ni additifs. Id\u00e9ale pour desserts, p\u00e2tisserie et boissons professionnelles.<\/div>\n<ul>\n<li>Emball\u00e9e en bac de 1 kg<\/li>\n<\/ul>\n<p>&nbsp;<\/p>\n<div class=\"product-category-carousel__product-infos__text\"><\/div>\n<div class=\"product-category-carousel__product-infos__text\"><\/div>","protected":false},"featured_media":17021,"comment_status":"open","ping_status":"closed","template":"","meta":{"_jet_sm_ready_style":"","_jet_sm_style":"","_jet_sm_controls_values":"","_jet_sm_fonts_collection":"","_jet_sm_fonts_links":"","_joinchat":[]},"product_brand":[],"product_cat":[102],"product_tag":[],"class_list":{"0":"post-17020","1":"product","2":"type-product","3":"status-publish","4":"has-post-thumbnail","6":"product_cat-puree-fruits-andros","8":"first","9":"instock","10":"taxable","11":"shipping-taxable","12":"purchasable","13":"product-type-simple"},"yoast_head":"<!-- This site is optimized with the Yoast SEO plugin v27.0 - https:\/\/yoast.com\/product\/yoast-seo-wordpress\/ -->\n<title>PUR\u00c9E FRUIT ABRICOT - Chef Pastry<\/title>\n<meta name=\"description\" content=\"Pur\u00e9e d\u2019abricot surgel\u00e9e Andros Chef 100 % Bergeron, sans additifs. Texture homog\u00e8ne, parfaite pour p\u00e2tisserie et restauration.\" \/>\n<meta name=\"robots\" content=\"index, follow, max-snippet:-1, max-image-preview:large, max-video-preview:-1\" \/>\n<link rel=\"canonical\" href=\"https:\/\/chefpastry.ch\/de\/produkt\/puree-fruit-abricot\/\" \/>\n<meta property=\"og:locale\" content=\"de_DE\" \/>\n<meta property=\"og:type\" content=\"article\" \/>\n<meta property=\"og:title\" content=\"PUR\u00c9E FRUIT ABRICOT - Chef Pastry\" \/>\n<meta property=\"og:description\" content=\"Pur\u00e9e d\u2019abricot surgel\u00e9e Andros Chef 100 % Bergeron, sans additifs. Texture homog\u00e8ne, parfaite pour p\u00e2tisserie et restauration.\" \/>\n<meta property=\"og:url\" content=\"https:\/\/chefpastry.ch\/de\/produkt\/puree-fruit-abricot\/\" \/>\n<meta property=\"og:site_name\" content=\"Chef Pastry\" \/>\n<meta property=\"article:modified_time\" content=\"2025-12-15T10:38:22+00:00\" \/>\n<meta property=\"og:image\" content=\"https:\/\/chefpastry.ch\/wp-content\/uploads\/2025\/12\/3608580817000-Apricot-sweetened-puree-1kg-782x560-1.png\" \/>\n\t<meta property=\"og:image:width\" content=\"782\" \/>\n\t<meta property=\"og:image:height\" content=\"560\" \/>\n\t<meta property=\"og:image:type\" content=\"image\/png\" \/>\n<meta name=\"twitter:card\" content=\"summary_large_image\" \/>\n<meta name=\"twitter:label1\" content=\"Preis\" \/>\n\t<meta name=\"twitter:data1\" content=\"&#067;&#072;&#070;&nbsp;14.50 TTC\" \/>\n\t<meta name=\"twitter:label2\" content=\"Verf\u00fcgbarkeit\" \/>\n\t<meta name=\"twitter:data2\" content=\"Auf Lager\" \/>\n<script type=\"application\/ld+json\" class=\"yoast-schema-graph\">{\"@context\":\"https:\/\/schema.org\",\"@graph\":[{\"@type\":\"WebPage\",\"@id\":\"https:\/\/chefpastry.ch\/produit\/puree-fruit-abricot\/\",\"url\":\"https:\/\/chefpastry.ch\/produit\/puree-fruit-abricot\/\",\"name\":\"PUR\u00c9E FRUIT ABRICOT - Chef Pastry\",\"isPartOf\":{\"@id\":\"https:\/\/chefpastry.ch\/#website\"},\"primaryImageOfPage\":{\"@id\":\"https:\/\/chefpastry.ch\/produit\/puree-fruit-abricot\/#primaryimage\"},\"image\":{\"@id\":\"https:\/\/chefpastry.ch\/produit\/puree-fruit-abricot\/#primaryimage\"},\"thumbnailUrl\":\"https:\/\/chefpastry.ch\/wp-content\/uploads\/2025\/12\/3608580817000-Apricot-sweetened-puree-1kg-782x560-1.png\",\"datePublished\":\"2025-12-15T10:15:13+00:00\",\"dateModified\":\"2025-12-15T10:38:22+00:00\",\"description\":\"Pur\u00e9e d\u2019abricot surgel\u00e9e Andros Chef 100 % Bergeron, sans additifs. Texture homog\u00e8ne, parfaite pour p\u00e2tisserie et restauration.\",\"breadcrumb\":{\"@id\":\"https:\/\/chefpastry.ch\/produit\/puree-fruit-abricot\/#breadcrumb\"},\"inLanguage\":\"de\",\"potentialAction\":[{\"@type\":\"ReadAction\",\"target\":[\"https:\/\/chefpastry.ch\/produit\/puree-fruit-abricot\/\"]}]},{\"@type\":\"ImageObject\",\"inLanguage\":\"de\",\"@id\":\"https:\/\/chefpastry.ch\/produit\/puree-fruit-abricot\/#primaryimage\",\"url\":\"https:\/\/chefpastry.ch\/wp-content\/uploads\/2025\/12\/3608580817000-Apricot-sweetened-puree-1kg-782x560-1.png\",\"contentUrl\":\"https:\/\/chefpastry.ch\/wp-content\/uploads\/2025\/12\/3608580817000-Apricot-sweetened-puree-1kg-782x560-1.png\",\"width\":782,\"height\":560,\"caption\":\"Abricot\"},{\"@type\":\"BreadcrumbList\",\"@id\":\"https:\/\/chefpastry.ch\/produit\/puree-fruit-abricot\/#breadcrumb\",\"itemListElement\":[{\"@type\":\"ListItem\",\"position\":1,\"name\":\"Home\",\"item\":\"https:\/\/chefpastry.ch\/\"},{\"@type\":\"ListItem\",\"position\":2,\"name\":\"E-shop\",\"item\":\"https:\/\/chefpastry.ch\/e-shop\/\"},{\"@type\":\"ListItem\",\"position\":3,\"name\":\"PUR\u00c9E FRUIT ABRICOT\"}]},{\"@type\":\"WebSite\",\"@id\":\"https:\/\/chefpastry.ch\/#website\",\"url\":\"https:\/\/chefpastry.ch\/\",\"name\":\"Chef Pastry\",\"description\":\"\",\"publisher\":{\"@id\":\"https:\/\/chefpastry.ch\/#organization\"},\"potentialAction\":[{\"@type\":\"SearchAction\",\"target\":{\"@type\":\"EntryPoint\",\"urlTemplate\":\"https:\/\/chefpastry.ch\/?s={search_term_string}\"},\"query-input\":{\"@type\":\"PropertyValueSpecification\",\"valueRequired\":true,\"valueName\":\"search_term_string\"}}],\"inLanguage\":\"de\"},{\"@type\":\"Organization\",\"@id\":\"https:\/\/chefpastry.ch\/#organization\",\"name\":\"Chef Pastry\",\"url\":\"https:\/\/chefpastry.ch\/\",\"logo\":{\"@type\":\"ImageObject\",\"inLanguage\":\"de\",\"@id\":\"https:\/\/chefpastry.ch\/#\/schema\/logo\/image\/\",\"url\":\"https:\/\/chefpastry.ch\/wp-content\/uploads\/2022\/07\/cropped-chef_pastry_logo_rgb-03.png\",\"contentUrl\":\"https:\/\/chefpastry.ch\/wp-content\/uploads\/2022\/07\/cropped-chef_pastry_logo_rgb-03.png\",\"width\":1545,\"height\":412,\"caption\":\"Chef Pastry\"},\"image\":{\"@id\":\"https:\/\/chefpastry.ch\/#\/schema\/logo\/image\/\"}}]}<\/script>\n<meta property=\"product:price:amount\" content=\"14.50\" \/>\n<meta property=\"product:price:currency\" content=\"CHF\" \/>\n<meta property=\"og:availability\" content=\"instock\" \/>\n<meta property=\"product:availability\" content=\"instock\" \/>\n<meta property=\"product:retailer_item_id\" content=\"81700\" \/>\n<meta property=\"product:condition\" content=\"new\" \/>\n<!-- \/ Yoast SEO plugin. -->","yoast_head_json":{"title":"PUR\u00c9E FRUIT ABRICOT - Chef Pastry","description":"Pur\u00e9e d\u2019abricot surgel\u00e9e Andros Chef 100 % Bergeron, sans additifs. Texture homog\u00e8ne, parfaite pour p\u00e2tisserie et restauration.","robots":{"index":"index","follow":"follow","max-snippet":"max-snippet:-1","max-image-preview":"max-image-preview:large","max-video-preview":"max-video-preview:-1"},"canonical":"https:\/\/chefpastry.ch\/de\/produkt\/puree-fruit-abricot\/","og_locale":"de_DE","og_type":"article","og_title":"PUR\u00c9E FRUIT ABRICOT - Chef Pastry","og_description":"Pur\u00e9e d\u2019abricot surgel\u00e9e Andros Chef 100 % Bergeron, sans additifs. Texture homog\u00e8ne, parfaite pour p\u00e2tisserie et restauration.","og_url":"https:\/\/chefpastry.ch\/de\/produkt\/puree-fruit-abricot\/","og_site_name":"Chef Pastry","article_modified_time":"2025-12-15T10:38:22+00:00","og_image":[{"width":782,"height":560,"url":"https:\/\/chefpastry.ch\/wp-content\/uploads\/2025\/12\/3608580817000-Apricot-sweetened-puree-1kg-782x560-1.png","type":"image\/png"}],"twitter_card":"summary_large_image","twitter_misc":{"Preis":"&#67;&#72;&#70;&nbsp;14.50 TTC","Verf\u00fcgbarkeit":"Auf Lager"},"schema":{"@context":"https:\/\/schema.org","@graph":[{"@type":"WebPage","@id":"https:\/\/chefpastry.ch\/produit\/puree-fruit-abricot\/","url":"https:\/\/chefpastry.ch\/produit\/puree-fruit-abricot\/","name":"PUR\u00c9E FRUIT ABRICOT - Chef Pastry","isPartOf":{"@id":"https:\/\/chefpastry.ch\/#website"},"primaryImageOfPage":{"@id":"https:\/\/chefpastry.ch\/produit\/puree-fruit-abricot\/#primaryimage"},"image":{"@id":"https:\/\/chefpastry.ch\/produit\/puree-fruit-abricot\/#primaryimage"},"thumbnailUrl":"https:\/\/chefpastry.ch\/wp-content\/uploads\/2025\/12\/3608580817000-Apricot-sweetened-puree-1kg-782x560-1.png","datePublished":"2025-12-15T10:15:13+00:00","dateModified":"2025-12-15T10:38:22+00:00","description":"Pur\u00e9e d\u2019abricot surgel\u00e9e Andros Chef 100 % Bergeron, sans additifs. Texture homog\u00e8ne, parfaite pour p\u00e2tisserie et restauration.","breadcrumb":{"@id":"https:\/\/chefpastry.ch\/produit\/puree-fruit-abricot\/#breadcrumb"},"inLanguage":"de","potentialAction":[{"@type":"ReadAction","target":["https:\/\/chefpastry.ch\/produit\/puree-fruit-abricot\/"]}]},{"@type":"ImageObject","inLanguage":"de","@id":"https:\/\/chefpastry.ch\/produit\/puree-fruit-abricot\/#primaryimage","url":"https:\/\/chefpastry.ch\/wp-content\/uploads\/2025\/12\/3608580817000-Apricot-sweetened-puree-1kg-782x560-1.png","contentUrl":"https:\/\/chefpastry.ch\/wp-content\/uploads\/2025\/12\/3608580817000-Apricot-sweetened-puree-1kg-782x560-1.png","width":782,"height":560,"caption":"Abricot"},{"@type":"BreadcrumbList","@id":"https:\/\/chefpastry.ch\/produit\/puree-fruit-abricot\/#breadcrumb","itemListElement":[{"@type":"ListItem","position":1,"name":"Home","item":"https:\/\/chefpastry.ch\/"},{"@type":"ListItem","position":2,"name":"E-shop","item":"https:\/\/chefpastry.ch\/e-shop\/"},{"@type":"ListItem","position":3,"name":"PUR\u00c9E FRUIT ABRICOT"}]},{"@type":"WebSite","@id":"https:\/\/chefpastry.ch\/#website","url":"https:\/\/chefpastry.ch\/","name":"Chef Pastry","description":"","publisher":{"@id":"https:\/\/chefpastry.ch\/#organization"},"potentialAction":[{"@type":"SearchAction","target":{"@type":"EntryPoint","urlTemplate":"https:\/\/chefpastry.ch\/?s={search_term_string}"},"query-input":{"@type":"PropertyValueSpecification","valueRequired":true,"valueName":"search_term_string"}}],"inLanguage":"de"},{"@type":"Organization","@id":"https:\/\/chefpastry.ch\/#organization","name":"Chef Pastry","url":"https:\/\/chefpastry.ch\/","logo":{"@type":"ImageObject","inLanguage":"de","@id":"https:\/\/chefpastry.ch\/#\/schema\/logo\/image\/","url":"https:\/\/chefpastry.ch\/wp-content\/uploads\/2022\/07\/cropped-chef_pastry_logo_rgb-03.png","contentUrl":"https:\/\/chefpastry.ch\/wp-content\/uploads\/2022\/07\/cropped-chef_pastry_logo_rgb-03.png","width":1545,"height":412,"caption":"Chef Pastry"},"image":{"@id":"https:\/\/chefpastry.ch\/#\/schema\/logo\/image\/"}}]},"product_price_amount":"14.50","product_price_currency":"CHF","og_availability":"instock","product_availability":"instock","product_retailer_item_id":"81700","product_condition":"new"},"_links":{"self":[{"href":"https:\/\/chefpastry.ch\/de\/wp-json\/wp\/v2\/product\/17020","targetHints":{"allow":["GET"]}}],"collection":[{"href":"https:\/\/chefpastry.ch\/de\/wp-json\/wp\/v2\/product"}],"about":[{"href":"https:\/\/chefpastry.ch\/de\/wp-json\/wp\/v2\/types\/product"}],"replies":[{"embeddable":true,"href":"https:\/\/chefpastry.ch\/de\/wp-json\/wp\/v2\/comments?post=17020"}],"version-history":[{"count":2,"href":"https:\/\/chefpastry.ch\/de\/wp-json\/wp\/v2\/product\/17020\/revisions"}],"predecessor-version":[{"id":17024,"href":"https:\/\/chefpastry.ch\/de\/wp-json\/wp\/v2\/product\/17020\/revisions\/17024"}],"wp:featuredmedia":[{"embeddable":true,"href":"https:\/\/chefpastry.ch\/de\/wp-json\/wp\/v2\/media\/17021"}],"wp:attachment":[{"href":"https:\/\/chefpastry.ch\/de\/wp-json\/wp\/v2\/media?parent=17020"}],"wp:term":[{"taxonomy":"product_brand","embeddable":true,"href":"https:\/\/chefpastry.ch\/de\/wp-json\/wp\/v2\/product_brand?post=17020"},{"taxonomy":"product_cat","embeddable":true,"href":"https:\/\/chefpastry.ch\/de\/wp-json\/wp\/v2\/product_cat?post=17020"},{"taxonomy":"product_tag","embeddable":true,"href":"https:\/\/chefpastry.ch\/de\/wp-json\/wp\/v2\/product_tag?post=17020"}],"curies":[{"name":"wp","href":"https:\/\/api.w.org\/{rel}","templated":true}]}}