{"id":16921,"date":"2025-11-23T14:26:45","date_gmt":"2025-11-23T13:26:45","guid":{"rendered":"https:\/\/chefpastry.ch\/?post_type=product&#038;p=16921"},"modified":"2025-11-24T16:01:41","modified_gmt":"2025-11-24T15:01:41","slug":"velvet-spray-oil-based-white","status":"publish","type":"product","link":"https:\/\/chefpastry.ch\/de\/produkt\/velvet-spray-oil-based-white\/","title":{"rendered":"VELVET SPRAY OIL-BASED WHITE"},"content":{"rendered":"<h3 data-start=\"841\" data-end=\"901\">Velvet Spray Oil Based Blanc \u2013 Spray D\u00e9coratif \u00e0 Effet Velours<\/h3>\n<p data-start=\"903\" data-end=\"1138\">Apportez une belle <strong data-start=\"916\" data-end=\"942\">touche professionnelle<\/strong> \u00e0 vos desserts avec le <strong data-start=\"966\" data-end=\"992\">Velvet Spray Oil Based en Blanc<\/strong>. Ce spray \u00e0 base d\u2019huile offre un <strong data-start=\"1027\" data-end=\"1058\">effet velours haut de gamme<\/strong>, comparable aux sprays au beurre de cacao, mais avec plus de <strong data-start=\"1120\" data-end=\"1135\">polyvalence<\/strong>.<\/p>\n<p data-start=\"1140\" data-end=\"1354\">Il fonctionne parfaitement sur des <strong data-start=\"1171\" data-end=\"1196\">produits non congel\u00e9s<\/strong> : mousses, puddings, bavarois ou entremets. Il est \u00e9galement id\u00e9al pour les <strong data-start=\"1273\" data-end=\"1315\">desserts recouverts de cr\u00e8me au beurre<\/strong>, donnant un rendu lisse et uniforme.<\/p>\n<hr data-start=\"1356\" data-end=\"1359\" \/>\n<h3 data-start=\"1361\" data-end=\"1412\">Un effet velours parfait sur tous les desserts<\/h3>\n<p data-start=\"1414\" data-end=\"1452\">Le Velvet Spray Oil Based garantit :<\/p>\n<ul data-start=\"1453\" data-end=\"1666\">\n<li data-start=\"1453\" data-end=\"1492\">\n<p data-start=\"1455\" data-end=\"1492\">Eine <strong data-start=\"1459\" data-end=\"1490\">finitions lisse et uniforme<\/strong><\/p>\n<\/li>\n<li data-start=\"1493\" data-end=\"1537\">\n<p data-start=\"1495\" data-end=\"1537\">Eine <strong data-start=\"1498\" data-end=\"1535\">rendu esth\u00e9tique et professionnel<\/strong><\/p>\n<\/li>\n<li data-start=\"1538\" data-end=\"1595\">\n<p data-start=\"1540\" data-end=\"1595\">Une utilisation <strong data-start=\"1556\" data-end=\"1593\">directe sur produits non congel\u00e9s<\/strong><\/p>\n<\/li>\n<li data-start=\"1596\" data-end=\"1666\">\n<p data-start=\"1598\" data-end=\"1666\">La possibilit\u00e9 de d\u00e9corer <strong data-start=\"1624\" data-end=\"1664\">cr\u00e8me au beurre et mousses d\u00e9licates<\/strong><\/p>\n<\/li>\n<\/ul>\n<p data-start=\"1668\" data-end=\"1761\">Vos cr\u00e9ations p\u00e2tissi\u00e8res auront un <strong data-start=\"1704\" data-end=\"1722\">aspect luxueux<\/strong>, digne des plus grandes p\u00e2tisseries.<\/p>\n<hr data-start=\"1763\" data-end=\"1766\" \/>\n<h3 data-start=\"1768\" data-end=\"1804\">Facile \u00e0 utiliser et polyvalent<\/h3>\n<p data-start=\"1806\" data-end=\"1895\">Le spray est simple et rapide \u00e0 utiliser. Son format pratique de <strong data-start=\"1871\" data-end=\"1881\">250 ml<\/strong> permet de :<\/p>\n<ul data-start=\"1896\" data-end=\"2062\">\n<li data-start=\"1896\" data-end=\"1953\">\n<p data-start=\"1898\" data-end=\"1953\">D\u00e9corer <strong data-start=\"1906\" data-end=\"1929\">g\u00e2teaux individuels<\/strong> und <strong data-start=\"1933\" data-end=\"1951\">grandes pi\u00e8ces<\/strong><\/p>\n<\/li>\n<li data-start=\"1954\" data-end=\"2007\">\n<p data-start=\"1956\" data-end=\"2007\">Appliquer un <strong data-start=\"1969\" data-end=\"2005\">effet velours pr\u00e9cis et homog\u00e8ne<\/strong><\/p>\n<\/li>\n<li data-start=\"2008\" data-end=\"2062\">\n<p data-start=\"2010\" data-end=\"2062\">Gagner du temps dans vos pr\u00e9parations quotidiennes<\/p>\n<\/li>\n<\/ul>\n<p data-start=\"2064\" data-end=\"2142\">Il est adapt\u00e9 aux <strong data-start=\"2082\" data-end=\"2100\">Fachleute.<\/strong> comme aux <strong data-start=\"2111\" data-end=\"2139\">passionn\u00e9s de p\u00e2tisserie<\/strong>.<\/p>\n<hr data-start=\"2144\" data-end=\"2147\" \/>\n<h3 data-start=\"2149\" data-end=\"2181\">Caract\u00e9ristiques techniques<\/h3>\n<ul data-start=\"2183\" data-end=\"2449\">\n<li data-start=\"2183\" data-end=\"2206\">\n<p data-start=\"2185\" data-end=\"2206\"><strong data-start=\"2185\" data-end=\"2197\">Volumen :<\/strong> 250 ml<\/p>\n<\/li>\n<li data-start=\"2207\" data-end=\"2252\">\n<p data-start=\"2209\" data-end=\"2252\"><strong data-start=\"2209\" data-end=\"2219\">Type :<\/strong> Spray d\u00e9coratif \u00e0 base d\u2019huile<\/p>\n<\/li>\n<li data-start=\"2253\" data-end=\"2338\">\n<p data-start=\"2255\" data-end=\"2338\"><strong data-start=\"2255\" data-end=\"2272\">Application :<\/strong> Sur produits non congel\u00e9s, mousses, puddings et cr\u00e8me au beurre<\/p>\n<\/li>\n<li data-start=\"2339\" data-end=\"2399\">\n<p data-start=\"2341\" data-end=\"2399\"><strong data-start=\"2341\" data-end=\"2352\">Effet :<\/strong> Finition velours professionnelle et uniforme<\/p>\n<\/li>\n<li data-start=\"2400\" data-end=\"2449\">\n<p data-start=\"2402\" data-end=\"2449\"><strong data-start=\"2402\" data-end=\"2420\">Public cible :<\/strong> Professionnels et amateurs<\/p>\n<\/li>\n<\/ul>\n<hr data-start=\"2451\" data-end=\"2454\" \/>\n<h3 data-start=\"2456\" data-end=\"2505\">Pourquoi choisir le Velvet Spray Oil Based ?<\/h3>\n<ul data-start=\"2507\" data-end=\"2789\">\n<li data-start=\"2507\" data-end=\"2584\">\n<p data-start=\"2509\" data-end=\"2584\"><strong data-start=\"2509\" data-end=\"2534\">Effet velours luxueux<\/strong> comparable aux sprays \u00e0 base de beurre de cacao<\/p>\n<\/li>\n<li data-start=\"2585\" data-end=\"2666\">\n<p data-start=\"2587\" data-end=\"2666\"><strong data-start=\"2587\" data-end=\"2611\">Polyvalence maximale<\/strong> pour mousses, puddings, entremets et cr\u00e8me au beurre<\/p>\n<\/li>\n<li data-start=\"2667\" data-end=\"2730\">\n<p data-start=\"2669\" data-end=\"2730\"><strong data-start=\"2669\" data-end=\"2700\">D\u00e9coration rapide et simple<\/strong>, sans besoin de cong\u00e9lation<\/p>\n<\/li>\n<li data-start=\"2731\" data-end=\"2789\">\n<p data-start=\"2733\" data-end=\"2789\"><strong data-start=\"2733\" data-end=\"2765\">R\u00e9sultat uniforme et \u00e9l\u00e9gant<\/strong>, \u00e0 chaque utilisation<\/p>\n<\/li>\n<\/ul>\n<p data-start=\"2791\" data-end=\"2921\">Die <strong data-start=\"2794\" data-end=\"2820\">Velvet Spray Oil Based<\/strong> est l\u2019outil id\u00e9al pour sublimer vos desserts et cr\u00e9er des <strong data-start=\"2879\" data-end=\"2918\">pi\u00e8ces p\u00e2tissi\u00e8res dignes d\u2019un chef<\/strong>.<\/p>\n<hr data-start=\"2923\" data-end=\"2926\" \/>","protected":false},"excerpt":{"rendered":"<p>Appliquez facilement un <strong data-start=\"293\" data-end=\"324\">effet velours haut de gamme<\/strong> sur g\u00e2teaux, mousses et puddings avec ce spray pratique de 250\u202fml.<\/p>","protected":false},"featured_media":16922,"comment_status":"open","ping_status":"closed","template":"","meta":{"_jet_sm_ready_style":"","_jet_sm_style":"","_jet_sm_controls_values":"","_jet_sm_fonts_collection":"","_jet_sm_fonts_links":"","_joinchat":[]},"product_brand":[],"product_cat":[77,182],"product_tag":[],"class_list":{"0":"post-16921","1":"product","2":"type-product","3":"status-publish","4":"has-post-thumbnail","6":"product_cat-alimentaire","7":"product_cat-nouveautes","9":"first","10":"instock","11":"taxable","12":"shipping-taxable","13":"purchasable","14":"product-type-simple"},"yoast_head":"<!-- This site is optimized with the Yoast SEO plugin v27.0 - https:\/\/yoast.com\/product\/yoast-seo-wordpress\/ -->\n<title>VELVET SPRAY OIL-BASED WHITE - Chef Pastry<\/title>\n<meta name=\"description\" content=\"Velvet Spray Oil Based d\u00e9coratif, \u00e0 base d\u2019huile pour un effet velours professionnel sur mousses, puddings et g\u00e2teaux. Simple et polyvalent.\" \/>\n<meta name=\"robots\" content=\"index, follow, max-snippet:-1, max-image-preview:large, max-video-preview:-1\" \/>\n<link rel=\"canonical\" href=\"https:\/\/chefpastry.ch\/de\/produkt\/velvet-spray-oil-based-white\/\" \/>\n<meta property=\"og:locale\" content=\"de_DE\" \/>\n<meta property=\"og:type\" content=\"article\" \/>\n<meta property=\"og:title\" content=\"VELVET SPRAY OIL-BASED WHITE - Chef Pastry\" \/>\n<meta property=\"og:description\" content=\"Velvet Spray Oil Based d\u00e9coratif, \u00e0 base d\u2019huile pour un effet velours professionnel sur mousses, puddings et g\u00e2teaux. Simple et polyvalent.\" \/>\n<meta property=\"og:url\" content=\"https:\/\/chefpastry.ch\/de\/produkt\/velvet-spray-oil-based-white\/\" \/>\n<meta property=\"og:site_name\" content=\"Chef Pastry\" \/>\n<meta property=\"article:modified_time\" content=\"2025-11-24T15:01:41+00:00\" \/>\n<meta property=\"og:image\" content=\"https:\/\/chefpastry.ch\/wp-content\/uploads\/2025\/11\/VELVET-SPRAY-OIL-BASED-WHITE-250-ML-scaled.jpg\" \/>\n\t<meta property=\"og:image:width\" content=\"2560\" \/>\n\t<meta property=\"og:image:height\" content=\"2560\" \/>\n\t<meta property=\"og:image:type\" content=\"image\/jpeg\" \/>\n<meta name=\"twitter:card\" content=\"summary_large_image\" \/>\n<meta name=\"twitter:label1\" content=\"Preis\" \/>\n\t<meta name=\"twitter:data1\" content=\"&#067;&#072;&#070;&nbsp;19.00 TTC\" \/>\n\t<meta name=\"twitter:label2\" content=\"Verf\u00fcgbarkeit\" \/>\n\t<meta name=\"twitter:data2\" content=\"Auf Lager\" \/>\n<script type=\"application\/ld+json\" class=\"yoast-schema-graph\">{\"@context\":\"https:\/\/schema.org\",\"@graph\":[{\"@type\":\"WebPage\",\"@id\":\"https:\/\/chefpastry.ch\/produit\/velvet-spray-oil-based-white\/\",\"url\":\"https:\/\/chefpastry.ch\/produit\/velvet-spray-oil-based-white\/\",\"name\":\"VELVET SPRAY OIL-BASED WHITE - Chef Pastry\",\"isPartOf\":{\"@id\":\"https:\/\/chefpastry.ch\/#website\"},\"primaryImageOfPage\":{\"@id\":\"https:\/\/chefpastry.ch\/produit\/velvet-spray-oil-based-white\/#primaryimage\"},\"image\":{\"@id\":\"https:\/\/chefpastry.ch\/produit\/velvet-spray-oil-based-white\/#primaryimage\"},\"thumbnailUrl\":\"https:\/\/chefpastry.ch\/wp-content\/uploads\/2025\/11\/VELVET-SPRAY-OIL-BASED-WHITE-250-ML-scaled.jpg\",\"datePublished\":\"2025-11-23T13:26:45+00:00\",\"dateModified\":\"2025-11-24T15:01:41+00:00\",\"description\":\"Velvet Spray Oil Based d\u00e9coratif, \u00e0 base d\u2019huile pour un effet velours professionnel sur mousses, puddings et g\u00e2teaux. Simple et polyvalent.\",\"breadcrumb\":{\"@id\":\"https:\/\/chefpastry.ch\/produit\/velvet-spray-oil-based-white\/#breadcrumb\"},\"inLanguage\":\"de\",\"potentialAction\":[{\"@type\":\"ReadAction\",\"target\":[\"https:\/\/chefpastry.ch\/produit\/velvet-spray-oil-based-white\/\"]}]},{\"@type\":\"ImageObject\",\"inLanguage\":\"de\",\"@id\":\"https:\/\/chefpastry.ch\/produit\/velvet-spray-oil-based-white\/#primaryimage\",\"url\":\"https:\/\/chefpastry.ch\/wp-content\/uploads\/2025\/11\/VELVET-SPRAY-OIL-BASED-WHITE-250-ML-scaled.jpg\",\"contentUrl\":\"https:\/\/chefpastry.ch\/wp-content\/uploads\/2025\/11\/VELVET-SPRAY-OIL-BASED-WHITE-250-ML-scaled.jpg\",\"width\":2560,\"height\":2560,\"caption\":\"Velvet Spray Oil Based White\"},{\"@type\":\"BreadcrumbList\",\"@id\":\"https:\/\/chefpastry.ch\/produit\/velvet-spray-oil-based-white\/#breadcrumb\",\"itemListElement\":[{\"@type\":\"ListItem\",\"position\":1,\"name\":\"Home\",\"item\":\"https:\/\/chefpastry.ch\/\"},{\"@type\":\"ListItem\",\"position\":2,\"name\":\"E-shop\",\"item\":\"https:\/\/chefpastry.ch\/e-shop\/\"},{\"@type\":\"ListItem\",\"position\":3,\"name\":\"VELVET SPRAY OIL-BASED WHITE\"}]},{\"@type\":\"WebSite\",\"@id\":\"https:\/\/chefpastry.ch\/#website\",\"url\":\"https:\/\/chefpastry.ch\/\",\"name\":\"Chef Pastry\",\"description\":\"\",\"publisher\":{\"@id\":\"https:\/\/chefpastry.ch\/#organization\"},\"potentialAction\":[{\"@type\":\"SearchAction\",\"target\":{\"@type\":\"EntryPoint\",\"urlTemplate\":\"https:\/\/chefpastry.ch\/?s={search_term_string}\"},\"query-input\":{\"@type\":\"PropertyValueSpecification\",\"valueRequired\":true,\"valueName\":\"search_term_string\"}}],\"inLanguage\":\"de\"},{\"@type\":\"Organization\",\"@id\":\"https:\/\/chefpastry.ch\/#organization\",\"name\":\"Chef Pastry\",\"url\":\"https:\/\/chefpastry.ch\/\",\"logo\":{\"@type\":\"ImageObject\",\"inLanguage\":\"de\",\"@id\":\"https:\/\/chefpastry.ch\/#\/schema\/logo\/image\/\",\"url\":\"https:\/\/chefpastry.ch\/wp-content\/uploads\/2022\/07\/cropped-chef_pastry_logo_rgb-03.png\",\"contentUrl\":\"https:\/\/chefpastry.ch\/wp-content\/uploads\/2022\/07\/cropped-chef_pastry_logo_rgb-03.png\",\"width\":1545,\"height\":412,\"caption\":\"Chef Pastry\"},\"image\":{\"@id\":\"https:\/\/chefpastry.ch\/#\/schema\/logo\/image\/\"}}]}<\/script>\n<meta property=\"product:price:amount\" content=\"19.00\" \/>\n<meta property=\"product:price:currency\" content=\"CHF\" \/>\n<meta property=\"og:availability\" content=\"instock\" \/>\n<meta property=\"product:availability\" content=\"instock\" \/>\n<meta property=\"product:retailer_item_id\" content=\"99.545.02.0001\" \/>\n<meta property=\"product:condition\" content=\"new\" \/>\n<!-- \/ Yoast SEO plugin. -->","yoast_head_json":{"title":"VELVET SPRAY OIL-BASED WHITE - Chef Pastry","description":"Velvet Spray Oil Based d\u00e9coratif, \u00e0 base d\u2019huile pour un effet velours professionnel sur mousses, puddings et g\u00e2teaux. Simple et polyvalent.","robots":{"index":"index","follow":"follow","max-snippet":"max-snippet:-1","max-image-preview":"max-image-preview:large","max-video-preview":"max-video-preview:-1"},"canonical":"https:\/\/chefpastry.ch\/de\/produkt\/velvet-spray-oil-based-white\/","og_locale":"de_DE","og_type":"article","og_title":"VELVET SPRAY OIL-BASED WHITE - Chef Pastry","og_description":"Velvet Spray Oil Based d\u00e9coratif, \u00e0 base d\u2019huile pour un effet velours professionnel sur mousses, puddings et g\u00e2teaux. Simple et polyvalent.","og_url":"https:\/\/chefpastry.ch\/de\/produkt\/velvet-spray-oil-based-white\/","og_site_name":"Chef Pastry","article_modified_time":"2025-11-24T15:01:41+00:00","og_image":[{"width":2560,"height":2560,"url":"https:\/\/chefpastry.ch\/wp-content\/uploads\/2025\/11\/VELVET-SPRAY-OIL-BASED-WHITE-250-ML-scaled.jpg","type":"image\/jpeg"}],"twitter_card":"summary_large_image","twitter_misc":{"Preis":"&#67;&#72;&#70;&nbsp;19.00 TTC","Verf\u00fcgbarkeit":"Auf Lager"},"schema":{"@context":"https:\/\/schema.org","@graph":[{"@type":"WebPage","@id":"https:\/\/chefpastry.ch\/produit\/velvet-spray-oil-based-white\/","url":"https:\/\/chefpastry.ch\/produit\/velvet-spray-oil-based-white\/","name":"VELVET SPRAY OIL-BASED WHITE - Chef Pastry","isPartOf":{"@id":"https:\/\/chefpastry.ch\/#website"},"primaryImageOfPage":{"@id":"https:\/\/chefpastry.ch\/produit\/velvet-spray-oil-based-white\/#primaryimage"},"image":{"@id":"https:\/\/chefpastry.ch\/produit\/velvet-spray-oil-based-white\/#primaryimage"},"thumbnailUrl":"https:\/\/chefpastry.ch\/wp-content\/uploads\/2025\/11\/VELVET-SPRAY-OIL-BASED-WHITE-250-ML-scaled.jpg","datePublished":"2025-11-23T13:26:45+00:00","dateModified":"2025-11-24T15:01:41+00:00","description":"Velvet Spray Oil Based d\u00e9coratif, \u00e0 base d\u2019huile pour un effet velours professionnel sur mousses, puddings et g\u00e2teaux. Simple et polyvalent.","breadcrumb":{"@id":"https:\/\/chefpastry.ch\/produit\/velvet-spray-oil-based-white\/#breadcrumb"},"inLanguage":"de","potentialAction":[{"@type":"ReadAction","target":["https:\/\/chefpastry.ch\/produit\/velvet-spray-oil-based-white\/"]}]},{"@type":"ImageObject","inLanguage":"de","@id":"https:\/\/chefpastry.ch\/produit\/velvet-spray-oil-based-white\/#primaryimage","url":"https:\/\/chefpastry.ch\/wp-content\/uploads\/2025\/11\/VELVET-SPRAY-OIL-BASED-WHITE-250-ML-scaled.jpg","contentUrl":"https:\/\/chefpastry.ch\/wp-content\/uploads\/2025\/11\/VELVET-SPRAY-OIL-BASED-WHITE-250-ML-scaled.jpg","width":2560,"height":2560,"caption":"Velvet Spray Oil Based White"},{"@type":"BreadcrumbList","@id":"https:\/\/chefpastry.ch\/produit\/velvet-spray-oil-based-white\/#breadcrumb","itemListElement":[{"@type":"ListItem","position":1,"name":"Home","item":"https:\/\/chefpastry.ch\/"},{"@type":"ListItem","position":2,"name":"E-shop","item":"https:\/\/chefpastry.ch\/e-shop\/"},{"@type":"ListItem","position":3,"name":"VELVET SPRAY OIL-BASED WHITE"}]},{"@type":"WebSite","@id":"https:\/\/chefpastry.ch\/#website","url":"https:\/\/chefpastry.ch\/","name":"Chef Pastry","description":"","publisher":{"@id":"https:\/\/chefpastry.ch\/#organization"},"potentialAction":[{"@type":"SearchAction","target":{"@type":"EntryPoint","urlTemplate":"https:\/\/chefpastry.ch\/?s={search_term_string}"},"query-input":{"@type":"PropertyValueSpecification","valueRequired":true,"valueName":"search_term_string"}}],"inLanguage":"de"},{"@type":"Organization","@id":"https:\/\/chefpastry.ch\/#organization","name":"Chef Pastry","url":"https:\/\/chefpastry.ch\/","logo":{"@type":"ImageObject","inLanguage":"de","@id":"https:\/\/chefpastry.ch\/#\/schema\/logo\/image\/","url":"https:\/\/chefpastry.ch\/wp-content\/uploads\/2022\/07\/cropped-chef_pastry_logo_rgb-03.png","contentUrl":"https:\/\/chefpastry.ch\/wp-content\/uploads\/2022\/07\/cropped-chef_pastry_logo_rgb-03.png","width":1545,"height":412,"caption":"Chef Pastry"},"image":{"@id":"https:\/\/chefpastry.ch\/#\/schema\/logo\/image\/"}}]},"product_price_amount":"19.00","product_price_currency":"CHF","og_availability":"instock","product_availability":"instock","product_retailer_item_id":"99.545.02.0001","product_condition":"new"},"_links":{"self":[{"href":"https:\/\/chefpastry.ch\/de\/wp-json\/wp\/v2\/product\/16921","targetHints":{"allow":["GET"]}}],"collection":[{"href":"https:\/\/chefpastry.ch\/de\/wp-json\/wp\/v2\/product"}],"about":[{"href":"https:\/\/chefpastry.ch\/de\/wp-json\/wp\/v2\/types\/product"}],"replies":[{"embeddable":true,"href":"https:\/\/chefpastry.ch\/de\/wp-json\/wp\/v2\/comments?post=16921"}],"version-history":[{"count":1,"href":"https:\/\/chefpastry.ch\/de\/wp-json\/wp\/v2\/product\/16921\/revisions"}],"predecessor-version":[{"id":16923,"href":"https:\/\/chefpastry.ch\/de\/wp-json\/wp\/v2\/product\/16921\/revisions\/16923"}],"wp:featuredmedia":[{"embeddable":true,"href":"https:\/\/chefpastry.ch\/de\/wp-json\/wp\/v2\/media\/16922"}],"wp:attachment":[{"href":"https:\/\/chefpastry.ch\/de\/wp-json\/wp\/v2\/media?parent=16921"}],"wp:term":[{"taxonomy":"product_brand","embeddable":true,"href":"https:\/\/chefpastry.ch\/de\/wp-json\/wp\/v2\/product_brand?post=16921"},{"taxonomy":"product_cat","embeddable":true,"href":"https:\/\/chefpastry.ch\/de\/wp-json\/wp\/v2\/product_cat?post=16921"},{"taxonomy":"product_tag","embeddable":true,"href":"https:\/\/chefpastry.ch\/de\/wp-json\/wp\/v2\/product_tag?post=16921"}],"curies":[{"name":"wp","href":"https:\/\/api.w.org\/{rel}","templated":true}]}}