{"id":16505,"date":"2025-05-21T16:45:12","date_gmt":"2025-05-21T14:45:12","guid":{"rendered":"https:\/\/chefpastry.ch\/?post_type=product&#038;p=16505"},"modified":"2025-05-21T16:45:13","modified_gmt":"2025-05-21T14:45:13","slug":"moule-silicone-pleincoeur-round-710","status":"publish","type":"product","link":"https:\/\/chefpastry.ch\/de\/produkt\/moule-silicone-pleincoeur-round-710\/","title":{"rendered":"MOULE PLEINC\u0152UR ROUND 710"},"content":{"rendered":"<h3 data-start=\"204\" data-end=\"255\">Collection H\u00e9ritage \u2013 Moule Pleincoeur Rond 710<\/h3>\n<p data-start=\"257\" data-end=\"574\"><strong data-start=\"257\" data-end=\"333\">Redonnez vie \u00e0 la tradition p\u00e2tissi\u00e8re avec le moule Pleincoeur Rond 710<\/strong>, issu de la <strong data-start=\"346\" data-end=\"369\">collection H\u00e9ritage<\/strong> imagin\u00e9e par Pleincoeur. Cette collection rend hommage au <strong data-start=\"428\" data-end=\"456\">savoir-faire authentique<\/strong> transmis de g\u00e9n\u00e9ration en g\u00e9n\u00e9ration, notamment par nos grands-m\u00e8res, v\u00e9ritables gardiennes des recettes familiales.<\/p>\n<p data-start=\"576\" data-end=\"949\">Inspir\u00e9 des <strong data-start=\"588\" data-end=\"606\">moules anciens<\/strong>, le Pleincoeur Rond 710 c\u00e9l\u00e8bre cet h\u00e9ritage en alliant tradition et modernit\u00e9. Il permet de <strong data-start=\"700\" data-end=\"732\">cr\u00e9er des entremets raffin\u00e9s<\/strong> d\u2019un volume de 710 ml, aux dimensions id\u00e9ales : <strong data-start=\"781\" data-end=\"818\">\u2300140 mm pour une hauteur de 59 mm<\/strong>. Gr\u00e2ce \u00e0 sa forme parfaitement arrondie, vos desserts prennent vie avec une \u00e9l\u00e9gance sobre, dans un esprit gourmand et \u00e9motionnel.<\/p>\n<p data-start=\"951\" data-end=\"1282\">Con\u00e7u en <strong data-start=\"960\" data-end=\"987\">100 % silicone platinum<\/strong>, ce moule est <strong data-start=\"1002\" data-end=\"1039\">fabriqu\u00e9 en Italie par Silikomart<\/strong>, gage de qualit\u00e9 et de s\u00e9curit\u00e9 alimentaire. <strong data-start=\"1085\" data-end=\"1097\">Sans BPA<\/strong>, il supporte des temp\u00e9ratures extr\u00eames de <strong data-start=\"1140\" data-end=\"1158\">-60\u00b0C \u00e0 +230\u00b0C<\/strong>, ce qui le rend parfaitement adapt\u00e9 pour une utilisation au <strong data-start=\"1219\" data-end=\"1280\">four, au cong\u00e9lateur, au micro-ondes et au lave-vaisselle<\/strong>.<\/p>\n<p data-start=\"1284\" data-end=\"1601\">Le Pleincoeur Rond 710 est <strong data-start=\"1311\" data-end=\"1417\">l\u2019outil indispensable pour les chefs p\u00e2tissiers professionnels comme pour les passionn\u00e9s de p\u00e2tisserie<\/strong> \u00e0 domicile. Sa souplesse permet un <strong data-start=\"1453\" data-end=\"1483\">d\u00e9moulage facile et pr\u00e9cis<\/strong>, pr\u00e9servant l\u2019esth\u00e9tique de vos cr\u00e9ations, qu\u2019il s\u2019agisse d\u2019un entremets fruit\u00e9, d\u2019un bavarois ou d\u2019un dessert glac\u00e9.<\/p>\n<h3 data-start=\"1603\" data-end=\"1621\">Points forts :<\/h3>\n<ul data-start=\"1622\" data-end=\"1888\">\n<li data-start=\"1622\" data-end=\"1658\">\n<p data-start=\"1624\" data-end=\"1658\"><strong data-start=\"1624\" data-end=\"1638\">Abmessungen<\/strong> : \u2300140 mm x 59 mm<\/p>\n<\/li>\n<li data-start=\"1659\" data-end=\"1682\">\n<p data-start=\"1661\" data-end=\"1682\"><strong data-start=\"1661\" data-end=\"1671\">Volume<\/strong> : 710 ml<\/p>\n<\/li>\n<li data-start=\"1683\" data-end=\"1725\">\n<p data-start=\"1685\" data-end=\"1725\"><strong data-start=\"1685\" data-end=\"1723\">Silicone platinum de haute qualit\u00e9<\/strong><\/p>\n<\/li>\n<li data-start=\"1726\" data-end=\"1791\">\n<p data-start=\"1728\" data-end=\"1791\"><strong data-start=\"1728\" data-end=\"1789\">Compatible four, cong\u00e9lateur, micro-ondes, lave-vaisselle<\/strong><\/p>\n<\/li>\n<li data-start=\"1792\" data-end=\"1840\">\n<p data-start=\"1794\" data-end=\"1840\"><strong data-start=\"1794\" data-end=\"1838\">Sans BPA \u2013 S\u00e9curit\u00e9 alimentaire garantie<\/strong><\/p>\n<\/li>\n<li data-start=\"1841\" data-end=\"1888\">\n<p data-start=\"1843\" data-end=\"1888\"><strong data-start=\"1843\" data-end=\"1888\">Fabrication italienne \u2013 Marque Silikomart<\/strong><\/p>\n<\/li>\n<\/ul>\n<h3 data-start=\"1890\" data-end=\"1922\">Une collection, une histoire<\/h3>\n<p data-start=\"1924\" data-end=\"2287\">Chaque moule de la <strong data-start=\"1943\" data-end=\"1966\">collection H\u00e9ritage<\/strong> raconte une <strong data-start=\"1979\" data-end=\"2001\">histoire familiale<\/strong>, une <strong data-start=\"2007\" data-end=\"2025\">\u00e9motion sucr\u00e9e<\/strong> \u00e0 partager. Pleincoeur souhaite raviver ces instants de transmission, o\u00f9 la cuisine devient un lieu de lien, de m\u00e9moire et de cr\u00e9ativit\u00e9. Le moule Rond 710 est ainsi bien plus qu\u2019un simple ustensile : c\u2019est <strong data-start=\"2233\" data-end=\"2286\">un vecteur de souvenirs et de passions gourmandes<\/strong>.<\/p>","protected":false},"excerpt":{"rendered":"<p><strong data-start=\"114\" data-end=\"137\">Pleincoeur Rond 710<\/strong> \u2013 Moule en silicone \u2300140 mm, 710 ml. Sans BPA, passe au four, cong\u00e9lateur, micro-ondes et lave-vaisselle. Fabriqu\u00e9 en Italie par Silikomart. Id\u00e9al pour entremets gourmands.<\/p>","protected":false},"featured_media":16510,"comment_status":"open","ping_status":"closed","template":"","meta":{"_jet_sm_ready_style":"","_jet_sm_style":"","_jet_sm_controls_values":"","_jet_sm_fonts_collection":"","_jet_sm_fonts_links":"","_joinchat":[]},"product_brand":[],"product_cat":[22,182],"product_tag":[],"class_list":{"0":"post-16505","1":"product","2":"type-product","3":"status-publish","4":"has-post-thumbnail","6":"product_cat-gateaux","7":"product_cat-nouveautes","9":"first","10":"instock","11":"taxable","12":"shipping-taxable","13":"purchasable","14":"product-type-simple"},"yoast_head":"<!-- This site is optimized with the Yoast SEO plugin v27.0 - https:\/\/yoast.com\/product\/yoast-seo-wordpress\/ -->\n<title>MOULE PLEINC\u0152UR ROUND 710 - Chef Pastry<\/title>\n<meta name=\"description\" content=\"Moule silicone Pleincoeur Rond 710 ml \u2013 Id\u00e9al pour entremets. Sans BPA, compatible four, cong\u00e9lateur, micro-ondes. Fabriqu\u00e9 en Italie par Silikomart.\" \/>\n<meta name=\"robots\" content=\"index, follow, max-snippet:-1, max-image-preview:large, max-video-preview:-1\" \/>\n<link rel=\"canonical\" href=\"https:\/\/chefpastry.ch\/de\/produkt\/moule-silicone-pleincoeur-round-710\/\" \/>\n<meta property=\"og:locale\" content=\"de_DE\" \/>\n<meta property=\"og:type\" content=\"article\" \/>\n<meta property=\"og:title\" content=\"MOULE PLEINC\u0152UR ROUND 710 - Chef Pastry\" \/>\n<meta property=\"og:description\" content=\"Moule silicone Pleincoeur Rond 710 ml \u2013 Id\u00e9al pour entremets. Sans BPA, compatible four, cong\u00e9lateur, micro-ondes. Fabriqu\u00e9 en Italie par Silikomart.\" \/>\n<meta property=\"og:url\" content=\"https:\/\/chefpastry.ch\/de\/produkt\/moule-silicone-pleincoeur-round-710\/\" \/>\n<meta property=\"og:site_name\" content=\"Chef Pastry\" \/>\n<meta property=\"article:modified_time\" content=\"2025-05-21T14:45:13+00:00\" \/>\n<meta property=\"og:image\" content=\"https:\/\/chefpastry.ch\/wp-content\/uploads\/2025\/05\/Pleincoeur-round-710-5-scaled.webp\" \/>\n\t<meta property=\"og:image:width\" content=\"2560\" \/>\n\t<meta property=\"og:image:height\" content=\"2560\" \/>\n\t<meta property=\"og:image:type\" content=\"image\/webp\" \/>\n<meta name=\"twitter:card\" content=\"summary_large_image\" \/>\n<meta name=\"twitter:label1\" content=\"Preis\" \/>\n\t<meta name=\"twitter:data1\" content=\"&#067;&#072;&#070;&nbsp;23.00 TTC\" \/>\n\t<meta name=\"twitter:label2\" content=\"Verf\u00fcgbarkeit\" \/>\n\t<meta name=\"twitter:data2\" content=\"Auf Lager\" \/>\n<script type=\"application\/ld+json\" class=\"yoast-schema-graph\">{\"@context\":\"https:\/\/schema.org\",\"@graph\":[{\"@type\":\"WebPage\",\"@id\":\"https:\/\/chefpastry.ch\/produit\/moule-silicone-pleincoeur-round-710\/\",\"url\":\"https:\/\/chefpastry.ch\/produit\/moule-silicone-pleincoeur-round-710\/\",\"name\":\"MOULE PLEINC\u0152UR ROUND 710 - Chef Pastry\",\"isPartOf\":{\"@id\":\"https:\/\/chefpastry.ch\/#website\"},\"primaryImageOfPage\":{\"@id\":\"https:\/\/chefpastry.ch\/produit\/moule-silicone-pleincoeur-round-710\/#primaryimage\"},\"image\":{\"@id\":\"https:\/\/chefpastry.ch\/produit\/moule-silicone-pleincoeur-round-710\/#primaryimage\"},\"thumbnailUrl\":\"https:\/\/chefpastry.ch\/wp-content\/uploads\/2025\/05\/Pleincoeur-round-710-5-scaled.webp\",\"datePublished\":\"2025-05-21T14:45:12+00:00\",\"dateModified\":\"2025-05-21T14:45:13+00:00\",\"description\":\"Moule silicone Pleincoeur Rond 710 ml \u2013 Id\u00e9al pour entremets. Sans BPA, compatible four, cong\u00e9lateur, micro-ondes. Fabriqu\u00e9 en Italie par Silikomart.\",\"breadcrumb\":{\"@id\":\"https:\/\/chefpastry.ch\/produit\/moule-silicone-pleincoeur-round-710\/#breadcrumb\"},\"inLanguage\":\"de\",\"potentialAction\":[{\"@type\":\"ReadAction\",\"target\":[\"https:\/\/chefpastry.ch\/produit\/moule-silicone-pleincoeur-round-710\/\"]}]},{\"@type\":\"ImageObject\",\"inLanguage\":\"de\",\"@id\":\"https:\/\/chefpastry.ch\/produit\/moule-silicone-pleincoeur-round-710\/#primaryimage\",\"url\":\"https:\/\/chefpastry.ch\/wp-content\/uploads\/2025\/05\/Pleincoeur-round-710-5-scaled.webp\",\"contentUrl\":\"https:\/\/chefpastry.ch\/wp-content\/uploads\/2025\/05\/Pleincoeur-round-710-5-scaled.webp\",\"width\":2560,\"height\":2560,\"caption\":\"MOULE PLEINC\u0152UR ROND\"},{\"@type\":\"BreadcrumbList\",\"@id\":\"https:\/\/chefpastry.ch\/produit\/moule-silicone-pleincoeur-round-710\/#breadcrumb\",\"itemListElement\":[{\"@type\":\"ListItem\",\"position\":1,\"name\":\"Home\",\"item\":\"https:\/\/chefpastry.ch\/\"},{\"@type\":\"ListItem\",\"position\":2,\"name\":\"E-shop\",\"item\":\"https:\/\/chefpastry.ch\/e-shop\/\"},{\"@type\":\"ListItem\",\"position\":3,\"name\":\"MOULE PLEINC\u0152UR ROUND 710\"}]},{\"@type\":\"WebSite\",\"@id\":\"https:\/\/chefpastry.ch\/#website\",\"url\":\"https:\/\/chefpastry.ch\/\",\"name\":\"Chef Pastry\",\"description\":\"\",\"publisher\":{\"@id\":\"https:\/\/chefpastry.ch\/#organization\"},\"potentialAction\":[{\"@type\":\"SearchAction\",\"target\":{\"@type\":\"EntryPoint\",\"urlTemplate\":\"https:\/\/chefpastry.ch\/?s={search_term_string}\"},\"query-input\":{\"@type\":\"PropertyValueSpecification\",\"valueRequired\":true,\"valueName\":\"search_term_string\"}}],\"inLanguage\":\"de\"},{\"@type\":\"Organization\",\"@id\":\"https:\/\/chefpastry.ch\/#organization\",\"name\":\"Chef Pastry\",\"url\":\"https:\/\/chefpastry.ch\/\",\"logo\":{\"@type\":\"ImageObject\",\"inLanguage\":\"de\",\"@id\":\"https:\/\/chefpastry.ch\/#\/schema\/logo\/image\/\",\"url\":\"https:\/\/chefpastry.ch\/wp-content\/uploads\/2022\/07\/cropped-chef_pastry_logo_rgb-03.png\",\"contentUrl\":\"https:\/\/chefpastry.ch\/wp-content\/uploads\/2022\/07\/cropped-chef_pastry_logo_rgb-03.png\",\"width\":1545,\"height\":412,\"caption\":\"Chef Pastry\"},\"image\":{\"@id\":\"https:\/\/chefpastry.ch\/#\/schema\/logo\/image\/\"}}]}<\/script>\n<meta property=\"product:price:amount\" content=\"23.00\" \/>\n<meta property=\"product:price:currency\" content=\"CHF\" \/>\n<meta property=\"og:availability\" content=\"instock\" \/>\n<meta property=\"product:availability\" content=\"instock\" \/>\n<meta property=\"product:retailer_item_id\" content=\"30.488.87.0065\" \/>\n<meta property=\"product:condition\" content=\"new\" \/>\n<!-- \/ Yoast SEO plugin. -->","yoast_head_json":{"title":"MOULE PLEINC\u0152UR ROUND 710 - Chef Pastry","description":"Moule silicone Pleincoeur Rond 710 ml \u2013 Id\u00e9al pour entremets. Sans BPA, compatible four, cong\u00e9lateur, micro-ondes. Fabriqu\u00e9 en Italie par Silikomart.","robots":{"index":"index","follow":"follow","max-snippet":"max-snippet:-1","max-image-preview":"max-image-preview:large","max-video-preview":"max-video-preview:-1"},"canonical":"https:\/\/chefpastry.ch\/de\/produkt\/moule-silicone-pleincoeur-round-710\/","og_locale":"de_DE","og_type":"article","og_title":"MOULE PLEINC\u0152UR ROUND 710 - Chef Pastry","og_description":"Moule silicone Pleincoeur Rond 710 ml \u2013 Id\u00e9al pour entremets. Sans BPA, compatible four, cong\u00e9lateur, micro-ondes. Fabriqu\u00e9 en Italie par Silikomart.","og_url":"https:\/\/chefpastry.ch\/de\/produkt\/moule-silicone-pleincoeur-round-710\/","og_site_name":"Chef Pastry","article_modified_time":"2025-05-21T14:45:13+00:00","og_image":[{"width":2560,"height":2560,"url":"https:\/\/chefpastry.ch\/wp-content\/uploads\/2025\/05\/Pleincoeur-round-710-5-scaled.webp","type":"image\/webp"}],"twitter_card":"summary_large_image","twitter_misc":{"Preis":"&#67;&#72;&#70;&nbsp;23.00 TTC","Verf\u00fcgbarkeit":"Auf Lager"},"schema":{"@context":"https:\/\/schema.org","@graph":[{"@type":"WebPage","@id":"https:\/\/chefpastry.ch\/produit\/moule-silicone-pleincoeur-round-710\/","url":"https:\/\/chefpastry.ch\/produit\/moule-silicone-pleincoeur-round-710\/","name":"MOULE PLEINC\u0152UR ROUND 710 - Chef Pastry","isPartOf":{"@id":"https:\/\/chefpastry.ch\/#website"},"primaryImageOfPage":{"@id":"https:\/\/chefpastry.ch\/produit\/moule-silicone-pleincoeur-round-710\/#primaryimage"},"image":{"@id":"https:\/\/chefpastry.ch\/produit\/moule-silicone-pleincoeur-round-710\/#primaryimage"},"thumbnailUrl":"https:\/\/chefpastry.ch\/wp-content\/uploads\/2025\/05\/Pleincoeur-round-710-5-scaled.webp","datePublished":"2025-05-21T14:45:12+00:00","dateModified":"2025-05-21T14:45:13+00:00","description":"Moule silicone Pleincoeur Rond 710 ml \u2013 Id\u00e9al pour entremets. Sans BPA, compatible four, cong\u00e9lateur, micro-ondes. Fabriqu\u00e9 en Italie par Silikomart.","breadcrumb":{"@id":"https:\/\/chefpastry.ch\/produit\/moule-silicone-pleincoeur-round-710\/#breadcrumb"},"inLanguage":"de","potentialAction":[{"@type":"ReadAction","target":["https:\/\/chefpastry.ch\/produit\/moule-silicone-pleincoeur-round-710\/"]}]},{"@type":"ImageObject","inLanguage":"de","@id":"https:\/\/chefpastry.ch\/produit\/moule-silicone-pleincoeur-round-710\/#primaryimage","url":"https:\/\/chefpastry.ch\/wp-content\/uploads\/2025\/05\/Pleincoeur-round-710-5-scaled.webp","contentUrl":"https:\/\/chefpastry.ch\/wp-content\/uploads\/2025\/05\/Pleincoeur-round-710-5-scaled.webp","width":2560,"height":2560,"caption":"MOULE PLEINC\u0152UR ROND"},{"@type":"BreadcrumbList","@id":"https:\/\/chefpastry.ch\/produit\/moule-silicone-pleincoeur-round-710\/#breadcrumb","itemListElement":[{"@type":"ListItem","position":1,"name":"Home","item":"https:\/\/chefpastry.ch\/"},{"@type":"ListItem","position":2,"name":"E-shop","item":"https:\/\/chefpastry.ch\/e-shop\/"},{"@type":"ListItem","position":3,"name":"MOULE PLEINC\u0152UR ROUND 710"}]},{"@type":"WebSite","@id":"https:\/\/chefpastry.ch\/#website","url":"https:\/\/chefpastry.ch\/","name":"Chef Pastry","description":"","publisher":{"@id":"https:\/\/chefpastry.ch\/#organization"},"potentialAction":[{"@type":"SearchAction","target":{"@type":"EntryPoint","urlTemplate":"https:\/\/chefpastry.ch\/?s={search_term_string}"},"query-input":{"@type":"PropertyValueSpecification","valueRequired":true,"valueName":"search_term_string"}}],"inLanguage":"de"},{"@type":"Organization","@id":"https:\/\/chefpastry.ch\/#organization","name":"Chef Pastry","url":"https:\/\/chefpastry.ch\/","logo":{"@type":"ImageObject","inLanguage":"de","@id":"https:\/\/chefpastry.ch\/#\/schema\/logo\/image\/","url":"https:\/\/chefpastry.ch\/wp-content\/uploads\/2022\/07\/cropped-chef_pastry_logo_rgb-03.png","contentUrl":"https:\/\/chefpastry.ch\/wp-content\/uploads\/2022\/07\/cropped-chef_pastry_logo_rgb-03.png","width":1545,"height":412,"caption":"Chef Pastry"},"image":{"@id":"https:\/\/chefpastry.ch\/#\/schema\/logo\/image\/"}}]},"product_price_amount":"23.00","product_price_currency":"CHF","og_availability":"instock","product_availability":"instock","product_retailer_item_id":"30.488.87.0065","product_condition":"new"},"_links":{"self":[{"href":"https:\/\/chefpastry.ch\/de\/wp-json\/wp\/v2\/product\/16505","targetHints":{"allow":["GET"]}}],"collection":[{"href":"https:\/\/chefpastry.ch\/de\/wp-json\/wp\/v2\/product"}],"about":[{"href":"https:\/\/chefpastry.ch\/de\/wp-json\/wp\/v2\/types\/product"}],"replies":[{"embeddable":true,"href":"https:\/\/chefpastry.ch\/de\/wp-json\/wp\/v2\/comments?post=16505"}],"version-history":[{"count":1,"href":"https:\/\/chefpastry.ch\/de\/wp-json\/wp\/v2\/product\/16505\/revisions"}],"predecessor-version":[{"id":16511,"href":"https:\/\/chefpastry.ch\/de\/wp-json\/wp\/v2\/product\/16505\/revisions\/16511"}],"wp:featuredmedia":[{"embeddable":true,"href":"https:\/\/chefpastry.ch\/de\/wp-json\/wp\/v2\/media\/16510"}],"wp:attachment":[{"href":"https:\/\/chefpastry.ch\/de\/wp-json\/wp\/v2\/media?parent=16505"}],"wp:term":[{"taxonomy":"product_brand","embeddable":true,"href":"https:\/\/chefpastry.ch\/de\/wp-json\/wp\/v2\/product_brand?post=16505"},{"taxonomy":"product_cat","embeddable":true,"href":"https:\/\/chefpastry.ch\/de\/wp-json\/wp\/v2\/product_cat?post=16505"},{"taxonomy":"product_tag","embeddable":true,"href":"https:\/\/chefpastry.ch\/de\/wp-json\/wp\/v2\/product_tag?post=16505"}],"curies":[{"name":"wp","href":"https:\/\/api.w.org\/{rel}","templated":true}]}}